{"id":21263,"date":"2022-05-01T20:36:45","date_gmt":"2022-05-01T20:36:45","guid":{"rendered":"https:\/\/idecesos.com\/seguros\/companias\/mgs\/caceres\/"},"modified":"2022-05-01T20:36:45","modified_gmt":"2022-05-01T20:36:45","slug":"caceres","status":"publish","type":"page","link":"https:\/\/idecesos.com\/seguros\/companias\/mgs\/caceres\/","title":{"rendered":"Oficinas seguros de decesos MGS en C\u00e1ceres"},"content":{"rendered":"<div id=\"ez-toc-container\" class=\"ez-toc-v2_0_82_2 ez-toc-wrap-center counter-hierarchy ez-toc-counter ez-toc-custom ez-toc-container-direction\">\n<div class=\"ez-toc-title-container\">\n<p class=\"ez-toc-title\" style=\"cursor:inherit\">Tabla de Contenido<\/p>\n<span class=\"ez-toc-title-toggle\"><a href=\"#\" class=\"ez-toc-pull-right ez-toc-btn ez-toc-btn-xs ez-toc-btn-default ez-toc-toggle\" aria-label=\"Alternar tabla de contenidos\"><span class=\"ez-toc-js-icon-con\"><span class=\"\"><span class=\"eztoc-hide\" style=\"display:none;\">Toggle<\/span><span class=\"ez-toc-icon-toggle-span\"><svg style=\"fill: #db6415;color:#db6415\" xmlns=\"http:\/\/www.w3.org\/2000\/svg\" class=\"list-377408\" width=\"20px\" height=\"20px\" viewBox=\"0 0 24 24\" fill=\"none\"><path d=\"M6 6H4v2h2V6zm14 0H8v2h12V6zM4 11h2v2H4v-2zm16 0H8v2h12v-2zM4 16h2v2H4v-2zm16 0H8v2h12v-2z\" fill=\"currentColor\"><\/path><\/svg><svg style=\"fill: #db6415;color:#db6415\" class=\"arrow-unsorted-368013\" xmlns=\"http:\/\/www.w3.org\/2000\/svg\" width=\"10px\" height=\"10px\" viewBox=\"0 0 24 24\" version=\"1.2\" baseProfile=\"tiny\"><path d=\"M18.2 9.3l-6.2-6.3-6.2 6.3c-.2.2-.3.4-.3.7s.1.5.3.7c.2.2.4.3.7.3h11c.3 0 .5-.1.7-.3.2-.2.3-.5.3-.7s-.1-.5-.3-.7zM5.8 14.7l6.2 6.3 6.2-6.3c.2-.2.3-.5.3-.7s-.1-.5-.3-.7c-.2-.2-.4-.3-.7-.3h-11c-.3 0-.5.1-.7.3-.2.2-.3.5-.3.7s.1.5.3.7z\"\/><\/svg><\/span><\/span><\/span><\/a><\/span><\/div>\n<nav><ul class='ez-toc-list ez-toc-list-level-1 ' ><li class='ez-toc-page-1 ez-toc-heading-level-2'><a class=\"ez-toc-link ez-toc-heading-1\" href=\"https:\/\/idecesos.com\/seguros\/companias\/mgs\/caceres\/#Seguro_de_decesos_MGS_en_Caceres\" >Seguro de decesos MGS en C\u00e1ceres<\/a><\/li><li class='ez-toc-page-1 ez-toc-heading-level-2'><a class=\"ez-toc-link ez-toc-heading-2\" href=\"https:\/\/idecesos.com\/seguros\/companias\/mgs\/caceres\/#Mapa_de_agencias_de_seguros_MGS_en_Caceres\" >Mapa de agencias de seguros MGS en C\u00e1ceres<\/a><\/li><li class='ez-toc-page-1 ez-toc-heading-level-2'><a class=\"ez-toc-link ez-toc-heading-3\" href=\"https:\/\/idecesos.com\/seguros\/companias\/mgs\/caceres\/#Listado_de_agencias_MGS_en_Caceres\" >Listado de agencias MGS en C\u00e1ceres<\/a><\/li><li class='ez-toc-page-1 ez-toc-heading-level-2'><a class=\"ez-toc-link ez-toc-heading-4\" href=\"https:\/\/idecesos.com\/seguros\/companias\/mgs\/caceres\/#Sucursales_de_seguros_de_decesos_en_Caceres\" >Sucursales de seguros de decesos en C\u00e1ceres<\/a><ul class='ez-toc-list-level-3' ><li class='ez-toc-heading-level-3'><a class=\"ez-toc-link ez-toc-heading-5\" href=\"https:\/\/idecesos.com\/seguros\/companias\/mgs\/caceres\/#Listado_de_oficinas_MGS_en_Espana\" >Listado de oficinas MGS en Espa\u00f1a<\/a><\/li><li class='ez-toc-page-1 ez-toc-heading-level-3'><a class=\"ez-toc-link ez-toc-heading-6\" href=\"https:\/\/idecesos.com\/seguros\/companias\/mgs\/caceres\/#Paginas_relacionadas\" >P\u00e1ginas relacionadas<\/a><\/li><\/ul><\/li><\/ul><\/nav><\/div>\n<p><br \/>\n<a href=\"https:\/\/idecesos.com\/seguros\/companias\/mgs\/\"><img decoding=\"async\" class=\" alignleft\" src=\"https:\/\/idecesos.com\/seguros\/wp-content\/uploads\/2021\/10\/Diseno-sin-titulo-59-150x150.png\" alt=\"Seguro de decesos MGS\" \/><\/a>Para una mejor atenci\u00f3n donde resuelvan sus necesidades o dudas al respect\u00f3, es importante contar con un personal cualificado en el campo, a sabiendas de que lo tiene en C\u00e1ceres con una enorme variedad de oficinas de MGS y con un horario flexible. Siempre y en todo momento adapt\u00e1ndose a ti. Atendiendo a tus carencias para la gesti\u00f3n del mismo, asimismo cuentas que al estar en una oficina es m\u00e1s eficaz que a la distancia. Resulta que es preciso poder contar con una oficina f\u00edsica de aseguradoras de decesos. <\/p>\n<p>\u00bfHas pensando alguna vez las que dispones a tu alrededor?Te resultara tan c\u00f3modo o bien eficiente saber exactamente en qu\u00e9 sitio se encuentran las distintas oficinas de cada MGS. Siendo uno de los motivos que nos solventaran cualquier problema que pueda surgir. Filtra inmediatamente y conoce las distintas sucursales de MGS en todos y cada C\u00e1ceres con las necesidades que requieres. te dan en todo momento garant\u00eda para la gesti\u00f3n de tu oficina m\u00e1s pr\u00f3xima, d\u00e1ndote la seguridad que necesites. <\/p>\n<p>Visita nuestra p\u00e1gina de <a href=\"https:\/\/idecesos.com\/seguros\/companias\/mgs\/\">seguros de decesos MGS<\/a> para m\u00e1s informaci\u00f3n.<\/p>\n<div class=\"colorf \"  ><div class=\"container clearfix\"><div class=\"col-md-7\">\n<h2><span class=\"ez-toc-section\" id=\"Seguro_de_decesos_MGS_en_Caceres\"><\/span>Seguro de decesos MGS en C\u00e1ceres<span class=\"ez-toc-section-end\"><\/span><\/h2>\n<p>Siendo una de las lideres en el mercado como empresa de seguros de decesos, pondremos a tu disposici\u00f3n oficinas de MGS en C\u00e1ceres te resultara tan f\u00e1cil que podr\u00e1s conseguir tu presupuesto en el instante. Nos gusta regalar comodidad y tranquilidad, por esta raz\u00f3n te damos la ventaja de obtener de manera inmediata tu presupuesto de seguro, evit\u00e1ndote todos los inconvenientes. \u00bfC\u00f3mo ahorrar tiempo? Tan sencillo como obtener la informaci\u00f3n que precises en menos de un 1 minuto, a fin de que lo gestiones de una manera m\u00e1s sencilla. <\/p>\n<p><strong>Ver m\u00e1s:<\/strong> <a href=\"https:\/\/idecesos.com\/seguros\/ciudades\/caceres\/\">Seguros de decesos en C\u00e1ceres<\/a><\/p>\n<p>En C\u00e1ceres deseamos cubrirte como aseguradora lo mejor para ti y tu familia donde cuentes con servicio de \u00edndole, adaptado para ti en todo instante. Deseamos que cuentes en todo momento con el poder ayudarte con tus problemas, pudiendo de este modo solicitar tu cita previa en menos de 1 segundo. \u00bfSolucionar tus dudas de MGS es f\u00e1cil?. \u00bfTe cuesta lograr las respuestas? nosotros te la damos de forma inmediata y concreta. Gracias al formulario creado para ti vas a poder optar a tener tu cita o un presupuesto a tus medidas. Queremos que sea m\u00e1s simple, te obsequiamos la soluci\u00f3n al instante. <\/p>\n<p><\/div><\/div><\/div>\n\t\t<hr class=\"separador\">\n\t\t<div class=\"bloque-accion\">\n\t\t<p class=\"txt-accion\">Calcula el precio de tu seguro de decesos en menos de 1 minuto<\/p>\n\t\t<a class=\"btn-accion\" href=\"https:\/\/idecesos.com\/\">CALCULAR<\/a>\n\t\t<\/div>\n\t\t<hr class=\"separador\">\n\t\t<\/p>\n<h2><span class=\"ez-toc-section\" id=\"Mapa_de_agencias_de_seguros_MGS_en_Caceres\"><\/span>Mapa de agencias de seguros MGS en C\u00e1ceres<span class=\"ez-toc-section-end\"><\/span><\/h2>\n<p>Oficinas de mapa de MGS en C\u00e1ceres real\u00edzalo de manera f\u00e1cil y en tan solo menos de 1 minuto. Con ello aprendemos ahorrar nuestro tiempo y administrarlo de manera m\u00e1s eficaz en el momento de realizar la busca. Obteniendo d\u00e9 forma m\u00e1s polivalente posible. Cuentas con nuestro mejor aliado que es la fiabilidad como garant\u00eda dentro de tu busca. <\/p>\n<p><iframe class=\"page-generator-pro-map\" width=\"100%\" height=\"400\" frameborder=\"0\" style=\"border:0\" src=\"https:\/\/www.google.com\/maps\/embed\/v1\/place?q=C%C3%A1ceres%2C+Espa%C3%B1a&#038;zoom=14&#038;maptype=roadmap&#038;key=AIzaSyCNTEOso0tZG6YMSJFoaJEY5Th1stEWrJI\" allowfullscreen><\/iframe><\/p>\n<div class=\"colorf\"><div class=\"container clearfix\"><div class=\"col-md-7\"><div class=\"empresas\">\n<h2><span class=\"ez-toc-section\" id=\"Listado_de_agencias_MGS_en_Caceres\"><\/span>Listado de agencias MGS en C\u00e1ceres<span class=\"ez-toc-section-end\"><\/span><\/h2>\n<ul>\n<li><strong>Compa\u00f1\u00eda de seguros Espa\u00f1a:<\/strong> 10001<\/li>\n<\/ul>\n<\/div><\/div><\/div><\/div>\n<h2><span class=\"ez-toc-section\" id=\"Sucursales_de_seguros_de_decesos_en_Caceres\"><\/span>Sucursales de seguros de decesos en C\u00e1ceres<span class=\"ez-toc-section-end\"><\/span><\/h2>\n<p>Con este cat\u00e1logo podr\u00e1s observar las diferentes opciones alternativas de empresas aseguradoras de <strong>decesos que encontraras en C\u00e1ceres<\/strong> consiguiendo todos y cada uno de los datos precisos a tu necesidad. Llev\u00e1ndolo acabo de una manera m\u00e1s \u00fatil. Te resultara tan \u00fatil que no podr\u00e1s cre\u00e9rtelo, y lo funcional que resulta, donde ver\u00e1s toda la informaci\u00f3n valiosa al respecto. Teniendo una mente claro, descubres que lo tienes a tu disposici\u00f3n en cualquier instante que m\u00e1s lo debas usar. Asegur\u00e1ndote unos resultados de un cien por cien en tu busca y haci\u00e9ndolo m\u00e1s \u00fatilVas a tener en todo momento el conocimiento de las compa\u00f1\u00edas de seguros que se ubican en tu localizaci\u00f3n. <\/p>\n<div class=\"colorf\"><div class=\"container clearfix\"><div class=\"col-md-7\"><div class=\"empresas\">\n<h3><span class=\"ez-toc-section\" id=\"Listado_de_oficinas_MGS_en_Espana\"><\/span>Listado de oficinas MGS en Espa\u00f1a<span class=\"ez-toc-section-end\"><\/span><\/h3>\n<p><!-- Shortcode [mgs-oficinas] does not exist --><\/div><\/div><\/div><\/div><\/p>\n<p><div class=\"oficinas\"><br \/>\n<h3><span class=\"ez-toc-section\" id=\"Paginas_relacionadas\"><\/span>P\u00e1ginas relacionadas<span class=\"ez-toc-section-end\"><\/span><\/h3><div class=\"enlazado\"><ul> <li><a href=\"https:\/\/idecesos.com\/seguros\/companias\/mgs\/opiniones\/\">Opiniones MGS<\/a><\/li> <li><a href=\"https:\/\/idecesos.com\/seguros\/companias\/mgs\/precio\/\">Precio seguro MGS<\/a><\/li> <li><a href=\"https:\/\/idecesos.com\/seguros\/companias\/mgs\/prima-mixta\/\">MGS Prima Mixta<\/a><\/li> <li><a href=\"https:\/\/idecesos.com\/seguros\/companias\/mgs\/prima-natural\/\">MGS Prima Natural<\/a><\/li> <li><a href=\"https:\/\/idecesos.com\/seguros\/companias\/mgs\/prima-nivelada\/\">MGS Prima Nivelada<\/a><\/li> <li><a href=\"https:\/\/idecesos.com\/seguros\/companias\/mgs\/prima-unica\/\">MGS Prima \u00danica<\/a><\/li> <li><a href=\"https:\/\/idecesos.com\/seguros\/companias\/mgs\/repatriacion\/\">MGS Repatriaci\u00f3n<\/a><\/li> <li><a href=\"https:\/\/idecesos.com\/seguros\/companias\/mgs\/telefono\/\">Tel\u00e9fono Gratuito MGS<\/a><\/li><\/ul><\/div><br \/>\n<\/div><\/p>\n","protected":false},"excerpt":{"rendered":"<p>Para una mejor atenci\u00f3n donde resuelvan sus necesidades o dudas al respect\u00f3, es importante contar con un personal cualificado en el campo, a sabiendas de que lo tiene en C\u00e1ceres con una enorme variedad de oficinas de MGS y con un horario flexible. Siempre y en todo momento adapt\u00e1ndose a ti. Atendiendo a tus carencias&hellip; <\/p>\n","protected":false},"author":0,"featured_media":0,"parent":9480,"menu_order":0,"comment_status":"closed","ping_status":"closed","template":"single.php","meta":{"footnotes":""},"class_list":["post-21263","page","type-page","status-publish","hentry"],"yoast_head":"<!-- This site is optimized with the Yoast SEO plugin v27.3 - https:\/\/yoast.com\/product\/yoast-seo-wordpress\/ -->\n<title>Oficinas MGS en C\u00e1ceres \u25b7Tel\u00e9fonos, Horarios, Direcci\u00f3n<\/title>\n<meta name=\"description\" content=\"Lista completa de Oficinas MGS en C\u00e1ceres Horarios, \u2706 tel\u00e9fonos y direcciones actualizados en 2026 \u2611\ufe0f Verificado por iDecesos.\" \/>\n<meta name=\"robots\" content=\"index, follow, max-snippet:-1, max-image-preview:large, max-video-preview:-1\" \/>\n<link rel=\"canonical\" href=\"https:\/\/idecesos.com\/seguros\/companias\/mgs\/caceres\/\" \/>\n<meta property=\"og:locale\" content=\"es_ES\" \/>\n<meta property=\"og:type\" content=\"article\" \/>\n<meta property=\"og:title\" content=\"Oficinas MGS en C\u00e1ceres \u25b7Tel\u00e9fonos, Horarios, Direcci\u00f3n\" \/>\n<meta property=\"og:description\" content=\"Lista completa de Oficinas MGS en C\u00e1ceres Horarios, \u2706 tel\u00e9fonos y direcciones actualizados en 2026 \u2611\ufe0f Verificado por iDecesos.\" \/>\n<meta property=\"og:url\" content=\"https:\/\/idecesos.com\/seguros\/companias\/mgs\/caceres\/\" \/>\n<meta property=\"og:image\" content=\"https:\/\/idecesos.com\/seguros\/wp-content\/uploads\/2021\/10\/Diseno-sin-titulo-59-150x150.png\" \/>\n<meta name=\"twitter:card\" content=\"summary_large_image\" \/>\n<meta name=\"twitter:label1\" content=\"Tiempo de lectura\" \/>\n\t<meta name=\"twitter:data1\" content=\"39 minutos\" \/>\n<script type=\"application\/ld+json\" class=\"yoast-schema-graph\">{\"@context\":\"https:\\\/\\\/schema.org\",\"@graph\":[{\"@type\":\"WebPage\",\"@id\":\"https:\\\/\\\/idecesos.com\\\/seguros\\\/companias\\\/mgs\\\/caceres\\\/\",\"url\":\"https:\\\/\\\/idecesos.com\\\/seguros\\\/companias\\\/mgs\\\/caceres\\\/\",\"name\":\"Oficinas MGS en C\u00e1ceres \u25b7Tel\u00e9fonos, Horarios, Direcci\u00f3n\",\"isPartOf\":{\"@id\":\"https:\\\/\\\/idecesos.com\\\/seguros\\\/#website\"},\"primaryImageOfPage\":{\"@id\":\"https:\\\/\\\/idecesos.com\\\/seguros\\\/companias\\\/mgs\\\/caceres\\\/#primaryimage\"},\"image\":{\"@id\":\"https:\\\/\\\/idecesos.com\\\/seguros\\\/companias\\\/mgs\\\/caceres\\\/#primaryimage\"},\"thumbnailUrl\":\"https:\\\/\\\/idecesos.com\\\/seguros\\\/wp-content\\\/uploads\\\/2021\\\/10\\\/Diseno-sin-titulo-59-150x150.png\",\"datePublished\":\"2022-05-01T20:36:45+00:00\",\"description\":\"Lista completa de Oficinas MGS en C\u00e1ceres Horarios, \u2706 tel\u00e9fonos y direcciones actualizados en 2026 \u2611\ufe0f Verificado por iDecesos.\",\"breadcrumb\":{\"@id\":\"https:\\\/\\\/idecesos.com\\\/seguros\\\/companias\\\/mgs\\\/caceres\\\/#breadcrumb\"},\"inLanguage\":\"es\",\"potentialAction\":[{\"@type\":\"ReadAction\",\"target\":[\"https:\\\/\\\/idecesos.com\\\/seguros\\\/companias\\\/mgs\\\/caceres\\\/\"]}]},{\"@type\":\"ImageObject\",\"inLanguage\":\"es\",\"@id\":\"https:\\\/\\\/idecesos.com\\\/seguros\\\/companias\\\/mgs\\\/caceres\\\/#primaryimage\",\"url\":\"https:\\\/\\\/idecesos.com\\\/seguros\\\/wp-content\\\/uploads\\\/2021\\\/10\\\/Diseno-sin-titulo-59.png\",\"contentUrl\":\"https:\\\/\\\/idecesos.com\\\/seguros\\\/wp-content\\\/uploads\\\/2021\\\/10\\\/Diseno-sin-titulo-59.png\",\"width\":200,\"height\":200},{\"@type\":\"BreadcrumbList\",\"@id\":\"https:\\\/\\\/idecesos.com\\\/seguros\\\/companias\\\/mgs\\\/caceres\\\/#breadcrumb\",\"itemListElement\":[{\"@type\":\"ListItem\",\"position\":1,\"name\":\"Portada\",\"item\":\"https:\\\/\\\/idecesos.com\\\/seguros\\\/\"},{\"@type\":\"ListItem\",\"position\":2,\"name\":\"Compa\u00f1\u00edas de Seguros de Decesos en Espa\u00f1a\",\"item\":\"https:\\\/\\\/idecesos.com\\\/seguros\\\/companias\\\/\"},{\"@type\":\"ListItem\",\"position\":3,\"name\":\"Seguros de decesos MGS\",\"item\":\"https:\\\/\\\/idecesos.com\\\/seguros\\\/companias\\\/mgs\\\/\"},{\"@type\":\"ListItem\",\"position\":4,\"name\":\"Oficinas seguros de decesos MGS en C\u00e1ceres\"}]},{\"@type\":\"WebSite\",\"@id\":\"https:\\\/\\\/idecesos.com\\\/seguros\\\/#website\",\"url\":\"https:\\\/\\\/idecesos.com\\\/seguros\\\/\",\"name\":\"\",\"description\":\"\",\"potentialAction\":[{\"@type\":\"SearchAction\",\"target\":{\"@type\":\"EntryPoint\",\"urlTemplate\":\"https:\\\/\\\/idecesos.com\\\/seguros\\\/?s={search_term_string}\"},\"query-input\":{\"@type\":\"PropertyValueSpecification\",\"valueRequired\":true,\"valueName\":\"search_term_string\"}}],\"inLanguage\":\"es\"}]}<\/script>\n<!-- \/ Yoast SEO plugin. -->","yoast_head_json":{"title":"Oficinas MGS en C\u00e1ceres \u25b7Tel\u00e9fonos, Horarios, Direcci\u00f3n","description":"Lista completa de Oficinas MGS en C\u00e1ceres Horarios, \u2706 tel\u00e9fonos y direcciones actualizados en 2026 \u2611\ufe0f Verificado por iDecesos.","robots":{"index":"index","follow":"follow","max-snippet":"max-snippet:-1","max-image-preview":"max-image-preview:large","max-video-preview":"max-video-preview:-1"},"canonical":"https:\/\/idecesos.com\/seguros\/companias\/mgs\/caceres\/","og_locale":"es_ES","og_type":"article","og_title":"Oficinas MGS en C\u00e1ceres \u25b7Tel\u00e9fonos, Horarios, Direcci\u00f3n","og_description":"Lista completa de Oficinas MGS en C\u00e1ceres Horarios, \u2706 tel\u00e9fonos y direcciones actualizados en 2026 \u2611\ufe0f Verificado por iDecesos.","og_url":"https:\/\/idecesos.com\/seguros\/companias\/mgs\/caceres\/","og_image":[{"url":"https:\/\/idecesos.com\/seguros\/wp-content\/uploads\/2021\/10\/Diseno-sin-titulo-59-150x150.png","type":"","width":"","height":""}],"twitter_card":"summary_large_image","twitter_misc":{"Tiempo de lectura":"39 minutos"},"schema":{"@context":"https:\/\/schema.org","@graph":[{"@type":"WebPage","@id":"https:\/\/idecesos.com\/seguros\/companias\/mgs\/caceres\/","url":"https:\/\/idecesos.com\/seguros\/companias\/mgs\/caceres\/","name":"Oficinas MGS en C\u00e1ceres \u25b7Tel\u00e9fonos, Horarios, Direcci\u00f3n","isPartOf":{"@id":"https:\/\/idecesos.com\/seguros\/#website"},"primaryImageOfPage":{"@id":"https:\/\/idecesos.com\/seguros\/companias\/mgs\/caceres\/#primaryimage"},"image":{"@id":"https:\/\/idecesos.com\/seguros\/companias\/mgs\/caceres\/#primaryimage"},"thumbnailUrl":"https:\/\/idecesos.com\/seguros\/wp-content\/uploads\/2021\/10\/Diseno-sin-titulo-59-150x150.png","datePublished":"2022-05-01T20:36:45+00:00","description":"Lista completa de Oficinas MGS en C\u00e1ceres Horarios, \u2706 tel\u00e9fonos y direcciones actualizados en 2026 \u2611\ufe0f Verificado por iDecesos.","breadcrumb":{"@id":"https:\/\/idecesos.com\/seguros\/companias\/mgs\/caceres\/#breadcrumb"},"inLanguage":"es","potentialAction":[{"@type":"ReadAction","target":["https:\/\/idecesos.com\/seguros\/companias\/mgs\/caceres\/"]}]},{"@type":"ImageObject","inLanguage":"es","@id":"https:\/\/idecesos.com\/seguros\/companias\/mgs\/caceres\/#primaryimage","url":"https:\/\/idecesos.com\/seguros\/wp-content\/uploads\/2021\/10\/Diseno-sin-titulo-59.png","contentUrl":"https:\/\/idecesos.com\/seguros\/wp-content\/uploads\/2021\/10\/Diseno-sin-titulo-59.png","width":200,"height":200},{"@type":"BreadcrumbList","@id":"https:\/\/idecesos.com\/seguros\/companias\/mgs\/caceres\/#breadcrumb","itemListElement":[{"@type":"ListItem","position":1,"name":"Portada","item":"https:\/\/idecesos.com\/seguros\/"},{"@type":"ListItem","position":2,"name":"Compa\u00f1\u00edas de Seguros de Decesos en Espa\u00f1a","item":"https:\/\/idecesos.com\/seguros\/companias\/"},{"@type":"ListItem","position":3,"name":"Seguros de decesos MGS","item":"https:\/\/idecesos.com\/seguros\/companias\/mgs\/"},{"@type":"ListItem","position":4,"name":"Oficinas seguros de decesos MGS en C\u00e1ceres"}]},{"@type":"WebSite","@id":"https:\/\/idecesos.com\/seguros\/#website","url":"https:\/\/idecesos.com\/seguros\/","name":"","description":"","potentialAction":[{"@type":"SearchAction","target":{"@type":"EntryPoint","urlTemplate":"https:\/\/idecesos.com\/seguros\/?s={search_term_string}"},"query-input":{"@type":"PropertyValueSpecification","valueRequired":true,"valueName":"search_term_string"}}],"inLanguage":"es"}]}},"_links":{"self":[{"href":"https:\/\/idecesos.com\/seguros\/wp-json\/wp\/v2\/pages\/21263","targetHints":{"allow":["GET"]}}],"collection":[{"href":"https:\/\/idecesos.com\/seguros\/wp-json\/wp\/v2\/pages"}],"about":[{"href":"https:\/\/idecesos.com\/seguros\/wp-json\/wp\/v2\/types\/page"}],"replies":[{"embeddable":true,"href":"https:\/\/idecesos.com\/seguros\/wp-json\/wp\/v2\/comments?post=21263"}],"version-history":[{"count":0,"href":"https:\/\/idecesos.com\/seguros\/wp-json\/wp\/v2\/pages\/21263\/revisions"}],"up":[{"embeddable":true,"href":"https:\/\/idecesos.com\/seguros\/wp-json\/wp\/v2\/pages\/9480"}],"wp:attachment":[{"href":"https:\/\/idecesos.com\/seguros\/wp-json\/wp\/v2\/media?parent=21263"}],"curies":[{"name":"wp","href":"https:\/\/api.w.org\/{rel}","templated":true}]}}