{"id":21278,"date":"2022-05-01T20:36:54","date_gmt":"2022-05-01T20:36:54","guid":{"rendered":"https:\/\/idecesos.com\/seguros\/companias\/mgs\/las-palmas\/"},"modified":"2022-05-01T20:36:54","modified_gmt":"2022-05-01T20:36:54","slug":"las-palmas","status":"publish","type":"page","link":"https:\/\/idecesos.com\/seguros\/companias\/mgs\/las-palmas\/","title":{"rendered":"Oficinas seguros de decesos MGS en Las palmas"},"content":{"rendered":"<div id=\"ez-toc-container\" class=\"ez-toc-v2_0_82_2 ez-toc-wrap-center counter-hierarchy ez-toc-counter ez-toc-custom ez-toc-container-direction\">\n<div class=\"ez-toc-title-container\">\n<p class=\"ez-toc-title\" style=\"cursor:inherit\">Tabla de Contenido<\/p>\n<span class=\"ez-toc-title-toggle\"><a href=\"#\" class=\"ez-toc-pull-right ez-toc-btn ez-toc-btn-xs ez-toc-btn-default ez-toc-toggle\" aria-label=\"Alternar tabla de contenidos\"><span class=\"ez-toc-js-icon-con\"><span class=\"\"><span class=\"eztoc-hide\" style=\"display:none;\">Toggle<\/span><span class=\"ez-toc-icon-toggle-span\"><svg style=\"fill: #db6415;color:#db6415\" xmlns=\"http:\/\/www.w3.org\/2000\/svg\" class=\"list-377408\" width=\"20px\" height=\"20px\" viewBox=\"0 0 24 24\" fill=\"none\"><path d=\"M6 6H4v2h2V6zm14 0H8v2h12V6zM4 11h2v2H4v-2zm16 0H8v2h12v-2zM4 16h2v2H4v-2zm16 0H8v2h12v-2z\" fill=\"currentColor\"><\/path><\/svg><svg style=\"fill: #db6415;color:#db6415\" class=\"arrow-unsorted-368013\" xmlns=\"http:\/\/www.w3.org\/2000\/svg\" width=\"10px\" height=\"10px\" viewBox=\"0 0 24 24\" version=\"1.2\" baseProfile=\"tiny\"><path d=\"M18.2 9.3l-6.2-6.3-6.2 6.3c-.2.2-.3.4-.3.7s.1.5.3.7c.2.2.4.3.7.3h11c.3 0 .5-.1.7-.3.2-.2.3-.5.3-.7s-.1-.5-.3-.7zM5.8 14.7l6.2 6.3 6.2-6.3c.2-.2.3-.5.3-.7s-.1-.5-.3-.7c-.2-.2-.4-.3-.7-.3h-11c-.3 0-.5.1-.7.3-.2.2-.3.5-.3.7s.1.5.3.7z\"\/><\/svg><\/span><\/span><\/span><\/a><\/span><\/div>\n<nav><ul class='ez-toc-list ez-toc-list-level-1 ' ><li class='ez-toc-page-1 ez-toc-heading-level-2'><a class=\"ez-toc-link ez-toc-heading-1\" href=\"https:\/\/idecesos.com\/seguros\/companias\/mgs\/las-palmas\/#Seguro_de_decesos_MGS_en_Las_palmas\" >Seguro de decesos MGS en Las palmas<\/a><\/li><li class='ez-toc-page-1 ez-toc-heading-level-2'><a class=\"ez-toc-link ez-toc-heading-2\" href=\"https:\/\/idecesos.com\/seguros\/companias\/mgs\/las-palmas\/#Mapa_de_sucursales_de_seguros_MGS_en_Las_palmas\" >Mapa de sucursales de seguros MGS en Las palmas<\/a><\/li><li class='ez-toc-page-1 ez-toc-heading-level-2'><a class=\"ez-toc-link ez-toc-heading-3\" href=\"https:\/\/idecesos.com\/seguros\/companias\/mgs\/las-palmas\/#Listado_de_oficinas_MGS_en_Las_palmas\" >Listado de oficinas MGS en Las palmas<\/a><\/li><li class='ez-toc-page-1 ez-toc-heading-level-2'><a class=\"ez-toc-link ez-toc-heading-4\" href=\"https:\/\/idecesos.com\/seguros\/companias\/mgs\/las-palmas\/#Oficinas_de_seguros_de_decesos_en_Las_palmas\" >Oficinas de seguros de decesos en Las palmas<\/a><ul class='ez-toc-list-level-3' ><li class='ez-toc-heading-level-3'><a class=\"ez-toc-link ez-toc-heading-5\" href=\"https:\/\/idecesos.com\/seguros\/companias\/mgs\/las-palmas\/#Listado_de_oficinas_MGS_en_Espana\" >Listado de oficinas MGS en Espa\u00f1a<\/a><\/li><li class='ez-toc-page-1 ez-toc-heading-level-3'><a class=\"ez-toc-link ez-toc-heading-6\" href=\"https:\/\/idecesos.com\/seguros\/companias\/mgs\/las-palmas\/#Paginas_relacionadas\" >P\u00e1ginas relacionadas<\/a><\/li><\/ul><\/li><\/ul><\/nav><\/div>\n<p><br \/>\n<a href=\"https:\/\/idecesos.com\/seguros\/companias\/mgs\/\"><img decoding=\"async\" class=\" alignleft\" src=\"https:\/\/idecesos.com\/seguros\/wp-content\/uploads\/2021\/10\/Diseno-sin-titulo-59-150x150.png\" alt=\"Seguro de decesos MGS\" \/><\/a>Existen diferentes <strong>oficinas de MGS en Las palmas<\/strong> ponemos a tu alcance la que mejor se adapte a las carencias que surjan o dudas de su p\u00f3liza contratada. Cada sucursal tiene un horario diferente en todos y cada temporada del a\u00f1o. Dentro de cada compa\u00f1\u00eda de seguros es esencial que cuente con una atenci\u00f3n de persona dedicada, y que administraci\u00f3n cualquier fallo cometido en diferentes circunstancias. <\/p>\n<p><strong>Oficinas de MGS en Las palmas<\/strong> es dif\u00edcil saber donde se halla ubicado cada uno de ellos, por eso te traemos en exclusiva los que puedes tener cerca de ti, para cuando m\u00e1s lo necesites, gestion\u00e1ndote los inconvenientes que que han podido surgir con tu seguro contratado. Requiriendo este servicio de manera m\u00e1s eficiente y oportuna, siendo pertinente en cualquier circunstancia, sobre el trascurso de la compa\u00f1\u00eda, podr\u00e1n administrar la parte dif\u00edcil sobre tu p\u00f3liza. <\/p>\n<p>Visita nuestra p\u00e1gina de <a href=\"https:\/\/idecesos.com\/seguros\/companias\/mgs\/\">seguros de decesos MGS<\/a> para m\u00e1s informaci\u00f3n.<\/p>\n<div class=\"colorf \"  ><div class=\"container clearfix\"><div class=\"col-md-7\">\n<h2><span class=\"ez-toc-section\" id=\"Seguro_de_decesos_MGS_en_Las_palmas\"><\/span>Seguro de decesos MGS en Las palmas<span class=\"ez-toc-section-end\"><\/span><\/h2>\n<p>Te obsequiamos la informaci\u00f3n de poder conocer de d\u00f3nde dispones de cada oficina de <strong>MGS en Las palmas<\/strong> result\u00e1ndote m\u00e1s c\u00f3modo, lideramos las listas de empresas de seguros de decesos. Ahora es instante de poder lograr tu presupuesto de seguro con una manera inmediata, no dudes m\u00e1s y pon soluci\u00f3n a tus inconvenientes con las herramientas que te facilitamos. No requiere de muchos pasos, en menos de 1 minuto tendr\u00e1s toda la informaci\u00f3n necesaria y desglosada para que lo gestiones y lo eval\u00faes de una manera eficaz. <\/p>\n<p><strong>Ver m\u00e1s:<\/strong> <a href=\"https:\/\/idecesos.com\/seguros\/ciudades\/las-palmas\/\">Seguros de decesos en Las palmas<\/a><\/p>\n<p>Para esto, ahora te facilitamos un formulario para que puedas percibir toda la informaci\u00f3n precisa y oportuna, como pedir cita presencial para poder acudir a sus oficinas m\u00e1s <strong>pr\u00f3ximas de MGS en Las palmas<\/strong>. Eludiendo en todo instante conseguir informaci\u00f3n irrelevante al que haya pedido. El formulario esta desarrollado a fin de que tenga la informaci\u00f3n precisa y sin inconveniente en el momento de adquirir su cita anterior. Asegurando la seguridad de la gesti\u00f3n de sus datos. <\/p>\n<p><\/div><\/div><\/div>\n\t\t<hr class=\"separador\">\n\t\t<div class=\"bloque-accion\">\n\t\t<p class=\"txt-accion\">Calcula el precio de tu seguro de decesos en menos de 1 minuto<\/p>\n\t\t<a class=\"btn-accion\" href=\"https:\/\/idecesos.com\/\">CALCULAR<\/a>\n\t\t<\/div>\n\t\t<hr class=\"separador\">\n\t\t<\/p>\n<h2><span class=\"ez-toc-section\" id=\"Mapa_de_sucursales_de_seguros_MGS_en_Las_palmas\"><\/span>Mapa de sucursales de seguros MGS en Las palmas<span class=\"ez-toc-section-end\"><\/span><\/h2>\n<p>Te resultara c\u00f3modo conocer esta informaci\u00f3n que hemos generado para ti solamente donde veras un listado de oficinas de MGS en Las palmas que te aporta todos los datos precisos as\u00ed como el <strong>mapa por Las palmas<\/strong> de sucursales de MGS, haci\u00e9ndote simple el dato de donde se encuentran localizados. Siendo de las m\u00e1s segura, te da todos y cada uno de los datos precisos. <\/p>\n<p><iframe class=\"page-generator-pro-map\" width=\"100%\" height=\"400\" frameborder=\"0\" style=\"border:0\" src=\"https:\/\/www.google.com\/maps\/embed\/v1\/place?q=Las+Palmas+de+Gran+Canaria%2C+Espa%C3%B1a&#038;zoom=14&#038;maptype=roadmap&#038;key=AIzaSyCNTEOso0tZG6YMSJFoaJEY5Th1stEWrJI\" allowfullscreen><\/iframe><\/p>\n<div class=\"colorf\"><div class=\"container clearfix\"><div class=\"col-md-7\"><div class=\"empresas\">\n<h2><span class=\"ez-toc-section\" id=\"Listado_de_oficinas_MGS_en_Las_palmas\"><\/span>Listado de oficinas MGS en Las palmas<span class=\"ez-toc-section-end\"><\/span><\/h2>\n<ul>\n<li><strong>Compa\u00f1\u00eda de seguros Espa\u00f1a:<\/strong> 35003<\/li>\n<\/ul>\n<\/div><\/div><\/div><\/div>\n<h2><span class=\"ez-toc-section\" id=\"Oficinas_de_seguros_de_decesos_en_Las_palmas\"><\/span>Oficinas de seguros de decesos en Las palmas<span class=\"ez-toc-section-end\"><\/span><\/h2>\n<p>Con este cat\u00e1logo podr\u00e1s observar las distintas opciones alternativas de empresas de seguros de <strong>decesos que encontrases en Las palmas<\/strong> obteniendo todos y cada uno de los datos necesarios a tu necesidad. Llev\u00e1ndolo acabo de una forma m\u00e1s \u00fatil. Te resultara tan \u00fatil que no vas a poder cre\u00e9rtelo, y lo funcional que resulta, donde ver\u00e1s toda la informaci\u00f3n valiosa a este respecto. Teniendo una psique claro, descubres que lo tienes a tu predisposici\u00f3n en cualquier instante que m\u00e1s lo debas usar. Siempre y en todo momento pensando en hacerte la busca m\u00e1s simple. Podr\u00e1s conocer las distintas asegurados que se encuentren en tu misma cuidad. <\/p>\n<div class=\"colorf\"><div class=\"container clearfix\"><div class=\"col-md-7\"><div class=\"empresas\">\n<h3><span class=\"ez-toc-section\" id=\"Listado_de_oficinas_MGS_en_Espana\"><\/span>Listado de oficinas MGS en Espa\u00f1a<span class=\"ez-toc-section-end\"><\/span><\/h3>\n<p><!-- Shortcode [mgs-oficinas] does not exist --><\/div><\/div><\/div><\/div><\/p>\n<p><div class=\"oficinas\"><br \/>\n<h3><span class=\"ez-toc-section\" id=\"Paginas_relacionadas\"><\/span>P\u00e1ginas relacionadas<span class=\"ez-toc-section-end\"><\/span><\/h3><div class=\"enlazado\"><ul> <li><a href=\"https:\/\/idecesos.com\/seguros\/companias\/mgs\/opiniones\/\">Opiniones MGS<\/a><\/li> <li><a href=\"https:\/\/idecesos.com\/seguros\/companias\/mgs\/precio\/\">Precio seguro MGS<\/a><\/li> <li><a href=\"https:\/\/idecesos.com\/seguros\/companias\/mgs\/prima-mixta\/\">MGS Prima Mixta<\/a><\/li> <li><a href=\"https:\/\/idecesos.com\/seguros\/companias\/mgs\/prima-natural\/\">MGS Prima Natural<\/a><\/li> <li><a href=\"https:\/\/idecesos.com\/seguros\/companias\/mgs\/prima-nivelada\/\">MGS Prima Nivelada<\/a><\/li> <li><a href=\"https:\/\/idecesos.com\/seguros\/companias\/mgs\/prima-unica\/\">MGS Prima \u00danica<\/a><\/li> <li><a href=\"https:\/\/idecesos.com\/seguros\/companias\/mgs\/repatriacion\/\">MGS Repatriaci\u00f3n<\/a><\/li> <li><a href=\"https:\/\/idecesos.com\/seguros\/companias\/mgs\/telefono\/\">Tel\u00e9fono Gratuito MGS<\/a><\/li><\/ul><\/div><br \/>\n<\/div><\/p>\n","protected":false},"excerpt":{"rendered":"<p>Existen diferentes oficinas de MGS en Las palmas ponemos a tu alcance la que mejor se adapte a las carencias que surjan o dudas de su p\u00f3liza contratada. Cada sucursal tiene un horario diferente en todos y cada temporada del a\u00f1o. Dentro de cada compa\u00f1\u00eda de seguros es esencial que cuente con una atenci\u00f3n de&hellip; <\/p>\n","protected":false},"author":0,"featured_media":0,"parent":9480,"menu_order":0,"comment_status":"closed","ping_status":"closed","template":"single.php","meta":{"footnotes":""},"class_list":["post-21278","page","type-page","status-publish","hentry"],"yoast_head":"<!-- This site is optimized with the Yoast SEO plugin v27.3 - https:\/\/yoast.com\/product\/yoast-seo-wordpress\/ -->\n<title>Oficinas MGS en Las palmas \u25b7Tel\u00e9fonos, Horarios, Direcci\u00f3n<\/title>\n<meta name=\"description\" content=\"Lista completa de Oficinas MGS en Las palmas Horarios, \u2706 tel\u00e9fonos y direcciones actualizados en 2026 \u2611\ufe0f Verificado por iDecesos.\" \/>\n<meta name=\"robots\" content=\"index, follow, max-snippet:-1, max-image-preview:large, max-video-preview:-1\" \/>\n<link rel=\"canonical\" href=\"https:\/\/idecesos.com\/seguros\/companias\/mgs\/las-palmas\/\" \/>\n<meta property=\"og:locale\" content=\"es_ES\" \/>\n<meta property=\"og:type\" content=\"article\" \/>\n<meta property=\"og:title\" content=\"Oficinas MGS en Las palmas \u25b7Tel\u00e9fonos, Horarios, Direcci\u00f3n\" \/>\n<meta property=\"og:description\" content=\"Lista completa de Oficinas MGS en Las palmas Horarios, \u2706 tel\u00e9fonos y direcciones actualizados en 2026 \u2611\ufe0f Verificado por iDecesos.\" \/>\n<meta property=\"og:url\" content=\"https:\/\/idecesos.com\/seguros\/companias\/mgs\/las-palmas\/\" \/>\n<meta property=\"og:image\" content=\"https:\/\/idecesos.com\/seguros\/wp-content\/uploads\/2021\/10\/Diseno-sin-titulo-59-150x150.png\" \/>\n<meta name=\"twitter:card\" content=\"summary_large_image\" \/>\n<meta name=\"twitter:label1\" content=\"Tiempo de lectura\" \/>\n\t<meta name=\"twitter:data1\" content=\"39 minutos\" \/>\n<script type=\"application\/ld+json\" class=\"yoast-schema-graph\">{\"@context\":\"https:\\\/\\\/schema.org\",\"@graph\":[{\"@type\":\"WebPage\",\"@id\":\"https:\\\/\\\/idecesos.com\\\/seguros\\\/companias\\\/mgs\\\/las-palmas\\\/\",\"url\":\"https:\\\/\\\/idecesos.com\\\/seguros\\\/companias\\\/mgs\\\/las-palmas\\\/\",\"name\":\"Oficinas MGS en Las palmas \u25b7Tel\u00e9fonos, Horarios, Direcci\u00f3n\",\"isPartOf\":{\"@id\":\"https:\\\/\\\/idecesos.com\\\/seguros\\\/#website\"},\"primaryImageOfPage\":{\"@id\":\"https:\\\/\\\/idecesos.com\\\/seguros\\\/companias\\\/mgs\\\/las-palmas\\\/#primaryimage\"},\"image\":{\"@id\":\"https:\\\/\\\/idecesos.com\\\/seguros\\\/companias\\\/mgs\\\/las-palmas\\\/#primaryimage\"},\"thumbnailUrl\":\"https:\\\/\\\/idecesos.com\\\/seguros\\\/wp-content\\\/uploads\\\/2021\\\/10\\\/Diseno-sin-titulo-59-150x150.png\",\"datePublished\":\"2022-05-01T20:36:54+00:00\",\"description\":\"Lista completa de Oficinas MGS en Las palmas Horarios, \u2706 tel\u00e9fonos y direcciones actualizados en 2026 \u2611\ufe0f Verificado por iDecesos.\",\"breadcrumb\":{\"@id\":\"https:\\\/\\\/idecesos.com\\\/seguros\\\/companias\\\/mgs\\\/las-palmas\\\/#breadcrumb\"},\"inLanguage\":\"es\",\"potentialAction\":[{\"@type\":\"ReadAction\",\"target\":[\"https:\\\/\\\/idecesos.com\\\/seguros\\\/companias\\\/mgs\\\/las-palmas\\\/\"]}]},{\"@type\":\"ImageObject\",\"inLanguage\":\"es\",\"@id\":\"https:\\\/\\\/idecesos.com\\\/seguros\\\/companias\\\/mgs\\\/las-palmas\\\/#primaryimage\",\"url\":\"https:\\\/\\\/idecesos.com\\\/seguros\\\/wp-content\\\/uploads\\\/2021\\\/10\\\/Diseno-sin-titulo-59.png\",\"contentUrl\":\"https:\\\/\\\/idecesos.com\\\/seguros\\\/wp-content\\\/uploads\\\/2021\\\/10\\\/Diseno-sin-titulo-59.png\",\"width\":200,\"height\":200},{\"@type\":\"BreadcrumbList\",\"@id\":\"https:\\\/\\\/idecesos.com\\\/seguros\\\/companias\\\/mgs\\\/las-palmas\\\/#breadcrumb\",\"itemListElement\":[{\"@type\":\"ListItem\",\"position\":1,\"name\":\"Portada\",\"item\":\"https:\\\/\\\/idecesos.com\\\/seguros\\\/\"},{\"@type\":\"ListItem\",\"position\":2,\"name\":\"Compa\u00f1\u00edas de Seguros de Decesos en Espa\u00f1a\",\"item\":\"https:\\\/\\\/idecesos.com\\\/seguros\\\/companias\\\/\"},{\"@type\":\"ListItem\",\"position\":3,\"name\":\"Seguros de decesos MGS\",\"item\":\"https:\\\/\\\/idecesos.com\\\/seguros\\\/companias\\\/mgs\\\/\"},{\"@type\":\"ListItem\",\"position\":4,\"name\":\"Oficinas seguros de decesos MGS en Las palmas\"}]},{\"@type\":\"WebSite\",\"@id\":\"https:\\\/\\\/idecesos.com\\\/seguros\\\/#website\",\"url\":\"https:\\\/\\\/idecesos.com\\\/seguros\\\/\",\"name\":\"\",\"description\":\"\",\"potentialAction\":[{\"@type\":\"SearchAction\",\"target\":{\"@type\":\"EntryPoint\",\"urlTemplate\":\"https:\\\/\\\/idecesos.com\\\/seguros\\\/?s={search_term_string}\"},\"query-input\":{\"@type\":\"PropertyValueSpecification\",\"valueRequired\":true,\"valueName\":\"search_term_string\"}}],\"inLanguage\":\"es\"}]}<\/script>\n<!-- \/ Yoast SEO plugin. -->","yoast_head_json":{"title":"Oficinas MGS en Las palmas \u25b7Tel\u00e9fonos, Horarios, Direcci\u00f3n","description":"Lista completa de Oficinas MGS en Las palmas Horarios, \u2706 tel\u00e9fonos y direcciones actualizados en 2026 \u2611\ufe0f Verificado por iDecesos.","robots":{"index":"index","follow":"follow","max-snippet":"max-snippet:-1","max-image-preview":"max-image-preview:large","max-video-preview":"max-video-preview:-1"},"canonical":"https:\/\/idecesos.com\/seguros\/companias\/mgs\/las-palmas\/","og_locale":"es_ES","og_type":"article","og_title":"Oficinas MGS en Las palmas \u25b7Tel\u00e9fonos, Horarios, Direcci\u00f3n","og_description":"Lista completa de Oficinas MGS en Las palmas Horarios, \u2706 tel\u00e9fonos y direcciones actualizados en 2026 \u2611\ufe0f Verificado por iDecesos.","og_url":"https:\/\/idecesos.com\/seguros\/companias\/mgs\/las-palmas\/","og_image":[{"url":"https:\/\/idecesos.com\/seguros\/wp-content\/uploads\/2021\/10\/Diseno-sin-titulo-59-150x150.png","type":"","width":"","height":""}],"twitter_card":"summary_large_image","twitter_misc":{"Tiempo de lectura":"39 minutos"},"schema":{"@context":"https:\/\/schema.org","@graph":[{"@type":"WebPage","@id":"https:\/\/idecesos.com\/seguros\/companias\/mgs\/las-palmas\/","url":"https:\/\/idecesos.com\/seguros\/companias\/mgs\/las-palmas\/","name":"Oficinas MGS en Las palmas \u25b7Tel\u00e9fonos, Horarios, Direcci\u00f3n","isPartOf":{"@id":"https:\/\/idecesos.com\/seguros\/#website"},"primaryImageOfPage":{"@id":"https:\/\/idecesos.com\/seguros\/companias\/mgs\/las-palmas\/#primaryimage"},"image":{"@id":"https:\/\/idecesos.com\/seguros\/companias\/mgs\/las-palmas\/#primaryimage"},"thumbnailUrl":"https:\/\/idecesos.com\/seguros\/wp-content\/uploads\/2021\/10\/Diseno-sin-titulo-59-150x150.png","datePublished":"2022-05-01T20:36:54+00:00","description":"Lista completa de Oficinas MGS en Las palmas Horarios, \u2706 tel\u00e9fonos y direcciones actualizados en 2026 \u2611\ufe0f Verificado por iDecesos.","breadcrumb":{"@id":"https:\/\/idecesos.com\/seguros\/companias\/mgs\/las-palmas\/#breadcrumb"},"inLanguage":"es","potentialAction":[{"@type":"ReadAction","target":["https:\/\/idecesos.com\/seguros\/companias\/mgs\/las-palmas\/"]}]},{"@type":"ImageObject","inLanguage":"es","@id":"https:\/\/idecesos.com\/seguros\/companias\/mgs\/las-palmas\/#primaryimage","url":"https:\/\/idecesos.com\/seguros\/wp-content\/uploads\/2021\/10\/Diseno-sin-titulo-59.png","contentUrl":"https:\/\/idecesos.com\/seguros\/wp-content\/uploads\/2021\/10\/Diseno-sin-titulo-59.png","width":200,"height":200},{"@type":"BreadcrumbList","@id":"https:\/\/idecesos.com\/seguros\/companias\/mgs\/las-palmas\/#breadcrumb","itemListElement":[{"@type":"ListItem","position":1,"name":"Portada","item":"https:\/\/idecesos.com\/seguros\/"},{"@type":"ListItem","position":2,"name":"Compa\u00f1\u00edas de Seguros de Decesos en Espa\u00f1a","item":"https:\/\/idecesos.com\/seguros\/companias\/"},{"@type":"ListItem","position":3,"name":"Seguros de decesos MGS","item":"https:\/\/idecesos.com\/seguros\/companias\/mgs\/"},{"@type":"ListItem","position":4,"name":"Oficinas seguros de decesos MGS en Las palmas"}]},{"@type":"WebSite","@id":"https:\/\/idecesos.com\/seguros\/#website","url":"https:\/\/idecesos.com\/seguros\/","name":"","description":"","potentialAction":[{"@type":"SearchAction","target":{"@type":"EntryPoint","urlTemplate":"https:\/\/idecesos.com\/seguros\/?s={search_term_string}"},"query-input":{"@type":"PropertyValueSpecification","valueRequired":true,"valueName":"search_term_string"}}],"inLanguage":"es"}]}},"_links":{"self":[{"href":"https:\/\/idecesos.com\/seguros\/wp-json\/wp\/v2\/pages\/21278","targetHints":{"allow":["GET"]}}],"collection":[{"href":"https:\/\/idecesos.com\/seguros\/wp-json\/wp\/v2\/pages"}],"about":[{"href":"https:\/\/idecesos.com\/seguros\/wp-json\/wp\/v2\/types\/page"}],"replies":[{"embeddable":true,"href":"https:\/\/idecesos.com\/seguros\/wp-json\/wp\/v2\/comments?post=21278"}],"version-history":[{"count":0,"href":"https:\/\/idecesos.com\/seguros\/wp-json\/wp\/v2\/pages\/21278\/revisions"}],"up":[{"embeddable":true,"href":"https:\/\/idecesos.com\/seguros\/wp-json\/wp\/v2\/pages\/9480"}],"wp:attachment":[{"href":"https:\/\/idecesos.com\/seguros\/wp-json\/wp\/v2\/media?parent=21278"}],"curies":[{"name":"wp","href":"https:\/\/api.w.org\/{rel}","templated":true}]}}