{"id":21285,"date":"2022-05-01T20:36:58","date_gmt":"2022-05-01T20:36:58","guid":{"rendered":"https:\/\/idecesos.com\/seguros\/companias\/mgs\/navarra\/"},"modified":"2022-05-01T20:36:58","modified_gmt":"2022-05-01T20:36:58","slug":"navarra","status":"publish","type":"page","link":"https:\/\/idecesos.com\/seguros\/companias\/mgs\/navarra\/","title":{"rendered":"Oficinas seguros de decesos MGS en Navarra"},"content":{"rendered":"<div id=\"ez-toc-container\" class=\"ez-toc-v2_0_82_2 ez-toc-wrap-center counter-hierarchy ez-toc-counter ez-toc-custom ez-toc-container-direction\">\n<div class=\"ez-toc-title-container\">\n<p class=\"ez-toc-title\" style=\"cursor:inherit\">Tabla de Contenido<\/p>\n<span class=\"ez-toc-title-toggle\"><a href=\"#\" class=\"ez-toc-pull-right ez-toc-btn ez-toc-btn-xs ez-toc-btn-default ez-toc-toggle\" aria-label=\"Alternar tabla de contenidos\"><span class=\"ez-toc-js-icon-con\"><span class=\"\"><span class=\"eztoc-hide\" style=\"display:none;\">Toggle<\/span><span class=\"ez-toc-icon-toggle-span\"><svg style=\"fill: #db6415;color:#db6415\" xmlns=\"http:\/\/www.w3.org\/2000\/svg\" class=\"list-377408\" width=\"20px\" height=\"20px\" viewBox=\"0 0 24 24\" fill=\"none\"><path d=\"M6 6H4v2h2V6zm14 0H8v2h12V6zM4 11h2v2H4v-2zm16 0H8v2h12v-2zM4 16h2v2H4v-2zm16 0H8v2h12v-2z\" fill=\"currentColor\"><\/path><\/svg><svg style=\"fill: #db6415;color:#db6415\" class=\"arrow-unsorted-368013\" xmlns=\"http:\/\/www.w3.org\/2000\/svg\" width=\"10px\" height=\"10px\" viewBox=\"0 0 24 24\" version=\"1.2\" baseProfile=\"tiny\"><path d=\"M18.2 9.3l-6.2-6.3-6.2 6.3c-.2.2-.3.4-.3.7s.1.5.3.7c.2.2.4.3.7.3h11c.3 0 .5-.1.7-.3.2-.2.3-.5.3-.7s-.1-.5-.3-.7zM5.8 14.7l6.2 6.3 6.2-6.3c.2-.2.3-.5.3-.7s-.1-.5-.3-.7c-.2-.2-.4-.3-.7-.3h-11c-.3 0-.5.1-.7.3-.2.2-.3.5-.3.7s.1.5.3.7z\"\/><\/svg><\/span><\/span><\/span><\/a><\/span><\/div>\n<nav><ul class='ez-toc-list ez-toc-list-level-1 ' ><li class='ez-toc-page-1 ez-toc-heading-level-2'><a class=\"ez-toc-link ez-toc-heading-1\" href=\"https:\/\/idecesos.com\/seguros\/companias\/mgs\/navarra\/#Seguro_de_decesos_MGS_en_Navarra\" >Seguro de decesos MGS en Navarra<\/a><\/li><li class='ez-toc-page-1 ez-toc-heading-level-2'><a class=\"ez-toc-link ez-toc-heading-2\" href=\"https:\/\/idecesos.com\/seguros\/companias\/mgs\/navarra\/#Mapa_de_sucursales_de_seguros_MGS_en_Navarra\" >Mapa de sucursales de seguros MGS en Navarra<\/a><\/li><li class='ez-toc-page-1 ez-toc-heading-level-2'><a class=\"ez-toc-link ez-toc-heading-3\" href=\"https:\/\/idecesos.com\/seguros\/companias\/mgs\/navarra\/#Listado_de_agencias_MGS_en_Navarra\" >Listado de agencias MGS en Navarra<\/a><\/li><li class='ez-toc-page-1 ez-toc-heading-level-2'><a class=\"ez-toc-link ez-toc-heading-4\" href=\"https:\/\/idecesos.com\/seguros\/companias\/mgs\/navarra\/#Oficinas_de_seguros_de_decesos_en_Navarra\" >Oficinas de seguros de decesos en Navarra<\/a><ul class='ez-toc-list-level-3' ><li class='ez-toc-heading-level-3'><a class=\"ez-toc-link ez-toc-heading-5\" href=\"https:\/\/idecesos.com\/seguros\/companias\/mgs\/navarra\/#Listado_de_oficinas_MGS_en_Espana\" >Listado de oficinas MGS en Espa\u00f1a<\/a><\/li><li class='ez-toc-page-1 ez-toc-heading-level-3'><a class=\"ez-toc-link ez-toc-heading-6\" href=\"https:\/\/idecesos.com\/seguros\/companias\/mgs\/navarra\/#Paginas_relacionadas\" >P\u00e1ginas relacionadas<\/a><\/li><\/ul><\/li><\/ul><\/nav><\/div>\n<p><br \/>\n<a href=\"https:\/\/idecesos.com\/seguros\/companias\/mgs\/\"><img decoding=\"async\" class=\" alignleft\" src=\"https:\/\/idecesos.com\/seguros\/wp-content\/uploads\/2021\/10\/Diseno-sin-titulo-59-150x150.png\" alt=\"Seguro de decesos MGS\" \/><\/a><strong>La ciudad de Navarra tiene m\u00faltiples oficinas de MGS<\/strong> en la que van a poder atenderle para cualquier necesidad o sugerencia dentro de su horario, en todo instante contaras con la ayuda de una persona cualificada en el sector, cada oficina cuenta con trabajadores con a\u00f1os experiencia, para darte la mejor calidad posible. Solucionar de una forma m\u00e1s veloz los inconvenientes es siempre y en toda circunstancia acudiendo presencialmente a oficina, puesto que a la distancia es m\u00e1s dif\u00edcil solventar el problema. Tan preciso como esencial es poder tener cerca delegaciones de decesos. <\/p>\n<p>Hemos querido que sepas la localizaci\u00f3n de las sucursales de MGS en Navarra en la que nos comprometemos a que recibas en todo momento un servicio \u00fatil y r\u00e1pido, evitando los inconvenientes de no poder encontrarlo en tu ciudad. \u00bfQu\u00e9 pasa despu\u00e9s de tener una p\u00f3liza? Una vez lo tengas contratado te aseguran un servicio de calidad Premium. Cada oficina de MGS en Navarra cuenta con sus ventajas destacables que juegan una parte esencial en el proceso. <\/p>\n<p>Visita nuestra p\u00e1gina de <a href=\"https:\/\/idecesos.com\/seguros\/companias\/mgs\/\">seguros de decesos MGS<\/a> para m\u00e1s informaci\u00f3n.<\/p>\n<div class=\"colorf \"  ><div class=\"container clearfix\"><div class=\"col-md-7\">\n<h2><span class=\"ez-toc-section\" id=\"Seguro_de_decesos_MGS_en_Navarra\"><\/span>Seguro de decesos MGS en Navarra<span class=\"ez-toc-section-end\"><\/span><\/h2>\n<p>Somos m\u00e1s all\u00ed que una compa\u00f1\u00eda de seguros, somos tu calma, evit\u00e1ndote cualquier fallo que pueda surgir durante el proceso de alguna tramitaci\u00f3n. Adapt\u00e1ndose a ti y a tus necesidades o circunstancias.Servicio de delegaciones de MGS en Navarra va direccionado para aquellas personas que necesiten solventar de forma eficaz cualquier administraci\u00f3n al respecto y se haga de manera inmediata. Cubrir todas y cada una de las cuestiones que surjan, donde quedara solucionado todos sus inconvenientes de una forma m\u00e1s simple. <\/p>\n<p><strong>Ver m\u00e1s:<\/strong> <a href=\"https:\/\/idecesos.com\/seguros\/ciudades\/navarra\/\">Seguros de decesos en Navarra<\/a><\/p>\n<p>Contando con nuestro servicio en diferentes localizaciones de oficinas de MGS en Navarra te obsequiamos el poder conocer tu <strong>presupuesto al segundo<\/strong>. Asegur\u00e1ndote que es todo lo que estas buscando y con las peculiaridades fundamentales. \u00a0Evit\u00e1ndote muchos pasos, en solo unos segundos tendr\u00e1s el formulario as\u00ed como la informaci\u00f3n que precises en esas circunstancias. Siendo uno de los m\u00e1s veloces. \u00bfBuscar? Eso ya no se lleva, te lo ponemos f\u00e1cil. <\/p>\n<p><\/div><\/div><\/div>\n\t\t<hr class=\"separador\">\n\t\t<div class=\"bloque-accion\">\n\t\t<p class=\"txt-accion\">Calcula el precio de tu seguro de decesos en menos de 1 minuto<\/p>\n\t\t<a class=\"btn-accion\" href=\"https:\/\/idecesos.com\/\">CALCULAR<\/a>\n\t\t<\/div>\n\t\t<hr class=\"separador\">\n\t\t<\/p>\n<h2><span class=\"ez-toc-section\" id=\"Mapa_de_sucursales_de_seguros_MGS_en_Navarra\"><\/span>Mapa de sucursales de seguros MGS en Navarra<span class=\"ez-toc-section-end\"><\/span><\/h2>\n<p>Adem\u00e1s de contar con localizador de sucursales de MGS en Navarra tambi\u00e9n dispones de un mapa por cada MGS en Navarra. Hemos querido facilitarte este proceso de buscar, sabemos que resulta una perdida de tiempo buscar y no localizar lo que se busca. En menos de instante lo vas a tener a tu predisposici\u00f3n. Poner soluciones de manera r\u00e1pida es nuestro trabajo, por ello quedase todo solucionado en el instante. <\/p>\n<p><iframe class=\"page-generator-pro-map\" width=\"100%\" height=\"400\" frameborder=\"0\" style=\"border:0\" src=\"https:\/\/www.google.com\/maps\/embed\/v1\/place?q=Cintru%C3%A9nigo%2C+Espa%C3%B1a&#038;zoom=14&#038;maptype=roadmap&#038;key=AIzaSyCNTEOso0tZG6YMSJFoaJEY5Th1stEWrJI\" allowfullscreen><\/iframe><\/p>\n<div class=\"colorf\"><div class=\"container clearfix\"><div class=\"col-md-7\"><div class=\"empresas\">\n<h2><span class=\"ez-toc-section\" id=\"Listado_de_agencias_MGS_en_Navarra\"><\/span>Listado de agencias MGS en Navarra<span class=\"ez-toc-section-end\"><\/span><\/h2>\n<ul>\n<li><strong>Compa\u00f1\u00eda de seguros Espa\u00f1a:<\/strong> 31592<\/li>\n<\/ul>\n<\/div><\/div><\/div><\/div>\n<h2><span class=\"ez-toc-section\" id=\"Oficinas_de_seguros_de_decesos_en_Navarra\"><\/span>Oficinas de seguros de decesos en Navarra<span class=\"ez-toc-section-end\"><\/span><\/h2>\n<p>\u00bfSin necesidad de registros? evit\u00e1ndote ese proceso tan incomodo como bastante dif\u00edcil, podr\u00e1s ver todo el gran listado que hemos realizado para que tengas disponible en todos y cada instante, contando con su actualizaci\u00f3n peri\u00f3dicamente, <strong>cada seguros de decesos en Navarra<\/strong>. Quedar\u00e1 resuelto cualquier g\u00e9nero de cuesti\u00f3n que tengas al respecto, gracias a la informaci\u00f3n apartada. <\/p>\n<div class=\"colorf\"><div class=\"container clearfix\"><div class=\"col-md-7\"><div class=\"empresas\">\n<h3><span class=\"ez-toc-section\" id=\"Listado_de_oficinas_MGS_en_Espana\"><\/span>Listado de oficinas MGS en Espa\u00f1a<span class=\"ez-toc-section-end\"><\/span><\/h3>\n<p><!-- Shortcode [mgs-oficinas] does not exist --><\/div><\/div><\/div><\/div><\/p>\n<p><div class=\"oficinas\"><br \/>\n<h3><span class=\"ez-toc-section\" id=\"Paginas_relacionadas\"><\/span>P\u00e1ginas relacionadas<span class=\"ez-toc-section-end\"><\/span><\/h3><div class=\"enlazado\"><ul> <li><a href=\"https:\/\/idecesos.com\/seguros\/companias\/mgs\/opiniones\/\">Opiniones MGS<\/a><\/li> <li><a href=\"https:\/\/idecesos.com\/seguros\/companias\/mgs\/precio\/\">Precio seguro MGS<\/a><\/li> <li><a href=\"https:\/\/idecesos.com\/seguros\/companias\/mgs\/prima-mixta\/\">MGS Prima Mixta<\/a><\/li> <li><a href=\"https:\/\/idecesos.com\/seguros\/companias\/mgs\/prima-natural\/\">MGS Prima Natural<\/a><\/li> <li><a href=\"https:\/\/idecesos.com\/seguros\/companias\/mgs\/prima-nivelada\/\">MGS Prima Nivelada<\/a><\/li> <li><a href=\"https:\/\/idecesos.com\/seguros\/companias\/mgs\/prima-unica\/\">MGS Prima \u00danica<\/a><\/li> <li><a href=\"https:\/\/idecesos.com\/seguros\/companias\/mgs\/repatriacion\/\">MGS Repatriaci\u00f3n<\/a><\/li> <li><a href=\"https:\/\/idecesos.com\/seguros\/companias\/mgs\/telefono\/\">Tel\u00e9fono Gratuito MGS<\/a><\/li><\/ul><\/div><br \/>\n<\/div><\/p>\n","protected":false},"excerpt":{"rendered":"<p>La ciudad de Navarra tiene m\u00faltiples oficinas de MGS en la que van a poder atenderle para cualquier necesidad o sugerencia dentro de su horario, en todo instante contaras con la ayuda de una persona cualificada en el sector, cada oficina cuenta con trabajadores con a\u00f1os experiencia, para darte la mejor calidad posible. Solucionar de&hellip; <\/p>\n","protected":false},"author":0,"featured_media":0,"parent":9480,"menu_order":0,"comment_status":"closed","ping_status":"closed","template":"single.php","meta":{"footnotes":""},"class_list":["post-21285","page","type-page","status-publish","hentry"],"yoast_head":"<!-- This site is optimized with the Yoast SEO plugin v27.3 - https:\/\/yoast.com\/product\/yoast-seo-wordpress\/ -->\n<title>Oficinas MGS en Navarra \u25b7Tel\u00e9fonos, Horarios, Direcci\u00f3n<\/title>\n<meta name=\"description\" content=\"Lista completa de Oficinas MGS en Navarra Horarios, \u2706 tel\u00e9fonos y direcciones actualizados en 2026 \u2611\ufe0f Verificado por iDecesos.\" \/>\n<meta name=\"robots\" content=\"index, follow, max-snippet:-1, max-image-preview:large, max-video-preview:-1\" \/>\n<link rel=\"canonical\" href=\"https:\/\/idecesos.com\/seguros\/companias\/mgs\/navarra\/\" \/>\n<meta property=\"og:locale\" content=\"es_ES\" \/>\n<meta property=\"og:type\" content=\"article\" \/>\n<meta property=\"og:title\" content=\"Oficinas MGS en Navarra \u25b7Tel\u00e9fonos, Horarios, Direcci\u00f3n\" \/>\n<meta property=\"og:description\" content=\"Lista completa de Oficinas MGS en Navarra Horarios, \u2706 tel\u00e9fonos y direcciones actualizados en 2026 \u2611\ufe0f Verificado por iDecesos.\" \/>\n<meta property=\"og:url\" content=\"https:\/\/idecesos.com\/seguros\/companias\/mgs\/navarra\/\" \/>\n<meta property=\"og:image\" content=\"https:\/\/idecesos.com\/seguros\/wp-content\/uploads\/2021\/10\/Diseno-sin-titulo-59-150x150.png\" \/>\n<meta name=\"twitter:card\" content=\"summary_large_image\" \/>\n<meta name=\"twitter:label1\" content=\"Tiempo de lectura\" \/>\n\t<meta name=\"twitter:data1\" content=\"39 minutos\" \/>\n<script type=\"application\/ld+json\" class=\"yoast-schema-graph\">{\"@context\":\"https:\\\/\\\/schema.org\",\"@graph\":[{\"@type\":\"WebPage\",\"@id\":\"https:\\\/\\\/idecesos.com\\\/seguros\\\/companias\\\/mgs\\\/navarra\\\/\",\"url\":\"https:\\\/\\\/idecesos.com\\\/seguros\\\/companias\\\/mgs\\\/navarra\\\/\",\"name\":\"Oficinas MGS en Navarra \u25b7Tel\u00e9fonos, Horarios, Direcci\u00f3n\",\"isPartOf\":{\"@id\":\"https:\\\/\\\/idecesos.com\\\/seguros\\\/#website\"},\"primaryImageOfPage\":{\"@id\":\"https:\\\/\\\/idecesos.com\\\/seguros\\\/companias\\\/mgs\\\/navarra\\\/#primaryimage\"},\"image\":{\"@id\":\"https:\\\/\\\/idecesos.com\\\/seguros\\\/companias\\\/mgs\\\/navarra\\\/#primaryimage\"},\"thumbnailUrl\":\"https:\\\/\\\/idecesos.com\\\/seguros\\\/wp-content\\\/uploads\\\/2021\\\/10\\\/Diseno-sin-titulo-59-150x150.png\",\"datePublished\":\"2022-05-01T20:36:58+00:00\",\"description\":\"Lista completa de Oficinas MGS en Navarra Horarios, \u2706 tel\u00e9fonos y direcciones actualizados en 2026 \u2611\ufe0f Verificado por iDecesos.\",\"breadcrumb\":{\"@id\":\"https:\\\/\\\/idecesos.com\\\/seguros\\\/companias\\\/mgs\\\/navarra\\\/#breadcrumb\"},\"inLanguage\":\"es\",\"potentialAction\":[{\"@type\":\"ReadAction\",\"target\":[\"https:\\\/\\\/idecesos.com\\\/seguros\\\/companias\\\/mgs\\\/navarra\\\/\"]}]},{\"@type\":\"ImageObject\",\"inLanguage\":\"es\",\"@id\":\"https:\\\/\\\/idecesos.com\\\/seguros\\\/companias\\\/mgs\\\/navarra\\\/#primaryimage\",\"url\":\"https:\\\/\\\/idecesos.com\\\/seguros\\\/wp-content\\\/uploads\\\/2021\\\/10\\\/Diseno-sin-titulo-59.png\",\"contentUrl\":\"https:\\\/\\\/idecesos.com\\\/seguros\\\/wp-content\\\/uploads\\\/2021\\\/10\\\/Diseno-sin-titulo-59.png\",\"width\":200,\"height\":200},{\"@type\":\"BreadcrumbList\",\"@id\":\"https:\\\/\\\/idecesos.com\\\/seguros\\\/companias\\\/mgs\\\/navarra\\\/#breadcrumb\",\"itemListElement\":[{\"@type\":\"ListItem\",\"position\":1,\"name\":\"Portada\",\"item\":\"https:\\\/\\\/idecesos.com\\\/seguros\\\/\"},{\"@type\":\"ListItem\",\"position\":2,\"name\":\"Compa\u00f1\u00edas de Seguros de Decesos en Espa\u00f1a\",\"item\":\"https:\\\/\\\/idecesos.com\\\/seguros\\\/companias\\\/\"},{\"@type\":\"ListItem\",\"position\":3,\"name\":\"Seguros de decesos MGS\",\"item\":\"https:\\\/\\\/idecesos.com\\\/seguros\\\/companias\\\/mgs\\\/\"},{\"@type\":\"ListItem\",\"position\":4,\"name\":\"Oficinas seguros de decesos MGS en Navarra\"}]},{\"@type\":\"WebSite\",\"@id\":\"https:\\\/\\\/idecesos.com\\\/seguros\\\/#website\",\"url\":\"https:\\\/\\\/idecesos.com\\\/seguros\\\/\",\"name\":\"\",\"description\":\"\",\"potentialAction\":[{\"@type\":\"SearchAction\",\"target\":{\"@type\":\"EntryPoint\",\"urlTemplate\":\"https:\\\/\\\/idecesos.com\\\/seguros\\\/?s={search_term_string}\"},\"query-input\":{\"@type\":\"PropertyValueSpecification\",\"valueRequired\":true,\"valueName\":\"search_term_string\"}}],\"inLanguage\":\"es\"}]}<\/script>\n<!-- \/ Yoast SEO plugin. -->","yoast_head_json":{"title":"Oficinas MGS en Navarra \u25b7Tel\u00e9fonos, Horarios, Direcci\u00f3n","description":"Lista completa de Oficinas MGS en Navarra Horarios, \u2706 tel\u00e9fonos y direcciones actualizados en 2026 \u2611\ufe0f Verificado por iDecesos.","robots":{"index":"index","follow":"follow","max-snippet":"max-snippet:-1","max-image-preview":"max-image-preview:large","max-video-preview":"max-video-preview:-1"},"canonical":"https:\/\/idecesos.com\/seguros\/companias\/mgs\/navarra\/","og_locale":"es_ES","og_type":"article","og_title":"Oficinas MGS en Navarra \u25b7Tel\u00e9fonos, Horarios, Direcci\u00f3n","og_description":"Lista completa de Oficinas MGS en Navarra Horarios, \u2706 tel\u00e9fonos y direcciones actualizados en 2026 \u2611\ufe0f Verificado por iDecesos.","og_url":"https:\/\/idecesos.com\/seguros\/companias\/mgs\/navarra\/","og_image":[{"url":"https:\/\/idecesos.com\/seguros\/wp-content\/uploads\/2021\/10\/Diseno-sin-titulo-59-150x150.png","type":"","width":"","height":""}],"twitter_card":"summary_large_image","twitter_misc":{"Tiempo de lectura":"39 minutos"},"schema":{"@context":"https:\/\/schema.org","@graph":[{"@type":"WebPage","@id":"https:\/\/idecesos.com\/seguros\/companias\/mgs\/navarra\/","url":"https:\/\/idecesos.com\/seguros\/companias\/mgs\/navarra\/","name":"Oficinas MGS en Navarra \u25b7Tel\u00e9fonos, Horarios, Direcci\u00f3n","isPartOf":{"@id":"https:\/\/idecesos.com\/seguros\/#website"},"primaryImageOfPage":{"@id":"https:\/\/idecesos.com\/seguros\/companias\/mgs\/navarra\/#primaryimage"},"image":{"@id":"https:\/\/idecesos.com\/seguros\/companias\/mgs\/navarra\/#primaryimage"},"thumbnailUrl":"https:\/\/idecesos.com\/seguros\/wp-content\/uploads\/2021\/10\/Diseno-sin-titulo-59-150x150.png","datePublished":"2022-05-01T20:36:58+00:00","description":"Lista completa de Oficinas MGS en Navarra Horarios, \u2706 tel\u00e9fonos y direcciones actualizados en 2026 \u2611\ufe0f Verificado por iDecesos.","breadcrumb":{"@id":"https:\/\/idecesos.com\/seguros\/companias\/mgs\/navarra\/#breadcrumb"},"inLanguage":"es","potentialAction":[{"@type":"ReadAction","target":["https:\/\/idecesos.com\/seguros\/companias\/mgs\/navarra\/"]}]},{"@type":"ImageObject","inLanguage":"es","@id":"https:\/\/idecesos.com\/seguros\/companias\/mgs\/navarra\/#primaryimage","url":"https:\/\/idecesos.com\/seguros\/wp-content\/uploads\/2021\/10\/Diseno-sin-titulo-59.png","contentUrl":"https:\/\/idecesos.com\/seguros\/wp-content\/uploads\/2021\/10\/Diseno-sin-titulo-59.png","width":200,"height":200},{"@type":"BreadcrumbList","@id":"https:\/\/idecesos.com\/seguros\/companias\/mgs\/navarra\/#breadcrumb","itemListElement":[{"@type":"ListItem","position":1,"name":"Portada","item":"https:\/\/idecesos.com\/seguros\/"},{"@type":"ListItem","position":2,"name":"Compa\u00f1\u00edas de Seguros de Decesos en Espa\u00f1a","item":"https:\/\/idecesos.com\/seguros\/companias\/"},{"@type":"ListItem","position":3,"name":"Seguros de decesos MGS","item":"https:\/\/idecesos.com\/seguros\/companias\/mgs\/"},{"@type":"ListItem","position":4,"name":"Oficinas seguros de decesos MGS en Navarra"}]},{"@type":"WebSite","@id":"https:\/\/idecesos.com\/seguros\/#website","url":"https:\/\/idecesos.com\/seguros\/","name":"","description":"","potentialAction":[{"@type":"SearchAction","target":{"@type":"EntryPoint","urlTemplate":"https:\/\/idecesos.com\/seguros\/?s={search_term_string}"},"query-input":{"@type":"PropertyValueSpecification","valueRequired":true,"valueName":"search_term_string"}}],"inLanguage":"es"}]}},"_links":{"self":[{"href":"https:\/\/idecesos.com\/seguros\/wp-json\/wp\/v2\/pages\/21285","targetHints":{"allow":["GET"]}}],"collection":[{"href":"https:\/\/idecesos.com\/seguros\/wp-json\/wp\/v2\/pages"}],"about":[{"href":"https:\/\/idecesos.com\/seguros\/wp-json\/wp\/v2\/types\/page"}],"replies":[{"embeddable":true,"href":"https:\/\/idecesos.com\/seguros\/wp-json\/wp\/v2\/comments?post=21285"}],"version-history":[{"count":0,"href":"https:\/\/idecesos.com\/seguros\/wp-json\/wp\/v2\/pages\/21285\/revisions"}],"up":[{"embeddable":true,"href":"https:\/\/idecesos.com\/seguros\/wp-json\/wp\/v2\/pages\/9480"}],"wp:attachment":[{"href":"https:\/\/idecesos.com\/seguros\/wp-json\/wp\/v2\/media?parent=21285"}],"curies":[{"name":"wp","href":"https:\/\/api.w.org\/{rel}","templated":true}]}}