{"id":21313,"date":"2022-05-01T20:37:17","date_gmt":"2022-05-01T20:37:17","guid":{"rendered":"https:\/\/idecesos.com\/seguros\/companias\/patria-hispana\/barcelona\/"},"modified":"2022-05-01T20:37:17","modified_gmt":"2022-05-01T20:37:17","slug":"barcelona","status":"publish","type":"page","link":"https:\/\/idecesos.com\/seguros\/companias\/patria-hispana\/barcelona\/","title":{"rendered":"Oficinas seguros de decesos Patria Hispana en Barcelona"},"content":{"rendered":"<div id=\"ez-toc-container\" class=\"ez-toc-v2_0_82_2 ez-toc-wrap-center counter-hierarchy ez-toc-counter ez-toc-custom ez-toc-container-direction\">\n<div class=\"ez-toc-title-container\">\n<p class=\"ez-toc-title\" style=\"cursor:inherit\">Tabla de Contenido<\/p>\n<span class=\"ez-toc-title-toggle\"><a href=\"#\" class=\"ez-toc-pull-right ez-toc-btn ez-toc-btn-xs ez-toc-btn-default ez-toc-toggle\" aria-label=\"Alternar tabla de contenidos\"><span class=\"ez-toc-js-icon-con\"><span class=\"\"><span class=\"eztoc-hide\" style=\"display:none;\">Toggle<\/span><span class=\"ez-toc-icon-toggle-span\"><svg style=\"fill: #db6415;color:#db6415\" xmlns=\"http:\/\/www.w3.org\/2000\/svg\" class=\"list-377408\" width=\"20px\" height=\"20px\" viewBox=\"0 0 24 24\" fill=\"none\"><path d=\"M6 6H4v2h2V6zm14 0H8v2h12V6zM4 11h2v2H4v-2zm16 0H8v2h12v-2zM4 16h2v2H4v-2zm16 0H8v2h12v-2z\" fill=\"currentColor\"><\/path><\/svg><svg style=\"fill: #db6415;color:#db6415\" class=\"arrow-unsorted-368013\" xmlns=\"http:\/\/www.w3.org\/2000\/svg\" width=\"10px\" height=\"10px\" viewBox=\"0 0 24 24\" version=\"1.2\" baseProfile=\"tiny\"><path d=\"M18.2 9.3l-6.2-6.3-6.2 6.3c-.2.2-.3.4-.3.7s.1.5.3.7c.2.2.4.3.7.3h11c.3 0 .5-.1.7-.3.2-.2.3-.5.3-.7s-.1-.5-.3-.7zM5.8 14.7l6.2 6.3 6.2-6.3c.2-.2.3-.5.3-.7s-.1-.5-.3-.7c-.2-.2-.4-.3-.7-.3h-11c-.3 0-.5.1-.7.3-.2.2-.3.5-.3.7s.1.5.3.7z\"\/><\/svg><\/span><\/span><\/span><\/a><\/span><\/div>\n<nav><ul class='ez-toc-list ez-toc-list-level-1 ' ><li class='ez-toc-page-1 ez-toc-heading-level-2'><a class=\"ez-toc-link ez-toc-heading-1\" href=\"https:\/\/idecesos.com\/seguros\/companias\/patria-hispana\/barcelona\/#Seguro_de_decesos_Patria_Hispana_en_Barcelona\" >Seguro de decesos Patria Hispana en Barcelona<\/a><\/li><li class='ez-toc-page-1 ez-toc-heading-level-2'><a class=\"ez-toc-link ez-toc-heading-2\" href=\"https:\/\/idecesos.com\/seguros\/companias\/patria-hispana\/barcelona\/#Mapa_de_sucursales_de_seguros_Patria_Hispana_en_Barcelona\" >Mapa de sucursales de seguros Patria Hispana en Barcelona<\/a><\/li><li class='ez-toc-page-1 ez-toc-heading-level-2'><a class=\"ez-toc-link ez-toc-heading-3\" href=\"https:\/\/idecesos.com\/seguros\/companias\/patria-hispana\/barcelona\/#Listado_de_agencias_Patria_Hispana_en_Barcelona\" >Listado de agencias Patria Hispana en Barcelona<\/a><\/li><li class='ez-toc-page-1 ez-toc-heading-level-2'><a class=\"ez-toc-link ez-toc-heading-4\" href=\"https:\/\/idecesos.com\/seguros\/companias\/patria-hispana\/barcelona\/#Sucursales_de_seguros_de_decesos_en_Barcelona\" >Sucursales de seguros de decesos en Barcelona<\/a><ul class='ez-toc-list-level-3' ><li class='ez-toc-heading-level-3'><a class=\"ez-toc-link ez-toc-heading-5\" href=\"https:\/\/idecesos.com\/seguros\/companias\/patria-hispana\/barcelona\/#Listado_de_oficinas_Patria_Hispana_en_Espana\" >Listado de oficinas Patria Hispana en Espa\u00f1a<\/a><\/li><li class='ez-toc-page-1 ez-toc-heading-level-3'><a class=\"ez-toc-link ez-toc-heading-6\" href=\"https:\/\/idecesos.com\/seguros\/companias\/patria-hispana\/barcelona\/#Paginas_relacionadas\" >P\u00e1ginas relacionadas<\/a><\/li><\/ul><\/li><\/ul><\/nav><\/div>\n<p><br \/>\n<a href=\"https:\/\/idecesos.com\/seguros\/companias\/patria-hispana\/\"><img decoding=\"async\" class=\" alignleft\" src=\"https:\/\/idecesos.com\/seguros\/wp-content\/uploads\/2021\/10\/Diseno-sin-titulo-32-150x150.png\" alt=\"Seguro de decesos Patria Hispana\" \/><\/a>\u00bfConoces <strong>las distintas oficinas de Patria Hispana<\/strong> en Barcelona? cuentas con una enorme pluralidad a tu alcance donde te resolver\u00e1n todas las incidencias ocurridas como dudas que te pueden llegar a surgir sobre tu p\u00f3liza, cada oficina dispone de un horario flexible. Es importante contar con una sucursal de aseguradora, donde nos den credibilidad, que cuenten con una atenci\u00f3n muy personal, contando que se halle en una ubicaci\u00f3n. <\/p>\n<p>Resulta complicado conocer en qu\u00e9 sitio se halla ciertas oficinas de Patria Hispana en Barcelona hemos querido facilitarte eso, donde te ayudasen a administrar todos los erros que han pasado o bien eludiendo que sucedan, de manera m\u00e1s r\u00e1pida, evitando cualquier problema con tu compa\u00f1\u00eda de seguros. Para efectuar de forma correcta el trascurso del contrato de una p\u00f3liza, es donde puedes asistir a su oficina en el horario establecido. Ayudando en la grande perdida familiar. <\/p>\n<p>Visita nuestra p\u00e1gina de <a href=\"https:\/\/idecesos.com\/seguros\/companias\/patria-hispana\/\">seguros de decesos Patria Hispana<\/a> para m\u00e1s informaci\u00f3n.<\/p>\n<div class=\"colorf \"  ><div class=\"container clearfix\"><div class=\"col-md-7\">\n<h2><span class=\"ez-toc-section\" id=\"Seguro_de_decesos_Patria_Hispana_en_Barcelona\"><\/span>Seguro de decesos Patria Hispana en Barcelona<span class=\"ez-toc-section-end\"><\/span><\/h2>\n<p>Te obsequiamos la informaci\u00f3n de poder conocer de d\u00f3nde dispones de cada oficina de <strong>Patria Hispana en Barcelona<\/strong> result\u00e1ndote m\u00e1s c\u00f3modo, lideramos las listas de empresas aseguradoras de decesos. Ahora es el instante de poder conseguir tu presupuesto de seguro con una forma inmediata, no vaciles m\u00e1s y pon soluci\u00f3n a tus problemas con las herramientas que te facilitamos. \u00bfDe qu\u00e9 forma ahorrar tiempo? Tan sencillo como obtener la informaci\u00f3n que necesites en menos de un 1 minuto, para que lo gestiones de una forma m\u00e1s sencilla. <\/p>\n<p><strong>Ver m\u00e1s:<\/strong> <a href=\"https:\/\/idecesos.com\/seguros\/ciudades\/barcelona\/\">Seguros de decesos en Barcelona<\/a><\/p>\n<p>Nos hemos propuesto atender todos tus inconvenientes y queden solventados, por esta raz\u00f3n hemos tra\u00eddo este formulario donde vas a tener paso a tu presupuesto amoldado a ti. Cuando realizamos un pago, nos gusta saber a d\u00f3nde va nuestro dinero, por ellos te mostramos el desglose donde lo veras de una manera m\u00e1s clara. En todo momento veras los pagos que realizases en los pr\u00f3ximos meses, y de este modo evitaras cualquier error. Ahorr\u00e1ndote cualquier g\u00e9nero de gasto, encima de sin costo siempre y en todo momento adapt\u00e1ndose a ti. haz clic en presupuesto y obt\u00e9n el tuyo sin necesidades de registros. Aseguramos que tengas la tranquilidad que te mereces, de ah\u00ed que te obsequiamos toda la informaci\u00f3n que necesites sin compromiso alguno. <\/p>\n<p><\/div><\/div><\/div>\n\t\t<hr class=\"separador\">\n\t\t<div class=\"bloque-accion\">\n\t\t<p class=\"txt-accion\">Calcula el precio de tu seguro de decesos en menos de 1 minuto<\/p>\n\t\t<a class=\"btn-accion\" href=\"https:\/\/idecesos.com\/\">CALCULAR<\/a>\n\t\t<\/div>\n\t\t<hr class=\"separador\">\n\t\t<\/p>\n<h2><span class=\"ez-toc-section\" id=\"Mapa_de_sucursales_de_seguros_Patria_Hispana_en_Barcelona\"><\/span>Mapa de sucursales de seguros Patria Hispana en Barcelona<span class=\"ez-toc-section-end\"><\/span><\/h2>\n<p>Oficinas de mapa de Patria Hispana en Barcelona real\u00edzalo de manera f\u00e1cil y en solo menos de 1 minuto. De manera de que el d\u00eda que nos sea preciso, nos ahorremos el tiempo de estar realizando b\u00fasquedas lar gas e in\u00fatiles como innecesarias. Teniendo de ello diferentes opciones. Cuentas con nuestro mejor aliado que es la fiabilidad como garant\u00eda en tu b\u00fasqueda. <\/p>\n<p><iframe class=\"page-generator-pro-map\" width=\"100%\" height=\"400\" frameborder=\"0\" style=\"border:0\" src=\"https:\/\/www.google.com\/maps\/embed\/v1\/place?q=Malgrat+de+Mar%2C+Espa%C3%B1a&#038;zoom=14&#038;maptype=roadmap&#038;key=AIzaSyCNTEOso0tZG6YMSJFoaJEY5Th1stEWrJI\" allowfullscreen><\/iframe><\/p>\n<div class=\"colorf\"><div class=\"container clearfix\"><div class=\"col-md-7\"><div class=\"empresas\">\n<h2><span class=\"ez-toc-section\" id=\"Listado_de_agencias_Patria_Hispana_en_Barcelona\"><\/span>Listado de agencias Patria Hispana en Barcelona<span class=\"ez-toc-section-end\"><\/span><\/h2>\n<ul>\n<li><strong>Compa\u00f1\u00eda de seguros Espa\u00f1a:<\/strong> 08380<\/li>\n<\/ul>\n<\/div><\/div><\/div><\/div>\n<h2><span class=\"ez-toc-section\" id=\"Sucursales_de_seguros_de_decesos_en_Barcelona\"><\/span>Sucursales de seguros de decesos en Barcelona<span class=\"ez-toc-section-end\"><\/span><\/h2>\n<p>Te damos la soluci\u00f3n a tu rompederos de cabeza, te facilitamos un gran listado de seguros de decesos en Barcelona, accediendo a el de forma veloz y f\u00e1cil. Tendr\u00e1s en mano la informaci\u00f3n de cada uno de los nombrados. No te quedes sin resolver tus dudas, con tan solo un click tendr\u00e1s todo lo que precisas saber. Te lo hemos puesto tan sencillo, que nunca dudaras de nuestro trabajo. <\/p>\n<div class=\"colorf\"><div class=\"container clearfix\"><div class=\"col-md-7\"><div class=\"empresas\">\n<h3><span class=\"ez-toc-section\" id=\"Listado_de_oficinas_Patria_Hispana_en_Espana\"><\/span>Listado de oficinas Patria Hispana en Espa\u00f1a<span class=\"ez-toc-section-end\"><\/span><\/h3>\n<p><!-- Shortcode [patria-hispana-oficinas] does not exist --><\/div><\/div><\/div><\/div><\/p>\n<p><div class=\"oficinas\"><br \/>\n<h3><span class=\"ez-toc-section\" id=\"Paginas_relacionadas\"><\/span>P\u00e1ginas relacionadas<span class=\"ez-toc-section-end\"><\/span><\/h3><div class=\"enlazado\"><ul> <li><a href=\"https:\/\/idecesos.com\/seguros\/companias\/patria-hispana\/opiniones\/\">Opiniones Patria Hispana<\/a><\/li> <li><a href=\"https:\/\/idecesos.com\/seguros\/companias\/patria-hispana\/precio\/\">Precio seguro Patria Hispana<\/a><\/li> <li><a href=\"https:\/\/idecesos.com\/seguros\/companias\/patria-hispana\/prima-mixta\/\">Patria Hispana Prima Mixta<\/a><\/li> <li><a href=\"https:\/\/idecesos.com\/seguros\/companias\/patria-hispana\/prima-natural\/\">Patria Hispana Prima Natural<\/a><\/li> <li><a href=\"https:\/\/idecesos.com\/seguros\/companias\/patria-hispana\/prima-nivelada\/\">Patria Hispana Prima Nivelada<\/a><\/li> <li><a href=\"https:\/\/idecesos.com\/seguros\/companias\/patria-hispana\/prima-unica\/\">Patria Hispana Prima \u00danica<\/a><\/li> <li><a href=\"https:\/\/idecesos.com\/seguros\/companias\/patria-hispana\/repatriacion\/\">Patria Hispana Repatriaci\u00f3n<\/a><\/li> <li><a href=\"https:\/\/idecesos.com\/seguros\/companias\/patria-hispana\/telefono\/\">Tel\u00e9fono Gratuito Patria Hispana<\/a><\/li><\/ul><\/div><br \/>\n<\/div><\/p>\n","protected":false},"excerpt":{"rendered":"<p>\u00bfConoces las distintas oficinas de Patria Hispana en Barcelona? cuentas con una enorme pluralidad a tu alcance donde te resolver\u00e1n todas las incidencias ocurridas como dudas que te pueden llegar a surgir sobre tu p\u00f3liza, cada oficina dispone de un horario flexible. Es importante contar con una sucursal de aseguradora, donde nos den credibilidad, que&hellip; <\/p>\n","protected":false},"author":0,"featured_media":0,"parent":439,"menu_order":0,"comment_status":"closed","ping_status":"closed","template":"single.php","meta":{"footnotes":""},"class_list":["post-21313","page","type-page","status-publish","hentry"],"yoast_head":"<!-- This site is optimized with the Yoast SEO plugin v27.3 - https:\/\/yoast.com\/product\/yoast-seo-wordpress\/ -->\n<title>Oficinas Patria Hispana en Barcelona \u25b7Tel\u00e9fonos, Horarios, Direcci\u00f3n<\/title>\n<meta name=\"description\" content=\"Lista completa de Oficinas Patria Hispana en Barcelona Horarios, \u2706 tel\u00e9fonos y direcciones actualizados en 2026 \u2611\ufe0f Verificado por iDecesos.\" \/>\n<meta name=\"robots\" content=\"index, follow, max-snippet:-1, max-image-preview:large, max-video-preview:-1\" \/>\n<link rel=\"canonical\" href=\"https:\/\/idecesos.com\/seguros\/companias\/patria-hispana\/barcelona\/\" \/>\n<meta property=\"og:locale\" content=\"es_ES\" \/>\n<meta property=\"og:type\" content=\"article\" \/>\n<meta property=\"og:title\" content=\"Oficinas Patria Hispana en Barcelona \u25b7Tel\u00e9fonos, Horarios, Direcci\u00f3n\" \/>\n<meta property=\"og:description\" content=\"Lista completa de Oficinas Patria Hispana en Barcelona Horarios, \u2706 tel\u00e9fonos y direcciones actualizados en 2026 \u2611\ufe0f Verificado por iDecesos.\" \/>\n<meta property=\"og:url\" content=\"https:\/\/idecesos.com\/seguros\/companias\/patria-hispana\/barcelona\/\" \/>\n<meta property=\"og:image\" content=\"https:\/\/idecesos.com\/seguros\/wp-content\/uploads\/2021\/10\/Diseno-sin-titulo-32-150x150.png\" \/>\n<meta name=\"twitter:card\" content=\"summary_large_image\" \/>\n<meta name=\"twitter:label1\" content=\"Tiempo de lectura\" \/>\n\t<meta name=\"twitter:data1\" content=\"39 minutos\" \/>\n<script type=\"application\/ld+json\" class=\"yoast-schema-graph\">{\"@context\":\"https:\\\/\\\/schema.org\",\"@graph\":[{\"@type\":\"WebPage\",\"@id\":\"https:\\\/\\\/idecesos.com\\\/seguros\\\/companias\\\/patria-hispana\\\/barcelona\\\/\",\"url\":\"https:\\\/\\\/idecesos.com\\\/seguros\\\/companias\\\/patria-hispana\\\/barcelona\\\/\",\"name\":\"Oficinas Patria Hispana en Barcelona \u25b7Tel\u00e9fonos, Horarios, Direcci\u00f3n\",\"isPartOf\":{\"@id\":\"https:\\\/\\\/idecesos.com\\\/seguros\\\/#website\"},\"primaryImageOfPage\":{\"@id\":\"https:\\\/\\\/idecesos.com\\\/seguros\\\/companias\\\/patria-hispana\\\/barcelona\\\/#primaryimage\"},\"image\":{\"@id\":\"https:\\\/\\\/idecesos.com\\\/seguros\\\/companias\\\/patria-hispana\\\/barcelona\\\/#primaryimage\"},\"thumbnailUrl\":\"https:\\\/\\\/idecesos.com\\\/seguros\\\/wp-content\\\/uploads\\\/2021\\\/10\\\/Diseno-sin-titulo-32-150x150.png\",\"datePublished\":\"2022-05-01T20:37:17+00:00\",\"description\":\"Lista completa de Oficinas Patria Hispana en Barcelona Horarios, \u2706 tel\u00e9fonos y direcciones actualizados en 2026 \u2611\ufe0f Verificado por iDecesos.\",\"breadcrumb\":{\"@id\":\"https:\\\/\\\/idecesos.com\\\/seguros\\\/companias\\\/patria-hispana\\\/barcelona\\\/#breadcrumb\"},\"inLanguage\":\"es\",\"potentialAction\":[{\"@type\":\"ReadAction\",\"target\":[\"https:\\\/\\\/idecesos.com\\\/seguros\\\/companias\\\/patria-hispana\\\/barcelona\\\/\"]}]},{\"@type\":\"ImageObject\",\"inLanguage\":\"es\",\"@id\":\"https:\\\/\\\/idecesos.com\\\/seguros\\\/companias\\\/patria-hispana\\\/barcelona\\\/#primaryimage\",\"url\":\"https:\\\/\\\/idecesos.com\\\/seguros\\\/wp-content\\\/uploads\\\/2021\\\/10\\\/Diseno-sin-titulo-32.png\",\"contentUrl\":\"https:\\\/\\\/idecesos.com\\\/seguros\\\/wp-content\\\/uploads\\\/2021\\\/10\\\/Diseno-sin-titulo-32.png\",\"width\":200,\"height\":200},{\"@type\":\"BreadcrumbList\",\"@id\":\"https:\\\/\\\/idecesos.com\\\/seguros\\\/companias\\\/patria-hispana\\\/barcelona\\\/#breadcrumb\",\"itemListElement\":[{\"@type\":\"ListItem\",\"position\":1,\"name\":\"Portada\",\"item\":\"https:\\\/\\\/idecesos.com\\\/seguros\\\/\"},{\"@type\":\"ListItem\",\"position\":2,\"name\":\"Compa\u00f1\u00edas de Seguros de Decesos en Espa\u00f1a\",\"item\":\"https:\\\/\\\/idecesos.com\\\/seguros\\\/companias\\\/\"},{\"@type\":\"ListItem\",\"position\":3,\"name\":\"Seguro de Decesos Patria Hispana\",\"item\":\"https:\\\/\\\/idecesos.com\\\/seguros\\\/companias\\\/patria-hispana\\\/\"},{\"@type\":\"ListItem\",\"position\":4,\"name\":\"Oficinas seguros de decesos Patria Hispana en Barcelona\"}]},{\"@type\":\"WebSite\",\"@id\":\"https:\\\/\\\/idecesos.com\\\/seguros\\\/#website\",\"url\":\"https:\\\/\\\/idecesos.com\\\/seguros\\\/\",\"name\":\"\",\"description\":\"\",\"potentialAction\":[{\"@type\":\"SearchAction\",\"target\":{\"@type\":\"EntryPoint\",\"urlTemplate\":\"https:\\\/\\\/idecesos.com\\\/seguros\\\/?s={search_term_string}\"},\"query-input\":{\"@type\":\"PropertyValueSpecification\",\"valueRequired\":true,\"valueName\":\"search_term_string\"}}],\"inLanguage\":\"es\"}]}<\/script>\n<!-- \/ Yoast SEO plugin. -->","yoast_head_json":{"title":"Oficinas Patria Hispana en Barcelona \u25b7Tel\u00e9fonos, Horarios, Direcci\u00f3n","description":"Lista completa de Oficinas Patria Hispana en Barcelona Horarios, \u2706 tel\u00e9fonos y direcciones actualizados en 2026 \u2611\ufe0f Verificado por iDecesos.","robots":{"index":"index","follow":"follow","max-snippet":"max-snippet:-1","max-image-preview":"max-image-preview:large","max-video-preview":"max-video-preview:-1"},"canonical":"https:\/\/idecesos.com\/seguros\/companias\/patria-hispana\/barcelona\/","og_locale":"es_ES","og_type":"article","og_title":"Oficinas Patria Hispana en Barcelona \u25b7Tel\u00e9fonos, Horarios, Direcci\u00f3n","og_description":"Lista completa de Oficinas Patria Hispana en Barcelona Horarios, \u2706 tel\u00e9fonos y direcciones actualizados en 2026 \u2611\ufe0f Verificado por iDecesos.","og_url":"https:\/\/idecesos.com\/seguros\/companias\/patria-hispana\/barcelona\/","og_image":[{"url":"https:\/\/idecesos.com\/seguros\/wp-content\/uploads\/2021\/10\/Diseno-sin-titulo-32-150x150.png","type":"","width":"","height":""}],"twitter_card":"summary_large_image","twitter_misc":{"Tiempo de lectura":"39 minutos"},"schema":{"@context":"https:\/\/schema.org","@graph":[{"@type":"WebPage","@id":"https:\/\/idecesos.com\/seguros\/companias\/patria-hispana\/barcelona\/","url":"https:\/\/idecesos.com\/seguros\/companias\/patria-hispana\/barcelona\/","name":"Oficinas Patria Hispana en Barcelona \u25b7Tel\u00e9fonos, Horarios, Direcci\u00f3n","isPartOf":{"@id":"https:\/\/idecesos.com\/seguros\/#website"},"primaryImageOfPage":{"@id":"https:\/\/idecesos.com\/seguros\/companias\/patria-hispana\/barcelona\/#primaryimage"},"image":{"@id":"https:\/\/idecesos.com\/seguros\/companias\/patria-hispana\/barcelona\/#primaryimage"},"thumbnailUrl":"https:\/\/idecesos.com\/seguros\/wp-content\/uploads\/2021\/10\/Diseno-sin-titulo-32-150x150.png","datePublished":"2022-05-01T20:37:17+00:00","description":"Lista completa de Oficinas Patria Hispana en Barcelona Horarios, \u2706 tel\u00e9fonos y direcciones actualizados en 2026 \u2611\ufe0f Verificado por iDecesos.","breadcrumb":{"@id":"https:\/\/idecesos.com\/seguros\/companias\/patria-hispana\/barcelona\/#breadcrumb"},"inLanguage":"es","potentialAction":[{"@type":"ReadAction","target":["https:\/\/idecesos.com\/seguros\/companias\/patria-hispana\/barcelona\/"]}]},{"@type":"ImageObject","inLanguage":"es","@id":"https:\/\/idecesos.com\/seguros\/companias\/patria-hispana\/barcelona\/#primaryimage","url":"https:\/\/idecesos.com\/seguros\/wp-content\/uploads\/2021\/10\/Diseno-sin-titulo-32.png","contentUrl":"https:\/\/idecesos.com\/seguros\/wp-content\/uploads\/2021\/10\/Diseno-sin-titulo-32.png","width":200,"height":200},{"@type":"BreadcrumbList","@id":"https:\/\/idecesos.com\/seguros\/companias\/patria-hispana\/barcelona\/#breadcrumb","itemListElement":[{"@type":"ListItem","position":1,"name":"Portada","item":"https:\/\/idecesos.com\/seguros\/"},{"@type":"ListItem","position":2,"name":"Compa\u00f1\u00edas de Seguros de Decesos en Espa\u00f1a","item":"https:\/\/idecesos.com\/seguros\/companias\/"},{"@type":"ListItem","position":3,"name":"Seguro de Decesos Patria Hispana","item":"https:\/\/idecesos.com\/seguros\/companias\/patria-hispana\/"},{"@type":"ListItem","position":4,"name":"Oficinas seguros de decesos Patria Hispana en Barcelona"}]},{"@type":"WebSite","@id":"https:\/\/idecesos.com\/seguros\/#website","url":"https:\/\/idecesos.com\/seguros\/","name":"","description":"","potentialAction":[{"@type":"SearchAction","target":{"@type":"EntryPoint","urlTemplate":"https:\/\/idecesos.com\/seguros\/?s={search_term_string}"},"query-input":{"@type":"PropertyValueSpecification","valueRequired":true,"valueName":"search_term_string"}}],"inLanguage":"es"}]}},"_links":{"self":[{"href":"https:\/\/idecesos.com\/seguros\/wp-json\/wp\/v2\/pages\/21313","targetHints":{"allow":["GET"]}}],"collection":[{"href":"https:\/\/idecesos.com\/seguros\/wp-json\/wp\/v2\/pages"}],"about":[{"href":"https:\/\/idecesos.com\/seguros\/wp-json\/wp\/v2\/types\/page"}],"replies":[{"embeddable":true,"href":"https:\/\/idecesos.com\/seguros\/wp-json\/wp\/v2\/comments?post=21313"}],"version-history":[{"count":0,"href":"https:\/\/idecesos.com\/seguros\/wp-json\/wp\/v2\/pages\/21313\/revisions"}],"up":[{"embeddable":true,"href":"https:\/\/idecesos.com\/seguros\/wp-json\/wp\/v2\/pages\/439"}],"wp:attachment":[{"href":"https:\/\/idecesos.com\/seguros\/wp-json\/wp\/v2\/media?parent=21313"}],"curies":[{"name":"wp","href":"https:\/\/api.w.org\/{rel}","templated":true}]}}