{"id":21320,"date":"2022-05-01T20:37:21","date_gmt":"2022-05-01T20:37:21","guid":{"rendered":"https:\/\/idecesos.com\/seguros\/companias\/patria-hispana\/granada\/"},"modified":"2022-05-01T20:37:21","modified_gmt":"2022-05-01T20:37:21","slug":"granada","status":"publish","type":"page","link":"https:\/\/idecesos.com\/seguros\/companias\/patria-hispana\/granada\/","title":{"rendered":"Oficinas seguros de decesos Patria Hispana en Granada"},"content":{"rendered":"<div id=\"ez-toc-container\" class=\"ez-toc-v2_0_82_2 ez-toc-wrap-center counter-hierarchy ez-toc-counter ez-toc-custom ez-toc-container-direction\">\n<div class=\"ez-toc-title-container\">\n<p class=\"ez-toc-title\" style=\"cursor:inherit\">Tabla de Contenido<\/p>\n<span class=\"ez-toc-title-toggle\"><a href=\"#\" class=\"ez-toc-pull-right ez-toc-btn ez-toc-btn-xs ez-toc-btn-default ez-toc-toggle\" aria-label=\"Alternar tabla de contenidos\"><span class=\"ez-toc-js-icon-con\"><span class=\"\"><span class=\"eztoc-hide\" style=\"display:none;\">Toggle<\/span><span class=\"ez-toc-icon-toggle-span\"><svg style=\"fill: #db6415;color:#db6415\" xmlns=\"http:\/\/www.w3.org\/2000\/svg\" class=\"list-377408\" width=\"20px\" height=\"20px\" viewBox=\"0 0 24 24\" fill=\"none\"><path d=\"M6 6H4v2h2V6zm14 0H8v2h12V6zM4 11h2v2H4v-2zm16 0H8v2h12v-2zM4 16h2v2H4v-2zm16 0H8v2h12v-2z\" fill=\"currentColor\"><\/path><\/svg><svg style=\"fill: #db6415;color:#db6415\" class=\"arrow-unsorted-368013\" xmlns=\"http:\/\/www.w3.org\/2000\/svg\" width=\"10px\" height=\"10px\" viewBox=\"0 0 24 24\" version=\"1.2\" baseProfile=\"tiny\"><path d=\"M18.2 9.3l-6.2-6.3-6.2 6.3c-.2.2-.3.4-.3.7s.1.5.3.7c.2.2.4.3.7.3h11c.3 0 .5-.1.7-.3.2-.2.3-.5.3-.7s-.1-.5-.3-.7zM5.8 14.7l6.2 6.3 6.2-6.3c.2-.2.3-.5.3-.7s-.1-.5-.3-.7c-.2-.2-.4-.3-.7-.3h-11c-.3 0-.5.1-.7.3-.2.2-.3.5-.3.7s.1.5.3.7z\"\/><\/svg><\/span><\/span><\/span><\/a><\/span><\/div>\n<nav><ul class='ez-toc-list ez-toc-list-level-1 ' ><li class='ez-toc-page-1 ez-toc-heading-level-2'><a class=\"ez-toc-link ez-toc-heading-1\" href=\"https:\/\/idecesos.com\/seguros\/companias\/patria-hispana\/granada\/#Seguro_de_decesos_Patria_Hispana_en_Granada\" >Seguro de decesos Patria Hispana en Granada<\/a><\/li><li class='ez-toc-page-1 ez-toc-heading-level-2'><a class=\"ez-toc-link ez-toc-heading-2\" href=\"https:\/\/idecesos.com\/seguros\/companias\/patria-hispana\/granada\/#Mapa_de_agencias_de_seguros_Patria_Hispana_en_Granada\" >Mapa de agencias de seguros Patria Hispana en Granada<\/a><\/li><li class='ez-toc-page-1 ez-toc-heading-level-2'><a class=\"ez-toc-link ez-toc-heading-3\" href=\"https:\/\/idecesos.com\/seguros\/companias\/patria-hispana\/granada\/#Listado_de_sucursales_Patria_Hispana_en_Granada\" >Listado de sucursales Patria Hispana en Granada<\/a><\/li><li class='ez-toc-page-1 ez-toc-heading-level-2'><a class=\"ez-toc-link ez-toc-heading-4\" href=\"https:\/\/idecesos.com\/seguros\/companias\/patria-hispana\/granada\/#Agencias_de_seguros_de_decesos_en_Granada\" >Agencias de seguros de decesos en Granada<\/a><ul class='ez-toc-list-level-3' ><li class='ez-toc-heading-level-3'><a class=\"ez-toc-link ez-toc-heading-5\" href=\"https:\/\/idecesos.com\/seguros\/companias\/patria-hispana\/granada\/#Listado_de_oficinas_Patria_Hispana_en_Espana\" >Listado de oficinas Patria Hispana en Espa\u00f1a<\/a><\/li><li class='ez-toc-page-1 ez-toc-heading-level-3'><a class=\"ez-toc-link ez-toc-heading-6\" href=\"https:\/\/idecesos.com\/seguros\/companias\/patria-hispana\/granada\/#Paginas_relacionadas\" >P\u00e1ginas relacionadas<\/a><\/li><\/ul><\/li><\/ul><\/nav><\/div>\n<p><br \/>\n<a href=\"https:\/\/idecesos.com\/seguros\/companias\/patria-hispana\/\"><img decoding=\"async\" class=\" alignleft\" src=\"https:\/\/idecesos.com\/seguros\/wp-content\/uploads\/2021\/10\/Diseno-sin-titulo-32-150x150.png\" alt=\"Seguro de decesos Patria Hispana\" \/><\/a>Gracias a nosotros vas a conocer la enorme pluralidad de locales de Patria Hispana en Granada, donde solventaran cualquier error que pueda surgir o diferentes dudas en el momento de la tramitaci\u00f3n de tu p\u00f3liza. Adapt\u00e1ndote a los horarios marcador por cada uno de ellos. Siempre y cuando va a depender de la oficina de seguro, es esencial poder contar con un servicio m\u00e1s personal y que se encuentre cerca, para que puedan apoyar tus problemas en cualquier momento. <\/p>\n<p>\u00bfHas pensando alguna vez las que dispones a tu alrededor?Te resultara tan c\u00f3modo o bien eficaz saber exactamente en qu\u00e9 lugar se hallan las diferentes oficinas de cada Patria Hispana. Siendo uno de los motivos que nos solventaran cualquier inconveniente que pueda surgir.<br \/>\nAhora encuentra las diferentes <strong>oficinas de Patria Hispana en cada Granada<\/strong> con las caracter\u00edsticas m\u00e1s necesarias, donde te garantizan un proceso seguro para dar con tu oficina referente y de confianza. <\/p>\n<p>Visita nuestra p\u00e1gina de <a href=\"https:\/\/idecesos.com\/seguros\/companias\/patria-hispana\/\">seguros de decesos Patria Hispana<\/a> para m\u00e1s informaci\u00f3n.<\/p>\n<div class=\"colorf \"  ><div class=\"container clearfix\"><div class=\"col-md-7\">\n<h2><span class=\"ez-toc-section\" id=\"Seguro_de_decesos_Patria_Hispana_en_Granada\"><\/span>Seguro de decesos Patria Hispana en Granada<span class=\"ez-toc-section-end\"><\/span><\/h2>\n<p>Prevenir los errores que puedan ocasionar o bien surgir a lo largo de la gesti\u00f3n documentaria. Te damos esa tranquilidad de que jam\u00e1s suceder\u00e1. Teniendo en cuenta que cubren sus deseos en la circunstancia que se halle. Servicio de delegaciones de Patria Hispana en Granada va direccionado para aquellas personas que necesiten solucionar de manera eficiente cualquier administraci\u00f3n a este respecto y se haga de manera inmediata. Conseguir\u00e1s de manera m\u00e1s productiva la soluci\u00f3n al fallo siendo un proceso m\u00e1s simple y conveniente. <\/p>\n<p><strong>Ver m\u00e1s:<\/strong> <a href=\"https:\/\/idecesos.com\/seguros\/ciudades\/granada\/\">Seguros de decesos en Granada<\/a><\/p>\n<p>Cuentas con un formulario que te dar\u00e1 toda la informaci\u00f3n que necesites o consideres oportunas. Pudiendo de esta forma pedir cita anterior para asistir presencialmente a las delegaciones pertinentes de Patria Hispana en Granada. Cuenta con la seguridad de que solo recibir\u00e1 la informaci\u00f3n que hayas requerido. El formulario esta desarrollado a fin de que tenga la informaci\u00f3n necesaria y sin ning\u00fan problema a la hora de adquirir su cita previa. Asegurando la seguridad de la gesti\u00f3n de sus datos. <\/p>\n<p><\/div><\/div><\/div>\n\t\t<hr class=\"separador\">\n\t\t<div class=\"bloque-accion\">\n\t\t<p class=\"txt-accion\">Calcula el precio de tu seguro de decesos en menos de 1 minuto<\/p>\n\t\t<a class=\"btn-accion\" href=\"https:\/\/idecesos.com\/\">CALCULAR<\/a>\n\t\t<\/div>\n\t\t<hr class=\"separador\">\n\t\t<\/p>\n<h2><span class=\"ez-toc-section\" id=\"Mapa_de_agencias_de_seguros_Patria_Hispana_en_Granada\"><\/span>Mapa de agencias de seguros Patria Hispana en Granada<span class=\"ez-toc-section-end\"><\/span><\/h2>\n<p>Localizador de oficinas de Patria Hispana en Granada nos da la enorme oportunidad de conocer donde podemos saber en qu\u00e9 sitios se encuentran, asimismo es esencial contar con un mapa por Granada de las oficinas de Patria Hispana te aseguramos que tengas la informaci\u00f3n que se ajuste a ti en todo instante. Cada informaci\u00f3n que te aportamos cuenta con nuestro filtro de seguridad a fin de que sea fiable en todo instante. <\/p>\n<p><iframe class=\"page-generator-pro-map\" width=\"100%\" height=\"400\" frameborder=\"0\" style=\"border:0\" src=\"https:\/\/www.google.com\/maps\/embed\/v1\/place?q=Granada%2C+Espa%C3%B1a&#038;zoom=14&#038;maptype=roadmap&#038;key=AIzaSyCNTEOso0tZG6YMSJFoaJEY5Th1stEWrJI\" allowfullscreen><\/iframe><\/p>\n<div class=\"colorf\"><div class=\"container clearfix\"><div class=\"col-md-7\"><div class=\"empresas\">\n<h2><span class=\"ez-toc-section\" id=\"Listado_de_sucursales_Patria_Hispana_en_Granada\"><\/span>Listado de sucursales Patria Hispana en Granada<span class=\"ez-toc-section-end\"><\/span><\/h2>\n<ul>\n<li><strong>Compa\u00f1\u00eda de seguros Espa\u00f1a:<\/strong> 18005<\/li>\n<\/ul>\n<\/div><\/div><\/div><\/div>\n<h2><span class=\"ez-toc-section\" id=\"Agencias_de_seguros_de_decesos_en_Granada\"><\/span>Agencias de seguros de decesos en Granada<span class=\"ez-toc-section-end\"><\/span><\/h2>\n<p>\u00bfSin precisar registros? evit\u00e1ndote ese proceso tan incomodo como bastante dif\u00edcil, vas a poder ver todo el enorme listado que hemos realizado a fin de que tengas libre en cada momento, contando con su actualizaci\u00f3n peri\u00f3dicamente, <strong>cada seguros de decesos en Granada<\/strong>. Tan f\u00e1cil que vas a tener toda la informaci\u00f3n de cada uno de ellos, vas a tener cualquier duda resulta gracias a sus datos que contienen. <\/p>\n<div class=\"colorf\"><div class=\"container clearfix\"><div class=\"col-md-7\"><div class=\"empresas\">\n<h3><span class=\"ez-toc-section\" id=\"Listado_de_oficinas_Patria_Hispana_en_Espana\"><\/span>Listado de oficinas Patria Hispana en Espa\u00f1a<span class=\"ez-toc-section-end\"><\/span><\/h3>\n<p><!-- Shortcode [patria-hispana-oficinas] does not exist --><\/div><\/div><\/div><\/div><\/p>\n<p><div class=\"oficinas\"><br \/>\n<h3><span class=\"ez-toc-section\" id=\"Paginas_relacionadas\"><\/span>P\u00e1ginas relacionadas<span class=\"ez-toc-section-end\"><\/span><\/h3><div class=\"enlazado\"><ul> <li><a href=\"https:\/\/idecesos.com\/seguros\/companias\/patria-hispana\/opiniones\/\">Opiniones Patria Hispana<\/a><\/li> <li><a href=\"https:\/\/idecesos.com\/seguros\/companias\/patria-hispana\/precio\/\">Precio seguro Patria Hispana<\/a><\/li> <li><a href=\"https:\/\/idecesos.com\/seguros\/companias\/patria-hispana\/prima-mixta\/\">Patria Hispana Prima Mixta<\/a><\/li> <li><a href=\"https:\/\/idecesos.com\/seguros\/companias\/patria-hispana\/prima-natural\/\">Patria Hispana Prima Natural<\/a><\/li> <li><a href=\"https:\/\/idecesos.com\/seguros\/companias\/patria-hispana\/prima-nivelada\/\">Patria Hispana Prima Nivelada<\/a><\/li> <li><a href=\"https:\/\/idecesos.com\/seguros\/companias\/patria-hispana\/prima-unica\/\">Patria Hispana Prima \u00danica<\/a><\/li> <li><a href=\"https:\/\/idecesos.com\/seguros\/companias\/patria-hispana\/repatriacion\/\">Patria Hispana Repatriaci\u00f3n<\/a><\/li> <li><a href=\"https:\/\/idecesos.com\/seguros\/companias\/patria-hispana\/telefono\/\">Tel\u00e9fono Gratuito Patria Hispana<\/a><\/li><\/ul><\/div><br \/>\n<\/div><\/p>\n","protected":false},"excerpt":{"rendered":"<p>Gracias a nosotros vas a conocer la enorme pluralidad de locales de Patria Hispana en Granada, donde solventaran cualquier error que pueda surgir o diferentes dudas en el momento de la tramitaci\u00f3n de tu p\u00f3liza. Adapt\u00e1ndote a los horarios marcador por cada uno de ellos. Siempre y cuando va a depender de la oficina de&hellip; <\/p>\n","protected":false},"author":0,"featured_media":0,"parent":439,"menu_order":0,"comment_status":"closed","ping_status":"closed","template":"single.php","meta":{"footnotes":""},"class_list":["post-21320","page","type-page","status-publish","hentry"],"yoast_head":"<!-- This site is optimized with the Yoast SEO plugin v27.3 - https:\/\/yoast.com\/product\/yoast-seo-wordpress\/ -->\n<title>Oficinas Patria Hispana en Granada \u25b7Tel\u00e9fonos, Horarios, Direcci\u00f3n<\/title>\n<meta name=\"description\" content=\"Lista completa de Oficinas Patria Hispana en Granada Horarios, \u2706 tel\u00e9fonos y direcciones actualizados en 2026 \u2611\ufe0f Verificado por iDecesos.\" \/>\n<meta name=\"robots\" content=\"index, follow, max-snippet:-1, max-image-preview:large, max-video-preview:-1\" \/>\n<link rel=\"canonical\" href=\"https:\/\/idecesos.com\/seguros\/companias\/patria-hispana\/granada\/\" \/>\n<meta property=\"og:locale\" content=\"es_ES\" \/>\n<meta property=\"og:type\" content=\"article\" \/>\n<meta property=\"og:title\" content=\"Oficinas Patria Hispana en Granada \u25b7Tel\u00e9fonos, Horarios, Direcci\u00f3n\" \/>\n<meta property=\"og:description\" content=\"Lista completa de Oficinas Patria Hispana en Granada Horarios, \u2706 tel\u00e9fonos y direcciones actualizados en 2026 \u2611\ufe0f Verificado por iDecesos.\" \/>\n<meta property=\"og:url\" content=\"https:\/\/idecesos.com\/seguros\/companias\/patria-hispana\/granada\/\" \/>\n<meta property=\"og:image\" content=\"https:\/\/idecesos.com\/seguros\/wp-content\/uploads\/2021\/10\/Diseno-sin-titulo-32-150x150.png\" \/>\n<meta name=\"twitter:card\" content=\"summary_large_image\" \/>\n<meta name=\"twitter:label1\" content=\"Tiempo de lectura\" \/>\n\t<meta name=\"twitter:data1\" content=\"39 minutos\" \/>\n<script type=\"application\/ld+json\" class=\"yoast-schema-graph\">{\"@context\":\"https:\\\/\\\/schema.org\",\"@graph\":[{\"@type\":\"WebPage\",\"@id\":\"https:\\\/\\\/idecesos.com\\\/seguros\\\/companias\\\/patria-hispana\\\/granada\\\/\",\"url\":\"https:\\\/\\\/idecesos.com\\\/seguros\\\/companias\\\/patria-hispana\\\/granada\\\/\",\"name\":\"Oficinas Patria Hispana en Granada \u25b7Tel\u00e9fonos, Horarios, Direcci\u00f3n\",\"isPartOf\":{\"@id\":\"https:\\\/\\\/idecesos.com\\\/seguros\\\/#website\"},\"primaryImageOfPage\":{\"@id\":\"https:\\\/\\\/idecesos.com\\\/seguros\\\/companias\\\/patria-hispana\\\/granada\\\/#primaryimage\"},\"image\":{\"@id\":\"https:\\\/\\\/idecesos.com\\\/seguros\\\/companias\\\/patria-hispana\\\/granada\\\/#primaryimage\"},\"thumbnailUrl\":\"https:\\\/\\\/idecesos.com\\\/seguros\\\/wp-content\\\/uploads\\\/2021\\\/10\\\/Diseno-sin-titulo-32-150x150.png\",\"datePublished\":\"2022-05-01T20:37:21+00:00\",\"description\":\"Lista completa de Oficinas Patria Hispana en Granada Horarios, \u2706 tel\u00e9fonos y direcciones actualizados en 2026 \u2611\ufe0f Verificado por iDecesos.\",\"breadcrumb\":{\"@id\":\"https:\\\/\\\/idecesos.com\\\/seguros\\\/companias\\\/patria-hispana\\\/granada\\\/#breadcrumb\"},\"inLanguage\":\"es\",\"potentialAction\":[{\"@type\":\"ReadAction\",\"target\":[\"https:\\\/\\\/idecesos.com\\\/seguros\\\/companias\\\/patria-hispana\\\/granada\\\/\"]}]},{\"@type\":\"ImageObject\",\"inLanguage\":\"es\",\"@id\":\"https:\\\/\\\/idecesos.com\\\/seguros\\\/companias\\\/patria-hispana\\\/granada\\\/#primaryimage\",\"url\":\"https:\\\/\\\/idecesos.com\\\/seguros\\\/wp-content\\\/uploads\\\/2021\\\/10\\\/Diseno-sin-titulo-32.png\",\"contentUrl\":\"https:\\\/\\\/idecesos.com\\\/seguros\\\/wp-content\\\/uploads\\\/2021\\\/10\\\/Diseno-sin-titulo-32.png\",\"width\":200,\"height\":200},{\"@type\":\"BreadcrumbList\",\"@id\":\"https:\\\/\\\/idecesos.com\\\/seguros\\\/companias\\\/patria-hispana\\\/granada\\\/#breadcrumb\",\"itemListElement\":[{\"@type\":\"ListItem\",\"position\":1,\"name\":\"Portada\",\"item\":\"https:\\\/\\\/idecesos.com\\\/seguros\\\/\"},{\"@type\":\"ListItem\",\"position\":2,\"name\":\"Compa\u00f1\u00edas de Seguros de Decesos en Espa\u00f1a\",\"item\":\"https:\\\/\\\/idecesos.com\\\/seguros\\\/companias\\\/\"},{\"@type\":\"ListItem\",\"position\":3,\"name\":\"Seguro de Decesos Patria Hispana\",\"item\":\"https:\\\/\\\/idecesos.com\\\/seguros\\\/companias\\\/patria-hispana\\\/\"},{\"@type\":\"ListItem\",\"position\":4,\"name\":\"Oficinas seguros de decesos Patria Hispana en Granada\"}]},{\"@type\":\"WebSite\",\"@id\":\"https:\\\/\\\/idecesos.com\\\/seguros\\\/#website\",\"url\":\"https:\\\/\\\/idecesos.com\\\/seguros\\\/\",\"name\":\"\",\"description\":\"\",\"potentialAction\":[{\"@type\":\"SearchAction\",\"target\":{\"@type\":\"EntryPoint\",\"urlTemplate\":\"https:\\\/\\\/idecesos.com\\\/seguros\\\/?s={search_term_string}\"},\"query-input\":{\"@type\":\"PropertyValueSpecification\",\"valueRequired\":true,\"valueName\":\"search_term_string\"}}],\"inLanguage\":\"es\"}]}<\/script>\n<!-- \/ Yoast SEO plugin. -->","yoast_head_json":{"title":"Oficinas Patria Hispana en Granada \u25b7Tel\u00e9fonos, Horarios, Direcci\u00f3n","description":"Lista completa de Oficinas Patria Hispana en Granada Horarios, \u2706 tel\u00e9fonos y direcciones actualizados en 2026 \u2611\ufe0f Verificado por iDecesos.","robots":{"index":"index","follow":"follow","max-snippet":"max-snippet:-1","max-image-preview":"max-image-preview:large","max-video-preview":"max-video-preview:-1"},"canonical":"https:\/\/idecesos.com\/seguros\/companias\/patria-hispana\/granada\/","og_locale":"es_ES","og_type":"article","og_title":"Oficinas Patria Hispana en Granada \u25b7Tel\u00e9fonos, Horarios, Direcci\u00f3n","og_description":"Lista completa de Oficinas Patria Hispana en Granada Horarios, \u2706 tel\u00e9fonos y direcciones actualizados en 2026 \u2611\ufe0f Verificado por iDecesos.","og_url":"https:\/\/idecesos.com\/seguros\/companias\/patria-hispana\/granada\/","og_image":[{"url":"https:\/\/idecesos.com\/seguros\/wp-content\/uploads\/2021\/10\/Diseno-sin-titulo-32-150x150.png","type":"","width":"","height":""}],"twitter_card":"summary_large_image","twitter_misc":{"Tiempo de lectura":"39 minutos"},"schema":{"@context":"https:\/\/schema.org","@graph":[{"@type":"WebPage","@id":"https:\/\/idecesos.com\/seguros\/companias\/patria-hispana\/granada\/","url":"https:\/\/idecesos.com\/seguros\/companias\/patria-hispana\/granada\/","name":"Oficinas Patria Hispana en Granada \u25b7Tel\u00e9fonos, Horarios, Direcci\u00f3n","isPartOf":{"@id":"https:\/\/idecesos.com\/seguros\/#website"},"primaryImageOfPage":{"@id":"https:\/\/idecesos.com\/seguros\/companias\/patria-hispana\/granada\/#primaryimage"},"image":{"@id":"https:\/\/idecesos.com\/seguros\/companias\/patria-hispana\/granada\/#primaryimage"},"thumbnailUrl":"https:\/\/idecesos.com\/seguros\/wp-content\/uploads\/2021\/10\/Diseno-sin-titulo-32-150x150.png","datePublished":"2022-05-01T20:37:21+00:00","description":"Lista completa de Oficinas Patria Hispana en Granada Horarios, \u2706 tel\u00e9fonos y direcciones actualizados en 2026 \u2611\ufe0f Verificado por iDecesos.","breadcrumb":{"@id":"https:\/\/idecesos.com\/seguros\/companias\/patria-hispana\/granada\/#breadcrumb"},"inLanguage":"es","potentialAction":[{"@type":"ReadAction","target":["https:\/\/idecesos.com\/seguros\/companias\/patria-hispana\/granada\/"]}]},{"@type":"ImageObject","inLanguage":"es","@id":"https:\/\/idecesos.com\/seguros\/companias\/patria-hispana\/granada\/#primaryimage","url":"https:\/\/idecesos.com\/seguros\/wp-content\/uploads\/2021\/10\/Diseno-sin-titulo-32.png","contentUrl":"https:\/\/idecesos.com\/seguros\/wp-content\/uploads\/2021\/10\/Diseno-sin-titulo-32.png","width":200,"height":200},{"@type":"BreadcrumbList","@id":"https:\/\/idecesos.com\/seguros\/companias\/patria-hispana\/granada\/#breadcrumb","itemListElement":[{"@type":"ListItem","position":1,"name":"Portada","item":"https:\/\/idecesos.com\/seguros\/"},{"@type":"ListItem","position":2,"name":"Compa\u00f1\u00edas de Seguros de Decesos en Espa\u00f1a","item":"https:\/\/idecesos.com\/seguros\/companias\/"},{"@type":"ListItem","position":3,"name":"Seguro de Decesos Patria Hispana","item":"https:\/\/idecesos.com\/seguros\/companias\/patria-hispana\/"},{"@type":"ListItem","position":4,"name":"Oficinas seguros de decesos Patria Hispana en Granada"}]},{"@type":"WebSite","@id":"https:\/\/idecesos.com\/seguros\/#website","url":"https:\/\/idecesos.com\/seguros\/","name":"","description":"","potentialAction":[{"@type":"SearchAction","target":{"@type":"EntryPoint","urlTemplate":"https:\/\/idecesos.com\/seguros\/?s={search_term_string}"},"query-input":{"@type":"PropertyValueSpecification","valueRequired":true,"valueName":"search_term_string"}}],"inLanguage":"es"}]}},"_links":{"self":[{"href":"https:\/\/idecesos.com\/seguros\/wp-json\/wp\/v2\/pages\/21320","targetHints":{"allow":["GET"]}}],"collection":[{"href":"https:\/\/idecesos.com\/seguros\/wp-json\/wp\/v2\/pages"}],"about":[{"href":"https:\/\/idecesos.com\/seguros\/wp-json\/wp\/v2\/types\/page"}],"replies":[{"embeddable":true,"href":"https:\/\/idecesos.com\/seguros\/wp-json\/wp\/v2\/comments?post=21320"}],"version-history":[{"count":0,"href":"https:\/\/idecesos.com\/seguros\/wp-json\/wp\/v2\/pages\/21320\/revisions"}],"up":[{"embeddable":true,"href":"https:\/\/idecesos.com\/seguros\/wp-json\/wp\/v2\/pages\/439"}],"wp:attachment":[{"href":"https:\/\/idecesos.com\/seguros\/wp-json\/wp\/v2\/media?parent=21320"}],"curies":[{"name":"wp","href":"https:\/\/api.w.org\/{rel}","templated":true}]}}