{"id":21322,"date":"2022-05-01T20:37:23","date_gmt":"2022-05-01T20:37:23","guid":{"rendered":"https:\/\/idecesos.com\/seguros\/companias\/patria-hispana\/huesca\/"},"modified":"2022-05-01T20:37:23","modified_gmt":"2022-05-01T20:37:23","slug":"huesca","status":"publish","type":"page","link":"https:\/\/idecesos.com\/seguros\/companias\/patria-hispana\/huesca\/","title":{"rendered":"Oficinas seguros de decesos Patria Hispana en Huesca"},"content":{"rendered":"<div id=\"ez-toc-container\" class=\"ez-toc-v2_0_82_2 ez-toc-wrap-center counter-hierarchy ez-toc-counter ez-toc-custom ez-toc-container-direction\">\n<div class=\"ez-toc-title-container\">\n<p class=\"ez-toc-title\" style=\"cursor:inherit\">Tabla de Contenido<\/p>\n<span class=\"ez-toc-title-toggle\"><a href=\"#\" class=\"ez-toc-pull-right ez-toc-btn ez-toc-btn-xs ez-toc-btn-default ez-toc-toggle\" aria-label=\"Alternar tabla de contenidos\"><span class=\"ez-toc-js-icon-con\"><span class=\"\"><span class=\"eztoc-hide\" style=\"display:none;\">Toggle<\/span><span class=\"ez-toc-icon-toggle-span\"><svg style=\"fill: #db6415;color:#db6415\" xmlns=\"http:\/\/www.w3.org\/2000\/svg\" class=\"list-377408\" width=\"20px\" height=\"20px\" viewBox=\"0 0 24 24\" fill=\"none\"><path d=\"M6 6H4v2h2V6zm14 0H8v2h12V6zM4 11h2v2H4v-2zm16 0H8v2h12v-2zM4 16h2v2H4v-2zm16 0H8v2h12v-2z\" fill=\"currentColor\"><\/path><\/svg><svg style=\"fill: #db6415;color:#db6415\" class=\"arrow-unsorted-368013\" xmlns=\"http:\/\/www.w3.org\/2000\/svg\" width=\"10px\" height=\"10px\" viewBox=\"0 0 24 24\" version=\"1.2\" baseProfile=\"tiny\"><path d=\"M18.2 9.3l-6.2-6.3-6.2 6.3c-.2.2-.3.4-.3.7s.1.5.3.7c.2.2.4.3.7.3h11c.3 0 .5-.1.7-.3.2-.2.3-.5.3-.7s-.1-.5-.3-.7zM5.8 14.7l6.2 6.3 6.2-6.3c.2-.2.3-.5.3-.7s-.1-.5-.3-.7c-.2-.2-.4-.3-.7-.3h-11c-.3 0-.5.1-.7.3-.2.2-.3.5-.3.7s.1.5.3.7z\"\/><\/svg><\/span><\/span><\/span><\/a><\/span><\/div>\n<nav><ul class='ez-toc-list ez-toc-list-level-1 ' ><li class='ez-toc-page-1 ez-toc-heading-level-2'><a class=\"ez-toc-link ez-toc-heading-1\" href=\"https:\/\/idecesos.com\/seguros\/companias\/patria-hispana\/huesca\/#Seguro_de_decesos_Patria_Hispana_en_Huesca\" >Seguro de decesos Patria Hispana en Huesca<\/a><\/li><li class='ez-toc-page-1 ez-toc-heading-level-2'><a class=\"ez-toc-link ez-toc-heading-2\" href=\"https:\/\/idecesos.com\/seguros\/companias\/patria-hispana\/huesca\/#Mapa_de_agencias_de_seguros_Patria_Hispana_en_Huesca\" >Mapa de agencias de seguros Patria Hispana en Huesca<\/a><\/li><li class='ez-toc-page-1 ez-toc-heading-level-2'><a class=\"ez-toc-link ez-toc-heading-3\" href=\"https:\/\/idecesos.com\/seguros\/companias\/patria-hispana\/huesca\/#Listado_de_agencias_Patria_Hispana_en_Huesca\" >Listado de agencias Patria Hispana en Huesca<\/a><\/li><li class='ez-toc-page-1 ez-toc-heading-level-2'><a class=\"ez-toc-link ez-toc-heading-4\" href=\"https:\/\/idecesos.com\/seguros\/companias\/patria-hispana\/huesca\/#Oficinas_de_seguros_de_decesos_en_Huesca\" >Oficinas de seguros de decesos en Huesca<\/a><ul class='ez-toc-list-level-3' ><li class='ez-toc-heading-level-3'><a class=\"ez-toc-link ez-toc-heading-5\" href=\"https:\/\/idecesos.com\/seguros\/companias\/patria-hispana\/huesca\/#Listado_de_oficinas_Patria_Hispana_en_Espana\" >Listado de oficinas Patria Hispana en Espa\u00f1a<\/a><\/li><li class='ez-toc-page-1 ez-toc-heading-level-3'><a class=\"ez-toc-link ez-toc-heading-6\" href=\"https:\/\/idecesos.com\/seguros\/companias\/patria-hispana\/huesca\/#Paginas_relacionadas\" >P\u00e1ginas relacionadas<\/a><\/li><\/ul><\/li><\/ul><\/nav><\/div>\n<p><br \/>\n<a href=\"https:\/\/idecesos.com\/seguros\/companias\/patria-hispana\/\"><img decoding=\"async\" class=\" alignleft\" src=\"https:\/\/idecesos.com\/seguros\/wp-content\/uploads\/2021\/10\/Diseno-sin-titulo-32-150x150.png\" alt=\"Seguro de decesos Patria Hispana\" \/><\/a>\u00bfConoces <strong>las diferentes oficinas de Patria Hispana<\/strong> en Huesca? cuentas con una gran variedad a tu alcance donde te resolver\u00e1n todas y cada una de las incidencias ocurridas como dudas que te pueden llegar a surgir sobre tu p\u00f3liza, cada oficina dispone de un horario flexible. Es importante contar con una sucursal de compa\u00f1\u00eda de seguros, donde nos den credibilidad, que cuenten con una atenci\u00f3n personal, contando que se halle dentro de una ubicaci\u00f3n. <\/p>\n<p>En tu ratio va a poder existir solo el 90 por ciento de empresas aseguradoras pr\u00f3ximas a ti. Te resultara tan c\u00f3modo o bien eficiente saber en qu\u00e9 lugar se encuentran las diferentes oficinas de cada Patria Hispana. Siendo uno de los motivos que nos solventaran cualquier inconveniente que pueda surgir. Cada trayectoria tiene una ruta seg\u00fan las caracterices que deseemos seguir o bien procuramos, por esta raz\u00f3n encuentra tu oficina referente de Patria Hispana en Huesca d\u00e1ndote la cobertura que te mereces. <\/p>\n<p>Visita nuestra p\u00e1gina de <a href=\"https:\/\/idecesos.com\/seguros\/companias\/patria-hispana\/\">seguros de decesos Patria Hispana<\/a> para m\u00e1s informaci\u00f3n.<\/p>\n<div class=\"colorf \"  ><div class=\"container clearfix\"><div class=\"col-md-7\">\n<h2><span class=\"ez-toc-section\" id=\"Seguro_de_decesos_Patria_Hispana_en_Huesca\"><\/span>Seguro de decesos Patria Hispana en Huesca<span class=\"ez-toc-section-end\"><\/span><\/h2>\n<p>Dentro de las diferentes <strong>compa\u00f1\u00edas de seguros en Huesca,<\/strong> destacamos no solo por el nombre, sobresalimos a la opini\u00f3n y sugerencia de cada cliente, donde mejoramos para prestarle un servicio de calidad premium. Resulta bastante dif\u00edcil lograr un presupuesto y que se entienda todos y cada uno de los datos que contiene, por ello  te damos la opci\u00f3n que lo tengas de una manera m\u00e1s f\u00e1cil de forma m\u00e1s clara, de <strong>Patria Hispana en Huesca<\/strong>, lo van a tener en un tiempo record y ahorr\u00e1ndote tiempo. <\/p>\n<p><strong>Ver m\u00e1s:<\/strong> <a href=\"https:\/\/idecesos.com\/seguros\/ciudades\/huesca\/\">Seguros de decesos en Huesca<\/a><\/p>\n<p>Como empresa aseguradora nos encargamos de tu tranquilidad y la de tus seres allegados, por ello hemos querido que en Huesca, tengas los mejores servicios de calidad amoldados para satisfacer tus necesidades y queden cubiertos. Ahorras tiempo y inconvenientes, con la soluci\u00f3n que hemos amoldado a ti donde conseguir\u00e1s obtener tu cita al instante. \u00bfSolventar tus dudas de Patria Hispana es simple?. Si te preguntas esto es porque no has conseguido respuestas, te traemos la soluci\u00f3n de forma eficiente y sin problemas. <strong>M\u00e1s f\u00e1cil no te lo hemos podido poner<\/strong>, con este formulario conseguir\u00e1s tu cita o presupuesto, conforme lo que necesites. Sin precisar muchos gestiones, darte la soluci\u00f3n no nos cuesta nada. <\/p>\n<p><\/div><\/div><\/div>\n\t\t<hr class=\"separador\">\n\t\t<div class=\"bloque-accion\">\n\t\t<p class=\"txt-accion\">Calcula el precio de tu seguro de decesos en menos de 1 minuto<\/p>\n\t\t<a class=\"btn-accion\" href=\"https:\/\/idecesos.com\/\">CALCULAR<\/a>\n\t\t<\/div>\n\t\t<hr class=\"separador\">\n\t\t<\/p>\n<h2><span class=\"ez-toc-section\" id=\"Mapa_de_agencias_de_seguros_Patria_Hispana_en_Huesca\"><\/span>Mapa de agencias de seguros Patria Hispana en Huesca<span class=\"ez-toc-section-end\"><\/span><\/h2>\n<p>\u00bfDe qu\u00e9 forma localizar un <strong>mapa de oficinas de la Patria Hispana en Huesca<\/strong>? Conoce como efectuarlo, sin tardar m\u00e1s de un minuto en localizarlo. De manera de que el d\u00eda que nos haga falta, nos ahorremos el tiempo de estar efectuando b\u00fasquedas lar gas y tambi\u00e9n in\u00fatiles como superfluas. Obteniendo d\u00e9 manera m\u00e1s vers\u00e1til posible. Cuentas con nuestro mejor aliado que es la confiabilidad como garant\u00eda en tu busca. <\/p>\n<p><iframe class=\"page-generator-pro-map\" width=\"100%\" height=\"400\" frameborder=\"0\" style=\"border:0\" src=\"https:\/\/www.google.com\/maps\/embed\/v1\/place?q=Huesca%2C+Espa%C3%B1a&#038;zoom=14&#038;maptype=roadmap&#038;key=AIzaSyCNTEOso0tZG6YMSJFoaJEY5Th1stEWrJI\" allowfullscreen><\/iframe><\/p>\n<div class=\"colorf\"><div class=\"container clearfix\"><div class=\"col-md-7\"><div class=\"empresas\">\n<h2><span class=\"ez-toc-section\" id=\"Listado_de_agencias_Patria_Hispana_en_Huesca\"><\/span>Listado de agencias Patria Hispana en Huesca<span class=\"ez-toc-section-end\"><\/span><\/h2>\n<ul>\n<li><strong>Compa\u00f1\u00eda de seguros Espa\u00f1a:<\/strong> 22005<\/li>\n<\/ul>\n<\/div><\/div><\/div><\/div>\n<h2><span class=\"ez-toc-section\" id=\"Oficinas_de_seguros_de_decesos_en_Huesca\"><\/span>Oficinas de seguros de decesos en Huesca<span class=\"ez-toc-section-end\"><\/span><\/h2>\n<p>Contases en todo instante con nuestra confianza eficiente, comprometidos contigo en todo momento. \u00bf<strong>Empresas aseguradoras de decesos en Huesca<\/strong>? Te damos este gran cat\u00e1logo para que sepas las distintas compa\u00f1\u00edas aseguradoras que hay. Con solo meterte a nuestro enlace encontraras las informaci\u00f3n relevante y filtrado de mejor manera para ti. <\/p>\n<div class=\"colorf\"><div class=\"container clearfix\"><div class=\"col-md-7\"><div class=\"empresas\">\n<h3><span class=\"ez-toc-section\" id=\"Listado_de_oficinas_Patria_Hispana_en_Espana\"><\/span>Listado de oficinas Patria Hispana en Espa\u00f1a<span class=\"ez-toc-section-end\"><\/span><\/h3>\n<p><!-- Shortcode [patria-hispana-oficinas] does not exist --><\/div><\/div><\/div><\/div><\/p>\n<p><div class=\"oficinas\"><br \/>\n<h3><span class=\"ez-toc-section\" id=\"Paginas_relacionadas\"><\/span>P\u00e1ginas relacionadas<span class=\"ez-toc-section-end\"><\/span><\/h3><div class=\"enlazado\"><ul> <li><a href=\"https:\/\/idecesos.com\/seguros\/companias\/patria-hispana\/opiniones\/\">Opiniones Patria Hispana<\/a><\/li> <li><a href=\"https:\/\/idecesos.com\/seguros\/companias\/patria-hispana\/precio\/\">Precio seguro Patria Hispana<\/a><\/li> <li><a href=\"https:\/\/idecesos.com\/seguros\/companias\/patria-hispana\/prima-mixta\/\">Patria Hispana Prima Mixta<\/a><\/li> <li><a href=\"https:\/\/idecesos.com\/seguros\/companias\/patria-hispana\/prima-natural\/\">Patria Hispana Prima Natural<\/a><\/li> <li><a href=\"https:\/\/idecesos.com\/seguros\/companias\/patria-hispana\/prima-nivelada\/\">Patria Hispana Prima Nivelada<\/a><\/li> <li><a href=\"https:\/\/idecesos.com\/seguros\/companias\/patria-hispana\/prima-unica\/\">Patria Hispana Prima \u00danica<\/a><\/li> <li><a href=\"https:\/\/idecesos.com\/seguros\/companias\/patria-hispana\/repatriacion\/\">Patria Hispana Repatriaci\u00f3n<\/a><\/li> <li><a href=\"https:\/\/idecesos.com\/seguros\/companias\/patria-hispana\/telefono\/\">Tel\u00e9fono Gratuito Patria Hispana<\/a><\/li><\/ul><\/div><br \/>\n<\/div><\/p>\n","protected":false},"excerpt":{"rendered":"<p>\u00bfConoces las diferentes oficinas de Patria Hispana en Huesca? cuentas con una gran variedad a tu alcance donde te resolver\u00e1n todas y cada una de las incidencias ocurridas como dudas que te pueden llegar a surgir sobre tu p\u00f3liza, cada oficina dispone de un horario flexible. Es importante contar con una sucursal de compa\u00f1\u00eda de&hellip; <\/p>\n","protected":false},"author":0,"featured_media":0,"parent":439,"menu_order":0,"comment_status":"closed","ping_status":"closed","template":"single.php","meta":{"footnotes":""},"class_list":["post-21322","page","type-page","status-publish","hentry"],"yoast_head":"<!-- This site is optimized with the Yoast SEO plugin v27.3 - https:\/\/yoast.com\/product\/yoast-seo-wordpress\/ -->\n<title>Oficinas Patria Hispana en Huesca \u25b7Tel\u00e9fonos, Horarios, Direcci\u00f3n<\/title>\n<meta name=\"description\" content=\"Lista completa de Oficinas Patria Hispana en Huesca Horarios, \u2706 tel\u00e9fonos y direcciones actualizados en 2026 \u2611\ufe0f Verificado por iDecesos.\" \/>\n<meta name=\"robots\" content=\"index, follow, max-snippet:-1, max-image-preview:large, max-video-preview:-1\" \/>\n<link rel=\"canonical\" href=\"https:\/\/idecesos.com\/seguros\/companias\/patria-hispana\/huesca\/\" \/>\n<meta property=\"og:locale\" content=\"es_ES\" \/>\n<meta property=\"og:type\" content=\"article\" \/>\n<meta property=\"og:title\" content=\"Oficinas Patria Hispana en Huesca \u25b7Tel\u00e9fonos, Horarios, Direcci\u00f3n\" \/>\n<meta property=\"og:description\" content=\"Lista completa de Oficinas Patria Hispana en Huesca Horarios, \u2706 tel\u00e9fonos y direcciones actualizados en 2026 \u2611\ufe0f Verificado por iDecesos.\" \/>\n<meta property=\"og:url\" content=\"https:\/\/idecesos.com\/seguros\/companias\/patria-hispana\/huesca\/\" \/>\n<meta property=\"og:image\" content=\"https:\/\/idecesos.com\/seguros\/wp-content\/uploads\/2021\/10\/Diseno-sin-titulo-32-150x150.png\" \/>\n<meta name=\"twitter:card\" content=\"summary_large_image\" \/>\n<meta name=\"twitter:label1\" content=\"Tiempo de lectura\" \/>\n\t<meta name=\"twitter:data1\" content=\"39 minutos\" \/>\n<script type=\"application\/ld+json\" class=\"yoast-schema-graph\">{\"@context\":\"https:\\\/\\\/schema.org\",\"@graph\":[{\"@type\":\"WebPage\",\"@id\":\"https:\\\/\\\/idecesos.com\\\/seguros\\\/companias\\\/patria-hispana\\\/huesca\\\/\",\"url\":\"https:\\\/\\\/idecesos.com\\\/seguros\\\/companias\\\/patria-hispana\\\/huesca\\\/\",\"name\":\"Oficinas Patria Hispana en Huesca \u25b7Tel\u00e9fonos, Horarios, Direcci\u00f3n\",\"isPartOf\":{\"@id\":\"https:\\\/\\\/idecesos.com\\\/seguros\\\/#website\"},\"primaryImageOfPage\":{\"@id\":\"https:\\\/\\\/idecesos.com\\\/seguros\\\/companias\\\/patria-hispana\\\/huesca\\\/#primaryimage\"},\"image\":{\"@id\":\"https:\\\/\\\/idecesos.com\\\/seguros\\\/companias\\\/patria-hispana\\\/huesca\\\/#primaryimage\"},\"thumbnailUrl\":\"https:\\\/\\\/idecesos.com\\\/seguros\\\/wp-content\\\/uploads\\\/2021\\\/10\\\/Diseno-sin-titulo-32-150x150.png\",\"datePublished\":\"2022-05-01T20:37:23+00:00\",\"description\":\"Lista completa de Oficinas Patria Hispana en Huesca Horarios, \u2706 tel\u00e9fonos y direcciones actualizados en 2026 \u2611\ufe0f Verificado por iDecesos.\",\"breadcrumb\":{\"@id\":\"https:\\\/\\\/idecesos.com\\\/seguros\\\/companias\\\/patria-hispana\\\/huesca\\\/#breadcrumb\"},\"inLanguage\":\"es\",\"potentialAction\":[{\"@type\":\"ReadAction\",\"target\":[\"https:\\\/\\\/idecesos.com\\\/seguros\\\/companias\\\/patria-hispana\\\/huesca\\\/\"]}]},{\"@type\":\"ImageObject\",\"inLanguage\":\"es\",\"@id\":\"https:\\\/\\\/idecesos.com\\\/seguros\\\/companias\\\/patria-hispana\\\/huesca\\\/#primaryimage\",\"url\":\"https:\\\/\\\/idecesos.com\\\/seguros\\\/wp-content\\\/uploads\\\/2021\\\/10\\\/Diseno-sin-titulo-32.png\",\"contentUrl\":\"https:\\\/\\\/idecesos.com\\\/seguros\\\/wp-content\\\/uploads\\\/2021\\\/10\\\/Diseno-sin-titulo-32.png\",\"width\":200,\"height\":200},{\"@type\":\"BreadcrumbList\",\"@id\":\"https:\\\/\\\/idecesos.com\\\/seguros\\\/companias\\\/patria-hispana\\\/huesca\\\/#breadcrumb\",\"itemListElement\":[{\"@type\":\"ListItem\",\"position\":1,\"name\":\"Portada\",\"item\":\"https:\\\/\\\/idecesos.com\\\/seguros\\\/\"},{\"@type\":\"ListItem\",\"position\":2,\"name\":\"Compa\u00f1\u00edas de Seguros de Decesos en Espa\u00f1a\",\"item\":\"https:\\\/\\\/idecesos.com\\\/seguros\\\/companias\\\/\"},{\"@type\":\"ListItem\",\"position\":3,\"name\":\"Seguro de Decesos Patria Hispana\",\"item\":\"https:\\\/\\\/idecesos.com\\\/seguros\\\/companias\\\/patria-hispana\\\/\"},{\"@type\":\"ListItem\",\"position\":4,\"name\":\"Oficinas seguros de decesos Patria Hispana en Huesca\"}]},{\"@type\":\"WebSite\",\"@id\":\"https:\\\/\\\/idecesos.com\\\/seguros\\\/#website\",\"url\":\"https:\\\/\\\/idecesos.com\\\/seguros\\\/\",\"name\":\"\",\"description\":\"\",\"potentialAction\":[{\"@type\":\"SearchAction\",\"target\":{\"@type\":\"EntryPoint\",\"urlTemplate\":\"https:\\\/\\\/idecesos.com\\\/seguros\\\/?s={search_term_string}\"},\"query-input\":{\"@type\":\"PropertyValueSpecification\",\"valueRequired\":true,\"valueName\":\"search_term_string\"}}],\"inLanguage\":\"es\"}]}<\/script>\n<!-- \/ Yoast SEO plugin. -->","yoast_head_json":{"title":"Oficinas Patria Hispana en Huesca \u25b7Tel\u00e9fonos, Horarios, Direcci\u00f3n","description":"Lista completa de Oficinas Patria Hispana en Huesca Horarios, \u2706 tel\u00e9fonos y direcciones actualizados en 2026 \u2611\ufe0f Verificado por iDecesos.","robots":{"index":"index","follow":"follow","max-snippet":"max-snippet:-1","max-image-preview":"max-image-preview:large","max-video-preview":"max-video-preview:-1"},"canonical":"https:\/\/idecesos.com\/seguros\/companias\/patria-hispana\/huesca\/","og_locale":"es_ES","og_type":"article","og_title":"Oficinas Patria Hispana en Huesca \u25b7Tel\u00e9fonos, Horarios, Direcci\u00f3n","og_description":"Lista completa de Oficinas Patria Hispana en Huesca Horarios, \u2706 tel\u00e9fonos y direcciones actualizados en 2026 \u2611\ufe0f Verificado por iDecesos.","og_url":"https:\/\/idecesos.com\/seguros\/companias\/patria-hispana\/huesca\/","og_image":[{"url":"https:\/\/idecesos.com\/seguros\/wp-content\/uploads\/2021\/10\/Diseno-sin-titulo-32-150x150.png","type":"","width":"","height":""}],"twitter_card":"summary_large_image","twitter_misc":{"Tiempo de lectura":"39 minutos"},"schema":{"@context":"https:\/\/schema.org","@graph":[{"@type":"WebPage","@id":"https:\/\/idecesos.com\/seguros\/companias\/patria-hispana\/huesca\/","url":"https:\/\/idecesos.com\/seguros\/companias\/patria-hispana\/huesca\/","name":"Oficinas Patria Hispana en Huesca \u25b7Tel\u00e9fonos, Horarios, Direcci\u00f3n","isPartOf":{"@id":"https:\/\/idecesos.com\/seguros\/#website"},"primaryImageOfPage":{"@id":"https:\/\/idecesos.com\/seguros\/companias\/patria-hispana\/huesca\/#primaryimage"},"image":{"@id":"https:\/\/idecesos.com\/seguros\/companias\/patria-hispana\/huesca\/#primaryimage"},"thumbnailUrl":"https:\/\/idecesos.com\/seguros\/wp-content\/uploads\/2021\/10\/Diseno-sin-titulo-32-150x150.png","datePublished":"2022-05-01T20:37:23+00:00","description":"Lista completa de Oficinas Patria Hispana en Huesca Horarios, \u2706 tel\u00e9fonos y direcciones actualizados en 2026 \u2611\ufe0f Verificado por iDecesos.","breadcrumb":{"@id":"https:\/\/idecesos.com\/seguros\/companias\/patria-hispana\/huesca\/#breadcrumb"},"inLanguage":"es","potentialAction":[{"@type":"ReadAction","target":["https:\/\/idecesos.com\/seguros\/companias\/patria-hispana\/huesca\/"]}]},{"@type":"ImageObject","inLanguage":"es","@id":"https:\/\/idecesos.com\/seguros\/companias\/patria-hispana\/huesca\/#primaryimage","url":"https:\/\/idecesos.com\/seguros\/wp-content\/uploads\/2021\/10\/Diseno-sin-titulo-32.png","contentUrl":"https:\/\/idecesos.com\/seguros\/wp-content\/uploads\/2021\/10\/Diseno-sin-titulo-32.png","width":200,"height":200},{"@type":"BreadcrumbList","@id":"https:\/\/idecesos.com\/seguros\/companias\/patria-hispana\/huesca\/#breadcrumb","itemListElement":[{"@type":"ListItem","position":1,"name":"Portada","item":"https:\/\/idecesos.com\/seguros\/"},{"@type":"ListItem","position":2,"name":"Compa\u00f1\u00edas de Seguros de Decesos en Espa\u00f1a","item":"https:\/\/idecesos.com\/seguros\/companias\/"},{"@type":"ListItem","position":3,"name":"Seguro de Decesos Patria Hispana","item":"https:\/\/idecesos.com\/seguros\/companias\/patria-hispana\/"},{"@type":"ListItem","position":4,"name":"Oficinas seguros de decesos Patria Hispana en Huesca"}]},{"@type":"WebSite","@id":"https:\/\/idecesos.com\/seguros\/#website","url":"https:\/\/idecesos.com\/seguros\/","name":"","description":"","potentialAction":[{"@type":"SearchAction","target":{"@type":"EntryPoint","urlTemplate":"https:\/\/idecesos.com\/seguros\/?s={search_term_string}"},"query-input":{"@type":"PropertyValueSpecification","valueRequired":true,"valueName":"search_term_string"}}],"inLanguage":"es"}]}},"_links":{"self":[{"href":"https:\/\/idecesos.com\/seguros\/wp-json\/wp\/v2\/pages\/21322","targetHints":{"allow":["GET"]}}],"collection":[{"href":"https:\/\/idecesos.com\/seguros\/wp-json\/wp\/v2\/pages"}],"about":[{"href":"https:\/\/idecesos.com\/seguros\/wp-json\/wp\/v2\/types\/page"}],"replies":[{"embeddable":true,"href":"https:\/\/idecesos.com\/seguros\/wp-json\/wp\/v2\/comments?post=21322"}],"version-history":[{"count":0,"href":"https:\/\/idecesos.com\/seguros\/wp-json\/wp\/v2\/pages\/21322\/revisions"}],"up":[{"embeddable":true,"href":"https:\/\/idecesos.com\/seguros\/wp-json\/wp\/v2\/pages\/439"}],"wp:attachment":[{"href":"https:\/\/idecesos.com\/seguros\/wp-json\/wp\/v2\/media?parent=21322"}],"curies":[{"name":"wp","href":"https:\/\/api.w.org\/{rel}","templated":true}]}}