{"id":21334,"date":"2022-05-01T20:37:30","date_gmt":"2022-05-01T20:37:30","guid":{"rendered":"https:\/\/idecesos.com\/seguros\/companias\/patria-hispana\/pontevedra\/"},"modified":"2022-05-01T20:37:30","modified_gmt":"2022-05-01T20:37:30","slug":"pontevedra","status":"publish","type":"page","link":"https:\/\/idecesos.com\/seguros\/companias\/patria-hispana\/pontevedra\/","title":{"rendered":"Oficinas seguros de decesos Patria Hispana en Pontevedra"},"content":{"rendered":"<div id=\"ez-toc-container\" class=\"ez-toc-v2_0_82_2 ez-toc-wrap-center counter-hierarchy ez-toc-counter ez-toc-custom ez-toc-container-direction\">\n<div class=\"ez-toc-title-container\">\n<p class=\"ez-toc-title\" style=\"cursor:inherit\">Tabla de Contenido<\/p>\n<span class=\"ez-toc-title-toggle\"><a href=\"#\" class=\"ez-toc-pull-right ez-toc-btn ez-toc-btn-xs ez-toc-btn-default ez-toc-toggle\" aria-label=\"Alternar tabla de contenidos\"><span class=\"ez-toc-js-icon-con\"><span class=\"\"><span class=\"eztoc-hide\" style=\"display:none;\">Toggle<\/span><span class=\"ez-toc-icon-toggle-span\"><svg style=\"fill: #db6415;color:#db6415\" xmlns=\"http:\/\/www.w3.org\/2000\/svg\" class=\"list-377408\" width=\"20px\" height=\"20px\" viewBox=\"0 0 24 24\" fill=\"none\"><path d=\"M6 6H4v2h2V6zm14 0H8v2h12V6zM4 11h2v2H4v-2zm16 0H8v2h12v-2zM4 16h2v2H4v-2zm16 0H8v2h12v-2z\" fill=\"currentColor\"><\/path><\/svg><svg style=\"fill: #db6415;color:#db6415\" class=\"arrow-unsorted-368013\" xmlns=\"http:\/\/www.w3.org\/2000\/svg\" width=\"10px\" height=\"10px\" viewBox=\"0 0 24 24\" version=\"1.2\" baseProfile=\"tiny\"><path d=\"M18.2 9.3l-6.2-6.3-6.2 6.3c-.2.2-.3.4-.3.7s.1.5.3.7c.2.2.4.3.7.3h11c.3 0 .5-.1.7-.3.2-.2.3-.5.3-.7s-.1-.5-.3-.7zM5.8 14.7l6.2 6.3 6.2-6.3c.2-.2.3-.5.3-.7s-.1-.5-.3-.7c-.2-.2-.4-.3-.7-.3h-11c-.3 0-.5.1-.7.3-.2.2-.3.5-.3.7s.1.5.3.7z\"\/><\/svg><\/span><\/span><\/span><\/a><\/span><\/div>\n<nav><ul class='ez-toc-list ez-toc-list-level-1 ' ><li class='ez-toc-page-1 ez-toc-heading-level-2'><a class=\"ez-toc-link ez-toc-heading-1\" href=\"https:\/\/idecesos.com\/seguros\/companias\/patria-hispana\/pontevedra\/#Seguro_de_decesos_Patria_Hispana_en_Pontevedra\" >Seguro de decesos Patria Hispana en Pontevedra<\/a><\/li><li class='ez-toc-page-1 ez-toc-heading-level-2'><a class=\"ez-toc-link ez-toc-heading-2\" href=\"https:\/\/idecesos.com\/seguros\/companias\/patria-hispana\/pontevedra\/#Mapa_de_agencias_de_seguros_Patria_Hispana_en_Pontevedra\" >Mapa de agencias de seguros Patria Hispana en Pontevedra<\/a><\/li><li class='ez-toc-page-1 ez-toc-heading-level-2'><a class=\"ez-toc-link ez-toc-heading-3\" href=\"https:\/\/idecesos.com\/seguros\/companias\/patria-hispana\/pontevedra\/#Listado_de_oficinas_Patria_Hispana_en_Pontevedra\" >Listado de oficinas Patria Hispana en Pontevedra<\/a><\/li><li class='ez-toc-page-1 ez-toc-heading-level-2'><a class=\"ez-toc-link ez-toc-heading-4\" href=\"https:\/\/idecesos.com\/seguros\/companias\/patria-hispana\/pontevedra\/#Oficinas_de_seguros_de_decesos_en_Pontevedra\" >Oficinas de seguros de decesos en Pontevedra<\/a><ul class='ez-toc-list-level-3' ><li class='ez-toc-heading-level-3'><a class=\"ez-toc-link ez-toc-heading-5\" href=\"https:\/\/idecesos.com\/seguros\/companias\/patria-hispana\/pontevedra\/#Listado_de_oficinas_Patria_Hispana_en_Espana\" >Listado de oficinas Patria Hispana en Espa\u00f1a<\/a><\/li><li class='ez-toc-page-1 ez-toc-heading-level-3'><a class=\"ez-toc-link ez-toc-heading-6\" href=\"https:\/\/idecesos.com\/seguros\/companias\/patria-hispana\/pontevedra\/#Paginas_relacionadas\" >P\u00e1ginas relacionadas<\/a><\/li><\/ul><\/li><\/ul><\/nav><\/div>\n<p><br \/>\n<a href=\"https:\/\/idecesos.com\/seguros\/companias\/patria-hispana\/\"><img decoding=\"async\" class=\" alignleft\" src=\"https:\/\/idecesos.com\/seguros\/wp-content\/uploads\/2021\/10\/Diseno-sin-titulo-32-150x150.png\" alt=\"Seguro de decesos Patria Hispana\" \/><\/a>\u00bfSab\u00edas que Pontevedra tiene a disposici\u00f3n diferentes delegaciones de Patria Hispana? En cual ser\u00e1 atendido por una persona con una trayectoria importante para darle el mejor servicio. Quedando respaldado en todo momento, donde solventar\u00e1n todos sus inconvenientes a este respecto. Resolver de una forma m\u00e1s veloz los inconvenientes es siempre y en todo momento acudiendo presencialmente a oficina, puesto que a la distancia es m\u00e1s bastante dif\u00edcil solucionar el inconveniente. Resulta que es preciso poder contar con una oficina f\u00edsica de compa\u00f1\u00edas de seguros de decesos. <\/p>\n<p>Para facilitarte la localizaci\u00f3n de las oficinas de Patria Hispana en Pontevedra y asegurarte la disponibilidad con un servicio de calidad, lo m\u00e1s resaltable que no tendr\u00e1s inconvenientes por hallar uno en tu zona. Aparte de administrar tus problemas al instante, te aconsejan en todo instante antes o bien despu\u00e9s de tener tu p\u00f3liza, asegurando un servicio m\u00e1s cercano y eficaz. \u00a0\u00bfCu\u00e1l es el proceso m\u00e1s esencial? el que sobresale de los dem\u00e1s en tanto que es uno de los m\u00e1s esenciales es cada oficina de Patria Hispana en Pontevedra. <\/p>\n<p>Visita nuestra p\u00e1gina de <a href=\"https:\/\/idecesos.com\/seguros\/companias\/patria-hispana\/\">seguros de decesos Patria Hispana<\/a> para m\u00e1s informaci\u00f3n.<\/p>\n<div class=\"colorf \"  ><div class=\"container clearfix\"><div class=\"col-md-7\">\n<h2><span class=\"ez-toc-section\" id=\"Seguro_de_decesos_Patria_Hispana_en_Pontevedra\"><\/span>Seguro de decesos Patria Hispana en Pontevedra<span class=\"ez-toc-section-end\"><\/span><\/h2>\n<p>Prevenir los errores que puedan ocasionar o surgir durante la administraci\u00f3n documentaria. Te damos esa calma de que jam\u00e1s suceder\u00e1. Teniendo presente que cubren sus deseos en la circunstancia que se encuentre. \u00bf<strong>Para que sirve el servicio de oficinas de Patria Hispana en Pontevedra<\/strong>? est\u00e1 dirigido a aquellas personas que deseen realizar sus gestiones de forma presencial, es por esta raz\u00f3n que va a poder asistir a la sucursal que m\u00e1s le interese en cualquier momento. Obtendr\u00e1s de manera m\u00e1s productiva la soluci\u00f3n al error siendo un proceso m\u00e1s simple y conveniente. <\/p>\n<p><strong>Ver m\u00e1s:<\/strong> <a href=\"https:\/\/idecesos.com\/seguros\/ciudades\/pontevedra\/\">Seguros de decesos en Pontevedra<\/a><\/p>\n<p>Cuentas con un formulario que te va a dar toda la informaci\u00f3n que necesites o consideres oportunas. Pudiendo de esta forma solicitar cita anterior para acudir presencialmente a las delegaciones correspondientes de Patria Hispana en Pontevedra. Eludiendo en todo instante obtener informaci\u00f3n irrelevante al que haya solicitado. Gracias al formulario que hemos querido facilitarle conseguir\u00e1 de forma f\u00e1cil su cita presencial, como la informaci\u00f3n filtrada de la que vaya a precisar. Donde sus datos van a quedar protegido en todo instante. <\/p>\n<p><\/div><\/div><\/div>\n\t\t<hr class=\"separador\">\n\t\t<div class=\"bloque-accion\">\n\t\t<p class=\"txt-accion\">Calcula el precio de tu seguro de decesos en menos de 1 minuto<\/p>\n\t\t<a class=\"btn-accion\" href=\"https:\/\/idecesos.com\/\">CALCULAR<\/a>\n\t\t<\/div>\n\t\t<hr class=\"separador\">\n\t\t<\/p>\n<h2><span class=\"ez-toc-section\" id=\"Mapa_de_agencias_de_seguros_Patria_Hispana_en_Pontevedra\"><\/span>Mapa de agencias de seguros Patria Hispana en Pontevedra<span class=\"ez-toc-section-end\"><\/span><\/h2>\n<p>Encuentra de forma veloz y f\u00e1cil las oficinas de Patria Hispana en Pontevedra teniendo presente la ayuda de mapas por Patria Hispana en Pontevedra gestion\u00e1ndolo de forma pr\u00f3xima. Con el objetivo de que en el proceso dure lo menos posible, ahorr\u00e1ndote tiempo y asegur\u00e1ndote que tu tiempo quede invertido. Vas a poder regentar las horas de una manera m\u00e1s productiva. Gracias al localizar te ahorra inconvenientes en el momento de la b\u00fasqueda. <\/p>\n<p><iframe class=\"page-generator-pro-map\" width=\"100%\" height=\"400\" frameborder=\"0\" style=\"border:0\" src=\"https:\/\/www.google.com\/maps\/embed\/v1\/place?q=Vigo%2C+Espa%C3%B1a&#038;zoom=14&#038;maptype=roadmap&#038;key=AIzaSyCNTEOso0tZG6YMSJFoaJEY5Th1stEWrJI\" allowfullscreen><\/iframe><\/p>\n<div class=\"colorf\"><div class=\"container clearfix\"><div class=\"col-md-7\"><div class=\"empresas\">\n<h2><span class=\"ez-toc-section\" id=\"Listado_de_oficinas_Patria_Hispana_en_Pontevedra\"><\/span>Listado de oficinas Patria Hispana en Pontevedra<span class=\"ez-toc-section-end\"><\/span><\/h2>\n<ul>\n<li><strong>Compa\u00f1\u00eda de seguros Espa\u00f1a:<\/strong> 36203<\/li>\n<\/ul>\n<\/div><\/div><\/div><\/div>\n<h2><span class=\"ez-toc-section\" id=\"Oficinas_de_seguros_de_decesos_en_Pontevedra\"><\/span>Oficinas de seguros de decesos en Pontevedra<span class=\"ez-toc-section-end\"><\/span><\/h2>\n<p>Evit\u00e1ndote registros in\u00fatiles, hemos creado un cat\u00e1logo de cada empresa de seguros de decesos en Pontevedra facilit\u00e1ndote en todo instante a esta informaci\u00f3n, que dispondr\u00e1n en cualquier circunstancias, donde quedara actualizado. Va a quedar resuelto cualquier g\u00e9nero de cuesti\u00f3n que tengas a este respecto, gracias a la informaci\u00f3n alejada. <\/p>\n<div class=\"colorf\"><div class=\"container clearfix\"><div class=\"col-md-7\"><div class=\"empresas\">\n<h3><span class=\"ez-toc-section\" id=\"Listado_de_oficinas_Patria_Hispana_en_Espana\"><\/span>Listado de oficinas Patria Hispana en Espa\u00f1a<span class=\"ez-toc-section-end\"><\/span><\/h3>\n<p><!-- Shortcode [patria-hispana-oficinas] does not exist --><\/div><\/div><\/div><\/div><\/p>\n<p><div class=\"oficinas\"><br \/>\n<h3><span class=\"ez-toc-section\" id=\"Paginas_relacionadas\"><\/span>P\u00e1ginas relacionadas<span class=\"ez-toc-section-end\"><\/span><\/h3><div class=\"enlazado\"><ul> <li><a href=\"https:\/\/idecesos.com\/seguros\/companias\/patria-hispana\/opiniones\/\">Opiniones Patria Hispana<\/a><\/li> <li><a href=\"https:\/\/idecesos.com\/seguros\/companias\/patria-hispana\/precio\/\">Precio seguro Patria Hispana<\/a><\/li> <li><a href=\"https:\/\/idecesos.com\/seguros\/companias\/patria-hispana\/prima-mixta\/\">Patria Hispana Prima Mixta<\/a><\/li> <li><a href=\"https:\/\/idecesos.com\/seguros\/companias\/patria-hispana\/prima-natural\/\">Patria Hispana Prima Natural<\/a><\/li> <li><a href=\"https:\/\/idecesos.com\/seguros\/companias\/patria-hispana\/prima-nivelada\/\">Patria Hispana Prima Nivelada<\/a><\/li> <li><a href=\"https:\/\/idecesos.com\/seguros\/companias\/patria-hispana\/prima-unica\/\">Patria Hispana Prima \u00danica<\/a><\/li> <li><a href=\"https:\/\/idecesos.com\/seguros\/companias\/patria-hispana\/repatriacion\/\">Patria Hispana Repatriaci\u00f3n<\/a><\/li> <li><a href=\"https:\/\/idecesos.com\/seguros\/companias\/patria-hispana\/telefono\/\">Tel\u00e9fono Gratuito Patria Hispana<\/a><\/li><\/ul><\/div><br \/>\n<\/div><\/p>\n","protected":false},"excerpt":{"rendered":"<p>\u00bfSab\u00edas que Pontevedra tiene a disposici\u00f3n diferentes delegaciones de Patria Hispana? En cual ser\u00e1 atendido por una persona con una trayectoria importante para darle el mejor servicio. Quedando respaldado en todo momento, donde solventar\u00e1n todos sus inconvenientes a este respecto. Resolver de una forma m\u00e1s veloz los inconvenientes es siempre y en todo momento acudiendo&hellip; <\/p>\n","protected":false},"author":0,"featured_media":0,"parent":439,"menu_order":0,"comment_status":"closed","ping_status":"closed","template":"single.php","meta":{"footnotes":""},"class_list":["post-21334","page","type-page","status-publish","hentry"],"yoast_head":"<!-- This site is optimized with the Yoast SEO plugin v27.3 - https:\/\/yoast.com\/product\/yoast-seo-wordpress\/ -->\n<title>Oficinas Patria Hispana en Pontevedra \u25b7Tel\u00e9fonos, Horarios, Direcci\u00f3n<\/title>\n<meta name=\"description\" content=\"Lista completa de Oficinas Patria Hispana en Pontevedra Horarios, \u2706 tel\u00e9fonos y direcciones actualizados en 2026 \u2611\ufe0f Verificado por iDecesos.\" \/>\n<meta name=\"robots\" content=\"index, follow, max-snippet:-1, max-image-preview:large, max-video-preview:-1\" \/>\n<link rel=\"canonical\" href=\"https:\/\/idecesos.com\/seguros\/companias\/patria-hispana\/pontevedra\/\" \/>\n<meta property=\"og:locale\" content=\"es_ES\" \/>\n<meta property=\"og:type\" content=\"article\" \/>\n<meta property=\"og:title\" content=\"Oficinas Patria Hispana en Pontevedra \u25b7Tel\u00e9fonos, Horarios, Direcci\u00f3n\" \/>\n<meta property=\"og:description\" content=\"Lista completa de Oficinas Patria Hispana en Pontevedra Horarios, \u2706 tel\u00e9fonos y direcciones actualizados en 2026 \u2611\ufe0f Verificado por iDecesos.\" \/>\n<meta property=\"og:url\" content=\"https:\/\/idecesos.com\/seguros\/companias\/patria-hispana\/pontevedra\/\" \/>\n<meta property=\"og:image\" content=\"https:\/\/idecesos.com\/seguros\/wp-content\/uploads\/2021\/10\/Diseno-sin-titulo-32-150x150.png\" \/>\n<meta name=\"twitter:card\" content=\"summary_large_image\" \/>\n<meta name=\"twitter:label1\" content=\"Tiempo de lectura\" \/>\n\t<meta name=\"twitter:data1\" content=\"39 minutos\" \/>\n<script type=\"application\/ld+json\" class=\"yoast-schema-graph\">{\"@context\":\"https:\\\/\\\/schema.org\",\"@graph\":[{\"@type\":\"WebPage\",\"@id\":\"https:\\\/\\\/idecesos.com\\\/seguros\\\/companias\\\/patria-hispana\\\/pontevedra\\\/\",\"url\":\"https:\\\/\\\/idecesos.com\\\/seguros\\\/companias\\\/patria-hispana\\\/pontevedra\\\/\",\"name\":\"Oficinas Patria Hispana en Pontevedra \u25b7Tel\u00e9fonos, Horarios, Direcci\u00f3n\",\"isPartOf\":{\"@id\":\"https:\\\/\\\/idecesos.com\\\/seguros\\\/#website\"},\"primaryImageOfPage\":{\"@id\":\"https:\\\/\\\/idecesos.com\\\/seguros\\\/companias\\\/patria-hispana\\\/pontevedra\\\/#primaryimage\"},\"image\":{\"@id\":\"https:\\\/\\\/idecesos.com\\\/seguros\\\/companias\\\/patria-hispana\\\/pontevedra\\\/#primaryimage\"},\"thumbnailUrl\":\"https:\\\/\\\/idecesos.com\\\/seguros\\\/wp-content\\\/uploads\\\/2021\\\/10\\\/Diseno-sin-titulo-32-150x150.png\",\"datePublished\":\"2022-05-01T20:37:30+00:00\",\"description\":\"Lista completa de Oficinas Patria Hispana en Pontevedra Horarios, \u2706 tel\u00e9fonos y direcciones actualizados en 2026 \u2611\ufe0f Verificado por iDecesos.\",\"breadcrumb\":{\"@id\":\"https:\\\/\\\/idecesos.com\\\/seguros\\\/companias\\\/patria-hispana\\\/pontevedra\\\/#breadcrumb\"},\"inLanguage\":\"es\",\"potentialAction\":[{\"@type\":\"ReadAction\",\"target\":[\"https:\\\/\\\/idecesos.com\\\/seguros\\\/companias\\\/patria-hispana\\\/pontevedra\\\/\"]}]},{\"@type\":\"ImageObject\",\"inLanguage\":\"es\",\"@id\":\"https:\\\/\\\/idecesos.com\\\/seguros\\\/companias\\\/patria-hispana\\\/pontevedra\\\/#primaryimage\",\"url\":\"https:\\\/\\\/idecesos.com\\\/seguros\\\/wp-content\\\/uploads\\\/2021\\\/10\\\/Diseno-sin-titulo-32.png\",\"contentUrl\":\"https:\\\/\\\/idecesos.com\\\/seguros\\\/wp-content\\\/uploads\\\/2021\\\/10\\\/Diseno-sin-titulo-32.png\",\"width\":200,\"height\":200},{\"@type\":\"BreadcrumbList\",\"@id\":\"https:\\\/\\\/idecesos.com\\\/seguros\\\/companias\\\/patria-hispana\\\/pontevedra\\\/#breadcrumb\",\"itemListElement\":[{\"@type\":\"ListItem\",\"position\":1,\"name\":\"Portada\",\"item\":\"https:\\\/\\\/idecesos.com\\\/seguros\\\/\"},{\"@type\":\"ListItem\",\"position\":2,\"name\":\"Compa\u00f1\u00edas de Seguros de Decesos en Espa\u00f1a\",\"item\":\"https:\\\/\\\/idecesos.com\\\/seguros\\\/companias\\\/\"},{\"@type\":\"ListItem\",\"position\":3,\"name\":\"Seguro de Decesos Patria Hispana\",\"item\":\"https:\\\/\\\/idecesos.com\\\/seguros\\\/companias\\\/patria-hispana\\\/\"},{\"@type\":\"ListItem\",\"position\":4,\"name\":\"Oficinas seguros de decesos Patria Hispana en Pontevedra\"}]},{\"@type\":\"WebSite\",\"@id\":\"https:\\\/\\\/idecesos.com\\\/seguros\\\/#website\",\"url\":\"https:\\\/\\\/idecesos.com\\\/seguros\\\/\",\"name\":\"\",\"description\":\"\",\"potentialAction\":[{\"@type\":\"SearchAction\",\"target\":{\"@type\":\"EntryPoint\",\"urlTemplate\":\"https:\\\/\\\/idecesos.com\\\/seguros\\\/?s={search_term_string}\"},\"query-input\":{\"@type\":\"PropertyValueSpecification\",\"valueRequired\":true,\"valueName\":\"search_term_string\"}}],\"inLanguage\":\"es\"}]}<\/script>\n<!-- \/ Yoast SEO plugin. -->","yoast_head_json":{"title":"Oficinas Patria Hispana en Pontevedra \u25b7Tel\u00e9fonos, Horarios, Direcci\u00f3n","description":"Lista completa de Oficinas Patria Hispana en Pontevedra Horarios, \u2706 tel\u00e9fonos y direcciones actualizados en 2026 \u2611\ufe0f Verificado por iDecesos.","robots":{"index":"index","follow":"follow","max-snippet":"max-snippet:-1","max-image-preview":"max-image-preview:large","max-video-preview":"max-video-preview:-1"},"canonical":"https:\/\/idecesos.com\/seguros\/companias\/patria-hispana\/pontevedra\/","og_locale":"es_ES","og_type":"article","og_title":"Oficinas Patria Hispana en Pontevedra \u25b7Tel\u00e9fonos, Horarios, Direcci\u00f3n","og_description":"Lista completa de Oficinas Patria Hispana en Pontevedra Horarios, \u2706 tel\u00e9fonos y direcciones actualizados en 2026 \u2611\ufe0f Verificado por iDecesos.","og_url":"https:\/\/idecesos.com\/seguros\/companias\/patria-hispana\/pontevedra\/","og_image":[{"url":"https:\/\/idecesos.com\/seguros\/wp-content\/uploads\/2021\/10\/Diseno-sin-titulo-32-150x150.png","type":"","width":"","height":""}],"twitter_card":"summary_large_image","twitter_misc":{"Tiempo de lectura":"39 minutos"},"schema":{"@context":"https:\/\/schema.org","@graph":[{"@type":"WebPage","@id":"https:\/\/idecesos.com\/seguros\/companias\/patria-hispana\/pontevedra\/","url":"https:\/\/idecesos.com\/seguros\/companias\/patria-hispana\/pontevedra\/","name":"Oficinas Patria Hispana en Pontevedra \u25b7Tel\u00e9fonos, Horarios, Direcci\u00f3n","isPartOf":{"@id":"https:\/\/idecesos.com\/seguros\/#website"},"primaryImageOfPage":{"@id":"https:\/\/idecesos.com\/seguros\/companias\/patria-hispana\/pontevedra\/#primaryimage"},"image":{"@id":"https:\/\/idecesos.com\/seguros\/companias\/patria-hispana\/pontevedra\/#primaryimage"},"thumbnailUrl":"https:\/\/idecesos.com\/seguros\/wp-content\/uploads\/2021\/10\/Diseno-sin-titulo-32-150x150.png","datePublished":"2022-05-01T20:37:30+00:00","description":"Lista completa de Oficinas Patria Hispana en Pontevedra Horarios, \u2706 tel\u00e9fonos y direcciones actualizados en 2026 \u2611\ufe0f Verificado por iDecesos.","breadcrumb":{"@id":"https:\/\/idecesos.com\/seguros\/companias\/patria-hispana\/pontevedra\/#breadcrumb"},"inLanguage":"es","potentialAction":[{"@type":"ReadAction","target":["https:\/\/idecesos.com\/seguros\/companias\/patria-hispana\/pontevedra\/"]}]},{"@type":"ImageObject","inLanguage":"es","@id":"https:\/\/idecesos.com\/seguros\/companias\/patria-hispana\/pontevedra\/#primaryimage","url":"https:\/\/idecesos.com\/seguros\/wp-content\/uploads\/2021\/10\/Diseno-sin-titulo-32.png","contentUrl":"https:\/\/idecesos.com\/seguros\/wp-content\/uploads\/2021\/10\/Diseno-sin-titulo-32.png","width":200,"height":200},{"@type":"BreadcrumbList","@id":"https:\/\/idecesos.com\/seguros\/companias\/patria-hispana\/pontevedra\/#breadcrumb","itemListElement":[{"@type":"ListItem","position":1,"name":"Portada","item":"https:\/\/idecesos.com\/seguros\/"},{"@type":"ListItem","position":2,"name":"Compa\u00f1\u00edas de Seguros de Decesos en Espa\u00f1a","item":"https:\/\/idecesos.com\/seguros\/companias\/"},{"@type":"ListItem","position":3,"name":"Seguro de Decesos Patria Hispana","item":"https:\/\/idecesos.com\/seguros\/companias\/patria-hispana\/"},{"@type":"ListItem","position":4,"name":"Oficinas seguros de decesos Patria Hispana en Pontevedra"}]},{"@type":"WebSite","@id":"https:\/\/idecesos.com\/seguros\/#website","url":"https:\/\/idecesos.com\/seguros\/","name":"","description":"","potentialAction":[{"@type":"SearchAction","target":{"@type":"EntryPoint","urlTemplate":"https:\/\/idecesos.com\/seguros\/?s={search_term_string}"},"query-input":{"@type":"PropertyValueSpecification","valueRequired":true,"valueName":"search_term_string"}}],"inLanguage":"es"}]}},"_links":{"self":[{"href":"https:\/\/idecesos.com\/seguros\/wp-json\/wp\/v2\/pages\/21334","targetHints":{"allow":["GET"]}}],"collection":[{"href":"https:\/\/idecesos.com\/seguros\/wp-json\/wp\/v2\/pages"}],"about":[{"href":"https:\/\/idecesos.com\/seguros\/wp-json\/wp\/v2\/types\/page"}],"replies":[{"embeddable":true,"href":"https:\/\/idecesos.com\/seguros\/wp-json\/wp\/v2\/comments?post=21334"}],"version-history":[{"count":0,"href":"https:\/\/idecesos.com\/seguros\/wp-json\/wp\/v2\/pages\/21334\/revisions"}],"up":[{"embeddable":true,"href":"https:\/\/idecesos.com\/seguros\/wp-json\/wp\/v2\/pages\/439"}],"wp:attachment":[{"href":"https:\/\/idecesos.com\/seguros\/wp-json\/wp\/v2\/media?parent=21334"}],"curies":[{"name":"wp","href":"https:\/\/api.w.org\/{rel}","templated":true}]}}