{"id":21350,"date":"2022-05-01T20:37:40","date_gmt":"2022-05-01T20:37:40","guid":{"rendered":"https:\/\/idecesos.com\/seguros\/companias\/prevision-mallorquina\/vizcaya\/"},"modified":"2022-05-01T20:37:40","modified_gmt":"2022-05-01T20:37:40","slug":"vizcaya","status":"publish","type":"page","link":"https:\/\/idecesos.com\/seguros\/companias\/prevision-mallorquina\/vizcaya\/","title":{"rendered":"Oficinas seguros de decesos Previsi\u00f3n Mallorquina en Vizcaya"},"content":{"rendered":"<div id=\"ez-toc-container\" class=\"ez-toc-v2_0_82_2 ez-toc-wrap-center counter-hierarchy ez-toc-counter ez-toc-custom ez-toc-container-direction\">\n<div class=\"ez-toc-title-container\">\n<p class=\"ez-toc-title\" style=\"cursor:inherit\">Tabla de Contenido<\/p>\n<span class=\"ez-toc-title-toggle\"><a href=\"#\" class=\"ez-toc-pull-right ez-toc-btn ez-toc-btn-xs ez-toc-btn-default ez-toc-toggle\" aria-label=\"Alternar tabla de contenidos\"><span class=\"ez-toc-js-icon-con\"><span class=\"\"><span class=\"eztoc-hide\" style=\"display:none;\">Toggle<\/span><span class=\"ez-toc-icon-toggle-span\"><svg style=\"fill: #db6415;color:#db6415\" xmlns=\"http:\/\/www.w3.org\/2000\/svg\" class=\"list-377408\" width=\"20px\" height=\"20px\" viewBox=\"0 0 24 24\" fill=\"none\"><path d=\"M6 6H4v2h2V6zm14 0H8v2h12V6zM4 11h2v2H4v-2zm16 0H8v2h12v-2zM4 16h2v2H4v-2zm16 0H8v2h12v-2z\" fill=\"currentColor\"><\/path><\/svg><svg style=\"fill: #db6415;color:#db6415\" class=\"arrow-unsorted-368013\" xmlns=\"http:\/\/www.w3.org\/2000\/svg\" width=\"10px\" height=\"10px\" viewBox=\"0 0 24 24\" version=\"1.2\" baseProfile=\"tiny\"><path d=\"M18.2 9.3l-6.2-6.3-6.2 6.3c-.2.2-.3.4-.3.7s.1.5.3.7c.2.2.4.3.7.3h11c.3 0 .5-.1.7-.3.2-.2.3-.5.3-.7s-.1-.5-.3-.7zM5.8 14.7l6.2 6.3 6.2-6.3c.2-.2.3-.5.3-.7s-.1-.5-.3-.7c-.2-.2-.4-.3-.7-.3h-11c-.3 0-.5.1-.7.3-.2.2-.3.5-.3.7s.1.5.3.7z\"\/><\/svg><\/span><\/span><\/span><\/a><\/span><\/div>\n<nav><ul class='ez-toc-list ez-toc-list-level-1 ' ><li class='ez-toc-page-1 ez-toc-heading-level-2'><a class=\"ez-toc-link ez-toc-heading-1\" href=\"https:\/\/idecesos.com\/seguros\/companias\/prevision-mallorquina\/vizcaya\/#Seguro_de_decesos_Prevision_Mallorquina_en_Vizcaya\" >Seguro de decesos Previsi\u00f3n Mallorquina en Vizcaya<\/a><\/li><li class='ez-toc-page-1 ez-toc-heading-level-2'><a class=\"ez-toc-link ez-toc-heading-2\" href=\"https:\/\/idecesos.com\/seguros\/companias\/prevision-mallorquina\/vizcaya\/#Mapa_de_sucursales_de_seguros_Prevision_Mallorquina_en_Vizcaya\" >Mapa de sucursales de seguros Previsi\u00f3n Mallorquina en Vizcaya<\/a><\/li><li class='ez-toc-page-1 ez-toc-heading-level-2'><a class=\"ez-toc-link ez-toc-heading-3\" href=\"https:\/\/idecesos.com\/seguros\/companias\/prevision-mallorquina\/vizcaya\/#Listado_de_agencias_Prevision_Mallorquina_en_Vizcaya\" >Listado de agencias Previsi\u00f3n Mallorquina en Vizcaya<\/a><\/li><li class='ez-toc-page-1 ez-toc-heading-level-2'><a class=\"ez-toc-link ez-toc-heading-4\" href=\"https:\/\/idecesos.com\/seguros\/companias\/prevision-mallorquina\/vizcaya\/#Oficinas_de_seguros_de_decesos_en_Vizcaya\" >Oficinas de seguros de decesos en Vizcaya<\/a><ul class='ez-toc-list-level-3' ><li class='ez-toc-heading-level-3'><a class=\"ez-toc-link ez-toc-heading-5\" href=\"https:\/\/idecesos.com\/seguros\/companias\/prevision-mallorquina\/vizcaya\/#Listado_de_oficinas_Prevision_Mallorquina_en_Espana\" >Listado de oficinas Previsi\u00f3n Mallorquina en Espa\u00f1a<\/a><\/li><\/ul><\/li><\/ul><\/nav><\/div>\n<p><br \/>\n<a href=\"https:\/\/idecesos.com\/seguros\/companias\/prevision-mallorquina\/\"><img decoding=\"async\" class=\" alignleft\" src=\"https:\/\/idecesos.com\/seguros\/wp-content\/uploads\/2021\/10\/prevision-mallorquina-150x150.png\" alt=\"Seguro de decesos Previsi\u00f3n Mallorquina\" \/><\/a>Gracias a nosotros vas a conocer la gran pluralidad de locales de Previsi\u00f3n Mallorquina en Vizcaya, donde solventaran cualquier fallo que pueda surgir o diferentes dudas en el momento de la tramitaci\u00f3n de tu p\u00f3liza. Adapt\u00e1ndote a los horarios marcador por cada uno de ellos de ellos. Dentro de cada compa\u00f1\u00eda de seguros es importante que cuente con una atenci\u00f3n de persona dedicada, y que administraci\u00f3n cualquier fallo cometido en distintas circunstancias. <\/p>\n<p>EMPRESA nos proporciona un servicio de calidad con car\u00e1cter m\u00e1s pr\u00f3ximo, con un nivel de comunicaci\u00f3n extraordinaria, merced a contar con su oficina. Es preciso saber d\u00f3nde encontrarlo. Con respecto a sus servicios ser\u00e1n puesto en marcha en cualquier situaci\u00f3n. Cuentas en todo momento de grandes especialistas cualificados, d\u00f3nde podr\u00e1s conseguir un presupuesto en el momento. <\/p>\n<p>Visita nuestra p\u00e1gina de <a href=\"https:\/\/idecesos.com\/seguros\/companias\/prevision-mallorquina\/\">seguros de decesos Previsi\u00f3n Mallorquina<\/a> para m\u00e1s informaci\u00f3n.<\/p>\n<div class=\"colorf \"  ><div class=\"container clearfix\"><div class=\"col-md-7\">\n<h2><span class=\"ez-toc-section\" id=\"Seguro_de_decesos_Prevision_Mallorquina_en_Vizcaya\"><\/span>Seguro de decesos Previsi\u00f3n Mallorquina en Vizcaya<span class=\"ez-toc-section-end\"><\/span><\/h2>\n<p>Somos referente en lo que se refiere a la calidad que recibe cada uno de ellos de nuestros clientes, siendo de excelencia un servicio destacable, contando con las distintas compa\u00f1\u00edas en Vizcaya. Te damos la alegr\u00eda que con solo acceder lograr\u00e1s un presupuesto veloz y de simple lectura, ahorr\u00e1ndote tiempo y comederos de cabeza. pide ahora <strong>tu presupuesto de Previsi\u00f3n Mallorquina en Vizcaya,<\/strong> conseguir\u00e1s todos los datos que precises. Sabemos que conseguir comprender un presupuesto es todo un reto. <\/p>\n<p><strong>Ver m\u00e1s:<\/strong> <a href=\"https:\/\/idecesos.com\/seguros\/ciudades\/vizcaya\/\">Seguros de decesos en Vizcaya<\/a><\/p>\n<p>La calidad que prestamos siempre es de las pero esenciales, teniendo presente nuestras oficinas de Previsi\u00f3n Mallorquina en Vizcaya, por esta raz\u00f3n hemos querido premiar a nuestros clientes del servicio con la obtenci\u00f3n de presupuesto en el instante. Nos aseguramos que es todo lo que necesites, lo tengo en tus manos.<br \/>\nNo va a requerir de muchos pasos o de enlaces diferentes, es cuesti\u00f3n de rellenar el formulario que te facilitamos, por lo consecuente obtendr\u00e1s lo pedido, con la informaci\u00f3n que has requerido. M\u00e1s solvente que continuar buscando. <\/p>\n<p><\/div><\/div><\/div>\n\t\t<hr class=\"separador\">\n\t\t<div class=\"bloque-accion\">\n\t\t<p class=\"txt-accion\">Calcula el precio de tu seguro de decesos en menos de 1 minuto<\/p>\n\t\t<a class=\"btn-accion\" href=\"https:\/\/idecesos.com\/\">CALCULAR<\/a>\n\t\t<\/div>\n\t\t<hr class=\"separador\">\n\t\t<\/p>\n<h2><span class=\"ez-toc-section\" id=\"Mapa_de_sucursales_de_seguros_Prevision_Mallorquina_en_Vizcaya\"><\/span>Mapa de sucursales de seguros Previsi\u00f3n Mallorquina en Vizcaya<span class=\"ez-toc-section-end\"><\/span><\/h2>\n<p>Un localizador de oficinas Previsi\u00f3n Mallorquina en Vizcaya ha venido a gestionar todos los inconvenientes de forma m\u00e1s sencilla, <strong>cuentas con un mapa por Previsi\u00f3n Mallorquina<\/strong> en Vizcaya, con la realizaci\u00f3n a su proximidad. Deseamos que ahorres tu tiempo, por este motivo te damos la soluci\u00f3n m\u00e1s eficiente para esto, donde resultara todo de una forma inmediata. Te ahorramos perder el tiempo, haci\u00e9ndolo m\u00e1s vers\u00e1til. Sin necesidad de buscar m\u00e1s, el localizador resuelve y gestiona con eficacia la b\u00fasqueda. <\/p>\n<p><iframe class=\"page-generator-pro-map\" width=\"100%\" height=\"400\" frameborder=\"0\" style=\"border:0\" src=\"https:\/\/www.google.com\/maps\/embed\/v1\/place?q=Bilbao%2C+Espa%C3%B1a&#038;zoom=14&#038;maptype=roadmap&#038;key=AIzaSyCNTEOso0tZG6YMSJFoaJEY5Th1stEWrJI\" allowfullscreen><\/iframe><\/p>\n<div class=\"colorf\"><div class=\"container clearfix\"><div class=\"col-md-7\"><div class=\"empresas\">\n<h2><span class=\"ez-toc-section\" id=\"Listado_de_agencias_Prevision_Mallorquina_en_Vizcaya\"><\/span>Listado de agencias Previsi\u00f3n Mallorquina en Vizcaya<span class=\"ez-toc-section-end\"><\/span><\/h2>\n<ul>\n<li><strong>Compa\u00f1\u00eda de seguros Espa\u00f1a:<\/strong> 48007<\/li>\n<\/ul>\n<\/div><\/div><\/div><\/div>\n<h2><span class=\"ez-toc-section\" id=\"Oficinas_de_seguros_de_decesos_en_Vizcaya\"><\/span>Oficinas de seguros de decesos en Vizcaya<span class=\"ez-toc-section-end\"><\/span><\/h2>\n<p>Con este cat\u00e1logo podr\u00e1s observar las diferentes opciones alternativas de compa\u00f1\u00edas aseguradoras de <strong>decesos que encontrases en Vizcaya<\/strong> consiguiendo todos y cada uno de los datos necesarios a tu necesidad. Llev\u00e1ndolo acabo de una forma m\u00e1s \u00fatil. Funcional y eficaz, dando unos resultados incre\u00edble a la informaci\u00f3n que se necesite en el instante que se requiera. No hace falta pensarlo tanto en tanto que lo tienes a tu alcance para cualquier momento cuando m\u00e1s lo necesites. Siempre pensando en hacerte la busca m\u00e1s simple. Vas a poder conocer las diferentes asegurados que se hallen en tus cuidad. <\/p>\n<div class=\"colorf\"><div class=\"container clearfix\"><div class=\"col-md-7\"><div class=\"empresas\">\n<h3><span class=\"ez-toc-section\" id=\"Listado_de_oficinas_Prevision_Mallorquina_en_Espana\"><\/span>Listado de oficinas Previsi\u00f3n Mallorquina en Espa\u00f1a<span class=\"ez-toc-section-end\"><\/span><\/h3>\n<p><!-- Shortcode [previsi%c3%b3n-mallorquina-oficinas] does not exist --><\/div><\/div><\/div><\/div><\/p>\n<p><div class=\"oficinas\"><br \/>\n<!-- Shortcode [previsi%c3%b3n-mallorquina-hijas] does not exist --><br \/>\n<\/div><\/p>\n","protected":false},"excerpt":{"rendered":"<p>Gracias a nosotros vas a conocer la gran pluralidad de locales de Previsi\u00f3n Mallorquina en Vizcaya, donde solventaran cualquier fallo que pueda surgir o diferentes dudas en el momento de la tramitaci\u00f3n de tu p\u00f3liza. Adapt\u00e1ndote a los horarios marcador por cada uno de ellos de ellos. Dentro de cada compa\u00f1\u00eda de seguros es importante&hellip; <\/p>\n","protected":false},"author":0,"featured_media":0,"parent":9564,"menu_order":0,"comment_status":"closed","ping_status":"closed","template":"single.php","meta":{"footnotes":""},"class_list":["post-21350","page","type-page","status-publish","hentry"],"yoast_head":"<!-- This site is optimized with the Yoast SEO plugin v27.3 - https:\/\/yoast.com\/product\/yoast-seo-wordpress\/ -->\n<title>Oficinas Previsi\u00f3n Mallorquina en Vizcaya \u25b7Tel\u00e9fonos, Horarios, Direcci\u00f3n<\/title>\n<meta name=\"description\" content=\"Lista completa de Oficinas Previsi\u00f3n Mallorquina en Vizcaya Horarios, \u2706 tel\u00e9fonos y direcciones actualizados en 2026 \u2611\ufe0f Verificado por iDecesos.\" \/>\n<meta name=\"robots\" content=\"index, follow, max-snippet:-1, max-image-preview:large, max-video-preview:-1\" \/>\n<link rel=\"canonical\" href=\"https:\/\/idecesos.com\/seguros\/companias\/prevision-mallorquina\/vizcaya\/\" \/>\n<meta property=\"og:locale\" content=\"es_ES\" \/>\n<meta property=\"og:type\" content=\"article\" \/>\n<meta property=\"og:title\" content=\"Oficinas Previsi\u00f3n Mallorquina en Vizcaya \u25b7Tel\u00e9fonos, Horarios, Direcci\u00f3n\" \/>\n<meta property=\"og:description\" content=\"Lista completa de Oficinas Previsi\u00f3n Mallorquina en Vizcaya Horarios, \u2706 tel\u00e9fonos y direcciones actualizados en 2026 \u2611\ufe0f Verificado por iDecesos.\" \/>\n<meta property=\"og:url\" content=\"https:\/\/idecesos.com\/seguros\/companias\/prevision-mallorquina\/vizcaya\/\" \/>\n<meta property=\"og:image\" content=\"https:\/\/idecesos.com\/seguros\/wp-content\/uploads\/2021\/10\/prevision-mallorquina-150x150.png\" \/>\n<meta name=\"twitter:card\" content=\"summary_large_image\" \/>\n<meta name=\"twitter:label1\" content=\"Tiempo de lectura\" \/>\n\t<meta name=\"twitter:data1\" content=\"39 minutos\" \/>\n<script type=\"application\/ld+json\" class=\"yoast-schema-graph\">{\"@context\":\"https:\\\/\\\/schema.org\",\"@graph\":[{\"@type\":\"WebPage\",\"@id\":\"https:\\\/\\\/idecesos.com\\\/seguros\\\/companias\\\/prevision-mallorquina\\\/vizcaya\\\/\",\"url\":\"https:\\\/\\\/idecesos.com\\\/seguros\\\/companias\\\/prevision-mallorquina\\\/vizcaya\\\/\",\"name\":\"Oficinas Previsi\u00f3n Mallorquina en Vizcaya \u25b7Tel\u00e9fonos, Horarios, Direcci\u00f3n\",\"isPartOf\":{\"@id\":\"https:\\\/\\\/idecesos.com\\\/seguros\\\/#website\"},\"primaryImageOfPage\":{\"@id\":\"https:\\\/\\\/idecesos.com\\\/seguros\\\/companias\\\/prevision-mallorquina\\\/vizcaya\\\/#primaryimage\"},\"image\":{\"@id\":\"https:\\\/\\\/idecesos.com\\\/seguros\\\/companias\\\/prevision-mallorquina\\\/vizcaya\\\/#primaryimage\"},\"thumbnailUrl\":\"https:\\\/\\\/idecesos.com\\\/seguros\\\/wp-content\\\/uploads\\\/2021\\\/10\\\/prevision-mallorquina-150x150.png\",\"datePublished\":\"2022-05-01T20:37:40+00:00\",\"description\":\"Lista completa de Oficinas Previsi\u00f3n Mallorquina en Vizcaya Horarios, \u2706 tel\u00e9fonos y direcciones actualizados en 2026 \u2611\ufe0f Verificado por iDecesos.\",\"breadcrumb\":{\"@id\":\"https:\\\/\\\/idecesos.com\\\/seguros\\\/companias\\\/prevision-mallorquina\\\/vizcaya\\\/#breadcrumb\"},\"inLanguage\":\"es\",\"potentialAction\":[{\"@type\":\"ReadAction\",\"target\":[\"https:\\\/\\\/idecesos.com\\\/seguros\\\/companias\\\/prevision-mallorquina\\\/vizcaya\\\/\"]}]},{\"@type\":\"ImageObject\",\"inLanguage\":\"es\",\"@id\":\"https:\\\/\\\/idecesos.com\\\/seguros\\\/companias\\\/prevision-mallorquina\\\/vizcaya\\\/#primaryimage\",\"url\":\"https:\\\/\\\/idecesos.com\\\/seguros\\\/wp-content\\\/uploads\\\/2021\\\/10\\\/prevision-mallorquina.png\",\"contentUrl\":\"https:\\\/\\\/idecesos.com\\\/seguros\\\/wp-content\\\/uploads\\\/2021\\\/10\\\/prevision-mallorquina.png\",\"width\":200,\"height\":200},{\"@type\":\"BreadcrumbList\",\"@id\":\"https:\\\/\\\/idecesos.com\\\/seguros\\\/companias\\\/prevision-mallorquina\\\/vizcaya\\\/#breadcrumb\",\"itemListElement\":[{\"@type\":\"ListItem\",\"position\":1,\"name\":\"Portada\",\"item\":\"https:\\\/\\\/idecesos.com\\\/seguros\\\/\"},{\"@type\":\"ListItem\",\"position\":2,\"name\":\"Compa\u00f1\u00edas de Seguros de Decesos en Espa\u00f1a\",\"item\":\"https:\\\/\\\/idecesos.com\\\/seguros\\\/companias\\\/\"},{\"@type\":\"ListItem\",\"position\":3,\"name\":\"Seguro de decesos Previsi\u00f3n Mallorquina\",\"item\":\"https:\\\/\\\/idecesos.com\\\/seguros\\\/companias\\\/prevision-mallorquina\\\/\"},{\"@type\":\"ListItem\",\"position\":4,\"name\":\"Oficinas seguros de decesos Previsi\u00f3n Mallorquina en Vizcaya\"}]},{\"@type\":\"WebSite\",\"@id\":\"https:\\\/\\\/idecesos.com\\\/seguros\\\/#website\",\"url\":\"https:\\\/\\\/idecesos.com\\\/seguros\\\/\",\"name\":\"\",\"description\":\"\",\"potentialAction\":[{\"@type\":\"SearchAction\",\"target\":{\"@type\":\"EntryPoint\",\"urlTemplate\":\"https:\\\/\\\/idecesos.com\\\/seguros\\\/?s={search_term_string}\"},\"query-input\":{\"@type\":\"PropertyValueSpecification\",\"valueRequired\":true,\"valueName\":\"search_term_string\"}}],\"inLanguage\":\"es\"}]}<\/script>\n<!-- \/ Yoast SEO plugin. -->","yoast_head_json":{"title":"Oficinas Previsi\u00f3n Mallorquina en Vizcaya \u25b7Tel\u00e9fonos, Horarios, Direcci\u00f3n","description":"Lista completa de Oficinas Previsi\u00f3n Mallorquina en Vizcaya Horarios, \u2706 tel\u00e9fonos y direcciones actualizados en 2026 \u2611\ufe0f Verificado por iDecesos.","robots":{"index":"index","follow":"follow","max-snippet":"max-snippet:-1","max-image-preview":"max-image-preview:large","max-video-preview":"max-video-preview:-1"},"canonical":"https:\/\/idecesos.com\/seguros\/companias\/prevision-mallorquina\/vizcaya\/","og_locale":"es_ES","og_type":"article","og_title":"Oficinas Previsi\u00f3n Mallorquina en Vizcaya \u25b7Tel\u00e9fonos, Horarios, Direcci\u00f3n","og_description":"Lista completa de Oficinas Previsi\u00f3n Mallorquina en Vizcaya Horarios, \u2706 tel\u00e9fonos y direcciones actualizados en 2026 \u2611\ufe0f Verificado por iDecesos.","og_url":"https:\/\/idecesos.com\/seguros\/companias\/prevision-mallorquina\/vizcaya\/","og_image":[{"url":"https:\/\/idecesos.com\/seguros\/wp-content\/uploads\/2021\/10\/prevision-mallorquina-150x150.png","type":"","width":"","height":""}],"twitter_card":"summary_large_image","twitter_misc":{"Tiempo de lectura":"39 minutos"},"schema":{"@context":"https:\/\/schema.org","@graph":[{"@type":"WebPage","@id":"https:\/\/idecesos.com\/seguros\/companias\/prevision-mallorquina\/vizcaya\/","url":"https:\/\/idecesos.com\/seguros\/companias\/prevision-mallorquina\/vizcaya\/","name":"Oficinas Previsi\u00f3n Mallorquina en Vizcaya \u25b7Tel\u00e9fonos, Horarios, Direcci\u00f3n","isPartOf":{"@id":"https:\/\/idecesos.com\/seguros\/#website"},"primaryImageOfPage":{"@id":"https:\/\/idecesos.com\/seguros\/companias\/prevision-mallorquina\/vizcaya\/#primaryimage"},"image":{"@id":"https:\/\/idecesos.com\/seguros\/companias\/prevision-mallorquina\/vizcaya\/#primaryimage"},"thumbnailUrl":"https:\/\/idecesos.com\/seguros\/wp-content\/uploads\/2021\/10\/prevision-mallorquina-150x150.png","datePublished":"2022-05-01T20:37:40+00:00","description":"Lista completa de Oficinas Previsi\u00f3n Mallorquina en Vizcaya Horarios, \u2706 tel\u00e9fonos y direcciones actualizados en 2026 \u2611\ufe0f Verificado por iDecesos.","breadcrumb":{"@id":"https:\/\/idecesos.com\/seguros\/companias\/prevision-mallorquina\/vizcaya\/#breadcrumb"},"inLanguage":"es","potentialAction":[{"@type":"ReadAction","target":["https:\/\/idecesos.com\/seguros\/companias\/prevision-mallorquina\/vizcaya\/"]}]},{"@type":"ImageObject","inLanguage":"es","@id":"https:\/\/idecesos.com\/seguros\/companias\/prevision-mallorquina\/vizcaya\/#primaryimage","url":"https:\/\/idecesos.com\/seguros\/wp-content\/uploads\/2021\/10\/prevision-mallorquina.png","contentUrl":"https:\/\/idecesos.com\/seguros\/wp-content\/uploads\/2021\/10\/prevision-mallorquina.png","width":200,"height":200},{"@type":"BreadcrumbList","@id":"https:\/\/idecesos.com\/seguros\/companias\/prevision-mallorquina\/vizcaya\/#breadcrumb","itemListElement":[{"@type":"ListItem","position":1,"name":"Portada","item":"https:\/\/idecesos.com\/seguros\/"},{"@type":"ListItem","position":2,"name":"Compa\u00f1\u00edas de Seguros de Decesos en Espa\u00f1a","item":"https:\/\/idecesos.com\/seguros\/companias\/"},{"@type":"ListItem","position":3,"name":"Seguro de decesos Previsi\u00f3n Mallorquina","item":"https:\/\/idecesos.com\/seguros\/companias\/prevision-mallorquina\/"},{"@type":"ListItem","position":4,"name":"Oficinas seguros de decesos Previsi\u00f3n Mallorquina en Vizcaya"}]},{"@type":"WebSite","@id":"https:\/\/idecesos.com\/seguros\/#website","url":"https:\/\/idecesos.com\/seguros\/","name":"","description":"","potentialAction":[{"@type":"SearchAction","target":{"@type":"EntryPoint","urlTemplate":"https:\/\/idecesos.com\/seguros\/?s={search_term_string}"},"query-input":{"@type":"PropertyValueSpecification","valueRequired":true,"valueName":"search_term_string"}}],"inLanguage":"es"}]}},"_links":{"self":[{"href":"https:\/\/idecesos.com\/seguros\/wp-json\/wp\/v2\/pages\/21350","targetHints":{"allow":["GET"]}}],"collection":[{"href":"https:\/\/idecesos.com\/seguros\/wp-json\/wp\/v2\/pages"}],"about":[{"href":"https:\/\/idecesos.com\/seguros\/wp-json\/wp\/v2\/types\/page"}],"replies":[{"embeddable":true,"href":"https:\/\/idecesos.com\/seguros\/wp-json\/wp\/v2\/comments?post=21350"}],"version-history":[{"count":0,"href":"https:\/\/idecesos.com\/seguros\/wp-json\/wp\/v2\/pages\/21350\/revisions"}],"up":[{"embeddable":true,"href":"https:\/\/idecesos.com\/seguros\/wp-json\/wp\/v2\/pages\/9564"}],"wp:attachment":[{"href":"https:\/\/idecesos.com\/seguros\/wp-json\/wp\/v2\/media?parent=21350"}],"curies":[{"name":"wp","href":"https:\/\/api.w.org\/{rel}","templated":true}]}}