{"id":21357,"date":"2022-05-31T10:23:14","date_gmt":"2022-05-31T10:23:14","guid":{"rendered":"https:\/\/idecesos.com\/seguros\/?page_id=21357"},"modified":"2022-05-31T11:26:41","modified_gmt":"2022-05-31T11:26:41","slug":"quienes-somos","status":"publish","type":"page","link":"https:\/\/idecesos.com\/seguros\/quienes-somos\/","title":{"rendered":"Quienes Somos"},"content":{"rendered":"<div id=\"ez-toc-container\" class=\"ez-toc-v2_0_82_2 ez-toc-wrap-center counter-hierarchy ez-toc-counter ez-toc-custom ez-toc-container-direction\">\n<div class=\"ez-toc-title-container\">\n<p class=\"ez-toc-title\" style=\"cursor:inherit\">Tabla de Contenido<\/p>\n<span class=\"ez-toc-title-toggle\"><a href=\"#\" class=\"ez-toc-pull-right ez-toc-btn ez-toc-btn-xs ez-toc-btn-default ez-toc-toggle\" aria-label=\"Alternar tabla de contenidos\"><span class=\"ez-toc-js-icon-con\"><span class=\"\"><span class=\"eztoc-hide\" style=\"display:none;\">Toggle<\/span><span class=\"ez-toc-icon-toggle-span\"><svg style=\"fill: #db6415;color:#db6415\" xmlns=\"http:\/\/www.w3.org\/2000\/svg\" class=\"list-377408\" width=\"20px\" height=\"20px\" viewBox=\"0 0 24 24\" fill=\"none\"><path d=\"M6 6H4v2h2V6zm14 0H8v2h12V6zM4 11h2v2H4v-2zm16 0H8v2h12v-2zM4 16h2v2H4v-2zm16 0H8v2h12v-2z\" fill=\"currentColor\"><\/path><\/svg><svg style=\"fill: #db6415;color:#db6415\" class=\"arrow-unsorted-368013\" xmlns=\"http:\/\/www.w3.org\/2000\/svg\" width=\"10px\" height=\"10px\" viewBox=\"0 0 24 24\" version=\"1.2\" baseProfile=\"tiny\"><path d=\"M18.2 9.3l-6.2-6.3-6.2 6.3c-.2.2-.3.4-.3.7s.1.5.3.7c.2.2.4.3.7.3h11c.3 0 .5-.1.7-.3.2-.2.3-.5.3-.7s-.1-.5-.3-.7zM5.8 14.7l6.2 6.3 6.2-6.3c.2-.2.3-.5.3-.7s-.1-.5-.3-.7c-.2-.2-.4-.3-.7-.3h-11c-.3 0-.5.1-.7.3-.2.2-.3.5-.3.7s.1.5.3.7z\"\/><\/svg><\/span><\/span><\/span><\/a><\/span><\/div>\n<nav><ul class='ez-toc-list ez-toc-list-level-1 ' ><li class='ez-toc-page-1 ez-toc-heading-level-2'><a class=\"ez-toc-link ez-toc-heading-1\" href=\"https:\/\/idecesos.com\/seguros\/quienes-somos\/#Nuestras_oficinas\" >Nuestras oficinas<\/a><\/li><li class='ez-toc-page-1 ez-toc-heading-level-2'><a class=\"ez-toc-link ez-toc-heading-2\" href=\"https:\/\/idecesos.com\/seguros\/quienes-somos\/#El_Equipo\" >El Equipo<\/a><\/li><\/ul><\/nav><\/div>\n\n<p>Idecesos es comparador de seguros de decesos fundado por profesionales del seguro, nace con un solo objetivo en mente: llevar a los usuarios un tipo de seguro que te ayudar\u00e1 a pagar un duro tr\u00e1mite.<\/p>\n<p>Idecesos tiene como objetivo proveerte de los mejores seguros de decesos de las mejores compa\u00f1\u00edas, ofreci\u00e9ndote ayuda a la hora de realizar la contrataci\u00f3n. Adem\u00e1s, gracias a nuestro gran volumen de clientes, tenemos grandes descuentos que repercuten directamente en nuestros clientes.<\/p>\n<p>En idecesos somos especialistas en seguros de decesos. Ayudamos a escoger el seguro m\u00e1s adecuado a miles de clientes que buscan el mejor servicio de decesos unido a un gran trato personal. Con un clic obtendr\u00e1s cotizaciones de varios compa\u00f1\u00edas aseguradoras. Solo tienes que introducir tus datos una vez y mostrar\u00e1 los precios de las principales compa\u00f1\u00edas aseguradoras de una sola vez.<\/p>\n<div class=\"colorf \"  ><div class=\"container clearfix\"><div class=\"col-md-7\"><\/p>\n<h2><span class=\"ez-toc-section\" id=\"Nuestras_oficinas\"><\/span>Nuestras oficinas<span class=\"ez-toc-section-end\"><\/span><\/h2>\n<p>En idecesos somos equipo, y por eso contamos con unas instalaciones desde la que te ofrecemos el mejor servicio. Un equipo que trabaja c\u00f3modo gestiona clientes cercanos.<\/p>\n<p><\/div><\/div><\/div>\n<h2><span class=\"ez-toc-section\" id=\"El_Equipo\"><\/span>El Equipo<span class=\"ez-toc-section-end\"><\/span><\/h2>\n<p>&nbsp;<\/p>\n<p>&nbsp;<\/p>\n","protected":false},"excerpt":{"rendered":"<p>Idecesos es comparador de seguros de decesos fundado por profesionales del seguro, nace con un solo objetivo en mente: llevar a los usuarios un tipo de seguro que te ayudar\u00e1 a pagar un duro tr\u00e1mite. Idecesos tiene como objetivo proveerte de los mejores seguros de decesos de las mejores compa\u00f1\u00edas, ofreci\u00e9ndote ayuda a la hora&hellip; <\/p>\n","protected":false},"author":2,"featured_media":0,"parent":0,"menu_order":0,"comment_status":"closed","ping_status":"closed","template":"single.php","meta":{"footnotes":""},"class_list":["post-21357","page","type-page","status-publish","hentry"],"yoast_head":"<!-- This site is optimized with the Yoast SEO plugin v27.3 - https:\/\/yoast.com\/product\/yoast-seo-wordpress\/ -->\n<title>Quienes Somos -<\/title>\n<meta name=\"robots\" content=\"index, follow, max-snippet:-1, max-image-preview:large, max-video-preview:-1\" \/>\n<link rel=\"canonical\" href=\"https:\/\/idecesos.com\/seguros\/quienes-somos\/\" \/>\n<meta property=\"og:locale\" content=\"es_ES\" \/>\n<meta property=\"og:type\" content=\"article\" \/>\n<meta property=\"og:title\" content=\"Quienes Somos -\" \/>\n<meta property=\"og:description\" content=\"Idecesos es comparador de seguros de decesos fundado por profesionales del seguro, nace con un solo objetivo en mente: llevar a los usuarios un tipo de seguro que te ayudar\u00e1 a pagar un duro tr\u00e1mite. Idecesos tiene como objetivo proveerte de los mejores seguros de decesos de las mejores compa\u00f1\u00edas, ofreci\u00e9ndote ayuda a la hora&hellip;\" \/>\n<meta property=\"og:url\" content=\"https:\/\/idecesos.com\/seguros\/quienes-somos\/\" \/>\n<meta property=\"article:modified_time\" content=\"2022-05-31T11:26:41+00:00\" \/>\n<meta name=\"twitter:card\" content=\"summary_large_image\" \/>\n<meta name=\"twitter:label1\" content=\"Tiempo de lectura\" \/>\n\t<meta name=\"twitter:data1\" content=\"1 minuto\" \/>\n<script type=\"application\/ld+json\" class=\"yoast-schema-graph\">{\"@context\":\"https:\\\/\\\/schema.org\",\"@graph\":[{\"@type\":\"WebPage\",\"@id\":\"https:\\\/\\\/idecesos.com\\\/seguros\\\/quienes-somos\\\/\",\"url\":\"https:\\\/\\\/idecesos.com\\\/seguros\\\/quienes-somos\\\/\",\"name\":\"Quienes Somos -\",\"isPartOf\":{\"@id\":\"https:\\\/\\\/idecesos.com\\\/seguros\\\/#website\"},\"datePublished\":\"2022-05-31T10:23:14+00:00\",\"dateModified\":\"2022-05-31T11:26:41+00:00\",\"breadcrumb\":{\"@id\":\"https:\\\/\\\/idecesos.com\\\/seguros\\\/quienes-somos\\\/#breadcrumb\"},\"inLanguage\":\"es\",\"potentialAction\":[{\"@type\":\"ReadAction\",\"target\":[\"https:\\\/\\\/idecesos.com\\\/seguros\\\/quienes-somos\\\/\"]}]},{\"@type\":\"BreadcrumbList\",\"@id\":\"https:\\\/\\\/idecesos.com\\\/seguros\\\/quienes-somos\\\/#breadcrumb\",\"itemListElement\":[{\"@type\":\"ListItem\",\"position\":1,\"name\":\"Portada\",\"item\":\"https:\\\/\\\/idecesos.com\\\/seguros\\\/\"},{\"@type\":\"ListItem\",\"position\":2,\"name\":\"Quienes Somos\"}]},{\"@type\":\"WebSite\",\"@id\":\"https:\\\/\\\/idecesos.com\\\/seguros\\\/#website\",\"url\":\"https:\\\/\\\/idecesos.com\\\/seguros\\\/\",\"name\":\"\",\"description\":\"\",\"potentialAction\":[{\"@type\":\"SearchAction\",\"target\":{\"@type\":\"EntryPoint\",\"urlTemplate\":\"https:\\\/\\\/idecesos.com\\\/seguros\\\/?s={search_term_string}\"},\"query-input\":{\"@type\":\"PropertyValueSpecification\",\"valueRequired\":true,\"valueName\":\"search_term_string\"}}],\"inLanguage\":\"es\"}]}<\/script>\n<!-- \/ Yoast SEO plugin. -->","yoast_head_json":{"title":"Quienes Somos -","robots":{"index":"index","follow":"follow","max-snippet":"max-snippet:-1","max-image-preview":"max-image-preview:large","max-video-preview":"max-video-preview:-1"},"canonical":"https:\/\/idecesos.com\/seguros\/quienes-somos\/","og_locale":"es_ES","og_type":"article","og_title":"Quienes Somos -","og_description":"Idecesos es comparador de seguros de decesos fundado por profesionales del seguro, nace con un solo objetivo en mente: llevar a los usuarios un tipo de seguro que te ayudar\u00e1 a pagar un duro tr\u00e1mite. Idecesos tiene como objetivo proveerte de los mejores seguros de decesos de las mejores compa\u00f1\u00edas, ofreci\u00e9ndote ayuda a la hora&hellip;","og_url":"https:\/\/idecesos.com\/seguros\/quienes-somos\/","article_modified_time":"2022-05-31T11:26:41+00:00","twitter_card":"summary_large_image","twitter_misc":{"Tiempo de lectura":"1 minuto"},"schema":{"@context":"https:\/\/schema.org","@graph":[{"@type":"WebPage","@id":"https:\/\/idecesos.com\/seguros\/quienes-somos\/","url":"https:\/\/idecesos.com\/seguros\/quienes-somos\/","name":"Quienes Somos -","isPartOf":{"@id":"https:\/\/idecesos.com\/seguros\/#website"},"datePublished":"2022-05-31T10:23:14+00:00","dateModified":"2022-05-31T11:26:41+00:00","breadcrumb":{"@id":"https:\/\/idecesos.com\/seguros\/quienes-somos\/#breadcrumb"},"inLanguage":"es","potentialAction":[{"@type":"ReadAction","target":["https:\/\/idecesos.com\/seguros\/quienes-somos\/"]}]},{"@type":"BreadcrumbList","@id":"https:\/\/idecesos.com\/seguros\/quienes-somos\/#breadcrumb","itemListElement":[{"@type":"ListItem","position":1,"name":"Portada","item":"https:\/\/idecesos.com\/seguros\/"},{"@type":"ListItem","position":2,"name":"Quienes Somos"}]},{"@type":"WebSite","@id":"https:\/\/idecesos.com\/seguros\/#website","url":"https:\/\/idecesos.com\/seguros\/","name":"","description":"","potentialAction":[{"@type":"SearchAction","target":{"@type":"EntryPoint","urlTemplate":"https:\/\/idecesos.com\/seguros\/?s={search_term_string}"},"query-input":{"@type":"PropertyValueSpecification","valueRequired":true,"valueName":"search_term_string"}}],"inLanguage":"es"}]}},"_links":{"self":[{"href":"https:\/\/idecesos.com\/seguros\/wp-json\/wp\/v2\/pages\/21357","targetHints":{"allow":["GET"]}}],"collection":[{"href":"https:\/\/idecesos.com\/seguros\/wp-json\/wp\/v2\/pages"}],"about":[{"href":"https:\/\/idecesos.com\/seguros\/wp-json\/wp\/v2\/types\/page"}],"author":[{"embeddable":true,"href":"https:\/\/idecesos.com\/seguros\/wp-json\/wp\/v2\/users\/2"}],"replies":[{"embeddable":true,"href":"https:\/\/idecesos.com\/seguros\/wp-json\/wp\/v2\/comments?post=21357"}],"version-history":[{"count":4,"href":"https:\/\/idecesos.com\/seguros\/wp-json\/wp\/v2\/pages\/21357\/revisions"}],"predecessor-version":[{"id":21361,"href":"https:\/\/idecesos.com\/seguros\/wp-json\/wp\/v2\/pages\/21357\/revisions\/21361"}],"wp:attachment":[{"href":"https:\/\/idecesos.com\/seguros\/wp-json\/wp\/v2\/media?parent=21357"}],"curies":[{"name":"wp","href":"https:\/\/api.w.org\/{rel}","templated":true}]}}