{"id":220,"date":"2021-07-08T19:16:44","date_gmt":"2021-07-08T19:16:44","guid":{"rendered":"https:\/\/idecesos.com\/seguros\/?page_id=220"},"modified":"2022-01-03T12:30:02","modified_gmt":"2022-01-03T12:30:02","slug":"caixa","status":"publish","type":"page","link":"https:\/\/idecesos.com\/seguros\/companias\/adeslas\/caixa\/","title":{"rendered":"Seguro de decesos Caixa Adeslas"},"content":{"rendered":"\r\n<p>SegurCaixa Adeslas se presenta a sus clientes como la empresa l\u00edder en seguros de salud en Espa\u00f1a. Desde su creaci\u00f3n ha basado su trabajo en la experiencia, vocaci\u00f3n y calidad de sus trabajadores que se encargan de garantizar tu tranquilidad y la de los tuyos en los momentos de luto. Actualmente SegurCaixa Adeslas est\u00e1 compuesta el 50% por Mutua Madrile\u00f1a y el 49.9% por CaixaBank, el porcentaje restante pertenece a accionistas minoritarios.<\/p>\r\n\r\n\r\n\r\n<p>En los \u00faltimos a\u00f1os Espa\u00f1a se ha convertido en uno de los pa\u00edses m\u00e1s caros para fallecer ya que los precios de los servicios funerarios cada vez son m\u00e1s elevados. Como consecuencia de este asegurados como SegurCaixa Adeslas se han especializado en ofrecer un trabajo minucioso, completo y de calidad a trav\u00e9s de su p\u00f3liza de decesos.<\/p>\r\n\r\n\r\n\r\n<p>Tras la p\u00e9rdida de un familiar o ser querido se avecinan d\u00edas dif\u00edciles, sin embargo, SegurCaixa Adeslas te garantiza a trav\u00e9s de su servicio que estos d\u00edas sean lo m\u00e1s llevaderos posible. En concreto, sus coberturas se basan en ofrecer un amplio servicio de sepelio y una garant\u00eda de repatriaci\u00f3n.<\/p>\r\n\r\n\r\n\r\n<p>A trav\u00e9s de esta \u00faltima garant\u00eda los asegurados podr\u00e1n ser trasladados desde su residencia hasta el lugar que desee la familia. Adem\u00e1s la compa\u00f1\u00eda se encargar\u00e1 de financiar el viaje de un acompa\u00f1ante. Este servicio est\u00e1 limitado a viajes que superen los 60 d\u00edas.<\/p>\r\n\r\n\r\n\r\n<p>SegurCaixa Adeslas pone especial \u00e9nfasis en proporcionar ayuda a los familiares por lo que ponen a disposici\u00f3n de sus clientes un servicio 24 horas de asistencia psicol\u00f3gica que garantiza la inmediatez a la hora de ofrecer su trabajo. Este servicio solo estar\u00e1 disponible en caso de que el fallecimiento se produzca por accidente o cuando el fallecido sea menor de 18 a\u00f1os.<\/p>\r\n\r\n\r\n\r\n<p>En el momento que fallece un familiar o ser querido se inicia un complejo proceso de tr\u00e1mites burocr\u00e1ticos que va desde el borrado en el libro de familia hasta la gesti\u00f3n del impuesto de sucesiones. SegurCaixa Adeslas, a trav\u00e9s de profesionales experimentados en diferentes sectores, se encargan de solucionar todos los tr\u00e1mites inherentes al duelo. Para ello ofrece un tel\u00e9fono 24 horas al que podr\u00e1n acudir sus clientes para resolver dudas con respecto a este \u00e1mbito.<\/p>\r\n\r\n\r\n\r\n<p>SegurCaixa Adeslas, pensando en adaptar su oferta lo m\u00e1ximo posible a lo que sus clientes piden, ofrecen dos modalidades de seguros de decesos. La primera de ella, conocida como Seguro Decesos Todo Previsto, ofrece un servicio muy completo de sepelio, as\u00ed como, la gesti\u00f3n de tr\u00e1mites burocr\u00e1ticos.<\/p>\r\n\r\n\r\n\r\n<p>La segunda modalidad recibe el nombre de Seguro Decesos Todo Previsto. Esta p\u00f3liza consiste en un menor n\u00famero de coberturas b\u00e1sicas pero con un 20% de descuento en el precio.<\/p>\r\n\r\n\r\n\r\n<p>Adem\u00e1s estas dos modalidades podr\u00e1n ser complementadas con hasta 4 packs de coberturas adicionales: Pack Estudios, Servicio Plus, Pack Digital y Pack ADN.<\/p>\r\n<h3>P\u00e1ginas relacionadas<\/h3><div class=\"enlazado\"><ul> <li><a href=\"https:\/\/idecesos.com\/seguros\/companias\/adeslas\/caixa\/\">Seguro de decesos Caixa Adeslas<\/a><\/li> <li><a href=\"https:\/\/idecesos.com\/seguros\/companias\/adeslas\/coberturas\/\">Coberturas Seguro de decesos Adeslas<\/a><\/li> <li><a href=\"https:\/\/idecesos.com\/seguros\/companias\/adeslas\/opiniones\/\">Opiniones Adeslas<\/a><\/li> <li><a href=\"https:\/\/idecesos.com\/seguros\/companias\/adeslas\/precio\/\">Precio seguro Adeslas<\/a><\/li> <li><a href=\"https:\/\/idecesos.com\/seguros\/companias\/adeslas\/prima-mixta\/\">Adeslas Prima Mixta<\/a><\/li> <li><a href=\"https:\/\/idecesos.com\/seguros\/companias\/adeslas\/prima-natural\/\">Adeslas Prima Natural<\/a><\/li> <li><a href=\"https:\/\/idecesos.com\/seguros\/companias\/adeslas\/prima-nivelada\/\">Adeslas Prima Nivelada<\/a><\/li> <li><a href=\"https:\/\/idecesos.com\/seguros\/companias\/adeslas\/prima-unica\/\">Adeslas Prima \u00danica<\/a><\/li> <li><a href=\"https:\/\/idecesos.com\/seguros\/companias\/adeslas\/repatriacion\/\">Adeslas Repatriaci\u00f3n<\/a><\/li> <li><a href=\"https:\/\/idecesos.com\/seguros\/companias\/adeslas\/segurcaixa\/\">Seguro de decesos Segurcaixa Adeslas<\/a><\/li> <li><a href=\"https:\/\/idecesos.com\/seguros\/companias\/adeslas\/telefono\/\">Tel\u00e9fono Gratuito Adeslas<\/a><\/li><\/ul><\/div>","protected":false},"excerpt":{"rendered":"<p>SegurCaixa Adeslas se presenta a sus clientes como la empresa l\u00edder en seguros de salud en Espa\u00f1a. Desde su creaci\u00f3n ha basado su trabajo en la experiencia, vocaci\u00f3n y calidad de sus trabajadores que se encargan de garantizar tu tranquilidad y la de los tuyos en los momentos de luto. Actualmente SegurCaixa Adeslas est\u00e1 compuesta&hellip; <\/p>\n","protected":false},"author":2,"featured_media":0,"parent":215,"menu_order":0,"comment_status":"open","ping_status":"closed","template":"single.php","meta":{"footnotes":""},"class_list":["post-220","page","type-page","status-publish","hentry"],"yoast_head":"<!-- This site is optimized with the Yoast SEO plugin v27.4 - https:\/\/yoast.com\/product\/yoast-seo-wordpress\/ -->\n<title>Seguro de decesos Caixa Adeslas -<\/title>\n<meta name=\"robots\" content=\"index, follow, max-snippet:-1, max-image-preview:large, max-video-preview:-1\" \/>\n<link rel=\"canonical\" href=\"https:\/\/idecesos.com\/seguros\/companias\/adeslas\/caixa\/\" \/>\n<meta property=\"og:locale\" content=\"es_ES\" \/>\n<meta property=\"og:type\" content=\"article\" \/>\n<meta property=\"og:title\" content=\"Seguro de decesos Caixa Adeslas -\" \/>\n<meta property=\"og:description\" content=\"SegurCaixa Adeslas se presenta a sus clientes como la empresa l\u00edder en seguros de salud en Espa\u00f1a. Desde su creaci\u00f3n ha basado su trabajo en la experiencia, vocaci\u00f3n y calidad de sus trabajadores que se encargan de garantizar tu tranquilidad y la de los tuyos en los momentos de luto. Actualmente SegurCaixa Adeslas est\u00e1 compuesta&hellip;\" \/>\n<meta property=\"og:url\" content=\"https:\/\/idecesos.com\/seguros\/companias\/adeslas\/caixa\/\" \/>\n<meta property=\"article:modified_time\" content=\"2022-01-03T12:30:02+00:00\" \/>\n<meta name=\"twitter:card\" content=\"summary_large_image\" \/>\n<meta name=\"twitter:label1\" content=\"Tiempo de lectura\" \/>\n\t<meta name=\"twitter:data1\" content=\"3 minutos\" \/>\n<script type=\"application\/ld+json\" class=\"yoast-schema-graph\">{\"@context\":\"https:\\\/\\\/schema.org\",\"@graph\":[{\"@type\":\"WebPage\",\"@id\":\"https:\\\/\\\/idecesos.com\\\/seguros\\\/companias\\\/adeslas\\\/caixa\\\/\",\"url\":\"https:\\\/\\\/idecesos.com\\\/seguros\\\/companias\\\/adeslas\\\/caixa\\\/\",\"name\":\"Seguro de decesos Caixa Adeslas -\",\"isPartOf\":{\"@id\":\"https:\\\/\\\/idecesos.com\\\/seguros\\\/#website\"},\"datePublished\":\"2021-07-08T19:16:44+00:00\",\"dateModified\":\"2022-01-03T12:30:02+00:00\",\"breadcrumb\":{\"@id\":\"https:\\\/\\\/idecesos.com\\\/seguros\\\/companias\\\/adeslas\\\/caixa\\\/#breadcrumb\"},\"inLanguage\":\"es\",\"potentialAction\":[{\"@type\":\"ReadAction\",\"target\":[\"https:\\\/\\\/idecesos.com\\\/seguros\\\/companias\\\/adeslas\\\/caixa\\\/\"]}]},{\"@type\":\"BreadcrumbList\",\"@id\":\"https:\\\/\\\/idecesos.com\\\/seguros\\\/companias\\\/adeslas\\\/caixa\\\/#breadcrumb\",\"itemListElement\":[{\"@type\":\"ListItem\",\"position\":1,\"name\":\"Portada\",\"item\":\"https:\\\/\\\/idecesos.com\\\/seguros\\\/\"},{\"@type\":\"ListItem\",\"position\":2,\"name\":\"Compa\u00f1\u00edas de Seguros de Decesos en Espa\u00f1a\",\"item\":\"https:\\\/\\\/idecesos.com\\\/seguros\\\/companias\\\/\"},{\"@type\":\"ListItem\",\"position\":3,\"name\":\"Seguro de Decesos Adeslas\",\"item\":\"https:\\\/\\\/idecesos.com\\\/seguros\\\/companias\\\/adeslas\\\/\"},{\"@type\":\"ListItem\",\"position\":4,\"name\":\"Seguro de decesos Caixa Adeslas\"}]},{\"@type\":\"WebSite\",\"@id\":\"https:\\\/\\\/idecesos.com\\\/seguros\\\/#website\",\"url\":\"https:\\\/\\\/idecesos.com\\\/seguros\\\/\",\"name\":\"\",\"description\":\"\",\"potentialAction\":[{\"@type\":\"SearchAction\",\"target\":{\"@type\":\"EntryPoint\",\"urlTemplate\":\"https:\\\/\\\/idecesos.com\\\/seguros\\\/?s={search_term_string}\"},\"query-input\":{\"@type\":\"PropertyValueSpecification\",\"valueRequired\":true,\"valueName\":\"search_term_string\"}}],\"inLanguage\":\"es\"}]}<\/script>\n<!-- \/ Yoast SEO plugin. -->","yoast_head_json":{"title":"Seguro de decesos Caixa Adeslas -","robots":{"index":"index","follow":"follow","max-snippet":"max-snippet:-1","max-image-preview":"max-image-preview:large","max-video-preview":"max-video-preview:-1"},"canonical":"https:\/\/idecesos.com\/seguros\/companias\/adeslas\/caixa\/","og_locale":"es_ES","og_type":"article","og_title":"Seguro de decesos Caixa Adeslas -","og_description":"SegurCaixa Adeslas se presenta a sus clientes como la empresa l\u00edder en seguros de salud en Espa\u00f1a. Desde su creaci\u00f3n ha basado su trabajo en la experiencia, vocaci\u00f3n y calidad de sus trabajadores que se encargan de garantizar tu tranquilidad y la de los tuyos en los momentos de luto. Actualmente SegurCaixa Adeslas est\u00e1 compuesta&hellip;","og_url":"https:\/\/idecesos.com\/seguros\/companias\/adeslas\/caixa\/","article_modified_time":"2022-01-03T12:30:02+00:00","twitter_card":"summary_large_image","twitter_misc":{"Tiempo de lectura":"3 minutos"},"schema":{"@context":"https:\/\/schema.org","@graph":[{"@type":"WebPage","@id":"https:\/\/idecesos.com\/seguros\/companias\/adeslas\/caixa\/","url":"https:\/\/idecesos.com\/seguros\/companias\/adeslas\/caixa\/","name":"Seguro de decesos Caixa Adeslas -","isPartOf":{"@id":"https:\/\/idecesos.com\/seguros\/#website"},"datePublished":"2021-07-08T19:16:44+00:00","dateModified":"2022-01-03T12:30:02+00:00","breadcrumb":{"@id":"https:\/\/idecesos.com\/seguros\/companias\/adeslas\/caixa\/#breadcrumb"},"inLanguage":"es","potentialAction":[{"@type":"ReadAction","target":["https:\/\/idecesos.com\/seguros\/companias\/adeslas\/caixa\/"]}]},{"@type":"BreadcrumbList","@id":"https:\/\/idecesos.com\/seguros\/companias\/adeslas\/caixa\/#breadcrumb","itemListElement":[{"@type":"ListItem","position":1,"name":"Portada","item":"https:\/\/idecesos.com\/seguros\/"},{"@type":"ListItem","position":2,"name":"Compa\u00f1\u00edas de Seguros de Decesos en Espa\u00f1a","item":"https:\/\/idecesos.com\/seguros\/companias\/"},{"@type":"ListItem","position":3,"name":"Seguro de Decesos Adeslas","item":"https:\/\/idecesos.com\/seguros\/companias\/adeslas\/"},{"@type":"ListItem","position":4,"name":"Seguro de decesos Caixa Adeslas"}]},{"@type":"WebSite","@id":"https:\/\/idecesos.com\/seguros\/#website","url":"https:\/\/idecesos.com\/seguros\/","name":"","description":"","potentialAction":[{"@type":"SearchAction","target":{"@type":"EntryPoint","urlTemplate":"https:\/\/idecesos.com\/seguros\/?s={search_term_string}"},"query-input":{"@type":"PropertyValueSpecification","valueRequired":true,"valueName":"search_term_string"}}],"inLanguage":"es"}]}},"_links":{"self":[{"href":"https:\/\/idecesos.com\/seguros\/wp-json\/wp\/v2\/pages\/220","targetHints":{"allow":["GET"]}}],"collection":[{"href":"https:\/\/idecesos.com\/seguros\/wp-json\/wp\/v2\/pages"}],"about":[{"href":"https:\/\/idecesos.com\/seguros\/wp-json\/wp\/v2\/types\/page"}],"author":[{"embeddable":true,"href":"https:\/\/idecesos.com\/seguros\/wp-json\/wp\/v2\/users\/2"}],"replies":[{"embeddable":true,"href":"https:\/\/idecesos.com\/seguros\/wp-json\/wp\/v2\/comments?post=220"}],"version-history":[{"count":3,"href":"https:\/\/idecesos.com\/seguros\/wp-json\/wp\/v2\/pages\/220\/revisions"}],"predecessor-version":[{"id":7019,"href":"https:\/\/idecesos.com\/seguros\/wp-json\/wp\/v2\/pages\/220\/revisions\/7019"}],"up":[{"embeddable":true,"href":"https:\/\/idecesos.com\/seguros\/wp-json\/wp\/v2\/pages\/215"}],"wp:attachment":[{"href":"https:\/\/idecesos.com\/seguros\/wp-json\/wp\/v2\/media?parent=220"}],"curies":[{"name":"wp","href":"https:\/\/api.w.org\/{rel}","templated":true}]}}