{"id":228,"date":"2021-12-15T16:02:45","date_gmt":"2021-07-08T19:49:07","guid":{"rendered":"https:\/\/idecesos.com\/seguros\/?page_id=228"},"modified":"2022-03-10T09:05:19","modified_gmt":"2022-03-10T09:05:19","slug":"precio","status":"publish","type":"page","link":"https:\/\/idecesos.com\/seguros\/companias\/adeslas\/precio\/","title":{"rendered":"\u00bfCu\u00e1nto cuesta el seguro de decesos Adeslas?"},"content":{"rendered":"<div id=\"ez-toc-container\" class=\"ez-toc-v2_0_82_2 ez-toc-wrap-center counter-hierarchy ez-toc-counter ez-toc-custom ez-toc-container-direction\">\n<div class=\"ez-toc-title-container\">\n<p class=\"ez-toc-title\" style=\"cursor:inherit\">Tabla de Contenido<\/p>\n<span class=\"ez-toc-title-toggle\"><a href=\"#\" class=\"ez-toc-pull-right ez-toc-btn ez-toc-btn-xs ez-toc-btn-default ez-toc-toggle\" aria-label=\"Alternar tabla de contenidos\"><span class=\"ez-toc-js-icon-con\"><span class=\"\"><span class=\"eztoc-hide\" style=\"display:none;\">Toggle<\/span><span class=\"ez-toc-icon-toggle-span\"><svg style=\"fill: #db6415;color:#db6415\" xmlns=\"http:\/\/www.w3.org\/2000\/svg\" class=\"list-377408\" width=\"20px\" height=\"20px\" viewBox=\"0 0 24 24\" fill=\"none\"><path d=\"M6 6H4v2h2V6zm14 0H8v2h12V6zM4 11h2v2H4v-2zm16 0H8v2h12v-2zM4 16h2v2H4v-2zm16 0H8v2h12v-2z\" fill=\"currentColor\"><\/path><\/svg><svg style=\"fill: #db6415;color:#db6415\" class=\"arrow-unsorted-368013\" xmlns=\"http:\/\/www.w3.org\/2000\/svg\" width=\"10px\" height=\"10px\" viewBox=\"0 0 24 24\" version=\"1.2\" baseProfile=\"tiny\"><path d=\"M18.2 9.3l-6.2-6.3-6.2 6.3c-.2.2-.3.4-.3.7s.1.5.3.7c.2.2.4.3.7.3h11c.3 0 .5-.1.7-.3.2-.2.3-.5.3-.7s-.1-.5-.3-.7zM5.8 14.7l6.2 6.3 6.2-6.3c.2-.2.3-.5.3-.7s-.1-.5-.3-.7c-.2-.2-.4-.3-.7-.3h-11c-.3 0-.5.1-.7.3-.2.2-.3.5-.3.7s.1.5.3.7z\"\/><\/svg><\/span><\/span><\/span><\/a><\/span><\/div>\n<nav><ul class='ez-toc-list ez-toc-list-level-1 ' ><li class='ez-toc-page-1 ez-toc-heading-level-2'><a class=\"ez-toc-link ez-toc-heading-1\" href=\"https:\/\/idecesos.com\/seguros\/companias\/adeslas\/precio\/#Calcular_precio_seguro_de_decesos_Adeslas\" >Calcular precio seguro de decesos Adeslas<\/a><\/li><li class='ez-toc-page-1 ez-toc-heading-level-2'><a class=\"ez-toc-link ez-toc-heading-2\" href=\"https:\/\/idecesos.com\/seguros\/companias\/adeslas\/precio\/#Tabla_comparativa_de_precios_Adeslas\" >Tabla comparativa de precios Adeslas<\/a><ul class='ez-toc-list-level-3' ><li class='ez-toc-heading-level-3'><a class=\"ez-toc-link ez-toc-heading-3\" href=\"https:\/\/idecesos.com\/seguros\/companias\/adeslas\/precio\/#%C2%BFCual_es_la_mejor_tarifa_de_seguros_de_Adeslas\" >\u00bfCu\u00e1l es la mejor tarifa de seguros de Adeslas ?<\/a><\/li><li class='ez-toc-page-1 ez-toc-heading-level-3'><a class=\"ez-toc-link ez-toc-heading-4\" href=\"https:\/\/idecesos.com\/seguros\/companias\/adeslas\/precio\/#%C2%BFPuede_aumentar_precio_mensual_de_los_seguros_de_Adeslas\" >\u00bfPuede aumentar precio mensual de los seguros de Adeslas ?<\/a><\/li><li class='ez-toc-page-1 ez-toc-heading-level-3'><a class=\"ez-toc-link ez-toc-heading-5\" href=\"https:\/\/idecesos.com\/seguros\/companias\/adeslas\/precio\/#%C2%BFEl_precio_de_seguros_de_decesos_Adeslas_sube_con_la_edad\" >\u00bfEl precio de seguros de decesos Adeslas sube con la edad?<\/a><\/li><li class='ez-toc-page-1 ez-toc-heading-level-3'><a class=\"ez-toc-link ez-toc-heading-6\" href=\"https:\/\/idecesos.com\/seguros\/companias\/adeslas\/precio\/#Paginas_relacionadas\" >P\u00e1ginas relacionadas<\/a><\/li><\/ul><\/li><\/ul><\/nav><\/div>\n<p><br \/>\nA trav\u00e9s de el trabajo de los profesionales que componen iDecesos, merced a su comparador ofrecemos un extenso panel de ofertas de seguros de defunci\u00f3n con aseguradoras, precios y coberturas muy competitivas. Es fundamental, tener toda la informaci\u00f3n de las p\u00f3lizas del seguro de decesos que m\u00e1s te interesen para tomar una resoluci\u00f3n acertada y que mejor se asemeje a lo deseado. A continuaci\u00f3n, le mostraremos cada uno de los precios y las distintas modalidades de primas que existen en el seguro de decesos de Adeslas para que pueda solventar todas sus dudas y pueda seleccionar la mejor cobertura y prima que mejor se amolde a sus necesidades.<\/p>\n<div class=\"colorf\"><div class=\"container clearfix\"><div class=\"col-md-7\">\n<h2><span class=\"ez-toc-section\" id=\"Calcular_precio_seguro_de_decesos_Adeslas\"><\/span>Calcular precio seguro de decesos Adeslas<span class=\"ez-toc-section-end\"><\/span><\/h2>\n<p>Adeslas se hace cargo de llevar un proceso adaptado para cada uno de ellos de sus asegurados ,siguiendo unos pasos muy espec\u00edficos y de manera muy exhaustiva teniendo en cuenta los diferentes factores que rodean al asegurado para que el c\u00e1lculo sea a su medida y en la coyuntura que se encuentre tenga una tarifa muy equilibrada. Es mejor estar prevenido y cubrirse en salud con lo que pueda suceder en un futuro. Merced a Adeslas, vas a poder calcular el precio de tu p\u00f3liza en menos de un minuto y vas a poder conocer la tarifa de su seguro de decesos. Con iDecesos no tendr\u00e1s que preocuparte por nada. Esta herramienta te va a ayudar a buscar la tarifa que mejor se amolde a tus exigencias con solo rellenar los datos m\u00e1s esenciales. Gracias a esto conseguir\u00e1s tu tarifa perfecta en cuesti\u00f3n de segundos donde vas a poder ver todas las ventajas que esta acarrea. As\u00ed de sencillo y veloz. Dejando en claro que no quedas comprometido a nada y vas a poder realizarlo las veces que sea preciso absolutamente sin coste.<br \/>\n<\/div><\/div><\/div><\/p>\n<h2><span class=\"ez-toc-section\" id=\"Tabla_comparativa_de_precios_Adeslas\"><\/span>Tabla comparativa de precios Adeslas<span class=\"ez-toc-section-end\"><\/span><\/h2>\n<p><div class=\"cabecera_tabla_precio\"><table class=\"table table-striped\"><thead><tr><th class=\"nosepara centrado\">Tipo<\/th><th class=\"nosepara centrado nojustificado\">Precio Desde<\/th><th class=\"nosepara dcha\"><\/th><\/tr><\/thead><tbody><tr class=\"fila_tabla_precio\"><td class=\"nosepara izq\">Precio Seguro Decesos Adeslas<\/td><td class=\"nosepara centro\">1,43 \u20ac\/mes<\/td><td class=\"nosepara derecha\">\t\t\t\t\t\n\t\t\t\t\t\t<span class=\"\" style=\"cursor:pointer\" data-bs-toggle=\"modal\" data-bs-target=\"#comparadorModal\">Calcular<\/span>\t\t\t\t\n\t\t\t\t\t\n\t\t\t\t<\/td><\/tr><\/div><tr class=\"fila_tabla_precio\"><td class=\"nosepara izq\">Precio Prima \u00danica Adeslas<\/td><td class=\"nosepara centro\">2330 \u20ac<\/td><td class=\"nosepara derecha\">\t\t\t\t\t\n\t\t\t\t\t\t<span class=\"\" style=\"cursor:pointer\" data-bs-toggle=\"modal\" data-bs-target=\"#comparadorModal\">Calcular<\/span>\t\t\t\t\n\t\t\t\t\t\n\t\t\t\t<\/td><\/tr><\/div><tr class=\"fila_tabla_precio\"><td class=\"nosepara izq\">Precio Prima Natural Adeslas<\/td><td class=\"nosepara centro\">1,31 \u20ac\/mes<\/td><td class=\"nosepara derecha\">\t\t\t\t\t\n\t\t\t\t\t\t<span class=\"\" style=\"cursor:pointer\" data-bs-toggle=\"modal\" data-bs-target=\"#comparadorModal\">Calcular<\/span>\t\t\t\t\n\t\t\t\t\t\n\t\t\t\t<\/td><\/tr><\/div><tr class=\"fila_tabla_precio\"><td class=\"nosepara izq\">Precio Prima Nivelada Adeslas<\/td><td class=\"nosepara centro\">1,61 \u20ac\/mes<\/td><td class=\"nosepara derecha\">\t\t\t\t\t\n\t\t\t\t\t\t<span class=\"\" style=\"cursor:pointer\" data-bs-toggle=\"modal\" data-bs-target=\"#comparadorModal\">Calcular<\/span>\t\t\t\t\n\t\t\t\t\t\n\t\t\t\t<\/td><\/tr><\/div><tr class=\"fila_tabla_precio\"><td class=\"nosepara izq\">Precio Prima Mixta Adeslas<\/td><td class=\"nosepara centro\">1,48 \u20ac\/mes<\/td><td class=\"nosepara derecha\">\t\t\t\t\t\n\t\t\t\t\t\t<span class=\"\" style=\"cursor:pointer\" data-bs-toggle=\"modal\" data-bs-target=\"#comparadorModal\">Calcular<\/span>\t\t\t\t\n\t\t\t\t\t\n\t\t\t\t<\/td><\/tr><\/div><tr class=\"fila_tabla_precio\"><td class=\"nosepara izq\">Precio Prima Seminatural Adeslas<\/td><td class=\"nosepara centro\">1,57 \u20ac\/mes<\/td><td class=\"nosepara derecha\">\t\t\t\t\t\n\t\t\t\t\t\t<span class=\"\" style=\"cursor:pointer\" data-bs-toggle=\"modal\" data-bs-target=\"#comparadorModal\">Calcular<\/span>\t\t\t\t\n\t\t\t\t\t\n\t\t\t\t<\/td><\/tr><\/div><tr class=\"fila_tabla_precio\"><td class=\"nosepara izq\">Precio con Repatriaci\u00f3n Adeslas<\/td><td class=\"nosepara centro\">0,84 \u20ac a la cuota<\/td><td class=\"nosepara derecha\">\t\t\t\t\t\n\t\t\t\t\t\t<span class=\"\" style=\"cursor:pointer\" data-bs-toggle=\"modal\" data-bs-target=\"#comparadorModal\">Calcular<\/span>\t\t\t\t\n\t\t\t\t\t\n\t\t\t\t<\/td><\/tr><\/div><tr class=\"fila_tabla_precio\"><td class=\"nosepara izq\">Precio Seguro Defunci\u00f3n Adeslas<\/td><td class=\"nosepara centro\">1,50 \u20ac\/mes<\/td><td class=\"nosepara derecha\">\t\t\t\t\t\n\t\t\t\t\t\t<span class=\"\" style=\"cursor:pointer\" data-bs-toggle=\"modal\" data-bs-target=\"#comparadorModal\">Calcular<\/span>\t\t\t\t\n\t\t\t\t\t\n\t\t\t\t<\/td><\/tr><\/div><tr class=\"fila_tabla_precio\"><td class=\"nosepara izq\">Precio Seguro Fallecimiento Adeslas<\/td><td class=\"nosepara centro\">1,53 \u20ac\/mes<\/td><td class=\"nosepara derecha\">\t\t\t\t\t\n\t\t\t\t\t\t<span class=\"\" style=\"cursor:pointer\" data-bs-toggle=\"modal\" data-bs-target=\"#comparadorModal\">Calcular<\/span>\t\t\t\t\n\t\t\t\t\t\n\t\t\t\t<\/td><\/tr><\/div><tr class=\"fila_tabla_precio\"><td class=\"nosepara izq\">Precio Seguro Muertos Adeslas<\/td><td class=\"nosepara centro\">1,42 \u20ac\/mes<\/td><td class=\"nosepara derecha\">\t\t\t\t\t\n\t\t\t\t\t\t<span class=\"\" style=\"cursor:pointer\" data-bs-toggle=\"modal\" data-bs-target=\"#comparadorModal\">Calcular<\/span>\t\t\t\t\n\t\t\t\t\t\n\t\t\t\t<\/td><\/tr><\/div><tr class=\"fila_tabla_precio\"><td class=\"nosepara izq\">Precio Asistencia Familiar Adeslas<\/td><td class=\"nosepara centro\">1,50 \u20ac\/mes<\/td><td class=\"nosepara derecha\">\t\t\t\t\t\n\t\t\t\t\t\t<span class=\"\" style=\"cursor:pointer\" data-bs-toggle=\"modal\" data-bs-target=\"#comparadorModal\">Calcular<\/span>\t\t\t\t\n\t\t\t\t\t\n\t\t\t\t<\/td><\/tr><\/div><\/tbody><\/table><\/div><\/p>\n<p>Ahora le mostramos una tabla con las tarifas de cada tipo de prima que le ofrece Adeslas en su seguro de decesos. Estas primas han sido ideadas por Adeslas a fin de que se puedan adaptar a cada cliente del servicio y sus necesidades. Estos son los precios de los diferentes tipos de primas que le ofrece Adeslas.<br \/>\n<div class=\"colorf\"><div class=\"container clearfix\"><div class=\"col-md-7\"><\/p>\n<h3><span class=\"ez-toc-section\" id=\"%C2%BFCual_es_la_mejor_tarifa_de_seguros_de_Adeslas\"><\/span>\u00bfCu\u00e1l es la mejor tarifa de seguros de Adeslas ?<span class=\"ez-toc-section-end\"><\/span><\/h3>\n<p>El seguro de decesos de Adeslas es de los mejores del mercado gracias a su gran pluralidad de tarifas y diferentes p\u00f3lizas con grandes modalidades de pagos. Adeslas se ocupar\u00e1 de adaptar todos sus servicios y coberturas a las circunstancias de cada asegurado. Aparte de que incluye unas garant\u00edas en todas y cada una de sus cl\u00e1usulas que podr\u00e1s estar siempre y en todo momento apacible eludiendo cefaleas innecesarios.<br \/>\n<\/div><\/div><\/div><\/p>\n<h3><span class=\"ez-toc-section\" id=\"%C2%BFPuede_aumentar_precio_mensual_de_los_seguros_de_Adeslas\"><\/span>\u00bfPuede aumentar precio mensual de los seguros de Adeslas ?<span class=\"ez-toc-section-end\"><\/span><\/h3>\n<p>Antes de que pase algo inopinado es mejor que tenga contratado el seguro de decesos de Adeslas. Puede que el precio de su p\u00f3liza aumente pero no se preocupe, todo quedar\u00e1 expuesto en su contrato para que no tenga ning\u00fan susto. Lo habitual es no suba el precio de su p\u00f3liza pero si esto sucediese, Adeslas no se ver\u00eda obligada a comunic\u00e1rselo. No vas a tener ning\u00fan problema en tanto que Adeslas es una de las compa\u00f1\u00edas de seguros que tiene las cl\u00e1usulas m\u00e1s espec\u00edficas del mercado.<br \/>\n<div class=\"colorf\"><div class=\"container clearfix\"><div class=\"col-md-7\"><\/p>\n<h3><span class=\"ez-toc-section\" id=\"%C2%BFEl_precio_de_seguros_de_decesos_Adeslas_sube_con_la_edad\"><\/span>\u00bfEl precio de seguros de decesos Adeslas sube con la edad?<span class=\"ez-toc-section-end\"><\/span><\/h3>\n<p>Independientemente de la edad, si a\u00fan no tienes tu p\u00f3liza puedes contratar en tan solo unos minutos el seguro de decesos de Adeslas. No se preocupe, Adeslas no va a subir su precio por su edad puesto que su p\u00f3liza hace referencia a la edad del asegurado. Qu\u00edtese de la cabeza que la edad es un problema. Contar\u00e1s con todas sus diferentes modalidades como puede ser prima nivelada, natural, mixta, semi natural y \u00fanica. Ahorra tiempo con Adeslas. Ellos se encargaran de los tr\u00e1mites burocr\u00e1ticos y de todos y cada uno de los gastos de sepelio. Adeslas se hace cargo de darte las \u00faltimas coberturas del mercado a fin de que se amolden a tus necesidades y a la nueva \u00e9poca. Contratar un seguro de decesos no tiene edad si bien con el paso del tiempo es esencial contar con una a fin de que usted y su familia puedan vivir tranquilos.<br \/>\n<\/div><\/div><\/div><\/p>\n<h3><span class=\"ez-toc-section\" id=\"Paginas_relacionadas\"><\/span>P\u00e1ginas relacionadas<span class=\"ez-toc-section-end\"><\/span><\/h3><div class=\"enlazado\"><ul> <li><a href=\"https:\/\/idecesos.com\/seguros\/companias\/adeslas\/caixa\/\">Seguro de decesos Caixa Adeslas<\/a><\/li> <li><a href=\"https:\/\/idecesos.com\/seguros\/companias\/adeslas\/coberturas\/\">Coberturas Seguro de decesos Adeslas<\/a><\/li> <li><a href=\"https:\/\/idecesos.com\/seguros\/companias\/adeslas\/opiniones\/\">Opiniones Adeslas<\/a><\/li> <li><a href=\"https:\/\/idecesos.com\/seguros\/companias\/adeslas\/precio\/\">Precio seguro Adeslas<\/a><\/li> <li><a href=\"https:\/\/idecesos.com\/seguros\/companias\/adeslas\/prima-mixta\/\">Adeslas Prima Mixta<\/a><\/li> <li><a href=\"https:\/\/idecesos.com\/seguros\/companias\/adeslas\/prima-natural\/\">Adeslas Prima Natural<\/a><\/li> <li><a href=\"https:\/\/idecesos.com\/seguros\/companias\/adeslas\/prima-nivelada\/\">Adeslas Prima Nivelada<\/a><\/li> <li><a href=\"https:\/\/idecesos.com\/seguros\/companias\/adeslas\/prima-unica\/\">Adeslas Prima \u00danica<\/a><\/li> <li><a href=\"https:\/\/idecesos.com\/seguros\/companias\/adeslas\/repatriacion\/\">Adeslas Repatriaci\u00f3n<\/a><\/li> <li><a href=\"https:\/\/idecesos.com\/seguros\/companias\/adeslas\/segurcaixa\/\">Seguro de decesos Segurcaixa Adeslas<\/a><\/li> <li><a href=\"https:\/\/idecesos.com\/seguros\/companias\/adeslas\/telefono\/\">Tel\u00e9fono Gratuito Adeslas<\/a><\/li><\/ul><\/div>\n","protected":false},"excerpt":{"rendered":"<p>A trav\u00e9s de el trabajo de los profesionales que componen iDecesos, merced a su comparador ofrecemos un extenso panel de ofertas de seguros de defunci\u00f3n con aseguradoras, precios y coberturas muy competitivas. Es fundamental, tener toda la informaci\u00f3n de las p\u00f3lizas del seguro de decesos que m\u00e1s te interesen para tomar una resoluci\u00f3n acertada y&hellip; <\/p>\n","protected":false},"author":1,"featured_media":17331,"parent":215,"menu_order":0,"comment_status":"closed","ping_status":"closed","template":"single.php","meta":{"footnotes":""},"class_list":["post-228","page","type-page","status-publish","has-post-thumbnail","hentry"],"yoast_head":"<!-- This site is optimized with the Yoast SEO plugin v27.2 - https:\/\/yoast.com\/product\/yoast-seo-wordpress\/ -->\n<title>Precio Seguro Decesos Adeslas \u25b7DTO 25% I Oferta 2026<\/title>\n<meta name=\"description\" content=\"Calcular aqu\u00ed\u3010precio seguro de decesos Adeslas\u3011Tarifas, oferta y descuento de seguro defunci\u00f3n Adeslas 2026 \u2611\ufe0fiDecesos\u00ae N\u00ba1 en ahorro\" \/>\n<meta name=\"robots\" content=\"index, follow, max-snippet:-1, max-image-preview:large, max-video-preview:-1\" \/>\n<link rel=\"canonical\" href=\"https:\/\/idecesos.com\/seguros\/companias\/adeslas\/precio\/\" \/>\n<meta property=\"og:locale\" content=\"es_ES\" \/>\n<meta property=\"og:type\" content=\"article\" \/>\n<meta property=\"og:title\" content=\"Precio Seguro Decesos Adeslas \u25b7DTO 25% I Oferta 2026\" \/>\n<meta property=\"og:description\" content=\"Calcular aqu\u00ed\u3010precio seguro de decesos Adeslas\u3011Tarifas, oferta y descuento de seguro defunci\u00f3n Adeslas 2026 \u2611\ufe0fiDecesos\u00ae N\u00ba1 en ahorro\" \/>\n<meta property=\"og:url\" content=\"https:\/\/idecesos.com\/seguros\/companias\/adeslas\/precio\/\" \/>\n<meta property=\"article:modified_time\" content=\"2022-03-10T09:05:19+00:00\" \/>\n<meta property=\"og:image\" content=\"https:\/\/idecesos.com\/seguros\/wp-content\/uploads\/2021\/12\/precio-2.jpg-7.jpeg\" \/>\n\t<meta property=\"og:image:width\" content=\"1500\" \/>\n\t<meta property=\"og:image:height\" content=\"559\" \/>\n\t<meta property=\"og:image:type\" content=\"image\/jpeg\" \/>\n<meta name=\"twitter:card\" content=\"summary_large_image\" \/>\n<meta name=\"twitter:label1\" content=\"Tiempo de lectura\" \/>\n\t<meta name=\"twitter:data1\" content=\"75 minutos\" \/>\n<script type=\"application\/ld+json\" class=\"yoast-schema-graph\">{\"@context\":\"https:\/\/schema.org\",\"@graph\":[{\"@type\":\"WebPage\",\"@id\":\"https:\/\/idecesos.com\/seguros\/companias\/adeslas\/precio\/\",\"url\":\"https:\/\/idecesos.com\/seguros\/companias\/adeslas\/precio\/\",\"name\":\"Precio Seguro Decesos Adeslas \u25b7DTO 25% I Oferta 2026\",\"isPartOf\":{\"@id\":\"https:\/\/idecesos.com\/seguros\/#website\"},\"primaryImageOfPage\":{\"@id\":\"https:\/\/idecesos.com\/seguros\/companias\/adeslas\/precio\/#primaryimage\"},\"image\":{\"@id\":\"https:\/\/idecesos.com\/seguros\/companias\/adeslas\/precio\/#primaryimage\"},\"thumbnailUrl\":\"https:\/\/idecesos.com\/seguros\/wp-content\/uploads\/2021\/12\/precio-2.jpg-7.jpeg\",\"datePublished\":\"2021-07-08T19:49:07+00:00\",\"dateModified\":\"2022-03-10T09:05:19+00:00\",\"description\":\"Calcular aqu\u00ed\u3010precio seguro de decesos Adeslas\u3011Tarifas, oferta y descuento de seguro defunci\u00f3n Adeslas 2026 \u2611\ufe0fiDecesos\u00ae N\u00ba1 en ahorro\",\"breadcrumb\":{\"@id\":\"https:\/\/idecesos.com\/seguros\/companias\/adeslas\/precio\/#breadcrumb\"},\"inLanguage\":\"es\",\"potentialAction\":[{\"@type\":\"ReadAction\",\"target\":[\"https:\/\/idecesos.com\/seguros\/companias\/adeslas\/precio\/\"]}]},{\"@type\":\"ImageObject\",\"inLanguage\":\"es\",\"@id\":\"https:\/\/idecesos.com\/seguros\/companias\/adeslas\/precio\/#primaryimage\",\"url\":\"https:\/\/idecesos.com\/seguros\/wp-content\/uploads\/2021\/12\/precio-2.jpg-7.jpeg\",\"contentUrl\":\"https:\/\/idecesos.com\/seguros\/wp-content\/uploads\/2021\/12\/precio-2.jpg-7.jpeg\",\"width\":1500,\"height\":559,\"caption\":\"Precio Adeslas\"},{\"@type\":\"BreadcrumbList\",\"@id\":\"https:\/\/idecesos.com\/seguros\/companias\/adeslas\/precio\/#breadcrumb\",\"itemListElement\":[{\"@type\":\"ListItem\",\"position\":1,\"name\":\"Portada\",\"item\":\"https:\/\/idecesos.com\/seguros\/\"},{\"@type\":\"ListItem\",\"position\":2,\"name\":\"Compa\u00f1\u00edas de Seguros de Decesos en Espa\u00f1a\",\"item\":\"https:\/\/idecesos.com\/seguros\/companias\/\"},{\"@type\":\"ListItem\",\"position\":3,\"name\":\"Seguro de Decesos Adeslas\",\"item\":\"https:\/\/idecesos.com\/seguros\/companias\/adeslas\/\"},{\"@type\":\"ListItem\",\"position\":4,\"name\":\"\u00bfCu\u00e1nto cuesta el seguro de decesos Adeslas?\"}]},{\"@type\":\"WebSite\",\"@id\":\"https:\/\/idecesos.com\/seguros\/#website\",\"url\":\"https:\/\/idecesos.com\/seguros\/\",\"name\":\"\",\"description\":\"\",\"potentialAction\":[{\"@type\":\"SearchAction\",\"target\":{\"@type\":\"EntryPoint\",\"urlTemplate\":\"https:\/\/idecesos.com\/seguros\/?s={search_term_string}\"},\"query-input\":{\"@type\":\"PropertyValueSpecification\",\"valueRequired\":true,\"valueName\":\"search_term_string\"}}],\"inLanguage\":\"es\"}]}<\/script>\n<!-- \/ Yoast SEO plugin. -->","yoast_head_json":{"title":"Precio Seguro Decesos Adeslas \u25b7DTO 25% I Oferta 2026","description":"Calcular aqu\u00ed\u3010precio seguro de decesos Adeslas\u3011Tarifas, oferta y descuento de seguro defunci\u00f3n Adeslas 2026 \u2611\ufe0fiDecesos\u00ae N\u00ba1 en ahorro","robots":{"index":"index","follow":"follow","max-snippet":"max-snippet:-1","max-image-preview":"max-image-preview:large","max-video-preview":"max-video-preview:-1"},"canonical":"https:\/\/idecesos.com\/seguros\/companias\/adeslas\/precio\/","og_locale":"es_ES","og_type":"article","og_title":"Precio Seguro Decesos Adeslas \u25b7DTO 25% I Oferta 2026","og_description":"Calcular aqu\u00ed\u3010precio seguro de decesos Adeslas\u3011Tarifas, oferta y descuento de seguro defunci\u00f3n Adeslas 2026 \u2611\ufe0fiDecesos\u00ae N\u00ba1 en ahorro","og_url":"https:\/\/idecesos.com\/seguros\/companias\/adeslas\/precio\/","article_modified_time":"2022-03-10T09:05:19+00:00","og_image":[{"width":1500,"height":559,"url":"https:\/\/idecesos.com\/seguros\/wp-content\/uploads\/2021\/12\/precio-2.jpg-7.jpeg","type":"image\/jpeg"}],"twitter_card":"summary_large_image","twitter_misc":{"Tiempo de lectura":"75 minutos"},"schema":{"@context":"https:\/\/schema.org","@graph":[{"@type":"WebPage","@id":"https:\/\/idecesos.com\/seguros\/companias\/adeslas\/precio\/","url":"https:\/\/idecesos.com\/seguros\/companias\/adeslas\/precio\/","name":"Precio Seguro Decesos Adeslas \u25b7DTO 25% I Oferta 2026","isPartOf":{"@id":"https:\/\/idecesos.com\/seguros\/#website"},"primaryImageOfPage":{"@id":"https:\/\/idecesos.com\/seguros\/companias\/adeslas\/precio\/#primaryimage"},"image":{"@id":"https:\/\/idecesos.com\/seguros\/companias\/adeslas\/precio\/#primaryimage"},"thumbnailUrl":"https:\/\/idecesos.com\/seguros\/wp-content\/uploads\/2021\/12\/precio-2.jpg-7.jpeg","datePublished":"2021-07-08T19:49:07+00:00","dateModified":"2022-03-10T09:05:19+00:00","description":"Calcular aqu\u00ed\u3010precio seguro de decesos Adeslas\u3011Tarifas, oferta y descuento de seguro defunci\u00f3n Adeslas 2026 \u2611\ufe0fiDecesos\u00ae N\u00ba1 en ahorro","breadcrumb":{"@id":"https:\/\/idecesos.com\/seguros\/companias\/adeslas\/precio\/#breadcrumb"},"inLanguage":"es","potentialAction":[{"@type":"ReadAction","target":["https:\/\/idecesos.com\/seguros\/companias\/adeslas\/precio\/"]}]},{"@type":"ImageObject","inLanguage":"es","@id":"https:\/\/idecesos.com\/seguros\/companias\/adeslas\/precio\/#primaryimage","url":"https:\/\/idecesos.com\/seguros\/wp-content\/uploads\/2021\/12\/precio-2.jpg-7.jpeg","contentUrl":"https:\/\/idecesos.com\/seguros\/wp-content\/uploads\/2021\/12\/precio-2.jpg-7.jpeg","width":1500,"height":559,"caption":"Precio Adeslas"},{"@type":"BreadcrumbList","@id":"https:\/\/idecesos.com\/seguros\/companias\/adeslas\/precio\/#breadcrumb","itemListElement":[{"@type":"ListItem","position":1,"name":"Portada","item":"https:\/\/idecesos.com\/seguros\/"},{"@type":"ListItem","position":2,"name":"Compa\u00f1\u00edas de Seguros de Decesos en Espa\u00f1a","item":"https:\/\/idecesos.com\/seguros\/companias\/"},{"@type":"ListItem","position":3,"name":"Seguro de Decesos Adeslas","item":"https:\/\/idecesos.com\/seguros\/companias\/adeslas\/"},{"@type":"ListItem","position":4,"name":"\u00bfCu\u00e1nto cuesta el seguro de decesos Adeslas?"}]},{"@type":"WebSite","@id":"https:\/\/idecesos.com\/seguros\/#website","url":"https:\/\/idecesos.com\/seguros\/","name":"","description":"","potentialAction":[{"@type":"SearchAction","target":{"@type":"EntryPoint","urlTemplate":"https:\/\/idecesos.com\/seguros\/?s={search_term_string}"},"query-input":{"@type":"PropertyValueSpecification","valueRequired":true,"valueName":"search_term_string"}}],"inLanguage":"es"}]}},"_links":{"self":[{"href":"https:\/\/idecesos.com\/seguros\/wp-json\/wp\/v2\/pages\/228","targetHints":{"allow":["GET"]}}],"collection":[{"href":"https:\/\/idecesos.com\/seguros\/wp-json\/wp\/v2\/pages"}],"about":[{"href":"https:\/\/idecesos.com\/seguros\/wp-json\/wp\/v2\/types\/page"}],"author":[{"embeddable":true,"href":"https:\/\/idecesos.com\/seguros\/wp-json\/wp\/v2\/users\/1"}],"replies":[{"embeddable":true,"href":"https:\/\/idecesos.com\/seguros\/wp-json\/wp\/v2\/comments?post=228"}],"version-history":[{"count":7,"href":"https:\/\/idecesos.com\/seguros\/wp-json\/wp\/v2\/pages\/228\/revisions"}],"predecessor-version":[{"id":20014,"href":"https:\/\/idecesos.com\/seguros\/wp-json\/wp\/v2\/pages\/228\/revisions\/20014"}],"up":[{"embeddable":true,"href":"https:\/\/idecesos.com\/seguros\/wp-json\/wp\/v2\/pages\/215"}],"wp:featuredmedia":[{"embeddable":true,"href":"https:\/\/idecesos.com\/seguros\/wp-json\/wp\/v2\/media\/17331"}],"wp:attachment":[{"href":"https:\/\/idecesos.com\/seguros\/wp-json\/wp\/v2\/media?parent=228"}],"curies":[{"name":"wp","href":"https:\/\/api.w.org\/{rel}","templated":true}]}}