{"id":231,"date":"2021-07-08T19:41:03","date_gmt":"2021-07-08T19:41:03","guid":{"rendered":"https:\/\/idecesos.com\/seguros\/?page_id=231"},"modified":"2022-02-22T08:00:58","modified_gmt":"2022-02-22T08:00:58","slug":"vida","status":"publish","type":"page","link":"https:\/\/idecesos.com\/seguros\/companias\/asisa\/vida\/","title":{"rendered":"Seguro de Vida Asisa"},"content":{"rendered":"<div id=\"ez-toc-container\" class=\"ez-toc-v2_0_82_2 ez-toc-wrap-center counter-hierarchy ez-toc-counter ez-toc-custom ez-toc-container-direction\">\n<div class=\"ez-toc-title-container\">\n<p class=\"ez-toc-title\" style=\"cursor:inherit\">Tabla de Contenido<\/p>\n<span class=\"ez-toc-title-toggle\"><a href=\"#\" class=\"ez-toc-pull-right ez-toc-btn ez-toc-btn-xs ez-toc-btn-default ez-toc-toggle\" aria-label=\"Alternar tabla de contenidos\"><span class=\"ez-toc-js-icon-con\"><span class=\"\"><span class=\"eztoc-hide\" style=\"display:none;\">Toggle<\/span><span class=\"ez-toc-icon-toggle-span\"><svg style=\"fill: #db6415;color:#db6415\" xmlns=\"http:\/\/www.w3.org\/2000\/svg\" class=\"list-377408\" width=\"20px\" height=\"20px\" viewBox=\"0 0 24 24\" fill=\"none\"><path d=\"M6 6H4v2h2V6zm14 0H8v2h12V6zM4 11h2v2H4v-2zm16 0H8v2h12v-2zM4 16h2v2H4v-2zm16 0H8v2h12v-2z\" fill=\"currentColor\"><\/path><\/svg><svg style=\"fill: #db6415;color:#db6415\" class=\"arrow-unsorted-368013\" xmlns=\"http:\/\/www.w3.org\/2000\/svg\" width=\"10px\" height=\"10px\" viewBox=\"0 0 24 24\" version=\"1.2\" baseProfile=\"tiny\"><path d=\"M18.2 9.3l-6.2-6.3-6.2 6.3c-.2.2-.3.4-.3.7s.1.5.3.7c.2.2.4.3.7.3h11c.3 0 .5-.1.7-.3.2-.2.3-.5.3-.7s-.1-.5-.3-.7zM5.8 14.7l6.2 6.3 6.2-6.3c.2-.2.3-.5.3-.7s-.1-.5-.3-.7c-.2-.2-.4-.3-.7-.3h-11c-.3 0-.5.1-.7.3-.2.2-.3.5-.3.7s.1.5.3.7z\"\/><\/svg><\/span><\/span><\/span><\/a><\/span><\/div>\n<nav><ul class='ez-toc-list ez-toc-list-level-1 ' ><li class='ez-toc-page-1 ez-toc-heading-level-2'><a class=\"ez-toc-link ez-toc-heading-1\" href=\"https:\/\/idecesos.com\/seguros\/companias\/asisa\/vida\/#Coberturas_Seguro_de_Vida_Asisa\" >Coberturas Seguro de Vida Asisa<\/a><\/li><li class='ez-toc-page-1 ez-toc-heading-level-2'><a class=\"ez-toc-link ez-toc-heading-2\" href=\"https:\/\/idecesos.com\/seguros\/companias\/asisa\/vida\/#Asisa_Vida_Tranquilidad\" >Asisa Vida Tranquilidad<\/a><\/li><li class='ez-toc-page-1 ez-toc-heading-level-2'><a class=\"ez-toc-link ez-toc-heading-3\" href=\"https:\/\/idecesos.com\/seguros\/companias\/asisa\/vida\/#Asisa_Vida_Mujer\" >Asisa Vida Mujer<\/a><\/li><li class='ez-toc-page-1 ez-toc-heading-level-2'><a class=\"ez-toc-link ez-toc-heading-4\" href=\"https:\/\/idecesos.com\/seguros\/companias\/asisa\/vida\/#Asisa_Vida_Accidentes\" >Asisa Vida Accidentes<\/a><\/li><li class='ez-toc-page-1 ez-toc-heading-level-2'><a class=\"ez-toc-link ez-toc-heading-5\" href=\"https:\/\/idecesos.com\/seguros\/companias\/asisa\/vida\/#Ventajas_de_contratar_un_seguro_de_Vida_Asisa\" >Ventajas de contratar un seguro de Vida Asisa<\/a><ul class='ez-toc-list-level-3' ><li class='ez-toc-heading-level-3'><a class=\"ez-toc-link ez-toc-heading-6\" href=\"https:\/\/idecesos.com\/seguros\/companias\/asisa\/vida\/#Paginas_relacionadas\" >P\u00e1ginas relacionadas<\/a><\/li><\/ul><\/li><\/ul><\/nav><\/div>\n\n<p><strong>Asisa<\/strong> es una compa\u00f1\u00eda l\u00edder en el sector sanitario en Espa\u00f1a. Se fund\u00f3 en 1971 y desde entonces es propiedad de la compa\u00f1\u00eda Lavinia, una sociedad compuesta por m\u00e1s de <strong>10.000 m\u00e9dicos.<\/strong><\/p>\n<p>Asisa se convirti\u00f3 en una de las referencias nacionales en materia de salud, creando nuevos productos y servicios para adaptarse a las diferentes necesidades de sus clientes. En la actualidad, Asisa cuenta con <strong>m\u00e1s de 2 millones de asegurados<\/strong> y es posible encontrarlos en sus 16 oficinas propias. Con m\u00e1s de 32 centros m\u00e9dicos, una treintena de centros oftalmol\u00f3gicos y cl\u00ednicas dentales, Asisa se consolida como una empresa puntera en su sector.<\/p>\n<p>Cuenta con m\u00e1s de <strong>40.000 profesionales sanitarios <\/strong>entre m\u00e9dicos, DUE y analistas, dispuestos a ofrecer toda la ayuda que necesiten sus clientes.<\/p>\n<p>Asisa ofrece adem\u00e1s, seguros de todo tipo ya sea <strong>Salud, Dental, Accidentes, Decesos, Mascotas y Vida.<\/strong><\/p>\n<p>Sus Seguros de Vida est\u00e1n hechos totalmente a tu medida para que puedas <strong>disfrutar del d\u00eda a d\u00eda<\/strong> con los tuyos sin tener preocupaciones.<\/p>\n<p>En este art\u00edculo conocer\u00e1s cu\u00e1les son los seguros de vida que puedes contratar en Asisa. As\u00ed, como sus <strong>coberturas y precios.<\/strong><\/p>\n<div class=\"colorf \"  ><div class=\"container clearfix\"><div class=\"col-md-7\"><\/p>\n<h2><span class=\"ez-toc-section\" id=\"Coberturas_Seguro_de_Vida_Asisa\"><\/span>Coberturas Seguro de Vida Asisa<span class=\"ez-toc-section-end\"><\/span><\/h2>\n<p>Los Seguros de Vida Asisa te ofrecen una de las mejores coberturas y garant\u00edas del mercado. La compa\u00f1ia cuenta con grandes profesionales de cada sector y, prueba de ello, es el <strong>n\u00famero de asegurados que tienen.<\/strong><\/p>\n<p>Sus seguros est\u00e1n completamente dise\u00f1ados y adaptados a las diferentes necesidades de cada familia. Ya sea por<strong> aspecto personal, familiar o financiero.<\/strong><\/p>\n<p>El objetivo principal de los Seguros de Vida de Asisa es <strong>garantizar una seguridad en caso de defunci\u00f3n o incapacidades permamentes.<\/strong><\/p>\n<p>Pero primero, antes de comentar las coberturas de sus Seguros de Vida, queremos que conozcas las claras diferencias respecto a los Seguros de Decesos. Mientras los Seguros de Decesos est\u00e1n dise\u00f1ados para <strong>cubrir todos los gastos relacionados con una defunci\u00f3n de una persona,<\/strong>\u00a0los Seguros de Vida, ofrecen a los beneficiarios una <strong>compensaci\u00f3n econ\u00f3mica tras un fallecimiento o invalidez permanente.<\/strong><\/p>\n<p>Por lo tanto, <strong>un Seguro de Vida no sustituye a uno de decesos, son complementarios.<\/strong> La contrataci\u00f3n de ambos permite cubrir todas las necesidades relacionadas con una defunci\u00f3n.<\/p>\n<p>Estos son los Seguros de Vida que Asisa ofrece.<\/p>\n<p><\/div><\/div><\/div>\n<h2><span class=\"ez-toc-section\" id=\"Asisa_Vida_Tranquilidad\"><\/span>Asisa Vida Tranquilidad<span class=\"ez-toc-section-end\"><\/span><\/h2>\n<p>Es una p\u00f3liza de vida ha sido dise\u00f1ada para proteger a los que m\u00e1s quieres y alcanzar la tranquilidad de saber que todo est\u00e1 controlado . Al fallecer el tomador del seguro, los beneficiarios tendr\u00e1n toda <strong>la protecci\u00f3n econ\u00f3mica<\/strong> necesaria, quedando cubiertas todas las necesidades gracias al capital asegurado.<\/p>\n<p>Asisa Vida Tranquilidad tambi\u00e9n permite la opci\u00f3n de\u00a0<strong>asegurar el riesgo de sufrir una Incapacidad Absoluta y Permanente.<\/strong> Existen multitud de causas que pueden llevar a esta situaci\u00f3n, como las enfermedades o diferentes tipos de accidentes. Todas estas circustancias est\u00e1n cubiertas por este seguro de vida de Asisa.<\/p>\n<p>En Asisa no solo se han preocupado de proteger a los clientes en conceptos de salud, tambi\u00e9n ofrecen una p\u00f3liza para garantizar el pago de una hip\u00f3teca ante alg\u00fan escenario inesperado. <strong>Asisa Vida Hip\u00f3teca es una opci\u00f3n a considerar si quiere proteger el pago de su cr\u00e9dito hipotecario.<\/strong><\/p>\n<p>Los capitales contratables de Asisa Vida y Tranquilidad van <strong>desde los 18.000 euros hasta los 300.000 euros\u00a0<\/strong>y su precio parte de los <strong>30 euros anuales.\u00a0<\/strong><\/p>\n<p>Este seguro puede ser contratado desde los 18 hasta los 64 a\u00f1os y mantiene sus garant\u00edas hasta los 67 a\u00f1os.<\/p>\n<p>Las coberturas incluidas son:<\/p>\n<ul>\n<li><strong>Fallecimiento por cualquier causa.<\/strong><\/li>\n<li><strong>Anticipo del 5% del capital para el pago<\/strong> de impuestos hasta un m\u00e1ximo de 5.000 euros.<\/li>\n<li>Elaboraci\u00f3n de <strong>testamento.<\/strong><\/li>\n<li><strong>Cobertura profesional.<\/strong><\/li>\n<\/ul>\n<p>Para cubrir todo tipo de escenarios, de forma opcional la compa\u00f1\u00eda te permite completar tu p\u00f3liza y adaptarla a cualquier tipo de necesidades contratando las siguientes coberturas:<\/p>\n<ul>\n<li><strong>Doble y triple capital<\/strong> en caso de fallecimiento por accidente.<\/li>\n<li><strong>Invalidez Absoluta y Permanente<\/strong> por cualquier causa.<\/li>\n<li><strong>Doble y triple capital<\/strong> en caso de invalidez por accidente.<\/li>\n<li><strong>Asesoramiento jur\u00eddico telef\u00f3nico y ayuda legal<\/strong>.<\/li>\n<\/ul>\n<h2><span class=\"ez-toc-section\" id=\"Asisa_Vida_Mujer\"><\/span>Asisa Vida Mujer<span class=\"ez-toc-section-end\"><\/span><\/h2>\n<p>Este seguro de vida est\u00e1 dedicado a las mujeres, con unas condiciones diferentes<strong>\u00a0en el caso de sufrir un c\u00e1ncer ginecol\u00f3gico.\u00a0<\/strong>La diferencia con un seguro de vida habitual es que el Asisa Vida Mujer permite adelantar la indemnizaci\u00f3n cuando el c\u00e1ncer es diagnosticado.<\/p>\n<p>Adem\u00e1s, la aseguradora <strong>garantiza los servicios dom\u00e9sticos necesarios provocados por esta situaci\u00f3n y gastos est\u00e9ticos como las pelucas.<\/strong><\/p>\n<p>Los capitales contratables, al igual que en Asisa Tranquilidad, <strong>van desde los 18.000 a los 300.000 euros<\/strong> y el precio de contrataci\u00f3n tambi\u00e9n parte de<strong>\u00a0los 30 euros al a\u00f1o.<\/strong><\/p>\n<p>En cuanto a sus coberturas podemos destacar:<\/p>\n<ul>\n<li><strong>Fallecimiento por cualquier causa.<\/strong><\/li>\n<li>Indemnizaci\u00f3n en caso de <strong>Diagn\u00f3stico de C\u00e1ncer Ginecol\u00f3gico de<\/strong>\u00a0<strong>hasta 30.000 euros.<\/strong><\/li>\n<li><strong>Gastos est\u00e9ticos.<\/strong><\/li>\n<li><strong>Ayuda profesional<\/strong> a domicilio.<\/li>\n<li>Elaboraci\u00f3n de <strong>Testamento Online y Testamento Vital.<\/strong><\/li>\n<li><strong>Asesoramiento m\u00e9dico telef\u00f3nico<\/strong> 24 horas, 365 d\u00edas al a\u00f1o.<\/li>\n<\/ul>\n<p>Asisa ofrece mejorar las coberturas ofrecidas con la p\u00f3liza <b>Asisa\u00a0<\/b><strong>Vida Mujer Ejecutiva<\/strong>, que a\u00f1ade lo siguiente:<\/p>\n<ul>\n<li><strong>Asesoramiento legal telef\u00f3nico<\/strong> 24 horas, 365 d\u00edas al a\u00f1o.<\/li>\n<li><strong>Adecuaci\u00f3n de casa y veh\u00edculo si fuese necesario.<\/strong><\/li>\n<li><strong>Invalidez Absoluta y Permanente<\/strong> por cualquier causa.<\/li>\n<\/ul>\n<p>Adem\u00e1s, <b>Asisa se compromete a donar el 5% de la prima anual pagada al Centro Nacional de Investigaciones Oncol\u00f3gicas<\/b>, algo que es rese\u00f1able comentar.<\/p>\n<h2><span class=\"ez-toc-section\" id=\"Asisa_Vida_Accidentes\"><\/span>Asisa Vida Accidentes<span class=\"ez-toc-section-end\"><\/span><\/h2>\n<p>Asisa tambi\u00e9n ofrece una p\u00f3liza que\u00a0<strong>cubre el fallecimiento y una Invalidad Absoluta Permanente<\/strong>, en la que tambi\u00e9n se protege cualquier tipo de accidente corporal que limite la actividad del tomador del seguro. El capital inicial que recibir\u00eda el tomador o sus beneficiarios se inicia en los 30.000 euros, pero este va aumentando un 5 % por cada a\u00f1o contratado. De esta forma <strong>el capital destinado a la indemnizaci\u00f3n alcanzar\u00eda los 46.593 euros al cabo de 10 a\u00f1os.<\/strong><\/p>\n<p>Este seguro parte de los 39,96 euros a\u00f1o y <b>es contratable desde los 18 hasta los 60 a\u00f1os.<\/b><\/p>\n<p>En cuanto a sus coberturas, ofrecen:<\/p>\n<ul>\n<li><strong>Fallecimiento a consecuencia de accidente.<\/strong><\/li>\n<li><strong>Invalidez Permanente Absoluta<\/strong> a consecuencia de accidente.<\/li>\n<li><strong>Prima constante durante los 10 primeros a\u00f1os<\/strong> y subida del capital del 5% a partir del d\u00e9cimo.<\/li>\n<li><strong>Sin cuestionario m\u00e9dico.<\/strong><\/li>\n<li><strong>Sin carencias.<\/strong><\/li>\n<\/ul>\n<div class=\"colorf \"  ><div class=\"container clearfix\"><div class=\"col-md-7\"><\/p>\n<h2><span class=\"ez-toc-section\" id=\"Ventajas_de_contratar_un_seguro_de_Vida_Asisa\"><\/span>Ventajas de contratar un seguro de Vida Asisa<span class=\"ez-toc-section-end\"><\/span><\/h2>\n<p>Con los Seguros de Vida Asisa, tu familia estar\u00e1 no solo protegida en aspectos relacionados con la salud. Tambi\u00e9n, les garantizar\u00e1n un <strong>mayor bienestar y tranquilidad en el futuro en el caso de tu fallecimiento o incapacidad.<\/strong><\/p>\n<p>Sus seguros cada vez son m\u00e1s contratados, ya que podr\u00e1s contar con unas <strong>amplias coberturas y a precios bastantes econ\u00f3micos<\/strong>.<\/p>\n<p>Si te preguntas por qu\u00e9 deber\u00edas de confiar en Asisa, es muy sencillo. Es una compa\u00f1\u00eda l\u00edder en el sector de los seguros y\u00a0<strong>m\u00e1s de 2 millones de clientes conf\u00edan en ellos<\/strong>. Sus p\u00f3lizas son las m\u00e1s completas del mercado y te permitir\u00e1n complementarlas con las coberturas opcionales que m\u00e1s desees. Y por \u00faltimo, llevan m\u00e1s de <strong>40 a\u00f1os ayudando a asegurar su futuro a personas como t\u00fa.<\/strong><\/p>\n<p>No lo pienses m\u00e1s y <strong>contrata tu seguro de Vida con Asisa<\/strong>. Confiar\u00e1s en una de las aseguradoras m\u00e1s robustas y fiables del mercado.<\/p>\n<p><\/div><\/div><\/div>\n<h3><span class=\"ez-toc-section\" id=\"Paginas_relacionadas\"><\/span>P\u00e1ginas relacionadas<span class=\"ez-toc-section-end\"><\/span><\/h3><div class=\"enlazado\"><ul> <li><a href=\"https:\/\/idecesos.com\/seguros\/companias\/asisa\/coberturas\/\">Coberturas Seguro de decesos Asisa<\/a><\/li> <li><a href=\"https:\/\/idecesos.com\/seguros\/companias\/asisa\/opiniones\/\">Opiniones Asisa<\/a><\/li> <li><a href=\"https:\/\/idecesos.com\/seguros\/companias\/asisa\/precio\/\">Precio seguro Asisa<\/a><\/li> <li><a href=\"https:\/\/idecesos.com\/seguros\/companias\/asisa\/prima-mixta\/\">Asisa Prima Mixta<\/a><\/li> <li><a href=\"https:\/\/idecesos.com\/seguros\/companias\/asisa\/prima-natural\/\">Asisa Prima Natural<\/a><\/li> <li><a href=\"https:\/\/idecesos.com\/seguros\/companias\/asisa\/prima-nivelada\/\">Asisa Prima Nivelada<\/a><\/li> <li><a href=\"https:\/\/idecesos.com\/seguros\/companias\/asisa\/prima-unica\/\">Asisa Prima \u00danica<\/a><\/li> <li><a href=\"https:\/\/idecesos.com\/seguros\/companias\/asisa\/repatriacion\/\">Asisa Repatriaci\u00f3n<\/a><\/li> <li><a href=\"https:\/\/idecesos.com\/seguros\/companias\/asisa\/telefono\/\">Tel\u00e9fono Gratuito Asisa<\/a><\/li><\/ul><\/div>\n","protected":false},"excerpt":{"rendered":"<p>Asisa es una compa\u00f1\u00eda l\u00edder en el sector sanitario en Espa\u00f1a. Se fund\u00f3 en 1971 y desde entonces es propiedad de la compa\u00f1\u00eda Lavinia, una sociedad compuesta por m\u00e1s de 10.000 m\u00e9dicos. Asisa se convirti\u00f3 en una de las referencias nacionales en materia de salud, creando nuevos productos y servicios para adaptarse a las diferentes&hellip; <\/p>\n","protected":false},"author":2,"featured_media":0,"parent":163,"menu_order":0,"comment_status":"open","ping_status":"closed","template":"single.php","meta":{"footnotes":""},"class_list":["post-231","page","type-page","status-publish","hentry"],"yoast_head":"<!-- This site is optimized with the Yoast SEO plugin v27.3 - https:\/\/yoast.com\/product\/yoast-seo-wordpress\/ -->\n<title>Seguro de Vida Asisa -<\/title>\n<meta name=\"robots\" content=\"index, follow, max-snippet:-1, max-image-preview:large, max-video-preview:-1\" \/>\n<link rel=\"canonical\" href=\"https:\/\/idecesos.com\/seguros\/companias\/asisa\/vida\/\" \/>\n<meta property=\"og:locale\" content=\"es_ES\" \/>\n<meta property=\"og:type\" content=\"article\" \/>\n<meta property=\"og:title\" content=\"Seguro de Vida Asisa -\" \/>\n<meta property=\"og:description\" content=\"Asisa es una compa\u00f1\u00eda l\u00edder en el sector sanitario en Espa\u00f1a. Se fund\u00f3 en 1971 y desde entonces es propiedad de la compa\u00f1\u00eda Lavinia, una sociedad compuesta por m\u00e1s de 10.000 m\u00e9dicos. Asisa se convirti\u00f3 en una de las referencias nacionales en materia de salud, creando nuevos productos y servicios para adaptarse a las diferentes&hellip;\" \/>\n<meta property=\"og:url\" content=\"https:\/\/idecesos.com\/seguros\/companias\/asisa\/vida\/\" \/>\n<meta property=\"article:modified_time\" content=\"2022-02-22T08:00:58+00:00\" \/>\n<meta name=\"twitter:card\" content=\"summary_large_image\" \/>\n<meta name=\"twitter:label1\" content=\"Tiempo de lectura\" \/>\n\t<meta name=\"twitter:data1\" content=\"6 minutos\" \/>\n<script type=\"application\/ld+json\" class=\"yoast-schema-graph\">{\"@context\":\"https:\\\/\\\/schema.org\",\"@graph\":[{\"@type\":\"WebPage\",\"@id\":\"https:\\\/\\\/idecesos.com\\\/seguros\\\/companias\\\/asisa\\\/vida\\\/\",\"url\":\"https:\\\/\\\/idecesos.com\\\/seguros\\\/companias\\\/asisa\\\/vida\\\/\",\"name\":\"Seguro de Vida Asisa -\",\"isPartOf\":{\"@id\":\"https:\\\/\\\/idecesos.com\\\/seguros\\\/#website\"},\"datePublished\":\"2021-07-08T19:41:03+00:00\",\"dateModified\":\"2022-02-22T08:00:58+00:00\",\"breadcrumb\":{\"@id\":\"https:\\\/\\\/idecesos.com\\\/seguros\\\/companias\\\/asisa\\\/vida\\\/#breadcrumb\"},\"inLanguage\":\"es\",\"potentialAction\":[{\"@type\":\"ReadAction\",\"target\":[\"https:\\\/\\\/idecesos.com\\\/seguros\\\/companias\\\/asisa\\\/vida\\\/\"]}]},{\"@type\":\"BreadcrumbList\",\"@id\":\"https:\\\/\\\/idecesos.com\\\/seguros\\\/companias\\\/asisa\\\/vida\\\/#breadcrumb\",\"itemListElement\":[{\"@type\":\"ListItem\",\"position\":1,\"name\":\"Portada\",\"item\":\"https:\\\/\\\/idecesos.com\\\/seguros\\\/\"},{\"@type\":\"ListItem\",\"position\":2,\"name\":\"Compa\u00f1\u00edas de Seguros de Decesos en Espa\u00f1a\",\"item\":\"https:\\\/\\\/idecesos.com\\\/seguros\\\/companias\\\/\"},{\"@type\":\"ListItem\",\"position\":3,\"name\":\"Seguro de Decesos Asisa\",\"item\":\"https:\\\/\\\/idecesos.com\\\/seguros\\\/companias\\\/asisa\\\/\"},{\"@type\":\"ListItem\",\"position\":4,\"name\":\"Seguro de Vida Asisa\"}]},{\"@type\":\"WebSite\",\"@id\":\"https:\\\/\\\/idecesos.com\\\/seguros\\\/#website\",\"url\":\"https:\\\/\\\/idecesos.com\\\/seguros\\\/\",\"name\":\"\",\"description\":\"\",\"potentialAction\":[{\"@type\":\"SearchAction\",\"target\":{\"@type\":\"EntryPoint\",\"urlTemplate\":\"https:\\\/\\\/idecesos.com\\\/seguros\\\/?s={search_term_string}\"},\"query-input\":{\"@type\":\"PropertyValueSpecification\",\"valueRequired\":true,\"valueName\":\"search_term_string\"}}],\"inLanguage\":\"es\"}]}<\/script>\n<!-- \/ Yoast SEO plugin. -->","yoast_head_json":{"title":"Seguro de Vida Asisa -","robots":{"index":"index","follow":"follow","max-snippet":"max-snippet:-1","max-image-preview":"max-image-preview:large","max-video-preview":"max-video-preview:-1"},"canonical":"https:\/\/idecesos.com\/seguros\/companias\/asisa\/vida\/","og_locale":"es_ES","og_type":"article","og_title":"Seguro de Vida Asisa -","og_description":"Asisa es una compa\u00f1\u00eda l\u00edder en el sector sanitario en Espa\u00f1a. Se fund\u00f3 en 1971 y desde entonces es propiedad de la compa\u00f1\u00eda Lavinia, una sociedad compuesta por m\u00e1s de 10.000 m\u00e9dicos. Asisa se convirti\u00f3 en una de las referencias nacionales en materia de salud, creando nuevos productos y servicios para adaptarse a las diferentes&hellip;","og_url":"https:\/\/idecesos.com\/seguros\/companias\/asisa\/vida\/","article_modified_time":"2022-02-22T08:00:58+00:00","twitter_card":"summary_large_image","twitter_misc":{"Tiempo de lectura":"6 minutos"},"schema":{"@context":"https:\/\/schema.org","@graph":[{"@type":"WebPage","@id":"https:\/\/idecesos.com\/seguros\/companias\/asisa\/vida\/","url":"https:\/\/idecesos.com\/seguros\/companias\/asisa\/vida\/","name":"Seguro de Vida Asisa -","isPartOf":{"@id":"https:\/\/idecesos.com\/seguros\/#website"},"datePublished":"2021-07-08T19:41:03+00:00","dateModified":"2022-02-22T08:00:58+00:00","breadcrumb":{"@id":"https:\/\/idecesos.com\/seguros\/companias\/asisa\/vida\/#breadcrumb"},"inLanguage":"es","potentialAction":[{"@type":"ReadAction","target":["https:\/\/idecesos.com\/seguros\/companias\/asisa\/vida\/"]}]},{"@type":"BreadcrumbList","@id":"https:\/\/idecesos.com\/seguros\/companias\/asisa\/vida\/#breadcrumb","itemListElement":[{"@type":"ListItem","position":1,"name":"Portada","item":"https:\/\/idecesos.com\/seguros\/"},{"@type":"ListItem","position":2,"name":"Compa\u00f1\u00edas de Seguros de Decesos en Espa\u00f1a","item":"https:\/\/idecesos.com\/seguros\/companias\/"},{"@type":"ListItem","position":3,"name":"Seguro de Decesos Asisa","item":"https:\/\/idecesos.com\/seguros\/companias\/asisa\/"},{"@type":"ListItem","position":4,"name":"Seguro de Vida Asisa"}]},{"@type":"WebSite","@id":"https:\/\/idecesos.com\/seguros\/#website","url":"https:\/\/idecesos.com\/seguros\/","name":"","description":"","potentialAction":[{"@type":"SearchAction","target":{"@type":"EntryPoint","urlTemplate":"https:\/\/idecesos.com\/seguros\/?s={search_term_string}"},"query-input":{"@type":"PropertyValueSpecification","valueRequired":true,"valueName":"search_term_string"}}],"inLanguage":"es"}]}},"_links":{"self":[{"href":"https:\/\/idecesos.com\/seguros\/wp-json\/wp\/v2\/pages\/231","targetHints":{"allow":["GET"]}}],"collection":[{"href":"https:\/\/idecesos.com\/seguros\/wp-json\/wp\/v2\/pages"}],"about":[{"href":"https:\/\/idecesos.com\/seguros\/wp-json\/wp\/v2\/types\/page"}],"author":[{"embeddable":true,"href":"https:\/\/idecesos.com\/seguros\/wp-json\/wp\/v2\/users\/2"}],"replies":[{"embeddable":true,"href":"https:\/\/idecesos.com\/seguros\/wp-json\/wp\/v2\/comments?post=231"}],"version-history":[{"count":13,"href":"https:\/\/idecesos.com\/seguros\/wp-json\/wp\/v2\/pages\/231\/revisions"}],"predecessor-version":[{"id":19814,"href":"https:\/\/idecesos.com\/seguros\/wp-json\/wp\/v2\/pages\/231\/revisions\/19814"}],"up":[{"embeddable":true,"href":"https:\/\/idecesos.com\/seguros\/wp-json\/wp\/v2\/pages\/163"}],"wp:attachment":[{"href":"https:\/\/idecesos.com\/seguros\/wp-json\/wp\/v2\/media?parent=231"}],"curies":[{"name":"wp","href":"https:\/\/api.w.org\/{rel}","templated":true}]}}