{"id":2317,"date":"2021-08-26T10:11:49","date_gmt":"2021-08-19T13:34:37","guid":{"rendered":"https:\/\/idecesos.com\/seguros\/companias\/ocaso\/almeria\/"},"modified":"2021-08-27T17:36:50","modified_gmt":"2021-08-27T17:36:50","slug":"almeria","status":"publish","type":"page","link":"https:\/\/idecesos.com\/seguros\/companias\/ocaso\/almeria\/","title":{"rendered":"Oficinas seguros Ocaso en Almer\u00eda"},"content":{"rendered":"<div id=\"ez-toc-container\" class=\"ez-toc-v2_0_82_2 ez-toc-wrap-center counter-hierarchy ez-toc-counter ez-toc-custom ez-toc-container-direction\">\n<div class=\"ez-toc-title-container\">\n<p class=\"ez-toc-title\" style=\"cursor:inherit\">Tabla de Contenido<\/p>\n<span class=\"ez-toc-title-toggle\"><a href=\"#\" class=\"ez-toc-pull-right ez-toc-btn ez-toc-btn-xs ez-toc-btn-default ez-toc-toggle\" aria-label=\"Alternar tabla de contenidos\"><span class=\"ez-toc-js-icon-con\"><span class=\"\"><span class=\"eztoc-hide\" style=\"display:none;\">Toggle<\/span><span class=\"ez-toc-icon-toggle-span\"><svg style=\"fill: #db6415;color:#db6415\" xmlns=\"http:\/\/www.w3.org\/2000\/svg\" class=\"list-377408\" width=\"20px\" height=\"20px\" viewBox=\"0 0 24 24\" fill=\"none\"><path d=\"M6 6H4v2h2V6zm14 0H8v2h12V6zM4 11h2v2H4v-2zm16 0H8v2h12v-2zM4 16h2v2H4v-2zm16 0H8v2h12v-2z\" fill=\"currentColor\"><\/path><\/svg><svg style=\"fill: #db6415;color:#db6415\" class=\"arrow-unsorted-368013\" xmlns=\"http:\/\/www.w3.org\/2000\/svg\" width=\"10px\" height=\"10px\" viewBox=\"0 0 24 24\" version=\"1.2\" baseProfile=\"tiny\"><path d=\"M18.2 9.3l-6.2-6.3-6.2 6.3c-.2.2-.3.4-.3.7s.1.5.3.7c.2.2.4.3.7.3h11c.3 0 .5-.1.7-.3.2-.2.3-.5.3-.7s-.1-.5-.3-.7zM5.8 14.7l6.2 6.3 6.2-6.3c.2-.2.3-.5.3-.7s-.1-.5-.3-.7c-.2-.2-.4-.3-.7-.3h-11c-.3 0-.5.1-.7.3-.2.2-.3.5-.3.7s.1.5.3.7z\"\/><\/svg><\/span><\/span><\/span><\/a><\/span><\/div>\n<nav><ul class='ez-toc-list ez-toc-list-level-1 ' ><li class='ez-toc-page-1 ez-toc-heading-level-2'><a class=\"ez-toc-link ez-toc-heading-1\" href=\"https:\/\/idecesos.com\/seguros\/companias\/ocaso\/almeria\/#Seguro_de_decesos_Ocaso_en_Almeria\" >Seguro de decesos Ocaso en Almer\u00eda<\/a><\/li><li class='ez-toc-page-1 ez-toc-heading-level-2'><a class=\"ez-toc-link ez-toc-heading-2\" href=\"https:\/\/idecesos.com\/seguros\/companias\/ocaso\/almeria\/#Mapa_de_oficinas_de_seguros_Ocaso_en_Almeria\" >Mapa de oficinas de seguros Ocaso en Almer\u00eda<\/a><\/li><li class='ez-toc-page-1 ez-toc-heading-level-2'><a class=\"ez-toc-link ez-toc-heading-3\" href=\"https:\/\/idecesos.com\/seguros\/companias\/ocaso\/almeria\/#Listado_de_oficinas_Ocaso_en_Almeria\" >Listado de oficinas Ocaso en Almer\u00eda<\/a><\/li><li class='ez-toc-page-1 ez-toc-heading-level-2'><a class=\"ez-toc-link ez-toc-heading-4\" href=\"https:\/\/idecesos.com\/seguros\/companias\/ocaso\/almeria\/#Sucursales_de_seguros_de_decesos_en_Almeria\" >Sucursales de seguros de decesos en Almer\u00eda<\/a><ul class='ez-toc-list-level-3' ><li class='ez-toc-heading-level-3'><a class=\"ez-toc-link ez-toc-heading-5\" href=\"https:\/\/idecesos.com\/seguros\/companias\/ocaso\/almeria\/#Listado_de_agencias_Ocaso_en_Espana\" >Listado de agencias Ocaso en Espa\u00f1a<\/a><\/li><\/ul><\/li><\/ul><\/nav><\/div>\n\n<p><a href=\"https:\/\/idecesos.com\/seguros\/companias\/ocaso\/\"><img decoding=\"async\" class=\"size-medium alignleft\" src=\"https:\/\/idecesos.com\/img\/decesos_ocaso.png\" alt=\"Seguro de decesos Ocaso\" \/><\/a>Depende de las oficinas de Ocaso se hayan en cada sitio diferente, te damos el lujo de conocer las diferentes <strong>sucursales de Ocaso en Almer\u00eda<\/strong> donde gestionaran tus inconvenientes de la forma m\u00e1s eficaz y sencilla. La relevancia de contar con personas con experiencia notoria en \u00e1mbito, ayuda hacer el proceso m\u00e1s r\u00e1pido. Tan f\u00e1cil que nos vas a tener a tu alcance en todo instante, danto el mejor de los servicios. por eso encontrases cada una de nuestras oficinas de Ocaso en Almer\u00eda cerca de tu localizaci\u00f3n, nos especializamos en asegurar tu recorrido hasta el final del recorrido.<\/p>\n<p>Para una mejor calidad te aseguramos que cuentas con saber d\u00f3nde se encuentra cada oficina de <strong>Ocaso en Almer\u00eda<\/strong> solucionando el problema de no encontrarlo en tu ratio m\u00e1s pr\u00f3ximo. Contando con tu p\u00f3liza, consigues la mejor calidad en servicio y posibilidades \u00fanicas en el mercado. \u00bfCu\u00e1l es el proceso m\u00e1s importante? el que sobresale de los dem\u00e1s en tanto que es uno de los m\u00e1s esenciales es cada oficina de Ocaso en Almer\u00eda.<\/p>\n<p>Visita nuestra p\u00e1gina de <a href=\"https:\/\/idecesos.com\/seguros\/companias\/ocaso\/\">seguros de decesos Ocaso<\/a> para m\u00e1s informaci\u00f3n.<br \/>\n<div class=\"colorf \"  ><div class=\"container clearfix\"><div class=\"col-md-7\"><\/p>\n<h2><span class=\"ez-toc-section\" id=\"Seguro_de_decesos_Ocaso_en_Almeria\"><\/span>Seguro de decesos Ocaso en Almer\u00eda<span class=\"ez-toc-section-end\"><\/span><\/h2>\n<p>Resaltamos que la calidad que te ofrecemos es m\u00e1s del 100 por cien con respecto a diferentes compa\u00f1\u00edas por el servicio que prestamos como aseguradora, que tiene <strong>oficinas en cada Almer\u00eda<\/strong> en la que te aconsejamos nuestros conocimientos en cada campo que respecta, de los mejores en el sector, contando con las diferentes empresas del <a href=\"https:\/\/idecesos.com\/seguros\/ciudades\/almeria\/\"><strong>seguro decesos de Almer\u00eda<\/strong><\/a>. \u00bfVas a perder la oportunidad de tener tu presupuesto sin costo? siendo una de nuestros regalos, no debes perder esa gran ocasi\u00f3n. Descartando en todo instante realizar procedimientos de m\u00e1s.<\/p>\n<p>El servicio que damos es aquel m\u00e1s b\u00e1sico, contando con diferentes de nuestras sucursales de Ocaso en Almer\u00eda, con esto hemos querido que nuestros clientes del servicio tengan la oportunidad de conseguir un presupuesto de manera inmediata. Asegur\u00e1ndote que es todo cuanto estas buscando y con las caracter\u00edsticas fundamentales.<br \/>\nNo va a requerir de muchos pasos o de enlaces diferentes, es cuesti\u00f3n de rellenar el formulario que te facilitamos, por lo consecuente obtendr\u00e1s lo solicitado, con la informaci\u00f3n que has requerido. Nunca hab\u00eda resultado tan f\u00e1cil procurarlo.<\/p>\n<p><\/div><\/div><\/div>\n\t\t<hr class=\"separador\">\n\t\t<div class=\"bloque-accion\">\n\t\t<p class=\"txt-accion\">Calcula el precio de tu seguro de decesos en menos de 1 minuto<\/p>\n\t\t<a class=\"btn-accion\" href=\"https:\/\/idecesos.com\/\">CALCULAR<\/a>\n\t\t<\/div>\n\t\t<hr class=\"separador\">\n\t\t<\/p>\n<h2><span class=\"ez-toc-section\" id=\"Mapa_de_oficinas_de_seguros_Ocaso_en_Almeria\"><\/span>Mapa de oficinas de seguros Ocaso en Almer\u00eda<span class=\"ez-toc-section-end\"><\/span><\/h2>\n<p>Un localizador de oficinas Ocaso en Almer\u00eda ha venido a gestionar todos los inconvenientes de manera m\u00e1s f\u00e1cil, <strong>cuentas con un mapa por Ocaso<\/strong> en Almer\u00eda, con la realizaci\u00f3n a su proximidad. Con esto se ahorra tiempo y trabajo tener que procurarlo, te ahorramos ese tiempo, puesto que el tiempo es lo \u00fanico que se va y no vuelve. Gracias a nosotros, tu tiempo quedase invertido y gestionado de una forma muy eficiente. Sin precisar buscar m\u00e1s, el localizador soluciona y gestiona de forma eficaz la busca.<\/p>\n<p><iframe class=\"page-generator-pro-map\" style=\"border: 0;\" src=\"https:\/\/www.google.com\/maps\/embed\/v1\/place?q=Ctra.+Campamento%2C+13%2C+04230+Hu%C3%A9rcal+de+Almer%C3%ADa%2C+Almer%C3%ADa%2C+Espa%C3%B1a&amp;zoom=14&amp;maptype=roadmap&amp;key=AIzaSyCNTEOso0tZG6YMSJFoaJEY5Th1stEWrJI\" width=\"100%\" height=\"400\" frameborder=\"0\" allowfullscreen=\"allowfullscreen\"><\/iframe><\/p>\n<p>&nbsp;<br \/>\n<div class=\"colorf\"><div class=\"container clearfix\"><div class=\"col-md-7\"><div class=\"empresas\"><\/p>\n<h2><span class=\"ez-toc-section\" id=\"Listado_de_oficinas_Ocaso_en_Almeria\"><\/span>Listado de oficinas Ocaso en Almer\u00eda<span class=\"ez-toc-section-end\"><\/span><\/h2>\n<ul>\n<li><strong>Seguros Ocaso Hu\u00e9rcal de Almer\u00eda, Espa\u00f1a:<\/strong> Ctra. Campamento, 13, 04230 Hu\u00e9rcal de Almer\u00eda, Almer\u00eda, Espa\u00f1a<\/li>\n<\/ul>\n<\/div><\/div><\/div><\/div>\n<h2><span class=\"ez-toc-section\" id=\"Sucursales_de_seguros_de_decesos_en_Almeria\"><\/span>Sucursales de seguros de decesos en Almer\u00eda<span class=\"ez-toc-section-end\"><\/span><\/h2>\n<p>No te registres para obtener la informaci\u00f3n de las <strong>compa\u00f1\u00edas de seguros de decesos en Almer\u00eda<\/strong> te damos esa ventaja y esa facilidad de poder acceder en todo instante, que quedase siempre actualizada todos y cada uno de los d\u00edas. Quedar\u00e1 resuelto cualquier g\u00e9nero de cuesti\u00f3n que tengas a este respecto, gracias a la informaci\u00f3n alejada.<\/p>\nEnlazado Ocaso\n<div class=\"colorf\"><div class=\"container clearfix\"><div class=\"col-md-7\"><div class=\"empresas\">\n<h3><span class=\"ez-toc-section\" id=\"Listado_de_agencias_Ocaso_en_Espana\"><\/span>Listado de agencias Ocaso en Espa\u00f1a<span class=\"ez-toc-section-end\"><\/span><\/h3>\n<div class=\"enlazado\"><ul><li><a href=\"https:\/\/idecesos.com\/seguros\/companias\/ocaso\/badajoz\/\"><span>Oficinas seguros Ocaso en Badajoz<\/span><\/a><\/li><li><a href=\"https:\/\/idecesos.com\/seguros\/companias\/ocaso\/baleares\/\"><span>Oficinas seguros Ocaso en Baleares<\/span><\/a><\/li><li><a href=\"https:\/\/idecesos.com\/seguros\/companias\/ocaso\/barcelona\/\"><span>Oficinas seguros Ocaso en Barcelona<\/span><\/a><\/li><li><a href=\"https:\/\/idecesos.com\/seguros\/companias\/ocaso\/castellon\/\"><span>Oficinas seguros Ocaso en Castell\u00f3n<\/span><\/a><\/li><li><a href=\"https:\/\/idecesos.com\/seguros\/companias\/ocaso\/cordoba\/\"><span>Oficinas seguros Ocaso en C\u00f3rdoba<\/span><\/a><\/li><li><a href=\"https:\/\/idecesos.com\/seguros\/companias\/ocaso\/guipuzcoa\/\"><span>Oficinas seguros Ocaso en Guip\u00fazcoa<\/span><\/a><\/li><li><a href=\"https:\/\/idecesos.com\/seguros\/companias\/ocaso\/la-coruna\/\"><span>Oficinas seguros Ocaso en La coru\u00f1a<\/span><\/a><\/li><li><a href=\"https:\/\/idecesos.com\/seguros\/companias\/ocaso\/lerida\/\"><span>Oficinas seguros Ocaso en L\u00e9rida<\/span><\/a><\/li><li><a href=\"https:\/\/idecesos.com\/seguros\/companias\/ocaso\/orense\/\"><span>Oficinas seguros Ocaso en Orense<\/span><\/a><\/li><li><a href=\"https:\/\/idecesos.com\/seguros\/companias\/ocaso\/sevilla\/\"><span>Oficinas seguros Ocaso en Sevilla<\/span><\/a><\/li><li><a href=\"https:\/\/idecesos.com\/seguros\/companias\/ocaso\/tarragona\/\"><span>Oficinas seguros Ocaso en Tarragona<\/span><\/a><\/li><li><a href=\"https:\/\/idecesos.com\/seguros\/companias\/ocaso\/toledo\/\"><span>Oficinas seguros Ocaso en Toledo<\/span><\/a><\/li><li><a href=\"https:\/\/idecesos.com\/seguros\/companias\/ocaso\/alava\/\"><span>Oficinas seguros Ocaso en \u00c1lava<\/span><\/a><\/li><li><a href=\"https:\/\/idecesos.com\/seguros\/companias\/ocaso\/opiniones\/\"><span>Opiniones Seguro de Decesos Ocaso<\/span><\/a><\/li><li><a href=\"https:\/\/idecesos.com\/seguros\/companias\/ocaso\/precio\/\"><span>\u00bfCu\u00e1nto cuesta el seguro de decesos Ocaso?<\/span><\/a><\/li><li><a href=\"https:\/\/idecesos.com\/seguros\/companias\/ocaso\/dar-de-baja\/\"><span>\u00bfC\u00f3mo dar de baja seguro Ocaso?<\/span><\/a><\/li><\/ul><\/div>\n<\/div><\/div><\/div><\/div>\n","protected":false},"excerpt":{"rendered":"<p>Depende de las oficinas de Ocaso se hayan en cada sitio diferente, te damos el lujo de conocer las diferentes sucursales de Ocaso en Almer\u00eda donde gestionaran tus inconvenientes de la forma m\u00e1s eficaz y sencilla. La relevancia de contar con personas con experiencia notoria en \u00e1mbito, ayuda hacer el proceso m\u00e1s r\u00e1pido. Tan f\u00e1cil&hellip; <\/p>\n","protected":false},"author":1,"featured_media":0,"parent":777,"menu_order":0,"comment_status":"closed","ping_status":"closed","template":"page-templates\/companies.php","meta":{"footnotes":""},"class_list":["post-2317","page","type-page","status-publish","hentry"],"yoast_head":"<!-- This site is optimized with the Yoast SEO plugin v27.2 - https:\/\/yoast.com\/product\/yoast-seo-wordpress\/ -->\n<title>Oficinas seguros Ocaso en Almer\u00eda | Tel\u00e9fonos, Horarios, Direcci\u00f3n<\/title>\n<meta name=\"description\" content=\"Lista completa de Oficinas seguros Ocaso en Almer\u00eda Horarios, \u2706 tel\u00e9fonos y direcciones actualizados en 2026 \u2714 Verificado por iDecesos.\" \/>\n<meta name=\"robots\" content=\"index, follow, max-snippet:-1, max-image-preview:large, max-video-preview:-1\" \/>\n<link rel=\"canonical\" href=\"https:\/\/idecesos.com\/seguros\/companias\/ocaso\/almeria\/\" \/>\n<meta property=\"og:locale\" content=\"es_ES\" \/>\n<meta property=\"og:type\" content=\"article\" \/>\n<meta property=\"og:title\" content=\"Oficinas seguros Ocaso en Almer\u00eda | Tel\u00e9fonos, Horarios, Direcci\u00f3n\" \/>\n<meta property=\"og:description\" content=\"Lista completa de Oficinas seguros Ocaso en Almer\u00eda Horarios, \u2706 tel\u00e9fonos y direcciones actualizados en 2026 \u2714 Verificado por iDecesos.\" \/>\n<meta property=\"og:url\" content=\"https:\/\/idecesos.com\/seguros\/companias\/ocaso\/almeria\/\" \/>\n<meta property=\"article:modified_time\" content=\"2021-08-27T17:36:50+00:00\" \/>\n<meta property=\"og:image\" content=\"https:\/\/idecesos.com\/img\/decesos_ocaso.png\" \/>\n<meta name=\"twitter:card\" content=\"summary_large_image\" \/>\n<meta name=\"twitter:label1\" content=\"Tiempo de lectura\" \/>\n\t<meta name=\"twitter:data1\" content=\"39 minutos\" \/>\n<script type=\"application\/ld+json\" class=\"yoast-schema-graph\">{\"@context\":\"https:\/\/schema.org\",\"@graph\":[{\"@type\":\"WebPage\",\"@id\":\"https:\/\/idecesos.com\/seguros\/companias\/ocaso\/almeria\/\",\"url\":\"https:\/\/idecesos.com\/seguros\/companias\/ocaso\/almeria\/\",\"name\":\"Oficinas seguros Ocaso en Almer\u00eda | Tel\u00e9fonos, Horarios, Direcci\u00f3n\",\"isPartOf\":{\"@id\":\"https:\/\/idecesos.com\/seguros\/#website\"},\"primaryImageOfPage\":{\"@id\":\"https:\/\/idecesos.com\/seguros\/companias\/ocaso\/almeria\/#primaryimage\"},\"image\":{\"@id\":\"https:\/\/idecesos.com\/seguros\/companias\/ocaso\/almeria\/#primaryimage\"},\"thumbnailUrl\":\"https:\/\/idecesos.com\/img\/decesos_ocaso.png\",\"datePublished\":\"2021-08-19T13:34:37+00:00\",\"dateModified\":\"2021-08-27T17:36:50+00:00\",\"description\":\"Lista completa de Oficinas seguros Ocaso en Almer\u00eda Horarios, \u2706 tel\u00e9fonos y direcciones actualizados en 2026 \u2714 Verificado por iDecesos.\",\"breadcrumb\":{\"@id\":\"https:\/\/idecesos.com\/seguros\/companias\/ocaso\/almeria\/#breadcrumb\"},\"inLanguage\":\"es\",\"potentialAction\":[{\"@type\":\"ReadAction\",\"target\":[\"https:\/\/idecesos.com\/seguros\/companias\/ocaso\/almeria\/\"]}]},{\"@type\":\"ImageObject\",\"inLanguage\":\"es\",\"@id\":\"https:\/\/idecesos.com\/seguros\/companias\/ocaso\/almeria\/#primaryimage\",\"url\":\"https:\/\/idecesos.com\/img\/decesos_ocaso.png\",\"contentUrl\":\"https:\/\/idecesos.com\/img\/decesos_ocaso.png\"},{\"@type\":\"BreadcrumbList\",\"@id\":\"https:\/\/idecesos.com\/seguros\/companias\/ocaso\/almeria\/#breadcrumb\",\"itemListElement\":[{\"@type\":\"ListItem\",\"position\":1,\"name\":\"Portada\",\"item\":\"https:\/\/idecesos.com\/seguros\/\"},{\"@type\":\"ListItem\",\"position\":2,\"name\":\"Compa\u00f1\u00edas de Seguros de Decesos en Espa\u00f1a\",\"item\":\"https:\/\/idecesos.com\/seguros\/companias\/\"},{\"@type\":\"ListItem\",\"position\":3,\"name\":\"Seguro de Decesos Ocaso\",\"item\":\"https:\/\/idecesos.com\/seguros\/companias\/ocaso\/\"},{\"@type\":\"ListItem\",\"position\":4,\"name\":\"Oficinas seguros Ocaso en Almer\u00eda\"}]},{\"@type\":\"WebSite\",\"@id\":\"https:\/\/idecesos.com\/seguros\/#website\",\"url\":\"https:\/\/idecesos.com\/seguros\/\",\"name\":\"\",\"description\":\"\",\"potentialAction\":[{\"@type\":\"SearchAction\",\"target\":{\"@type\":\"EntryPoint\",\"urlTemplate\":\"https:\/\/idecesos.com\/seguros\/?s={search_term_string}\"},\"query-input\":{\"@type\":\"PropertyValueSpecification\",\"valueRequired\":true,\"valueName\":\"search_term_string\"}}],\"inLanguage\":\"es\"}]}<\/script>\n<!-- \/ Yoast SEO plugin. -->","yoast_head_json":{"title":"Oficinas seguros Ocaso en Almer\u00eda | Tel\u00e9fonos, Horarios, Direcci\u00f3n","description":"Lista completa de Oficinas seguros Ocaso en Almer\u00eda Horarios, \u2706 tel\u00e9fonos y direcciones actualizados en 2026 \u2714 Verificado por iDecesos.","robots":{"index":"index","follow":"follow","max-snippet":"max-snippet:-1","max-image-preview":"max-image-preview:large","max-video-preview":"max-video-preview:-1"},"canonical":"https:\/\/idecesos.com\/seguros\/companias\/ocaso\/almeria\/","og_locale":"es_ES","og_type":"article","og_title":"Oficinas seguros Ocaso en Almer\u00eda | Tel\u00e9fonos, Horarios, Direcci\u00f3n","og_description":"Lista completa de Oficinas seguros Ocaso en Almer\u00eda Horarios, \u2706 tel\u00e9fonos y direcciones actualizados en 2026 \u2714 Verificado por iDecesos.","og_url":"https:\/\/idecesos.com\/seguros\/companias\/ocaso\/almeria\/","article_modified_time":"2021-08-27T17:36:50+00:00","og_image":[{"url":"https:\/\/idecesos.com\/img\/decesos_ocaso.png","type":"","width":"","height":""}],"twitter_card":"summary_large_image","twitter_misc":{"Tiempo de lectura":"39 minutos"},"schema":{"@context":"https:\/\/schema.org","@graph":[{"@type":"WebPage","@id":"https:\/\/idecesos.com\/seguros\/companias\/ocaso\/almeria\/","url":"https:\/\/idecesos.com\/seguros\/companias\/ocaso\/almeria\/","name":"Oficinas seguros Ocaso en Almer\u00eda | Tel\u00e9fonos, Horarios, Direcci\u00f3n","isPartOf":{"@id":"https:\/\/idecesos.com\/seguros\/#website"},"primaryImageOfPage":{"@id":"https:\/\/idecesos.com\/seguros\/companias\/ocaso\/almeria\/#primaryimage"},"image":{"@id":"https:\/\/idecesos.com\/seguros\/companias\/ocaso\/almeria\/#primaryimage"},"thumbnailUrl":"https:\/\/idecesos.com\/img\/decesos_ocaso.png","datePublished":"2021-08-19T13:34:37+00:00","dateModified":"2021-08-27T17:36:50+00:00","description":"Lista completa de Oficinas seguros Ocaso en Almer\u00eda Horarios, \u2706 tel\u00e9fonos y direcciones actualizados en 2026 \u2714 Verificado por iDecesos.","breadcrumb":{"@id":"https:\/\/idecesos.com\/seguros\/companias\/ocaso\/almeria\/#breadcrumb"},"inLanguage":"es","potentialAction":[{"@type":"ReadAction","target":["https:\/\/idecesos.com\/seguros\/companias\/ocaso\/almeria\/"]}]},{"@type":"ImageObject","inLanguage":"es","@id":"https:\/\/idecesos.com\/seguros\/companias\/ocaso\/almeria\/#primaryimage","url":"https:\/\/idecesos.com\/img\/decesos_ocaso.png","contentUrl":"https:\/\/idecesos.com\/img\/decesos_ocaso.png"},{"@type":"BreadcrumbList","@id":"https:\/\/idecesos.com\/seguros\/companias\/ocaso\/almeria\/#breadcrumb","itemListElement":[{"@type":"ListItem","position":1,"name":"Portada","item":"https:\/\/idecesos.com\/seguros\/"},{"@type":"ListItem","position":2,"name":"Compa\u00f1\u00edas de Seguros de Decesos en Espa\u00f1a","item":"https:\/\/idecesos.com\/seguros\/companias\/"},{"@type":"ListItem","position":3,"name":"Seguro de Decesos Ocaso","item":"https:\/\/idecesos.com\/seguros\/companias\/ocaso\/"},{"@type":"ListItem","position":4,"name":"Oficinas seguros Ocaso en Almer\u00eda"}]},{"@type":"WebSite","@id":"https:\/\/idecesos.com\/seguros\/#website","url":"https:\/\/idecesos.com\/seguros\/","name":"","description":"","potentialAction":[{"@type":"SearchAction","target":{"@type":"EntryPoint","urlTemplate":"https:\/\/idecesos.com\/seguros\/?s={search_term_string}"},"query-input":{"@type":"PropertyValueSpecification","valueRequired":true,"valueName":"search_term_string"}}],"inLanguage":"es"}]}},"_links":{"self":[{"href":"https:\/\/idecesos.com\/seguros\/wp-json\/wp\/v2\/pages\/2317","targetHints":{"allow":["GET"]}}],"collection":[{"href":"https:\/\/idecesos.com\/seguros\/wp-json\/wp\/v2\/pages"}],"about":[{"href":"https:\/\/idecesos.com\/seguros\/wp-json\/wp\/v2\/types\/page"}],"author":[{"embeddable":true,"href":"https:\/\/idecesos.com\/seguros\/wp-json\/wp\/v2\/users\/1"}],"replies":[{"embeddable":true,"href":"https:\/\/idecesos.com\/seguros\/wp-json\/wp\/v2\/comments?post=2317"}],"version-history":[{"count":3,"href":"https:\/\/idecesos.com\/seguros\/wp-json\/wp\/v2\/pages\/2317\/revisions"}],"predecessor-version":[{"id":3765,"href":"https:\/\/idecesos.com\/seguros\/wp-json\/wp\/v2\/pages\/2317\/revisions\/3765"}],"up":[{"embeddable":true,"href":"https:\/\/idecesos.com\/seguros\/wp-json\/wp\/v2\/pages\/777"}],"wp:attachment":[{"href":"https:\/\/idecesos.com\/seguros\/wp-json\/wp\/v2\/media?parent=2317"}],"curies":[{"name":"wp","href":"https:\/\/api.w.org\/{rel}","templated":true}]}}