{"id":2320,"date":"2021-08-26T10:11:50","date_gmt":"2021-08-19T13:34:39","guid":{"rendered":"https:\/\/idecesos.com\/seguros\/companias\/ocaso\/badajoz\/"},"modified":"2021-08-27T17:36:52","modified_gmt":"2021-08-27T17:36:52","slug":"badajoz","status":"publish","type":"page","link":"https:\/\/idecesos.com\/seguros\/companias\/ocaso\/badajoz\/","title":{"rendered":"Oficinas seguros Ocaso en Badajoz"},"content":{"rendered":"<div id=\"ez-toc-container\" class=\"ez-toc-v2_0_82_2 ez-toc-wrap-center counter-hierarchy ez-toc-counter ez-toc-custom ez-toc-container-direction\">\n<div class=\"ez-toc-title-container\">\n<p class=\"ez-toc-title\" style=\"cursor:inherit\">Tabla de Contenido<\/p>\n<span class=\"ez-toc-title-toggle\"><a href=\"#\" class=\"ez-toc-pull-right ez-toc-btn ez-toc-btn-xs ez-toc-btn-default ez-toc-toggle\" aria-label=\"Alternar tabla de contenidos\"><span class=\"ez-toc-js-icon-con\"><span class=\"\"><span class=\"eztoc-hide\" style=\"display:none;\">Toggle<\/span><span class=\"ez-toc-icon-toggle-span\"><svg style=\"fill: #db6415;color:#db6415\" xmlns=\"http:\/\/www.w3.org\/2000\/svg\" class=\"list-377408\" width=\"20px\" height=\"20px\" viewBox=\"0 0 24 24\" fill=\"none\"><path d=\"M6 6H4v2h2V6zm14 0H8v2h12V6zM4 11h2v2H4v-2zm16 0H8v2h12v-2zM4 16h2v2H4v-2zm16 0H8v2h12v-2z\" fill=\"currentColor\"><\/path><\/svg><svg style=\"fill: #db6415;color:#db6415\" class=\"arrow-unsorted-368013\" xmlns=\"http:\/\/www.w3.org\/2000\/svg\" width=\"10px\" height=\"10px\" viewBox=\"0 0 24 24\" version=\"1.2\" baseProfile=\"tiny\"><path d=\"M18.2 9.3l-6.2-6.3-6.2 6.3c-.2.2-.3.4-.3.7s.1.5.3.7c.2.2.4.3.7.3h11c.3 0 .5-.1.7-.3.2-.2.3-.5.3-.7s-.1-.5-.3-.7zM5.8 14.7l6.2 6.3 6.2-6.3c.2-.2.3-.5.3-.7s-.1-.5-.3-.7c-.2-.2-.4-.3-.7-.3h-11c-.3 0-.5.1-.7.3-.2.2-.3.5-.3.7s.1.5.3.7z\"\/><\/svg><\/span><\/span><\/span><\/a><\/span><\/div>\n<nav><ul class='ez-toc-list ez-toc-list-level-1 ' ><li class='ez-toc-page-1 ez-toc-heading-level-2'><a class=\"ez-toc-link ez-toc-heading-1\" href=\"https:\/\/idecesos.com\/seguros\/companias\/ocaso\/badajoz\/#Seguro_de_decesos_Ocaso_en_Badajoz\" >Seguro de decesos Ocaso en Badajoz<\/a><\/li><li class='ez-toc-page-1 ez-toc-heading-level-2'><a class=\"ez-toc-link ez-toc-heading-2\" href=\"https:\/\/idecesos.com\/seguros\/companias\/ocaso\/badajoz\/#Mapa_de_oficinas_de_seguros_Ocaso_en_Badajoz\" >Mapa de oficinas de seguros Ocaso en Badajoz<\/a><\/li><li class='ez-toc-page-1 ez-toc-heading-level-2'><a class=\"ez-toc-link ez-toc-heading-3\" href=\"https:\/\/idecesos.com\/seguros\/companias\/ocaso\/badajoz\/#Listado_de_oficinas_Ocaso_en_Badajoz\" >Listado de oficinas Ocaso en Badajoz<\/a><\/li><li class='ez-toc-page-1 ez-toc-heading-level-2'><a class=\"ez-toc-link ez-toc-heading-4\" href=\"https:\/\/idecesos.com\/seguros\/companias\/ocaso\/badajoz\/#Agencias_de_seguros_de_decesos_en_Badajoz\" >Agencias de seguros de decesos en Badajoz<\/a><ul class='ez-toc-list-level-3' ><li class='ez-toc-heading-level-3'><a class=\"ez-toc-link ez-toc-heading-5\" href=\"https:\/\/idecesos.com\/seguros\/companias\/ocaso\/badajoz\/#Listado_de_oficinas_Ocaso_en_Espana\" >Listado de oficinas Ocaso en Espa\u00f1a<\/a><\/li><\/ul><\/li><\/ul><\/nav><\/div>\n\n<p><a href=\"https:\/\/idecesos.com\/seguros\/companias\/ocaso\/\"><img decoding=\"async\" class=\"size-medium alignleft\" src=\"https:\/\/idecesos.com\/img\/decesos_ocaso.png\" alt=\"Seguro de decesos Ocaso\" \/><\/a>Precisas percibir una atenci\u00f3n personalizada y un servicio de calidad exclusiva, tienes a tu alcance distintas oficinas de Ocaso en Badajoz. Acudiendo a su horario establecido. Es de suma importancia saber d\u00f3nde se encuentran ubicados cada oficina de Ocaso a nuestra proximidad Badajoz. Resolver\u00e1n cualquier problema, gestion\u00e1ndolo de forma instant\u00e1nea.<\/p>\n<p><strong>Oficinas de Ocaso en Badajoz<\/strong> es dif\u00edcil saber donde se halla ubicado cada uno de ellos, por eso te traemos en exclusiva los que puedes tener cerca de ti, para cuando m\u00e1s lo precises, gestion\u00e1ndote los inconvenientes que que han podido surgir con tu seguro contratado. Requiriendo este servicio de forma m\u00e1s eficaz y oportuna, siendo pertinente bajo cualquier circunstancia, sobre el transcurso de la compa\u00f1\u00eda, podr\u00e1n administrar la parte complicada sobre tu p\u00f3liza.<\/p>\n<p>Visita nuestra p\u00e1gina de <a href=\"https:\/\/idecesos.com\/seguros\/companias\/ocaso\/\">seguros de decesos Ocaso<\/a> para m\u00e1s informaci\u00f3n.<br \/>\n<div class=\"colorf \"  ><div class=\"container clearfix\"><div class=\"col-md-7\"><\/p>\n<h2><span class=\"ez-toc-section\" id=\"Seguro_de_decesos_Ocaso_en_Badajoz\"><\/span>Seguro de decesos Ocaso en Badajoz<span class=\"ez-toc-section-end\"><\/span><\/h2>\n<p>Destacamos como una ventaja, contando con los diferentes <a href=\"https:\/\/idecesos.com\/seguros\/ciudades\/badajoz\/\"><strong>seguro decesos de Badajoz<\/strong><\/a>. Cubriendo en todo momento tus carencias en cualquier situaci\u00f3n. Servicio de delegaciones de Ocaso en Badajoz va direccionado para aquellas personas que precisen solucionar de manera eficaz cualquier gesti\u00f3n al respecto y se haga de manera inmediata. Quedando asegurado en todo instante la solvencia al error cometido, con una gesti\u00f3n inmediata.<\/p>\n<p>Queremos solucionar todos tus inconvenientes o todos los que est\u00e9n a nuestro alcance, y que puedas contar con un formulario, donde consigues con precisi\u00f3n tu presupuesto. Es una gran aportaci\u00f3n en el momento de comprender lo que vas a liquidar en todo instante, quedando resuelto las dudas. De este modo podr\u00edas adelantarte a conocer cuando llegar\u00edas a abonar en un futuro y previni\u00e9ndote para cuando llegue ese momento.<br \/>\nSin precisar abonar nada, tan simple. Accede ahora y cuenta con la tranquilidad de tener tu presupuesto, evitando dificultades. No solo queremos darte calma, deseamos que recibas toda la informaci\u00f3n adecuada y aut\u00e9ntica.<\/p>\n<p><\/div><\/div><\/div>\n\t\t<hr class=\"separador\">\n\t\t<div class=\"bloque-accion\">\n\t\t<p class=\"txt-accion\">Calcula el precio de tu seguro de decesos en menos de 1 minuto<\/p>\n\t\t<a class=\"btn-accion\" href=\"https:\/\/idecesos.com\/\">CALCULAR<\/a>\n\t\t<\/div>\n\t\t<hr class=\"separador\">\n\t\t<\/p>\n<h2><span class=\"ez-toc-section\" id=\"Mapa_de_oficinas_de_seguros_Ocaso_en_Badajoz\"><\/span>Mapa de oficinas de seguros Ocaso en Badajoz<span class=\"ez-toc-section-end\"><\/span><\/h2>\n<p>Oficinas de mapa de Ocaso en Badajoz real\u00edzalo f\u00e1cilmente y en solo menos de 1 minuto. Con ello aprendemos ahorrar nuestro tiempo y gestionarlo de forma m\u00e1s eficaz a la hora de realizar la busca. Conocer todas y cada una de las opciones dispobinles. A la hora de busca tendr\u00e1s los \u00f3ptimos servicios como seguridad cuando surge la busca.<\/p>\n<p><iframe class=\"page-generator-pro-map\" style=\"border: 0;\" src=\"https:\/\/www.google.com\/maps\/embed\/v1\/place?q=Av.+Adolfo+D%C3%ADaz+Ambrona+Moreno%2C+12%2C+06300+Zafra%2C+Badajoz%2C+Espa%C3%B1a&amp;zoom=14&amp;maptype=roadmap&amp;key=AIzaSyCNTEOso0tZG6YMSJFoaJEY5Th1stEWrJI\" width=\"100%\" height=\"400\" frameborder=\"0\" allowfullscreen=\"allowfullscreen\"><\/iframe><\/p>\n<p>&nbsp;<br \/>\n<div class=\"colorf\"><div class=\"container clearfix\"><div class=\"col-md-7\"><div class=\"empresas\"><\/p>\n<h2><span class=\"ez-toc-section\" id=\"Listado_de_oficinas_Ocaso_en_Badajoz\"><\/span>Listado de oficinas Ocaso en Badajoz<span class=\"ez-toc-section-end\"><\/span><\/h2>\n<ul>\n<li><strong>Seguros Ocaso Zafra, Espa\u00f1a:<\/strong> Av. Adolfo D\u00edaz Ambrona Moreno, 12, 06300 Zafra, Badajoz, Espa\u00f1a<\/li>\n<\/ul>\n<\/div><\/div><\/div><\/div>\n<h2><span class=\"ez-toc-section\" id=\"Agencias_de_seguros_de_decesos_en_Badajoz\"><\/span>Agencias de seguros de decesos en Badajoz<span class=\"ez-toc-section-end\"><\/span><\/h2>\n<p>No te registres para conseguir la informaci\u00f3n de las <strong>aseguradoras de decesos en Badajoz<\/strong> te damos esa ventaja y esa sencillez de poder acceder en todo momento, que quedase siempre y en todo momento actualizada todos los d\u00edas. Te resultara tan simple, que obtienes todos los datos pertinentes, donde no te vas a quedar con ning\u00fan g\u00e9nero de duda.<\/p>\nEnlazado Ocaso\n<div class=\"colorf\"><div class=\"container clearfix\"><div class=\"col-md-7\"><div class=\"empresas\">\n<h3><span class=\"ez-toc-section\" id=\"Listado_de_oficinas_Ocaso_en_Espana\"><\/span>Listado de oficinas Ocaso en Espa\u00f1a<span class=\"ez-toc-section-end\"><\/span><\/h3>\n<div class=\"enlazado\"><ul><li><a href=\"https:\/\/idecesos.com\/seguros\/companias\/ocaso\/telefono\/\"><span>Atenci\u00f3n al cliente Ocaso: telefono gratuito, e-mail<\/span><\/a><\/li><li><a href=\"https:\/\/idecesos.com\/seguros\/companias\/ocaso\/albacete\/\"><span>Oficinas seguros Ocaso en Albacete<\/span><\/a><\/li><li><a href=\"https:\/\/idecesos.com\/seguros\/companias\/ocaso\/almeria\/\"><span>Oficinas seguros Ocaso en Almer\u00eda<\/span><\/a><\/li><li><a href=\"https:\/\/idecesos.com\/seguros\/companias\/ocaso\/gerona\/\"><span>Oficinas seguros Ocaso en Gerona<\/span><\/a><\/li><li><a href=\"https:\/\/idecesos.com\/seguros\/companias\/ocaso\/granada\/\"><span>Oficinas seguros Ocaso en Granada<\/span><\/a><\/li><li><a href=\"https:\/\/idecesos.com\/seguros\/companias\/ocaso\/guipuzcoa\/\"><span>Oficinas seguros Ocaso en Guip\u00fazcoa<\/span><\/a><\/li><li><a href=\"https:\/\/idecesos.com\/seguros\/companias\/ocaso\/murcia\/\"><span>Oficinas seguros Ocaso en Murcia<\/span><\/a><\/li><li><a href=\"https:\/\/idecesos.com\/seguros\/companias\/ocaso\/orense\/\"><span>Oficinas seguros Ocaso en Orense<\/span><\/a><\/li><li><a href=\"https:\/\/idecesos.com\/seguros\/companias\/ocaso\/pontevedra\/\"><span>Oficinas seguros Ocaso en Pontevedra<\/span><\/a><\/li><li><a href=\"https:\/\/idecesos.com\/seguros\/companias\/ocaso\/tarragona\/\"><span>Oficinas seguros Ocaso en Tarragona<\/span><\/a><\/li><li><a href=\"https:\/\/idecesos.com\/seguros\/companias\/ocaso\/tenerife\/\"><span>Oficinas seguros Ocaso en Tenerife<\/span><\/a><\/li><li><a href=\"https:\/\/idecesos.com\/seguros\/companias\/ocaso\/valladolid\/\"><span>Oficinas seguros Ocaso en Valladolid<\/span><\/a><\/li><li><a href=\"https:\/\/idecesos.com\/seguros\/companias\/ocaso\/vizcaya\/\"><span>Oficinas seguros Ocaso en Vizcaya<\/span><\/a><\/li><li><a href=\"https:\/\/idecesos.com\/seguros\/companias\/ocaso\/alava\/\"><span>Oficinas seguros Ocaso en \u00c1lava<\/span><\/a><\/li><li><a href=\"https:\/\/idecesos.com\/seguros\/companias\/ocaso\/oro\/\"><span>Seguro Decesos OCASO ORO<\/span><\/a><\/li><li><a href=\"https:\/\/idecesos.com\/seguros\/companias\/ocaso\/prima-unica\/\"><span>Seguro de decesos Ocaso Prima \u00danica<\/span><\/a><\/li><\/ul><\/div>\n<\/div><\/div><\/div><\/div>\n","protected":false},"excerpt":{"rendered":"<p>Precisas percibir una atenci\u00f3n personalizada y un servicio de calidad exclusiva, tienes a tu alcance distintas oficinas de Ocaso en Badajoz. Acudiendo a su horario establecido. Es de suma importancia saber d\u00f3nde se encuentran ubicados cada oficina de Ocaso a nuestra proximidad Badajoz. Resolver\u00e1n cualquier problema, gestion\u00e1ndolo de forma instant\u00e1nea. Oficinas de Ocaso en Badajoz&hellip; <\/p>\n","protected":false},"author":1,"featured_media":0,"parent":777,"menu_order":0,"comment_status":"closed","ping_status":"closed","template":"page-templates\/companies.php","meta":{"footnotes":""},"class_list":["post-2320","page","type-page","status-publish","hentry"],"yoast_head":"<!-- This site is optimized with the Yoast SEO plugin v27.3 - https:\/\/yoast.com\/product\/yoast-seo-wordpress\/ -->\n<title>Oficinas seguros Ocaso en Badajoz | Tel\u00e9fonos, Horarios, Direcci\u00f3n<\/title>\n<meta name=\"description\" content=\"Lista completa de Oficinas seguros Ocaso en Badajoz Horarios, \u2706 tel\u00e9fonos y direcciones actualizados en 2026 \u2714 Verificado por iDecesos.\" \/>\n<meta name=\"robots\" content=\"index, follow, max-snippet:-1, max-image-preview:large, max-video-preview:-1\" \/>\n<link rel=\"canonical\" href=\"https:\/\/idecesos.com\/seguros\/companias\/ocaso\/badajoz\/\" \/>\n<meta property=\"og:locale\" content=\"es_ES\" \/>\n<meta property=\"og:type\" content=\"article\" \/>\n<meta property=\"og:title\" content=\"Oficinas seguros Ocaso en Badajoz | Tel\u00e9fonos, Horarios, Direcci\u00f3n\" \/>\n<meta property=\"og:description\" content=\"Lista completa de Oficinas seguros Ocaso en Badajoz Horarios, \u2706 tel\u00e9fonos y direcciones actualizados en 2026 \u2714 Verificado por iDecesos.\" \/>\n<meta property=\"og:url\" content=\"https:\/\/idecesos.com\/seguros\/companias\/ocaso\/badajoz\/\" \/>\n<meta property=\"article:modified_time\" content=\"2021-08-27T17:36:52+00:00\" \/>\n<meta property=\"og:image\" content=\"https:\/\/idecesos.com\/img\/decesos_ocaso.png\" \/>\n<meta name=\"twitter:card\" content=\"summary_large_image\" \/>\n<meta name=\"twitter:label1\" content=\"Tiempo de lectura\" \/>\n\t<meta name=\"twitter:data1\" content=\"39 minutos\" \/>\n<script type=\"application\/ld+json\" class=\"yoast-schema-graph\">{\"@context\":\"https:\\\/\\\/schema.org\",\"@graph\":[{\"@type\":\"WebPage\",\"@id\":\"https:\\\/\\\/idecesos.com\\\/seguros\\\/companias\\\/ocaso\\\/badajoz\\\/\",\"url\":\"https:\\\/\\\/idecesos.com\\\/seguros\\\/companias\\\/ocaso\\\/badajoz\\\/\",\"name\":\"Oficinas seguros Ocaso en Badajoz | Tel\u00e9fonos, Horarios, Direcci\u00f3n\",\"isPartOf\":{\"@id\":\"https:\\\/\\\/idecesos.com\\\/seguros\\\/#website\"},\"primaryImageOfPage\":{\"@id\":\"https:\\\/\\\/idecesos.com\\\/seguros\\\/companias\\\/ocaso\\\/badajoz\\\/#primaryimage\"},\"image\":{\"@id\":\"https:\\\/\\\/idecesos.com\\\/seguros\\\/companias\\\/ocaso\\\/badajoz\\\/#primaryimage\"},\"thumbnailUrl\":\"https:\\\/\\\/idecesos.com\\\/img\\\/decesos_ocaso.png\",\"datePublished\":\"2021-08-19T13:34:39+00:00\",\"dateModified\":\"2021-08-27T17:36:52+00:00\",\"description\":\"Lista completa de Oficinas seguros Ocaso en Badajoz Horarios, \u2706 tel\u00e9fonos y direcciones actualizados en 2026 \u2714 Verificado por iDecesos.\",\"breadcrumb\":{\"@id\":\"https:\\\/\\\/idecesos.com\\\/seguros\\\/companias\\\/ocaso\\\/badajoz\\\/#breadcrumb\"},\"inLanguage\":\"es\",\"potentialAction\":[{\"@type\":\"ReadAction\",\"target\":[\"https:\\\/\\\/idecesos.com\\\/seguros\\\/companias\\\/ocaso\\\/badajoz\\\/\"]}]},{\"@type\":\"ImageObject\",\"inLanguage\":\"es\",\"@id\":\"https:\\\/\\\/idecesos.com\\\/seguros\\\/companias\\\/ocaso\\\/badajoz\\\/#primaryimage\",\"url\":\"https:\\\/\\\/idecesos.com\\\/img\\\/decesos_ocaso.png\",\"contentUrl\":\"https:\\\/\\\/idecesos.com\\\/img\\\/decesos_ocaso.png\"},{\"@type\":\"BreadcrumbList\",\"@id\":\"https:\\\/\\\/idecesos.com\\\/seguros\\\/companias\\\/ocaso\\\/badajoz\\\/#breadcrumb\",\"itemListElement\":[{\"@type\":\"ListItem\",\"position\":1,\"name\":\"Portada\",\"item\":\"https:\\\/\\\/idecesos.com\\\/seguros\\\/\"},{\"@type\":\"ListItem\",\"position\":2,\"name\":\"Compa\u00f1\u00edas de Seguros de Decesos en Espa\u00f1a\",\"item\":\"https:\\\/\\\/idecesos.com\\\/seguros\\\/companias\\\/\"},{\"@type\":\"ListItem\",\"position\":3,\"name\":\"Seguro de Decesos Ocaso\",\"item\":\"https:\\\/\\\/idecesos.com\\\/seguros\\\/companias\\\/ocaso\\\/\"},{\"@type\":\"ListItem\",\"position\":4,\"name\":\"Oficinas seguros Ocaso en Badajoz\"}]},{\"@type\":\"WebSite\",\"@id\":\"https:\\\/\\\/idecesos.com\\\/seguros\\\/#website\",\"url\":\"https:\\\/\\\/idecesos.com\\\/seguros\\\/\",\"name\":\"\",\"description\":\"\",\"potentialAction\":[{\"@type\":\"SearchAction\",\"target\":{\"@type\":\"EntryPoint\",\"urlTemplate\":\"https:\\\/\\\/idecesos.com\\\/seguros\\\/?s={search_term_string}\"},\"query-input\":{\"@type\":\"PropertyValueSpecification\",\"valueRequired\":true,\"valueName\":\"search_term_string\"}}],\"inLanguage\":\"es\"}]}<\/script>\n<!-- \/ Yoast SEO plugin. -->","yoast_head_json":{"title":"Oficinas seguros Ocaso en Badajoz | Tel\u00e9fonos, Horarios, Direcci\u00f3n","description":"Lista completa de Oficinas seguros Ocaso en Badajoz Horarios, \u2706 tel\u00e9fonos y direcciones actualizados en 2026 \u2714 Verificado por iDecesos.","robots":{"index":"index","follow":"follow","max-snippet":"max-snippet:-1","max-image-preview":"max-image-preview:large","max-video-preview":"max-video-preview:-1"},"canonical":"https:\/\/idecesos.com\/seguros\/companias\/ocaso\/badajoz\/","og_locale":"es_ES","og_type":"article","og_title":"Oficinas seguros Ocaso en Badajoz | Tel\u00e9fonos, Horarios, Direcci\u00f3n","og_description":"Lista completa de Oficinas seguros Ocaso en Badajoz Horarios, \u2706 tel\u00e9fonos y direcciones actualizados en 2026 \u2714 Verificado por iDecesos.","og_url":"https:\/\/idecesos.com\/seguros\/companias\/ocaso\/badajoz\/","article_modified_time":"2021-08-27T17:36:52+00:00","og_image":[{"url":"https:\/\/idecesos.com\/img\/decesos_ocaso.png","type":"","width":"","height":""}],"twitter_card":"summary_large_image","twitter_misc":{"Tiempo de lectura":"39 minutos"},"schema":{"@context":"https:\/\/schema.org","@graph":[{"@type":"WebPage","@id":"https:\/\/idecesos.com\/seguros\/companias\/ocaso\/badajoz\/","url":"https:\/\/idecesos.com\/seguros\/companias\/ocaso\/badajoz\/","name":"Oficinas seguros Ocaso en Badajoz | Tel\u00e9fonos, Horarios, Direcci\u00f3n","isPartOf":{"@id":"https:\/\/idecesos.com\/seguros\/#website"},"primaryImageOfPage":{"@id":"https:\/\/idecesos.com\/seguros\/companias\/ocaso\/badajoz\/#primaryimage"},"image":{"@id":"https:\/\/idecesos.com\/seguros\/companias\/ocaso\/badajoz\/#primaryimage"},"thumbnailUrl":"https:\/\/idecesos.com\/img\/decesos_ocaso.png","datePublished":"2021-08-19T13:34:39+00:00","dateModified":"2021-08-27T17:36:52+00:00","description":"Lista completa de Oficinas seguros Ocaso en Badajoz Horarios, \u2706 tel\u00e9fonos y direcciones actualizados en 2026 \u2714 Verificado por iDecesos.","breadcrumb":{"@id":"https:\/\/idecesos.com\/seguros\/companias\/ocaso\/badajoz\/#breadcrumb"},"inLanguage":"es","potentialAction":[{"@type":"ReadAction","target":["https:\/\/idecesos.com\/seguros\/companias\/ocaso\/badajoz\/"]}]},{"@type":"ImageObject","inLanguage":"es","@id":"https:\/\/idecesos.com\/seguros\/companias\/ocaso\/badajoz\/#primaryimage","url":"https:\/\/idecesos.com\/img\/decesos_ocaso.png","contentUrl":"https:\/\/idecesos.com\/img\/decesos_ocaso.png"},{"@type":"BreadcrumbList","@id":"https:\/\/idecesos.com\/seguros\/companias\/ocaso\/badajoz\/#breadcrumb","itemListElement":[{"@type":"ListItem","position":1,"name":"Portada","item":"https:\/\/idecesos.com\/seguros\/"},{"@type":"ListItem","position":2,"name":"Compa\u00f1\u00edas de Seguros de Decesos en Espa\u00f1a","item":"https:\/\/idecesos.com\/seguros\/companias\/"},{"@type":"ListItem","position":3,"name":"Seguro de Decesos Ocaso","item":"https:\/\/idecesos.com\/seguros\/companias\/ocaso\/"},{"@type":"ListItem","position":4,"name":"Oficinas seguros Ocaso en Badajoz"}]},{"@type":"WebSite","@id":"https:\/\/idecesos.com\/seguros\/#website","url":"https:\/\/idecesos.com\/seguros\/","name":"","description":"","potentialAction":[{"@type":"SearchAction","target":{"@type":"EntryPoint","urlTemplate":"https:\/\/idecesos.com\/seguros\/?s={search_term_string}"},"query-input":{"@type":"PropertyValueSpecification","valueRequired":true,"valueName":"search_term_string"}}],"inLanguage":"es"}]}},"_links":{"self":[{"href":"https:\/\/idecesos.com\/seguros\/wp-json\/wp\/v2\/pages\/2320","targetHints":{"allow":["GET"]}}],"collection":[{"href":"https:\/\/idecesos.com\/seguros\/wp-json\/wp\/v2\/pages"}],"about":[{"href":"https:\/\/idecesos.com\/seguros\/wp-json\/wp\/v2\/types\/page"}],"author":[{"embeddable":true,"href":"https:\/\/idecesos.com\/seguros\/wp-json\/wp\/v2\/users\/1"}],"replies":[{"embeddable":true,"href":"https:\/\/idecesos.com\/seguros\/wp-json\/wp\/v2\/comments?post=2320"}],"version-history":[{"count":2,"href":"https:\/\/idecesos.com\/seguros\/wp-json\/wp\/v2\/pages\/2320\/revisions"}],"predecessor-version":[{"id":3768,"href":"https:\/\/idecesos.com\/seguros\/wp-json\/wp\/v2\/pages\/2320\/revisions\/3768"}],"up":[{"embeddable":true,"href":"https:\/\/idecesos.com\/seguros\/wp-json\/wp\/v2\/pages\/777"}],"wp:attachment":[{"href":"https:\/\/idecesos.com\/seguros\/wp-json\/wp\/v2\/media?parent=2320"}],"curies":[{"name":"wp","href":"https:\/\/api.w.org\/{rel}","templated":true}]}}