{"id":2325,"date":"2021-08-26T10:11:52","date_gmt":"2021-08-19T13:34:41","guid":{"rendered":"https:\/\/idecesos.com\/seguros\/companias\/ocaso\/cadiz\/"},"modified":"2021-11-08T17:15:49","modified_gmt":"2021-11-08T17:15:49","slug":"cadiz","status":"publish","type":"page","link":"https:\/\/idecesos.com\/seguros\/companias\/ocaso\/cadiz\/","title":{"rendered":"Oficinas seguros Ocaso en C\u00e1diz"},"content":{"rendered":"<div id=\"ez-toc-container\" class=\"ez-toc-v2_0_82_2 ez-toc-wrap-center counter-hierarchy ez-toc-counter ez-toc-custom ez-toc-container-direction\">\n<div class=\"ez-toc-title-container\">\n<p class=\"ez-toc-title\" style=\"cursor:inherit\">Tabla de Contenido<\/p>\n<span class=\"ez-toc-title-toggle\"><a href=\"#\" class=\"ez-toc-pull-right ez-toc-btn ez-toc-btn-xs ez-toc-btn-default ez-toc-toggle\" aria-label=\"Alternar tabla de contenidos\"><span class=\"ez-toc-js-icon-con\"><span class=\"\"><span class=\"eztoc-hide\" style=\"display:none;\">Toggle<\/span><span class=\"ez-toc-icon-toggle-span\"><svg style=\"fill: #db6415;color:#db6415\" xmlns=\"http:\/\/www.w3.org\/2000\/svg\" class=\"list-377408\" width=\"20px\" height=\"20px\" viewBox=\"0 0 24 24\" fill=\"none\"><path d=\"M6 6H4v2h2V6zm14 0H8v2h12V6zM4 11h2v2H4v-2zm16 0H8v2h12v-2zM4 16h2v2H4v-2zm16 0H8v2h12v-2z\" fill=\"currentColor\"><\/path><\/svg><svg style=\"fill: #db6415;color:#db6415\" class=\"arrow-unsorted-368013\" xmlns=\"http:\/\/www.w3.org\/2000\/svg\" width=\"10px\" height=\"10px\" viewBox=\"0 0 24 24\" version=\"1.2\" baseProfile=\"tiny\"><path d=\"M18.2 9.3l-6.2-6.3-6.2 6.3c-.2.2-.3.4-.3.7s.1.5.3.7c.2.2.4.3.7.3h11c.3 0 .5-.1.7-.3.2-.2.3-.5.3-.7s-.1-.5-.3-.7zM5.8 14.7l6.2 6.3 6.2-6.3c.2-.2.3-.5.3-.7s-.1-.5-.3-.7c-.2-.2-.4-.3-.7-.3h-11c-.3 0-.5.1-.7.3-.2.2-.3.5-.3.7s.1.5.3.7z\"\/><\/svg><\/span><\/span><\/span><\/a><\/span><\/div>\n<nav><ul class='ez-toc-list ez-toc-list-level-1 ' ><li class='ez-toc-page-1 ez-toc-heading-level-2'><a class=\"ez-toc-link ez-toc-heading-1\" href=\"https:\/\/idecesos.com\/seguros\/companias\/ocaso\/cadiz\/#Seguro_de_decesos_Ocaso_en_Cadiz\" >Seguro de decesos Ocaso en C\u00e1diz<\/a><\/li><li class='ez-toc-page-1 ez-toc-heading-level-2'><a class=\"ez-toc-link ez-toc-heading-2\" href=\"https:\/\/idecesos.com\/seguros\/companias\/ocaso\/cadiz\/#Mapa_de_sucursales_de_seguros_Ocaso_en_Cadiz\" >Mapa de sucursales de seguros Ocaso en C\u00e1diz<\/a><\/li><li class='ez-toc-page-1 ez-toc-heading-level-2'><a class=\"ez-toc-link ez-toc-heading-3\" href=\"https:\/\/idecesos.com\/seguros\/companias\/ocaso\/cadiz\/#Listado_de_oficinas_Ocaso_en_Cadiz\" >Listado de oficinas Ocaso en C\u00e1diz<\/a><\/li><li class='ez-toc-page-1 ez-toc-heading-level-2'><a class=\"ez-toc-link ez-toc-heading-4\" href=\"https:\/\/idecesos.com\/seguros\/companias\/ocaso\/cadiz\/#Oficinas_de_seguros_de_decesos_en_Cadiz\" >Oficinas de seguros de decesos en C\u00e1diz<\/a><ul class='ez-toc-list-level-3' ><li class='ez-toc-heading-level-3'><a class=\"ez-toc-link ez-toc-heading-5\" href=\"https:\/\/idecesos.com\/seguros\/companias\/ocaso\/cadiz\/#Listado_de_oficinas_Ocaso_en_Espana\" >Listado de oficinas Ocaso en Espa\u00f1a<\/a><\/li><\/ul><\/li><\/ul><\/nav><\/div>\n\n<p><a href=\"https:\/\/idecesos.com\/seguros\/companias\/ocaso\/\"><img decoding=\"async\" class=\"size-medium alignleft\" src=\"https:\/\/idecesos.com\/img\/decesos_ocaso.png\" alt=\"Seguro de decesos Ocaso\" \/><\/a>Las sucursales de Ocaso est\u00e1n situadas en distintos lugares, ponemos a tu <strong>predisposici\u00f3n de Ocaso en C\u00e1diz<\/strong> donde las prestaciones son de las m\u00e1s adecuadas y pertinentes para la administraci\u00f3n. Aparte de que tengan experiencia es esencial las cualidades que presenten para el sector, nos guie en todo instante de la manera adecuada. Tan f\u00e1cil que nos tendr\u00e1s a tu alcance en todo instante, danto el mejor de los servicios. En tu localizaci\u00f3n encontraras las distintas sucursales de Ocaso en C\u00e1diz , donde aseguramos que llegues al final de tu trayectoria.<\/p>\n<p>\u00bfSabes que puede haber a tu alrededor m\u00e1s de 1. 000 aseguradoras?Por ello te <strong>resultara m\u00e1s sencillo conocer las diferentes oficinas de cada C\u00e1diz<\/strong>, garantiz\u00e1ndote en todo momento que la experiencia sea la correcta y la que necesites en esos instantes.<br \/>\nAhora localiza las distintas <strong>oficinas de Ocaso en cada C\u00e1diz<\/strong> con las peculiaridades m\u00e1s precisas, donde te garantizan un proceso seguro para dar con tu oficina referente y de confianza.<\/p>\n<p>Visita nuestra p\u00e1gina de <a href=\"https:\/\/idecesos.com\/seguros\/companias\/ocaso\/\">seguros de decesos Ocaso<\/a> para m\u00e1s informaci\u00f3n.<br \/>\n<div class=\"colorf \"  ><div class=\"container clearfix\"><div class=\"col-md-7\"><\/p>\n<h2><span class=\"ez-toc-section\" id=\"Seguro_de_decesos_Ocaso_en_Cadiz\"><\/span>Seguro de decesos Ocaso en C\u00e1diz<span class=\"ez-toc-section-end\"><\/span><\/h2>\n<p>Prevenir los fallos que puedan ocasionar o surgir durante la gesti\u00f3n documentaria. Te damos esa tranquilidad de que nunca va a suceder. Somos la <a href=\"https:\/\/idecesos.com\/seguros\/ciudades\/cadiz\/\">compa\u00f1\u00eda de seguro de decesos en C\u00e1diz<\/a> con mayor reconocimiento de marca y presente que cubren sus deseos en la coyuntura que se halle. \u00bf<strong>A fin de que sirve el servicio de oficinas de Ocaso en C\u00e1diz<\/strong>? est\u00e1 dirigido a aquellas personas que deseen realizar sus gestiones de forma presencial, es por ello que podr\u00e1 acudir a la sucursal que m\u00e1s le interese en cualquier instante. Cubrir todas las cuestiones que surjan, donde quedase solucionado todos sus inconvenientes de una manera m\u00e1s simple.<\/p>\n<p>Hemos creado un formulario, donde resolver\u00e1n todos tus problemas, evit\u00e1ndote contrariedades para la soluci\u00f3n del mismo. jam\u00e1s ha sido tan f\u00e1cil. Cuando realizamos un pago, nos gusta saber a d\u00f3nde va nuestro dinero, por ellos te mostramos el desglose donde lo veras de una manera m\u00e1s clara. En todo momento veras los pagos que realizases en los pr\u00f3ximos meses, y as\u00ed evitaras cualquier error. Sin necesidad de abonar nada, tan simple. haz clic en presupuesto y obt\u00e9n el tuyo sin necesidades de registros. Deseamos que tengas todo a tu alcance y de manera r\u00e1pida toda la informaci\u00f3n precisa.<\/p>\n<p><\/div><\/div><\/div>\n\t\t<hr class=\"separador\">\n\t\t<div class=\"bloque-accion\">\n\t\t<p class=\"txt-accion\">Calcula el precio de tu seguro de decesos en menos de 1 minuto<\/p>\n\t\t<a class=\"btn-accion\" href=\"https:\/\/idecesos.com\/\">CALCULAR<\/a>\n\t\t<\/div>\n\t\t<hr class=\"separador\">\n\t\t<\/p>\n<h2><span class=\"ez-toc-section\" id=\"Mapa_de_sucursales_de_seguros_Ocaso_en_Cadiz\"><\/span>Mapa de sucursales de seguros Ocaso en C\u00e1diz<span class=\"ez-toc-section-end\"><\/span><\/h2>\n<p>Aparte de contar con localizador de sucursales de Ocaso en C\u00e1diz asimismo dispones de un mapa por cada Ocaso en C\u00e1diz. Nos gusta solucionar inconvenientes de forma eficaz, danto en todo momento resultado en tu b\u00fasqueda. haciendo m\u00e1s ameno el desarrollo de buscar. Por un momento lograr\u00e1s tenerlo en tus manos. Para una mejor ayuda o dudas, siempre cuestionamos cuales son las mejores opciones alternativas a tu soluci\u00f3n.<\/p>\n<p><iframe class=\"page-generator-pro-map\" style=\"border: 0;\" src=\"https:\/\/www.google.com\/maps\/embed\/v1\/place?q=Av.+de+la+Feria%2C+4%2C+11650+Villamartin%2C+C%C3%A1diz%2C+Espa%C3%B1a&amp;zoom=14&amp;maptype=roadmap&amp;key=AIzaSyCNTEOso0tZG6YMSJFoaJEY5Th1stEWrJI\" width=\"100%\" height=\"400\" frameborder=\"0\" allowfullscreen=\"allowfullscreen\"><\/iframe><\/p>\n<div class=\"colorf\"><div class=\"container clearfix\"><div class=\"col-md-7\"><div class=\"empresas\">\n<h2><span class=\"ez-toc-section\" id=\"Listado_de_oficinas_Ocaso_en_Cadiz\"><\/span>Listado de oficinas Ocaso en C\u00e1diz<span class=\"ez-toc-section-end\"><\/span><\/h2>\n<ul>\n<li><strong>Seguros Ocaso Villamartin, Espa\u00f1a:<\/strong> Av. de la Feria, 4, 11650 Villamartin, C\u00e1diz, Espa\u00f1a<\/li>\n<\/ul>\n<\/div><\/div><\/div><\/div>\n<h2><span class=\"ez-toc-section\" id=\"Oficinas_de_seguros_de_decesos_en_Cadiz\"><\/span>Oficinas de seguros de decesos en C\u00e1diz<span class=\"ez-toc-section-end\"><\/span><\/h2>\n<p>\u00bfSin necesidad de registros? evit\u00e1ndote ese proceso tan incomodo como bastante dif\u00edcil, podr\u00e1s ver todo el enorme listado que hemos realizado a fin de que tengas disponible en cada momento, contando con su actualizaci\u00f3n peri\u00f3dicamente, <strong>cada seguros de decesos en C\u00e1diz<\/strong>. Tan f\u00e1cil que tendr\u00e1s toda la informaci\u00f3n de cada uno de ellos de ellos, vas a tener cualquier duda resulta gracias a sus datos que poseen.<\/p>\nEnlazado Ocaso\n<div class=\"colorf\"><div class=\"container clearfix\"><div class=\"col-md-7\"><div class=\"empresas\">\n<h3><span class=\"ez-toc-section\" id=\"Listado_de_oficinas_Ocaso_en_Espana\"><\/span>Listado de oficinas Ocaso en Espa\u00f1a<span class=\"ez-toc-section-end\"><\/span><\/h3>\n<div class=\"enlazado\"><ul><li><a href=\"https:\/\/idecesos.com\/seguros\/companias\/ocaso\/telefono\/\"><span>Atenci\u00f3n al cliente Ocaso: telefono gratuito, e-mail<\/span><\/a><\/li><li><a href=\"https:\/\/idecesos.com\/seguros\/companias\/ocaso\/almeria\/\"><span>Oficinas seguros Ocaso en Almer\u00eda<\/span><\/a><\/li><li><a href=\"https:\/\/idecesos.com\/seguros\/companias\/ocaso\/cuenca\/\"><span>Oficinas seguros Ocaso en Cuenca<\/span><\/a><\/li><li><a href=\"https:\/\/idecesos.com\/seguros\/companias\/ocaso\/granada\/\"><span>Oficinas seguros Ocaso en Granada<\/span><\/a><\/li><li><a href=\"https:\/\/idecesos.com\/seguros\/companias\/ocaso\/huesca\/\"><span>Oficinas seguros Ocaso en Huesca<\/span><\/a><\/li><li><a href=\"https:\/\/idecesos.com\/seguros\/companias\/ocaso\/lerida\/\"><span>Oficinas seguros Ocaso en L\u00e9rida<\/span><\/a><\/li><li><a href=\"https:\/\/idecesos.com\/seguros\/companias\/ocaso\/malaga\/\"><span>Oficinas seguros Ocaso en M\u00e1laga<\/span><\/a><\/li><li><a href=\"https:\/\/idecesos.com\/seguros\/companias\/ocaso\/navarra\/\"><span>Oficinas seguros Ocaso en Navarra<\/span><\/a><\/li><li><a href=\"https:\/\/idecesos.com\/seguros\/companias\/ocaso\/pontevedra\/\"><span>Oficinas seguros Ocaso en Pontevedra<\/span><\/a><\/li><li><a href=\"https:\/\/idecesos.com\/seguros\/companias\/ocaso\/tarragona\/\"><span>Oficinas seguros Ocaso en Tarragona<\/span><\/a><\/li><li><a href=\"https:\/\/idecesos.com\/seguros\/companias\/ocaso\/valencia\/\"><span>Oficinas seguros Ocaso en Valencia<\/span><\/a><\/li><li><a href=\"https:\/\/idecesos.com\/seguros\/companias\/ocaso\/zaragoza\/\"><span>Oficinas seguros Ocaso en Zaragoza<\/span><\/a><\/li><li><a href=\"https:\/\/idecesos.com\/seguros\/companias\/ocaso\/alava\/\"><span>Oficinas seguros Ocaso en \u00c1lava<\/span><\/a><\/li><li><a href=\"https:\/\/idecesos.com\/seguros\/companias\/ocaso\/opiniones\/\"><span>Opiniones Seguro de Decesos Ocaso<\/span><\/a><\/li><li><a href=\"https:\/\/idecesos.com\/seguros\/companias\/ocaso\/poliza\/\"><span>P\u00d3LIZA SEGURO DECESOS OCASO<\/span><\/a><\/li><li><a href=\"https:\/\/idecesos.com\/seguros\/companias\/ocaso\/repatriacion\/\"><span>Seguro de decesos Ocaso con repatriaci\u00f3n<\/span><\/a><\/li><\/ul><\/div>\n<\/div><\/div><\/div><\/div>\n","protected":false},"excerpt":{"rendered":"<p>Las sucursales de Ocaso est\u00e1n situadas en distintos lugares, ponemos a tu predisposici\u00f3n de Ocaso en C\u00e1diz donde las prestaciones son de las m\u00e1s adecuadas y pertinentes para la administraci\u00f3n. Aparte de que tengan experiencia es esencial las cualidades que presenten para el sector, nos guie en todo instante de la manera adecuada. Tan f\u00e1cil&hellip; <\/p>\n","protected":false},"author":1,"featured_media":0,"parent":777,"menu_order":0,"comment_status":"closed","ping_status":"closed","template":"page-templates\/companies.php","meta":{"footnotes":""},"class_list":["post-2325","page","type-page","status-publish","hentry"],"yoast_head":"<!-- This site is optimized with the Yoast SEO plugin v27.5 - https:\/\/yoast.com\/product\/yoast-seo-wordpress\/ -->\n<title>Oficinas seguros Ocaso en C\u00e1diz | Tel\u00e9fonos, Horarios, Direcci\u00f3n<\/title>\n<meta name=\"description\" content=\"Lista completa de Oficinas seguros Ocaso en C\u00e1diz Horarios, \u2706 tel\u00e9fonos y direcciones actualizados en 2026 \u2714 Verificado por iDecesos.\" \/>\n<meta name=\"robots\" content=\"index, follow, max-snippet:-1, max-image-preview:large, max-video-preview:-1\" \/>\n<link rel=\"canonical\" href=\"https:\/\/idecesos.com\/seguros\/companias\/ocaso\/cadiz\/\" \/>\n<meta property=\"og:locale\" content=\"es_ES\" \/>\n<meta property=\"og:type\" content=\"article\" \/>\n<meta property=\"og:title\" content=\"Oficinas seguros Ocaso en C\u00e1diz | Tel\u00e9fonos, Horarios, Direcci\u00f3n\" \/>\n<meta property=\"og:description\" content=\"Lista completa de Oficinas seguros Ocaso en C\u00e1diz Horarios, \u2706 tel\u00e9fonos y direcciones actualizados en 2026 \u2714 Verificado por iDecesos.\" \/>\n<meta property=\"og:url\" content=\"https:\/\/idecesos.com\/seguros\/companias\/ocaso\/cadiz\/\" \/>\n<meta property=\"article:modified_time\" content=\"2021-11-08T17:15:49+00:00\" \/>\n<meta property=\"og:image\" content=\"https:\/\/idecesos.com\/img\/decesos_ocaso.png\" \/>\n<meta name=\"twitter:card\" content=\"summary_large_image\" \/>\n<meta name=\"twitter:label1\" content=\"Tiempo de lectura\" \/>\n\t<meta name=\"twitter:data1\" content=\"3 minutos\" \/>\n<script type=\"application\/ld+json\" class=\"yoast-schema-graph\">{\"@context\":\"https:\\\/\\\/schema.org\",\"@graph\":[{\"@type\":\"WebPage\",\"@id\":\"https:\\\/\\\/idecesos.com\\\/seguros\\\/companias\\\/ocaso\\\/cadiz\\\/\",\"url\":\"https:\\\/\\\/idecesos.com\\\/seguros\\\/companias\\\/ocaso\\\/cadiz\\\/\",\"name\":\"Oficinas seguros Ocaso en C\u00e1diz | Tel\u00e9fonos, Horarios, Direcci\u00f3n\",\"isPartOf\":{\"@id\":\"https:\\\/\\\/idecesos.com\\\/seguros\\\/#website\"},\"primaryImageOfPage\":{\"@id\":\"https:\\\/\\\/idecesos.com\\\/seguros\\\/companias\\\/ocaso\\\/cadiz\\\/#primaryimage\"},\"image\":{\"@id\":\"https:\\\/\\\/idecesos.com\\\/seguros\\\/companias\\\/ocaso\\\/cadiz\\\/#primaryimage\"},\"thumbnailUrl\":\"https:\\\/\\\/idecesos.com\\\/img\\\/decesos_ocaso.png\",\"datePublished\":\"2021-08-19T13:34:41+00:00\",\"dateModified\":\"2021-11-08T17:15:49+00:00\",\"description\":\"Lista completa de Oficinas seguros Ocaso en C\u00e1diz Horarios, \u2706 tel\u00e9fonos y direcciones actualizados en 2026 \u2714 Verificado por iDecesos.\",\"breadcrumb\":{\"@id\":\"https:\\\/\\\/idecesos.com\\\/seguros\\\/companias\\\/ocaso\\\/cadiz\\\/#breadcrumb\"},\"inLanguage\":\"es\",\"potentialAction\":[{\"@type\":\"ReadAction\",\"target\":[\"https:\\\/\\\/idecesos.com\\\/seguros\\\/companias\\\/ocaso\\\/cadiz\\\/\"]}]},{\"@type\":\"ImageObject\",\"inLanguage\":\"es\",\"@id\":\"https:\\\/\\\/idecesos.com\\\/seguros\\\/companias\\\/ocaso\\\/cadiz\\\/#primaryimage\",\"url\":\"https:\\\/\\\/idecesos.com\\\/img\\\/decesos_ocaso.png\",\"contentUrl\":\"https:\\\/\\\/idecesos.com\\\/img\\\/decesos_ocaso.png\"},{\"@type\":\"BreadcrumbList\",\"@id\":\"https:\\\/\\\/idecesos.com\\\/seguros\\\/companias\\\/ocaso\\\/cadiz\\\/#breadcrumb\",\"itemListElement\":[{\"@type\":\"ListItem\",\"position\":1,\"name\":\"Portada\",\"item\":\"https:\\\/\\\/idecesos.com\\\/seguros\\\/\"},{\"@type\":\"ListItem\",\"position\":2,\"name\":\"Compa\u00f1\u00edas de Seguros de Decesos en Espa\u00f1a\",\"item\":\"https:\\\/\\\/idecesos.com\\\/seguros\\\/companias\\\/\"},{\"@type\":\"ListItem\",\"position\":3,\"name\":\"Seguro de Decesos Ocaso\",\"item\":\"https:\\\/\\\/idecesos.com\\\/seguros\\\/companias\\\/ocaso\\\/\"},{\"@type\":\"ListItem\",\"position\":4,\"name\":\"Oficinas seguros Ocaso en C\u00e1diz\"}]},{\"@type\":\"WebSite\",\"@id\":\"https:\\\/\\\/idecesos.com\\\/seguros\\\/#website\",\"url\":\"https:\\\/\\\/idecesos.com\\\/seguros\\\/\",\"name\":\"\",\"description\":\"\",\"potentialAction\":[{\"@type\":\"SearchAction\",\"target\":{\"@type\":\"EntryPoint\",\"urlTemplate\":\"https:\\\/\\\/idecesos.com\\\/seguros\\\/?s={search_term_string}\"},\"query-input\":{\"@type\":\"PropertyValueSpecification\",\"valueRequired\":true,\"valueName\":\"search_term_string\"}}],\"inLanguage\":\"es\"}]}<\/script>\n<!-- \/ Yoast SEO plugin. -->","yoast_head_json":{"title":"Oficinas seguros Ocaso en C\u00e1diz | Tel\u00e9fonos, Horarios, Direcci\u00f3n","description":"Lista completa de Oficinas seguros Ocaso en C\u00e1diz Horarios, \u2706 tel\u00e9fonos y direcciones actualizados en 2026 \u2714 Verificado por iDecesos.","robots":{"index":"index","follow":"follow","max-snippet":"max-snippet:-1","max-image-preview":"max-image-preview:large","max-video-preview":"max-video-preview:-1"},"canonical":"https:\/\/idecesos.com\/seguros\/companias\/ocaso\/cadiz\/","og_locale":"es_ES","og_type":"article","og_title":"Oficinas seguros Ocaso en C\u00e1diz | Tel\u00e9fonos, Horarios, Direcci\u00f3n","og_description":"Lista completa de Oficinas seguros Ocaso en C\u00e1diz Horarios, \u2706 tel\u00e9fonos y direcciones actualizados en 2026 \u2714 Verificado por iDecesos.","og_url":"https:\/\/idecesos.com\/seguros\/companias\/ocaso\/cadiz\/","article_modified_time":"2021-11-08T17:15:49+00:00","og_image":[{"url":"https:\/\/idecesos.com\/img\/decesos_ocaso.png","type":"","width":"","height":""}],"twitter_card":"summary_large_image","twitter_misc":{"Tiempo de lectura":"3 minutos"},"schema":{"@context":"https:\/\/schema.org","@graph":[{"@type":"WebPage","@id":"https:\/\/idecesos.com\/seguros\/companias\/ocaso\/cadiz\/","url":"https:\/\/idecesos.com\/seguros\/companias\/ocaso\/cadiz\/","name":"Oficinas seguros Ocaso en C\u00e1diz | Tel\u00e9fonos, Horarios, Direcci\u00f3n","isPartOf":{"@id":"https:\/\/idecesos.com\/seguros\/#website"},"primaryImageOfPage":{"@id":"https:\/\/idecesos.com\/seguros\/companias\/ocaso\/cadiz\/#primaryimage"},"image":{"@id":"https:\/\/idecesos.com\/seguros\/companias\/ocaso\/cadiz\/#primaryimage"},"thumbnailUrl":"https:\/\/idecesos.com\/img\/decesos_ocaso.png","datePublished":"2021-08-19T13:34:41+00:00","dateModified":"2021-11-08T17:15:49+00:00","description":"Lista completa de Oficinas seguros Ocaso en C\u00e1diz Horarios, \u2706 tel\u00e9fonos y direcciones actualizados en 2026 \u2714 Verificado por iDecesos.","breadcrumb":{"@id":"https:\/\/idecesos.com\/seguros\/companias\/ocaso\/cadiz\/#breadcrumb"},"inLanguage":"es","potentialAction":[{"@type":"ReadAction","target":["https:\/\/idecesos.com\/seguros\/companias\/ocaso\/cadiz\/"]}]},{"@type":"ImageObject","inLanguage":"es","@id":"https:\/\/idecesos.com\/seguros\/companias\/ocaso\/cadiz\/#primaryimage","url":"https:\/\/idecesos.com\/img\/decesos_ocaso.png","contentUrl":"https:\/\/idecesos.com\/img\/decesos_ocaso.png"},{"@type":"BreadcrumbList","@id":"https:\/\/idecesos.com\/seguros\/companias\/ocaso\/cadiz\/#breadcrumb","itemListElement":[{"@type":"ListItem","position":1,"name":"Portada","item":"https:\/\/idecesos.com\/seguros\/"},{"@type":"ListItem","position":2,"name":"Compa\u00f1\u00edas de Seguros de Decesos en Espa\u00f1a","item":"https:\/\/idecesos.com\/seguros\/companias\/"},{"@type":"ListItem","position":3,"name":"Seguro de Decesos Ocaso","item":"https:\/\/idecesos.com\/seguros\/companias\/ocaso\/"},{"@type":"ListItem","position":4,"name":"Oficinas seguros Ocaso en C\u00e1diz"}]},{"@type":"WebSite","@id":"https:\/\/idecesos.com\/seguros\/#website","url":"https:\/\/idecesos.com\/seguros\/","name":"","description":"","potentialAction":[{"@type":"SearchAction","target":{"@type":"EntryPoint","urlTemplate":"https:\/\/idecesos.com\/seguros\/?s={search_term_string}"},"query-input":{"@type":"PropertyValueSpecification","valueRequired":true,"valueName":"search_term_string"}}],"inLanguage":"es"}]}},"_links":{"self":[{"href":"https:\/\/idecesos.com\/seguros\/wp-json\/wp\/v2\/pages\/2325","targetHints":{"allow":["GET"]}}],"collection":[{"href":"https:\/\/idecesos.com\/seguros\/wp-json\/wp\/v2\/pages"}],"about":[{"href":"https:\/\/idecesos.com\/seguros\/wp-json\/wp\/v2\/types\/page"}],"author":[{"embeddable":true,"href":"https:\/\/idecesos.com\/seguros\/wp-json\/wp\/v2\/users\/1"}],"replies":[{"embeddable":true,"href":"https:\/\/idecesos.com\/seguros\/wp-json\/wp\/v2\/comments?post=2325"}],"version-history":[{"count":5,"href":"https:\/\/idecesos.com\/seguros\/wp-json\/wp\/v2\/pages\/2325\/revisions"}],"predecessor-version":[{"id":13616,"href":"https:\/\/idecesos.com\/seguros\/wp-json\/wp\/v2\/pages\/2325\/revisions\/13616"}],"up":[{"embeddable":true,"href":"https:\/\/idecesos.com\/seguros\/wp-json\/wp\/v2\/pages\/777"}],"wp:attachment":[{"href":"https:\/\/idecesos.com\/seguros\/wp-json\/wp\/v2\/media?parent=2325"}],"curies":[{"name":"wp","href":"https:\/\/api.w.org\/{rel}","templated":true}]}}