{"id":2332,"date":"2021-08-26T10:11:56","date_gmt":"2021-08-19T13:34:44","guid":{"rendered":"https:\/\/idecesos.com\/seguros\/companias\/ocaso\/gerona\/"},"modified":"2021-08-27T17:36:58","modified_gmt":"2021-08-27T17:36:58","slug":"gerona","status":"publish","type":"page","link":"https:\/\/idecesos.com\/seguros\/companias\/ocaso\/gerona\/","title":{"rendered":"Oficinas seguros Ocaso en Gerona"},"content":{"rendered":"<div id=\"ez-toc-container\" class=\"ez-toc-v2_0_82_2 ez-toc-wrap-center counter-hierarchy ez-toc-counter ez-toc-custom ez-toc-container-direction\">\n<div class=\"ez-toc-title-container\">\n<p class=\"ez-toc-title\" style=\"cursor:inherit\">Tabla de Contenido<\/p>\n<span class=\"ez-toc-title-toggle\"><a href=\"#\" class=\"ez-toc-pull-right ez-toc-btn ez-toc-btn-xs ez-toc-btn-default ez-toc-toggle\" aria-label=\"Alternar tabla de contenidos\"><span class=\"ez-toc-js-icon-con\"><span class=\"\"><span class=\"eztoc-hide\" style=\"display:none;\">Toggle<\/span><span class=\"ez-toc-icon-toggle-span\"><svg style=\"fill: #db6415;color:#db6415\" xmlns=\"http:\/\/www.w3.org\/2000\/svg\" class=\"list-377408\" width=\"20px\" height=\"20px\" viewBox=\"0 0 24 24\" fill=\"none\"><path d=\"M6 6H4v2h2V6zm14 0H8v2h12V6zM4 11h2v2H4v-2zm16 0H8v2h12v-2zM4 16h2v2H4v-2zm16 0H8v2h12v-2z\" fill=\"currentColor\"><\/path><\/svg><svg style=\"fill: #db6415;color:#db6415\" class=\"arrow-unsorted-368013\" xmlns=\"http:\/\/www.w3.org\/2000\/svg\" width=\"10px\" height=\"10px\" viewBox=\"0 0 24 24\" version=\"1.2\" baseProfile=\"tiny\"><path d=\"M18.2 9.3l-6.2-6.3-6.2 6.3c-.2.2-.3.4-.3.7s.1.5.3.7c.2.2.4.3.7.3h11c.3 0 .5-.1.7-.3.2-.2.3-.5.3-.7s-.1-.5-.3-.7zM5.8 14.7l6.2 6.3 6.2-6.3c.2-.2.3-.5.3-.7s-.1-.5-.3-.7c-.2-.2-.4-.3-.7-.3h-11c-.3 0-.5.1-.7.3-.2.2-.3.5-.3.7s.1.5.3.7z\"\/><\/svg><\/span><\/span><\/span><\/a><\/span><\/div>\n<nav><ul class='ez-toc-list ez-toc-list-level-1 ' ><li class='ez-toc-page-1 ez-toc-heading-level-2'><a class=\"ez-toc-link ez-toc-heading-1\" href=\"https:\/\/idecesos.com\/seguros\/companias\/ocaso\/gerona\/#Seguro_de_decesos_Ocaso_en_Gerona\" >Seguro de decesos Ocaso en Gerona<\/a><\/li><li class='ez-toc-page-1 ez-toc-heading-level-2'><a class=\"ez-toc-link ez-toc-heading-2\" href=\"https:\/\/idecesos.com\/seguros\/companias\/ocaso\/gerona\/#Mapa_de_oficinas_de_seguros_Ocaso_en_Gerona\" >Mapa de oficinas de seguros Ocaso en Gerona<\/a><\/li><li class='ez-toc-page-1 ez-toc-heading-level-2'><a class=\"ez-toc-link ez-toc-heading-3\" href=\"https:\/\/idecesos.com\/seguros\/companias\/ocaso\/gerona\/#Listado_de_sucursales_Ocaso_en_Gerona\" >Listado de sucursales Ocaso en Gerona<\/a><\/li><li class='ez-toc-page-1 ez-toc-heading-level-2'><a class=\"ez-toc-link ez-toc-heading-4\" href=\"https:\/\/idecesos.com\/seguros\/companias\/ocaso\/gerona\/#Sucursales_de_seguros_de_decesos_en_Gerona\" >Sucursales de seguros de decesos en Gerona<\/a><ul class='ez-toc-list-level-3' ><li class='ez-toc-heading-level-3'><a class=\"ez-toc-link ez-toc-heading-5\" href=\"https:\/\/idecesos.com\/seguros\/companias\/ocaso\/gerona\/#Listado_de_agencias_Ocaso_en_Espana\" >Listado de agencias Ocaso en Espa\u00f1a<\/a><\/li><\/ul><\/li><\/ul><\/nav><\/div>\n\n<p><a href=\"https:\/\/idecesos.com\/seguros\/companias\/ocaso\/\"><img decoding=\"async\" class=\"size-medium alignleft\" src=\"https:\/\/idecesos.com\/img\/decesos_ocaso.png\" alt=\"Seguro de decesos Ocaso\" \/><\/a>Depende de las oficinas de Ocaso se hayan en todos y cada lugar diferente, te damos el lujo de conocer las distintas <strong>sucursales de Ocaso en Gerona<\/strong> donde gestionaran tus inconvenientes de la manera m\u00e1s eficaz y f\u00e1cil. Siendo atendiendo por personas cualificadas en el campo, que tienen una trayectoria importante contando con bastante experiencia.<br \/>\nSiempre queremos que dispongas de nuestros servicios y que puedas acceder a ellos de forma sencilla. por eso encontrases cada una de nuestras oficinas de Ocaso en Gerona cerca de tu ubicaci\u00f3n, somos especialistas en asegurar tu recorrido hasta el final del recorrido.<\/p>\n<p>Optamos por lo polivalente que resulta la <strong>b\u00fasqueda de oficinas de Ocaso en Gerona<\/strong> tratasen todos y cada uno de los problemas que puedas suceder quedando resuelto sin inconveniente de forma inmediata. Dando calidad al servicio cerca de ti en cualquier momento. Para realizar de forma correcta el transcurso del contrato de una p\u00f3liza, es donde puedes acudir a su oficina en el horario establecido. Ayudando en la grande perdida familiar.<\/p>\n<p>Visita nuestra p\u00e1gina de <a href=\"https:\/\/idecesos.com\/seguros\/companias\/ocaso\/\">seguros de decesos Ocaso<\/a> para m\u00e1s informaci\u00f3n.<br \/>\n<div class=\"colorf \"  ><div class=\"container clearfix\"><div class=\"col-md-7\"><\/p>\n<h2><span class=\"ez-toc-section\" id=\"Seguro_de_decesos_Ocaso_en_Gerona\"><\/span>Seguro de decesos Ocaso en Gerona<span class=\"ez-toc-section-end\"><\/span><\/h2>\n<p>Empresa aseguradora es aquello donde te aseguran no solo tranquilidad, contando con los diferentes <a href=\"https:\/\/idecesos.com\/seguros\/ciudades\/gerona\/\"><strong>seguros de decesos Gerona<\/strong><\/a>. Cubriendo en todo momento tus carencias en cualquier situaci\u00f3n. \u00bfPara qui\u00e9n est\u00e1 dirigido el servicio de oficinas de Ocaso en Gerona? para todas las personas que necesiten administrar de una manera m\u00e1s eficaz y veloz, las gestiones oportunas. Cubrir todas las cuestiones que surjan, donde quedara solucionado todos sus problemas de una manera m\u00e1s simple.<\/p>\n<p>Queremos solucionar todos tus inconvenientes o bien todos y cada uno de los que est\u00e9n a nuestro alcance, y que puedas contar con un formulario, donde obtienes con precisi\u00f3n tu presupuesto. Cuando efectuamos un pago, nos gusta saber a d\u00f3nde va nuestro dinero, por ellos te mostramos el desglose donde lo veras de una forma m\u00e1s clara. En todo instante veras los pagos que realizases en los pr\u00f3ximos meses, y de esta manera evitaras cualquier fallo. Ahorr\u00e1ndote cualquier clase de gasto, encima de gratis siempre y en toda circunstancia adapt\u00e1ndose a ti. Accede ahora y cuenta con la calma de tener tu presupuesto, evitando complicaciones. Te aseguramos la tranquilidad y la de los tuyos, por ellos te obsequiamos toda esta informaci\u00f3n.<\/p>\n<p><\/div><\/div><\/div>\n\t\t<hr class=\"separador\">\n\t\t<div class=\"bloque-accion\">\n\t\t<p class=\"txt-accion\">Calcula el precio de tu seguro de decesos en menos de 1 minuto<\/p>\n\t\t<a class=\"btn-accion\" href=\"https:\/\/idecesos.com\/\">CALCULAR<\/a>\n\t\t<\/div>\n\t\t<hr class=\"separador\">\n\t\t<\/p>\n<h2><span class=\"ez-toc-section\" id=\"Mapa_de_oficinas_de_seguros_Ocaso_en_Gerona\"><\/span>Mapa de oficinas de seguros Ocaso en Gerona<span class=\"ez-toc-section-end\"><\/span><\/h2>\n<p>\u00bfDeseas conocer c\u00f3mo se realiza una busca de mapas de sucursales de la Ocaso en Gerona, vas a aprender a realizarlo en menos de unos segundos. Por lo menos lo aguardemos y lo precisemos, nos ahorramos el tiempo en la b\u00fasqueda del mismo siendo m\u00e1s resolutivo. Gestionandolo de forma diferente determinada. Asegurando calidad y fiabilidad a tu busca.<\/p>\n<p><iframe class=\"page-generator-pro-map\" style=\"border: 0;\" src=\"https:\/\/www.google.com\/maps\/embed\/v1\/place?q=Calle%2C+Gran+Via+de+Jaume+I%2C+29%2C+1%C2%BA+3%C2%BA%2C+17002+Girona%2C+Espa%C3%B1a&amp;zoom=14&amp;maptype=roadmap&amp;key=AIzaSyCNTEOso0tZG6YMSJFoaJEY5Th1stEWrJI\" width=\"100%\" height=\"400\" frameborder=\"0\" allowfullscreen=\"allowfullscreen\"><\/iframe><\/p>\n<p>&nbsp;<br \/>\n<div class=\"colorf\"><div class=\"container clearfix\"><div class=\"col-md-7\"><div class=\"empresas\"><\/p>\n<h2><span class=\"ez-toc-section\" id=\"Listado_de_sucursales_Ocaso_en_Gerona\"><\/span>Listado de sucursales Ocaso en Gerona<span class=\"ez-toc-section-end\"><\/span><\/h2>\n<ul>\n<li><strong>Seguros Ocaso Gerona, Espa\u00f1a:<\/strong> Calle, Gran Via de Jaume I, 29, 1\u00ba 3\u00ba, 17002 Girona, Espa\u00f1a<\/li>\n<\/ul>\n<\/div><\/div><\/div><\/div>\n<h2><span class=\"ez-toc-section\" id=\"Sucursales_de_seguros_de_decesos_en_Gerona\"><\/span>Sucursales de seguros de decesos en Gerona<span class=\"ez-toc-section-end\"><\/span><\/h2>\n<p>Garantizamos nuestros mejores servicios de calidad en todos y cada segundo. \u00bf<strong>Empresas aseguradoras de decesos en Gerona<\/strong>? Te damos este gran cat\u00e1logo a fin de que sepas las distintas empresas aseguradoras que hay. Con solo meterte a nuestro enlace encontraras las informaci\u00f3n relevante y filtrado de mejor forma para ti.<\/p>\nEnlazado Ocaso\n<div class=\"colorf\"><div class=\"container clearfix\"><div class=\"col-md-7\"><div class=\"empresas\">\n<h3><span class=\"ez-toc-section\" id=\"Listado_de_agencias_Ocaso_en_Espana\"><\/span>Listado de agencias Ocaso en Espa\u00f1a<span class=\"ez-toc-section-end\"><\/span><\/h3>\n<div class=\"enlazado\"><ul><li><a href=\"https:\/\/idecesos.com\/seguros\/companias\/ocaso\/coberturas\/\"><span>Coberturas Seguro de Decesos Ocaso<\/span><\/a><\/li><li><a href=\"https:\/\/idecesos.com\/seguros\/companias\/ocaso\/asturias\/\"><span>Oficinas seguros Ocaso en Asturias<\/span><\/a><\/li><li><a href=\"https:\/\/idecesos.com\/seguros\/companias\/ocaso\/baleares\/\"><span>Oficinas seguros Ocaso en Baleares<\/span><\/a><\/li><li><a href=\"https:\/\/idecesos.com\/seguros\/companias\/ocaso\/cantabria\/\"><span>Oficinas seguros Ocaso en Cantabria<\/span><\/a><\/li><li><a href=\"https:\/\/idecesos.com\/seguros\/companias\/ocaso\/castellon\/\"><span>Oficinas seguros Ocaso en Castell\u00f3n<\/span><\/a><\/li><li><a href=\"https:\/\/idecesos.com\/seguros\/companias\/ocaso\/caceres\/\"><span>Oficinas seguros Ocaso en C\u00e1ceres<\/span><\/a><\/li><li><a href=\"https:\/\/idecesos.com\/seguros\/companias\/ocaso\/guadalajara\/\"><span>Oficinas seguros Ocaso en Guadalajara<\/span><\/a><\/li><li><a href=\"https:\/\/idecesos.com\/seguros\/companias\/ocaso\/la-coruna\/\"><span>Oficinas seguros Ocaso en La coru\u00f1a<\/span><\/a><\/li><li><a href=\"https:\/\/idecesos.com\/seguros\/companias\/ocaso\/lerida\/\"><span>Oficinas seguros Ocaso en L\u00e9rida<\/span><\/a><\/li><li><a href=\"https:\/\/idecesos.com\/seguros\/companias\/ocaso\/malaga\/\"><span>Oficinas seguros Ocaso en M\u00e1laga<\/span><\/a><\/li><li><a href=\"https:\/\/idecesos.com\/seguros\/companias\/ocaso\/palencia\/\"><span>Oficinas seguros Ocaso en Palencia<\/span><\/a><\/li><li><a href=\"https:\/\/idecesos.com\/seguros\/companias\/ocaso\/salamanca\/\"><span>Oficinas seguros Ocaso en Salamanca<\/span><\/a><\/li><li><a href=\"https:\/\/idecesos.com\/seguros\/companias\/ocaso\/zaragoza\/\"><span>Oficinas seguros Ocaso en Zaragoza<\/span><\/a><\/li><li><a href=\"https:\/\/idecesos.com\/seguros\/companias\/ocaso\/alava\/\"><span>Oficinas seguros Ocaso en \u00c1lava<\/span><\/a><\/li><li><a href=\"https:\/\/idecesos.com\/seguros\/companias\/ocaso\/oro\/\"><span>Seguro Decesos OCASO ORO<\/span><\/a><\/li><li><a href=\"https:\/\/idecesos.com\/seguros\/companias\/ocaso\/precio\/\"><span>\u00bfCu\u00e1nto cuesta el seguro de decesos Ocaso?<\/span><\/a><\/li><\/ul><\/div>\n<\/div><\/div><\/div><\/div>\n","protected":false},"excerpt":{"rendered":"<p>Depende de las oficinas de Ocaso se hayan en todos y cada lugar diferente, te damos el lujo de conocer las distintas sucursales de Ocaso en Gerona donde gestionaran tus inconvenientes de la manera m\u00e1s eficaz y f\u00e1cil. Siendo atendiendo por personas cualificadas en el campo, que tienen una trayectoria importante contando con bastante experiencia.&hellip; <\/p>\n","protected":false},"author":1,"featured_media":0,"parent":777,"menu_order":0,"comment_status":"closed","ping_status":"closed","template":"page-templates\/companies.php","meta":{"footnotes":""},"class_list":["post-2332","page","type-page","status-publish","hentry"],"yoast_head":"<!-- This site is optimized with the Yoast SEO plugin v27.3 - https:\/\/yoast.com\/product\/yoast-seo-wordpress\/ -->\n<title>Oficinas seguros Ocaso en Gerona | Tel\u00e9fonos, Horarios, Direcci\u00f3n<\/title>\n<meta name=\"description\" content=\"Lista completa de Oficinas seguros Ocaso en Granada Horarios, \u2706 tel\u00e9fonos y direcciones actualizados en 2026 \u2714 Verificado por iDecesos.\" \/>\n<meta name=\"robots\" content=\"index, follow, max-snippet:-1, max-image-preview:large, max-video-preview:-1\" \/>\n<link rel=\"canonical\" href=\"https:\/\/idecesos.com\/seguros\/companias\/ocaso\/gerona\/\" \/>\n<meta property=\"og:locale\" content=\"es_ES\" \/>\n<meta property=\"og:type\" content=\"article\" \/>\n<meta property=\"og:title\" content=\"Oficinas seguros Ocaso en Gerona | Tel\u00e9fonos, Horarios, Direcci\u00f3n\" \/>\n<meta property=\"og:description\" content=\"Lista completa de Oficinas seguros Ocaso en Granada Horarios, \u2706 tel\u00e9fonos y direcciones actualizados en 2026 \u2714 Verificado por iDecesos.\" \/>\n<meta property=\"og:url\" content=\"https:\/\/idecesos.com\/seguros\/companias\/ocaso\/gerona\/\" \/>\n<meta property=\"article:modified_time\" content=\"2021-08-27T17:36:58+00:00\" \/>\n<meta property=\"og:image\" content=\"https:\/\/idecesos.com\/img\/decesos_ocaso.png\" \/>\n<meta name=\"twitter:card\" content=\"summary_large_image\" \/>\n<meta name=\"twitter:label1\" content=\"Tiempo de lectura\" \/>\n\t<meta name=\"twitter:data1\" content=\"39 minutos\" \/>\n<script type=\"application\/ld+json\" class=\"yoast-schema-graph\">{\"@context\":\"https:\\\/\\\/schema.org\",\"@graph\":[{\"@type\":\"WebPage\",\"@id\":\"https:\\\/\\\/idecesos.com\\\/seguros\\\/companias\\\/ocaso\\\/gerona\\\/\",\"url\":\"https:\\\/\\\/idecesos.com\\\/seguros\\\/companias\\\/ocaso\\\/gerona\\\/\",\"name\":\"Oficinas seguros Ocaso en Gerona | Tel\u00e9fonos, Horarios, Direcci\u00f3n\",\"isPartOf\":{\"@id\":\"https:\\\/\\\/idecesos.com\\\/seguros\\\/#website\"},\"primaryImageOfPage\":{\"@id\":\"https:\\\/\\\/idecesos.com\\\/seguros\\\/companias\\\/ocaso\\\/gerona\\\/#primaryimage\"},\"image\":{\"@id\":\"https:\\\/\\\/idecesos.com\\\/seguros\\\/companias\\\/ocaso\\\/gerona\\\/#primaryimage\"},\"thumbnailUrl\":\"https:\\\/\\\/idecesos.com\\\/img\\\/decesos_ocaso.png\",\"datePublished\":\"2021-08-19T13:34:44+00:00\",\"dateModified\":\"2021-08-27T17:36:58+00:00\",\"description\":\"Lista completa de Oficinas seguros Ocaso en Granada Horarios, \u2706 tel\u00e9fonos y direcciones actualizados en 2026 \u2714 Verificado por iDecesos.\",\"breadcrumb\":{\"@id\":\"https:\\\/\\\/idecesos.com\\\/seguros\\\/companias\\\/ocaso\\\/gerona\\\/#breadcrumb\"},\"inLanguage\":\"es\",\"potentialAction\":[{\"@type\":\"ReadAction\",\"target\":[\"https:\\\/\\\/idecesos.com\\\/seguros\\\/companias\\\/ocaso\\\/gerona\\\/\"]}]},{\"@type\":\"ImageObject\",\"inLanguage\":\"es\",\"@id\":\"https:\\\/\\\/idecesos.com\\\/seguros\\\/companias\\\/ocaso\\\/gerona\\\/#primaryimage\",\"url\":\"https:\\\/\\\/idecesos.com\\\/img\\\/decesos_ocaso.png\",\"contentUrl\":\"https:\\\/\\\/idecesos.com\\\/img\\\/decesos_ocaso.png\"},{\"@type\":\"BreadcrumbList\",\"@id\":\"https:\\\/\\\/idecesos.com\\\/seguros\\\/companias\\\/ocaso\\\/gerona\\\/#breadcrumb\",\"itemListElement\":[{\"@type\":\"ListItem\",\"position\":1,\"name\":\"Portada\",\"item\":\"https:\\\/\\\/idecesos.com\\\/seguros\\\/\"},{\"@type\":\"ListItem\",\"position\":2,\"name\":\"Compa\u00f1\u00edas de Seguros de Decesos en Espa\u00f1a\",\"item\":\"https:\\\/\\\/idecesos.com\\\/seguros\\\/companias\\\/\"},{\"@type\":\"ListItem\",\"position\":3,\"name\":\"Seguro de Decesos Ocaso\",\"item\":\"https:\\\/\\\/idecesos.com\\\/seguros\\\/companias\\\/ocaso\\\/\"},{\"@type\":\"ListItem\",\"position\":4,\"name\":\"Oficinas seguros Ocaso en Gerona\"}]},{\"@type\":\"WebSite\",\"@id\":\"https:\\\/\\\/idecesos.com\\\/seguros\\\/#website\",\"url\":\"https:\\\/\\\/idecesos.com\\\/seguros\\\/\",\"name\":\"\",\"description\":\"\",\"potentialAction\":[{\"@type\":\"SearchAction\",\"target\":{\"@type\":\"EntryPoint\",\"urlTemplate\":\"https:\\\/\\\/idecesos.com\\\/seguros\\\/?s={search_term_string}\"},\"query-input\":{\"@type\":\"PropertyValueSpecification\",\"valueRequired\":true,\"valueName\":\"search_term_string\"}}],\"inLanguage\":\"es\"}]}<\/script>\n<!-- \/ Yoast SEO plugin. -->","yoast_head_json":{"title":"Oficinas seguros Ocaso en Gerona | Tel\u00e9fonos, Horarios, Direcci\u00f3n","description":"Lista completa de Oficinas seguros Ocaso en Granada Horarios, \u2706 tel\u00e9fonos y direcciones actualizados en 2026 \u2714 Verificado por iDecesos.","robots":{"index":"index","follow":"follow","max-snippet":"max-snippet:-1","max-image-preview":"max-image-preview:large","max-video-preview":"max-video-preview:-1"},"canonical":"https:\/\/idecesos.com\/seguros\/companias\/ocaso\/gerona\/","og_locale":"es_ES","og_type":"article","og_title":"Oficinas seguros Ocaso en Gerona | Tel\u00e9fonos, Horarios, Direcci\u00f3n","og_description":"Lista completa de Oficinas seguros Ocaso en Granada Horarios, \u2706 tel\u00e9fonos y direcciones actualizados en 2026 \u2714 Verificado por iDecesos.","og_url":"https:\/\/idecesos.com\/seguros\/companias\/ocaso\/gerona\/","article_modified_time":"2021-08-27T17:36:58+00:00","og_image":[{"url":"https:\/\/idecesos.com\/img\/decesos_ocaso.png","type":"","width":"","height":""}],"twitter_card":"summary_large_image","twitter_misc":{"Tiempo de lectura":"39 minutos"},"schema":{"@context":"https:\/\/schema.org","@graph":[{"@type":"WebPage","@id":"https:\/\/idecesos.com\/seguros\/companias\/ocaso\/gerona\/","url":"https:\/\/idecesos.com\/seguros\/companias\/ocaso\/gerona\/","name":"Oficinas seguros Ocaso en Gerona | Tel\u00e9fonos, Horarios, Direcci\u00f3n","isPartOf":{"@id":"https:\/\/idecesos.com\/seguros\/#website"},"primaryImageOfPage":{"@id":"https:\/\/idecesos.com\/seguros\/companias\/ocaso\/gerona\/#primaryimage"},"image":{"@id":"https:\/\/idecesos.com\/seguros\/companias\/ocaso\/gerona\/#primaryimage"},"thumbnailUrl":"https:\/\/idecesos.com\/img\/decesos_ocaso.png","datePublished":"2021-08-19T13:34:44+00:00","dateModified":"2021-08-27T17:36:58+00:00","description":"Lista completa de Oficinas seguros Ocaso en Granada Horarios, \u2706 tel\u00e9fonos y direcciones actualizados en 2026 \u2714 Verificado por iDecesos.","breadcrumb":{"@id":"https:\/\/idecesos.com\/seguros\/companias\/ocaso\/gerona\/#breadcrumb"},"inLanguage":"es","potentialAction":[{"@type":"ReadAction","target":["https:\/\/idecesos.com\/seguros\/companias\/ocaso\/gerona\/"]}]},{"@type":"ImageObject","inLanguage":"es","@id":"https:\/\/idecesos.com\/seguros\/companias\/ocaso\/gerona\/#primaryimage","url":"https:\/\/idecesos.com\/img\/decesos_ocaso.png","contentUrl":"https:\/\/idecesos.com\/img\/decesos_ocaso.png"},{"@type":"BreadcrumbList","@id":"https:\/\/idecesos.com\/seguros\/companias\/ocaso\/gerona\/#breadcrumb","itemListElement":[{"@type":"ListItem","position":1,"name":"Portada","item":"https:\/\/idecesos.com\/seguros\/"},{"@type":"ListItem","position":2,"name":"Compa\u00f1\u00edas de Seguros de Decesos en Espa\u00f1a","item":"https:\/\/idecesos.com\/seguros\/companias\/"},{"@type":"ListItem","position":3,"name":"Seguro de Decesos Ocaso","item":"https:\/\/idecesos.com\/seguros\/companias\/ocaso\/"},{"@type":"ListItem","position":4,"name":"Oficinas seguros Ocaso en Gerona"}]},{"@type":"WebSite","@id":"https:\/\/idecesos.com\/seguros\/#website","url":"https:\/\/idecesos.com\/seguros\/","name":"","description":"","potentialAction":[{"@type":"SearchAction","target":{"@type":"EntryPoint","urlTemplate":"https:\/\/idecesos.com\/seguros\/?s={search_term_string}"},"query-input":{"@type":"PropertyValueSpecification","valueRequired":true,"valueName":"search_term_string"}}],"inLanguage":"es"}]}},"_links":{"self":[{"href":"https:\/\/idecesos.com\/seguros\/wp-json\/wp\/v2\/pages\/2332","targetHints":{"allow":["GET"]}}],"collection":[{"href":"https:\/\/idecesos.com\/seguros\/wp-json\/wp\/v2\/pages"}],"about":[{"href":"https:\/\/idecesos.com\/seguros\/wp-json\/wp\/v2\/types\/page"}],"author":[{"embeddable":true,"href":"https:\/\/idecesos.com\/seguros\/wp-json\/wp\/v2\/users\/1"}],"replies":[{"embeddable":true,"href":"https:\/\/idecesos.com\/seguros\/wp-json\/wp\/v2\/comments?post=2332"}],"version-history":[{"count":2,"href":"https:\/\/idecesos.com\/seguros\/wp-json\/wp\/v2\/pages\/2332\/revisions"}],"predecessor-version":[{"id":3780,"href":"https:\/\/idecesos.com\/seguros\/wp-json\/wp\/v2\/pages\/2332\/revisions\/3780"}],"up":[{"embeddable":true,"href":"https:\/\/idecesos.com\/seguros\/wp-json\/wp\/v2\/pages\/777"}],"wp:attachment":[{"href":"https:\/\/idecesos.com\/seguros\/wp-json\/wp\/v2\/media?parent=2332"}],"curies":[{"name":"wp","href":"https:\/\/api.w.org\/{rel}","templated":true}]}}