{"id":2334,"date":"2021-08-26T10:11:56","date_gmt":"2021-08-19T13:34:45","guid":{"rendered":"https:\/\/idecesos.com\/seguros\/companias\/ocaso\/guadalajara\/"},"modified":"2021-08-27T17:36:58","modified_gmt":"2021-08-27T17:36:58","slug":"guadalajara","status":"publish","type":"page","link":"https:\/\/idecesos.com\/seguros\/companias\/ocaso\/guadalajara\/","title":{"rendered":"Oficinas seguros Ocaso en Guadalajara"},"content":{"rendered":"<div id=\"ez-toc-container\" class=\"ez-toc-v2_0_82_2 ez-toc-wrap-center counter-hierarchy ez-toc-counter ez-toc-custom ez-toc-container-direction\">\n<div class=\"ez-toc-title-container\">\n<p class=\"ez-toc-title\" style=\"cursor:inherit\">Tabla de Contenido<\/p>\n<span class=\"ez-toc-title-toggle\"><a href=\"#\" class=\"ez-toc-pull-right ez-toc-btn ez-toc-btn-xs ez-toc-btn-default ez-toc-toggle\" aria-label=\"Alternar tabla de contenidos\"><span class=\"ez-toc-js-icon-con\"><span class=\"\"><span class=\"eztoc-hide\" style=\"display:none;\">Toggle<\/span><span class=\"ez-toc-icon-toggle-span\"><svg style=\"fill: #db6415;color:#db6415\" xmlns=\"http:\/\/www.w3.org\/2000\/svg\" class=\"list-377408\" width=\"20px\" height=\"20px\" viewBox=\"0 0 24 24\" fill=\"none\"><path d=\"M6 6H4v2h2V6zm14 0H8v2h12V6zM4 11h2v2H4v-2zm16 0H8v2h12v-2zM4 16h2v2H4v-2zm16 0H8v2h12v-2z\" fill=\"currentColor\"><\/path><\/svg><svg style=\"fill: #db6415;color:#db6415\" class=\"arrow-unsorted-368013\" xmlns=\"http:\/\/www.w3.org\/2000\/svg\" width=\"10px\" height=\"10px\" viewBox=\"0 0 24 24\" version=\"1.2\" baseProfile=\"tiny\"><path d=\"M18.2 9.3l-6.2-6.3-6.2 6.3c-.2.2-.3.4-.3.7s.1.5.3.7c.2.2.4.3.7.3h11c.3 0 .5-.1.7-.3.2-.2.3-.5.3-.7s-.1-.5-.3-.7zM5.8 14.7l6.2 6.3 6.2-6.3c.2-.2.3-.5.3-.7s-.1-.5-.3-.7c-.2-.2-.4-.3-.7-.3h-11c-.3 0-.5.1-.7.3-.2.2-.3.5-.3.7s.1.5.3.7z\"\/><\/svg><\/span><\/span><\/span><\/a><\/span><\/div>\n<nav><ul class='ez-toc-list ez-toc-list-level-1 ' ><li class='ez-toc-page-1 ez-toc-heading-level-2'><a class=\"ez-toc-link ez-toc-heading-1\" href=\"https:\/\/idecesos.com\/seguros\/companias\/ocaso\/guadalajara\/#Seguro_de_decesos_Ocaso_en_Guadalajara\" >Seguro de decesos Ocaso en Guadalajara<\/a><\/li><li class='ez-toc-page-1 ez-toc-heading-level-2'><a class=\"ez-toc-link ez-toc-heading-2\" href=\"https:\/\/idecesos.com\/seguros\/companias\/ocaso\/guadalajara\/#Mapa_de_oficinas_de_seguros_Ocaso_en_Guadalajara\" >Mapa de oficinas de seguros Ocaso en Guadalajara<\/a><\/li><li class='ez-toc-page-1 ez-toc-heading-level-2'><a class=\"ez-toc-link ez-toc-heading-3\" href=\"https:\/\/idecesos.com\/seguros\/companias\/ocaso\/guadalajara\/#Listado_de_oficinas_Ocaso_en_Guadalajara\" >Listado de oficinas Ocaso en Guadalajara<\/a><\/li><li class='ez-toc-page-1 ez-toc-heading-level-2'><a class=\"ez-toc-link ez-toc-heading-4\" href=\"https:\/\/idecesos.com\/seguros\/companias\/ocaso\/guadalajara\/#Agencias_de_seguros_de_decesos_en_Guadalajara\" >Agencias de seguros de decesos en Guadalajara<\/a><ul class='ez-toc-list-level-3' ><li class='ez-toc-heading-level-3'><a class=\"ez-toc-link ez-toc-heading-5\" href=\"https:\/\/idecesos.com\/seguros\/companias\/ocaso\/guadalajara\/#Listado_de_oficinas_Ocaso_en_Espana\" >Listado de oficinas Ocaso en Espa\u00f1a<\/a><\/li><\/ul><\/li><\/ul><\/nav><\/div>\n\n<p><a href=\"https:\/\/idecesos.com\/seguros\/companias\/ocaso\/\"><img decoding=\"async\" class=\"size-medium alignleft\" src=\"https:\/\/idecesos.com\/img\/decesos_ocaso.png\" alt=\"Seguro de decesos Ocaso\" \/><\/a>\u00bfConoces <strong>las distintas oficinas de Ocaso<\/strong> en Guadalajara? cuentas con una gran variedad a tu alcance donde te resolver\u00e1n todas y cada una de las incidencias ocurridas como dudas que te pueden llegar a surgir sobre tu p\u00f3liza, cada oficina dispone de un horario flexible. Siempre y cuando depender\u00e1 de la oficina de seguro, es importante poder contar con un servicio m\u00e1s personal y que se encuentre cerca, a fin de que puedan apoyar tus inconvenientes en cualquier momento.<\/p>\n<p>Para una mejor calidad te aseguramos que cuentas con saber d\u00f3nde se encuentra cada oficina de <strong>Ocaso en Guadalajara<\/strong> solventando el inconveniente de no encontrarlo en tu ratio m\u00e1s pr\u00f3ximo. Contando con tu p\u00f3liza, consigues la mejor calidad en servicio y posibilidades \u00fanicas en el mercado. \u00bfCu\u00e1l es el proceso m\u00e1s importante? el que sobresale del resto puesto que es uno de los m\u00e1s esenciales es cada oficina de Ocaso en Guadalajara.<\/p>\n<p>Visita nuestra p\u00e1gina de <a href=\"https:\/\/idecesos.com\/seguros\/companias\/ocaso\/\">seguros de decesos Ocaso<\/a> para m\u00e1s informaci\u00f3n.<br \/>\n<div class=\"colorf \"  ><div class=\"container clearfix\"><div class=\"col-md-7\"><\/p>\n<h2><span class=\"ez-toc-section\" id=\"Seguro_de_decesos_Ocaso_en_Guadalajara\"><\/span>Seguro de decesos Ocaso en Guadalajara<span class=\"ez-toc-section-end\"><\/span><\/h2>\n<p>Somos las preferidas como empresas aseguradoras de decesos, por eso hemos querido obsequiar el conocer de las oficinas que <strong>dispones de Ocaso en Guadalajara<\/strong>, contando con los diferentes <a href=\"https:\/\/idecesos.com\/seguros\/ciudades\/guadalajara\/\"><strong>seguros de decesos Guadalajara<\/strong><\/a>. Queremos que cuentes con la opci\u00f3n de poder obtener tu presupuesto de seguro cuando lo desees y f\u00e1cilmente como \u00fatil. No requiere de muchos pasos, en menos de 1 minuto vas a tener toda la informaci\u00f3n precisa y separada para que lo gestiones y lo valores de una forma eficiente.<\/p>\n<p>En Guadalajara queremos cubrirte como empresa aseguradora lo mejor para ti y tu familia donde cuentes con servicio de clase, adaptado para ti en todo instante. Deseamos que cuentes en todo momento con el poder ayudarte con tus inconvenientes, pudiendo de esta forma pedir tu cita previa en menos de 1 segundo. \u00bfSolventar tus dudas de Ocaso es f\u00e1cil?. Con respecto a las diferentes cuestiones, te traemos las respuestas a todas y cada una , recopiladas solamente para ti. <strong>M\u00e1s simple no te lo hemos podido poner<\/strong>, con este formulario obtendr\u00e1s tu cita o presupuesto, conforme lo que necesites. Sin necesidad de muchos gestiones, darte la soluci\u00f3n no nos cuesta nada.<\/p>\n<p><\/div><\/div><\/div>\n\t\t<hr class=\"separador\">\n\t\t<div class=\"bloque-accion\">\n\t\t<p class=\"txt-accion\">Calcula el precio de tu seguro de decesos en menos de 1 minuto<\/p>\n\t\t<a class=\"btn-accion\" href=\"https:\/\/idecesos.com\/\">CALCULAR<\/a>\n\t\t<\/div>\n\t\t<hr class=\"separador\">\n\t\t<\/p>\n<h2><span class=\"ez-toc-section\" id=\"Mapa_de_oficinas_de_seguros_Ocaso_en_Guadalajara\"><\/span>Mapa de oficinas de seguros Ocaso en Guadalajara<span class=\"ez-toc-section-end\"><\/span><\/h2>\n<p>\u00bf<strong>Mapa de oficinas de la Ocaso en Guadalajara<\/strong>? sirve para encontrarlo de manera r\u00e1pida, ahorr\u00e1ndote tiempo. Con esto aprendemos ahorrar nuestro tiempo y gestionarlo de forma m\u00e1s eficiente en el momento de realizar la b\u00fasqueda. Gestionandolo de manera diferente determinada. Te damos garant\u00eda como calidad a la hora de tu busca.<\/p>\n<p><iframe class=\"page-generator-pro-map\" style=\"border: 0;\" src=\"https:\/\/www.google.com\/maps\/embed\/v1\/place?q=Ctra.+Alovera%2C+12%2C+local+9%2C+19200+Azuqueca+de+Henares%2C+Guadalajara%2C+Espa%C3%B1a&amp;zoom=14&amp;maptype=roadmap&amp;key=AIzaSyCNTEOso0tZG6YMSJFoaJEY5Th1stEWrJI\" width=\"100%\" height=\"400\" frameborder=\"0\" allowfullscreen=\"allowfullscreen\"><\/iframe><\/p>\n<p>&nbsp;<br \/>\n<div class=\"colorf\"><div class=\"container clearfix\"><div class=\"col-md-7\"><div class=\"empresas\"><\/p>\n<h2><span class=\"ez-toc-section\" id=\"Listado_de_oficinas_Ocaso_en_Guadalajara\"><\/span>Listado de oficinas Ocaso en Guadalajara<span class=\"ez-toc-section-end\"><\/span><\/h2>\n<ul>\n<li><strong>Seguros Ocaso Azuqueca de Henares, Espa\u00f1a:<\/strong> Ctra. Alovera, 12, local 9, 19200 Azuqueca de Henares, Guadalajara, Espa\u00f1a<\/li>\n<\/ul>\n<\/div><\/div><\/div><\/div>\n<h2><span class=\"ez-toc-section\" id=\"Agencias_de_seguros_de_decesos_en_Guadalajara\"><\/span>Agencias de seguros de decesos en Guadalajara<span class=\"ez-toc-section-end\"><\/span><\/h2>\n<p>De una forma m\u00e1s f\u00e1cil vas a poder tener a tu alcance el <strong>listado de empresa de seguros de defunci\u00f3n en Guadalajara<\/strong> en el encontrases toda la informaci\u00f3n oportuna, para una mejora administraci\u00f3n del mismo. Te resultara tan \u00fatil que no vas a poder cre\u00e9rtelo, y lo funcional que resulta, donde vas a ver toda la informaci\u00f3n valiosa a este respecto. Teniendo una mente claro, descubres que lo tienes a tu disposici\u00f3n en cualquier instante que m\u00e1s lo debas utilizar. Asegur\u00e1ndote unos resultados de un 100 por ciento en tu b\u00fasqueda y haci\u00e9ndolo m\u00e1s \u00fatilEncontrases distintas compa\u00f1\u00edas aseguradoras en tu misma poblaci\u00f3n.<\/p>\nEnlazado Ocaso\n<div class=\"colorf\"><div class=\"container clearfix\"><div class=\"col-md-7\"><div class=\"empresas\">\n<h3><span class=\"ez-toc-section\" id=\"Listado_de_oficinas_Ocaso_en_Espana\"><\/span>Listado de oficinas Ocaso en Espa\u00f1a<span class=\"ez-toc-section-end\"><\/span><\/h3>\n<div class=\"enlazado\"><ul><li><a href=\"https:\/\/idecesos.com\/seguros\/companias\/ocaso\/telefono\/\"><span>Atenci\u00f3n al cliente Ocaso: telefono gratuito, e-mail<\/span><\/a><\/li><li><a href=\"https:\/\/idecesos.com\/seguros\/companias\/ocaso\/coberturas\/\"><span>Coberturas Seguro de Decesos Ocaso<\/span><\/a><\/li><li><a href=\"https:\/\/idecesos.com\/seguros\/companias\/ocaso\/albacete\/\"><span>Oficinas seguros Ocaso en Albacete<\/span><\/a><\/li><li><a href=\"https:\/\/idecesos.com\/seguros\/companias\/ocaso\/alicante\/\"><span>Oficinas seguros Ocaso en Alicante<\/span><\/a><\/li><li><a href=\"https:\/\/idecesos.com\/seguros\/companias\/ocaso\/asturias\/\"><span>Oficinas seguros Ocaso en Asturias<\/span><\/a><\/li><li><a href=\"https:\/\/idecesos.com\/seguros\/companias\/ocaso\/baleares\/\"><span>Oficinas seguros Ocaso en Baleares<\/span><\/a><\/li><li><a href=\"https:\/\/idecesos.com\/seguros\/companias\/ocaso\/granada\/\"><span>Oficinas seguros Ocaso en Granada<\/span><\/a><\/li><li><a href=\"https:\/\/idecesos.com\/seguros\/companias\/ocaso\/guipuzcoa\/\"><span>Oficinas seguros Ocaso en Guip\u00fazcoa<\/span><\/a><\/li><li><a href=\"https:\/\/idecesos.com\/seguros\/companias\/ocaso\/huesca\/\"><span>Oficinas seguros Ocaso en Huesca<\/span><\/a><\/li><li><a href=\"https:\/\/idecesos.com\/seguros\/companias\/ocaso\/orense\/\"><span>Oficinas seguros Ocaso en Orense<\/span><\/a><\/li><li><a href=\"https:\/\/idecesos.com\/seguros\/companias\/ocaso\/salamanca\/\"><span>Oficinas seguros Ocaso en Salamanca<\/span><\/a><\/li><li><a href=\"https:\/\/idecesos.com\/seguros\/companias\/ocaso\/segovia\/\"><span>Oficinas seguros Ocaso en Segovia<\/span><\/a><\/li><li><a href=\"https:\/\/idecesos.com\/seguros\/companias\/ocaso\/teruel\/\"><span>Oficinas seguros Ocaso en Teruel<\/span><\/a><\/li><li><a href=\"https:\/\/idecesos.com\/seguros\/companias\/ocaso\/toledo\/\"><span>Oficinas seguros Ocaso en Toledo<\/span><\/a><\/li><li><a href=\"https:\/\/idecesos.com\/seguros\/companias\/ocaso\/zamora\/\"><span>Oficinas seguros Ocaso en Zamora<\/span><\/a><\/li><li><a href=\"https:\/\/idecesos.com\/seguros\/companias\/ocaso\/oro\/\"><span>Seguro Decesos OCASO ORO<\/span><\/a><\/li><\/ul><\/div>\n<\/div><\/div><\/div><\/div>\n","protected":false},"excerpt":{"rendered":"<p>\u00bfConoces las distintas oficinas de Ocaso en Guadalajara? cuentas con una gran variedad a tu alcance donde te resolver\u00e1n todas y cada una de las incidencias ocurridas como dudas que te pueden llegar a surgir sobre tu p\u00f3liza, cada oficina dispone de un horario flexible. Siempre y cuando depender\u00e1 de la oficina de seguro, es&hellip; <\/p>\n","protected":false},"author":1,"featured_media":0,"parent":777,"menu_order":0,"comment_status":"closed","ping_status":"closed","template":"page-templates\/companies.php","meta":{"footnotes":""},"class_list":["post-2334","page","type-page","status-publish","hentry"],"yoast_head":"<!-- This site is optimized with the Yoast SEO plugin v27.2 - https:\/\/yoast.com\/product\/yoast-seo-wordpress\/ -->\n<title>Oficinas seguros Ocaso en Guadalajara | Tel\u00e9fonos, Horarios, Direcci\u00f3n<\/title>\n<meta name=\"description\" content=\"Lista completa de Oficinas seguros Ocaso en Guip\u00fazcoa Horarios, \u2706 tel\u00e9fonos y direcciones actualizados en 2026 \u2714 Verificado por iDecesos.\" \/>\n<meta name=\"robots\" content=\"index, follow, max-snippet:-1, max-image-preview:large, max-video-preview:-1\" \/>\n<link rel=\"canonical\" href=\"https:\/\/idecesos.com\/seguros\/companias\/ocaso\/guadalajara\/\" \/>\n<meta property=\"og:locale\" content=\"es_ES\" \/>\n<meta property=\"og:type\" content=\"article\" \/>\n<meta property=\"og:title\" content=\"Oficinas seguros Ocaso en Guadalajara | Tel\u00e9fonos, Horarios, Direcci\u00f3n\" \/>\n<meta property=\"og:description\" content=\"Lista completa de Oficinas seguros Ocaso en Guip\u00fazcoa Horarios, \u2706 tel\u00e9fonos y direcciones actualizados en 2026 \u2714 Verificado por iDecesos.\" \/>\n<meta property=\"og:url\" content=\"https:\/\/idecesos.com\/seguros\/companias\/ocaso\/guadalajara\/\" \/>\n<meta property=\"article:modified_time\" content=\"2021-08-27T17:36:58+00:00\" \/>\n<meta property=\"og:image\" content=\"https:\/\/idecesos.com\/img\/decesos_ocaso.png\" \/>\n<meta name=\"twitter:card\" content=\"summary_large_image\" \/>\n<meta name=\"twitter:label1\" content=\"Tiempo de lectura\" \/>\n\t<meta name=\"twitter:data1\" content=\"39 minutos\" \/>\n<script type=\"application\/ld+json\" class=\"yoast-schema-graph\">{\"@context\":\"https:\/\/schema.org\",\"@graph\":[{\"@type\":\"WebPage\",\"@id\":\"https:\/\/idecesos.com\/seguros\/companias\/ocaso\/guadalajara\/\",\"url\":\"https:\/\/idecesos.com\/seguros\/companias\/ocaso\/guadalajara\/\",\"name\":\"Oficinas seguros Ocaso en Guadalajara | Tel\u00e9fonos, Horarios, Direcci\u00f3n\",\"isPartOf\":{\"@id\":\"https:\/\/idecesos.com\/seguros\/#website\"},\"primaryImageOfPage\":{\"@id\":\"https:\/\/idecesos.com\/seguros\/companias\/ocaso\/guadalajara\/#primaryimage\"},\"image\":{\"@id\":\"https:\/\/idecesos.com\/seguros\/companias\/ocaso\/guadalajara\/#primaryimage\"},\"thumbnailUrl\":\"https:\/\/idecesos.com\/img\/decesos_ocaso.png\",\"datePublished\":\"2021-08-19T13:34:45+00:00\",\"dateModified\":\"2021-08-27T17:36:58+00:00\",\"description\":\"Lista completa de Oficinas seguros Ocaso en Guip\u00fazcoa Horarios, \u2706 tel\u00e9fonos y direcciones actualizados en 2026 \u2714 Verificado por iDecesos.\",\"breadcrumb\":{\"@id\":\"https:\/\/idecesos.com\/seguros\/companias\/ocaso\/guadalajara\/#breadcrumb\"},\"inLanguage\":\"es\",\"potentialAction\":[{\"@type\":\"ReadAction\",\"target\":[\"https:\/\/idecesos.com\/seguros\/companias\/ocaso\/guadalajara\/\"]}]},{\"@type\":\"ImageObject\",\"inLanguage\":\"es\",\"@id\":\"https:\/\/idecesos.com\/seguros\/companias\/ocaso\/guadalajara\/#primaryimage\",\"url\":\"https:\/\/idecesos.com\/img\/decesos_ocaso.png\",\"contentUrl\":\"https:\/\/idecesos.com\/img\/decesos_ocaso.png\"},{\"@type\":\"BreadcrumbList\",\"@id\":\"https:\/\/idecesos.com\/seguros\/companias\/ocaso\/guadalajara\/#breadcrumb\",\"itemListElement\":[{\"@type\":\"ListItem\",\"position\":1,\"name\":\"Portada\",\"item\":\"https:\/\/idecesos.com\/seguros\/\"},{\"@type\":\"ListItem\",\"position\":2,\"name\":\"Compa\u00f1\u00edas de Seguros de Decesos en Espa\u00f1a\",\"item\":\"https:\/\/idecesos.com\/seguros\/companias\/\"},{\"@type\":\"ListItem\",\"position\":3,\"name\":\"Seguro de Decesos Ocaso\",\"item\":\"https:\/\/idecesos.com\/seguros\/companias\/ocaso\/\"},{\"@type\":\"ListItem\",\"position\":4,\"name\":\"Oficinas seguros Ocaso en Guadalajara\"}]},{\"@type\":\"WebSite\",\"@id\":\"https:\/\/idecesos.com\/seguros\/#website\",\"url\":\"https:\/\/idecesos.com\/seguros\/\",\"name\":\"\",\"description\":\"\",\"potentialAction\":[{\"@type\":\"SearchAction\",\"target\":{\"@type\":\"EntryPoint\",\"urlTemplate\":\"https:\/\/idecesos.com\/seguros\/?s={search_term_string}\"},\"query-input\":{\"@type\":\"PropertyValueSpecification\",\"valueRequired\":true,\"valueName\":\"search_term_string\"}}],\"inLanguage\":\"es\"}]}<\/script>\n<!-- \/ Yoast SEO plugin. -->","yoast_head_json":{"title":"Oficinas seguros Ocaso en Guadalajara | Tel\u00e9fonos, Horarios, Direcci\u00f3n","description":"Lista completa de Oficinas seguros Ocaso en Guip\u00fazcoa Horarios, \u2706 tel\u00e9fonos y direcciones actualizados en 2026 \u2714 Verificado por iDecesos.","robots":{"index":"index","follow":"follow","max-snippet":"max-snippet:-1","max-image-preview":"max-image-preview:large","max-video-preview":"max-video-preview:-1"},"canonical":"https:\/\/idecesos.com\/seguros\/companias\/ocaso\/guadalajara\/","og_locale":"es_ES","og_type":"article","og_title":"Oficinas seguros Ocaso en Guadalajara | Tel\u00e9fonos, Horarios, Direcci\u00f3n","og_description":"Lista completa de Oficinas seguros Ocaso en Guip\u00fazcoa Horarios, \u2706 tel\u00e9fonos y direcciones actualizados en 2026 \u2714 Verificado por iDecesos.","og_url":"https:\/\/idecesos.com\/seguros\/companias\/ocaso\/guadalajara\/","article_modified_time":"2021-08-27T17:36:58+00:00","og_image":[{"url":"https:\/\/idecesos.com\/img\/decesos_ocaso.png","type":"","width":"","height":""}],"twitter_card":"summary_large_image","twitter_misc":{"Tiempo de lectura":"39 minutos"},"schema":{"@context":"https:\/\/schema.org","@graph":[{"@type":"WebPage","@id":"https:\/\/idecesos.com\/seguros\/companias\/ocaso\/guadalajara\/","url":"https:\/\/idecesos.com\/seguros\/companias\/ocaso\/guadalajara\/","name":"Oficinas seguros Ocaso en Guadalajara | Tel\u00e9fonos, Horarios, Direcci\u00f3n","isPartOf":{"@id":"https:\/\/idecesos.com\/seguros\/#website"},"primaryImageOfPage":{"@id":"https:\/\/idecesos.com\/seguros\/companias\/ocaso\/guadalajara\/#primaryimage"},"image":{"@id":"https:\/\/idecesos.com\/seguros\/companias\/ocaso\/guadalajara\/#primaryimage"},"thumbnailUrl":"https:\/\/idecesos.com\/img\/decesos_ocaso.png","datePublished":"2021-08-19T13:34:45+00:00","dateModified":"2021-08-27T17:36:58+00:00","description":"Lista completa de Oficinas seguros Ocaso en Guip\u00fazcoa Horarios, \u2706 tel\u00e9fonos y direcciones actualizados en 2026 \u2714 Verificado por iDecesos.","breadcrumb":{"@id":"https:\/\/idecesos.com\/seguros\/companias\/ocaso\/guadalajara\/#breadcrumb"},"inLanguage":"es","potentialAction":[{"@type":"ReadAction","target":["https:\/\/idecesos.com\/seguros\/companias\/ocaso\/guadalajara\/"]}]},{"@type":"ImageObject","inLanguage":"es","@id":"https:\/\/idecesos.com\/seguros\/companias\/ocaso\/guadalajara\/#primaryimage","url":"https:\/\/idecesos.com\/img\/decesos_ocaso.png","contentUrl":"https:\/\/idecesos.com\/img\/decesos_ocaso.png"},{"@type":"BreadcrumbList","@id":"https:\/\/idecesos.com\/seguros\/companias\/ocaso\/guadalajara\/#breadcrumb","itemListElement":[{"@type":"ListItem","position":1,"name":"Portada","item":"https:\/\/idecesos.com\/seguros\/"},{"@type":"ListItem","position":2,"name":"Compa\u00f1\u00edas de Seguros de Decesos en Espa\u00f1a","item":"https:\/\/idecesos.com\/seguros\/companias\/"},{"@type":"ListItem","position":3,"name":"Seguro de Decesos Ocaso","item":"https:\/\/idecesos.com\/seguros\/companias\/ocaso\/"},{"@type":"ListItem","position":4,"name":"Oficinas seguros Ocaso en Guadalajara"}]},{"@type":"WebSite","@id":"https:\/\/idecesos.com\/seguros\/#website","url":"https:\/\/idecesos.com\/seguros\/","name":"","description":"","potentialAction":[{"@type":"SearchAction","target":{"@type":"EntryPoint","urlTemplate":"https:\/\/idecesos.com\/seguros\/?s={search_term_string}"},"query-input":{"@type":"PropertyValueSpecification","valueRequired":true,"valueName":"search_term_string"}}],"inLanguage":"es"}]}},"_links":{"self":[{"href":"https:\/\/idecesos.com\/seguros\/wp-json\/wp\/v2\/pages\/2334","targetHints":{"allow":["GET"]}}],"collection":[{"href":"https:\/\/idecesos.com\/seguros\/wp-json\/wp\/v2\/pages"}],"about":[{"href":"https:\/\/idecesos.com\/seguros\/wp-json\/wp\/v2\/types\/page"}],"author":[{"embeddable":true,"href":"https:\/\/idecesos.com\/seguros\/wp-json\/wp\/v2\/users\/1"}],"replies":[{"embeddable":true,"href":"https:\/\/idecesos.com\/seguros\/wp-json\/wp\/v2\/comments?post=2334"}],"version-history":[{"count":2,"href":"https:\/\/idecesos.com\/seguros\/wp-json\/wp\/v2\/pages\/2334\/revisions"}],"predecessor-version":[{"id":3782,"href":"https:\/\/idecesos.com\/seguros\/wp-json\/wp\/v2\/pages\/2334\/revisions\/3782"}],"up":[{"embeddable":true,"href":"https:\/\/idecesos.com\/seguros\/wp-json\/wp\/v2\/pages\/777"}],"wp:attachment":[{"href":"https:\/\/idecesos.com\/seguros\/wp-json\/wp\/v2\/media?parent=2334"}],"curies":[{"name":"wp","href":"https:\/\/api.w.org\/{rel}","templated":true}]}}