{"id":235,"date":"2021-07-08T19:46:38","date_gmt":"2021-07-08T19:46:38","guid":{"rendered":"https:\/\/idecesos.com\/seguros\/?page_id=235"},"modified":"2024-12-11T13:42:53","modified_gmt":"2024-12-11T12:42:53","slug":"coberturas","status":"publish","type":"page","link":"https:\/\/idecesos.com\/seguros\/companias\/atlantis\/coberturas\/","title":{"rendered":"Coberturas Seguro de Decesos Atlantis"},"content":{"rendered":"\r\n\r\n<p>El seguro de decesos de Atlantis est\u00e1 destinado a cubrir todos los gastos que deriven de un servicio f\u00fanebre pero tambi\u00e9n tiene otros servicios que est\u00e1n relacionados con el seguro de decesos. \u00c9stos, est\u00e1n pensados para que lo pueda contratar cualquier persona mayor de diecis\u00e9is a\u00f1os que viva en Espa\u00f1a.<\/p>\r\n\r\n\r\n\r\n<p>Las garant\u00edas b\u00e1sicas que cubre este seguro son:<\/p>\r\n\r\n\r\n\r\n<p>\u2013\u00a0 \u00a0 \u00a0 \u00a0 \u00a0 Servicio f\u00fanebre: cubre el gasto de las gestiones y tr\u00e1mites que tienen que ver con el entierro o incineraci\u00f3n del fallecido en el lugar que desee \u00e9l mismo o el que decidan sus familiares y constante en la p\u00f3liza, siempre que sea dentro del territorio espa\u00f1ol. Otras opciones que da la aseguradora son el servicio f\u00fanebre en caso de que se produzca un aborto o que se pierda a un hijo menor de treinta d\u00edas de edad.<\/p>\r\n\r\n\r\n\r\n<p>\u2013\u00a0 \u00a0 \u00a0 \u00a0 \u00a0 En cuanto a la asistencia en viajes, la empresa se hace cargo del traslado y la repatriaci\u00f3n del asegurado, ya sea por fallecimiento, enfermedad o accidente en el extranjero y de los familiares, si fuera necesario, para que le acompa\u00f1ase si el asegurado herido o enfermo tiene que ser tratado en un hospital. Por otro lado, Atlantis tambi\u00e9n se hace cargo de los gastos del viaje si el asegurado tiene que regresar de inmediato de un viaje para acompa\u00f1ar a un familiar en Espa\u00f1a, o bien, si hay un incendio o robo en su casa. Adem\u00e1s, puede enviar al asegurado medicamentos o brindarle con asistencia m\u00e9dica en el extranjero.\u00a0 Todas estas coberturas se entienden dentro de lo que se considera un traslado desde el lugar del fallecimiento hasta un lugar designado dentro de Espa\u00f1a y comprenden de un viaje de ida y regreso en caso de que el fallecido se encuentre en el extranjero y la asistencia a los menores de quince a\u00f1os que tambi\u00e9n se encuentren fuera de nuestro pa\u00eds.<\/p>\r\n\r\n\r\n\r\n<p>\u2013\u00a0 \u00a0 \u00a0 \u00a0 \u00a0 La compa\u00f1\u00eda tambi\u00e9n cubre los servicios de gestor\u00eda de los distintos tr\u00e1mites para la obtenci\u00f3n de los certificados necesarios (viudedad, orfandad\u2026), pensiones, testamentos, o temas que tienen que ver con la herencia. De otra manera, tambi\u00e9n puede asesorar de manera telef\u00f3nica en la tramitaci\u00f3n de los documentos derivados de la muerte de una persona, como es el testamento.<\/p>\r\n\r\n\r\n\r\n<p>\u2013\u00a0 \u00a0 \u00a0 \u00a0 \u00a0 Atlantis no solo se hace cargo del servicio de sepelio, sino que tambi\u00e9n se preocupa por el resto de la familia, por ello pone a disposici\u00f3n la asistencia psicol\u00f3gica que es necesaria de cara un duelo, durante 24 horas y todo el a\u00f1o. Adem\u00e1s, incluye una primera consulta presencial totalmente gratis.<\/p>\r\n\r\n\r\n\r\n<p>Otras garant\u00edas que cubre el seguro de decesos de Atlantis:<\/p>\r\n\r\n\r\n\r\n<p>\u2013\u00a0 \u00a0 \u00a0 \u00a0 \u00a0 Si el asegurado vive en Espa\u00f1a, pero es de otro pa\u00eds, y fallece en nuestro pa\u00eds, la compa\u00f1\u00eda se hace cargo del traslado del cuerpo hasta el pa\u00eds de origen, en el aeropuerto m\u00e1s cercano a donde se producir\u00e1 el entierro o incineraci\u00f3n.<\/p>\r\n\r\n\r\n\r\n<p>\u2013\u00a0 \u00a0 \u00a0 \u00a0 \u00a0 Si un asegurado fallece o se queda inv\u00e1lido de forma permanente en un accidente de tr\u00e1fico, la compa\u00f1\u00eda se dar\u00e1 una indemnizaci\u00f3n que puede variar de 3.000 hasta los 30.000 euros.<\/p>\r\n\r\n\r\n\r\n<p>Atlantis desde su fundaci\u00f3n en 1990, ha estado prestando sus servicios a las personas, tiene un gran compromiso con el desarrollo de la sociedad y de la econom\u00eda, por ello, tambi\u00e9n se interesa de otros aspectos como el desarrollo sostenible, de la ense\u00f1anza, de los sindicatos o los movimientos sociales asociativos. Esta compa\u00f1\u00eda, pertenece a un gran grupo asegurador que es ACM, muy presente en la sociedad francesa con alrededor de treinta millones de clientes.<\/p>\r\n\r\n\r\n\r\n<p>El seguro de decesos de esta compa\u00f1\u00eda lo puede contratar toda persona que sea menor a los setenta a\u00f1os y pueden inscribir en una misma p\u00f3liza a todos los miembros de la familia. Si quiere por otro lado, hacer uso de las garant\u00edas opcionales de fallecimiento e invalidez por accidente, tiene que inscribir a personas que comprendan entre los 14 y los 65 a\u00f1os.<\/p>\r\n\r\n\r\n\r\n<p>Esta p\u00f3liza se paga a trav\u00e9s de una prima nivelada, esto quiere decir, que al principio el precio aumentar\u00e1 seg\u00fan la edad del asegurado y que, llegada a cierta edad, entre los 65 y 70 a\u00f1os, el precio se mantiene en el tiempo. Por otro lado, si una persona que todav\u00eda no ha contratado un seguro de decesos, quiere hacerlo a los 70 a\u00f1os, la compa\u00f1\u00eda le dar\u00e1 la oportunidad de pagarlo de una sola vez, a trav\u00e9s de una prima \u00fanica, para que as\u00ed la compa\u00f1\u00eda pueda ofrecerle los diferentes servicios que tiene para que usted y los suyos no tengan que preocuparse en ning\u00fan momento.<\/p>\r\n\r\n\r\n\r\n<p>De todas formas, el asegurador puede pagar su p\u00f3liza de cuatro formas diferentes, ya sea mensual, trimestral, semestral o anual. De las tres \u00faltimas formas, la compa\u00f1\u00eda le rebajar\u00e1 con un 2%, un 3% y cinco por ciento de descuento, respectivamente.<\/p>\r\n\r\n\r\n\r\n<p>Atlantis tiene como principal compromiso ponerse en el lugar de sus clientes en los momentos m\u00e1s duros, por ello, quiere poner a la disposici\u00f3n del asegurado una declaraci\u00f3n de las voluntades del sepelio de manera escrita, un ritmo de pago que se adapte a sus necesidades con m\u00faltiples servicios adicionales a la garant\u00eda de decesos y adem\u00e1s de un testamento de forma gratuita.<\/p>\r\n\r\n\r\n\r\n<p>La compa\u00f1\u00eda tiene otros muchos seguros que le pueden servir de inter\u00e9s, pero que son independientes al seguro de decesos, estos son los siguientes: seguro de auto, moto, hogar, caravana, dental, vida, accidente, subsidio, mascotas o planes de ahorro y planes de pensiones. Todos ellos se distinguen de los dem\u00e1s porque son unos servicios de calidad, adaptado a las necesidades de un amplio grupo de personas y que pretenden acabar como el impacto medioambiental con una acci\u00f3n \u00e9tica y solidaria.<\/p>\r\n\r\n<h3>P\u00e1ginas relacionadas<\/h3><div class=\"enlazado\"><ul> <li><a href=\"https:\/\/idecesos.com\/seguros\/companias\/atlantis\/coberturas\/\">Coberturas Seguro de Decesos Atlantis<\/a><\/li> <li><a href=\"https:\/\/idecesos.com\/seguros\/companias\/atlantis\/opiniones\/\">Opiniones Atlantis<\/a><\/li> <li><a href=\"https:\/\/idecesos.com\/seguros\/companias\/atlantis\/precio\/\">Precio seguro Atlantis<\/a><\/li> <li><a href=\"https:\/\/idecesos.com\/seguros\/companias\/atlantis\/prima-mixta\/\">Atlantis Prima Mixta<\/a><\/li> <li><a href=\"https:\/\/idecesos.com\/seguros\/companias\/atlantis\/prima-natural\/\">Atlantis Prima Natural<\/a><\/li> <li><a href=\"https:\/\/idecesos.com\/seguros\/companias\/atlantis\/prima-nivelada\/\">Atlantis Prima Nivelada<\/a><\/li> <li><a href=\"https:\/\/idecesos.com\/seguros\/companias\/atlantis\/prima-unica\/\">Atlantis Prima \u00danica<\/a><\/li> <li><a href=\"https:\/\/idecesos.com\/seguros\/companias\/atlantis\/repatriacion\/\">Atlantis Repatriaci\u00f3n<\/a><\/li> <li><a href=\"https:\/\/idecesos.com\/seguros\/companias\/atlantis\/telefono\/\">Tel\u00e9fono Gratuito Atlantis<\/a><\/li><\/ul><\/div>","protected":false},"excerpt":{"rendered":"<p>El seguro de decesos de Atlantis est\u00e1 destinado a cubrir todos los gastos que deriven de un servicio f\u00fanebre pero tambi\u00e9n tiene otros servicios que est\u00e1n relacionados con el seguro de decesos. \u00c9stos, est\u00e1n pensados para que lo pueda contratar cualquier persona mayor de diecis\u00e9is a\u00f1os que viva en Espa\u00f1a. Las garant\u00edas b\u00e1sicas que cubre&hellip; <\/p>\n","protected":false},"author":2,"featured_media":0,"parent":233,"menu_order":0,"comment_status":"closed","ping_status":"closed","template":"single.php","meta":{"footnotes":""},"class_list":["post-235","page","type-page","status-publish","hentry"],"yoast_head":"<!-- This site is optimized with the Yoast SEO plugin v27.3 - https:\/\/yoast.com\/product\/yoast-seo-wordpress\/ -->\n<title>Coberturas Seguro de Decesos Atlantis | Gu\u00eda 2026<\/title>\n<meta name=\"description\" content=\"Consulta gratis las coberturas y servicios del Seguro de Decesos Atlantis Informaci\u00f3n actualizada en 2026. Coberturas verificadas por iDecesos.\" \/>\n<meta name=\"robots\" content=\"index, follow, max-snippet:-1, max-image-preview:large, max-video-preview:-1\" \/>\n<link rel=\"canonical\" href=\"https:\/\/idecesos.com\/seguros\/companias\/atlantis\/coberturas\/\" \/>\n<meta property=\"og:locale\" content=\"es_ES\" \/>\n<meta property=\"og:type\" content=\"article\" \/>\n<meta property=\"og:title\" content=\"Coberturas Seguro de Decesos Atlantis | Gu\u00eda 2026\" \/>\n<meta property=\"og:description\" content=\"Consulta gratis las coberturas y servicios del Seguro de Decesos Atlantis Informaci\u00f3n actualizada en 2026. Coberturas verificadas por iDecesos.\" \/>\n<meta property=\"og:url\" content=\"https:\/\/idecesos.com\/seguros\/companias\/atlantis\/coberturas\/\" \/>\n<meta property=\"article:modified_time\" content=\"2024-12-11T12:42:53+00:00\" \/>\n<meta name=\"twitter:card\" content=\"summary_large_image\" \/>\n<meta name=\"twitter:label1\" content=\"Tiempo de lectura\" \/>\n\t<meta name=\"twitter:data1\" content=\"5 minutos\" \/>\n<script type=\"application\/ld+json\" class=\"yoast-schema-graph\">{\"@context\":\"https:\\\/\\\/schema.org\",\"@graph\":[{\"@type\":\"WebPage\",\"@id\":\"https:\\\/\\\/idecesos.com\\\/seguros\\\/companias\\\/atlantis\\\/coberturas\\\/\",\"url\":\"https:\\\/\\\/idecesos.com\\\/seguros\\\/companias\\\/atlantis\\\/coberturas\\\/\",\"name\":\"Coberturas Seguro de Decesos Atlantis | Gu\u00eda 2026\",\"isPartOf\":{\"@id\":\"https:\\\/\\\/idecesos.com\\\/seguros\\\/#website\"},\"datePublished\":\"2021-07-08T19:46:38+00:00\",\"dateModified\":\"2024-12-11T12:42:53+00:00\",\"description\":\"Consulta gratis las coberturas y servicios del Seguro de Decesos Atlantis Informaci\u00f3n actualizada en 2026. Coberturas verificadas por iDecesos.\",\"breadcrumb\":{\"@id\":\"https:\\\/\\\/idecesos.com\\\/seguros\\\/companias\\\/atlantis\\\/coberturas\\\/#breadcrumb\"},\"inLanguage\":\"es\",\"potentialAction\":[{\"@type\":\"ReadAction\",\"target\":[\"https:\\\/\\\/idecesos.com\\\/seguros\\\/companias\\\/atlantis\\\/coberturas\\\/\"]}]},{\"@type\":\"BreadcrumbList\",\"@id\":\"https:\\\/\\\/idecesos.com\\\/seguros\\\/companias\\\/atlantis\\\/coberturas\\\/#breadcrumb\",\"itemListElement\":[{\"@type\":\"ListItem\",\"position\":1,\"name\":\"Portada\",\"item\":\"https:\\\/\\\/idecesos.com\\\/seguros\\\/\"},{\"@type\":\"ListItem\",\"position\":2,\"name\":\"Compa\u00f1\u00edas de Seguros de Decesos en Espa\u00f1a\",\"item\":\"https:\\\/\\\/idecesos.com\\\/seguros\\\/companias\\\/\"},{\"@type\":\"ListItem\",\"position\":3,\"name\":\"Seguro de decesos Atlantis\",\"item\":\"https:\\\/\\\/idecesos.com\\\/seguros\\\/companias\\\/atlantis\\\/\"},{\"@type\":\"ListItem\",\"position\":4,\"name\":\"Coberturas Seguro de Decesos Atlantis\"}]},{\"@type\":\"WebSite\",\"@id\":\"https:\\\/\\\/idecesos.com\\\/seguros\\\/#website\",\"url\":\"https:\\\/\\\/idecesos.com\\\/seguros\\\/\",\"name\":\"\",\"description\":\"\",\"potentialAction\":[{\"@type\":\"SearchAction\",\"target\":{\"@type\":\"EntryPoint\",\"urlTemplate\":\"https:\\\/\\\/idecesos.com\\\/seguros\\\/?s={search_term_string}\"},\"query-input\":{\"@type\":\"PropertyValueSpecification\",\"valueRequired\":true,\"valueName\":\"search_term_string\"}}],\"inLanguage\":\"es\"}]}<\/script>\n<!-- \/ Yoast SEO plugin. -->","yoast_head_json":{"title":"Coberturas Seguro de Decesos Atlantis | Gu\u00eda 2026","description":"Consulta gratis las coberturas y servicios del Seguro de Decesos Atlantis Informaci\u00f3n actualizada en 2026. Coberturas verificadas por iDecesos.","robots":{"index":"index","follow":"follow","max-snippet":"max-snippet:-1","max-image-preview":"max-image-preview:large","max-video-preview":"max-video-preview:-1"},"canonical":"https:\/\/idecesos.com\/seguros\/companias\/atlantis\/coberturas\/","og_locale":"es_ES","og_type":"article","og_title":"Coberturas Seguro de Decesos Atlantis | Gu\u00eda 2026","og_description":"Consulta gratis las coberturas y servicios del Seguro de Decesos Atlantis Informaci\u00f3n actualizada en 2026. Coberturas verificadas por iDecesos.","og_url":"https:\/\/idecesos.com\/seguros\/companias\/atlantis\/coberturas\/","article_modified_time":"2024-12-11T12:42:53+00:00","twitter_card":"summary_large_image","twitter_misc":{"Tiempo de lectura":"5 minutos"},"schema":{"@context":"https:\/\/schema.org","@graph":[{"@type":"WebPage","@id":"https:\/\/idecesos.com\/seguros\/companias\/atlantis\/coberturas\/","url":"https:\/\/idecesos.com\/seguros\/companias\/atlantis\/coberturas\/","name":"Coberturas Seguro de Decesos Atlantis | Gu\u00eda 2026","isPartOf":{"@id":"https:\/\/idecesos.com\/seguros\/#website"},"datePublished":"2021-07-08T19:46:38+00:00","dateModified":"2024-12-11T12:42:53+00:00","description":"Consulta gratis las coberturas y servicios del Seguro de Decesos Atlantis Informaci\u00f3n actualizada en 2026. Coberturas verificadas por iDecesos.","breadcrumb":{"@id":"https:\/\/idecesos.com\/seguros\/companias\/atlantis\/coberturas\/#breadcrumb"},"inLanguage":"es","potentialAction":[{"@type":"ReadAction","target":["https:\/\/idecesos.com\/seguros\/companias\/atlantis\/coberturas\/"]}]},{"@type":"BreadcrumbList","@id":"https:\/\/idecesos.com\/seguros\/companias\/atlantis\/coberturas\/#breadcrumb","itemListElement":[{"@type":"ListItem","position":1,"name":"Portada","item":"https:\/\/idecesos.com\/seguros\/"},{"@type":"ListItem","position":2,"name":"Compa\u00f1\u00edas de Seguros de Decesos en Espa\u00f1a","item":"https:\/\/idecesos.com\/seguros\/companias\/"},{"@type":"ListItem","position":3,"name":"Seguro de decesos Atlantis","item":"https:\/\/idecesos.com\/seguros\/companias\/atlantis\/"},{"@type":"ListItem","position":4,"name":"Coberturas Seguro de Decesos Atlantis"}]},{"@type":"WebSite","@id":"https:\/\/idecesos.com\/seguros\/#website","url":"https:\/\/idecesos.com\/seguros\/","name":"","description":"","potentialAction":[{"@type":"SearchAction","target":{"@type":"EntryPoint","urlTemplate":"https:\/\/idecesos.com\/seguros\/?s={search_term_string}"},"query-input":{"@type":"PropertyValueSpecification","valueRequired":true,"valueName":"search_term_string"}}],"inLanguage":"es"}]}},"_links":{"self":[{"href":"https:\/\/idecesos.com\/seguros\/wp-json\/wp\/v2\/pages\/235","targetHints":{"allow":["GET"]}}],"collection":[{"href":"https:\/\/idecesos.com\/seguros\/wp-json\/wp\/v2\/pages"}],"about":[{"href":"https:\/\/idecesos.com\/seguros\/wp-json\/wp\/v2\/types\/page"}],"author":[{"embeddable":true,"href":"https:\/\/idecesos.com\/seguros\/wp-json\/wp\/v2\/users\/2"}],"replies":[{"embeddable":true,"href":"https:\/\/idecesos.com\/seguros\/wp-json\/wp\/v2\/comments?post=235"}],"version-history":[{"count":4,"href":"https:\/\/idecesos.com\/seguros\/wp-json\/wp\/v2\/pages\/235\/revisions"}],"predecessor-version":[{"id":22151,"href":"https:\/\/idecesos.com\/seguros\/wp-json\/wp\/v2\/pages\/235\/revisions\/22151"}],"up":[{"embeddable":true,"href":"https:\/\/idecesos.com\/seguros\/wp-json\/wp\/v2\/pages\/233"}],"wp:attachment":[{"href":"https:\/\/idecesos.com\/seguros\/wp-json\/wp\/v2\/media?parent=235"}],"curies":[{"name":"wp","href":"https:\/\/api.w.org\/{rel}","templated":true}]}}