{"id":23972,"date":"2025-06-03T10:47:23","date_gmt":"2025-06-03T08:47:23","guid":{"rendered":"https:\/\/idecesos.com\/seguros\/?page_id=23972"},"modified":"2025-06-16T09:07:59","modified_gmt":"2025-06-16T07:07:59","slug":"landing-promo","status":"publish","type":"page","link":"https:\/\/idecesos.com\/seguros\/companias\/landing-promo\/","title":{"rendered":"landing-promo"},"content":{"rendered":"\t\t<div data-elementor-type=\"wp-page\" data-elementor-id=\"23972\" class=\"elementor elementor-23972\">\n\t\t\t\t<div class=\"elementor-element elementor-element-152fddd e-flex e-con-boxed e-con e-parent\" data-id=\"152fddd\" data-element_type=\"container\" data-e-type=\"container\" data-settings=\"{&quot;background_background&quot;:&quot;classic&quot;}\">\n\t\t\t\t\t<div class=\"e-con-inner\">\n\t\t\t\t<div class=\"elementor-element elementor-element-f3d0cab elementor-widget elementor-widget-heading\" data-id=\"f3d0cab\" data-element_type=\"widget\" data-e-type=\"widget\" data-widget_type=\"heading.default\">\n\t\t\t\t<div class=\"elementor-widget-container\">\n\t\t\t\t\t<h1 class=\"elementor-heading-title elementor-size-default\">Seguros de Decesos<\/h1>\t\t\t\t<\/div>\n\t\t\t\t<\/div>\n\t\t\t\t\t<\/div>\n\t\t\t\t<\/div>\n\t\t<div class=\"elementor-element elementor-element-3acc1869 e-flex e-con-boxed e-con e-parent\" data-id=\"3acc1869\" data-element_type=\"container\" data-e-type=\"container\" data-settings=\"{&quot;background_background&quot;:&quot;classic&quot;}\">\n\t\t\t\t\t<div class=\"e-con-inner\">\n\t\t\t\t<div class=\"elementor-element elementor-element-3db3372 elementor-widget elementor-widget-text-editor\" data-id=\"3db3372\" data-element_type=\"widget\" data-e-type=\"widget\" data-widget_type=\"text-editor.default\">\n\t\t\t\t<div class=\"elementor-widget-container\">\n\t\t\t\t\t\t\t\t\t<h3><span style=\"color: #ffffff;\">Contrata tu seguro y consigue GRATIS<\/span><\/h3>\t\t\t\t\t\t\t\t<\/div>\n\t\t\t\t<\/div>\n\t\t\t\t\t<\/div>\n\t\t\t\t<\/div>\n\t\t<div class=\"elementor-element elementor-element-09aa8fd e-flex e-con-boxed e-con e-parent\" data-id=\"09aa8fd\" data-element_type=\"container\" data-e-type=\"container\" data-settings=\"{&quot;background_background&quot;:&quot;classic&quot;}\">\n\t\t\t\t\t<div class=\"e-con-inner\">\n\t\t<div class=\"elementor-element elementor-element-54fcbb6 e-con-full e-flex e-con e-child\" data-id=\"54fcbb6\" data-element_type=\"container\" data-e-type=\"container\">\n\t\t\t\t<div class=\"elementor-element elementor-element-f2979f8 elementor-widget elementor-widget-image\" data-id=\"f2979f8\" data-element_type=\"widget\" data-e-type=\"widget\" data-widget_type=\"image.default\">\n\t\t\t\t<div class=\"elementor-widget-container\">\n\t\t\t\t\t\t\t\t\t\t\t\t\t\t\t<img fetchpriority=\"high\" decoding=\"async\" width=\"294\" height=\"300\" src=\"https:\/\/idecesos.com\/seguros\/wp-content\/uploads\/2025\/06\/tvb-294x300.png\" class=\"attachment-medium size-medium wp-image-23975\" alt=\"\" srcset=\"https:\/\/idecesos.com\/seguros\/wp-content\/uploads\/2025\/06\/tvb-294x300.png 294w, https:\/\/idecesos.com\/seguros\/wp-content\/uploads\/2025\/06\/tvb-768x784.png 768w, https:\/\/idecesos.com\/seguros\/wp-content\/uploads\/2025\/06\/tvb.png 864w\" sizes=\"(max-width: 294px) 100vw, 294px\" \/>\t\t\t\t\t\t\t\t\t\t\t\t\t\t\t<\/div>\n\t\t\t\t<\/div>\n\t\t\t\t<\/div>\n\t\t<div class=\"elementor-element elementor-element-247648f e-con-full e-flex e-con e-child\" data-id=\"247648f\" data-element_type=\"container\" data-e-type=\"container\">\n\t\t\t\t<div class=\"elementor-element elementor-element-a57bd4d elementor-widget elementor-widget-heading\" data-id=\"a57bd4d\" data-element_type=\"widget\" data-e-type=\"widget\" data-widget_type=\"heading.default\">\n\t\t\t\t<div class=\"elementor-widget-container\">\n\t\t\t\t\t<h2 class=\"elementor-heading-title elementor-size-default\">TV Toshiba<\/h2>\t\t\t\t<\/div>\n\t\t\t\t<\/div>\n\t\t\t\t<div class=\"elementor-element elementor-element-6fccbbf elementor-widget elementor-widget-heading\" data-id=\"6fccbbf\" data-element_type=\"widget\" data-e-type=\"widget\" data-widget_type=\"heading.default\">\n\t\t\t\t<div class=\"elementor-widget-container\">\n\t\t\t\t\t<h2 class=\"elementor-heading-title elementor-size-default\">40\" Smart TV<\/h2>\t\t\t\t<\/div>\n\t\t\t\t<\/div>\n\t\t\t\t<div class=\"elementor-element elementor-element-e87eae6 elementor-widget elementor-widget-text-editor\" data-id=\"e87eae6\" data-element_type=\"widget\" data-e-type=\"widget\" data-widget_type=\"text-editor.default\">\n\t\t\t\t<div class=\"elementor-widget-container\">\n\t\t\t\t\t\t\t\t\t<ul><li data-start=\"875\" data-end=\"897\"><p data-start=\"877\" data-end=\"897\">Resoluci\u00f3n Full HD<\/p><\/li><li data-start=\"898\" data-end=\"913\"><p data-start=\"900\" data-end=\"913\">Dolby Audio<\/p><\/li><li data-start=\"914\" data-end=\"938\"><p data-start=\"916\" data-end=\"938\">Compatible con Alexa<\/p><\/li><li data-start=\"939\" data-end=\"998\"><p data-start=\"941\" data-end=\"998\">Acceso a Netflix, Disney+, Prime Video, Movistar+ y m\u00e1s<\/p><\/li><\/ul>\t\t\t\t\t\t\t\t<\/div>\n\t\t\t\t<\/div>\n\t\t\t\t<\/div>\n\t\t\t\t\t<\/div>\n\t\t\t\t<\/div>\n\t\t<div class=\"elementor-element elementor-element-90e4464 e-flex e-con-boxed e-con e-parent\" data-id=\"90e4464\" data-element_type=\"container\" data-e-type=\"container\" data-settings=\"{&quot;background_background&quot;:&quot;classic&quot;}\">\n\t\t\t\t\t<div class=\"e-con-inner\">\n\t\t<div class=\"elementor-element elementor-element-e61b912 e-con-full e-flex e-con e-child\" data-id=\"e61b912\" data-element_type=\"container\" data-e-type=\"container\">\n\t\t\t\t<div class=\"elementor-element elementor-element-5885a31 elementor-widget elementor-widget-text-editor\" data-id=\"5885a31\" data-element_type=\"widget\" data-e-type=\"widget\" data-widget_type=\"text-editor.default\">\n\t\t\t\t<div class=\"elementor-widget-container\">\n\t\t\t\t\t\t\t\t\t\n\t\t\t\t\t<!-- div class=\"marco_contacto\" style=\"background-color: #ff790e; border-radius: 10px; padding: 20px; color: white; max-width:400px\" -->\n\t\t\t\t\t<div class=\"marco_contacto\" style=\" padding: 20px; color: #5b5b5b; max-width:400px\">\n\t\t\t\t\t\t\n\t\t\t\t\t\t<div id=\"contacto_header1\" >\n\t\t\t\t\t\t\t<div class=\"row form-group offer-steps blanco\">\n\t\t\t\t\t\t\t\t<div class=\"col-12 texto_llamamos \">Te informamos <strong>GRATIS<\/strong><\/div>\n\t\t\t\t\t\t\t<\/div>\n\t\t\t\t\t\t<\/div>\n\t\n\t\t\t\t\t\t<!--div id=\"contacto_header2\" >\t\t\t\t\t\t\n\t\t\t\t\t\t\t<div class=\"row form-group offer-steps blanco\">\n\t\t\t\t\t\t\t\t<div class=\"col-12 texto_llamamos \">\n\t\t\t\t\t\t\t\t\t<p> <strong>Ahorra hasta el 60% en tu <\/br>\n\t\t\t\t\t\t\t\t\tSeguro de Decesos <\/strong><\/p>\n\t\t\t\t\t\t\t\t<\/div>\n\t\t\t\t\t\t\t<\/div>\n\t\t\t\t\t\t<\/div-->\n\t\t\t\t\t\n\t\t\t\t\t\t<div id=\"contacto_body\" >\n\t\t\t\t\t\t\t<div class=\"banner-text\">\n\t\t\t\t\t\t\t\t<form id=\"formLlamadaGeneral\"  target=\"_top\" action=\"https:\/\/idecesos.com\/principales\/email_general.php\">\t\t\t\t\t\t\t\n\t\t\t\t\t\t\t\t\t<input type=\"hidden\" id=\"canal\" name=\"canal\" value=\"\">\n\t\t\t\t\t\n\t\t\t\t\t\t\t\t\t<div class=\"row\" >\n\t\t\t\t\t\t\t\t\t\t<div class=\"col-12  form-group\">\n\t\t\t\t\t\t\t\t\t\t\t<input type=\"text\" class=\"form-control\" id=\"nombreLlamadaGL\" name=\"nombreLlamadaGL\" placeholder=\"Escribe tu nombre\" required>\n\t\t\t\t\t\t\t\t\t\t<\/div>\t\t\t\t\t\t\t\t\n\t\t\t\t\t\t\t\t\t<\/div>\t\n\t\t\t\t\t\t\t\t\t\n\t\t\t\t\t\t\t\t\t<div class=\"row\" >\n\t\t\t\t\t\t\t\t\t\t<div class=\"col-12  form-group\">\n\t\t\t\t\t\t\t\t\t\t\t<input type=\"tel\" class=\"form-control\" id=\"telefonoLlamadaGL\" name=\"telefonoLlamadaGL\" placeholder=\"Escribe tu tel\u00e9fono\" step=\"1\" required pattern=\"[6-9]{1}[0-9]{8}\">\n\t\t\t\t\t\t\t\t\t\t<\/div>\t\t\t\t\t\t\t\t\n\t\t\t\t\t\t\t\t\t<\/div>\t\n\n\t\t\t\t\t\t\t\t\t<div class=\"row\" >\n\t\t\t\t\t\t\t\t\t\t<div class=\"col-12  form-group\">\n\t\t\t\t\t\t\t\t\t\t\t<input type=\"email\" class=\"form-control\" id=\"emailLlamadaGL\" name=\"emailLlamadaGL\" placeholder=\"Escribe tu email\" >\n\t\t\t\t\t\t\t\t\t\t<\/div>\t\t\t\t\t\t\t\t\n\t\t\t\t\t\t\t\t\t<\/div>\t\t\t\t\t\t\t\t\n\t\t\t\t\t\n\t\t\t\t\t\t\t\t\t\t\t\t\t\t\t\t\n\t\t\t\t\t\t\t\t\t<div class=\"form-group campos-normales form-check\" style=\"margin-left: 3px;\">\t\t\t\t\t\t\t\t \n\t\t\t\t\t\t\t\t\t\t<input type=\"checkbox\" class=\"form-check-input\" id=\"acepto_privacidad\" name=\"acepto_privacidad\" value=\"1\" required=\"\"  \/>\n\t\t\t\t\t\t\t\t\t\t<label class=\"form-check-label\" style=\" font-size: 15px; font-family: system-ui; text-align: justify;line-height: normal;\" for=\"acepto_privacidad\">\n\t\t\t\t\t\t\t\t\t\t\tHe le\u00eddo y acepto la pol\u00edtica de <span class=\"mouse\"  onclick=\"setLocation('politica');\">Pol\u00edtica de Privacidad.<\/span> y\n\t\t\t\t\t\t\t\t\t\t\tacepto las <a href=\"\\pdfs\\bases-promocion.pdf\" target=\"_blank\" style=\"color:inherit\">bases de la promoci\u00f3n.<\/a>\t\t\t\t\t\t\t\t\t\t\n\t\t\t\t\t\t\t\t\t\t<\/label>\t\t\t\t\t\t\t\t \n\t\t\t\t\t\t\t\t\t<\/div>\n\t\t\t\t\t\t\t\t\t\n\t\t\t\t\t\t\t\t\t<button id=\"btnLlamadme\" type=\"submit\" class=\"btn-primary\"  data-action=\"submit\" data-callback=\"onSubmit\"\n\t\t\t\t\t\t\t\t\tdata-bs-toggle=\"modal\" data-bs-target=\"#confirmacionModal\">  \n\t\t\t\t\t\t\t\t\t\tSolicitar Informaci\u00f3n >\n\t\t\t\t\t\t\t\t\t<\/button>\n\t\t\t\t\t\t\t\t\n\t\t\t\t\t\t\t\t<\/form>\n\t\t\t\t\t\t\t<\/div>\n\t\t\t\t\t\t<\/div>\n\t\t\t\t\t<\/div>\n\t\t\t\t\t<div id=\"confirmacionModal\" class=\"modal \" tabindex=\"-1\" role=\"dialog\" aria-labelledby=\"tituloModal\" aria-hidden=\"true\">\n\t\t\t\t\t\t<div class=\"modal-dialog modal-dialog-centered\" role=\"document\">\n\t\t\t\t\t\t\t<div class=\"modal-content\">\n\t\t\t\t\t\t\t\t<div class=\"modal-header\">\n\t\t\t\t\t\t\t\t\t<h5 class=\"modal-title\" id=\"tituloModal\">Datos enviados<\/h5>\n\t\t\t\t\t\t\t\t\t<button type=\"button\" class=\"close\" data-bs-dismiss=\"modal\" aria-label=\"Cerrar\">\n\t\t\t\t\t\t\t\t\t<span aria-hidden=\"true\">&times;<\/span>\n\t\t\t\t\t\t\t\t\t<\/button>\n\t\t\t\t\t\t\t\t<\/div>\n\t\t\t\t\t\t\t\t<div class=\"modal-body\">\n\t\t\t\t\t\t\t\t\t<p>Nos pondremos en contacto con usted a la mayor brevedad posible.<\/p>\n\t\t\t\t\t\t\t\t<\/div>\n\t\t\t\t\t\t\t\t<div class=\"modal-footer\">\n\t\t\t\t\t\t\t\t\t<button type=\"button\" class=\"btn btn-secondary\" data-bs-dismiss=\"modal\">Cerrar<\/button>\n\t\t\t\t\t\t\t\t\t\n\t\t\t\t\t\t\t\t<\/div>\n\t\t\t\t\t\t\t<\/div>\n\t\t\t\t\t\t<\/div>\n\t\t\t\t\t<\/div>\n\t\t\t\t\t\t\t\t\t\t\t\t\t\t<\/div>\n\t\t\t\t<\/div>\n\t\t\t\t<\/div>\n\t\t<div class=\"elementor-element elementor-element-ccb5efe e-con-full e-flex e-con e-child\" data-id=\"ccb5efe\" data-element_type=\"container\" data-e-type=\"container\">\n\t\t\t\t<div class=\"elementor-element elementor-element-a6e44dd elementor-widget elementor-widget-heading\" data-id=\"a6e44dd\" data-element_type=\"widget\" data-e-type=\"widget\" data-widget_type=\"heading.default\">\n\t\t\t\t<div class=\"elementor-widget-container\">\n\t\t\t\t\t<h2 class=\"elementor-heading-title elementor-size-default\">\u00bfEn que consiste la promoci\u00f3n?<\/h2>\t\t\t\t<\/div>\n\t\t\t\t<\/div>\n\t\t\t\t<div class=\"elementor-element elementor-element-ac8a559 elementor-widget elementor-widget-heading\" data-id=\"ac8a559\" data-element_type=\"widget\" data-e-type=\"widget\" data-widget_type=\"heading.default\">\n\t\t\t\t<div class=\"elementor-widget-container\">\n\t\t\t\t\t<h2 class=\"elementor-heading-title elementor-size-default\">40\" Smart TV<\/h2>\t\t\t\t<\/div>\n\t\t\t\t<\/div>\n\t\t\t\t<div class=\"elementor-element elementor-element-f55d23a elementor-widget elementor-widget-text-editor\" data-id=\"f55d23a\" data-element_type=\"widget\" data-e-type=\"widget\" data-widget_type=\"text-editor.default\">\n\t\t\t\t<div class=\"elementor-widget-container\">\n\t\t\t\t\t\t\t\t\t<p>Los clientes que contraten el seguro atendiendo a las bases de la promoci\u00f3n, es decir, que encajen en el perfil y las condiciones de las mismas, recibir\u00e1n la TV de acuerdo de nuevo a dichas bases.<\/p>\t\t\t\t\t\t\t\t<\/div>\n\t\t\t\t<\/div>\n\t\t\t\t<div class=\"elementor-element elementor-element-94721c0 elementor-widget elementor-widget-text-editor\" data-id=\"94721c0\" data-element_type=\"widget\" data-e-type=\"widget\" data-widget_type=\"text-editor.default\">\n\t\t\t\t<div class=\"elementor-widget-container\">\n\t\t\t\t\t\t\t\t\t<p><span style=\"font-weight: 400; color: #333333;\">Puedes leer todas las\u00a0 <\/span><a href=\"https:\/\/idecesos.com\/pdfs\/bases-promocion.pdf\" target=\"_blank\" rel=\"noopener\"><span style=\"font-weight: 400;\">Bases de la promoci\u00f3n aqu\u00ed.<\/span><\/a><br \/>y comprobar si encajas con las condiciones de las mismas.<\/p>\t\t\t\t\t\t\t\t<\/div>\n\t\t\t\t<\/div>\n\t\t\t\t<\/div>\n\t\t\t\t\t<\/div>\n\t\t\t\t<\/div>\n\t\t<div class=\"elementor-element elementor-element-267e352 e-flex e-con-boxed e-con e-parent\" data-id=\"267e352\" data-element_type=\"container\" data-e-type=\"container\">\n\t\t\t\t\t<div class=\"e-con-inner\">\n\t\t<div class=\"elementor-element elementor-element-2f1998a e-con-full e-flex e-con e-child\" data-id=\"2f1998a\" data-element_type=\"container\" data-e-type=\"container\">\n\t\t\t\t<div class=\"elementor-element elementor-element-67885ad elementor-widget elementor-widget-heading\" data-id=\"67885ad\" data-element_type=\"widget\" data-e-type=\"widget\" data-widget_type=\"heading.default\">\n\t\t\t\t<div class=\"elementor-widget-container\">\n\t\t\t\t\t<h2 class=\"elementor-heading-title elementor-size-default\">Necesitas m\u00e1s informaci\u00f3n<\/h2>\t\t\t\t<\/div>\n\t\t\t\t<\/div>\n\t\t\t\t<div class=\"elementor-element elementor-element-0bb5828 elementor-widget-divider--view-line elementor-widget elementor-widget-divider\" data-id=\"0bb5828\" data-element_type=\"widget\" data-e-type=\"widget\" data-widget_type=\"divider.default\">\n\t\t\t\t<div class=\"elementor-widget-container\">\n\t\t\t\t\t\t\t<div class=\"elementor-divider\">\n\t\t\t<span class=\"elementor-divider-separator\">\n\t\t\t\t\t\t<\/span>\n\t\t<\/div>\n\t\t\t\t\t\t<\/div>\n\t\t\t\t<\/div>\n\t\t\t\t<div class=\"elementor-element elementor-element-f555d24 elementor-icon-list--layout-traditional elementor-list-item-link-full_width elementor-widget elementor-widget-icon-list\" data-id=\"f555d24\" data-element_type=\"widget\" data-e-type=\"widget\" data-widget_type=\"icon-list.default\">\n\t\t\t\t<div class=\"elementor-widget-container\">\n\t\t\t\t\t\t\t<ul class=\"elementor-icon-list-items\">\n\t\t\t\t\t\t\t<li class=\"elementor-icon-list-item\">\n\t\t\t\t\t\t\t\t\t\t<span class=\"elementor-icon-list-text\">Puedes llamarnos o contactar con nosotros.<\/span>\n\t\t\t\t\t\t\t\t\t<\/li>\n\t\t\t\t\t\t\t\t<li class=\"elementor-icon-list-item\">\n\t\t\t\t\t\t\t\t\t\t<span class=\"elementor-icon-list-text\"><br><b>T\u00e9lefono de contacto<\/b><\/span>\n\t\t\t\t\t\t\t\t\t<\/li>\n\t\t\t\t\t\t\t\t<li class=\"elementor-icon-list-item\">\n\t\t\t\t\t\t\t\t\t\t\t<span class=\"elementor-icon-list-icon\">\n\t\t\t\t\t\t\t<svg aria-hidden=\"true\" class=\"e-font-icon-svg e-fas-phone-alt\" viewBox=\"0 0 512 512\" xmlns=\"http:\/\/www.w3.org\/2000\/svg\"><path d=\"M497.39 361.8l-112-48a24 24 0 0 0-28 6.9l-49.6 60.6A370.66 370.66 0 0 1 130.6 204.11l60.6-49.6a23.94 23.94 0 0 0 6.9-28l-48-112A24.16 24.16 0 0 0 122.6.61l-104 24A24 24 0 0 0 0 48c0 256.5 207.9 464 464 464a24 24 0 0 0 23.4-18.6l24-104a24.29 24.29 0 0 0-14.01-27.6z\"><\/path><\/svg>\t\t\t\t\t\t<\/span>\n\t\t\t\t\t\t\t\t\t\t<span class=\"elementor-icon-list-text\"><b>Informaci\u00f3n <\/b> 951 127 403<\/span>\n\t\t\t\t\t\t\t\t\t<\/li>\n\t\t\t\t\t\t<\/ul>\n\t\t\t\t\t\t<\/div>\n\t\t\t\t<\/div>\n\t\t\t\t<\/div>\n\t\t\t\t\t<\/div>\n\t\t\t\t<\/div>\n\t\t\t\t<\/div>\n\t\t","protected":false},"excerpt":{"rendered":"<p>Seguros de Decesos Contrata tu seguro y consigue GRATIS TV Toshiba 40&#8243; Smart TV Resoluci\u00f3n Full HD Dolby Audio Compatible con Alexa Acceso a Netflix, Disney+, Prime Video, Movistar+ y m\u00e1s \u00bfEn que consiste la promoci\u00f3n? 40&#8243; Smart TV Los clientes que contraten el seguro atendiendo a las bases de la promoci\u00f3n, es decir, que&hellip; <\/p>\n","protected":false},"author":1,"featured_media":0,"parent":167,"menu_order":0,"comment_status":"open","ping_status":"closed","template":"elementor_header_footer","meta":{"footnotes":""},"class_list":["post-23972","page","type-page","status-publish","hentry"],"yoast_head":"<!-- This site is optimized with the Yoast SEO plugin v27.3 - https:\/\/yoast.com\/product\/yoast-seo-wordpress\/ -->\n<title>Seguro de decesos FIATC \u25b7 Calcular Precios y Coberturas 2026<\/title>\n<meta name=\"description\" content=\"Calcular aqu\u00ed el mejor precio\u3010seguro de decesos FIATC\u3011Exclusivas tarifas y coberturas 2026 \u2611\ufe0fEn iDecesos\u00ae tu seguro decesos FIATC desde 1,90\u20ac\" \/>\n<meta name=\"robots\" content=\"index, follow, max-snippet:-1, max-image-preview:large, max-video-preview:-1\" \/>\n<link rel=\"canonical\" href=\"https:\/\/idecesos.com\/seguros\/companias\/landing-promo\/\" \/>\n<meta property=\"og:locale\" content=\"es_ES\" \/>\n<meta property=\"og:type\" content=\"article\" \/>\n<meta property=\"og:title\" content=\"Seguro de decesos FIATC \u25b7 Calcular Precios y Coberturas 2026\" \/>\n<meta property=\"og:description\" content=\"Calcular aqu\u00ed el mejor precio\u3010seguro de decesos FIATC\u3011Exclusivas tarifas y coberturas 2026 \u2611\ufe0fEn iDecesos\u00ae tu seguro decesos FIATC desde 1,90\u20ac\" \/>\n<meta property=\"og:url\" content=\"https:\/\/idecesos.com\/seguros\/companias\/landing-promo\/\" \/>\n<meta property=\"article:modified_time\" content=\"2025-06-16T07:07:59+00:00\" \/>\n<meta property=\"og:image\" content=\"https:\/\/idecesos.com\/seguros\/wp-content\/uploads\/2025\/06\/tvb.png\" \/>\n\t<meta property=\"og:image:width\" content=\"864\" \/>\n\t<meta property=\"og:image:height\" content=\"882\" \/>\n\t<meta property=\"og:image:type\" content=\"image\/png\" \/>\n<meta name=\"twitter:card\" content=\"summary_large_image\" \/>\n<meta name=\"twitter:label1\" content=\"Tiempo de lectura\" \/>\n\t<meta name=\"twitter:data1\" content=\"1 minuto\" \/>\n<script type=\"application\/ld+json\" class=\"yoast-schema-graph\">{\"@context\":\"https:\\\/\\\/schema.org\",\"@graph\":[{\"@type\":\"WebPage\",\"@id\":\"https:\\\/\\\/idecesos.com\\\/seguros\\\/companias\\\/landing-promo\\\/\",\"url\":\"https:\\\/\\\/idecesos.com\\\/seguros\\\/companias\\\/landing-promo\\\/\",\"name\":\"Seguro de decesos FIATC \u25b7 Calcular Precios y Coberturas 2026\",\"isPartOf\":{\"@id\":\"https:\\\/\\\/idecesos.com\\\/seguros\\\/#website\"},\"primaryImageOfPage\":{\"@id\":\"https:\\\/\\\/idecesos.com\\\/seguros\\\/companias\\\/landing-promo\\\/#primaryimage\"},\"image\":{\"@id\":\"https:\\\/\\\/idecesos.com\\\/seguros\\\/companias\\\/landing-promo\\\/#primaryimage\"},\"thumbnailUrl\":\"https:\\\/\\\/idecesos.com\\\/seguros\\\/wp-content\\\/uploads\\\/2025\\\/06\\\/tvb-294x300.png\",\"datePublished\":\"2025-06-03T08:47:23+00:00\",\"dateModified\":\"2025-06-16T07:07:59+00:00\",\"description\":\"Calcular aqu\u00ed el mejor precio\u3010seguro de decesos FIATC\u3011Exclusivas tarifas y coberturas 2026 \u2611\ufe0fEn iDecesos\u00ae tu seguro decesos FIATC desde 1,90\u20ac\",\"breadcrumb\":{\"@id\":\"https:\\\/\\\/idecesos.com\\\/seguros\\\/companias\\\/landing-promo\\\/#breadcrumb\"},\"inLanguage\":\"es\",\"potentialAction\":[{\"@type\":\"ReadAction\",\"target\":[\"https:\\\/\\\/idecesos.com\\\/seguros\\\/companias\\\/landing-promo\\\/\"]}]},{\"@type\":\"ImageObject\",\"inLanguage\":\"es\",\"@id\":\"https:\\\/\\\/idecesos.com\\\/seguros\\\/companias\\\/landing-promo\\\/#primaryimage\",\"url\":\"https:\\\/\\\/idecesos.com\\\/seguros\\\/wp-content\\\/uploads\\\/2025\\\/06\\\/tvb.png\",\"contentUrl\":\"https:\\\/\\\/idecesos.com\\\/seguros\\\/wp-content\\\/uploads\\\/2025\\\/06\\\/tvb.png\",\"width\":864,\"height\":882},{\"@type\":\"BreadcrumbList\",\"@id\":\"https:\\\/\\\/idecesos.com\\\/seguros\\\/companias\\\/landing-promo\\\/#breadcrumb\",\"itemListElement\":[{\"@type\":\"ListItem\",\"position\":1,\"name\":\"Portada\",\"item\":\"https:\\\/\\\/idecesos.com\\\/seguros\\\/\"},{\"@type\":\"ListItem\",\"position\":2,\"name\":\"Compa\u00f1\u00edas de Seguros de Decesos en Espa\u00f1a\",\"item\":\"https:\\\/\\\/idecesos.com\\\/seguros\\\/companias\\\/\"},{\"@type\":\"ListItem\",\"position\":3,\"name\":\"landing-promo\"}]},{\"@type\":\"WebSite\",\"@id\":\"https:\\\/\\\/idecesos.com\\\/seguros\\\/#website\",\"url\":\"https:\\\/\\\/idecesos.com\\\/seguros\\\/\",\"name\":\"\",\"description\":\"\",\"potentialAction\":[{\"@type\":\"SearchAction\",\"target\":{\"@type\":\"EntryPoint\",\"urlTemplate\":\"https:\\\/\\\/idecesos.com\\\/seguros\\\/?s={search_term_string}\"},\"query-input\":{\"@type\":\"PropertyValueSpecification\",\"valueRequired\":true,\"valueName\":\"search_term_string\"}}],\"inLanguage\":\"es\"}]}<\/script>\n<!-- \/ Yoast SEO plugin. -->","yoast_head_json":{"title":"Seguro de decesos FIATC \u25b7 Calcular Precios y Coberturas 2026","description":"Calcular aqu\u00ed el mejor precio\u3010seguro de decesos FIATC\u3011Exclusivas tarifas y coberturas 2026 \u2611\ufe0fEn iDecesos\u00ae tu seguro decesos FIATC desde 1,90\u20ac","robots":{"index":"index","follow":"follow","max-snippet":"max-snippet:-1","max-image-preview":"max-image-preview:large","max-video-preview":"max-video-preview:-1"},"canonical":"https:\/\/idecesos.com\/seguros\/companias\/landing-promo\/","og_locale":"es_ES","og_type":"article","og_title":"Seguro de decesos FIATC \u25b7 Calcular Precios y Coberturas 2026","og_description":"Calcular aqu\u00ed el mejor precio\u3010seguro de decesos FIATC\u3011Exclusivas tarifas y coberturas 2026 \u2611\ufe0fEn iDecesos\u00ae tu seguro decesos FIATC desde 1,90\u20ac","og_url":"https:\/\/idecesos.com\/seguros\/companias\/landing-promo\/","article_modified_time":"2025-06-16T07:07:59+00:00","og_image":[{"width":864,"height":882,"url":"https:\/\/idecesos.com\/seguros\/wp-content\/uploads\/2025\/06\/tvb.png","type":"image\/png"}],"twitter_card":"summary_large_image","twitter_misc":{"Tiempo de lectura":"1 minuto"},"schema":{"@context":"https:\/\/schema.org","@graph":[{"@type":"WebPage","@id":"https:\/\/idecesos.com\/seguros\/companias\/landing-promo\/","url":"https:\/\/idecesos.com\/seguros\/companias\/landing-promo\/","name":"Seguro de decesos FIATC \u25b7 Calcular Precios y Coberturas 2026","isPartOf":{"@id":"https:\/\/idecesos.com\/seguros\/#website"},"primaryImageOfPage":{"@id":"https:\/\/idecesos.com\/seguros\/companias\/landing-promo\/#primaryimage"},"image":{"@id":"https:\/\/idecesos.com\/seguros\/companias\/landing-promo\/#primaryimage"},"thumbnailUrl":"https:\/\/idecesos.com\/seguros\/wp-content\/uploads\/2025\/06\/tvb-294x300.png","datePublished":"2025-06-03T08:47:23+00:00","dateModified":"2025-06-16T07:07:59+00:00","description":"Calcular aqu\u00ed el mejor precio\u3010seguro de decesos FIATC\u3011Exclusivas tarifas y coberturas 2026 \u2611\ufe0fEn iDecesos\u00ae tu seguro decesos FIATC desde 1,90\u20ac","breadcrumb":{"@id":"https:\/\/idecesos.com\/seguros\/companias\/landing-promo\/#breadcrumb"},"inLanguage":"es","potentialAction":[{"@type":"ReadAction","target":["https:\/\/idecesos.com\/seguros\/companias\/landing-promo\/"]}]},{"@type":"ImageObject","inLanguage":"es","@id":"https:\/\/idecesos.com\/seguros\/companias\/landing-promo\/#primaryimage","url":"https:\/\/idecesos.com\/seguros\/wp-content\/uploads\/2025\/06\/tvb.png","contentUrl":"https:\/\/idecesos.com\/seguros\/wp-content\/uploads\/2025\/06\/tvb.png","width":864,"height":882},{"@type":"BreadcrumbList","@id":"https:\/\/idecesos.com\/seguros\/companias\/landing-promo\/#breadcrumb","itemListElement":[{"@type":"ListItem","position":1,"name":"Portada","item":"https:\/\/idecesos.com\/seguros\/"},{"@type":"ListItem","position":2,"name":"Compa\u00f1\u00edas de Seguros de Decesos en Espa\u00f1a","item":"https:\/\/idecesos.com\/seguros\/companias\/"},{"@type":"ListItem","position":3,"name":"landing-promo"}]},{"@type":"WebSite","@id":"https:\/\/idecesos.com\/seguros\/#website","url":"https:\/\/idecesos.com\/seguros\/","name":"","description":"","potentialAction":[{"@type":"SearchAction","target":{"@type":"EntryPoint","urlTemplate":"https:\/\/idecesos.com\/seguros\/?s={search_term_string}"},"query-input":{"@type":"PropertyValueSpecification","valueRequired":true,"valueName":"search_term_string"}}],"inLanguage":"es"}]}},"_links":{"self":[{"href":"https:\/\/idecesos.com\/seguros\/wp-json\/wp\/v2\/pages\/23972","targetHints":{"allow":["GET"]}}],"collection":[{"href":"https:\/\/idecesos.com\/seguros\/wp-json\/wp\/v2\/pages"}],"about":[{"href":"https:\/\/idecesos.com\/seguros\/wp-json\/wp\/v2\/types\/page"}],"author":[{"embeddable":true,"href":"https:\/\/idecesos.com\/seguros\/wp-json\/wp\/v2\/users\/1"}],"replies":[{"embeddable":true,"href":"https:\/\/idecesos.com\/seguros\/wp-json\/wp\/v2\/comments?post=23972"}],"version-history":[{"count":31,"href":"https:\/\/idecesos.com\/seguros\/wp-json\/wp\/v2\/pages\/23972\/revisions"}],"predecessor-version":[{"id":24009,"href":"https:\/\/idecesos.com\/seguros\/wp-json\/wp\/v2\/pages\/23972\/revisions\/24009"}],"up":[{"embeddable":true,"href":"https:\/\/idecesos.com\/seguros\/wp-json\/wp\/v2\/pages\/167"}],"wp:attachment":[{"href":"https:\/\/idecesos.com\/seguros\/wp-json\/wp\/v2\/media?parent=23972"}],"curies":[{"name":"wp","href":"https:\/\/api.w.org\/{rel}","templated":true}]}}