{"id":251,"date":"2021-07-08T20:05:11","date_gmt":"2021-07-08T20:05:11","guid":{"rendered":"https:\/\/idecesos.com\/seguros\/?page_id=251"},"modified":"2024-12-11T13:42:37","modified_gmt":"2024-12-11T12:42:37","slug":"coberturas","status":"publish","type":"page","link":"https:\/\/idecesos.com\/seguros\/companias\/axa\/coberturas\/","title":{"rendered":"Coberturas Seguro de Decesos AXA"},"content":{"rendered":"\r\n\r\n<p>La compa\u00f1\u00eda Axa se fund\u00f3 en el a\u00f1o 1998 y se centr\u00f3 en los seguros, centr\u00e1ndose fundamentalmente en tres aspectos: La protecci\u00f3n, la educaci\u00f3n en la seguridad y la sensibilizaci\u00f3n e investigaci\u00f3n de manera preventiva. Axa tambi\u00e9n colabora con distintas entidades privadas e institucionales, que fomentan el arte, la cultura y la preservaci\u00f3n del patrimonio hist\u00f3rico con distintas iniciativas.<\/p>\r\n\r\n\r\n\r\n<p>Ofrece distintos tipos de seguros, entre ellos, los m\u00e1s relevantes son los seguros de coche, moto, salud, hogar, vida, ahorro, inversi\u00f3n, plan de pensiones y decesos. Si nos centramos en estos \u00faltimos, hay que destacar que las coberturas de Axa incluyen:<\/p>\r\n\r\n\r\n\r\n<ul>\r\n<li>La prestaci\u00f3n del servicio funerario de manera \u00edntegra.<\/li>\r\n<li>El traslado a cualquier cementerio del territorio nacional.<\/li>\r\n<li>En el caso de que el cliente sea inmigrante, la empresa ofrece el servicio de repatriaci\u00f3n, si \u00e9ste expresa como \u00faltima voluntad que sus restos mortales descansen en su pa\u00eds de origen.<\/li>\r\n<li>Asistencia familiar, que incluyen las gestiones necesarias y la obtenci\u00f3n y tramitaci\u00f3n de documentos oficiales, como, por ejemplo, certificados o \u00faltimas voluntades.<\/li>\r\n<li>Servicio de testamento online, en el que incluye tambi\u00e9n a un abogado que estudie su caso e incluya mejoras en el mismo en el caso de necesitarlas.<\/li>\r\n<li>Asistencia psicol\u00f3gica a los familiares, con un m\u00e1ximo de 3 sesiones y servicio telef\u00f3nico de tel\u00e9fono 24 horas los 365 d\u00edas del a\u00f1o.<\/li>\r\n<li>Asistencia jur\u00eddica con un abogado especializado en temas relacionados con defunciones que presta asesoramiento.<\/li>\r\n<li>Asistencia mundial que incluir\u00eda servicios como, traslado o repatriaci\u00f3n sanitaria por enfermedad o accidente. Repatriaci\u00f3n del asegurado si ha fallecido en el extranjero, incluyendo a un familiar y siempre que haya estado en una estancia menor a 60 d\u00edas. Un m\u00e1ximo de 15.000\u20ac por persona, para gastos m\u00e9dicos urgentes en el extranjero. Desplazamiento de un familiar junto al titular, siempre que \u00e9ste est\u00e9 hospitalizado m\u00e1s de 5 d\u00edas. Continuaci\u00f3n de la estancia en un hotel, delegado por un m\u00e9dico con un m\u00e1ximo de 300\u20ac y hasta 60\u20ac al d\u00eda.<\/li>\r\n<li>Asistencia a menores, que en el caso de que el cliente sea su tutor legal y sufra alguna enfermedad o accidente, pagar\u00e1 todos los gastos de vuelta a Espa\u00f1a, junto a un acompa\u00f1ante del menor.<\/li>\r\n<li>Regreso del asegurado a Espa\u00f1a, si un familiar ha fallecido fuera de las fronteras del pa\u00eds.<\/li>\r\n<li>Sugerencias m\u00e9dicas a distancia.<\/li>\r\n<li>Env\u00edo de medicamentos si el asegurado los necesitase en otro pa\u00eds y sea imposible encontrarlos all\u00ed.<\/li>\r\n<\/ul>\r\n<p>Como ventajas principales, adem\u00e1s de lo anteriormente mencionado, encontramos en AXA:<\/p>\r\n<ul>\r\n<li>\u00a0Servicio gratuito para menores de 4 a\u00f1os.<\/li>\r\n<li>Seguro vitalicio,<\/li>\r\n<li>Se suspenden los pagos de primas a clientes mayores de 90a\u00f1os, siempre y cuando estos tengan 30 a\u00f1os de permanencia.<\/li>\r\n<li>En el momento que ocurre el fallecimiento, habr\u00e1 un acompa\u00f1amiento de una persona de la compa\u00f1\u00eda, que se encargar\u00e1 de la asistencia de los familiares.<\/li>\r\n<li>No tiene periodo de carencia<\/li>\r\n<li>Se producir\u00eda una devoluci\u00f3n por parte de la compa\u00f1\u00eda hacia el cliente, si los costes en el momento del sepelio son menores que lo contratado por el asegurado.<\/li>\r\n<\/ul>\r\n<p>Dentro de los seguros de vida y relacionados con los decesos, encontramos:<\/p>\r\n<ul>\r\n<li>Seguro de Vida Protect: Es el seguro de vida m\u00e1s completo de la compa\u00f1\u00eda. Incluye como garant\u00eda obligatoria el fallecimiento por cualquier causa.<\/li>\r\n<\/ul>\r\n\r\n\r\n\r\n\r\n\r\n<p>Las garant\u00edas complementarias de este seguro, incluyen el fallecimiento por accidente, en accidente de circulaci\u00f3n, la invalidez absoluta por cualquier causa, con un capital 5 veces multiplicado al contratado por el asegurado. Invalidez absoluta por accidente. Incapacidad total para realizar la profesi\u00f3n habitual. Anticipo de capital para gastos de sepelio con un m\u00e1ximo de 6.000\u20ac. Anticipo de capital para gastos de impuestos de sucesiones. Capital adicional en caso de diagn\u00f3stico por enfermedad grave.<\/p>\r\n\r\n\r\n\r\n<p>Este seguro incluye varias ventajas relevantes para el asegurado como: posibilidad de establecer capitales diferentes en cada garant\u00eda. Designar beneficiarios en cada cobertura. Capitales de las coberturas complementarias 5 veces superiores al capital de fallecimiento. Edad de entrada del asegurado hasta 74 a\u00f1os en fallecimiento. Posibilidad de ser renovable hasta los 80 a\u00f1os en fallecimiento.<\/p>\r\n\r\n\r\n\r\n<ul>\r\n<li>Seguro de Vida Protect Senior: Al igual que el seguro anterior, incluye el fallecimiento por cualquier causa.<\/li>\r\n<\/ul>\r\n\r\n\r\n\r\n<p>Este seguro incluye las garant\u00edas complementarias del seguro anterior y adem\u00e1s servicios exclusivos: 1 consulta anual de distintas especialidades m\u00e9dicas, como oftalmolog\u00eda (revisi\u00f3n de la visi\u00f3n), otorrinolaringolog\u00eda (revisi\u00f3n de la audici\u00f3n) e urolog\u00eda (prevenci\u00f3n del c\u00e1ncer de pr\u00f3stata). Incluye orientaci\u00f3n m\u00e9dica ilimitada las 24 horas, de manera telef\u00f3nica y online de medicina general, nutrici\u00f3n, psicolog\u00eda, pediatr\u00eda y entrenamiento personal. Incluye tambi\u00e9n pertenecer al nivel Premium de AXA Health Keeper, una plataforma digital de prevenci\u00f3n y cuidado de la piel. Descuento permanente del 60% en consultas m\u00e9dicas, pruebas diagn\u00f3sticas, entrenadores personales, gimnasios y spas.<\/p>\r\n\r\n\r\n\r\n<ul>\r\n<li>Seguro de Vida Protect Mujer: Es un servicio especializado para la mujer, ya sea profesional o no. Ofrece tambi\u00e9n como garant\u00eda obligatoria el fallecimiento por cualquier causa y las mismas garant\u00edas complementarias de los anteriores seguros, La diferencia de este tipo de seguro radica en los servicios exclusivos que incluye, una revisi\u00f3n anual ginecol\u00f3gica (consulta, citolog\u00eda, mamograf\u00eda y ecograf\u00eda), adem\u00e1s del resto de servicios exclusivos. Incluye las mismas ventajas que los anteriores.<\/li>\r\n<\/ul>\r\n\r\n\r\n\r\n<ul>\r\n<li>Seguro de Dependencia Plus. Es espec\u00edfico para casos de dependencia y proporciona un capital, siendo una soluci\u00f3n para la protecci\u00f3n econ\u00f3mica a largo plazo. Este servicio tiene un amplio abanico de edad que se sit\u00faa desde los 18 a los 75, renovables hasta los 80 a\u00f1os. Incluye asesoramiento fiscal y jur\u00eddico de forma telef\u00f3nica.<\/li>\r\n<\/ul>\r\n\r\n\r\n\r\n<ul>\r\n<li>Repatriaci\u00f3n, con una tarifa \u00fanica para cualquier edad y sexo. Incluye asesoramiento legal de tr\u00e1mites y asesoramiento religioso.<\/li>\r\n<\/ul>\r\n\r\n<h3>P\u00e1ginas relacionadas<\/h3><div class=\"enlazado\"><ul> <li><a href=\"https:\/\/idecesos.com\/seguros\/companias\/axa\/coberturas\/\">Coberturas Seguro de Decesos AXA<\/a><\/li> <li><a href=\"https:\/\/idecesos.com\/seguros\/companias\/axa\/opiniones\/\">Opiniones AXA<\/a><\/li> <li><a href=\"https:\/\/idecesos.com\/seguros\/companias\/axa\/precio\/\">Precio seguro AXA<\/a><\/li> <li><a href=\"https:\/\/idecesos.com\/seguros\/companias\/axa\/prima-mixta\/\">AXA Prima Mixta<\/a><\/li> <li><a href=\"https:\/\/idecesos.com\/seguros\/companias\/axa\/prima-natural\/\">AXA Prima Natural<\/a><\/li> <li><a href=\"https:\/\/idecesos.com\/seguros\/companias\/axa\/prima-nivelada\/\">AXA Prima Nivelada<\/a><\/li> <li><a href=\"https:\/\/idecesos.com\/seguros\/companias\/axa\/prima-unica\/\">AXA Prima \u00danica<\/a><\/li> <li><a href=\"https:\/\/idecesos.com\/seguros\/companias\/axa\/repatriacion\/\">AXA Repatriaci\u00f3n<\/a><\/li> <li><a href=\"https:\/\/idecesos.com\/seguros\/companias\/axa\/telefono\/\">Tel\u00e9fono Gratuito AXA<\/a><\/li><\/ul><\/div>","protected":false},"excerpt":{"rendered":"<p>La compa\u00f1\u00eda Axa se fund\u00f3 en el a\u00f1o 1998 y se centr\u00f3 en los seguros, centr\u00e1ndose fundamentalmente en tres aspectos: La protecci\u00f3n, la educaci\u00f3n en la seguridad y la sensibilizaci\u00f3n e investigaci\u00f3n de manera preventiva. Axa tambi\u00e9n colabora con distintas entidades privadas e institucionales, que fomentan el arte, la cultura y la preservaci\u00f3n del patrimonio&hellip; <\/p>\n","protected":false},"author":2,"featured_media":0,"parent":247,"menu_order":0,"comment_status":"closed","ping_status":"closed","template":"single.php","meta":{"footnotes":""},"class_list":["post-251","page","type-page","status-publish","hentry"],"yoast_head":"<!-- This site is optimized with the Yoast SEO plugin v27.5 - https:\/\/yoast.com\/product\/yoast-seo-wordpress\/ -->\n<title>Coberturas Seguro de Decesos AXA | Gu\u00eda 2026<\/title>\n<meta name=\"description\" content=\"Consulta gratis las coberturas y servicios del Seguro de Decesos AXA Informaci\u00f3n actualizada en 2026. Coberturas verificadas por iDecesos.\" \/>\n<meta name=\"robots\" content=\"index, follow, max-snippet:-1, max-image-preview:large, max-video-preview:-1\" \/>\n<link rel=\"canonical\" href=\"https:\/\/idecesos.com\/seguros\/companias\/axa\/coberturas\/\" \/>\n<meta property=\"og:locale\" content=\"es_ES\" \/>\n<meta property=\"og:type\" content=\"article\" \/>\n<meta property=\"og:title\" content=\"Coberturas Seguro de Decesos AXA | Gu\u00eda 2026\" \/>\n<meta property=\"og:description\" content=\"Consulta gratis las coberturas y servicios del Seguro de Decesos AXA Informaci\u00f3n actualizada en 2026. Coberturas verificadas por iDecesos.\" \/>\n<meta property=\"og:url\" content=\"https:\/\/idecesos.com\/seguros\/companias\/axa\/coberturas\/\" \/>\n<meta property=\"article:modified_time\" content=\"2024-12-11T12:42:37+00:00\" \/>\n<meta name=\"twitter:card\" content=\"summary_large_image\" \/>\n<meta name=\"twitter:label1\" content=\"Tiempo de lectura\" \/>\n\t<meta name=\"twitter:data1\" content=\"5 minutos\" \/>\n<script type=\"application\/ld+json\" class=\"yoast-schema-graph\">{\"@context\":\"https:\\\/\\\/schema.org\",\"@graph\":[{\"@type\":\"WebPage\",\"@id\":\"https:\\\/\\\/idecesos.com\\\/seguros\\\/companias\\\/axa\\\/coberturas\\\/\",\"url\":\"https:\\\/\\\/idecesos.com\\\/seguros\\\/companias\\\/axa\\\/coberturas\\\/\",\"name\":\"Coberturas Seguro de Decesos AXA | Gu\u00eda 2026\",\"isPartOf\":{\"@id\":\"https:\\\/\\\/idecesos.com\\\/seguros\\\/#website\"},\"datePublished\":\"2021-07-08T20:05:11+00:00\",\"dateModified\":\"2024-12-11T12:42:37+00:00\",\"description\":\"Consulta gratis las coberturas y servicios del Seguro de Decesos AXA Informaci\u00f3n actualizada en 2026. Coberturas verificadas por iDecesos.\",\"breadcrumb\":{\"@id\":\"https:\\\/\\\/idecesos.com\\\/seguros\\\/companias\\\/axa\\\/coberturas\\\/#breadcrumb\"},\"inLanguage\":\"es\",\"potentialAction\":[{\"@type\":\"ReadAction\",\"target\":[\"https:\\\/\\\/idecesos.com\\\/seguros\\\/companias\\\/axa\\\/coberturas\\\/\"]}]},{\"@type\":\"BreadcrumbList\",\"@id\":\"https:\\\/\\\/idecesos.com\\\/seguros\\\/companias\\\/axa\\\/coberturas\\\/#breadcrumb\",\"itemListElement\":[{\"@type\":\"ListItem\",\"position\":1,\"name\":\"Portada\",\"item\":\"https:\\\/\\\/idecesos.com\\\/seguros\\\/\"},{\"@type\":\"ListItem\",\"position\":2,\"name\":\"Compa\u00f1\u00edas de Seguros de Decesos en Espa\u00f1a\",\"item\":\"https:\\\/\\\/idecesos.com\\\/seguros\\\/companias\\\/\"},{\"@type\":\"ListItem\",\"position\":3,\"name\":\"Seguro de Decesos AXA\",\"item\":\"https:\\\/\\\/idecesos.com\\\/seguros\\\/companias\\\/axa\\\/\"},{\"@type\":\"ListItem\",\"position\":4,\"name\":\"Coberturas Seguro de Decesos AXA\"}]},{\"@type\":\"WebSite\",\"@id\":\"https:\\\/\\\/idecesos.com\\\/seguros\\\/#website\",\"url\":\"https:\\\/\\\/idecesos.com\\\/seguros\\\/\",\"name\":\"\",\"description\":\"\",\"potentialAction\":[{\"@type\":\"SearchAction\",\"target\":{\"@type\":\"EntryPoint\",\"urlTemplate\":\"https:\\\/\\\/idecesos.com\\\/seguros\\\/?s={search_term_string}\"},\"query-input\":{\"@type\":\"PropertyValueSpecification\",\"valueRequired\":true,\"valueName\":\"search_term_string\"}}],\"inLanguage\":\"es\"}]}<\/script>\n<!-- \/ Yoast SEO plugin. -->","yoast_head_json":{"title":"Coberturas Seguro de Decesos AXA | Gu\u00eda 2026","description":"Consulta gratis las coberturas y servicios del Seguro de Decesos AXA Informaci\u00f3n actualizada en 2026. Coberturas verificadas por iDecesos.","robots":{"index":"index","follow":"follow","max-snippet":"max-snippet:-1","max-image-preview":"max-image-preview:large","max-video-preview":"max-video-preview:-1"},"canonical":"https:\/\/idecesos.com\/seguros\/companias\/axa\/coberturas\/","og_locale":"es_ES","og_type":"article","og_title":"Coberturas Seguro de Decesos AXA | Gu\u00eda 2026","og_description":"Consulta gratis las coberturas y servicios del Seguro de Decesos AXA Informaci\u00f3n actualizada en 2026. Coberturas verificadas por iDecesos.","og_url":"https:\/\/idecesos.com\/seguros\/companias\/axa\/coberturas\/","article_modified_time":"2024-12-11T12:42:37+00:00","twitter_card":"summary_large_image","twitter_misc":{"Tiempo de lectura":"5 minutos"},"schema":{"@context":"https:\/\/schema.org","@graph":[{"@type":"WebPage","@id":"https:\/\/idecesos.com\/seguros\/companias\/axa\/coberturas\/","url":"https:\/\/idecesos.com\/seguros\/companias\/axa\/coberturas\/","name":"Coberturas Seguro de Decesos AXA | Gu\u00eda 2026","isPartOf":{"@id":"https:\/\/idecesos.com\/seguros\/#website"},"datePublished":"2021-07-08T20:05:11+00:00","dateModified":"2024-12-11T12:42:37+00:00","description":"Consulta gratis las coberturas y servicios del Seguro de Decesos AXA Informaci\u00f3n actualizada en 2026. Coberturas verificadas por iDecesos.","breadcrumb":{"@id":"https:\/\/idecesos.com\/seguros\/companias\/axa\/coberturas\/#breadcrumb"},"inLanguage":"es","potentialAction":[{"@type":"ReadAction","target":["https:\/\/idecesos.com\/seguros\/companias\/axa\/coberturas\/"]}]},{"@type":"BreadcrumbList","@id":"https:\/\/idecesos.com\/seguros\/companias\/axa\/coberturas\/#breadcrumb","itemListElement":[{"@type":"ListItem","position":1,"name":"Portada","item":"https:\/\/idecesos.com\/seguros\/"},{"@type":"ListItem","position":2,"name":"Compa\u00f1\u00edas de Seguros de Decesos en Espa\u00f1a","item":"https:\/\/idecesos.com\/seguros\/companias\/"},{"@type":"ListItem","position":3,"name":"Seguro de Decesos AXA","item":"https:\/\/idecesos.com\/seguros\/companias\/axa\/"},{"@type":"ListItem","position":4,"name":"Coberturas Seguro de Decesos AXA"}]},{"@type":"WebSite","@id":"https:\/\/idecesos.com\/seguros\/#website","url":"https:\/\/idecesos.com\/seguros\/","name":"","description":"","potentialAction":[{"@type":"SearchAction","target":{"@type":"EntryPoint","urlTemplate":"https:\/\/idecesos.com\/seguros\/?s={search_term_string}"},"query-input":{"@type":"PropertyValueSpecification","valueRequired":true,"valueName":"search_term_string"}}],"inLanguage":"es"}]}},"_links":{"self":[{"href":"https:\/\/idecesos.com\/seguros\/wp-json\/wp\/v2\/pages\/251","targetHints":{"allow":["GET"]}}],"collection":[{"href":"https:\/\/idecesos.com\/seguros\/wp-json\/wp\/v2\/pages"}],"about":[{"href":"https:\/\/idecesos.com\/seguros\/wp-json\/wp\/v2\/types\/page"}],"author":[{"embeddable":true,"href":"https:\/\/idecesos.com\/seguros\/wp-json\/wp\/v2\/users\/2"}],"replies":[{"embeddable":true,"href":"https:\/\/idecesos.com\/seguros\/wp-json\/wp\/v2\/comments?post=251"}],"version-history":[{"count":5,"href":"https:\/\/idecesos.com\/seguros\/wp-json\/wp\/v2\/pages\/251\/revisions"}],"predecessor-version":[{"id":22150,"href":"https:\/\/idecesos.com\/seguros\/wp-json\/wp\/v2\/pages\/251\/revisions\/22150"}],"up":[{"embeddable":true,"href":"https:\/\/idecesos.com\/seguros\/wp-json\/wp\/v2\/pages\/247"}],"wp:attachment":[{"href":"https:\/\/idecesos.com\/seguros\/wp-json\/wp\/v2\/media?parent=251"}],"curies":[{"name":"wp","href":"https:\/\/api.w.org\/{rel}","templated":true}]}}