{"id":255,"date":"2021-12-15T16:02:53","date_gmt":"2021-07-08T20:07:31","guid":{"rendered":"https:\/\/idecesos.com\/seguros\/?page_id=255"},"modified":"2022-04-05T10:52:06","modified_gmt":"2022-04-05T10:52:06","slug":"precio","status":"publish","type":"page","link":"https:\/\/idecesos.com\/seguros\/companias\/axa\/precio\/","title":{"rendered":"\u00bfCu\u00e1nto cuesta el seguro de decesos AXA?"},"content":{"rendered":"<div id=\"ez-toc-container\" class=\"ez-toc-v2_0_83 ez-toc-wrap-center counter-hierarchy ez-toc-counter ez-toc-custom ez-toc-container-direction\">\n<div class=\"ez-toc-title-container\">\n<p class=\"ez-toc-title\" style=\"cursor:inherit\">Tabla de Contenido<\/p>\n<span class=\"ez-toc-title-toggle\"><a href=\"#\" class=\"ez-toc-pull-right ez-toc-btn ez-toc-btn-xs ez-toc-btn-default ez-toc-toggle\" aria-label=\"Alternar tabla de contenidos\"><span class=\"ez-toc-js-icon-con\"><span class=\"\"><span class=\"eztoc-hide\" style=\"display:none;\">Toggle<\/span><span class=\"ez-toc-icon-toggle-span\"><svg style=\"fill: #db6415;color:#db6415\" xmlns=\"http:\/\/www.w3.org\/2000\/svg\" class=\"list-377408\" width=\"20px\" height=\"20px\" viewBox=\"0 0 24 24\" fill=\"none\"><path d=\"M6 6H4v2h2V6zm14 0H8v2h12V6zM4 11h2v2H4v-2zm16 0H8v2h12v-2zM4 16h2v2H4v-2zm16 0H8v2h12v-2z\" fill=\"currentColor\"><\/path><\/svg><svg style=\"fill: #db6415;color:#db6415\" class=\"arrow-unsorted-368013\" xmlns=\"http:\/\/www.w3.org\/2000\/svg\" width=\"10px\" height=\"10px\" viewBox=\"0 0 24 24\" version=\"1.2\" baseProfile=\"tiny\"><path d=\"M18.2 9.3l-6.2-6.3-6.2 6.3c-.2.2-.3.4-.3.7s.1.5.3.7c.2.2.4.3.7.3h11c.3 0 .5-.1.7-.3.2-.2.3-.5.3-.7s-.1-.5-.3-.7zM5.8 14.7l6.2 6.3 6.2-6.3c.2-.2.3-.5.3-.7s-.1-.5-.3-.7c-.2-.2-.4-.3-.7-.3h-11c-.3 0-.5.1-.7.3-.2.2-.3.5-.3.7s.1.5.3.7z\"\/><\/svg><\/span><\/span><\/span><\/a><\/span><\/div>\n<nav><ul class='ez-toc-list ez-toc-list-level-1 ' ><li class='ez-toc-page-1 ez-toc-heading-level-2'><a class=\"ez-toc-link ez-toc-heading-1\" href=\"https:\/\/idecesos.com\/seguros\/companias\/axa\/precio\/#Calcular_precio_seguro_de_decesos_AXA\" >Calcular precio seguro de decesos AXA<\/a><\/li><li class='ez-toc-page-1 ez-toc-heading-level-2'><a class=\"ez-toc-link ez-toc-heading-2\" href=\"https:\/\/idecesos.com\/seguros\/companias\/axa\/precio\/#Tabla_comparativa_de_precios_AXA\" >Tabla comparativa de precios AXA<\/a><ul class='ez-toc-list-level-3' ><li class='ez-toc-heading-level-3'><a class=\"ez-toc-link ez-toc-heading-3\" href=\"https:\/\/idecesos.com\/seguros\/companias\/axa\/precio\/#%C2%BFCual_es_la_mejor_tarifa_de_seguros_de_AXA\" >\u00bfCu\u00e1l es la mejor tarifa de seguros de AXA ?<\/a><\/li><li class='ez-toc-page-1 ez-toc-heading-level-3'><a class=\"ez-toc-link ez-toc-heading-4\" href=\"https:\/\/idecesos.com\/seguros\/companias\/axa\/precio\/#%C2%BFPuede_aumentar_precio_mensual_de_los_seguros_de_AXA\" >\u00bfPuede aumentar precio mensual de los seguros de AXA ?<\/a><\/li><li class='ez-toc-page-1 ez-toc-heading-level-3'><a class=\"ez-toc-link ez-toc-heading-5\" href=\"https:\/\/idecesos.com\/seguros\/companias\/axa\/precio\/#%C2%BFEl_precio_de_seguros_de_decesos_AXA_sube_con_la_edad\" >\u00bfEl precio de seguros de decesos AXA sube con la edad?<\/a><\/li><\/ul><\/li><\/ul><\/nav><\/div>\n<p><br \/>\nLa muerte es el \u00fanico momento en el que a lo largo de tu vida no te puedes ayudar a ti. Estate sosegado. AXA se ocupar\u00e1 de darte toda la calma que necesitas a ti y a tus seres queridos para que todo est\u00e9 bajo control en el momento del \u00f3bito. Dicen que hay muertos que te ense\u00f1an a vivir \u00bfEs de este modo o bien solo queda el consuelo de pensarlo? AXA queda avalado por sus asegurados de m\u00e1s de 30 mil personas que aseguran que desde que cuentan con la compa\u00f1\u00eda han logrado sentirse m\u00e1s aliviados sabiendo que dejan todo en sus manos. El precio de cada una de las primas de un seguro de decesos puede cambiar en dependencia de muchos aspectos. Las coberturas o diferentes factores como la edad del asegurado o bien el lugar donde radica pueden ser uno de ellos. Cuanto m\u00e1s coberturas escoja, lo normal es que, su precio final va a ser mayor. AXA apuesta por ofrecerte la mejor calidad y precios con sus p\u00f3lizas dando a sus clientes una personalizaci\u00f3n casi exacta con sus necesidades.<\/p>\n<div class=\"colorf\"><div class=\"container clearfix\"><div class=\"col-md-7\">\n<h2><span class=\"ez-toc-section\" id=\"Calcular_precio_seguro_de_decesos_AXA\"><\/span>Calcular precio seguro de decesos AXA<span class=\"ez-toc-section-end\"><\/span><\/h2>\n<p>Con nuestros servicios calcular el precio de su seguro de decesos es m\u00e1s simple. B\u00e1sicamente debes llenar cuatro campos y en unos momentos nuestro motor de b\u00fasqueda le se\u00f1alar\u00e1 las tarifas de las compa\u00f1\u00edas aseguradoras m\u00e1s competitivas del mercado seg\u00fan su perfil, simple y r\u00e1pido. AXA es una de las entidades aseguradoras mejor preparadas para dar un servicio de asistencia de administraci\u00f3n completa de defunci\u00f3n a nivel nacional, adem\u00e1s, est\u00e1 conformada por una plantilla con profesionales de m\u00e1ximo nivel para poder realizarlo. Es precisamente por esto que AXA te ofrece todo lo que est\u00e1s buscando: profesionalidad, buenos precios y su amplia gama de servicios son las caracter\u00edsticas por las que m\u00e1s destacan entre el resto de compa\u00f1\u00edas aseguradoras y por las que sus clientes del servicio han decidido confiar en ellos.<br \/>\n<\/div><\/div><\/div><\/p>\n<h2><span class=\"ez-toc-section\" id=\"Tabla_comparativa_de_precios_AXA\"><\/span>Tabla comparativa de precios AXA<span class=\"ez-toc-section-end\"><\/span><\/h2>\n<p><div class=\"cabecera_tabla_precio\"><table class=\"table table-striped\"><thead><tr><th class=\"nosepara centrado\">Tipo<\/th><th class=\"nosepara centrado nojustificado\">Precio Desde<\/th><th class=\"nosepara dcha\"><\/th><\/tr><\/thead><tbody><tr class=\"fila_tabla_precio\"><td class=\"nosepara izq\">Precio Seguro Decesos AXA<\/td><td class=\"nosepara centro\">1,69 \u20ac\/mes<\/td><td class=\"nosepara derecha\">\t\t\t\t\t\n\t\t\t\t\t\t<span class=\"\" style=\"cursor:pointer\" data-bs-toggle=\"modal\" data-bs-target=\"#comparadorModal\">Calcular<\/span>\t\t\t\t\n\t\t\t\t\t\n\t\t\t\t<\/td><\/tr><\/div><tr class=\"fila_tabla_precio\"><td class=\"nosepara izq\">Precio Prima \u00danica AXA<\/td><td class=\"nosepara centro\">2435 \u20ac<\/td><td class=\"nosepara derecha\">\t\t\t\t\t\n\t\t\t\t\t\t<span class=\"\" style=\"cursor:pointer\" data-bs-toggle=\"modal\" data-bs-target=\"#comparadorModal\">Calcular<\/span>\t\t\t\t\n\t\t\t\t\t\n\t\t\t\t<\/td><\/tr><\/div><tr class=\"fila_tabla_precio\"><td class=\"nosepara izq\">Precio Prima Natural AXA<\/td><td class=\"nosepara centro\">1,28 \u20ac\/mes<\/td><td class=\"nosepara derecha\">\t\t\t\t\t\n\t\t\t\t\t\t<span class=\"\" style=\"cursor:pointer\" data-bs-toggle=\"modal\" data-bs-target=\"#comparadorModal\">Calcular<\/span>\t\t\t\t\n\t\t\t\t\t\n\t\t\t\t<\/td><\/tr><\/div><tr class=\"fila_tabla_precio\"><td class=\"nosepara izq\">Precio Prima Nivelada AXA<\/td><td class=\"nosepara centro\">1,77 \u20ac\/mes<\/td><td class=\"nosepara derecha\">\t\t\t\t\t\n\t\t\t\t\t\t<span class=\"\" style=\"cursor:pointer\" data-bs-toggle=\"modal\" data-bs-target=\"#comparadorModal\">Calcular<\/span>\t\t\t\t\n\t\t\t\t\t\n\t\t\t\t<\/td><\/tr><\/div><tr class=\"fila_tabla_precio\"><td class=\"nosepara izq\">Precio Prima Mixta AXA<\/td><td class=\"nosepara centro\">1,47 \u20ac\/mes<\/td><td class=\"nosepara derecha\">\t\t\t\t\t\n\t\t\t\t\t\t<span class=\"\" style=\"cursor:pointer\" data-bs-toggle=\"modal\" data-bs-target=\"#comparadorModal\">Calcular<\/span>\t\t\t\t\n\t\t\t\t\t\n\t\t\t\t<\/td><\/tr><\/div><tr class=\"fila_tabla_precio\"><td class=\"nosepara izq\">Precio Prima Seminatural AXA<\/td><td class=\"nosepara centro\">1,50 \u20ac\/mes<\/td><td class=\"nosepara derecha\">\t\t\t\t\t\n\t\t\t\t\t\t<span class=\"\" style=\"cursor:pointer\" data-bs-toggle=\"modal\" data-bs-target=\"#comparadorModal\">Calcular<\/span>\t\t\t\t\n\t\t\t\t\t\n\t\t\t\t<\/td><\/tr><\/div><tr class=\"fila_tabla_precio\"><td class=\"nosepara izq\">Precio con Repatriaci\u00f3n AXA<\/td><td class=\"nosepara centro\">0,87 \u20ac a la cuota<\/td><td class=\"nosepara derecha\">\t\t\t\t\t\n\t\t\t\t\t\t<span class=\"\" style=\"cursor:pointer\" data-bs-toggle=\"modal\" data-bs-target=\"#comparadorModal\">Calcular<\/span>\t\t\t\t\n\t\t\t\t\t\n\t\t\t\t<\/td><\/tr><\/div><tr class=\"fila_tabla_precio\"><td class=\"nosepara izq\">Precio Seguro Defunci\u00f3n AXA<\/td><td class=\"nosepara centro\">1,56 \u20ac\/mes<\/td><td class=\"nosepara derecha\">\t\t\t\t\t\n\t\t\t\t\t\t<span class=\"\" style=\"cursor:pointer\" data-bs-toggle=\"modal\" data-bs-target=\"#comparadorModal\">Calcular<\/span>\t\t\t\t\n\t\t\t\t\t\n\t\t\t\t<\/td><\/tr><\/div><tr class=\"fila_tabla_precio\"><td class=\"nosepara izq\">Precio Seguro Fallecimiento AXA<\/td><td class=\"nosepara centro\">1,43 \u20ac\/mes<\/td><td class=\"nosepara derecha\">\t\t\t\t\t\n\t\t\t\t\t\t<span class=\"\" style=\"cursor:pointer\" data-bs-toggle=\"modal\" data-bs-target=\"#comparadorModal\">Calcular<\/span>\t\t\t\t\n\t\t\t\t\t\n\t\t\t\t<\/td><\/tr><\/div><tr class=\"fila_tabla_precio\"><td class=\"nosepara izq\">Precio Seguro Muertos AXA<\/td><td class=\"nosepara centro\">1,61 \u20ac\/mes<\/td><td class=\"nosepara derecha\">\t\t\t\t\t\n\t\t\t\t\t\t<span class=\"\" style=\"cursor:pointer\" data-bs-toggle=\"modal\" data-bs-target=\"#comparadorModal\">Calcular<\/span>\t\t\t\t\n\t\t\t\t\t\n\t\t\t\t<\/td><\/tr><\/div><tr class=\"fila_tabla_precio\"><td class=\"nosepara izq\">Precio Asistencia Familiar AXA<\/td><td class=\"nosepara centro\">1,54 \u20ac\/mes<\/td><td class=\"nosepara derecha\">\t\t\t\t\t\n\t\t\t\t\t\t<span class=\"\" style=\"cursor:pointer\" data-bs-toggle=\"modal\" data-bs-target=\"#comparadorModal\">Calcular<\/span>\t\t\t\t\n\t\t\t\t\t\n\t\t\t\t<\/td><\/tr><\/div><\/tbody><\/table><\/div><\/p>\n<p>Ahora le mostramos una tabla con las tarifas de cada g\u00e9nero de prima que le ofrece el seguro de decesos de AXA. Estas primas han sido creadas pensando en las necesidades de cada usuario para que cada uno pueda seleccionar la que mejor se adapte a \u00e9l. Estos son los diferentes tipos de precios de las primas que brinda AXA.<br \/>\n<div class=\"colorf\"><div class=\"container clearfix\"><div class=\"col-md-7\"><\/p>\n<h3><span class=\"ez-toc-section\" id=\"%C2%BFCual_es_la_mejor_tarifa_de_seguros_de_AXA\"><\/span>\u00bfCu\u00e1l es la mejor tarifa de seguros de AXA ?<span class=\"ez-toc-section-end\"><\/span><\/h3>\n<p>Tiene delante la soluci\u00f3n a todas sus exigencias para un seguro de defunci\u00f3n con AXALas coberturas a\u00f1adidas m\u00e1s importantes y m\u00e1s diferenciadoras del mercado las goza las diferentes empresas de seguros de forma particular las p\u00f3lizas de seguro de decesos que ofertamos en nuestro porfolio de seguro de defunci\u00f3n. Nosotros, iDecesos vamos a buscar por ti, entre las mejores ofertas y descuentos del mercado de seguros en Espa\u00f1a y te asesoraremos para que aciertes con la opci\u00f3n que escojas.<br \/>\n<\/div><\/div><\/div><\/p>\n<h3><span class=\"ez-toc-section\" id=\"%C2%BFPuede_aumentar_precio_mensual_de_los_seguros_de_AXA\"><\/span>\u00bfPuede aumentar precio mensual de los seguros de AXA ?<span class=\"ez-toc-section-end\"><\/span><\/h3>\n<p>Debe tener en consideraci\u00f3n que dependiendo de la prima que contrate con AXA si ocurre alguna subida en su tarifa quedar\u00e1 recogido en el contrato del asegurado. Si bien en determinados casos la compa\u00f1\u00eda aseguradora no le informa por el hecho de que no est\u00e1 en su obligaci\u00f3n. AXA se hace cargo de dar la total tranquilidad a sus asegurados. Puedes tener total confianza en AXA puesto que est\u00e1 posicionada como una de las aseguradoras m\u00e1s transparentes del mercado espa\u00f1ol. Lo m\u00e1s esencial que se debe tener en cuenta es la seguridad de tu ser querido.<br \/>\n<div class=\"colorf\"><div class=\"container clearfix\"><div class=\"col-md-7\"><\/p>\n<h3><span class=\"ez-toc-section\" id=\"%C2%BFEl_precio_de_seguros_de_decesos_AXA_sube_con_la_edad\"><\/span>\u00bfEl precio de seguros de decesos AXA sube con la edad?<span class=\"ez-toc-section-end\"><\/span><\/h3>\n<p>No debes temer por nada, AXA no te va a subir la tarifa por la edad del asegurado. Aunque el incremento de su p\u00f3liza puede causarse, no tiene porqu\u00e9 preocuparse, es realmente dif\u00edcil que esto ocurra con lo que puede estar tranquilo. Cuando se efect\u00faa la p\u00f3liza se hace referencia a la edad de la persona asegurada. Las distintas modalidades que cuenta AXA son prima nivelada, prima natural, mixta, seminatural y \u00fanica. Donde las coberturas que da la aseguradora son m\u00e1s valoradas por cada uno de ellos de sus clientes, debes tener en cuenta que efectuar un contrato de seguro de decesos no cuenta con una edad limitada. Deja de darle vueltas, es el instante de contratar tu seguro de decesos con AXA.<br \/>\n<\/div><\/div><\/div><\/p>\n<p><h3>P\u00e1ginas relacionadas<\/h3><div class=\"enlazado\"><ul> <li><a href=\"https:\/\/idecesos.com\/seguros\/companias\/axa\/coberturas\/\">Coberturas Seguro de Decesos AXA<\/a><\/li> <li><a href=\"https:\/\/idecesos.com\/seguros\/companias\/axa\/opiniones\/\">Opiniones AXA<\/a><\/li> <li><a href=\"https:\/\/idecesos.com\/seguros\/companias\/axa\/precio\/\">Precio seguro AXA<\/a><\/li> <li><a href=\"https:\/\/idecesos.com\/seguros\/companias\/axa\/prima-mixta\/\">AXA Prima Mixta<\/a><\/li> <li><a href=\"https:\/\/idecesos.com\/seguros\/companias\/axa\/prima-natural\/\">AXA Prima Natural<\/a><\/li> <li><a href=\"https:\/\/idecesos.com\/seguros\/companias\/axa\/prima-nivelada\/\">AXA Prima Nivelada<\/a><\/li> <li><a href=\"https:\/\/idecesos.com\/seguros\/companias\/axa\/prima-unica\/\">AXA Prima \u00danica<\/a><\/li> <li><a href=\"https:\/\/idecesos.com\/seguros\/companias\/axa\/repatriacion\/\">AXA Repatriaci\u00f3n<\/a><\/li> <li><a href=\"https:\/\/idecesos.com\/seguros\/companias\/axa\/telefono\/\">Tel\u00e9fono Gratuito AXA<\/a><\/li><\/ul><\/div> <h3>P\u00e1ginas relacionadas<\/h3><div class=\"enlazado\"><ul> <li><a href=\"https:\/\/idecesos.com\/seguros\/companias\/axa\/coberturas\/\">Coberturas Seguro de Decesos AXA<\/a><\/li> <li><a href=\"https:\/\/idecesos.com\/seguros\/companias\/axa\/opiniones\/\">Opiniones AXA<\/a><\/li> <li><a href=\"https:\/\/idecesos.com\/seguros\/companias\/axa\/precio\/\">Precio seguro AXA<\/a><\/li> <li><a href=\"https:\/\/idecesos.com\/seguros\/companias\/axa\/prima-mixta\/\">AXA Prima Mixta<\/a><\/li> <li><a href=\"https:\/\/idecesos.com\/seguros\/companias\/axa\/prima-natural\/\">AXA Prima Natural<\/a><\/li> <li><a href=\"https:\/\/idecesos.com\/seguros\/companias\/axa\/prima-nivelada\/\">AXA Prima Nivelada<\/a><\/li> <li><a href=\"https:\/\/idecesos.com\/seguros\/companias\/axa\/prima-unica\/\">AXA Prima \u00danica<\/a><\/li> <li><a href=\"https:\/\/idecesos.com\/seguros\/companias\/axa\/repatriacion\/\">AXA Repatriaci\u00f3n<\/a><\/li> <li><a href=\"https:\/\/idecesos.com\/seguros\/companias\/axa\/telefono\/\">Tel\u00e9fono Gratuito AXA<\/a><\/li><\/ul><\/div><\/p>\n","protected":false},"excerpt":{"rendered":"<p>La muerte es el \u00fanico momento en el que a lo largo de tu vida no te puedes ayudar a ti. Estate sosegado. AXA se ocupar\u00e1 de darte toda la calma que necesitas a ti y a tus seres queridos para que todo est\u00e9 bajo control en el momento del \u00f3bito. Dicen que hay muertos&hellip; <\/p>\n","protected":false},"author":1,"featured_media":17351,"parent":247,"menu_order":0,"comment_status":"closed","ping_status":"closed","template":"single.php","meta":{"footnotes":""},"class_list":["post-255","page","type-page","status-publish","has-post-thumbnail","hentry"],"yoast_head":"<!-- This site is optimized with the Yoast SEO plugin v27.6 - https:\/\/yoast.com\/product\/yoast-seo-wordpress\/ -->\n<title>Precio Seguro Decesos AXA \u25b7DTO 25% I Oferta 2026<\/title>\n<meta name=\"description\" content=\"Calcular aqu\u00ed\u3010precio seguro de decesos AXA\u3011Tarifas, oferta y descuento de seguro defunci\u00f3n AXA 2026 \u2611\ufe0fiDecesos\u00ae N\u00ba1 en ahorro\" \/>\n<meta name=\"robots\" content=\"index, follow, max-snippet:-1, max-image-preview:large, max-video-preview:-1\" \/>\n<link rel=\"canonical\" href=\"https:\/\/idecesos.com\/seguros\/companias\/axa\/precio\/\" \/>\n<meta property=\"og:locale\" content=\"es_ES\" \/>\n<meta property=\"og:type\" content=\"article\" \/>\n<meta property=\"og:title\" content=\"Precio Seguro Decesos AXA \u25b7DTO 25% I Oferta 2026\" \/>\n<meta property=\"og:description\" content=\"Calcular aqu\u00ed\u3010precio seguro de decesos AXA\u3011Tarifas, oferta y descuento de seguro defunci\u00f3n AXA 2026 \u2611\ufe0fiDecesos\u00ae N\u00ba1 en ahorro\" \/>\n<meta property=\"og:url\" content=\"https:\/\/idecesos.com\/seguros\/companias\/axa\/precio\/\" \/>\n<meta property=\"article:modified_time\" content=\"2022-04-05T10:52:06+00:00\" \/>\n<meta property=\"og:image\" content=\"https:\/\/idecesos.com\/seguros\/wp-content\/uploads\/2021\/12\/precio-2.jpg-17.jpeg\" \/>\n\t<meta property=\"og:image:width\" content=\"1500\" \/>\n\t<meta property=\"og:image:height\" content=\"559\" \/>\n\t<meta property=\"og:image:type\" content=\"image\/jpeg\" \/>\n<meta name=\"twitter:card\" content=\"summary_large_image\" \/>\n<meta name=\"twitter:label1\" content=\"Tiempo de lectura\" \/>\n\t<meta name=\"twitter:data1\" content=\"4 minutos\" \/>\n<script type=\"application\/ld+json\" class=\"yoast-schema-graph\">{\"@context\":\"https:\\\/\\\/schema.org\",\"@graph\":[{\"@type\":\"WebPage\",\"@id\":\"https:\\\/\\\/idecesos.com\\\/seguros\\\/companias\\\/axa\\\/precio\\\/\",\"url\":\"https:\\\/\\\/idecesos.com\\\/seguros\\\/companias\\\/axa\\\/precio\\\/\",\"name\":\"Precio Seguro Decesos AXA \u25b7DTO 25% I Oferta 2026\",\"isPartOf\":{\"@id\":\"https:\\\/\\\/idecesos.com\\\/seguros\\\/#website\"},\"primaryImageOfPage\":{\"@id\":\"https:\\\/\\\/idecesos.com\\\/seguros\\\/companias\\\/axa\\\/precio\\\/#primaryimage\"},\"image\":{\"@id\":\"https:\\\/\\\/idecesos.com\\\/seguros\\\/companias\\\/axa\\\/precio\\\/#primaryimage\"},\"thumbnailUrl\":\"https:\\\/\\\/idecesos.com\\\/seguros\\\/wp-content\\\/uploads\\\/2021\\\/12\\\/precio-2.jpg-17.jpeg\",\"datePublished\":\"2021-07-08T20:07:31+00:00\",\"dateModified\":\"2022-04-05T10:52:06+00:00\",\"description\":\"Calcular aqu\u00ed\u3010precio seguro de decesos AXA\u3011Tarifas, oferta y descuento de seguro defunci\u00f3n AXA 2026 \u2611\ufe0fiDecesos\u00ae N\u00ba1 en ahorro\",\"breadcrumb\":{\"@id\":\"https:\\\/\\\/idecesos.com\\\/seguros\\\/companias\\\/axa\\\/precio\\\/#breadcrumb\"},\"inLanguage\":\"es\",\"potentialAction\":[{\"@type\":\"ReadAction\",\"target\":[\"https:\\\/\\\/idecesos.com\\\/seguros\\\/companias\\\/axa\\\/precio\\\/\"]}]},{\"@type\":\"ImageObject\",\"inLanguage\":\"es\",\"@id\":\"https:\\\/\\\/idecesos.com\\\/seguros\\\/companias\\\/axa\\\/precio\\\/#primaryimage\",\"url\":\"https:\\\/\\\/idecesos.com\\\/seguros\\\/wp-content\\\/uploads\\\/2021\\\/12\\\/precio-2.jpg-17.jpeg\",\"contentUrl\":\"https:\\\/\\\/idecesos.com\\\/seguros\\\/wp-content\\\/uploads\\\/2021\\\/12\\\/precio-2.jpg-17.jpeg\",\"width\":1500,\"height\":559,\"caption\":\"Precio AXA\"},{\"@type\":\"BreadcrumbList\",\"@id\":\"https:\\\/\\\/idecesos.com\\\/seguros\\\/companias\\\/axa\\\/precio\\\/#breadcrumb\",\"itemListElement\":[{\"@type\":\"ListItem\",\"position\":1,\"name\":\"Portada\",\"item\":\"https:\\\/\\\/idecesos.com\\\/seguros\\\/\"},{\"@type\":\"ListItem\",\"position\":2,\"name\":\"Compa\u00f1\u00edas de Seguros de Decesos en Espa\u00f1a\",\"item\":\"https:\\\/\\\/idecesos.com\\\/seguros\\\/companias\\\/\"},{\"@type\":\"ListItem\",\"position\":3,\"name\":\"Seguro de Decesos AXA\",\"item\":\"https:\\\/\\\/idecesos.com\\\/seguros\\\/companias\\\/axa\\\/\"},{\"@type\":\"ListItem\",\"position\":4,\"name\":\"\u00bfCu\u00e1nto cuesta el seguro de decesos AXA?\"}]},{\"@type\":\"WebSite\",\"@id\":\"https:\\\/\\\/idecesos.com\\\/seguros\\\/#website\",\"url\":\"https:\\\/\\\/idecesos.com\\\/seguros\\\/\",\"name\":\"\",\"description\":\"\",\"potentialAction\":[{\"@type\":\"SearchAction\",\"target\":{\"@type\":\"EntryPoint\",\"urlTemplate\":\"https:\\\/\\\/idecesos.com\\\/seguros\\\/?s={search_term_string}\"},\"query-input\":{\"@type\":\"PropertyValueSpecification\",\"valueRequired\":true,\"valueName\":\"search_term_string\"}}],\"inLanguage\":\"es\"}]}<\/script>\n<!-- \/ Yoast SEO plugin. -->","yoast_head_json":{"title":"Precio Seguro Decesos AXA \u25b7DTO 25% I Oferta 2026","description":"Calcular aqu\u00ed\u3010precio seguro de decesos AXA\u3011Tarifas, oferta y descuento de seguro defunci\u00f3n AXA 2026 \u2611\ufe0fiDecesos\u00ae N\u00ba1 en ahorro","robots":{"index":"index","follow":"follow","max-snippet":"max-snippet:-1","max-image-preview":"max-image-preview:large","max-video-preview":"max-video-preview:-1"},"canonical":"https:\/\/idecesos.com\/seguros\/companias\/axa\/precio\/","og_locale":"es_ES","og_type":"article","og_title":"Precio Seguro Decesos AXA \u25b7DTO 25% I Oferta 2026","og_description":"Calcular aqu\u00ed\u3010precio seguro de decesos AXA\u3011Tarifas, oferta y descuento de seguro defunci\u00f3n AXA 2026 \u2611\ufe0fiDecesos\u00ae N\u00ba1 en ahorro","og_url":"https:\/\/idecesos.com\/seguros\/companias\/axa\/precio\/","article_modified_time":"2022-04-05T10:52:06+00:00","og_image":[{"width":1500,"height":559,"url":"https:\/\/idecesos.com\/seguros\/wp-content\/uploads\/2021\/12\/precio-2.jpg-17.jpeg","type":"image\/jpeg"}],"twitter_card":"summary_large_image","twitter_misc":{"Tiempo de lectura":"4 minutos"},"schema":{"@context":"https:\/\/schema.org","@graph":[{"@type":"WebPage","@id":"https:\/\/idecesos.com\/seguros\/companias\/axa\/precio\/","url":"https:\/\/idecesos.com\/seguros\/companias\/axa\/precio\/","name":"Precio Seguro Decesos AXA \u25b7DTO 25% I Oferta 2026","isPartOf":{"@id":"https:\/\/idecesos.com\/seguros\/#website"},"primaryImageOfPage":{"@id":"https:\/\/idecesos.com\/seguros\/companias\/axa\/precio\/#primaryimage"},"image":{"@id":"https:\/\/idecesos.com\/seguros\/companias\/axa\/precio\/#primaryimage"},"thumbnailUrl":"https:\/\/idecesos.com\/seguros\/wp-content\/uploads\/2021\/12\/precio-2.jpg-17.jpeg","datePublished":"2021-07-08T20:07:31+00:00","dateModified":"2022-04-05T10:52:06+00:00","description":"Calcular aqu\u00ed\u3010precio seguro de decesos AXA\u3011Tarifas, oferta y descuento de seguro defunci\u00f3n AXA 2026 \u2611\ufe0fiDecesos\u00ae N\u00ba1 en ahorro","breadcrumb":{"@id":"https:\/\/idecesos.com\/seguros\/companias\/axa\/precio\/#breadcrumb"},"inLanguage":"es","potentialAction":[{"@type":"ReadAction","target":["https:\/\/idecesos.com\/seguros\/companias\/axa\/precio\/"]}]},{"@type":"ImageObject","inLanguage":"es","@id":"https:\/\/idecesos.com\/seguros\/companias\/axa\/precio\/#primaryimage","url":"https:\/\/idecesos.com\/seguros\/wp-content\/uploads\/2021\/12\/precio-2.jpg-17.jpeg","contentUrl":"https:\/\/idecesos.com\/seguros\/wp-content\/uploads\/2021\/12\/precio-2.jpg-17.jpeg","width":1500,"height":559,"caption":"Precio AXA"},{"@type":"BreadcrumbList","@id":"https:\/\/idecesos.com\/seguros\/companias\/axa\/precio\/#breadcrumb","itemListElement":[{"@type":"ListItem","position":1,"name":"Portada","item":"https:\/\/idecesos.com\/seguros\/"},{"@type":"ListItem","position":2,"name":"Compa\u00f1\u00edas de Seguros de Decesos en Espa\u00f1a","item":"https:\/\/idecesos.com\/seguros\/companias\/"},{"@type":"ListItem","position":3,"name":"Seguro de Decesos AXA","item":"https:\/\/idecesos.com\/seguros\/companias\/axa\/"},{"@type":"ListItem","position":4,"name":"\u00bfCu\u00e1nto cuesta el seguro de decesos AXA?"}]},{"@type":"WebSite","@id":"https:\/\/idecesos.com\/seguros\/#website","url":"https:\/\/idecesos.com\/seguros\/","name":"","description":"","potentialAction":[{"@type":"SearchAction","target":{"@type":"EntryPoint","urlTemplate":"https:\/\/idecesos.com\/seguros\/?s={search_term_string}"},"query-input":{"@type":"PropertyValueSpecification","valueRequired":true,"valueName":"search_term_string"}}],"inLanguage":"es"}]}},"_links":{"self":[{"href":"https:\/\/idecesos.com\/seguros\/wp-json\/wp\/v2\/pages\/255","targetHints":{"allow":["GET"]}}],"collection":[{"href":"https:\/\/idecesos.com\/seguros\/wp-json\/wp\/v2\/pages"}],"about":[{"href":"https:\/\/idecesos.com\/seguros\/wp-json\/wp\/v2\/types\/page"}],"author":[{"embeddable":true,"href":"https:\/\/idecesos.com\/seguros\/wp-json\/wp\/v2\/users\/1"}],"replies":[{"embeddable":true,"href":"https:\/\/idecesos.com\/seguros\/wp-json\/wp\/v2\/comments?post=255"}],"version-history":[{"count":6,"href":"https:\/\/idecesos.com\/seguros\/wp-json\/wp\/v2\/pages\/255\/revisions"}],"predecessor-version":[{"id":21001,"href":"https:\/\/idecesos.com\/seguros\/wp-json\/wp\/v2\/pages\/255\/revisions\/21001"}],"up":[{"embeddable":true,"href":"https:\/\/idecesos.com\/seguros\/wp-json\/wp\/v2\/pages\/247"}],"wp:featuredmedia":[{"embeddable":true,"href":"https:\/\/idecesos.com\/seguros\/wp-json\/wp\/v2\/media\/17351"}],"wp:attachment":[{"href":"https:\/\/idecesos.com\/seguros\/wp-json\/wp\/v2\/media?parent=255"}],"curies":[{"name":"wp","href":"https:\/\/api.w.org\/{rel}","templated":true}]}}