{"id":257,"date":"2021-07-08T20:10:37","date_gmt":"2021-07-08T20:10:37","guid":{"rendered":"https:\/\/idecesos.com\/seguros\/?page_id=257"},"modified":"2022-01-03T12:31:46","modified_gmt":"2022-01-03T12:31:46","slug":"segurcaixa","status":"publish","type":"page","link":"https:\/\/idecesos.com\/seguros\/companias\/adeslas\/segurcaixa\/","title":{"rendered":"Seguro de decesos Segurcaixa Adeslas"},"content":{"rendered":"\r\n<p>Todo sobre el seguro de decesos de SegurCaixa Adeslas. SegurCaixa Adeslas es una compa\u00f1\u00eda de seguros de gran relevancia en Espa\u00f1a, ya que cuenta con numerosos profesionales y una red de mediadores online de seguros que trabaja diariamente para atender y asesorar a sus clientes. Adem\u00e1s, sus mediadores de seguros otorgan un trato personalizado de gran calidad para protegerlo a usted y a su familia, y ofrecerle una respuesta r\u00e1pida y alternativas estrat\u00e9gicas para satisfacer sus necesidades. Esta compa\u00f1\u00eda cuenta con el respaldo de Adeslas, una empresa de gran importancia que dispone de una gran variedad de recursos y un servicio post venta de calidad.<\/p>\r\n\r\n\r\n\r\n<p>En este sentido, SegurCaixa Adeslas ofrece seguros de decesos, de salud, dental, de coche, de hogar y seguros que te brindar\u00e1n ventajosas coberturas en caso de accidente.<\/p>\r\n\r\n\r\n\r\n<p>Esta compa\u00f1\u00eda de seguros ha creado diversos productos para ayudar a las familias en los momentos m\u00e1s dif\u00edciles. Una de las p\u00f3lizas de decesos que ofrece SegurCaixa Adeslas es el Seguro de Decesos Todo Previsto, el cual incluye la prestaci\u00f3n del servicio f\u00fanebre, la cobertura de los tr\u00e1mites derivados del sepelio y una indemnizaci\u00f3n adicional en el caso de que el asegurado fallezca debido a un accidente.<\/p>\r\n\r\n\r\n\r\n<p>Con respecto a dicho seguro, cabe destacar que la p\u00f3liza Todo Previsto Decesos de Adeslas es una de las que ha experimentado un mayor crecimiento en nuestro pa\u00eds. La gran demanda de este producto se debe a los precios competitivos y a las amplias coberturas que ofrece SegurCaixa Adeslas. Y es que al adquirir este seguro, dicha entidad se ocupar\u00e1 del Servicio f\u00fanebre integral hasta el l\u00edmite del capital asegurado; de la elaboraci\u00f3n del testamento abierto notarial y del asesoramiento telef\u00f3nico sobre el testamento vital; del traslado nacional e internacional del fallecido y de su acompa\u00f1ante; del Servicio F\u00fanebre Completo y los tr\u00e1mites de gestor\u00eda y del Servicio F\u00fanebre Especial.\u00a0<\/p>\r\n\r\n\r\n\r\n<p>Asimismo, SegurCaixa Adeslas ofrece la posibilidad de adquirir varias garant\u00edas adicionales, de entre las que destaca el Pack Becas (otorga becas de estudio de 6.000 euros para los hijos menores de edad) y el Pack ADN (incluye la extracci\u00f3n, cuantificaci\u00f3n y purificaci\u00f3n de ADN post-mortem, as\u00ed como su mantenimiento en el banco de ADN durante 10 a\u00f1os y la producci\u00f3n en el soporte inform\u00e1tico de datos del ADN).<\/p>\r\n\r\n\r\n\r\n<p>Al contratar un seguro de decesos con SegurCaixa Adeslas podr\u00e1 sentirse protegido gracias a que tendr\u00e1 a su disposici\u00f3n un servicio de atenci\u00f3n telef\u00f3nica 24 horas, adem\u00e1s de tener la tranquilidad de saber que se encargar\u00e1n de todo en los momentos m\u00e1s dif\u00edciles.<\/p>\r\n<h3>P\u00e1ginas relacionadas<\/h3><div class=\"enlazado\"><ul> <li><a href=\"https:\/\/idecesos.com\/seguros\/companias\/adeslas\/caixa\/\">Seguro de decesos Caixa Adeslas<\/a><\/li> <li><a href=\"https:\/\/idecesos.com\/seguros\/companias\/adeslas\/coberturas\/\">Coberturas Seguro de decesos Adeslas<\/a><\/li> <li><a href=\"https:\/\/idecesos.com\/seguros\/companias\/adeslas\/opiniones\/\">Opiniones Adeslas<\/a><\/li> <li><a href=\"https:\/\/idecesos.com\/seguros\/companias\/adeslas\/precio\/\">Precio seguro Adeslas<\/a><\/li> <li><a href=\"https:\/\/idecesos.com\/seguros\/companias\/adeslas\/prima-mixta\/\">Adeslas Prima Mixta<\/a><\/li> <li><a href=\"https:\/\/idecesos.com\/seguros\/companias\/adeslas\/prima-natural\/\">Adeslas Prima Natural<\/a><\/li> <li><a href=\"https:\/\/idecesos.com\/seguros\/companias\/adeslas\/prima-nivelada\/\">Adeslas Prima Nivelada<\/a><\/li> <li><a href=\"https:\/\/idecesos.com\/seguros\/companias\/adeslas\/prima-unica\/\">Adeslas Prima \u00danica<\/a><\/li> <li><a href=\"https:\/\/idecesos.com\/seguros\/companias\/adeslas\/repatriacion\/\">Adeslas Repatriaci\u00f3n<\/a><\/li> <li><a href=\"https:\/\/idecesos.com\/seguros\/companias\/adeslas\/segurcaixa\/\">Seguro de decesos Segurcaixa Adeslas<\/a><\/li> <li><a href=\"https:\/\/idecesos.com\/seguros\/companias\/adeslas\/telefono\/\">Tel\u00e9fono Gratuito Adeslas<\/a><\/li><\/ul><\/div>","protected":false},"excerpt":{"rendered":"<p>Todo sobre el seguro de decesos de SegurCaixa Adeslas. SegurCaixa Adeslas es una compa\u00f1\u00eda de seguros de gran relevancia en Espa\u00f1a, ya que cuenta con numerosos profesionales y una red de mediadores online de seguros que trabaja diariamente para atender y asesorar a sus clientes. Adem\u00e1s, sus mediadores de seguros otorgan un trato personalizado de&hellip; <\/p>\n","protected":false},"author":2,"featured_media":0,"parent":215,"menu_order":0,"comment_status":"open","ping_status":"closed","template":"single.php","meta":{"footnotes":""},"class_list":["post-257","page","type-page","status-publish","hentry"],"yoast_head":"<!-- This site is optimized with the Yoast SEO plugin v27.5 - https:\/\/yoast.com\/product\/yoast-seo-wordpress\/ -->\n<title>Seguro de decesos Segurcaixa Adeslas -<\/title>\n<meta name=\"robots\" content=\"index, follow, max-snippet:-1, max-image-preview:large, max-video-preview:-1\" \/>\n<link rel=\"canonical\" href=\"https:\/\/idecesos.com\/seguros\/companias\/adeslas\/segurcaixa\/\" \/>\n<meta property=\"og:locale\" content=\"es_ES\" \/>\n<meta property=\"og:type\" content=\"article\" \/>\n<meta property=\"og:title\" content=\"Seguro de decesos Segurcaixa Adeslas -\" \/>\n<meta property=\"og:description\" content=\"Todo sobre el seguro de decesos de SegurCaixa Adeslas. SegurCaixa Adeslas es una compa\u00f1\u00eda de seguros de gran relevancia en Espa\u00f1a, ya que cuenta con numerosos profesionales y una red de mediadores online de seguros que trabaja diariamente para atender y asesorar a sus clientes. Adem\u00e1s, sus mediadores de seguros otorgan un trato personalizado de&hellip;\" \/>\n<meta property=\"og:url\" content=\"https:\/\/idecesos.com\/seguros\/companias\/adeslas\/segurcaixa\/\" \/>\n<meta property=\"article:modified_time\" content=\"2022-01-03T12:31:46+00:00\" \/>\n<meta name=\"twitter:card\" content=\"summary_large_image\" \/>\n<meta name=\"twitter:label1\" content=\"Tiempo de lectura\" \/>\n\t<meta name=\"twitter:data1\" content=\"2 minutos\" \/>\n<script type=\"application\/ld+json\" class=\"yoast-schema-graph\">{\"@context\":\"https:\\\/\\\/schema.org\",\"@graph\":[{\"@type\":\"WebPage\",\"@id\":\"https:\\\/\\\/idecesos.com\\\/seguros\\\/companias\\\/adeslas\\\/segurcaixa\\\/\",\"url\":\"https:\\\/\\\/idecesos.com\\\/seguros\\\/companias\\\/adeslas\\\/segurcaixa\\\/\",\"name\":\"Seguro de decesos Segurcaixa Adeslas -\",\"isPartOf\":{\"@id\":\"https:\\\/\\\/idecesos.com\\\/seguros\\\/#website\"},\"datePublished\":\"2021-07-08T20:10:37+00:00\",\"dateModified\":\"2022-01-03T12:31:46+00:00\",\"breadcrumb\":{\"@id\":\"https:\\\/\\\/idecesos.com\\\/seguros\\\/companias\\\/adeslas\\\/segurcaixa\\\/#breadcrumb\"},\"inLanguage\":\"es\",\"potentialAction\":[{\"@type\":\"ReadAction\",\"target\":[\"https:\\\/\\\/idecesos.com\\\/seguros\\\/companias\\\/adeslas\\\/segurcaixa\\\/\"]}]},{\"@type\":\"BreadcrumbList\",\"@id\":\"https:\\\/\\\/idecesos.com\\\/seguros\\\/companias\\\/adeslas\\\/segurcaixa\\\/#breadcrumb\",\"itemListElement\":[{\"@type\":\"ListItem\",\"position\":1,\"name\":\"Portada\",\"item\":\"https:\\\/\\\/idecesos.com\\\/seguros\\\/\"},{\"@type\":\"ListItem\",\"position\":2,\"name\":\"Compa\u00f1\u00edas de Seguros de Decesos en Espa\u00f1a\",\"item\":\"https:\\\/\\\/idecesos.com\\\/seguros\\\/companias\\\/\"},{\"@type\":\"ListItem\",\"position\":3,\"name\":\"Seguro de Decesos Adeslas\",\"item\":\"https:\\\/\\\/idecesos.com\\\/seguros\\\/companias\\\/adeslas\\\/\"},{\"@type\":\"ListItem\",\"position\":4,\"name\":\"Seguro de decesos Segurcaixa Adeslas\"}]},{\"@type\":\"WebSite\",\"@id\":\"https:\\\/\\\/idecesos.com\\\/seguros\\\/#website\",\"url\":\"https:\\\/\\\/idecesos.com\\\/seguros\\\/\",\"name\":\"\",\"description\":\"\",\"potentialAction\":[{\"@type\":\"SearchAction\",\"target\":{\"@type\":\"EntryPoint\",\"urlTemplate\":\"https:\\\/\\\/idecesos.com\\\/seguros\\\/?s={search_term_string}\"},\"query-input\":{\"@type\":\"PropertyValueSpecification\",\"valueRequired\":true,\"valueName\":\"search_term_string\"}}],\"inLanguage\":\"es\"}]}<\/script>\n<!-- \/ Yoast SEO plugin. -->","yoast_head_json":{"title":"Seguro de decesos Segurcaixa Adeslas -","robots":{"index":"index","follow":"follow","max-snippet":"max-snippet:-1","max-image-preview":"max-image-preview:large","max-video-preview":"max-video-preview:-1"},"canonical":"https:\/\/idecesos.com\/seguros\/companias\/adeslas\/segurcaixa\/","og_locale":"es_ES","og_type":"article","og_title":"Seguro de decesos Segurcaixa Adeslas -","og_description":"Todo sobre el seguro de decesos de SegurCaixa Adeslas. SegurCaixa Adeslas es una compa\u00f1\u00eda de seguros de gran relevancia en Espa\u00f1a, ya que cuenta con numerosos profesionales y una red de mediadores online de seguros que trabaja diariamente para atender y asesorar a sus clientes. Adem\u00e1s, sus mediadores de seguros otorgan un trato personalizado de&hellip;","og_url":"https:\/\/idecesos.com\/seguros\/companias\/adeslas\/segurcaixa\/","article_modified_time":"2022-01-03T12:31:46+00:00","twitter_card":"summary_large_image","twitter_misc":{"Tiempo de lectura":"2 minutos"},"schema":{"@context":"https:\/\/schema.org","@graph":[{"@type":"WebPage","@id":"https:\/\/idecesos.com\/seguros\/companias\/adeslas\/segurcaixa\/","url":"https:\/\/idecesos.com\/seguros\/companias\/adeslas\/segurcaixa\/","name":"Seguro de decesos Segurcaixa Adeslas -","isPartOf":{"@id":"https:\/\/idecesos.com\/seguros\/#website"},"datePublished":"2021-07-08T20:10:37+00:00","dateModified":"2022-01-03T12:31:46+00:00","breadcrumb":{"@id":"https:\/\/idecesos.com\/seguros\/companias\/adeslas\/segurcaixa\/#breadcrumb"},"inLanguage":"es","potentialAction":[{"@type":"ReadAction","target":["https:\/\/idecesos.com\/seguros\/companias\/adeslas\/segurcaixa\/"]}]},{"@type":"BreadcrumbList","@id":"https:\/\/idecesos.com\/seguros\/companias\/adeslas\/segurcaixa\/#breadcrumb","itemListElement":[{"@type":"ListItem","position":1,"name":"Portada","item":"https:\/\/idecesos.com\/seguros\/"},{"@type":"ListItem","position":2,"name":"Compa\u00f1\u00edas de Seguros de Decesos en Espa\u00f1a","item":"https:\/\/idecesos.com\/seguros\/companias\/"},{"@type":"ListItem","position":3,"name":"Seguro de Decesos Adeslas","item":"https:\/\/idecesos.com\/seguros\/companias\/adeslas\/"},{"@type":"ListItem","position":4,"name":"Seguro de decesos Segurcaixa Adeslas"}]},{"@type":"WebSite","@id":"https:\/\/idecesos.com\/seguros\/#website","url":"https:\/\/idecesos.com\/seguros\/","name":"","description":"","potentialAction":[{"@type":"SearchAction","target":{"@type":"EntryPoint","urlTemplate":"https:\/\/idecesos.com\/seguros\/?s={search_term_string}"},"query-input":{"@type":"PropertyValueSpecification","valueRequired":true,"valueName":"search_term_string"}}],"inLanguage":"es"}]}},"_links":{"self":[{"href":"https:\/\/idecesos.com\/seguros\/wp-json\/wp\/v2\/pages\/257","targetHints":{"allow":["GET"]}}],"collection":[{"href":"https:\/\/idecesos.com\/seguros\/wp-json\/wp\/v2\/pages"}],"about":[{"href":"https:\/\/idecesos.com\/seguros\/wp-json\/wp\/v2\/types\/page"}],"author":[{"embeddable":true,"href":"https:\/\/idecesos.com\/seguros\/wp-json\/wp\/v2\/users\/2"}],"replies":[{"embeddable":true,"href":"https:\/\/idecesos.com\/seguros\/wp-json\/wp\/v2\/comments?post=257"}],"version-history":[{"count":4,"href":"https:\/\/idecesos.com\/seguros\/wp-json\/wp\/v2\/pages\/257\/revisions"}],"predecessor-version":[{"id":6654,"href":"https:\/\/idecesos.com\/seguros\/wp-json\/wp\/v2\/pages\/257\/revisions\/6654"}],"up":[{"embeddable":true,"href":"https:\/\/idecesos.com\/seguros\/wp-json\/wp\/v2\/pages\/215"}],"wp:attachment":[{"href":"https:\/\/idecesos.com\/seguros\/wp-json\/wp\/v2\/media?parent=257"}],"curies":[{"name":"wp","href":"https:\/\/api.w.org\/{rel}","templated":true}]}}