{"id":263,"date":"2021-07-08T20:28:01","date_gmt":"2021-07-08T20:28:01","guid":{"rendered":"https:\/\/idecesos.com\/seguros\/?page_id=263"},"modified":"2022-02-22T11:29:29","modified_gmt":"2022-02-22T11:29:29","slug":"condiciones-generales","status":"publish","type":"page","link":"https:\/\/idecesos.com\/seguros\/companias\/allianz\/condiciones-generales\/","title":{"rendered":"Condiciones Generales: Seguro de decesos Allianz"},"content":{"rendered":"<div id=\"ez-toc-container\" class=\"ez-toc-v2_0_82_2 ez-toc-wrap-center counter-hierarchy ez-toc-counter ez-toc-custom ez-toc-container-direction\">\n<div class=\"ez-toc-title-container\">\n<p class=\"ez-toc-title\" style=\"cursor:inherit\">Tabla de Contenido<\/p>\n<span class=\"ez-toc-title-toggle\"><a href=\"#\" class=\"ez-toc-pull-right ez-toc-btn ez-toc-btn-xs ez-toc-btn-default ez-toc-toggle\" aria-label=\"Alternar tabla de contenidos\"><span class=\"ez-toc-js-icon-con\"><span class=\"\"><span class=\"eztoc-hide\" style=\"display:none;\">Toggle<\/span><span class=\"ez-toc-icon-toggle-span\"><svg style=\"fill: #db6415;color:#db6415\" xmlns=\"http:\/\/www.w3.org\/2000\/svg\" class=\"list-377408\" width=\"20px\" height=\"20px\" viewBox=\"0 0 24 24\" fill=\"none\"><path d=\"M6 6H4v2h2V6zm14 0H8v2h12V6zM4 11h2v2H4v-2zm16 0H8v2h12v-2zM4 16h2v2H4v-2zm16 0H8v2h12v-2z\" fill=\"currentColor\"><\/path><\/svg><svg style=\"fill: #db6415;color:#db6415\" class=\"arrow-unsorted-368013\" xmlns=\"http:\/\/www.w3.org\/2000\/svg\" width=\"10px\" height=\"10px\" viewBox=\"0 0 24 24\" version=\"1.2\" baseProfile=\"tiny\"><path d=\"M18.2 9.3l-6.2-6.3-6.2 6.3c-.2.2-.3.4-.3.7s.1.5.3.7c.2.2.4.3.7.3h11c.3 0 .5-.1.7-.3.2-.2.3-.5.3-.7s-.1-.5-.3-.7zM5.8 14.7l6.2 6.3 6.2-6.3c.2-.2.3-.5.3-.7s-.1-.5-.3-.7c-.2-.2-.4-.3-.7-.3h-11c-.3 0-.5.1-.7.3-.2.2-.3.5-.3.7s.1.5.3.7z\"\/><\/svg><\/span><\/span><\/span><\/a><\/span><\/div>\n<nav><ul class='ez-toc-list ez-toc-list-level-1 ' ><li class='ez-toc-page-1 ez-toc-heading-level-2'><a class=\"ez-toc-link ez-toc-heading-1\" href=\"https:\/\/idecesos.com\/seguros\/companias\/allianz\/condiciones-generales\/#%C2%BFEn_que_consisten_los_Seguros_de_Decesos_Allianz\" >\u00bfEn qu\u00e9 consisten los Seguros de Decesos Allianz?<\/a><\/li><li class='ez-toc-page-1 ez-toc-heading-level-2'><a class=\"ez-toc-link ez-toc-heading-2\" href=\"https:\/\/idecesos.com\/seguros\/companias\/allianz\/condiciones-generales\/#Modalidades_de_contratacion_de_los_seguros_de_Decesos_Allianz\" >Modalidades de contrataci\u00f3n de los seguros de Decesos Allianz<\/a><\/li><li class='ez-toc-page-1 ez-toc-heading-level-2'><a class=\"ez-toc-link ez-toc-heading-3\" href=\"https:\/\/idecesos.com\/seguros\/companias\/allianz\/condiciones-generales\/#%C2%BFComo_se_realiza_el_pago_de_los_seguros_de_Decesos_Allianz\" >\u00bfC\u00f3mo se realiza el pago de los seguros de Decesos Allianz?<\/a><\/li><li class='ez-toc-page-1 ez-toc-heading-level-2'><a class=\"ez-toc-link ez-toc-heading-4\" href=\"https:\/\/idecesos.com\/seguros\/companias\/allianz\/condiciones-generales\/#%C2%BFQue_no_incluyen_los_seguros_de_Decesos_Allianz\" >\u00bfQu\u00e9 no incluyen los seguros de Decesos Allianz?<\/a><\/li><li class='ez-toc-page-1 ez-toc-heading-level-2'><a class=\"ez-toc-link ez-toc-heading-5\" href=\"https:\/\/idecesos.com\/seguros\/companias\/allianz\/condiciones-generales\/#%C2%BFCuales_son_mis_obligaciones_como_asegurado\" >\u00bfCu\u00e1les son mis obligaciones como asegurado?<\/a><\/li><li class='ez-toc-page-1 ez-toc-heading-level-2'><a class=\"ez-toc-link ez-toc-heading-6\" href=\"https:\/\/idecesos.com\/seguros\/companias\/allianz\/condiciones-generales\/#%C2%BFComo_puedo_dar_de_baja_el_contrato_de_un_Seguro_de_Decesos_Allianz\" >\u00bfC\u00f3mo puedo dar de baja el contrato de un Seguro de Decesos Allianz?<\/a><ul class='ez-toc-list-level-3' ><li class='ez-toc-heading-level-3'><a class=\"ez-toc-link ez-toc-heading-7\" href=\"https:\/\/idecesos.com\/seguros\/companias\/allianz\/condiciones-generales\/#Paginas_relacionadas\" >P\u00e1ginas relacionadas<\/a><\/li><\/ul><\/li><\/ul><\/nav><\/div>\n\n<p><strong>Allianz Seguros<\/strong> es una aseguradora con muchos a\u00f1os de experiencia. La compa\u00f1\u00eda fue fundada en el a\u00f1o 1890 y se ha ido convirtiendo en uno de los <strong>referentes mundiales en materia de seguros.<\/strong> Actualmente, <strong>tiene presencia en 70 pa\u00edses<\/strong>, demostrando que su expansi\u00f3n mundial justifica su reputaci\u00f3n de compa\u00f1\u00eda fiable y solvente.<\/p>\n<p>Parte de su reconocimiento viene dado por los m\u00e1s de <strong>92 millones de clientes<\/strong> que ya conf\u00edan en sus servicios. Un <strong>gran equipo de profesionales<\/strong> trabajan cada d\u00eda para ofrecer las mejores soluciones y los productos m\u00e1s innovadores del mercado. Siempre con el objetivo de <strong>satisfacer las necesidades de cada persona<\/strong> y adaptar sus seguros a cada una de ellas.<\/p>\n<p>En Allianz podemos encontrar todo tipo de seguros. Desde <strong>Coche, Moto, Hogar, Salud, Decesos, Vida y Accidentes<\/strong>. Sin dejar a un lado los seguros tanto para empresas como para empleadores.<\/p>\n<div>Su red extensa de trabajadores, se comprometen a estar siempre cerca de ti. Podr\u00e1s contar con su <strong>ayuda personalizada siempre que lo necesites <\/strong>y\u00a0es considerada una de las empresas con mayor transparencia del marcado.<\/p>\n<p>A continuaci\u00f3n, vamos a hablarte en concreto de las <strong>Condiciones Generales de sus seguros de decesos.<\/strong> Podemos encontrar <strong>5 opciones<\/strong>\u00a0para que cada cliente pueda escoger aquella modalidad que m\u00e1s se ajuste a sus preferencias.<\/p>\n<div class=\"colorf \"  ><div class=\"container clearfix\"><div class=\"col-md-7\"><\/p>\n<h2><span class=\"ez-toc-section\" id=\"%C2%BFEn_que_consisten_los_Seguros_de_Decesos_Allianz\"><\/span>\u00bfEn qu\u00e9 consisten los Seguros de Decesos Allianz?<span class=\"ez-toc-section-end\"><\/span><\/h2>\n<p>Los <strong>seguros de Decesos Allianz<\/strong> son seguros dise\u00f1ados para protegerte a ti y a toda tu familia en el momento que ocurra un imprevisto.<\/p>\n<p>Se trata de un seguro que permitir\u00e1\u00a0<strong>cubrir todos los gastos y se ocupar\u00e1 de los tr\u00e1mites necesarios<\/strong>, as\u00ed como el servicio f\u00fanebre completo. De este modo, los familiares no tendr\u00e1n que hacer frente a <strong>gastos innecesarios y elevados<\/strong> en el momento del fallecimiento de su ser querido.<\/p>\n<p><\/div><\/div><\/div>\n<h2><span class=\"ez-toc-section\" id=\"Modalidades_de_contratacion_de_los_seguros_de_Decesos_Allianz\"><\/span>Modalidades de contrataci\u00f3n de los seguros de Decesos Allianz<span class=\"ez-toc-section-end\"><\/span><\/h2>\n<p>En los seguros de Decesos de Allianz podemos encontrar hasta 5 modalidades diferentes de contrataci\u00f3n. Estas son: <strong>Esencial, Completo, Extra, Total y Repatriaci\u00f3n.<\/strong><\/p>\n<p>Todas las coberturas que podemos contratar con sus seguros de decesos son amplias. Cada uno de ellos contar\u00e1 con unas condiciones diferentes para que cada cliente escoja la modalidad que m\u00e1s le conviene.<\/p>\n<p>Los Seguros de Decesos de Allianz ofrecen las siguientes coberturas:<\/p>\n<ul>\n<li><strong>Prestaci\u00f3n del servicio f\u00fanebre<\/strong> de forma completa.<\/li>\n<li><strong>Traslado completo<\/strong> desde cualquier parte del mundo a Espa\u00f1a.<\/li>\n<li><strong>Asistencia en Viaje.<\/strong><\/li>\n<li><strong>Gesti\u00f3n de Servicios Jur\u00eddicos<\/strong>.<\/li>\n<li><strong>Testamento abierto notarial y testamento vital<\/strong>.<\/li>\n<li><strong>Gesti\u00f3n digital tras el fallecimiento<\/strong>.<\/li>\n<li><strong>Asistencia vida diaria por fallecimiento del asegurado.<\/strong><\/li>\n<li><strong>Seguro dental.<\/strong><\/li>\n<li><strong>Asistencia M\u00e9dica.<\/strong><\/li>\n<li><strong>Hospitalizaci\u00f3n.<\/strong><\/li>\n<\/ul>\n<p>Hay que recordar que <strong>todas estas garant\u00edas est\u00e1n incluidas en Espa\u00f1a.<\/strong> <strong>El Traslado y la Asistencia en viaje<\/strong> estar\u00e1n disponible en cualquier parte del mundo, <strong>siempre que el viaje no exceda los 90 d\u00edas consecutivos.<\/strong><\/p>\n<div class=\"colorf \"  ><div class=\"container clearfix\"><div class=\"col-md-7\"><\/p>\n<h2><span class=\"ez-toc-section\" id=\"%C2%BFComo_se_realiza_el_pago_de_los_seguros_de_Decesos_Allianz\"><\/span>\u00bfC\u00f3mo se realiza el pago de los seguros de Decesos Allianz?<span class=\"ez-toc-section-end\"><\/span><\/h2>\n<p>Para el pago de los Seguros de Decesos Allianz, el pago se puede realizar de <strong>formas diferentes dependiendo de la modalidad de contrataci\u00f3n.<\/strong><\/p>\n<p>En el caso de los seguros Esencial y Completo, <strong>la prima ser\u00e1 \u00fanica<\/strong>. Esto significa que se realiza un <strong>pago \u00fanico<\/strong> y el asegurado puede tener la tranquilidad de que todo estar\u00e1 cubierto en el momento de su fallecimiento. Suele ser una modalidad de prima m\u00e1s <strong>recomendable para personas mayores de 70 a\u00f1os<\/strong> o personas que no ten\u00edan contratado un seguro de decesos con anterioridad.<\/p>\n<p>En el caso de las modalidades Extra, Total y Repatriaci\u00f3n, <strong>la modalidad de prima ser\u00e1 peri\u00f3dica<\/strong>. Es una modalidad en la que se van realizando los pagos de forma peri\u00f3dica tras el acuerdo con la aseguradora. Ya sea de <strong>forma mensual, trimestral, semestral o anual.<\/strong><\/p>\n<p>Una vez se haya pagado el primer recibo,la <b>p\u00f3liza entrar\u00e1 en vigor a las 00:00 horas de la fecha que\u00a0indique el contrato. <\/b>Pero hay que tener en cuenta que hay estipulados diferentes periodos de tiempo para tener acceso a algunas de las garant\u00edas contratadas, as\u00ed que <strong>habr\u00e1 que esperar para disfrutar de todo lo que ofrece el Seguro de Decesos de Allianz.\u00a0<\/strong><\/p>\n<ul>\n<li><strong>Traslado completo, 20 d\u00edas naturales.<\/strong><\/li>\n<li><strong>Garant\u00eda de decesos, 20 d\u00edas naturales<\/strong><\/li>\n<li><strong>Asistencia en viaje, 20 d\u00edas naturales<\/strong><\/li>\n<li><strong>Hospitalizaci\u00f3n, 3 meses<\/strong><\/li>\n<\/ul>\n<p>As\u00ed mismo, <strong>el fin de la p\u00f3liza se ha establecido en un a\u00f1o natural<\/strong> y se prorrogar\u00e1 autom\u00e1ticamente a menos que el tomador no quiera renovarlo.<\/p>\n<p>&nbsp;<\/p>\n<p><\/div><\/div><\/div>\n<h2><span class=\"ez-toc-section\" id=\"%C2%BFQue_no_incluyen_los_seguros_de_Decesos_Allianz\"><\/span>\u00bfQu\u00e9 no incluyen los seguros de Decesos Allianz?<span class=\"ez-toc-section-end\"><\/span><\/h2>\n<p>Antes de contratar tu seguro de decesos, es importante que revises que coberturas vienen incluidas y cu\u00e1les no. As\u00ed, evitar\u00e1s sorpresas inesperadas.<\/p>\n<p>Hay una serie de condiciones que no vienen incluidas en los seguros de decesos Allianz.<\/p>\n<ul>\n<li>Las defunciones que se produzcan <strong>antes de la fecha del inicio de la cobertura<\/strong> o despu\u00e9s de la rescisi\u00f3n de la p\u00f3liza.<\/li>\n<li>Los fallecimientos ocurridos por <strong>enfermedad, accidente o consumo de drogas<\/strong> que se produzcan antes de la fecha de inicio de la cobertura y no hayan sido declarados en el cuestionario que se realiza inicialmente de salud.<\/li>\n<li>Las muertes producidas como consecuencia de <strong>conflictos armados, epidemias o catastr\u00f3ficos.<\/strong><\/li>\n<li><strong>Reembolso de gastos<\/strong> por servicios cubiertos cuando no sean prestados por el asegurador.<\/li>\n<li>Siniestros producidos con<strong> intenci\u00f3n de dolor.<\/strong><\/li>\n<li>Servicio f\u00fanebre <strong>fuera del territorio espa\u00f1ol.<\/strong><\/li>\n<\/ul>\n<p>Tambi\u00e9n existen diferentes <b>restricciones en el seguro de decesos.<\/b> El consumidor debe tener toda esta informaci\u00f3n en cuenta para saber lo que est\u00e1 acordando y evitar posteriores malentendidos.<\/p>\n<ul>\n<li>Todo tipo de gasto provocado por <b>hechos que no hayan sido claramente especificados en el contrato previamente.<\/b><\/li>\n<li><b>El tiempo en que el asegurador tiene las garant\u00edas que ha firmado<\/b> est\u00e1 estipulado en el contrato.<\/li>\n<li>Las coberturas que se contratan a trav\u00e9s de esta p\u00f3liza <b>tiene ciertos l\u00edmites que aparecer\u00e1n reflejados en el acuerdo con la aseguradora.<\/b><\/li>\n<li>En las condiciones del contrato se establecer\u00e1n previamente l<strong>as cantidades m\u00e1ximas economicas que pudiera recibir el tomador del seguro.<\/strong> <strong>Tambi\u00e9n se delimitar\u00e1n las coberturas a las que el cliente tendr\u00e1 acceso.<\/strong><\/li>\n<\/ul>\n<div class=\"colorf \"  ><div class=\"container clearfix\"><div class=\"col-md-7\"><\/p>\n<h2><span class=\"ez-toc-section\" id=\"%C2%BFCuales_son_mis_obligaciones_como_asegurado\"><\/span>\u00bfCu\u00e1les son mis obligaciones como asegurado?<span class=\"ez-toc-section-end\"><\/span><\/h2>\n<p>Existen tambi\u00e9n una serie de obligaciones que el cliente se compromete a cumplir en el momento que firma el contrato.<\/p>\n<ul>\n<li>El Asegurado debe <strong>facilitar todos los datos que se le pidan<\/strong> para que se pueda emitir el contrato.<\/li>\n<li>El Tomador debe <strong>leer todos los t\u00e9rminos y condiciones en su contrato<\/strong>. Tiene como m\u00e1ximo un mes para revisar todos los errores y pedir que se rectifiquen.<\/li>\n<li>Debe informar de los <strong>posibles cambios en la informaci\u00f3n<\/strong> que viene proporcionada en el contrato.<\/li>\n<li>Debe <strong>hacer frente a la prima<\/strong> que se ha acordado a la hora de realizar el contrato.<\/li>\n<li>Los familiares tienen que <strong>comunicar el fallecimiento del asegurado<\/strong> y facilitar toda la documentaci\u00f3n necesaria a la aseguradora.<\/li>\n<\/ul>\n<p><\/div><\/div><\/div>\n<div class=\"footer parsys aem-GridColumn aem-GridColumn--default--12\">\n<footer class=\"c-footer\">\n<div class=\"c-footer__container--curtain-panel\">\n<div class=\"aem-Grid aem-Grid--12 aem-Grid--default--12 \">\n<div class=\"footer-legal parbase aem-GridColumn aem-GridColumn--default--12\">\n<h2><span class=\"ez-toc-section\" id=\"%C2%BFComo_puedo_dar_de_baja_el_contrato_de_un_Seguro_de_Decesos_Allianz\"><\/span>\u00bfC\u00f3mo puedo dar de baja el contrato de un Seguro de Decesos Allianz?<span class=\"ez-toc-section-end\"><\/span><\/h2>\n<p>Existen dos maneras posibles de dar de baja el contrato del seguro de decesos.<\/p>\n<ul>\n<li>Mediante un escrito a la aseguradora con un <strong>mes de anticipo<\/strong> al vencimiento del contrato.<\/li>\n<li>Derecho de desistimiento, <strong>plazo de 14 d\u00edas<\/strong> desde que se realiza el contrato en el caso de que se realice a distancia.<\/li>\n<\/ul>\n<\/div>\n<\/div>\n<\/div>\n<\/footer>\n<\/div>\n<h3><span class=\"ez-toc-section\" id=\"Paginas_relacionadas\"><\/span>P\u00e1ginas relacionadas<span class=\"ez-toc-section-end\"><\/span><\/h3><div class=\"enlazado\"><ul> <li><a href=\"https:\/\/idecesos.com\/seguros\/companias\/allianz\/condiciones-generales\/\">Condiciones Generales Allianz<\/a><\/li> <li><a href=\"https:\/\/idecesos.com\/seguros\/companias\/allianz\/opiniones\/\">Opiniones Allianz<\/a><\/li> <li><a href=\"https:\/\/idecesos.com\/seguros\/companias\/allianz\/precio\/\">Precio seguro Allianz<\/a><\/li> <li><a href=\"https:\/\/idecesos.com\/seguros\/companias\/allianz\/prima-mixta\/\">Allianz Prima Mixta<\/a><\/li> <li><a href=\"https:\/\/idecesos.com\/seguros\/companias\/allianz\/prima-natural\/\">Allianz Prima Natural<\/a><\/li> <li><a href=\"https:\/\/idecesos.com\/seguros\/companias\/allianz\/prima-nivelada\/\">Allianz Prima Nivelada<\/a><\/li> <li><a href=\"https:\/\/idecesos.com\/seguros\/companias\/allianz\/prima-unica\/\">Allianz Prima \u00danica<\/a><\/li> <li><a href=\"https:\/\/idecesos.com\/seguros\/companias\/allianz\/repatriacion\/\">Allianz Repatriaci\u00f3n<\/a><\/li> <li><a href=\"https:\/\/idecesos.com\/seguros\/companias\/allianz\/telefono\/\">Tel\u00e9fono Gratuito Allianz<\/a><\/li><\/ul><\/div>\n","protected":false},"excerpt":{"rendered":"<p>Allianz Seguros es una aseguradora con muchos a\u00f1os de experiencia. La compa\u00f1\u00eda fue fundada en el a\u00f1o 1890 y se ha ido convirtiendo en uno de los referentes mundiales en materia de seguros. Actualmente, tiene presencia en 70 pa\u00edses, demostrando que su expansi\u00f3n mundial justifica su reputaci\u00f3n de compa\u00f1\u00eda fiable y solvente. Parte de su&hellip; <\/p>\n","protected":false},"author":2,"featured_media":0,"parent":260,"menu_order":0,"comment_status":"open","ping_status":"closed","template":"single.php","meta":{"footnotes":""},"class_list":["post-263","page","type-page","status-publish","hentry"],"yoast_head":"<!-- This site is optimized with the Yoast SEO plugin v27.3 - https:\/\/yoast.com\/product\/yoast-seo-wordpress\/ -->\n<title>Condiciones Generales: Seguro de decesos Allianz -<\/title>\n<meta name=\"robots\" content=\"index, follow, max-snippet:-1, max-image-preview:large, max-video-preview:-1\" \/>\n<link rel=\"canonical\" href=\"https:\/\/idecesos.com\/seguros\/companias\/allianz\/condiciones-generales\/\" \/>\n<meta property=\"og:locale\" content=\"es_ES\" \/>\n<meta property=\"og:type\" content=\"article\" \/>\n<meta property=\"og:title\" content=\"Condiciones Generales: Seguro de decesos Allianz -\" \/>\n<meta property=\"og:description\" content=\"Allianz Seguros es una aseguradora con muchos a\u00f1os de experiencia. La compa\u00f1\u00eda fue fundada en el a\u00f1o 1890 y se ha ido convirtiendo en uno de los referentes mundiales en materia de seguros. Actualmente, tiene presencia en 70 pa\u00edses, demostrando que su expansi\u00f3n mundial justifica su reputaci\u00f3n de compa\u00f1\u00eda fiable y solvente. Parte de su&hellip;\" \/>\n<meta property=\"og:url\" content=\"https:\/\/idecesos.com\/seguros\/companias\/allianz\/condiciones-generales\/\" \/>\n<meta property=\"article:modified_time\" content=\"2022-02-22T11:29:29+00:00\" \/>\n<meta name=\"twitter:card\" content=\"summary_large_image\" \/>\n<meta name=\"twitter:label1\" content=\"Tiempo de lectura\" \/>\n\t<meta name=\"twitter:data1\" content=\"6 minutos\" \/>\n<script type=\"application\/ld+json\" class=\"yoast-schema-graph\">{\"@context\":\"https:\\\/\\\/schema.org\",\"@graph\":[{\"@type\":\"WebPage\",\"@id\":\"https:\\\/\\\/idecesos.com\\\/seguros\\\/companias\\\/allianz\\\/condiciones-generales\\\/\",\"url\":\"https:\\\/\\\/idecesos.com\\\/seguros\\\/companias\\\/allianz\\\/condiciones-generales\\\/\",\"name\":\"Condiciones Generales: Seguro de decesos Allianz -\",\"isPartOf\":{\"@id\":\"https:\\\/\\\/idecesos.com\\\/seguros\\\/#website\"},\"datePublished\":\"2021-07-08T20:28:01+00:00\",\"dateModified\":\"2022-02-22T11:29:29+00:00\",\"breadcrumb\":{\"@id\":\"https:\\\/\\\/idecesos.com\\\/seguros\\\/companias\\\/allianz\\\/condiciones-generales\\\/#breadcrumb\"},\"inLanguage\":\"es\",\"potentialAction\":[{\"@type\":\"ReadAction\",\"target\":[\"https:\\\/\\\/idecesos.com\\\/seguros\\\/companias\\\/allianz\\\/condiciones-generales\\\/\"]}]},{\"@type\":\"BreadcrumbList\",\"@id\":\"https:\\\/\\\/idecesos.com\\\/seguros\\\/companias\\\/allianz\\\/condiciones-generales\\\/#breadcrumb\",\"itemListElement\":[{\"@type\":\"ListItem\",\"position\":1,\"name\":\"Portada\",\"item\":\"https:\\\/\\\/idecesos.com\\\/seguros\\\/\"},{\"@type\":\"ListItem\",\"position\":2,\"name\":\"Compa\u00f1\u00edas de Seguros de Decesos en Espa\u00f1a\",\"item\":\"https:\\\/\\\/idecesos.com\\\/seguros\\\/companias\\\/\"},{\"@type\":\"ListItem\",\"position\":3,\"name\":\"Seguro de Decesos Allianz\",\"item\":\"https:\\\/\\\/idecesos.com\\\/seguros\\\/companias\\\/allianz\\\/\"},{\"@type\":\"ListItem\",\"position\":4,\"name\":\"Condiciones Generales: Seguro de decesos Allianz\"}]},{\"@type\":\"WebSite\",\"@id\":\"https:\\\/\\\/idecesos.com\\\/seguros\\\/#website\",\"url\":\"https:\\\/\\\/idecesos.com\\\/seguros\\\/\",\"name\":\"\",\"description\":\"\",\"potentialAction\":[{\"@type\":\"SearchAction\",\"target\":{\"@type\":\"EntryPoint\",\"urlTemplate\":\"https:\\\/\\\/idecesos.com\\\/seguros\\\/?s={search_term_string}\"},\"query-input\":{\"@type\":\"PropertyValueSpecification\",\"valueRequired\":true,\"valueName\":\"search_term_string\"}}],\"inLanguage\":\"es\"}]}<\/script>\n<!-- \/ Yoast SEO plugin. -->","yoast_head_json":{"title":"Condiciones Generales: Seguro de decesos Allianz -","robots":{"index":"index","follow":"follow","max-snippet":"max-snippet:-1","max-image-preview":"max-image-preview:large","max-video-preview":"max-video-preview:-1"},"canonical":"https:\/\/idecesos.com\/seguros\/companias\/allianz\/condiciones-generales\/","og_locale":"es_ES","og_type":"article","og_title":"Condiciones Generales: Seguro de decesos Allianz -","og_description":"Allianz Seguros es una aseguradora con muchos a\u00f1os de experiencia. La compa\u00f1\u00eda fue fundada en el a\u00f1o 1890 y se ha ido convirtiendo en uno de los referentes mundiales en materia de seguros. Actualmente, tiene presencia en 70 pa\u00edses, demostrando que su expansi\u00f3n mundial justifica su reputaci\u00f3n de compa\u00f1\u00eda fiable y solvente. Parte de su&hellip;","og_url":"https:\/\/idecesos.com\/seguros\/companias\/allianz\/condiciones-generales\/","article_modified_time":"2022-02-22T11:29:29+00:00","twitter_card":"summary_large_image","twitter_misc":{"Tiempo de lectura":"6 minutos"},"schema":{"@context":"https:\/\/schema.org","@graph":[{"@type":"WebPage","@id":"https:\/\/idecesos.com\/seguros\/companias\/allianz\/condiciones-generales\/","url":"https:\/\/idecesos.com\/seguros\/companias\/allianz\/condiciones-generales\/","name":"Condiciones Generales: Seguro de decesos Allianz -","isPartOf":{"@id":"https:\/\/idecesos.com\/seguros\/#website"},"datePublished":"2021-07-08T20:28:01+00:00","dateModified":"2022-02-22T11:29:29+00:00","breadcrumb":{"@id":"https:\/\/idecesos.com\/seguros\/companias\/allianz\/condiciones-generales\/#breadcrumb"},"inLanguage":"es","potentialAction":[{"@type":"ReadAction","target":["https:\/\/idecesos.com\/seguros\/companias\/allianz\/condiciones-generales\/"]}]},{"@type":"BreadcrumbList","@id":"https:\/\/idecesos.com\/seguros\/companias\/allianz\/condiciones-generales\/#breadcrumb","itemListElement":[{"@type":"ListItem","position":1,"name":"Portada","item":"https:\/\/idecesos.com\/seguros\/"},{"@type":"ListItem","position":2,"name":"Compa\u00f1\u00edas de Seguros de Decesos en Espa\u00f1a","item":"https:\/\/idecesos.com\/seguros\/companias\/"},{"@type":"ListItem","position":3,"name":"Seguro de Decesos Allianz","item":"https:\/\/idecesos.com\/seguros\/companias\/allianz\/"},{"@type":"ListItem","position":4,"name":"Condiciones Generales: Seguro de decesos Allianz"}]},{"@type":"WebSite","@id":"https:\/\/idecesos.com\/seguros\/#website","url":"https:\/\/idecesos.com\/seguros\/","name":"","description":"","potentialAction":[{"@type":"SearchAction","target":{"@type":"EntryPoint","urlTemplate":"https:\/\/idecesos.com\/seguros\/?s={search_term_string}"},"query-input":{"@type":"PropertyValueSpecification","valueRequired":true,"valueName":"search_term_string"}}],"inLanguage":"es"}]}},"_links":{"self":[{"href":"https:\/\/idecesos.com\/seguros\/wp-json\/wp\/v2\/pages\/263","targetHints":{"allow":["GET"]}}],"collection":[{"href":"https:\/\/idecesos.com\/seguros\/wp-json\/wp\/v2\/pages"}],"about":[{"href":"https:\/\/idecesos.com\/seguros\/wp-json\/wp\/v2\/types\/page"}],"author":[{"embeddable":true,"href":"https:\/\/idecesos.com\/seguros\/wp-json\/wp\/v2\/users\/2"}],"replies":[{"embeddable":true,"href":"https:\/\/idecesos.com\/seguros\/wp-json\/wp\/v2\/comments?post=263"}],"version-history":[{"count":15,"href":"https:\/\/idecesos.com\/seguros\/wp-json\/wp\/v2\/pages\/263\/revisions"}],"predecessor-version":[{"id":19827,"href":"https:\/\/idecesos.com\/seguros\/wp-json\/wp\/v2\/pages\/263\/revisions\/19827"}],"up":[{"embeddable":true,"href":"https:\/\/idecesos.com\/seguros\/wp-json\/wp\/v2\/pages\/260"}],"wp:attachment":[{"href":"https:\/\/idecesos.com\/seguros\/wp-json\/wp\/v2\/media?parent=263"}],"curies":[{"name":"wp","href":"https:\/\/api.w.org\/{rel}","templated":true}]}}