{"id":300,"date":"2021-07-09T07:14:37","date_gmt":"2021-07-09T07:14:37","guid":{"rendered":"https:\/\/idecesos.com\/seguros\/?page_id=300"},"modified":"2024-12-11T13:45:42","modified_gmt":"2024-12-11T12:45:42","slug":"coberturas","status":"publish","type":"page","link":"https:\/\/idecesos.com\/seguros\/companias\/banco-popular\/coberturas\/","title":{"rendered":"Coberturas Seguro de Decesos Banco Popular"},"content":{"rendered":"\r\n\r\n<p>El Banco Popular se cre\u00f3 el 15 de mayo de 1857 bajo decreto de la reina Isabel II y actualmente pertenece al Grupo Santander. Se compone de tres bancos espa\u00f1oles: el Banco Hispanoamericano, el Banco Espa\u00f1ol de Cr\u00e9dito y el Banco Central. Fue el primer banco de M\u00e9xico y Sudam\u00e9rica desde el a\u00f1o 1864. Lleg\u00f3 a hacer fusiones hasta llegar a obtener el r\u00e9cord de 7.596 millones de euros, situ\u00e1ndose actualmente en el puesto n\u00famero 12 en el mundo por capitalizaci\u00f3n burs\u00e1til<\/p>\r\n\r\n\r\n\r\n<p>Esta compa\u00f1\u00eda no cuenta en su oferta en s\u00ed, con seguros de decesos, sino que ofrece la cobertura completa de un seguro de vida. Uno de estos seguros de vida es Euroriesgo, que se centra en toda la familia. Tiene la cobertura de que en caso de invalidez absoluta y permanente del asegurado, sea cual sea la causa, la familia recibir\u00eda el doble del capital en caso de accidente. El asegurado o su familia recibir\u00eda el triple capital por fallecimiento e invalidez absoluta por accidente de circulaci\u00f3n. Se podr\u00e1 disfrutar de Euroriesgo desde 12.020.24\u20ac de capital asegurado y con una declaraci\u00f3n de salud de \u00e9ste, de un seguro de vida completo que podr\u00e1 ir adaptando seg\u00fan el momento.<\/p>\r\n\r\n\r\n\r\n<p>Como segundo tipo de seguro de vida, m\u00e1s completo a\u00fan y con m\u00e1s coberturas encontramos en Banco Popular, Euroriesgo Plus. Con este tipo de seguro el cliente podr\u00e1 elegir entre 4 opciones dependiendo de las necesidades del cliente:<\/p>\r\n\r\n\r\n\r\n<p>\u00b7\u00a0 \u00a0 \u00a0 \u00a0 \u00a0La opci\u00f3n b\u00e1sica: si por fallecimiento o invalidez los beneficiarios marcados por el asegurado perciben el capital asegurado. Si se produce un accidente, los beneficiarios percibir\u00e1n el doble del capital asegurado.<\/p>\r\n\r\n\r\n\r\n<p>\u00b7\u00a0 \u00a0 \u00a0 \u00a0 \u00a0Opci\u00f3n coraz\u00f3n: Si el asegurado fallece por infarto de miocardio se a\u00f1ade el doble del capital asegurado a la opci\u00f3n b\u00e1sica.<\/p>\r\n\r\n\r\n\r\n<p>\u00b7\u00a0 \u00a0 \u00a0 \u00a0 \u00a0Opci\u00f3n Riesgo Conductores: En el caso de que el asegurado sufra un accidente de circulaci\u00f3n, adem\u00e1s de las coberturas de la opci\u00f3n b\u00e1sica, la prestaci\u00f3n tambi\u00e9n ser\u00e1 el triple del capital asegurado.<\/p>\r\n\r\n\r\n\r\n<p>\u00b7\u00a0 \u00a0 \u00a0 \u00a0 \u00a0Opci\u00f3n integral: Cubre todas las garant\u00edas anteriores, siendo la opci\u00f3n m\u00e1s completa de Banco Popular.<\/p>\r\n\r\n\r\n\r\n<p>Hay que mencionar tambi\u00e9n, que dispone del seguro de vida Eurocr\u00e9dito que, en caso de fallecimiento del asegurado, se cubrir\u00e1n las deudas o cr\u00e9ditos pendientes de amortizar para evitarse as\u00ed problemas los herederos.<\/p>\r\n\r\n\r\n\r\n<p>Como valor a\u00f1adido, la empresa pone a disposici\u00f3n de los clientes sin coste alguno, una garant\u00eda adicional que explica que si al asegurado se le diagn\u00f3stica una enfermedad muy grave, el seguro pone a su disposici\u00f3n en un plazo de 48 horas, la cantidad de 30.050,61\u20ac en forma de adelanto.<\/p>\r\n\r\n\r\n\r\n<p>Adem\u00e1s, puede elegir la modalidad de pago con primas mensuales, trimestrales, semestrales o anuales con un capital asegurado de 60.101,21\u20ac<\/p>\r\n\r\n\r\n\r\n<p>Euroriesgo Expres es otro tipo de seguro con cobertura de fallecimiento por cualquier causa. La posibilidad de capital asegurado se sit\u00faa entre 30.000\u20ac y 60.000\u20ac para elegir el capital que mejor se adapte a las necesidades de cada asegurado. Este seguro tiene como principal ventaja, que no es necesario someterse a ning\u00fan reconocimiento m\u00e9dico por parte del asegurado.<\/p>\r\n\r\n\r\n\r\n<p>Sea cual sea la elecci\u00f3n del asegurado, podr\u00e1 elegir entre distintos m\u00e9todos de primas, ya sea mensual, trimestral, semestral o anual. En estos tres \u00faltimos, se le descontar\u00e1 el 1, 1,5 o el 3% respectivamente sobre el importe de la prima.<\/p>\r\n\r\n\r\n\r\n<p>Adem\u00e1s, dispone del seguro de salud, que dispone de protecci\u00f3n con asistencia privada al alcance del cliente, adem\u00e1s de contar con la cobertura de asistencia sanitaria, el reembolso de gastos y el m\u00f3dulo dental. Conjuntamente tambi\u00e9n tiene hospitalizaci\u00f3n (inclusive urgencias), el reembolso de gastos al utilizar servicios sanitarios o centros m\u00e9dicos a elecci\u00f3n del mismo (previa presentaci\u00f3n de justificantes), dispone tambi\u00e9n de m\u00f3dulo dental incluido, no tiene l\u00edmites en m\u00f3dulos de hospitalizaci\u00f3n, dispone de an\u00e1lisis, pruebas e intervenciones sin necesidad de listas de espera, tiene asistencia y servicios en el extranjero, el asegurado dispone de servicio telef\u00f3nico de atenci\u00f3n al asegurado, coberturas de embarazo y parto, adem\u00e1s de reproducci\u00f3n humana asistida.<\/p>\r\n\r\n\r\n\r\n<p>Adem\u00e1s, dispone de otros tipos de seguros como:<\/p>\r\n\r\n\r\n\r\n<p>\u00b7\u00a0 \u00a0 \u00a0 \u00a0 \u00a0Seguro del autom\u00f3vil.<\/p>\r\n\r\n\r\n\r\n<p>\u00b7\u00a0 \u00a0 \u00a0 \u00a0 \u00a0Seguro del hogar.<\/p>\r\n\r\n\r\n\r\n<p>\u00b7\u00a0 \u00a0 \u00a0 \u00a0 \u00a0Seguro de asistencia en viaje.<\/p>\r\n\r\n\r\n\r\n<p>\u00b7\u00a0 \u00a0 \u00a0 \u00a0 \u00a0Protecci\u00f3n de pagos, ante situaciones de desempleo o incapacidad temporal.<\/p>\r\n\r\n<h3>P\u00e1ginas relacionadas<\/h3><div class=\"enlazado\"><ul> <li><a href=\"https:\/\/idecesos.com\/seguros\/companias\/banco-popular\/coberturas\/\">Coberturas Seguro de Decesos Banco Popular<\/a><\/li> <li><a href=\"https:\/\/idecesos.com\/seguros\/companias\/banco-popular\/opiniones\/\">Opiniones Banco Popular<\/a><\/li> <li><a href=\"https:\/\/idecesos.com\/seguros\/companias\/banco-popular\/precio\/\">Precio seguro Banco Popular<\/a><\/li> <li><a href=\"https:\/\/idecesos.com\/seguros\/companias\/banco-popular\/prima-mixta\/\">Banco Popular Prima Mixta<\/a><\/li> <li><a href=\"https:\/\/idecesos.com\/seguros\/companias\/banco-popular\/prima-natural\/\">Banco Popular Prima Natural<\/a><\/li> <li><a href=\"https:\/\/idecesos.com\/seguros\/companias\/banco-popular\/prima-nivelada\/\">Banco Popular Prima Nivelada<\/a><\/li> <li><a href=\"https:\/\/idecesos.com\/seguros\/companias\/banco-popular\/prima-unica\/\">Banco Popular Prima \u00danica<\/a><\/li> <li><a href=\"https:\/\/idecesos.com\/seguros\/companias\/banco-popular\/repatriacion\/\">Banco Popular Repatriaci\u00f3n<\/a><\/li> <li><a href=\"https:\/\/idecesos.com\/seguros\/companias\/banco-popular\/telefono\/\">Tel\u00e9fono Gratuito Banco Popular<\/a><\/li><\/ul><\/div>","protected":false},"excerpt":{"rendered":"<p>El Banco Popular se cre\u00f3 el 15 de mayo de 1857 bajo decreto de la reina Isabel II y actualmente pertenece al Grupo Santander. Se compone de tres bancos espa\u00f1oles: el Banco Hispanoamericano, el Banco Espa\u00f1ol de Cr\u00e9dito y el Banco Central. Fue el primer banco de M\u00e9xico y Sudam\u00e9rica desde el a\u00f1o 1864. Lleg\u00f3&hellip; <\/p>\n","protected":false},"author":2,"featured_media":0,"parent":298,"menu_order":0,"comment_status":"closed","ping_status":"closed","template":"single.php","meta":{"footnotes":""},"class_list":["post-300","page","type-page","status-publish","hentry"],"yoast_head":"<!-- This site is optimized with the Yoast SEO plugin v27.3 - https:\/\/yoast.com\/product\/yoast-seo-wordpress\/ -->\n<title>Coberturas Seguro de Decesos Banco Popular | Gu\u00eda 2026<\/title>\n<meta name=\"description\" content=\"Consulta gratis las coberturas y servicios del Seguro de Decesos Banco Popular Informaci\u00f3n actualizada en 2026. Coberturas verificadas por iDecesos.\" \/>\n<meta name=\"robots\" content=\"index, follow, max-snippet:-1, max-image-preview:large, max-video-preview:-1\" \/>\n<link rel=\"canonical\" href=\"https:\/\/idecesos.com\/seguros\/companias\/banco-popular\/coberturas\/\" \/>\n<meta property=\"og:locale\" content=\"es_ES\" \/>\n<meta property=\"og:type\" content=\"article\" \/>\n<meta property=\"og:title\" content=\"Coberturas Seguro de Decesos Banco Popular | Gu\u00eda 2026\" \/>\n<meta property=\"og:description\" content=\"Consulta gratis las coberturas y servicios del Seguro de Decesos Banco Popular Informaci\u00f3n actualizada en 2026. Coberturas verificadas por iDecesos.\" \/>\n<meta property=\"og:url\" content=\"https:\/\/idecesos.com\/seguros\/companias\/banco-popular\/coberturas\/\" \/>\n<meta property=\"article:modified_time\" content=\"2024-12-11T12:45:42+00:00\" \/>\n<meta name=\"twitter:card\" content=\"summary_large_image\" \/>\n<meta name=\"twitter:label1\" content=\"Tiempo de lectura\" \/>\n\t<meta name=\"twitter:data1\" content=\"4 minutos\" \/>\n<script type=\"application\/ld+json\" class=\"yoast-schema-graph\">{\"@context\":\"https:\\\/\\\/schema.org\",\"@graph\":[{\"@type\":\"WebPage\",\"@id\":\"https:\\\/\\\/idecesos.com\\\/seguros\\\/companias\\\/banco-popular\\\/coberturas\\\/\",\"url\":\"https:\\\/\\\/idecesos.com\\\/seguros\\\/companias\\\/banco-popular\\\/coberturas\\\/\",\"name\":\"Coberturas Seguro de Decesos Banco Popular | Gu\u00eda 2026\",\"isPartOf\":{\"@id\":\"https:\\\/\\\/idecesos.com\\\/seguros\\\/#website\"},\"datePublished\":\"2021-07-09T07:14:37+00:00\",\"dateModified\":\"2024-12-11T12:45:42+00:00\",\"description\":\"Consulta gratis las coberturas y servicios del Seguro de Decesos Banco Popular Informaci\u00f3n actualizada en 2026. Coberturas verificadas por iDecesos.\",\"breadcrumb\":{\"@id\":\"https:\\\/\\\/idecesos.com\\\/seguros\\\/companias\\\/banco-popular\\\/coberturas\\\/#breadcrumb\"},\"inLanguage\":\"es\",\"potentialAction\":[{\"@type\":\"ReadAction\",\"target\":[\"https:\\\/\\\/idecesos.com\\\/seguros\\\/companias\\\/banco-popular\\\/coberturas\\\/\"]}]},{\"@type\":\"BreadcrumbList\",\"@id\":\"https:\\\/\\\/idecesos.com\\\/seguros\\\/companias\\\/banco-popular\\\/coberturas\\\/#breadcrumb\",\"itemListElement\":[{\"@type\":\"ListItem\",\"position\":1,\"name\":\"Portada\",\"item\":\"https:\\\/\\\/idecesos.com\\\/seguros\\\/\"},{\"@type\":\"ListItem\",\"position\":2,\"name\":\"Compa\u00f1\u00edas de Seguros de Decesos en Espa\u00f1a\",\"item\":\"https:\\\/\\\/idecesos.com\\\/seguros\\\/companias\\\/\"},{\"@type\":\"ListItem\",\"position\":3,\"name\":\"Seguro de decesos Banco Popular\",\"item\":\"https:\\\/\\\/idecesos.com\\\/seguros\\\/companias\\\/banco-popular\\\/\"},{\"@type\":\"ListItem\",\"position\":4,\"name\":\"Coberturas Seguro de Decesos Banco Popular\"}]},{\"@type\":\"WebSite\",\"@id\":\"https:\\\/\\\/idecesos.com\\\/seguros\\\/#website\",\"url\":\"https:\\\/\\\/idecesos.com\\\/seguros\\\/\",\"name\":\"\",\"description\":\"\",\"potentialAction\":[{\"@type\":\"SearchAction\",\"target\":{\"@type\":\"EntryPoint\",\"urlTemplate\":\"https:\\\/\\\/idecesos.com\\\/seguros\\\/?s={search_term_string}\"},\"query-input\":{\"@type\":\"PropertyValueSpecification\",\"valueRequired\":true,\"valueName\":\"search_term_string\"}}],\"inLanguage\":\"es\"}]}<\/script>\n<!-- \/ Yoast SEO plugin. -->","yoast_head_json":{"title":"Coberturas Seguro de Decesos Banco Popular | Gu\u00eda 2026","description":"Consulta gratis las coberturas y servicios del Seguro de Decesos Banco Popular Informaci\u00f3n actualizada en 2026. Coberturas verificadas por iDecesos.","robots":{"index":"index","follow":"follow","max-snippet":"max-snippet:-1","max-image-preview":"max-image-preview:large","max-video-preview":"max-video-preview:-1"},"canonical":"https:\/\/idecesos.com\/seguros\/companias\/banco-popular\/coberturas\/","og_locale":"es_ES","og_type":"article","og_title":"Coberturas Seguro de Decesos Banco Popular | Gu\u00eda 2026","og_description":"Consulta gratis las coberturas y servicios del Seguro de Decesos Banco Popular Informaci\u00f3n actualizada en 2026. Coberturas verificadas por iDecesos.","og_url":"https:\/\/idecesos.com\/seguros\/companias\/banco-popular\/coberturas\/","article_modified_time":"2024-12-11T12:45:42+00:00","twitter_card":"summary_large_image","twitter_misc":{"Tiempo de lectura":"4 minutos"},"schema":{"@context":"https:\/\/schema.org","@graph":[{"@type":"WebPage","@id":"https:\/\/idecesos.com\/seguros\/companias\/banco-popular\/coberturas\/","url":"https:\/\/idecesos.com\/seguros\/companias\/banco-popular\/coberturas\/","name":"Coberturas Seguro de Decesos Banco Popular | Gu\u00eda 2026","isPartOf":{"@id":"https:\/\/idecesos.com\/seguros\/#website"},"datePublished":"2021-07-09T07:14:37+00:00","dateModified":"2024-12-11T12:45:42+00:00","description":"Consulta gratis las coberturas y servicios del Seguro de Decesos Banco Popular Informaci\u00f3n actualizada en 2026. Coberturas verificadas por iDecesos.","breadcrumb":{"@id":"https:\/\/idecesos.com\/seguros\/companias\/banco-popular\/coberturas\/#breadcrumb"},"inLanguage":"es","potentialAction":[{"@type":"ReadAction","target":["https:\/\/idecesos.com\/seguros\/companias\/banco-popular\/coberturas\/"]}]},{"@type":"BreadcrumbList","@id":"https:\/\/idecesos.com\/seguros\/companias\/banco-popular\/coberturas\/#breadcrumb","itemListElement":[{"@type":"ListItem","position":1,"name":"Portada","item":"https:\/\/idecesos.com\/seguros\/"},{"@type":"ListItem","position":2,"name":"Compa\u00f1\u00edas de Seguros de Decesos en Espa\u00f1a","item":"https:\/\/idecesos.com\/seguros\/companias\/"},{"@type":"ListItem","position":3,"name":"Seguro de decesos Banco Popular","item":"https:\/\/idecesos.com\/seguros\/companias\/banco-popular\/"},{"@type":"ListItem","position":4,"name":"Coberturas Seguro de Decesos Banco Popular"}]},{"@type":"WebSite","@id":"https:\/\/idecesos.com\/seguros\/#website","url":"https:\/\/idecesos.com\/seguros\/","name":"","description":"","potentialAction":[{"@type":"SearchAction","target":{"@type":"EntryPoint","urlTemplate":"https:\/\/idecesos.com\/seguros\/?s={search_term_string}"},"query-input":{"@type":"PropertyValueSpecification","valueRequired":true,"valueName":"search_term_string"}}],"inLanguage":"es"}]}},"_links":{"self":[{"href":"https:\/\/idecesos.com\/seguros\/wp-json\/wp\/v2\/pages\/300","targetHints":{"allow":["GET"]}}],"collection":[{"href":"https:\/\/idecesos.com\/seguros\/wp-json\/wp\/v2\/pages"}],"about":[{"href":"https:\/\/idecesos.com\/seguros\/wp-json\/wp\/v2\/types\/page"}],"author":[{"embeddable":true,"href":"https:\/\/idecesos.com\/seguros\/wp-json\/wp\/v2\/users\/2"}],"replies":[{"embeddable":true,"href":"https:\/\/idecesos.com\/seguros\/wp-json\/wp\/v2\/comments?post=300"}],"version-history":[{"count":4,"href":"https:\/\/idecesos.com\/seguros\/wp-json\/wp\/v2\/pages\/300\/revisions"}],"predecessor-version":[{"id":22159,"href":"https:\/\/idecesos.com\/seguros\/wp-json\/wp\/v2\/pages\/300\/revisions\/22159"}],"up":[{"embeddable":true,"href":"https:\/\/idecesos.com\/seguros\/wp-json\/wp\/v2\/pages\/298"}],"wp:attachment":[{"href":"https:\/\/idecesos.com\/seguros\/wp-json\/wp\/v2\/media?parent=300"}],"curies":[{"name":"wp","href":"https:\/\/api.w.org\/{rel}","templated":true}]}}