{"id":3069,"date":"2021-08-26T10:06:43","date_gmt":"2021-08-26T07:22:26","guid":{"rendered":"https:\/\/idecesos.com\/seguros\/companias\/helvetia\/avila\/"},"modified":"2021-08-27T17:34:56","modified_gmt":"2021-08-27T17:34:56","slug":"avila","status":"publish","type":"page","link":"https:\/\/idecesos.com\/seguros\/companias\/helvetia\/avila\/","title":{"rendered":"Oficinas Helvetia en \u00c1vila"},"content":{"rendered":"<div id=\"ez-toc-container\" class=\"ez-toc-v2_0_82_2 ez-toc-wrap-center counter-hierarchy ez-toc-counter ez-toc-custom ez-toc-container-direction\">\n<div class=\"ez-toc-title-container\">\n<p class=\"ez-toc-title\" style=\"cursor:inherit\">Tabla de Contenido<\/p>\n<span class=\"ez-toc-title-toggle\"><a href=\"#\" class=\"ez-toc-pull-right ez-toc-btn ez-toc-btn-xs ez-toc-btn-default ez-toc-toggle\" aria-label=\"Alternar tabla de contenidos\"><span class=\"ez-toc-js-icon-con\"><span class=\"\"><span class=\"eztoc-hide\" style=\"display:none;\">Toggle<\/span><span class=\"ez-toc-icon-toggle-span\"><svg style=\"fill: #db6415;color:#db6415\" xmlns=\"http:\/\/www.w3.org\/2000\/svg\" class=\"list-377408\" width=\"20px\" height=\"20px\" viewBox=\"0 0 24 24\" fill=\"none\"><path d=\"M6 6H4v2h2V6zm14 0H8v2h12V6zM4 11h2v2H4v-2zm16 0H8v2h12v-2zM4 16h2v2H4v-2zm16 0H8v2h12v-2z\" fill=\"currentColor\"><\/path><\/svg><svg style=\"fill: #db6415;color:#db6415\" class=\"arrow-unsorted-368013\" xmlns=\"http:\/\/www.w3.org\/2000\/svg\" width=\"10px\" height=\"10px\" viewBox=\"0 0 24 24\" version=\"1.2\" baseProfile=\"tiny\"><path d=\"M18.2 9.3l-6.2-6.3-6.2 6.3c-.2.2-.3.4-.3.7s.1.5.3.7c.2.2.4.3.7.3h11c.3 0 .5-.1.7-.3.2-.2.3-.5.3-.7s-.1-.5-.3-.7zM5.8 14.7l6.2 6.3 6.2-6.3c.2-.2.3-.5.3-.7s-.1-.5-.3-.7c-.2-.2-.4-.3-.7-.3h-11c-.3 0-.5.1-.7.3-.2.2-.3.5-.3.7s.1.5.3.7z\"\/><\/svg><\/span><\/span><\/span><\/a><\/span><\/div>\n<nav><ul class='ez-toc-list ez-toc-list-level-1 ' ><li class='ez-toc-page-1 ez-toc-heading-level-2'><a class=\"ez-toc-link ez-toc-heading-1\" href=\"https:\/\/idecesos.com\/seguros\/companias\/helvetia\/avila\/#Seguro_de_decesos_Helvetia_en_Avila\" >Seguro de decesos Helvetia en \u00c1vila<\/a><\/li><li class='ez-toc-page-1 ez-toc-heading-level-2'><a class=\"ez-toc-link ez-toc-heading-2\" href=\"https:\/\/idecesos.com\/seguros\/companias\/helvetia\/avila\/#Mapa_de_sucursales_de_seguros_Helvetia_en_Avila\" >Mapa de sucursales de seguros Helvetia en \u00c1vila<\/a><\/li><li class='ez-toc-page-1 ez-toc-heading-level-2'><a class=\"ez-toc-link ez-toc-heading-3\" href=\"https:\/\/idecesos.com\/seguros\/companias\/helvetia\/avila\/#Listado_de_sucursales_Helvetia_en_Avila\" >Listado de sucursales Helvetia en \u00c1vila<\/a><\/li><li class='ez-toc-page-1 ez-toc-heading-level-2'><a class=\"ez-toc-link ez-toc-heading-4\" href=\"https:\/\/idecesos.com\/seguros\/companias\/helvetia\/avila\/#Agencias_de_seguros_de_decesos_en_Avila\" >Agencias de seguros de decesos en \u00c1vila<\/a><ul class='ez-toc-list-level-3' ><li class='ez-toc-heading-level-3'><a class=\"ez-toc-link ez-toc-heading-5\" href=\"https:\/\/idecesos.com\/seguros\/companias\/helvetia\/avila\/#Listado_de_agencias_Helvetia_en_Espana\" >Listado de agencias Helvetia en Espa\u00f1a<\/a><\/li><\/ul><\/li><\/ul><\/nav><\/div>\n\n<p><a href=\"https:\/\/idecesos.com\/seguros\/companias\/ocaso\/\"><img decoding=\"async\" class=\"size-medium alignleft\" src=\"https:\/\/idecesos.com\/img\/decesos_helvetia.png\" alt=\"Seguro de decesos Helvetia\" \/><\/a>La ciudad de \u00c1vila cuenta con distintas<strong> sucursales de Helvetia donde le van a dar la atenci\u00f3n que necesite,<\/strong> siempre y en todo momento de la mano de excelentes profesionales en el \u00e1mbito. Para solucionar sus inconvenientes relacionados y lo gestionen de una forma m\u00e1s eficaz. Teniendo en cuenta que cada una tiene un horario correspondiente. Es esencial contar con oficinas, as\u00ed solventaran tus problemas presencialmente, sabemos que es m\u00e1s eficaz si se trata a la distancia. Resulta que es necesario poder contar con una oficina f\u00edsica de compa\u00f1\u00edas aseguradoras de decesos.<\/p>\n<p>Gracias a ello, Helvetia le ofrece un servicio cercano y una comunicaci\u00f3n adaptada mediante su servicio de oficinas, de car\u00e1cter m\u00e1s familiar, por esta raz\u00f3n conocer donde se encuentra cada uno es ineludible. En lo relativo nos dar\u00e1n una asistencia dedica en cualquier momento. Obtener un presupuesto de forma flash, contando con un personal con un recorrido excepcional. Donde quedase satisfecho.<\/p>\n<p>Visita nuestra p\u00e1gina de <a href=\"https:\/\/idecesos.com\/seguros\/companias\/helvetia\/\">seguros de decesos Helvetia<\/a> para m\u00e1s informaci\u00f3n.<br \/>\n<div class=\"colorf \"  ><div class=\"container clearfix\"><div class=\"col-md-7\"><\/p>\n<h2><span class=\"ez-toc-section\" id=\"Seguro_de_decesos_Helvetia_en_Avila\"><\/span>Seguro de decesos Helvetia en \u00c1vila<span class=\"ez-toc-section-end\"><\/span><\/h2>\n<p>Somos m\u00e1s all\u00e1 que una empresa aseguradora, somos tu calma, contando con los diferentes <a href=\"https:\/\/idecesos.com\/seguros\/ciudades\/avila\/\"><strong>seguro de decesos de \u00c1vila<\/strong><\/a>. Acomod\u00e1ndose a su situaci\u00f3n quedando cubierto sus necesidades. Servicio de delegaciones de Helvetia en \u00c1vila va direccionado para aquellas personas que necesiten solucionar de forma eficaz cualquier administraci\u00f3n al respecto y se haga de manera inmediata. Quedara cubierto todas las dudas que tenga y quedado solventado sus problemas de forma m\u00e1s sencilla.<\/p>\n<p>De una forma m\u00e1s f\u00e1cil vas a poder localizar tu oficina de referencia de Helvetia en \u00c1vila. Puedes acceder de forma r\u00e1pida al formulario merced a el obtendr\u00e1s toda la informaci\u00f3n, como solicitar cita. Evitando en todo instante conseguir informaci\u00f3n intrascendente al que haya pedido. El cuestionario est\u00e1 listo para que obtengas en calidad los datos necesarios, evit\u00e1ndote cualquier error cuando pidas su cita previa. Contando en todo instante con la protecci\u00f3n m\u00e1s seguro, sobr\u00e9 sus datos.<\/p>\n<p><\/div><\/div><\/div>\n\t\t<hr class=\"separador\">\n\t\t<div class=\"bloque-accion\">\n\t\t<p class=\"txt-accion\">Calcula el precio de tu seguro de decesos en menos de 1 minuto<\/p>\n\t\t<a class=\"btn-accion\" href=\"https:\/\/idecesos.com\/\">CALCULAR<\/a>\n\t\t<\/div>\n\t\t<hr class=\"separador\">\n\t\t<\/p>\n<h2><span class=\"ez-toc-section\" id=\"Mapa_de_sucursales_de_seguros_Helvetia_en_Avila\"><\/span>Mapa de sucursales de seguros Helvetia en \u00c1vila<span class=\"ez-toc-section-end\"><\/span><\/h2>\n<p>Oficinas de mapa de Helvetia en \u00c1vila real\u00edzalo de forma f\u00e1cil y en tan solo menos de 1 minuto. Cuando menos lo esperemos y lo necesitemos, nos ahorramos el tiempo en la b\u00fasqueda del mismo siendo m\u00e1s resolutivo. Teniendo de ello diferentes opciones. Te damos garant\u00eda como calidad en el momento de tu busca.<\/p>\n<p><iframe class=\"page-generator-pro-map\" style=\"border: 0;\" src=\"https:\/\/www.google.com\/maps\/embed\/v1\/place?q=C.+San+Juan%2C+2%2C+05200+Ar%C3%A9valo%2C+%C3%81vila%2C+Espa%C3%B1a&amp;zoom=14&amp;maptype=roadmap&amp;key=AIzaSyCNTEOso0tZG6YMSJFoaJEY5Th1stEWrJI\" width=\"100%\" height=\"400\" frameborder=\"0\" allowfullscreen=\"allowfullscreen\"><\/iframe><\/p>\n<p>&nbsp;<br \/>\n<div class=\"colorf\"><div class=\"container clearfix\"><div class=\"col-md-7\"><div class=\"empresas\"><\/p>\n<h2><span class=\"ez-toc-section\" id=\"Listado_de_sucursales_Helvetia_en_Avila\"><\/span>Listado de sucursales Helvetia en \u00c1vila<span class=\"ez-toc-section-end\"><\/span><\/h2>\n<ul>\n<li><strong>HELVETIA SEGUROS, S.A. Ar\u00e9valo, Espa\u00f1a:<\/strong> C. San Juan, 2, 05200 Ar\u00e9valo, \u00c1vila, Espa\u00f1a<\/li>\n<\/ul>\n<\/div><\/div><\/div><\/div>\n<h2><span class=\"ez-toc-section\" id=\"Agencias_de_seguros_de_decesos_en_Avila\"><\/span>Agencias de seguros de decesos en \u00c1vila<span class=\"ez-toc-section-end\"><\/span><\/h2>\n<p>De una manera m\u00e1s f\u00e1cil vas a poder tener a tu alcance el <strong>listado de compa\u00f1\u00eda aseguradora de defunci\u00f3n en \u00c1vila<\/strong> en el encontrases toda la informaci\u00f3n oportuna, para una mejora administraci\u00f3n del mismo. Funcional y eficiente, dando unos resultados incre\u00edble a la informaci\u00f3n que se necesite en el instante que se requiera. Evita cuestionarlo demasiado, opta por lo m\u00e1s r\u00e1pido y eficaz que se adapte a tus necesidades. Siempre y en toda circunstancia pensando en hacerte la b\u00fasqueda m\u00e1s f\u00e1cil. Conocer\u00e1s las distintas compa\u00f1\u00edas que se ubiquen en tu zona.<\/p>\n<!-- Shortcode [helvetia] does not exist -->\n<div class=\"colorf\"><div class=\"container clearfix\"><div class=\"col-md-7\"><div class=\"empresas\">\n<h3><span class=\"ez-toc-section\" id=\"Listado_de_agencias_Helvetia_en_Espana\"><\/span>Listado de agencias Helvetia en Espa\u00f1a<span class=\"ez-toc-section-end\"><\/span><\/h3>\n<div class=\"enlazado\"><ul><li><a href=\"https:\/\/idecesos.com\/seguros\/companias\/helvetia\/coberturas\/\"><span>Coberturas Seguro de Decesos Helvetia<\/span><\/a><\/li><li><a href=\"https:\/\/idecesos.com\/seguros\/companias\/helvetia\/almeria\/\"><span>Oficinas Helvetia en Almer\u00eda<\/span><\/a><\/li><li><a href=\"https:\/\/idecesos.com\/seguros\/companias\/helvetia\/asturias\/\"><span>Oficinas Helvetia en Asturias<\/span><\/a><\/li><li><a href=\"https:\/\/idecesos.com\/seguros\/companias\/helvetia\/cantabria\/\"><span>Oficinas Helvetia en Cantabria<\/span><\/a><\/li><li><a href=\"https:\/\/idecesos.com\/seguros\/companias\/helvetia\/caceres\/\"><span>Oficinas Helvetia en C\u00e1ceres<\/span><\/a><\/li><li><a href=\"https:\/\/idecesos.com\/seguros\/companias\/helvetia\/guipuzcoa\/\"><span>Oficinas Helvetia en Guip\u00fazcoa<\/span><\/a><\/li><li><a href=\"https:\/\/idecesos.com\/seguros\/companias\/helvetia\/huelva\/\"><span>Oficinas Helvetia en Huelva<\/span><\/a><\/li><li><a href=\"https:\/\/idecesos.com\/seguros\/companias\/helvetia\/lerida\/\"><span>Oficinas Helvetia en L\u00e9rida<\/span><\/a><\/li><li><a href=\"https:\/\/idecesos.com\/seguros\/companias\/helvetia\/pontevedra\/\"><span>Oficinas Helvetia en Pontevedra<\/span><\/a><\/li><li><a href=\"https:\/\/idecesos.com\/seguros\/companias\/helvetia\/tenerife\/\"><span>Oficinas Helvetia en Tenerife<\/span><\/a><\/li><li><a href=\"https:\/\/idecesos.com\/seguros\/companias\/helvetia\/teruel\/\"><span>Oficinas Helvetia en Teruel<\/span><\/a><\/li><li><a href=\"https:\/\/idecesos.com\/seguros\/companias\/helvetia\/valencia\/\"><span>Oficinas Helvetia en Valencia<\/span><\/a><\/li><li><a href=\"https:\/\/idecesos.com\/seguros\/companias\/helvetia\/vizcaya\/\"><span>Oficinas Helvetia en Vizcaya<\/span><\/a><\/li><li><a href=\"https:\/\/idecesos.com\/seguros\/companias\/helvetia\/incineracion\/\"><span>SEGURO DECESOS HELVETIA INCINERACI\u00d3N<\/span><\/a><\/li><li><a href=\"https:\/\/idecesos.com\/seguros\/companias\/helvetia\/repatriacion\/\"><span>Seguro de decesos Helvetia con repatriaci\u00f3n<\/span><\/a><\/li><li><a href=\"https:\/\/idecesos.com\/seguros\/companias\/helvetia\/precio\/\"><span>\u00bfCu\u00e1nto cuesta el seguro de decesos Helvetia?<\/span><\/a><\/li><\/ul><\/div>\n<\/div><\/div><\/div><\/div>\n","protected":false},"excerpt":{"rendered":"<p>La ciudad de \u00c1vila cuenta con distintas sucursales de Helvetia donde le van a dar la atenci\u00f3n que necesite, siempre y en todo momento de la mano de excelentes profesionales en el \u00e1mbito. Para solucionar sus inconvenientes relacionados y lo gestionen de una forma m\u00e1s eficaz. Teniendo en cuenta que cada una tiene un horario&hellip; <\/p>\n","protected":false},"author":1,"featured_media":0,"parent":652,"menu_order":0,"comment_status":"closed","ping_status":"closed","template":"page-templates\/companies.php","meta":{"footnotes":""},"class_list":["post-3069","page","type-page","status-publish","hentry"],"yoast_head":"<!-- This site is optimized with the Yoast SEO plugin v27.2 - https:\/\/yoast.com\/product\/yoast-seo-wordpress\/ -->\n<title>Oficinas Helvetia en \u00c1vila | Tel\u00e9fonos, Horarios, Direcci\u00f3n<\/title>\n<meta name=\"description\" content=\"Lista completa de Oficinas Helvetia en \u00c1vila Horarios, \u2706 tel\u00e9fonos y direcciones actualizados en 2026 \u2714 Verificado por iDecesos.\" \/>\n<meta name=\"robots\" content=\"index, follow, max-snippet:-1, max-image-preview:large, max-video-preview:-1\" \/>\n<link rel=\"canonical\" href=\"https:\/\/idecesos.com\/seguros\/companias\/helvetia\/avila\/\" \/>\n<meta property=\"og:locale\" content=\"es_ES\" \/>\n<meta property=\"og:type\" content=\"article\" \/>\n<meta property=\"og:title\" content=\"Oficinas Helvetia en \u00c1vila | Tel\u00e9fonos, Horarios, Direcci\u00f3n\" \/>\n<meta property=\"og:description\" content=\"Lista completa de Oficinas Helvetia en \u00c1vila Horarios, \u2706 tel\u00e9fonos y direcciones actualizados en 2026 \u2714 Verificado por iDecesos.\" \/>\n<meta property=\"og:url\" content=\"https:\/\/idecesos.com\/seguros\/companias\/helvetia\/avila\/\" \/>\n<meta property=\"article:modified_time\" content=\"2021-08-27T17:34:56+00:00\" \/>\n<meta property=\"og:image\" content=\"https:\/\/idecesos.com\/img\/decesos_helvetia.png\" \/>\n<meta name=\"twitter:card\" content=\"summary_large_image\" \/>\n<meta name=\"twitter:label1\" content=\"Tiempo de lectura\" \/>\n\t<meta name=\"twitter:data1\" content=\"39 minutos\" \/>\n<script type=\"application\/ld+json\" class=\"yoast-schema-graph\">{\"@context\":\"https:\/\/schema.org\",\"@graph\":[{\"@type\":\"WebPage\",\"@id\":\"https:\/\/idecesos.com\/seguros\/companias\/helvetia\/avila\/\",\"url\":\"https:\/\/idecesos.com\/seguros\/companias\/helvetia\/avila\/\",\"name\":\"Oficinas Helvetia en \u00c1vila | Tel\u00e9fonos, Horarios, Direcci\u00f3n\",\"isPartOf\":{\"@id\":\"https:\/\/idecesos.com\/seguros\/#website\"},\"primaryImageOfPage\":{\"@id\":\"https:\/\/idecesos.com\/seguros\/companias\/helvetia\/avila\/#primaryimage\"},\"image\":{\"@id\":\"https:\/\/idecesos.com\/seguros\/companias\/helvetia\/avila\/#primaryimage\"},\"thumbnailUrl\":\"https:\/\/idecesos.com\/img\/decesos_helvetia.png\",\"datePublished\":\"2021-08-26T07:22:26+00:00\",\"dateModified\":\"2021-08-27T17:34:56+00:00\",\"description\":\"Lista completa de Oficinas Helvetia en \u00c1vila Horarios, \u2706 tel\u00e9fonos y direcciones actualizados en 2026 \u2714 Verificado por iDecesos.\",\"breadcrumb\":{\"@id\":\"https:\/\/idecesos.com\/seguros\/companias\/helvetia\/avila\/#breadcrumb\"},\"inLanguage\":\"es\",\"potentialAction\":[{\"@type\":\"ReadAction\",\"target\":[\"https:\/\/idecesos.com\/seguros\/companias\/helvetia\/avila\/\"]}]},{\"@type\":\"ImageObject\",\"inLanguage\":\"es\",\"@id\":\"https:\/\/idecesos.com\/seguros\/companias\/helvetia\/avila\/#primaryimage\",\"url\":\"https:\/\/idecesos.com\/img\/decesos_helvetia.png\",\"contentUrl\":\"https:\/\/idecesos.com\/img\/decesos_helvetia.png\"},{\"@type\":\"BreadcrumbList\",\"@id\":\"https:\/\/idecesos.com\/seguros\/companias\/helvetia\/avila\/#breadcrumb\",\"itemListElement\":[{\"@type\":\"ListItem\",\"position\":1,\"name\":\"Portada\",\"item\":\"https:\/\/idecesos.com\/seguros\/\"},{\"@type\":\"ListItem\",\"position\":2,\"name\":\"Compa\u00f1\u00edas de Seguros de Decesos en Espa\u00f1a\",\"item\":\"https:\/\/idecesos.com\/seguros\/companias\/\"},{\"@type\":\"ListItem\",\"position\":3,\"name\":\"Seguro de Decesos Helvetia\",\"item\":\"https:\/\/idecesos.com\/seguros\/companias\/helvetia\/\"},{\"@type\":\"ListItem\",\"position\":4,\"name\":\"Oficinas Helvetia en \u00c1vila\"}]},{\"@type\":\"WebSite\",\"@id\":\"https:\/\/idecesos.com\/seguros\/#website\",\"url\":\"https:\/\/idecesos.com\/seguros\/\",\"name\":\"\",\"description\":\"\",\"potentialAction\":[{\"@type\":\"SearchAction\",\"target\":{\"@type\":\"EntryPoint\",\"urlTemplate\":\"https:\/\/idecesos.com\/seguros\/?s={search_term_string}\"},\"query-input\":{\"@type\":\"PropertyValueSpecification\",\"valueRequired\":true,\"valueName\":\"search_term_string\"}}],\"inLanguage\":\"es\"}]}<\/script>\n<!-- \/ Yoast SEO plugin. -->","yoast_head_json":{"title":"Oficinas Helvetia en \u00c1vila | Tel\u00e9fonos, Horarios, Direcci\u00f3n","description":"Lista completa de Oficinas Helvetia en \u00c1vila Horarios, \u2706 tel\u00e9fonos y direcciones actualizados en 2026 \u2714 Verificado por iDecesos.","robots":{"index":"index","follow":"follow","max-snippet":"max-snippet:-1","max-image-preview":"max-image-preview:large","max-video-preview":"max-video-preview:-1"},"canonical":"https:\/\/idecesos.com\/seguros\/companias\/helvetia\/avila\/","og_locale":"es_ES","og_type":"article","og_title":"Oficinas Helvetia en \u00c1vila | Tel\u00e9fonos, Horarios, Direcci\u00f3n","og_description":"Lista completa de Oficinas Helvetia en \u00c1vila Horarios, \u2706 tel\u00e9fonos y direcciones actualizados en 2026 \u2714 Verificado por iDecesos.","og_url":"https:\/\/idecesos.com\/seguros\/companias\/helvetia\/avila\/","article_modified_time":"2021-08-27T17:34:56+00:00","og_image":[{"url":"https:\/\/idecesos.com\/img\/decesos_helvetia.png","type":"","width":"","height":""}],"twitter_card":"summary_large_image","twitter_misc":{"Tiempo de lectura":"39 minutos"},"schema":{"@context":"https:\/\/schema.org","@graph":[{"@type":"WebPage","@id":"https:\/\/idecesos.com\/seguros\/companias\/helvetia\/avila\/","url":"https:\/\/idecesos.com\/seguros\/companias\/helvetia\/avila\/","name":"Oficinas Helvetia en \u00c1vila | Tel\u00e9fonos, Horarios, Direcci\u00f3n","isPartOf":{"@id":"https:\/\/idecesos.com\/seguros\/#website"},"primaryImageOfPage":{"@id":"https:\/\/idecesos.com\/seguros\/companias\/helvetia\/avila\/#primaryimage"},"image":{"@id":"https:\/\/idecesos.com\/seguros\/companias\/helvetia\/avila\/#primaryimage"},"thumbnailUrl":"https:\/\/idecesos.com\/img\/decesos_helvetia.png","datePublished":"2021-08-26T07:22:26+00:00","dateModified":"2021-08-27T17:34:56+00:00","description":"Lista completa de Oficinas Helvetia en \u00c1vila Horarios, \u2706 tel\u00e9fonos y direcciones actualizados en 2026 \u2714 Verificado por iDecesos.","breadcrumb":{"@id":"https:\/\/idecesos.com\/seguros\/companias\/helvetia\/avila\/#breadcrumb"},"inLanguage":"es","potentialAction":[{"@type":"ReadAction","target":["https:\/\/idecesos.com\/seguros\/companias\/helvetia\/avila\/"]}]},{"@type":"ImageObject","inLanguage":"es","@id":"https:\/\/idecesos.com\/seguros\/companias\/helvetia\/avila\/#primaryimage","url":"https:\/\/idecesos.com\/img\/decesos_helvetia.png","contentUrl":"https:\/\/idecesos.com\/img\/decesos_helvetia.png"},{"@type":"BreadcrumbList","@id":"https:\/\/idecesos.com\/seguros\/companias\/helvetia\/avila\/#breadcrumb","itemListElement":[{"@type":"ListItem","position":1,"name":"Portada","item":"https:\/\/idecesos.com\/seguros\/"},{"@type":"ListItem","position":2,"name":"Compa\u00f1\u00edas de Seguros de Decesos en Espa\u00f1a","item":"https:\/\/idecesos.com\/seguros\/companias\/"},{"@type":"ListItem","position":3,"name":"Seguro de Decesos Helvetia","item":"https:\/\/idecesos.com\/seguros\/companias\/helvetia\/"},{"@type":"ListItem","position":4,"name":"Oficinas Helvetia en \u00c1vila"}]},{"@type":"WebSite","@id":"https:\/\/idecesos.com\/seguros\/#website","url":"https:\/\/idecesos.com\/seguros\/","name":"","description":"","potentialAction":[{"@type":"SearchAction","target":{"@type":"EntryPoint","urlTemplate":"https:\/\/idecesos.com\/seguros\/?s={search_term_string}"},"query-input":{"@type":"PropertyValueSpecification","valueRequired":true,"valueName":"search_term_string"}}],"inLanguage":"es"}]}},"_links":{"self":[{"href":"https:\/\/idecesos.com\/seguros\/wp-json\/wp\/v2\/pages\/3069","targetHints":{"allow":["GET"]}}],"collection":[{"href":"https:\/\/idecesos.com\/seguros\/wp-json\/wp\/v2\/pages"}],"about":[{"href":"https:\/\/idecesos.com\/seguros\/wp-json\/wp\/v2\/types\/page"}],"author":[{"embeddable":true,"href":"https:\/\/idecesos.com\/seguros\/wp-json\/wp\/v2\/users\/1"}],"replies":[{"embeddable":true,"href":"https:\/\/idecesos.com\/seguros\/wp-json\/wp\/v2\/comments?post=3069"}],"version-history":[{"count":6,"href":"https:\/\/idecesos.com\/seguros\/wp-json\/wp\/v2\/pages\/3069\/revisions"}],"predecessor-version":[{"id":3727,"href":"https:\/\/idecesos.com\/seguros\/wp-json\/wp\/v2\/pages\/3069\/revisions\/3727"}],"up":[{"embeddable":true,"href":"https:\/\/idecesos.com\/seguros\/wp-json\/wp\/v2\/pages\/652"}],"wp:attachment":[{"href":"https:\/\/idecesos.com\/seguros\/wp-json\/wp\/v2\/media?parent=3069"}],"curies":[{"name":"wp","href":"https:\/\/api.w.org\/{rel}","templated":true}]}}