{"id":307,"date":"2021-07-09T07:19:23","date_gmt":"2021-07-09T07:19:23","guid":{"rendered":"https:\/\/idecesos.com\/seguros\/?page_id=307"},"modified":"2024-12-11T13:40:53","modified_gmt":"2024-12-11T12:40:53","slug":"coberturas","status":"publish","type":"page","link":"https:\/\/idecesos.com\/seguros\/companias\/divina-pastora\/coberturas\/","title":{"rendered":"Coberturas Seguro de Decesos Divina Pastora"},"content":{"rendered":"\r\n\r\n<p>Otra de las m\u00faltiples compa\u00f1\u00edas aseguradoras que. existen en Espa\u00f1a es Divina Pastora seguros, que seg\u00fan transmiten desde la propia empresa son l\u00edderes en este campo y dan a los asegurados unos productos y unas ofertas que resultan muy competitivos en el mercado por la relaci\u00f3n de su precio con respecto a la cobertura. Adem\u00e1s los clientes de esta compa\u00f1\u00eda pueden estar tranquilos por estar asegurados por una empresa y por un grupo empresarial que lleva m\u00e1s de cincuenta a\u00f1os en el mundo, por consiguiente por su solidez econ\u00f3mica y financiera y se trata de una corporaci\u00f3n que siempre ha estado dando beneficios a sus due\u00f1os.<\/p>\r\n\r\n\r\n\r\n<p>La misi\u00f3n fundamental de la corporaci\u00f3n de seguros es el proyecto social, teniendo en cuenta su previsi\u00f3n y siendo la asistencia a los asociados, clientes y sus bienes su m\u00e1xima. Otra misi\u00f3n de la empresa es poder seguir creciendo a trav\u00e9s de la innovaci\u00f3n y de la mejora continua, estando al d\u00eda de los avances que hay en este sector y teniendo en cuenta la opini\u00f3n de sus asegurados, clientes y mutualistas. De este modo, todo cuenta y todo suma a lo que vaya a venir en el futuro, dando pasos firmes y s\u00f3lidos.<\/p>\r\n\r\n\r\n\r\n<p>Los valores esenciales para la corporaci\u00f3n espa\u00f1ola son la honradez, la constante formaci\u00f3n e innovaci\u00f3n, como ya se mencionaba antes, la claridad y la transparencia en todos los tr\u00e1mites que realiza y en todos los servicios que da. Remarcan adem\u00e1s el respecto a nuestro entorno y al medio ambiente, as\u00ed como la responsabilidad social que asumen como mutua y como entidad aseguradora de personas.<\/p>\r\n\r\n\r\n\r\n<p>Dentro de Divina Pastora seguros encontramos dos seguros que nos interesan de un modo especial: por un lado el seguro de vida, por otro, el seguro de decesos. Aunque a veces no lo parezca o no se aprecie, el hecho de que tengan distinto nombre no es por azar. Un nombre diferente, determina unas caracter\u00edsticas igualmente diferentes. Centr\u00e9monos en cada uno de ellos.<\/p>\r\n\r\n\r\n\r\n<p>Un seguro de vida se cobra y el asegurado se beneficia de este, cuando se produce la defunci\u00f3n de la persona titular del seguro. Si bien no incluye nada m\u00e1s, es decir, se paga, seg\u00fan el tipo de p\u00f3liza que se tenga contratado, una cantidad de dinero u otra pero no se realiza ning\u00fan otro tr\u00e1mite ni gesti\u00f3n. Las personas cercanas al fallecido van a tener que tramitar y organizar todo lo que implique el funeral, el sepelio, las flores, el lugar, el entierro, la incineraci\u00f3n, el traslado, etc. Insisto en que la aseguradora cubrir\u00e1 todos estos costes y gastos siempre y cuando su p\u00f3liza de seguros as\u00ed lo incluya porque tengo determinado capital de prima, as\u00ed que habr\u00e1 veces que no sea as\u00ed.<\/p>\r\n\r\n\r\n\r\n<p>El otro tipo de seguros que hay que comparar y tener en consideraci\u00f3n para los decesos, que es lo que aqu\u00ed queremos ver en concreto, es justamente los seguros de decesos. Con este tipo de seguro, la persona que contrate podr\u00e1 tener la tranquilidad de que el d\u00eda de su fallecimiento nadie va a tener que encargarse de nada. Pensad que la compa\u00f1\u00eda pone el dinero de todos los costes del sepelio y, adem\u00e1s, lo gestiona, lo administra y lo organiza. Es la comodidad con la que todos so\u00f1amos, ya que en el momento en el que una persona cercana y querida fallece, lo \u00faltimo que se desea es tener que lidiar con las funerarias, regatear precio, tramitar todo lo que implique el sepelio, hacerlo como la persona que feneci\u00f3 deseaba, etc.<\/p>\r\n\r\n\r\n\r\n<p>Dentro de los seguros de vida, la compa\u00f1\u00eda Divina Pastora tiene el seguro de vida normal, que consta de cobertura por la defunci\u00f3n de la persona asegurada cuando este fallecimiento venga derivado de un accidente o de una enfermedad. Tambi\u00e9n el seguro de vida y gran invalidez, que consta de la cobertura del sepelio por la defunci\u00f3n del asegurado, igualmente siempre que el fallecimiento sea a causa de una enfermedad o de un accidente. La diferencia aqu\u00ed est\u00e1 en que no solo se cobra el dinero cuando el titular del seguro fenece, sino tambi\u00e9n cuando se queda tras el accidente o la enfermedad con una gran invalidez.<\/p>\r\n\r\n\r\n\r\n<p>Por \u00faltimo, dentro de los seguros de vida de Divina Pastora tenemos el seguro de vida, gran invalidez e incapacidad total y absoluta. Con este tipo de seguro vas a recibir el dinero en caso de defunci\u00f3n, de incapacidad total o absoluta por accidente, as\u00ed como por gran invalidez. Insistimos en que la defunci\u00f3n y la gran invalidez, al igual que pasaba con los otros tipos de seguros de vida, tienen que venir derivadas de una enfermedad o de un accidente.<\/p>\r\n\r\n\r\n\r\n<p>Afirman desde la empresa aseguradora que el seguro que ellos tienen de vida e invalidez es hasta un cuarenta por ciento m\u00e1s econ\u00f3mico que el que suelen ofertar el resto de las compa\u00f1\u00edas de seguros, incluyendo todas las coberturas que t\u00fa y los tuyos necesit\u00e1is. La mejor forma de comprobar esto es utilizando el comparador de seguros de iDecesos.com, especializado en este tipo de seguros. Meti\u00e9ndote en su portal y con una simple comparativa, te dar\u00e1n un amplio abanico de opciones que siempre ser\u00e1n las que m\u00e1s te convienen.<\/p>\r\n\r\n\r\n\r\n<p>En los seguros de decesos Divina Pastora solo ofertan un tipo de seguro, se llama seguro asistencia familiar decesos y te da toda la cobertura y la mayor calidad del servicio. Va a servirte tanto para Espa\u00f1a como para el extranjero, si resides all\u00ed por ejemplo o si vas de visita. Hay que se\u00f1alar que con este tipo de seguro no tienes que preocuparte por nada acerca del sepelio ni del funeral, la aseguradora gestionar\u00e1 todo y se encargar\u00e1 hasta del m\u00e1s m\u00ednimo detalle.<\/p>\r\n\r\n<h3>P\u00e1ginas relacionadas<\/h3><div class=\"enlazado\"><ul> <li><a href=\"https:\/\/idecesos.com\/seguros\/companias\/divina-pastora\/coberturas\/\">Coberturas Seguro de Decesos Divina Pastora<\/a><\/li> <li><a href=\"https:\/\/idecesos.com\/seguros\/companias\/divina-pastora\/opiniones\/\">Opiniones Divina Pastora<\/a><\/li> <li><a href=\"https:\/\/idecesos.com\/seguros\/companias\/divina-pastora\/precio\/\">Precio seguro Divina Pastora<\/a><\/li> <li><a href=\"https:\/\/idecesos.com\/seguros\/companias\/divina-pastora\/prima-mixta\/\">Divina Pastora Prima Mixta<\/a><\/li> <li><a href=\"https:\/\/idecesos.com\/seguros\/companias\/divina-pastora\/prima-natural\/\">Divina Pastora Prima Natural<\/a><\/li> <li><a href=\"https:\/\/idecesos.com\/seguros\/companias\/divina-pastora\/prima-nivelada\/\">Divina Pastora Prima Nivelada<\/a><\/li> <li><a href=\"https:\/\/idecesos.com\/seguros\/companias\/divina-pastora\/prima-unica\/\">Divina Pastora Prima \u00danica<\/a><\/li> <li><a href=\"https:\/\/idecesos.com\/seguros\/companias\/divina-pastora\/repatriacion\/\">Divina Pastora Repatriaci\u00f3n<\/a><\/li> <li><a href=\"https:\/\/idecesos.com\/seguros\/companias\/divina-pastora\/telefono\/\">Tel\u00e9fono Gratuito Divina Pastora<\/a><\/li><\/ul><\/div>","protected":false},"excerpt":{"rendered":"<p>Otra de las m\u00faltiples compa\u00f1\u00edas aseguradoras que. existen en Espa\u00f1a es Divina Pastora seguros, que seg\u00fan transmiten desde la propia empresa son l\u00edderes en este campo y dan a los asegurados unos productos y unas ofertas que resultan muy competitivos en el mercado por la relaci\u00f3n de su precio con respecto a la cobertura. Adem\u00e1s&hellip; <\/p>\n","protected":false},"author":2,"featured_media":0,"parent":304,"menu_order":0,"comment_status":"closed","ping_status":"closed","template":"single.php","meta":{"footnotes":""},"class_list":["post-307","page","type-page","status-publish","hentry"],"yoast_head":"<!-- This site is optimized with the Yoast SEO plugin v27.3 - https:\/\/yoast.com\/product\/yoast-seo-wordpress\/ -->\n<title>Coberturas Seguro de Decesos Divina Pastora | Gu\u00eda 2026<\/title>\n<meta name=\"description\" content=\"Consulta gratis las coberturas y servicios del Seguro de Decesos Divina Pastora Informaci\u00f3n actualizada en 2026. Coberturas verificadas por iDecesos.\" \/>\n<meta name=\"robots\" content=\"index, follow, max-snippet:-1, max-image-preview:large, max-video-preview:-1\" \/>\n<link rel=\"canonical\" href=\"https:\/\/idecesos.com\/seguros\/companias\/divina-pastora\/coberturas\/\" \/>\n<meta property=\"og:locale\" content=\"es_ES\" \/>\n<meta property=\"og:type\" content=\"article\" \/>\n<meta property=\"og:title\" content=\"Coberturas Seguro de Decesos Divina Pastora | Gu\u00eda 2026\" \/>\n<meta property=\"og:description\" content=\"Consulta gratis las coberturas y servicios del Seguro de Decesos Divina Pastora Informaci\u00f3n actualizada en 2026. Coberturas verificadas por iDecesos.\" \/>\n<meta property=\"og:url\" content=\"https:\/\/idecesos.com\/seguros\/companias\/divina-pastora\/coberturas\/\" \/>\n<meta property=\"article:modified_time\" content=\"2024-12-11T12:40:53+00:00\" \/>\n<meta name=\"twitter:card\" content=\"summary_large_image\" \/>\n<meta name=\"twitter:label1\" content=\"Tiempo de lectura\" \/>\n\t<meta name=\"twitter:data1\" content=\"5 minutos\" \/>\n<script type=\"application\/ld+json\" class=\"yoast-schema-graph\">{\"@context\":\"https:\\\/\\\/schema.org\",\"@graph\":[{\"@type\":\"WebPage\",\"@id\":\"https:\\\/\\\/idecesos.com\\\/seguros\\\/companias\\\/divina-pastora\\\/coberturas\\\/\",\"url\":\"https:\\\/\\\/idecesos.com\\\/seguros\\\/companias\\\/divina-pastora\\\/coberturas\\\/\",\"name\":\"Coberturas Seguro de Decesos Divina Pastora | Gu\u00eda 2026\",\"isPartOf\":{\"@id\":\"https:\\\/\\\/idecesos.com\\\/seguros\\\/#website\"},\"datePublished\":\"2021-07-09T07:19:23+00:00\",\"dateModified\":\"2024-12-11T12:40:53+00:00\",\"description\":\"Consulta gratis las coberturas y servicios del Seguro de Decesos Divina Pastora Informaci\u00f3n actualizada en 2026. Coberturas verificadas por iDecesos.\",\"breadcrumb\":{\"@id\":\"https:\\\/\\\/idecesos.com\\\/seguros\\\/companias\\\/divina-pastora\\\/coberturas\\\/#breadcrumb\"},\"inLanguage\":\"es\",\"potentialAction\":[{\"@type\":\"ReadAction\",\"target\":[\"https:\\\/\\\/idecesos.com\\\/seguros\\\/companias\\\/divina-pastora\\\/coberturas\\\/\"]}]},{\"@type\":\"BreadcrumbList\",\"@id\":\"https:\\\/\\\/idecesos.com\\\/seguros\\\/companias\\\/divina-pastora\\\/coberturas\\\/#breadcrumb\",\"itemListElement\":[{\"@type\":\"ListItem\",\"position\":1,\"name\":\"Portada\",\"item\":\"https:\\\/\\\/idecesos.com\\\/seguros\\\/\"},{\"@type\":\"ListItem\",\"position\":2,\"name\":\"Compa\u00f1\u00edas de Seguros de Decesos en Espa\u00f1a\",\"item\":\"https:\\\/\\\/idecesos.com\\\/seguros\\\/companias\\\/\"},{\"@type\":\"ListItem\",\"position\":3,\"name\":\"Seguro de decesos Divina Pastora\",\"item\":\"https:\\\/\\\/idecesos.com\\\/seguros\\\/companias\\\/divina-pastora\\\/\"},{\"@type\":\"ListItem\",\"position\":4,\"name\":\"Coberturas Seguro de Decesos Divina Pastora\"}]},{\"@type\":\"WebSite\",\"@id\":\"https:\\\/\\\/idecesos.com\\\/seguros\\\/#website\",\"url\":\"https:\\\/\\\/idecesos.com\\\/seguros\\\/\",\"name\":\"\",\"description\":\"\",\"potentialAction\":[{\"@type\":\"SearchAction\",\"target\":{\"@type\":\"EntryPoint\",\"urlTemplate\":\"https:\\\/\\\/idecesos.com\\\/seguros\\\/?s={search_term_string}\"},\"query-input\":{\"@type\":\"PropertyValueSpecification\",\"valueRequired\":true,\"valueName\":\"search_term_string\"}}],\"inLanguage\":\"es\"}]}<\/script>\n<!-- \/ Yoast SEO plugin. -->","yoast_head_json":{"title":"Coberturas Seguro de Decesos Divina Pastora | Gu\u00eda 2026","description":"Consulta gratis las coberturas y servicios del Seguro de Decesos Divina Pastora Informaci\u00f3n actualizada en 2026. Coberturas verificadas por iDecesos.","robots":{"index":"index","follow":"follow","max-snippet":"max-snippet:-1","max-image-preview":"max-image-preview:large","max-video-preview":"max-video-preview:-1"},"canonical":"https:\/\/idecesos.com\/seguros\/companias\/divina-pastora\/coberturas\/","og_locale":"es_ES","og_type":"article","og_title":"Coberturas Seguro de Decesos Divina Pastora | Gu\u00eda 2026","og_description":"Consulta gratis las coberturas y servicios del Seguro de Decesos Divina Pastora Informaci\u00f3n actualizada en 2026. Coberturas verificadas por iDecesos.","og_url":"https:\/\/idecesos.com\/seguros\/companias\/divina-pastora\/coberturas\/","article_modified_time":"2024-12-11T12:40:53+00:00","twitter_card":"summary_large_image","twitter_misc":{"Tiempo de lectura":"5 minutos"},"schema":{"@context":"https:\/\/schema.org","@graph":[{"@type":"WebPage","@id":"https:\/\/idecesos.com\/seguros\/companias\/divina-pastora\/coberturas\/","url":"https:\/\/idecesos.com\/seguros\/companias\/divina-pastora\/coberturas\/","name":"Coberturas Seguro de Decesos Divina Pastora | Gu\u00eda 2026","isPartOf":{"@id":"https:\/\/idecesos.com\/seguros\/#website"},"datePublished":"2021-07-09T07:19:23+00:00","dateModified":"2024-12-11T12:40:53+00:00","description":"Consulta gratis las coberturas y servicios del Seguro de Decesos Divina Pastora Informaci\u00f3n actualizada en 2026. Coberturas verificadas por iDecesos.","breadcrumb":{"@id":"https:\/\/idecesos.com\/seguros\/companias\/divina-pastora\/coberturas\/#breadcrumb"},"inLanguage":"es","potentialAction":[{"@type":"ReadAction","target":["https:\/\/idecesos.com\/seguros\/companias\/divina-pastora\/coberturas\/"]}]},{"@type":"BreadcrumbList","@id":"https:\/\/idecesos.com\/seguros\/companias\/divina-pastora\/coberturas\/#breadcrumb","itemListElement":[{"@type":"ListItem","position":1,"name":"Portada","item":"https:\/\/idecesos.com\/seguros\/"},{"@type":"ListItem","position":2,"name":"Compa\u00f1\u00edas de Seguros de Decesos en Espa\u00f1a","item":"https:\/\/idecesos.com\/seguros\/companias\/"},{"@type":"ListItem","position":3,"name":"Seguro de decesos Divina Pastora","item":"https:\/\/idecesos.com\/seguros\/companias\/divina-pastora\/"},{"@type":"ListItem","position":4,"name":"Coberturas Seguro de Decesos Divina Pastora"}]},{"@type":"WebSite","@id":"https:\/\/idecesos.com\/seguros\/#website","url":"https:\/\/idecesos.com\/seguros\/","name":"","description":"","potentialAction":[{"@type":"SearchAction","target":{"@type":"EntryPoint","urlTemplate":"https:\/\/idecesos.com\/seguros\/?s={search_term_string}"},"query-input":{"@type":"PropertyValueSpecification","valueRequired":true,"valueName":"search_term_string"}}],"inLanguage":"es"}]}},"_links":{"self":[{"href":"https:\/\/idecesos.com\/seguros\/wp-json\/wp\/v2\/pages\/307","targetHints":{"allow":["GET"]}}],"collection":[{"href":"https:\/\/idecesos.com\/seguros\/wp-json\/wp\/v2\/pages"}],"about":[{"href":"https:\/\/idecesos.com\/seguros\/wp-json\/wp\/v2\/types\/page"}],"author":[{"embeddable":true,"href":"https:\/\/idecesos.com\/seguros\/wp-json\/wp\/v2\/users\/2"}],"replies":[{"embeddable":true,"href":"https:\/\/idecesos.com\/seguros\/wp-json\/wp\/v2\/comments?post=307"}],"version-history":[{"count":7,"href":"https:\/\/idecesos.com\/seguros\/wp-json\/wp\/v2\/pages\/307\/revisions"}],"predecessor-version":[{"id":22144,"href":"https:\/\/idecesos.com\/seguros\/wp-json\/wp\/v2\/pages\/307\/revisions\/22144"}],"up":[{"embeddable":true,"href":"https:\/\/idecesos.com\/seguros\/wp-json\/wp\/v2\/pages\/304"}],"wp:attachment":[{"href":"https:\/\/idecesos.com\/seguros\/wp-json\/wp\/v2\/media?parent=307"}],"curies":[{"name":"wp","href":"https:\/\/api.w.org\/{rel}","templated":true}]}}