{"id":3071,"date":"2021-08-26T10:06:44","date_gmt":"2021-08-26T07:22:26","guid":{"rendered":"https:\/\/idecesos.com\/seguros\/companias\/helvetia\/barcelona\/"},"modified":"2021-08-27T17:34:58","modified_gmt":"2021-08-27T17:34:58","slug":"barcelona","status":"publish","type":"page","link":"https:\/\/idecesos.com\/seguros\/companias\/helvetia\/barcelona\/","title":{"rendered":"Oficinas Helvetia en Barcelona"},"content":{"rendered":"<div id=\"ez-toc-container\" class=\"ez-toc-v2_0_82_2 ez-toc-wrap-center counter-hierarchy ez-toc-counter ez-toc-custom ez-toc-container-direction\">\n<div class=\"ez-toc-title-container\">\n<p class=\"ez-toc-title\" style=\"cursor:inherit\">Tabla de Contenido<\/p>\n<span class=\"ez-toc-title-toggle\"><a href=\"#\" class=\"ez-toc-pull-right ez-toc-btn ez-toc-btn-xs ez-toc-btn-default ez-toc-toggle\" aria-label=\"Alternar tabla de contenidos\"><span class=\"ez-toc-js-icon-con\"><span class=\"\"><span class=\"eztoc-hide\" style=\"display:none;\">Toggle<\/span><span class=\"ez-toc-icon-toggle-span\"><svg style=\"fill: #db6415;color:#db6415\" xmlns=\"http:\/\/www.w3.org\/2000\/svg\" class=\"list-377408\" width=\"20px\" height=\"20px\" viewBox=\"0 0 24 24\" fill=\"none\"><path d=\"M6 6H4v2h2V6zm14 0H8v2h12V6zM4 11h2v2H4v-2zm16 0H8v2h12v-2zM4 16h2v2H4v-2zm16 0H8v2h12v-2z\" fill=\"currentColor\"><\/path><\/svg><svg style=\"fill: #db6415;color:#db6415\" class=\"arrow-unsorted-368013\" xmlns=\"http:\/\/www.w3.org\/2000\/svg\" width=\"10px\" height=\"10px\" viewBox=\"0 0 24 24\" version=\"1.2\" baseProfile=\"tiny\"><path d=\"M18.2 9.3l-6.2-6.3-6.2 6.3c-.2.2-.3.4-.3.7s.1.5.3.7c.2.2.4.3.7.3h11c.3 0 .5-.1.7-.3.2-.2.3-.5.3-.7s-.1-.5-.3-.7zM5.8 14.7l6.2 6.3 6.2-6.3c.2-.2.3-.5.3-.7s-.1-.5-.3-.7c-.2-.2-.4-.3-.7-.3h-11c-.3 0-.5.1-.7.3-.2.2-.3.5-.3.7s.1.5.3.7z\"\/><\/svg><\/span><\/span><\/span><\/a><\/span><\/div>\n<nav><ul class='ez-toc-list ez-toc-list-level-1 ' ><li class='ez-toc-page-1 ez-toc-heading-level-2'><a class=\"ez-toc-link ez-toc-heading-1\" href=\"https:\/\/idecesos.com\/seguros\/companias\/helvetia\/barcelona\/#Seguro_de_decesos_Helvetia_en_Barcelona\" >Seguro de decesos Helvetia en Barcelona<\/a><\/li><li class='ez-toc-page-1 ez-toc-heading-level-2'><a class=\"ez-toc-link ez-toc-heading-2\" href=\"https:\/\/idecesos.com\/seguros\/companias\/helvetia\/barcelona\/#Mapa_de_oficinas_de_seguros_Helvetia_en_Barcelona\" >Mapa de oficinas de seguros Helvetia en Barcelona<\/a><\/li><li class='ez-toc-page-1 ez-toc-heading-level-2'><a class=\"ez-toc-link ez-toc-heading-3\" href=\"https:\/\/idecesos.com\/seguros\/companias\/helvetia\/barcelona\/#Listado_de_sucursales_Helvetia_en_Barcelona\" >Listado de sucursales Helvetia en Barcelona<\/a><\/li><li class='ez-toc-page-1 ez-toc-heading-level-2'><a class=\"ez-toc-link ez-toc-heading-4\" href=\"https:\/\/idecesos.com\/seguros\/companias\/helvetia\/barcelona\/#Sucursales_de_seguros_de_decesos_en_Barcelona\" >Sucursales de seguros de decesos en Barcelona<\/a><ul class='ez-toc-list-level-3' ><li class='ez-toc-heading-level-3'><a class=\"ez-toc-link ez-toc-heading-5\" href=\"https:\/\/idecesos.com\/seguros\/companias\/helvetia\/barcelona\/#Listado_de_agencias_Helvetia_en_Espana\" >Listado de agencias Helvetia en Espa\u00f1a<\/a><\/li><\/ul><\/li><\/ul><\/nav><\/div>\n\n<p><a href=\"https:\/\/idecesos.com\/seguros\/companias\/ocaso\/\"><img decoding=\"async\" class=\"size-medium alignleft\" src=\"https:\/\/idecesos.com\/img\/decesos_helvetia.png\" alt=\"Seguro de decesos Helvetia\" \/><\/a>Para una mejor atenci\u00f3n donde resuelvan sus necesidades o dudas al respect\u00f3, es esencial contar con un personal cualificado en el \u00e1mbito, a sabiendas de que lo tiene en Barcelona con una gran pluralidad de oficinas de Helvetia y con un horario flexible. Siempre adapt\u00e1ndose a ti. Atendiendo a tus faltas para la administraci\u00f3n del mismo, tambi\u00e9n cuentas que al estar en una oficina es m\u00e1s eficiente que a la distancia. Resulta que es preciso poder contar con una oficina f\u00edsica de compa\u00f1\u00edas de seguros de decesos.<\/p>\n<p>Para una mejor calidad te aseguramos que cuentas con saber d\u00f3nde est\u00e1 cada oficina de <strong>Helvetia en Barcelona<\/strong> solucionando el problema de no toparlo en tu ratio m\u00e1s pr\u00f3ximo. Contando con tu p\u00f3liza, consigues la mejor calidad en servicio y posibilidades \u00fanicas en el mercado. \u00bfCu\u00e1l es el proceso m\u00e1s esencial? el que sobresale del resto puesto que es uno de los m\u00e1s esenciales es cada oficina de Helvetia en Barcelona.<\/p>\n<p>Visita nuestra p\u00e1gina de <a href=\"https:\/\/idecesos.com\/seguros\/companias\/helvetia\/\">seguros de decesos Helvetia<\/a> para m\u00e1s informaci\u00f3n.<br \/>\n<div class=\"colorf \"  ><div class=\"container clearfix\"><div class=\"col-md-7\"><\/p>\n<h2><span class=\"ez-toc-section\" id=\"Seguro_de_decesos_Helvetia_en_Barcelona\"><\/span>Seguro de decesos Helvetia en Barcelona<span class=\"ez-toc-section-end\"><\/span><\/h2>\n<p>Sobresalimos como aseguradora del a\u00f1o al prestar un buen servicio eficiente y eficaz, contando con los diferentes <a href=\"https:\/\/idecesos.com\/seguros\/ciudades\/barcelona\/\"><strong>seguro decesos de Barcelona<\/strong><\/a>. Te regalamos conocer tu presupuesto de forma sin costo. Raras veces se han presentado la oportunidad de poder conocer tu presupuesto, cuentas con la gratuidad en todo momento. Descartando en todo momento efectuar procedimientos de m\u00e1s.<\/p>\n<p>En Barcelona queremos cubrirte como empresa de seguros lo mejor para ti y tu familia donde cuentes con servicio de \u00edndole, amoldado para ti en todo momento. \u00bfDe qu\u00e9 manera pedir cita? es m\u00e1s simple que nunca siendo cuesti\u00f3n de al momento, solventando todos tus problemas. Resolver tus dudas de Helvetia nunca hab\u00eda sido tan sencillo. Si en alg\u00fan momento te lo has cuestionado, te damos las contestaciones a todo de forma m\u00e1s sencilla. Es tan sencillo que con solo rellenar el formulario tendr\u00e1s en el momento tu cita o bien presupuesto con toda la informaci\u00f3n relevante. Sin precisar muchos tramites, darte la soluci\u00f3n no nos cuesta nada.<\/p>\n<p><\/div><\/div><\/div>\n\t\t<hr class=\"separador\">\n\t\t<div class=\"bloque-accion\">\n\t\t<p class=\"txt-accion\">Calcula el precio de tu seguro de decesos en menos de 1 minuto<\/p>\n\t\t<a class=\"btn-accion\" href=\"https:\/\/idecesos.com\/\">CALCULAR<\/a>\n\t\t<\/div>\n\t\t<hr class=\"separador\">\n\t\t<\/p>\n<h2><span class=\"ez-toc-section\" id=\"Mapa_de_oficinas_de_seguros_Helvetia_en_Barcelona\"><\/span>Mapa de oficinas de seguros Helvetia en Barcelona<span class=\"ez-toc-section-end\"><\/span><\/h2>\n<p>Jam\u00e1s sabes que tan \u00fatil te resultara conocer un mapa por empresas o bien un localizador, por esta raz\u00f3n hemos pensado por ti y hemos tra\u00eddo un localizador de sucursales de Helvetia en Barcelona vas a tener a predisposici\u00f3n toda la informaci\u00f3n relevante y a tu inter\u00e9s, por eso mismo tambi\u00e9n hemos logrado traerte y mantengas a tu <strong>alcance un mapa por Barcelona de las oficinas de Helvetia<\/strong> donde vas a poder conocer donde cuentan cada uno de ellas. Cuentas con la confiabilidad del cien por cien en todo instante e informaci\u00f3n filtrada para ti.<\/p>\n<p><iframe class=\"page-generator-pro-map\" style=\"border: 0;\" src=\"https:\/\/www.google.com\/maps\/embed\/v1\/place?q=Pla%C3%A7a+de+Sant+Agust%C3%AD+Vell%2C+13%2C+08003+Barcelona%2C+Espa%C3%B1a&amp;zoom=14&amp;maptype=roadmap&amp;key=AIzaSyCNTEOso0tZG6YMSJFoaJEY5Th1stEWrJI\" width=\"100%\" height=\"400\" frameborder=\"0\" allowfullscreen=\"allowfullscreen\"><\/iframe><\/p>\n<p>&nbsp;<br \/>\n<div class=\"colorf\"><div class=\"container clearfix\"><div class=\"col-md-7\"><div class=\"empresas\"><\/p>\n<h2><span class=\"ez-toc-section\" id=\"Listado_de_sucursales_Helvetia_en_Barcelona\"><\/span>Listado de sucursales Helvetia en Barcelona<span class=\"ez-toc-section-end\"><\/span><\/h2>\n<ul>\n<li><strong>Helvetia Sport Barcelona, Espa\u00f1a:<\/strong> Pla\u00e7a de Sant Agust\u00ed Vell, 13, 08003 Barcelona, Espa\u00f1a<\/li>\n<\/ul>\n<\/div><\/div><\/div><\/div>\n<h2><span class=\"ez-toc-section\" id=\"Sucursales_de_seguros_de_decesos_en_Barcelona\"><\/span>Sucursales de seguros de decesos en Barcelona<span class=\"ez-toc-section-end\"><\/span><\/h2>\n<p>Te traemos la soluci\u00f3n para aquellos que necesitan conocer <strong>seguros de defunci\u00f3n en Barcelona<\/strong>, ahorr\u00e1ndote pasos de registros, te damos el listado para que lo tengas a tu entera disposici\u00f3n pudiendo acceder en cualquier momento, quedara siempre y en todo momento actualizado. Va a quedar resuelto cualquier clase de cuesti\u00f3n que tengas al respecto, merced a la informaci\u00f3n alejada.<\/p>\n<!-- Shortcode [helvetia] does not exist -->\n<div class=\"colorf\"><div class=\"container clearfix\"><div class=\"col-md-7\"><div class=\"empresas\">\n<h3><span class=\"ez-toc-section\" id=\"Listado_de_agencias_Helvetia_en_Espana\"><\/span>Listado de agencias Helvetia en Espa\u00f1a<span class=\"ez-toc-section-end\"><\/span><\/h3>\n<div class=\"enlazado\"><ul><li><a href=\"https:\/\/idecesos.com\/seguros\/companias\/helvetia\/telefono\/\"><span>Atenci\u00f3n al cliente Helvetia: telefono gratuito, e-mail<\/span><\/a><\/li><li><a href=\"https:\/\/idecesos.com\/seguros\/companias\/helvetia\/coberturas\/\"><span>Coberturas Seguro de Decesos Helvetia<\/span><\/a><\/li><li><a href=\"https:\/\/idecesos.com\/seguros\/companias\/helvetia\/santa-lucia\/\"><span>Decesos Helvetia VS Santa Lucia<\/span><\/a><\/li><li><a href=\"https:\/\/idecesos.com\/seguros\/companias\/helvetia\/alicante\/\"><span>Oficinas Helvetia en Alicante<\/span><\/a><\/li><li><a href=\"https:\/\/idecesos.com\/seguros\/companias\/helvetia\/asturias\/\"><span>Oficinas Helvetia en Asturias<\/span><\/a><\/li><li><a href=\"https:\/\/idecesos.com\/seguros\/companias\/helvetia\/badajoz\/\"><span>Oficinas Helvetia en Badajoz<\/span><\/a><\/li><li><a href=\"https:\/\/idecesos.com\/seguros\/companias\/helvetia\/granada\/\"><span>Oficinas Helvetia en Granada<\/span><\/a><\/li><li><a href=\"https:\/\/idecesos.com\/seguros\/companias\/helvetia\/huesca\/\"><span>Oficinas Helvetia en Huesca<\/span><\/a><\/li><li><a href=\"https:\/\/idecesos.com\/seguros\/companias\/helvetia\/la-coruna\/\"><span>Oficinas Helvetia en La coru\u00f1a<\/span><\/a><\/li><li><a href=\"https:\/\/idecesos.com\/seguros\/companias\/helvetia\/murcia\/\"><span>Oficinas Helvetia en Murcia<\/span><\/a><\/li><li><a href=\"https:\/\/idecesos.com\/seguros\/companias\/helvetia\/pontevedra\/\"><span>Oficinas Helvetia en Pontevedra<\/span><\/a><\/li><li><a href=\"https:\/\/idecesos.com\/seguros\/companias\/helvetia\/tarragona\/\"><span>Oficinas Helvetia en Tarragona<\/span><\/a><\/li><li><a href=\"https:\/\/idecesos.com\/seguros\/companias\/helvetia\/tenerife\/\"><span>Oficinas Helvetia en Tenerife<\/span><\/a><\/li><li><a href=\"https:\/\/idecesos.com\/seguros\/companias\/helvetia\/prima-unica\/\"><span>Seguro de Decesos Helvetia Prima \u00danica<\/span><\/a><\/li><li><a href=\"https:\/\/idecesos.com\/seguros\/companias\/helvetia\/prima-mixta\/\"><span>Seguro de decesos Helvetia Prima Mixta<\/span><\/a><\/li><li><a href=\"https:\/\/idecesos.com\/seguros\/companias\/helvetia\/prima-nivelada\/\"><span>Seguro de decesos Helvetia Prima Nivelada<\/span><\/a><\/li><\/ul><\/div>\n<\/div><\/div><\/div><\/div>\n","protected":false},"excerpt":{"rendered":"<p>Para una mejor atenci\u00f3n donde resuelvan sus necesidades o dudas al respect\u00f3, es esencial contar con un personal cualificado en el \u00e1mbito, a sabiendas de que lo tiene en Barcelona con una gran pluralidad de oficinas de Helvetia y con un horario flexible. Siempre adapt\u00e1ndose a ti. Atendiendo a tus faltas para la administraci\u00f3n del&hellip; <\/p>\n","protected":false},"author":1,"featured_media":0,"parent":652,"menu_order":0,"comment_status":"closed","ping_status":"closed","template":"page-templates\/companies.php","meta":{"footnotes":""},"class_list":["post-3071","page","type-page","status-publish","hentry"],"yoast_head":"<!-- This site is optimized with the Yoast SEO plugin v27.5 - https:\/\/yoast.com\/product\/yoast-seo-wordpress\/ -->\n<title>Oficinas Helvetia en Barcelona | Tel\u00e9fonos, Horarios, Direcci\u00f3n<\/title>\n<meta name=\"description\" content=\"Lista completa de Oficinas Helvetia en Barcelona Horarios, \u2706 tel\u00e9fonos y direcciones actualizados en 2026 \u2714 Verificado por iDecesos.\" \/>\n<meta name=\"robots\" content=\"index, follow, max-snippet:-1, max-image-preview:large, max-video-preview:-1\" \/>\n<link rel=\"canonical\" href=\"https:\/\/idecesos.com\/seguros\/companias\/helvetia\/barcelona\/\" \/>\n<meta property=\"og:locale\" content=\"es_ES\" \/>\n<meta property=\"og:type\" content=\"article\" \/>\n<meta property=\"og:title\" content=\"Oficinas Helvetia en Barcelona | Tel\u00e9fonos, Horarios, Direcci\u00f3n\" \/>\n<meta property=\"og:description\" content=\"Lista completa de Oficinas Helvetia en Barcelona Horarios, \u2706 tel\u00e9fonos y direcciones actualizados en 2026 \u2714 Verificado por iDecesos.\" \/>\n<meta property=\"og:url\" content=\"https:\/\/idecesos.com\/seguros\/companias\/helvetia\/barcelona\/\" \/>\n<meta property=\"article:modified_time\" content=\"2021-08-27T17:34:58+00:00\" \/>\n<meta property=\"og:image\" content=\"https:\/\/idecesos.com\/img\/decesos_helvetia.png\" \/>\n<meta name=\"twitter:card\" content=\"summary_large_image\" \/>\n<meta name=\"twitter:label1\" content=\"Tiempo de lectura\" \/>\n\t<meta name=\"twitter:data1\" content=\"39 minutos\" \/>\n<script type=\"application\/ld+json\" class=\"yoast-schema-graph\">{\"@context\":\"https:\\\/\\\/schema.org\",\"@graph\":[{\"@type\":\"WebPage\",\"@id\":\"https:\\\/\\\/idecesos.com\\\/seguros\\\/companias\\\/helvetia\\\/barcelona\\\/\",\"url\":\"https:\\\/\\\/idecesos.com\\\/seguros\\\/companias\\\/helvetia\\\/barcelona\\\/\",\"name\":\"Oficinas Helvetia en Barcelona | Tel\u00e9fonos, Horarios, Direcci\u00f3n\",\"isPartOf\":{\"@id\":\"https:\\\/\\\/idecesos.com\\\/seguros\\\/#website\"},\"primaryImageOfPage\":{\"@id\":\"https:\\\/\\\/idecesos.com\\\/seguros\\\/companias\\\/helvetia\\\/barcelona\\\/#primaryimage\"},\"image\":{\"@id\":\"https:\\\/\\\/idecesos.com\\\/seguros\\\/companias\\\/helvetia\\\/barcelona\\\/#primaryimage\"},\"thumbnailUrl\":\"https:\\\/\\\/idecesos.com\\\/img\\\/decesos_helvetia.png\",\"datePublished\":\"2021-08-26T07:22:26+00:00\",\"dateModified\":\"2021-08-27T17:34:58+00:00\",\"description\":\"Lista completa de Oficinas Helvetia en Barcelona Horarios, \u2706 tel\u00e9fonos y direcciones actualizados en 2026 \u2714 Verificado por iDecesos.\",\"breadcrumb\":{\"@id\":\"https:\\\/\\\/idecesos.com\\\/seguros\\\/companias\\\/helvetia\\\/barcelona\\\/#breadcrumb\"},\"inLanguage\":\"es\",\"potentialAction\":[{\"@type\":\"ReadAction\",\"target\":[\"https:\\\/\\\/idecesos.com\\\/seguros\\\/companias\\\/helvetia\\\/barcelona\\\/\"]}]},{\"@type\":\"ImageObject\",\"inLanguage\":\"es\",\"@id\":\"https:\\\/\\\/idecesos.com\\\/seguros\\\/companias\\\/helvetia\\\/barcelona\\\/#primaryimage\",\"url\":\"https:\\\/\\\/idecesos.com\\\/img\\\/decesos_helvetia.png\",\"contentUrl\":\"https:\\\/\\\/idecesos.com\\\/img\\\/decesos_helvetia.png\"},{\"@type\":\"BreadcrumbList\",\"@id\":\"https:\\\/\\\/idecesos.com\\\/seguros\\\/companias\\\/helvetia\\\/barcelona\\\/#breadcrumb\",\"itemListElement\":[{\"@type\":\"ListItem\",\"position\":1,\"name\":\"Portada\",\"item\":\"https:\\\/\\\/idecesos.com\\\/seguros\\\/\"},{\"@type\":\"ListItem\",\"position\":2,\"name\":\"Compa\u00f1\u00edas de Seguros de Decesos en Espa\u00f1a\",\"item\":\"https:\\\/\\\/idecesos.com\\\/seguros\\\/companias\\\/\"},{\"@type\":\"ListItem\",\"position\":3,\"name\":\"Seguro de Decesos Helvetia\",\"item\":\"https:\\\/\\\/idecesos.com\\\/seguros\\\/companias\\\/helvetia\\\/\"},{\"@type\":\"ListItem\",\"position\":4,\"name\":\"Oficinas Helvetia en Barcelona\"}]},{\"@type\":\"WebSite\",\"@id\":\"https:\\\/\\\/idecesos.com\\\/seguros\\\/#website\",\"url\":\"https:\\\/\\\/idecesos.com\\\/seguros\\\/\",\"name\":\"\",\"description\":\"\",\"potentialAction\":[{\"@type\":\"SearchAction\",\"target\":{\"@type\":\"EntryPoint\",\"urlTemplate\":\"https:\\\/\\\/idecesos.com\\\/seguros\\\/?s={search_term_string}\"},\"query-input\":{\"@type\":\"PropertyValueSpecification\",\"valueRequired\":true,\"valueName\":\"search_term_string\"}}],\"inLanguage\":\"es\"}]}<\/script>\n<!-- \/ Yoast SEO plugin. -->","yoast_head_json":{"title":"Oficinas Helvetia en Barcelona | Tel\u00e9fonos, Horarios, Direcci\u00f3n","description":"Lista completa de Oficinas Helvetia en Barcelona Horarios, \u2706 tel\u00e9fonos y direcciones actualizados en 2026 \u2714 Verificado por iDecesos.","robots":{"index":"index","follow":"follow","max-snippet":"max-snippet:-1","max-image-preview":"max-image-preview:large","max-video-preview":"max-video-preview:-1"},"canonical":"https:\/\/idecesos.com\/seguros\/companias\/helvetia\/barcelona\/","og_locale":"es_ES","og_type":"article","og_title":"Oficinas Helvetia en Barcelona | Tel\u00e9fonos, Horarios, Direcci\u00f3n","og_description":"Lista completa de Oficinas Helvetia en Barcelona Horarios, \u2706 tel\u00e9fonos y direcciones actualizados en 2026 \u2714 Verificado por iDecesos.","og_url":"https:\/\/idecesos.com\/seguros\/companias\/helvetia\/barcelona\/","article_modified_time":"2021-08-27T17:34:58+00:00","og_image":[{"url":"https:\/\/idecesos.com\/img\/decesos_helvetia.png","type":"","width":"","height":""}],"twitter_card":"summary_large_image","twitter_misc":{"Tiempo de lectura":"39 minutos"},"schema":{"@context":"https:\/\/schema.org","@graph":[{"@type":"WebPage","@id":"https:\/\/idecesos.com\/seguros\/companias\/helvetia\/barcelona\/","url":"https:\/\/idecesos.com\/seguros\/companias\/helvetia\/barcelona\/","name":"Oficinas Helvetia en Barcelona | Tel\u00e9fonos, Horarios, Direcci\u00f3n","isPartOf":{"@id":"https:\/\/idecesos.com\/seguros\/#website"},"primaryImageOfPage":{"@id":"https:\/\/idecesos.com\/seguros\/companias\/helvetia\/barcelona\/#primaryimage"},"image":{"@id":"https:\/\/idecesos.com\/seguros\/companias\/helvetia\/barcelona\/#primaryimage"},"thumbnailUrl":"https:\/\/idecesos.com\/img\/decesos_helvetia.png","datePublished":"2021-08-26T07:22:26+00:00","dateModified":"2021-08-27T17:34:58+00:00","description":"Lista completa de Oficinas Helvetia en Barcelona Horarios, \u2706 tel\u00e9fonos y direcciones actualizados en 2026 \u2714 Verificado por iDecesos.","breadcrumb":{"@id":"https:\/\/idecesos.com\/seguros\/companias\/helvetia\/barcelona\/#breadcrumb"},"inLanguage":"es","potentialAction":[{"@type":"ReadAction","target":["https:\/\/idecesos.com\/seguros\/companias\/helvetia\/barcelona\/"]}]},{"@type":"ImageObject","inLanguage":"es","@id":"https:\/\/idecesos.com\/seguros\/companias\/helvetia\/barcelona\/#primaryimage","url":"https:\/\/idecesos.com\/img\/decesos_helvetia.png","contentUrl":"https:\/\/idecesos.com\/img\/decesos_helvetia.png"},{"@type":"BreadcrumbList","@id":"https:\/\/idecesos.com\/seguros\/companias\/helvetia\/barcelona\/#breadcrumb","itemListElement":[{"@type":"ListItem","position":1,"name":"Portada","item":"https:\/\/idecesos.com\/seguros\/"},{"@type":"ListItem","position":2,"name":"Compa\u00f1\u00edas de Seguros de Decesos en Espa\u00f1a","item":"https:\/\/idecesos.com\/seguros\/companias\/"},{"@type":"ListItem","position":3,"name":"Seguro de Decesos Helvetia","item":"https:\/\/idecesos.com\/seguros\/companias\/helvetia\/"},{"@type":"ListItem","position":4,"name":"Oficinas Helvetia en Barcelona"}]},{"@type":"WebSite","@id":"https:\/\/idecesos.com\/seguros\/#website","url":"https:\/\/idecesos.com\/seguros\/","name":"","description":"","potentialAction":[{"@type":"SearchAction","target":{"@type":"EntryPoint","urlTemplate":"https:\/\/idecesos.com\/seguros\/?s={search_term_string}"},"query-input":{"@type":"PropertyValueSpecification","valueRequired":true,"valueName":"search_term_string"}}],"inLanguage":"es"}]}},"_links":{"self":[{"href":"https:\/\/idecesos.com\/seguros\/wp-json\/wp\/v2\/pages\/3071","targetHints":{"allow":["GET"]}}],"collection":[{"href":"https:\/\/idecesos.com\/seguros\/wp-json\/wp\/v2\/pages"}],"about":[{"href":"https:\/\/idecesos.com\/seguros\/wp-json\/wp\/v2\/types\/page"}],"author":[{"embeddable":true,"href":"https:\/\/idecesos.com\/seguros\/wp-json\/wp\/v2\/users\/1"}],"replies":[{"embeddable":true,"href":"https:\/\/idecesos.com\/seguros\/wp-json\/wp\/v2\/comments?post=3071"}],"version-history":[{"count":6,"href":"https:\/\/idecesos.com\/seguros\/wp-json\/wp\/v2\/pages\/3071\/revisions"}],"predecessor-version":[{"id":3730,"href":"https:\/\/idecesos.com\/seguros\/wp-json\/wp\/v2\/pages\/3071\/revisions\/3730"}],"up":[{"embeddable":true,"href":"https:\/\/idecesos.com\/seguros\/wp-json\/wp\/v2\/pages\/652"}],"wp:attachment":[{"href":"https:\/\/idecesos.com\/seguros\/wp-json\/wp\/v2\/media?parent=3071"}],"curies":[{"name":"wp","href":"https:\/\/api.w.org\/{rel}","templated":true}]}}