{"id":3073,"date":"2021-08-26T10:06:45","date_gmt":"2021-08-26T07:22:27","guid":{"rendered":"https:\/\/idecesos.com\/seguros\/companias\/helvetia\/cadiz\/"},"modified":"2021-08-27T17:34:58","modified_gmt":"2021-08-27T17:34:58","slug":"cadiz","status":"publish","type":"page","link":"https:\/\/idecesos.com\/seguros\/companias\/helvetia\/cadiz\/","title":{"rendered":"Oficinas Helvetia en C\u00e1diz"},"content":{"rendered":"<div id=\"ez-toc-container\" class=\"ez-toc-v2_0_82_2 ez-toc-wrap-center counter-hierarchy ez-toc-counter ez-toc-custom ez-toc-container-direction\">\n<div class=\"ez-toc-title-container\">\n<p class=\"ez-toc-title\" style=\"cursor:inherit\">Tabla de Contenido<\/p>\n<span class=\"ez-toc-title-toggle\"><a href=\"#\" class=\"ez-toc-pull-right ez-toc-btn ez-toc-btn-xs ez-toc-btn-default ez-toc-toggle\" aria-label=\"Alternar tabla de contenidos\"><span class=\"ez-toc-js-icon-con\"><span class=\"\"><span class=\"eztoc-hide\" style=\"display:none;\">Toggle<\/span><span class=\"ez-toc-icon-toggle-span\"><svg style=\"fill: #db6415;color:#db6415\" xmlns=\"http:\/\/www.w3.org\/2000\/svg\" class=\"list-377408\" width=\"20px\" height=\"20px\" viewBox=\"0 0 24 24\" fill=\"none\"><path d=\"M6 6H4v2h2V6zm14 0H8v2h12V6zM4 11h2v2H4v-2zm16 0H8v2h12v-2zM4 16h2v2H4v-2zm16 0H8v2h12v-2z\" fill=\"currentColor\"><\/path><\/svg><svg style=\"fill: #db6415;color:#db6415\" class=\"arrow-unsorted-368013\" xmlns=\"http:\/\/www.w3.org\/2000\/svg\" width=\"10px\" height=\"10px\" viewBox=\"0 0 24 24\" version=\"1.2\" baseProfile=\"tiny\"><path d=\"M18.2 9.3l-6.2-6.3-6.2 6.3c-.2.2-.3.4-.3.7s.1.5.3.7c.2.2.4.3.7.3h11c.3 0 .5-.1.7-.3.2-.2.3-.5.3-.7s-.1-.5-.3-.7zM5.8 14.7l6.2 6.3 6.2-6.3c.2-.2.3-.5.3-.7s-.1-.5-.3-.7c-.2-.2-.4-.3-.7-.3h-11c-.3 0-.5.1-.7.3-.2.2-.3.5-.3.7s.1.5.3.7z\"\/><\/svg><\/span><\/span><\/span><\/a><\/span><\/div>\n<nav><ul class='ez-toc-list ez-toc-list-level-1 ' ><li class='ez-toc-page-1 ez-toc-heading-level-2'><a class=\"ez-toc-link ez-toc-heading-1\" href=\"https:\/\/idecesos.com\/seguros\/companias\/helvetia\/cadiz\/#Seguro_de_decesos_Helvetia_en_Cadiz\" >Seguro de decesos Helvetia en C\u00e1diz<\/a><\/li><li class='ez-toc-page-1 ez-toc-heading-level-2'><a class=\"ez-toc-link ez-toc-heading-2\" href=\"https:\/\/idecesos.com\/seguros\/companias\/helvetia\/cadiz\/#Mapa_de_sucursales_de_seguros_Helvetia_en_Cadiz\" >Mapa de sucursales de seguros Helvetia en C\u00e1diz<\/a><\/li><li class='ez-toc-page-1 ez-toc-heading-level-2'><a class=\"ez-toc-link ez-toc-heading-3\" href=\"https:\/\/idecesos.com\/seguros\/companias\/helvetia\/cadiz\/#Listado_de_agencias_Helvetia_en_Cadiz\" >Listado de agencias Helvetia en C\u00e1diz<\/a><\/li><li class='ez-toc-page-1 ez-toc-heading-level-2'><a class=\"ez-toc-link ez-toc-heading-4\" href=\"https:\/\/idecesos.com\/seguros\/companias\/helvetia\/cadiz\/#Sucursales_de_seguros_de_decesos_en_Cadiz\" >Sucursales de seguros de decesos en C\u00e1diz<\/a><ul class='ez-toc-list-level-3' ><li class='ez-toc-heading-level-3'><a class=\"ez-toc-link ez-toc-heading-5\" href=\"https:\/\/idecesos.com\/seguros\/companias\/helvetia\/cadiz\/#Listado_de_oficinas_Helvetia_en_Espana\" >Listado de oficinas Helvetia en Espa\u00f1a<\/a><\/li><\/ul><\/li><\/ul><\/nav><\/div>\n\n<p><a href=\"https:\/\/idecesos.com\/seguros\/companias\/ocaso\/\"><img decoding=\"async\" class=\"size-medium alignleft\" src=\"https:\/\/idecesos.com\/img\/decesos_helvetia.png\" alt=\"Seguro de decesos Helvetia\" \/><\/a>Gracias a nosotros conocer\u00e1s la gran pluralidad de locales de Helvetia en C\u00e1diz, donde solventaran cualquier error que pueda surgir o diferentes dudas a la hora de la tramitaci\u00f3n de tu p\u00f3liza. Adapt\u00e1ndote a los horarios marcador por cada uno de ellos de ellos. Siempre y cuando va a depender de la oficina de seguro, es esencial poder contar con un servicio m\u00e1s personal y que se halle cerca, a fin de que puedan respaldar tus problemas en cualquier momento.<\/p>\n<p>Hemos querido que sepas la localizaci\u00f3n de las sucursales de Helvetia en C\u00e1diz en la que nos comprometemos a que recibas en todo momento un servicio \u00fatil y veloz, evitando los inconvenientes de no poder localizarlo en tu provincia. \u00bfQu\u00e9 ocurre tras tener una p\u00f3liza? Una vez lo tengas contratado te aseguran un servicio de calidad Premium. \u00bfCu\u00e1l es el proceso m\u00e1s importante? el que sobresale del resto puesto que es uno de los m\u00e1s importantes es cada oficina de Helvetia en C\u00e1diz.<\/p>\n<p>Visita nuestra p\u00e1gina de <a href=\"https:\/\/idecesos.com\/seguros\/companias\/helvetia\/\">seguros de decesos Helvetia<\/a> para m\u00e1s informaci\u00f3n.<br \/>\n<div class=\"colorf \"  ><div class=\"container clearfix\"><div class=\"col-md-7\"><\/p>\n<h2><span class=\"ez-toc-section\" id=\"Seguro_de_decesos_Helvetia_en_Cadiz\"><\/span>Seguro de decesos Helvetia en C\u00e1diz<span class=\"ez-toc-section-end\"><\/span><\/h2>\n<p>\u00bfDeseas obtener en menos de 1 minuto tu presupuesto? te damos el beneficio que lo puedes tener al instante, contando con las diferentes empresas del <a href=\"https:\/\/idecesos.com\/seguros\/ciudades\/cadiz\/\"><strong>seguro decesos de C\u00e1diz<\/strong><\/a>. Hemos querido que puedas obtener de manera sencilla y de forma c\u00f3moda, el presupuesto de tu seguro de manera flash, siendo esto tan f\u00e1cil, a fin de que no tengas ning\u00fan inconveniente en el momento de conseguirlo. \u00bfEs posible conseguirlo en menos de 1 minuto? Evidentemente adem\u00e1s con todo el contenido para su mejor proceso de comprensi\u00f3n donde podr\u00e1s valorar de una manera m\u00e1s substancial.<\/p>\n<p>Nos hemos propuesto atender todos tus inconvenientes y queden solventados, por este motivo hemos tra\u00eddo este formulario donde vas a tener paso a tu presupuesto adaptado a ti. No solo te ayudase a saber lo que vas a liquidar, aprender\u00e1s a conocer los datos que vienen desglosado a la hora de pagar. En todo instante veras los pagos que realizases en los pr\u00f3ximos meses, y de este modo evitaras cualquier error. Sin necesidad de abonar nada, tan simple. Accede ahora y cuenta con la calma de tener tu presupuesto, evitando dificultades. Aseguramos que tengas la tranquilidad que te mereces, de ah\u00ed que te obsequiamos toda la informaci\u00f3n que precises sin ning\u00fan compromiso.<\/p>\n<p><\/div><\/div><\/div>\n\t\t<hr class=\"separador\">\n\t\t<div class=\"bloque-accion\">\n\t\t<p class=\"txt-accion\">Calcula el precio de tu seguro de decesos en menos de 1 minuto<\/p>\n\t\t<a class=\"btn-accion\" href=\"https:\/\/idecesos.com\/\">CALCULAR<\/a>\n\t\t<\/div>\n\t\t<hr class=\"separador\">\n\t\t<\/p>\n<h2><span class=\"ez-toc-section\" id=\"Mapa_de_sucursales_de_seguros_Helvetia_en_Cadiz\"><\/span>Mapa de sucursales de seguros Helvetia en C\u00e1diz<span class=\"ez-toc-section-end\"><\/span><\/h2>\n<p>Localizador de oficinas de Helvetia en C\u00e1diz nos da la enorme ocasi\u00f3n de conocer donde podemos saber en qu\u00e9 sitios se hallan, tambi\u00e9n es esencial contar con un mapa por C\u00e1diz de las oficinas de Helvetia te aseguramos que tengas la informaci\u00f3n que se ajuste a ti en todo instante. Cada informaci\u00f3n que te aportamos cuenta con nuestro filtro de seguridad para que sea fiable en todo instante.<\/p>\n<p><iframe class=\"page-generator-pro-map\" style=\"border: 0;\" src=\"https:\/\/www.google.com\/maps\/embed\/v1\/place?q=Calle+Granja+de+San+Javier%2C+4%2C+local+3%2C+11500+El+Puerto+de+Sta+Mar%C3%ADa%2C+C%C3%A1diz%2C+Espa%C3%B1a&amp;zoom=14&amp;maptype=roadmap&amp;key=AIzaSyCNTEOso0tZG6YMSJFoaJEY5Th1stEWrJI\" width=\"100%\" height=\"400\" frameborder=\"0\" allowfullscreen=\"allowfullscreen\"><\/iframe><\/p>\n<p>&nbsp;<br \/>\n<div class=\"colorf\"><div class=\"container clearfix\"><div class=\"col-md-7\"><div class=\"empresas\"><\/p>\n<h2><span class=\"ez-toc-section\" id=\"Listado_de_agencias_Helvetia_en_Cadiz\"><\/span>Listado de agencias Helvetia en C\u00e1diz<span class=\"ez-toc-section-end\"><\/span><\/h2>\n<ul>\n<li><strong>Helvetia Seguros El Puerto de Sta Mar\u00eda, Espa\u00f1a:<\/strong> Calle Granja de San Javier, 4, local 3, 11500 El Puerto de Sta Mar\u00eda, C\u00e1diz, Espa\u00f1a<\/li>\n<\/ul>\n<\/div><\/div><\/div><\/div>\n<h2><span class=\"ez-toc-section\" id=\"Sucursales_de_seguros_de_decesos_en_Cadiz\"><\/span>Sucursales de seguros de decesos en C\u00e1diz<span class=\"ez-toc-section-end\"><\/span><\/h2>\n<p>Evit\u00e1ndote registros in\u00fatiles, hemos creado un cat\u00e1logo de cada empresa aseguradora de decesos en C\u00e1diz facilit\u00e1ndote en todo instante a esta informaci\u00f3n, que dispondr\u00e1n en cualquier circunstancias, donde quedase actualizado. Tan f\u00e1cil que vas a tener toda la informaci\u00f3n de cada uno de ellos, vas a tener cualquier duda resulta gracias a sus datos que contienen.<\/p>\n<!-- Shortcode [helvetia] does not exist -->\n<div class=\"colorf\"><div class=\"container clearfix\"><div class=\"col-md-7\"><div class=\"empresas\">\n<h3><span class=\"ez-toc-section\" id=\"Listado_de_oficinas_Helvetia_en_Espana\"><\/span>Listado de oficinas Helvetia en Espa\u00f1a<span class=\"ez-toc-section-end\"><\/span><\/h3>\n<div class=\"enlazado\"><ul><li><a href=\"https:\/\/idecesos.com\/seguros\/companias\/helvetia\/telefono\/\"><span>Atenci\u00f3n al cliente Helvetia: telefono gratuito, e-mail<\/span><\/a><\/li><li><a href=\"https:\/\/idecesos.com\/seguros\/companias\/helvetia\/coberturas\/\"><span>Coberturas Seguro de Decesos Helvetia<\/span><\/a><\/li><li><a href=\"https:\/\/idecesos.com\/seguros\/companias\/helvetia\/castellon\/\"><span>Oficinas Helvetia en Castell\u00f3n<\/span><\/a><\/li><li><a href=\"https:\/\/idecesos.com\/seguros\/companias\/helvetia\/cuenca\/\"><span>Oficinas Helvetia en Cuenca<\/span><\/a><\/li><li><a href=\"https:\/\/idecesos.com\/seguros\/companias\/helvetia\/huelva\/\"><span>Oficinas Helvetia en Huelva<\/span><\/a><\/li><li><a href=\"https:\/\/idecesos.com\/seguros\/companias\/helvetia\/leon\/\"><span>Oficinas Helvetia en Le\u00f3n<\/span><\/a><\/li><li><a href=\"https:\/\/idecesos.com\/seguros\/companias\/helvetia\/lerida\/\"><span>Oficinas Helvetia en L\u00e9rida<\/span><\/a><\/li><li><a href=\"https:\/\/idecesos.com\/seguros\/companias\/helvetia\/melilla\/\"><span>Oficinas Helvetia en Melilla<\/span><\/a><\/li><li><a href=\"https:\/\/idecesos.com\/seguros\/companias\/helvetia\/malaga\/\"><span>Oficinas Helvetia en M\u00e1laga<\/span><\/a><\/li><li><a href=\"https:\/\/idecesos.com\/seguros\/companias\/helvetia\/navarra\/\"><span>Oficinas Helvetia en Navarra<\/span><\/a><\/li><li><a href=\"https:\/\/idecesos.com\/seguros\/companias\/helvetia\/orense\/\"><span>Oficinas Helvetia en Orense<\/span><\/a><\/li><li><a href=\"https:\/\/idecesos.com\/seguros\/companias\/helvetia\/tenerife\/\"><span>Oficinas Helvetia en Tenerife<\/span><\/a><\/li><li><a href=\"https:\/\/idecesos.com\/seguros\/companias\/helvetia\/teruel\/\"><span>Oficinas Helvetia en Teruel<\/span><\/a><\/li><li><a href=\"https:\/\/idecesos.com\/seguros\/companias\/helvetia\/zaragoza\/\"><span>Oficinas Helvetia en Zaragoza<\/span><\/a><\/li><li><a href=\"https:\/\/idecesos.com\/seguros\/companias\/helvetia\/alava\/\"><span>Oficinas Helvetia en \u00c1lava<\/span><\/a><\/li><li><a href=\"https:\/\/idecesos.com\/seguros\/companias\/helvetia\/prima-nivelada\/\"><span>Seguro de decesos Helvetia Prima Nivelada<\/span><\/a><\/li><\/ul><\/div>\n<\/div><\/div><\/div><\/div>\n","protected":false},"excerpt":{"rendered":"<p>Gracias a nosotros conocer\u00e1s la gran pluralidad de locales de Helvetia en C\u00e1diz, donde solventaran cualquier error que pueda surgir o diferentes dudas a la hora de la tramitaci\u00f3n de tu p\u00f3liza. Adapt\u00e1ndote a los horarios marcador por cada uno de ellos de ellos. Siempre y cuando va a depender de la oficina de seguro,&hellip; <\/p>\n","protected":false},"author":1,"featured_media":0,"parent":652,"menu_order":0,"comment_status":"closed","ping_status":"closed","template":"page-templates\/companies.php","meta":{"footnotes":""},"class_list":["post-3073","page","type-page","status-publish","hentry"],"yoast_head":"<!-- This site is optimized with the Yoast SEO plugin v27.2 - https:\/\/yoast.com\/product\/yoast-seo-wordpress\/ -->\n<title>Oficinas Helvetia en C\u00e1diz | Tel\u00e9fonos, Horarios, Direcci\u00f3n<\/title>\n<meta name=\"description\" content=\"Lista completa de Oficinas Helvetia en C\u00e1diz Horarios, \u2706 tel\u00e9fonos y direcciones actualizados en 2026 \u2714 Verificado por iDecesos.\" \/>\n<meta name=\"robots\" content=\"index, follow, max-snippet:-1, max-image-preview:large, max-video-preview:-1\" \/>\n<link rel=\"canonical\" href=\"https:\/\/idecesos.com\/seguros\/companias\/helvetia\/cadiz\/\" \/>\n<meta property=\"og:locale\" content=\"es_ES\" \/>\n<meta property=\"og:type\" content=\"article\" \/>\n<meta property=\"og:title\" content=\"Oficinas Helvetia en C\u00e1diz | Tel\u00e9fonos, Horarios, Direcci\u00f3n\" \/>\n<meta property=\"og:description\" content=\"Lista completa de Oficinas Helvetia en C\u00e1diz Horarios, \u2706 tel\u00e9fonos y direcciones actualizados en 2026 \u2714 Verificado por iDecesos.\" \/>\n<meta property=\"og:url\" content=\"https:\/\/idecesos.com\/seguros\/companias\/helvetia\/cadiz\/\" \/>\n<meta property=\"article:modified_time\" content=\"2021-08-27T17:34:58+00:00\" \/>\n<meta property=\"og:image\" content=\"https:\/\/idecesos.com\/img\/decesos_helvetia.png\" \/>\n<meta name=\"twitter:card\" content=\"summary_large_image\" \/>\n<meta name=\"twitter:label1\" content=\"Tiempo de lectura\" \/>\n\t<meta name=\"twitter:data1\" content=\"39 minutos\" \/>\n<script type=\"application\/ld+json\" class=\"yoast-schema-graph\">{\"@context\":\"https:\/\/schema.org\",\"@graph\":[{\"@type\":\"WebPage\",\"@id\":\"https:\/\/idecesos.com\/seguros\/companias\/helvetia\/cadiz\/\",\"url\":\"https:\/\/idecesos.com\/seguros\/companias\/helvetia\/cadiz\/\",\"name\":\"Oficinas Helvetia en C\u00e1diz | Tel\u00e9fonos, Horarios, Direcci\u00f3n\",\"isPartOf\":{\"@id\":\"https:\/\/idecesos.com\/seguros\/#website\"},\"primaryImageOfPage\":{\"@id\":\"https:\/\/idecesos.com\/seguros\/companias\/helvetia\/cadiz\/#primaryimage\"},\"image\":{\"@id\":\"https:\/\/idecesos.com\/seguros\/companias\/helvetia\/cadiz\/#primaryimage\"},\"thumbnailUrl\":\"https:\/\/idecesos.com\/img\/decesos_helvetia.png\",\"datePublished\":\"2021-08-26T07:22:27+00:00\",\"dateModified\":\"2021-08-27T17:34:58+00:00\",\"description\":\"Lista completa de Oficinas Helvetia en C\u00e1diz Horarios, \u2706 tel\u00e9fonos y direcciones actualizados en 2026 \u2714 Verificado por iDecesos.\",\"breadcrumb\":{\"@id\":\"https:\/\/idecesos.com\/seguros\/companias\/helvetia\/cadiz\/#breadcrumb\"},\"inLanguage\":\"es\",\"potentialAction\":[{\"@type\":\"ReadAction\",\"target\":[\"https:\/\/idecesos.com\/seguros\/companias\/helvetia\/cadiz\/\"]}]},{\"@type\":\"ImageObject\",\"inLanguage\":\"es\",\"@id\":\"https:\/\/idecesos.com\/seguros\/companias\/helvetia\/cadiz\/#primaryimage\",\"url\":\"https:\/\/idecesos.com\/img\/decesos_helvetia.png\",\"contentUrl\":\"https:\/\/idecesos.com\/img\/decesos_helvetia.png\"},{\"@type\":\"BreadcrumbList\",\"@id\":\"https:\/\/idecesos.com\/seguros\/companias\/helvetia\/cadiz\/#breadcrumb\",\"itemListElement\":[{\"@type\":\"ListItem\",\"position\":1,\"name\":\"Portada\",\"item\":\"https:\/\/idecesos.com\/seguros\/\"},{\"@type\":\"ListItem\",\"position\":2,\"name\":\"Compa\u00f1\u00edas de Seguros de Decesos en Espa\u00f1a\",\"item\":\"https:\/\/idecesos.com\/seguros\/companias\/\"},{\"@type\":\"ListItem\",\"position\":3,\"name\":\"Seguro de Decesos Helvetia\",\"item\":\"https:\/\/idecesos.com\/seguros\/companias\/helvetia\/\"},{\"@type\":\"ListItem\",\"position\":4,\"name\":\"Oficinas Helvetia en C\u00e1diz\"}]},{\"@type\":\"WebSite\",\"@id\":\"https:\/\/idecesos.com\/seguros\/#website\",\"url\":\"https:\/\/idecesos.com\/seguros\/\",\"name\":\"\",\"description\":\"\",\"potentialAction\":[{\"@type\":\"SearchAction\",\"target\":{\"@type\":\"EntryPoint\",\"urlTemplate\":\"https:\/\/idecesos.com\/seguros\/?s={search_term_string}\"},\"query-input\":{\"@type\":\"PropertyValueSpecification\",\"valueRequired\":true,\"valueName\":\"search_term_string\"}}],\"inLanguage\":\"es\"}]}<\/script>\n<!-- \/ Yoast SEO plugin. -->","yoast_head_json":{"title":"Oficinas Helvetia en C\u00e1diz | Tel\u00e9fonos, Horarios, Direcci\u00f3n","description":"Lista completa de Oficinas Helvetia en C\u00e1diz Horarios, \u2706 tel\u00e9fonos y direcciones actualizados en 2026 \u2714 Verificado por iDecesos.","robots":{"index":"index","follow":"follow","max-snippet":"max-snippet:-1","max-image-preview":"max-image-preview:large","max-video-preview":"max-video-preview:-1"},"canonical":"https:\/\/idecesos.com\/seguros\/companias\/helvetia\/cadiz\/","og_locale":"es_ES","og_type":"article","og_title":"Oficinas Helvetia en C\u00e1diz | Tel\u00e9fonos, Horarios, Direcci\u00f3n","og_description":"Lista completa de Oficinas Helvetia en C\u00e1diz Horarios, \u2706 tel\u00e9fonos y direcciones actualizados en 2026 \u2714 Verificado por iDecesos.","og_url":"https:\/\/idecesos.com\/seguros\/companias\/helvetia\/cadiz\/","article_modified_time":"2021-08-27T17:34:58+00:00","og_image":[{"url":"https:\/\/idecesos.com\/img\/decesos_helvetia.png","type":"","width":"","height":""}],"twitter_card":"summary_large_image","twitter_misc":{"Tiempo de lectura":"39 minutos"},"schema":{"@context":"https:\/\/schema.org","@graph":[{"@type":"WebPage","@id":"https:\/\/idecesos.com\/seguros\/companias\/helvetia\/cadiz\/","url":"https:\/\/idecesos.com\/seguros\/companias\/helvetia\/cadiz\/","name":"Oficinas Helvetia en C\u00e1diz | Tel\u00e9fonos, Horarios, Direcci\u00f3n","isPartOf":{"@id":"https:\/\/idecesos.com\/seguros\/#website"},"primaryImageOfPage":{"@id":"https:\/\/idecesos.com\/seguros\/companias\/helvetia\/cadiz\/#primaryimage"},"image":{"@id":"https:\/\/idecesos.com\/seguros\/companias\/helvetia\/cadiz\/#primaryimage"},"thumbnailUrl":"https:\/\/idecesos.com\/img\/decesos_helvetia.png","datePublished":"2021-08-26T07:22:27+00:00","dateModified":"2021-08-27T17:34:58+00:00","description":"Lista completa de Oficinas Helvetia en C\u00e1diz Horarios, \u2706 tel\u00e9fonos y direcciones actualizados en 2026 \u2714 Verificado por iDecesos.","breadcrumb":{"@id":"https:\/\/idecesos.com\/seguros\/companias\/helvetia\/cadiz\/#breadcrumb"},"inLanguage":"es","potentialAction":[{"@type":"ReadAction","target":["https:\/\/idecesos.com\/seguros\/companias\/helvetia\/cadiz\/"]}]},{"@type":"ImageObject","inLanguage":"es","@id":"https:\/\/idecesos.com\/seguros\/companias\/helvetia\/cadiz\/#primaryimage","url":"https:\/\/idecesos.com\/img\/decesos_helvetia.png","contentUrl":"https:\/\/idecesos.com\/img\/decesos_helvetia.png"},{"@type":"BreadcrumbList","@id":"https:\/\/idecesos.com\/seguros\/companias\/helvetia\/cadiz\/#breadcrumb","itemListElement":[{"@type":"ListItem","position":1,"name":"Portada","item":"https:\/\/idecesos.com\/seguros\/"},{"@type":"ListItem","position":2,"name":"Compa\u00f1\u00edas de Seguros de Decesos en Espa\u00f1a","item":"https:\/\/idecesos.com\/seguros\/companias\/"},{"@type":"ListItem","position":3,"name":"Seguro de Decesos Helvetia","item":"https:\/\/idecesos.com\/seguros\/companias\/helvetia\/"},{"@type":"ListItem","position":4,"name":"Oficinas Helvetia en C\u00e1diz"}]},{"@type":"WebSite","@id":"https:\/\/idecesos.com\/seguros\/#website","url":"https:\/\/idecesos.com\/seguros\/","name":"","description":"","potentialAction":[{"@type":"SearchAction","target":{"@type":"EntryPoint","urlTemplate":"https:\/\/idecesos.com\/seguros\/?s={search_term_string}"},"query-input":{"@type":"PropertyValueSpecification","valueRequired":true,"valueName":"search_term_string"}}],"inLanguage":"es"}]}},"_links":{"self":[{"href":"https:\/\/idecesos.com\/seguros\/wp-json\/wp\/v2\/pages\/3073","targetHints":{"allow":["GET"]}}],"collection":[{"href":"https:\/\/idecesos.com\/seguros\/wp-json\/wp\/v2\/pages"}],"about":[{"href":"https:\/\/idecesos.com\/seguros\/wp-json\/wp\/v2\/types\/page"}],"author":[{"embeddable":true,"href":"https:\/\/idecesos.com\/seguros\/wp-json\/wp\/v2\/users\/1"}],"replies":[{"embeddable":true,"href":"https:\/\/idecesos.com\/seguros\/wp-json\/wp\/v2\/comments?post=3073"}],"version-history":[{"count":6,"href":"https:\/\/idecesos.com\/seguros\/wp-json\/wp\/v2\/pages\/3073\/revisions"}],"predecessor-version":[{"id":3731,"href":"https:\/\/idecesos.com\/seguros\/wp-json\/wp\/v2\/pages\/3073\/revisions\/3731"}],"up":[{"embeddable":true,"href":"https:\/\/idecesos.com\/seguros\/wp-json\/wp\/v2\/pages\/652"}],"wp:attachment":[{"href":"https:\/\/idecesos.com\/seguros\/wp-json\/wp\/v2\/media?parent=3073"}],"curies":[{"name":"wp","href":"https:\/\/api.w.org\/{rel}","templated":true}]}}