{"id":3087,"date":"2021-08-26T10:06:51","date_gmt":"2021-08-26T07:22:34","guid":{"rendered":"https:\/\/idecesos.com\/seguros\/companias\/helvetia\/lerida\/"},"modified":"2021-08-27T17:35:05","modified_gmt":"2021-08-27T17:35:05","slug":"lerida","status":"publish","type":"page","link":"https:\/\/idecesos.com\/seguros\/companias\/helvetia\/lerida\/","title":{"rendered":"Oficinas Helvetia en L\u00e9rida"},"content":{"rendered":"<div id=\"ez-toc-container\" class=\"ez-toc-v2_0_83 ez-toc-wrap-center counter-hierarchy ez-toc-counter ez-toc-custom ez-toc-container-direction\">\n<div class=\"ez-toc-title-container\">\n<p class=\"ez-toc-title\" style=\"cursor:inherit\">Tabla de Contenido<\/p>\n<span class=\"ez-toc-title-toggle\"><a href=\"#\" class=\"ez-toc-pull-right ez-toc-btn ez-toc-btn-xs ez-toc-btn-default ez-toc-toggle\" aria-label=\"Alternar tabla de contenidos\"><span class=\"ez-toc-js-icon-con\"><span class=\"\"><span class=\"eztoc-hide\" style=\"display:none;\">Toggle<\/span><span class=\"ez-toc-icon-toggle-span\"><svg style=\"fill: #db6415;color:#db6415\" xmlns=\"http:\/\/www.w3.org\/2000\/svg\" class=\"list-377408\" width=\"20px\" height=\"20px\" viewBox=\"0 0 24 24\" fill=\"none\"><path d=\"M6 6H4v2h2V6zm14 0H8v2h12V6zM4 11h2v2H4v-2zm16 0H8v2h12v-2zM4 16h2v2H4v-2zm16 0H8v2h12v-2z\" fill=\"currentColor\"><\/path><\/svg><svg style=\"fill: #db6415;color:#db6415\" class=\"arrow-unsorted-368013\" xmlns=\"http:\/\/www.w3.org\/2000\/svg\" width=\"10px\" height=\"10px\" viewBox=\"0 0 24 24\" version=\"1.2\" baseProfile=\"tiny\"><path d=\"M18.2 9.3l-6.2-6.3-6.2 6.3c-.2.2-.3.4-.3.7s.1.5.3.7c.2.2.4.3.7.3h11c.3 0 .5-.1.7-.3.2-.2.3-.5.3-.7s-.1-.5-.3-.7zM5.8 14.7l6.2 6.3 6.2-6.3c.2-.2.3-.5.3-.7s-.1-.5-.3-.7c-.2-.2-.4-.3-.7-.3h-11c-.3 0-.5.1-.7.3-.2.2-.3.5-.3.7s.1.5.3.7z\"\/><\/svg><\/span><\/span><\/span><\/a><\/span><\/div>\n<nav><ul class='ez-toc-list ez-toc-list-level-1 ' ><li class='ez-toc-page-1 ez-toc-heading-level-2'><a class=\"ez-toc-link ez-toc-heading-1\" href=\"https:\/\/idecesos.com\/seguros\/companias\/helvetia\/lerida\/#Seguro_de_decesos_Helvetia_en_Lerida\" >Seguro de decesos Helvetia en L\u00e9rida<\/a><\/li><li class='ez-toc-page-1 ez-toc-heading-level-2'><a class=\"ez-toc-link ez-toc-heading-2\" href=\"https:\/\/idecesos.com\/seguros\/companias\/helvetia\/lerida\/#Mapa_de_sucursales_de_seguros_Helvetia_en_Lerida\" >Mapa de sucursales de seguros Helvetia en L\u00e9rida<\/a><\/li><li class='ez-toc-page-1 ez-toc-heading-level-2'><a class=\"ez-toc-link ez-toc-heading-3\" href=\"https:\/\/idecesos.com\/seguros\/companias\/helvetia\/lerida\/#Listado_de_sucursales_Helvetia_en_Lerida\" >Listado de sucursales Helvetia en L\u00e9rida<\/a><\/li><li class='ez-toc-page-1 ez-toc-heading-level-2'><a class=\"ez-toc-link ez-toc-heading-4\" href=\"https:\/\/idecesos.com\/seguros\/companias\/helvetia\/lerida\/#Agencias_de_seguros_de_decesos_en_Lerida\" >Agencias de seguros de decesos en L\u00e9rida<\/a><ul class='ez-toc-list-level-3' ><li class='ez-toc-heading-level-3'><a class=\"ez-toc-link ez-toc-heading-5\" href=\"https:\/\/idecesos.com\/seguros\/companias\/helvetia\/lerida\/#Listado_de_sucursales_Helvetia_en_Espana\" >Listado de sucursales Helvetia en Espa\u00f1a<\/a><\/li><\/ul><\/li><\/ul><\/nav><\/div>\n\n<p><a href=\"https:\/\/idecesos.com\/seguros\/companias\/ocaso\/\"><img decoding=\"async\" class=\"size-medium alignleft\" src=\"https:\/\/idecesos.com\/img\/decesos_helvetia.png\" alt=\"Seguro de decesos Helvetia\" \/><\/a>Cuentas con diferentes sucursales de Helvetia en L\u00e9rida recibiendo en todo momento un asesoramiento detallado con una atenci\u00f3n personal. En como podr\u00e1s acudir dentro de sus horarios marcados. Siempre y en toda circunstancia puede acontecer algo inopinado por ello es de bien saber d\u00f3nde se pueden encontrar las distintas sucursales de Helvetia <strong>cerca de nosotros en L\u00e9rida. <\/strong>De una manera m\u00e1s eficaz y veloz, es la soluci\u00f3n que te prestan.<\/p>\n<p>\u00bfQuieres calidad en el servicio, eludiendo problemas? por ello te ense\u00f1amos las localizaciones de cada <strong>oficina de Helvetia<\/strong> en L\u00e9rida lo m\u00e1s cerca de ti. Contando con tu p\u00f3liza, obtienes la mejor calidad en servicio y posibilidades \u00fanicas en el mercado. Cada oficina de Helvetia en L\u00e9rida cuenta con sus ventajas destacables que juegan una parte importante en el proceso.<\/p>\n<p>Visita nuestra p\u00e1gina de <a href=\"https:\/\/idecesos.com\/seguros\/companias\/helvetia\/\">seguros de decesos Helvetia<\/a> para m\u00e1s informaci\u00f3n.<br \/>\n<div class=\"colorf \"  ><div class=\"container clearfix\"><div class=\"col-md-7\"><\/p>\n<h2><span class=\"ez-toc-section\" id=\"Seguro_de_decesos_Helvetia_en_Lerida\"><\/span>Seguro de decesos Helvetia en L\u00e9rida<span class=\"ez-toc-section-end\"><\/span><\/h2>\n<p>Empresa aseguradora es aquello donde te aseguran no solo calma, contando con las diferentes compa\u00f1\u00edas de <a href=\"https:\/\/idecesos.com\/seguros\/ciudades\/lerida\/\"><strong>seguro de decesos en L\u00e9rida<\/strong><\/a>. Adapt\u00e1ndose a ti y a tus necesidades o circunstancias.<br \/>\n\u00bf<strong>Para que sirve el servicio de oficinas de Helvetia en L\u00e9rida<\/strong>? est\u00e1 dirigido a aquellas personas que deseen realizar sus gestiones de forma presencial, es por este motivo que va a poder acudir a la sucursal que m\u00e1s le interese en cualquier instante. Cubrir todas y cada una de las cuestiones que broten, donde quedase solucionado todos sus problemas de una forma m\u00e1s simple.<\/p>\n<p>Nuestro servicio de diferentes sucursales de Helvetia en L\u00e9rida dejar\u00e1 a nuestros clientes principales conseguir un presupuesto al momento. Garant\u00eda en el momento de la busca, con todo cuanto est\u00e1s buscando.<br \/>\nNo va a requerir de muchos pasos o de enlaces diferentes, es cuesti\u00f3n de rellenar el formulario que te facilitamos, por lo consiguiente obtendr\u00e1s lo solicitado, con la informaci\u00f3n que has requerido. Jam\u00e1s hab\u00eda resultado tan sencillo procurarlo.<\/p>\n<p><\/div><\/div><\/div>\n\t\t<hr class=\"separador\">\n\t\t<div class=\"bloque-accion\">\n\t\t<p class=\"txt-accion\">Calcula el precio de tu seguro de decesos en menos de 1 minuto<\/p>\n\t\t<a class=\"btn-accion\" href=\"https:\/\/idecesos.com\/\">CALCULAR<\/a>\n\t\t<\/div>\n\t\t<hr class=\"separador\">\n\t\t<\/p>\n<h2><span class=\"ez-toc-section\" id=\"Mapa_de_sucursales_de_seguros_Helvetia_en_Lerida\"><\/span>Mapa de sucursales de seguros Helvetia en L\u00e9rida<span class=\"ez-toc-section-end\"><\/span><\/h2>\n<p>\u00bfEs \u00fatil un localizador de oficinas como un mapa por empresa? Es mucho m\u00e1s que \u00fatil, de ah\u00ed que te traemos a continuaci\u00f3n un localizador de oficinas de Helvetia en L\u00e9rida para obtener toda la informaci\u00f3n de vital inter\u00e9s para cada caso, asimismo ponemo a tu alcance un mapa por L\u00e9rida de las oficinas de Helvetia con el fin de asegurarte la ubicaci\u00f3n de cada una de ellas de una forma m\u00e1s sencilla, evit\u00e1ndote muchas buscas innecesarias. Cuentas con la confiabilidad del 100 por cien en todo momento e informaci\u00f3n filtrada para ti.<\/p>\n<p><iframe class=\"page-generator-pro-map\" style=\"border: 0;\" src=\"https:\/\/www.google.com\/maps\/embed\/v1\/place?q=Carrer+Pau+Claris%2C+25008+Lleida%2C+Espa%C3%B1a&amp;zoom=14&amp;maptype=roadmap&amp;key=AIzaSyCNTEOso0tZG6YMSJFoaJEY5Th1stEWrJI\" width=\"100%\" height=\"400\" frameborder=\"0\" allowfullscreen=\"allowfullscreen\"><\/iframe><\/p>\n<p>&nbsp;<br \/>\n<div class=\"colorf\"><div class=\"container clearfix\"><div class=\"col-md-7\"><div class=\"empresas\"><\/p>\n<h2><span class=\"ez-toc-section\" id=\"Listado_de_sucursales_Helvetia_en_Lerida\"><\/span>Listado de sucursales Helvetia en L\u00e9rida<span class=\"ez-toc-section-end\"><\/span><\/h2>\n<ul>\n<li><strong>Helvetia L\u00e9rida, Espa\u00f1a:<\/strong> Carrer Pau Claris, 25008 Lleida, Espa\u00f1a<\/li>\n<\/ul>\n<\/div><\/div><\/div><\/div>\n<h2><span class=\"ez-toc-section\" id=\"Agencias_de_seguros_de_decesos_en_Lerida\"><\/span>Agencias de seguros de decesos en L\u00e9rida<span class=\"ez-toc-section-end\"><\/span><\/h2>\n<p>\u00bfSin precisar registros? evit\u00e1ndote ese proceso tan incomodo como bastante dif\u00edcil, vas a poder ver todo el gran listado que hemos realizado a fin de que tengas libre en cada instante, contando con su actualizaci\u00f3n peri\u00f3dicamente, <strong>cada seguros de decesos en L\u00e9rida<\/strong>. Te resultara tan simple, que consigues todos los datos pertinentes, donde no te vas a quedar con ning\u00fan tipo de duda.<\/p>\n<!-- Shortcode [helvetia] does not exist -->\n<div class=\"colorf\"><div class=\"container clearfix\"><div class=\"col-md-7\"><div class=\"empresas\">\n<h3><span class=\"ez-toc-section\" id=\"Listado_de_sucursales_Helvetia_en_Espana\"><\/span>Listado de sucursales Helvetia en Espa\u00f1a<span class=\"ez-toc-section-end\"><\/span><\/h3>\n<div class=\"enlazado\"><ul><li><a href=\"https:\/\/idecesos.com\/seguros\/companias\/helvetia\/santa-lucia\/\"><span>Decesos Helvetia VS Santa Lucia<\/span><\/a><\/li><li><a href=\"https:\/\/idecesos.com\/seguros\/companias\/helvetia\/alicante\/\"><span>Oficinas Helvetia en Alicante<\/span><\/a><\/li><li><a href=\"https:\/\/idecesos.com\/seguros\/companias\/helvetia\/almeria\/\"><span>Oficinas Helvetia en Almer\u00eda<\/span><\/a><\/li><li><a href=\"https:\/\/idecesos.com\/seguros\/companias\/helvetia\/asturias\/\"><span>Oficinas Helvetia en Asturias<\/span><\/a><\/li><li><a href=\"https:\/\/idecesos.com\/seguros\/companias\/helvetia\/castellon\/\"><span>Oficinas Helvetia en Castell\u00f3n<\/span><\/a><\/li><li><a href=\"https:\/\/idecesos.com\/seguros\/companias\/helvetia\/gerona\/\"><span>Oficinas Helvetia en Gerona<\/span><\/a><\/li><li><a href=\"https:\/\/idecesos.com\/seguros\/companias\/helvetia\/guipuzcoa\/\"><span>Oficinas Helvetia en Guip\u00fazcoa<\/span><\/a><\/li><li><a href=\"https:\/\/idecesos.com\/seguros\/companias\/helvetia\/la-coruna\/\"><span>Oficinas Helvetia en La coru\u00f1a<\/span><\/a><\/li><li><a href=\"https:\/\/idecesos.com\/seguros\/companias\/helvetia\/madrid\/\"><span>Oficinas Helvetia en Madrid<\/span><\/a><\/li><li><a href=\"https:\/\/idecesos.com\/seguros\/companias\/helvetia\/malaga\/\"><span>Oficinas Helvetia en M\u00e1laga<\/span><\/a><\/li><li><a href=\"https:\/\/idecesos.com\/seguros\/companias\/helvetia\/pontevedra\/\"><span>Oficinas Helvetia en Pontevedra<\/span><\/a><\/li><li><a href=\"https:\/\/idecesos.com\/seguros\/companias\/helvetia\/sevilla\/\"><span>Oficinas Helvetia en Sevilla<\/span><\/a><\/li><li><a href=\"https:\/\/idecesos.com\/seguros\/companias\/helvetia\/tarragona\/\"><span>Oficinas Helvetia en Tarragona<\/span><\/a><\/li><li><a href=\"https:\/\/idecesos.com\/seguros\/companias\/helvetia\/alava\/\"><span>Oficinas Helvetia en \u00c1lava<\/span><\/a><\/li><li><a href=\"https:\/\/idecesos.com\/seguros\/companias\/helvetia\/opiniones\/\"><span>Opiniones Seguro de Decesos Helvetia<\/span><\/a><\/li><li><a href=\"https:\/\/idecesos.com\/seguros\/companias\/helvetia\/prima-unica\/\"><span>Seguro de Decesos Helvetia Prima \u00danica<\/span><\/a><\/li><\/ul><\/div>\n<\/div><\/div><\/div><\/div>\n","protected":false},"excerpt":{"rendered":"<p>Cuentas con diferentes sucursales de Helvetia en L\u00e9rida recibiendo en todo momento un asesoramiento detallado con una atenci\u00f3n personal. En como podr\u00e1s acudir dentro de sus horarios marcados. Siempre y en toda circunstancia puede acontecer algo inopinado por ello es de bien saber d\u00f3nde se pueden encontrar las distintas sucursales de Helvetia cerca de nosotros&hellip; <\/p>\n","protected":false},"author":1,"featured_media":0,"parent":652,"menu_order":0,"comment_status":"closed","ping_status":"closed","template":"page-templates\/companies.php","meta":{"footnotes":""},"class_list":["post-3087","page","type-page","status-publish","hentry"],"yoast_head":"<!-- This site is optimized with the Yoast SEO plugin v27.5 - https:\/\/yoast.com\/product\/yoast-seo-wordpress\/ -->\n<title>Oficinas Helvetia en L\u00e9rida | Tel\u00e9fonos, Horarios, Direcci\u00f3n<\/title>\n<meta name=\"description\" content=\"Lista completa de Oficinas Helvetia en L\u00e9rida Horarios, \u2706 tel\u00e9fonos y direcciones actualizados en 2026 \u2714 Verificado por iDecesos.\" \/>\n<meta name=\"robots\" content=\"index, follow, max-snippet:-1, max-image-preview:large, max-video-preview:-1\" \/>\n<link rel=\"canonical\" href=\"https:\/\/idecesos.com\/seguros\/companias\/helvetia\/lerida\/\" \/>\n<meta property=\"og:locale\" content=\"es_ES\" \/>\n<meta property=\"og:type\" content=\"article\" \/>\n<meta property=\"og:title\" content=\"Oficinas Helvetia en L\u00e9rida | Tel\u00e9fonos, Horarios, Direcci\u00f3n\" \/>\n<meta property=\"og:description\" content=\"Lista completa de Oficinas Helvetia en L\u00e9rida Horarios, \u2706 tel\u00e9fonos y direcciones actualizados en 2026 \u2714 Verificado por iDecesos.\" \/>\n<meta property=\"og:url\" content=\"https:\/\/idecesos.com\/seguros\/companias\/helvetia\/lerida\/\" \/>\n<meta property=\"article:modified_time\" content=\"2021-08-27T17:35:05+00:00\" \/>\n<meta property=\"og:image\" content=\"https:\/\/idecesos.com\/img\/decesos_helvetia.png\" \/>\n<meta name=\"twitter:card\" content=\"summary_large_image\" \/>\n<meta name=\"twitter:label1\" content=\"Tiempo de lectura\" \/>\n\t<meta name=\"twitter:data1\" content=\"39 minutos\" \/>\n<script type=\"application\/ld+json\" class=\"yoast-schema-graph\">{\"@context\":\"https:\\\/\\\/schema.org\",\"@graph\":[{\"@type\":\"WebPage\",\"@id\":\"https:\\\/\\\/idecesos.com\\\/seguros\\\/companias\\\/helvetia\\\/lerida\\\/\",\"url\":\"https:\\\/\\\/idecesos.com\\\/seguros\\\/companias\\\/helvetia\\\/lerida\\\/\",\"name\":\"Oficinas Helvetia en L\u00e9rida | Tel\u00e9fonos, Horarios, Direcci\u00f3n\",\"isPartOf\":{\"@id\":\"https:\\\/\\\/idecesos.com\\\/seguros\\\/#website\"},\"primaryImageOfPage\":{\"@id\":\"https:\\\/\\\/idecesos.com\\\/seguros\\\/companias\\\/helvetia\\\/lerida\\\/#primaryimage\"},\"image\":{\"@id\":\"https:\\\/\\\/idecesos.com\\\/seguros\\\/companias\\\/helvetia\\\/lerida\\\/#primaryimage\"},\"thumbnailUrl\":\"https:\\\/\\\/idecesos.com\\\/img\\\/decesos_helvetia.png\",\"datePublished\":\"2021-08-26T07:22:34+00:00\",\"dateModified\":\"2021-08-27T17:35:05+00:00\",\"description\":\"Lista completa de Oficinas Helvetia en L\u00e9rida Horarios, \u2706 tel\u00e9fonos y direcciones actualizados en 2026 \u2714 Verificado por iDecesos.\",\"breadcrumb\":{\"@id\":\"https:\\\/\\\/idecesos.com\\\/seguros\\\/companias\\\/helvetia\\\/lerida\\\/#breadcrumb\"},\"inLanguage\":\"es\",\"potentialAction\":[{\"@type\":\"ReadAction\",\"target\":[\"https:\\\/\\\/idecesos.com\\\/seguros\\\/companias\\\/helvetia\\\/lerida\\\/\"]}]},{\"@type\":\"ImageObject\",\"inLanguage\":\"es\",\"@id\":\"https:\\\/\\\/idecesos.com\\\/seguros\\\/companias\\\/helvetia\\\/lerida\\\/#primaryimage\",\"url\":\"https:\\\/\\\/idecesos.com\\\/img\\\/decesos_helvetia.png\",\"contentUrl\":\"https:\\\/\\\/idecesos.com\\\/img\\\/decesos_helvetia.png\"},{\"@type\":\"BreadcrumbList\",\"@id\":\"https:\\\/\\\/idecesos.com\\\/seguros\\\/companias\\\/helvetia\\\/lerida\\\/#breadcrumb\",\"itemListElement\":[{\"@type\":\"ListItem\",\"position\":1,\"name\":\"Portada\",\"item\":\"https:\\\/\\\/idecesos.com\\\/seguros\\\/\"},{\"@type\":\"ListItem\",\"position\":2,\"name\":\"Compa\u00f1\u00edas de Seguros de Decesos en Espa\u00f1a\",\"item\":\"https:\\\/\\\/idecesos.com\\\/seguros\\\/companias\\\/\"},{\"@type\":\"ListItem\",\"position\":3,\"name\":\"Seguro de Decesos Helvetia\",\"item\":\"https:\\\/\\\/idecesos.com\\\/seguros\\\/companias\\\/helvetia\\\/\"},{\"@type\":\"ListItem\",\"position\":4,\"name\":\"Oficinas Helvetia en L\u00e9rida\"}]},{\"@type\":\"WebSite\",\"@id\":\"https:\\\/\\\/idecesos.com\\\/seguros\\\/#website\",\"url\":\"https:\\\/\\\/idecesos.com\\\/seguros\\\/\",\"name\":\"\",\"description\":\"\",\"potentialAction\":[{\"@type\":\"SearchAction\",\"target\":{\"@type\":\"EntryPoint\",\"urlTemplate\":\"https:\\\/\\\/idecesos.com\\\/seguros\\\/?s={search_term_string}\"},\"query-input\":{\"@type\":\"PropertyValueSpecification\",\"valueRequired\":true,\"valueName\":\"search_term_string\"}}],\"inLanguage\":\"es\"}]}<\/script>\n<!-- \/ Yoast SEO plugin. -->","yoast_head_json":{"title":"Oficinas Helvetia en L\u00e9rida | Tel\u00e9fonos, Horarios, Direcci\u00f3n","description":"Lista completa de Oficinas Helvetia en L\u00e9rida Horarios, \u2706 tel\u00e9fonos y direcciones actualizados en 2026 \u2714 Verificado por iDecesos.","robots":{"index":"index","follow":"follow","max-snippet":"max-snippet:-1","max-image-preview":"max-image-preview:large","max-video-preview":"max-video-preview:-1"},"canonical":"https:\/\/idecesos.com\/seguros\/companias\/helvetia\/lerida\/","og_locale":"es_ES","og_type":"article","og_title":"Oficinas Helvetia en L\u00e9rida | Tel\u00e9fonos, Horarios, Direcci\u00f3n","og_description":"Lista completa de Oficinas Helvetia en L\u00e9rida Horarios, \u2706 tel\u00e9fonos y direcciones actualizados en 2026 \u2714 Verificado por iDecesos.","og_url":"https:\/\/idecesos.com\/seguros\/companias\/helvetia\/lerida\/","article_modified_time":"2021-08-27T17:35:05+00:00","og_image":[{"url":"https:\/\/idecesos.com\/img\/decesos_helvetia.png","type":"","width":"","height":""}],"twitter_card":"summary_large_image","twitter_misc":{"Tiempo de lectura":"39 minutos"},"schema":{"@context":"https:\/\/schema.org","@graph":[{"@type":"WebPage","@id":"https:\/\/idecesos.com\/seguros\/companias\/helvetia\/lerida\/","url":"https:\/\/idecesos.com\/seguros\/companias\/helvetia\/lerida\/","name":"Oficinas Helvetia en L\u00e9rida | Tel\u00e9fonos, Horarios, Direcci\u00f3n","isPartOf":{"@id":"https:\/\/idecesos.com\/seguros\/#website"},"primaryImageOfPage":{"@id":"https:\/\/idecesos.com\/seguros\/companias\/helvetia\/lerida\/#primaryimage"},"image":{"@id":"https:\/\/idecesos.com\/seguros\/companias\/helvetia\/lerida\/#primaryimage"},"thumbnailUrl":"https:\/\/idecesos.com\/img\/decesos_helvetia.png","datePublished":"2021-08-26T07:22:34+00:00","dateModified":"2021-08-27T17:35:05+00:00","description":"Lista completa de Oficinas Helvetia en L\u00e9rida Horarios, \u2706 tel\u00e9fonos y direcciones actualizados en 2026 \u2714 Verificado por iDecesos.","breadcrumb":{"@id":"https:\/\/idecesos.com\/seguros\/companias\/helvetia\/lerida\/#breadcrumb"},"inLanguage":"es","potentialAction":[{"@type":"ReadAction","target":["https:\/\/idecesos.com\/seguros\/companias\/helvetia\/lerida\/"]}]},{"@type":"ImageObject","inLanguage":"es","@id":"https:\/\/idecesos.com\/seguros\/companias\/helvetia\/lerida\/#primaryimage","url":"https:\/\/idecesos.com\/img\/decesos_helvetia.png","contentUrl":"https:\/\/idecesos.com\/img\/decesos_helvetia.png"},{"@type":"BreadcrumbList","@id":"https:\/\/idecesos.com\/seguros\/companias\/helvetia\/lerida\/#breadcrumb","itemListElement":[{"@type":"ListItem","position":1,"name":"Portada","item":"https:\/\/idecesos.com\/seguros\/"},{"@type":"ListItem","position":2,"name":"Compa\u00f1\u00edas de Seguros de Decesos en Espa\u00f1a","item":"https:\/\/idecesos.com\/seguros\/companias\/"},{"@type":"ListItem","position":3,"name":"Seguro de Decesos Helvetia","item":"https:\/\/idecesos.com\/seguros\/companias\/helvetia\/"},{"@type":"ListItem","position":4,"name":"Oficinas Helvetia en L\u00e9rida"}]},{"@type":"WebSite","@id":"https:\/\/idecesos.com\/seguros\/#website","url":"https:\/\/idecesos.com\/seguros\/","name":"","description":"","potentialAction":[{"@type":"SearchAction","target":{"@type":"EntryPoint","urlTemplate":"https:\/\/idecesos.com\/seguros\/?s={search_term_string}"},"query-input":{"@type":"PropertyValueSpecification","valueRequired":true,"valueName":"search_term_string"}}],"inLanguage":"es"}]}},"_links":{"self":[{"href":"https:\/\/idecesos.com\/seguros\/wp-json\/wp\/v2\/pages\/3087","targetHints":{"allow":["GET"]}}],"collection":[{"href":"https:\/\/idecesos.com\/seguros\/wp-json\/wp\/v2\/pages"}],"about":[{"href":"https:\/\/idecesos.com\/seguros\/wp-json\/wp\/v2\/types\/page"}],"author":[{"embeddable":true,"href":"https:\/\/idecesos.com\/seguros\/wp-json\/wp\/v2\/users\/1"}],"replies":[{"embeddable":true,"href":"https:\/\/idecesos.com\/seguros\/wp-json\/wp\/v2\/comments?post=3087"}],"version-history":[{"count":6,"href":"https:\/\/idecesos.com\/seguros\/wp-json\/wp\/v2\/pages\/3087\/revisions"}],"predecessor-version":[{"id":3745,"href":"https:\/\/idecesos.com\/seguros\/wp-json\/wp\/v2\/pages\/3087\/revisions\/3745"}],"up":[{"embeddable":true,"href":"https:\/\/idecesos.com\/seguros\/wp-json\/wp\/v2\/pages\/652"}],"wp:attachment":[{"href":"https:\/\/idecesos.com\/seguros\/wp-json\/wp\/v2\/media?parent=3087"}],"curies":[{"name":"wp","href":"https:\/\/api.w.org\/{rel}","templated":true}]}}