{"id":3089,"date":"2021-08-26T10:06:52","date_gmt":"2021-08-26T07:22:35","guid":{"rendered":"https:\/\/idecesos.com\/seguros\/companias\/helvetia\/malaga\/"},"modified":"2021-08-27T17:35:07","modified_gmt":"2021-08-27T17:35:07","slug":"malaga","status":"publish","type":"page","link":"https:\/\/idecesos.com\/seguros\/companias\/helvetia\/malaga\/","title":{"rendered":"Oficinas Helvetia en M\u00e1laga"},"content":{"rendered":"<div id=\"ez-toc-container\" class=\"ez-toc-v2_0_82_2 ez-toc-wrap-center counter-hierarchy ez-toc-counter ez-toc-custom ez-toc-container-direction\">\n<div class=\"ez-toc-title-container\">\n<p class=\"ez-toc-title\" style=\"cursor:inherit\">Tabla de Contenido<\/p>\n<span class=\"ez-toc-title-toggle\"><a href=\"#\" class=\"ez-toc-pull-right ez-toc-btn ez-toc-btn-xs ez-toc-btn-default ez-toc-toggle\" aria-label=\"Alternar tabla de contenidos\"><span class=\"ez-toc-js-icon-con\"><span class=\"\"><span class=\"eztoc-hide\" style=\"display:none;\">Toggle<\/span><span class=\"ez-toc-icon-toggle-span\"><svg style=\"fill: #db6415;color:#db6415\" xmlns=\"http:\/\/www.w3.org\/2000\/svg\" class=\"list-377408\" width=\"20px\" height=\"20px\" viewBox=\"0 0 24 24\" fill=\"none\"><path d=\"M6 6H4v2h2V6zm14 0H8v2h12V6zM4 11h2v2H4v-2zm16 0H8v2h12v-2zM4 16h2v2H4v-2zm16 0H8v2h12v-2z\" fill=\"currentColor\"><\/path><\/svg><svg style=\"fill: #db6415;color:#db6415\" class=\"arrow-unsorted-368013\" xmlns=\"http:\/\/www.w3.org\/2000\/svg\" width=\"10px\" height=\"10px\" viewBox=\"0 0 24 24\" version=\"1.2\" baseProfile=\"tiny\"><path d=\"M18.2 9.3l-6.2-6.3-6.2 6.3c-.2.2-.3.4-.3.7s.1.5.3.7c.2.2.4.3.7.3h11c.3 0 .5-.1.7-.3.2-.2.3-.5.3-.7s-.1-.5-.3-.7zM5.8 14.7l6.2 6.3 6.2-6.3c.2-.2.3-.5.3-.7s-.1-.5-.3-.7c-.2-.2-.4-.3-.7-.3h-11c-.3 0-.5.1-.7.3-.2.2-.3.5-.3.7s.1.5.3.7z\"\/><\/svg><\/span><\/span><\/span><\/a><\/span><\/div>\n<nav><ul class='ez-toc-list ez-toc-list-level-1 ' ><li class='ez-toc-page-1 ez-toc-heading-level-2'><a class=\"ez-toc-link ez-toc-heading-1\" href=\"https:\/\/idecesos.com\/seguros\/companias\/helvetia\/malaga\/#Seguro_de_decesos_Helvetia_en_Malaga\" >Seguro de decesos Helvetia en M\u00e1laga<\/a><\/li><li class='ez-toc-page-1 ez-toc-heading-level-2'><a class=\"ez-toc-link ez-toc-heading-2\" href=\"https:\/\/idecesos.com\/seguros\/companias\/helvetia\/malaga\/#Mapa_de_agencias_de_seguros_Helvetia_en_Malaga\" >Mapa de agencias de seguros Helvetia en M\u00e1laga<\/a><\/li><li class='ez-toc-page-1 ez-toc-heading-level-2'><a class=\"ez-toc-link ez-toc-heading-3\" href=\"https:\/\/idecesos.com\/seguros\/companias\/helvetia\/malaga\/#Listado_de_sucursales_Helvetia_en_Malaga\" >Listado de sucursales Helvetia en M\u00e1laga<\/a><\/li><li class='ez-toc-page-1 ez-toc-heading-level-2'><a class=\"ez-toc-link ez-toc-heading-4\" href=\"https:\/\/idecesos.com\/seguros\/companias\/helvetia\/malaga\/#Agencias_de_seguros_de_decesos_en_Malaga\" >Agencias de seguros de decesos en M\u00e1laga<\/a><ul class='ez-toc-list-level-3' ><li class='ez-toc-heading-level-3'><a class=\"ez-toc-link ez-toc-heading-5\" href=\"https:\/\/idecesos.com\/seguros\/companias\/helvetia\/malaga\/#Listado_de_sucursales_Helvetia_en_Espana\" >Listado de sucursales Helvetia en Espa\u00f1a<\/a><\/li><\/ul><\/li><\/ul><\/nav><\/div>\n\n<p><a href=\"https:\/\/idecesos.com\/seguros\/companias\/ocaso\/\"><img decoding=\"async\" class=\"size-medium alignleft\" src=\"https:\/\/idecesos.com\/img\/decesos_helvetia.png\" alt=\"Seguro de decesos Helvetia\" \/><\/a>Las sucursales de Helvetia est\u00e1n situadas en distintos lugares, ponemos a tu <strong>disposici\u00f3n de Helvetia en M\u00e1laga<\/strong> donde las posibilidades son de las m\u00e1s adecuadas y pertinentes para la administraci\u00f3n. Adem\u00e1s de que tengan experiencia es importante las cualidades que presenten para el campo, nos guie en todo instante de la manera correcta. Te damos accedo a nuestros servicio de forma veloz y c\u00f3moda. \u00bfD\u00f3nde hallar oficinas de Helvetia en M\u00e1laga? ahora podr\u00e1s saber si est\u00e1 en tu ratio, donde te aseguramos que llegues hasta el punto donde precises.<\/p>\n<p>Optamos por lo polivalente que resulta la <strong>busca de oficinas de Helvetia en M\u00e1laga<\/strong> trataran todos y cada uno de los problemas que puedas acontecer quedando resuelto sin inconveniente inmediatamente. Dando calidad al servicio cerca de ti en cualquier instante. Cuando se precisa de este servicio tan cerca el desarrollo de cada empresa es asesarte en el proceso de la perdida de un familiar, acudiendo a tu oficina m\u00e1s cerca jam\u00e1s tendr\u00e1s problemas cuando se gestione alg\u00fan tramite sobre la p\u00f3liza.<\/p>\n<p>Visita nuestra p\u00e1gina de <a href=\"https:\/\/idecesos.com\/seguros\/companias\/helvetia\/\">seguros de decesos Helvetia<\/a> para m\u00e1s informaci\u00f3n.<br \/>\n<div class=\"colorf \"  ><div class=\"container clearfix\"><div class=\"col-md-7\"><\/p>\n<h2><span class=\"ez-toc-section\" id=\"Seguro_de_decesos_Helvetia_en_Malaga\"><\/span>Seguro de decesos Helvetia en M\u00e1laga<span class=\"ez-toc-section-end\"><\/span><\/h2>\n<p>Sobresalimos como compa\u00f1\u00eda aseguradora del a\u00f1o al prestar un buen servicio competente y eficaz, contando con los diferentes <a href=\"https:\/\/idecesos.com\/seguros\/ciudades\/malaga\/\"><strong>seguro decesos de M\u00e1laga<\/strong><\/a>. Te obsequiamos conocer tu presupuesto de manera sin coste. Pocas veces se han presentado la oportunidad de poder conocer tu presupuesto, cuentas con la gratuidad en todo instante. Eludiendo cualquier administraci\u00f3n administrativa para obtenerlo.<\/p>\n<p>Como aseguradora nos encargamos de tu calma y la de tus seres allegados, por este motivo hemos querido que en M\u00e1laga, tengas los mejores servicios de calidad amoldados para satisfacer tus necesidades y queden cubiertos. \u00bfDe qu\u00e9 forma pedir cita? es m\u00e1s simple que nunca siendo cuesti\u00f3n de al instante, solventando todos tus problemas. \u00bfDudas de Helvetia? te la resolvemos al instante. Si te preguntas esto es pues no has conseguido contestaciones, te traemos la soluci\u00f3n de manera eficiente y sin problemas. <strong>M\u00e1s f\u00e1cil no te lo hemos podido poner<\/strong>, con este formulario obtendr\u00e1s tu cita o bien presupuesto, conforme lo que necesites. Te lo ponemos poco a poco m\u00e1s simple, evit\u00e1ndote cualquier inconveniente que pueda surgir.<\/p>\n<p><\/div><\/div><\/div>\n\t\t<hr class=\"separador\">\n\t\t<div class=\"bloque-accion\">\n\t\t<p class=\"txt-accion\">Calcula el precio de tu seguro de decesos en menos de 1 minuto<\/p>\n\t\t<a class=\"btn-accion\" href=\"https:\/\/idecesos.com\/\">CALCULAR<\/a>\n\t\t<\/div>\n\t\t<hr class=\"separador\">\n\t\t<\/p>\n<h2><span class=\"ez-toc-section\" id=\"Mapa_de_agencias_de_seguros_Helvetia_en_Malaga\"><\/span>Mapa de agencias de seguros Helvetia en M\u00e1laga<span class=\"ez-toc-section-end\"><\/span><\/h2>\n<p>\u00bfDe qu\u00e9 manera encontrar un <strong>mapa de oficinas de la Helvetia en M\u00e1laga<\/strong>? Conoce como realizarlo, sin tardar m\u00e1s de un minuto en localizarlo. Al menos lo esperemos y lo precisemos, nos ahorramos el tiempo en la b\u00fasqueda del mismo siendo m\u00e1s resolutivo. Conocer todas las opciones dispobinles. Cuentas con nuestro mejor aliado que es la confiabilidad como garant\u00eda dentro de tu b\u00fasqueda.<\/p>\n<p><iframe class=\"page-generator-pro-map\" style=\"border: 0;\" src=\"https:\/\/www.google.com\/maps\/embed\/v1\/place?q=29011+M%C3%A1laga%2C+Espa%C3%B1a&amp;zoom=14&amp;maptype=roadmap&amp;key=AIzaSyCNTEOso0tZG6YMSJFoaJEY5Th1stEWrJI\" width=\"100%\" height=\"400\" frameborder=\"0\" allowfullscreen=\"allowfullscreen\"><\/iframe><\/p>\n<p>&nbsp;<br \/>\n<div class=\"colorf\"><div class=\"container clearfix\"><div class=\"col-md-7\"><div class=\"empresas\"><\/p>\n<h2><span class=\"ez-toc-section\" id=\"Listado_de_sucursales_Helvetia_en_Malaga\"><\/span>Listado de sucursales Helvetia en M\u00e1laga<span class=\"ez-toc-section-end\"><\/span><\/h2>\n<ul>\n<li><strong>Helvetia M\u00e1laga, Espa\u00f1a:<\/strong> 29011 M\u00e1laga, Espa\u00f1a<\/li>\n<\/ul>\n<\/div><\/div><\/div><\/div>\n<h2><span class=\"ez-toc-section\" id=\"Agencias_de_seguros_de_decesos_en_Malaga\"><\/span>Agencias de seguros de decesos en M\u00e1laga<span class=\"ez-toc-section-end\"><\/span><\/h2>\n<p>Te traemos la soluci\u00f3n para aquellos que precisan conocer <strong>seguros de defunci\u00f3n en M\u00e1laga<\/strong>, ahorr\u00e1ndote pasos de registros, te damos el listado a fin de que lo tengas a tu entera disposici\u00f3n pudiendo acceder en cualquier instante, quedase siempre actualizado. Tan f\u00e1cil que tendr\u00e1s toda la informaci\u00f3n de cada uno de ellos de ellos, tendr\u00e1s cualquier duda resulta merced a sus datos que poseen.<\/p>\n<!-- Shortcode [helvetia] does not exist -->\n<div class=\"colorf\"><div class=\"container clearfix\"><div class=\"col-md-7\"><div class=\"empresas\">\n<h3><span class=\"ez-toc-section\" id=\"Listado_de_sucursales_Helvetia_en_Espana\"><\/span>Listado de sucursales Helvetia en Espa\u00f1a<span class=\"ez-toc-section-end\"><\/span><\/h3>\n<div class=\"enlazado\"><ul><li><a href=\"https:\/\/idecesos.com\/seguros\/companias\/helvetia\/santa-lucia\/\"><span>Decesos Helvetia VS Santa Lucia<\/span><\/a><\/li><li><a href=\"https:\/\/idecesos.com\/seguros\/companias\/helvetia\/alicante\/\"><span>Oficinas Helvetia en Alicante<\/span><\/a><\/li><li><a href=\"https:\/\/idecesos.com\/seguros\/companias\/helvetia\/almeria\/\"><span>Oficinas Helvetia en Almer\u00eda<\/span><\/a><\/li><li><a href=\"https:\/\/idecesos.com\/seguros\/companias\/helvetia\/asturias\/\"><span>Oficinas Helvetia en Asturias<\/span><\/a><\/li><li><a href=\"https:\/\/idecesos.com\/seguros\/companias\/helvetia\/badajoz\/\"><span>Oficinas Helvetia en Badajoz<\/span><\/a><\/li><li><a href=\"https:\/\/idecesos.com\/seguros\/companias\/helvetia\/barcelona\/\"><span>Oficinas Helvetia en Barcelona<\/span><\/a><\/li><li><a href=\"https:\/\/idecesos.com\/seguros\/companias\/helvetia\/cuenca\/\"><span>Oficinas Helvetia en Cuenca<\/span><\/a><\/li><li><a href=\"https:\/\/idecesos.com\/seguros\/companias\/helvetia\/gerona\/\"><span>Oficinas Helvetia en Gerona<\/span><\/a><\/li><li><a href=\"https:\/\/idecesos.com\/seguros\/companias\/helvetia\/guipuzcoa\/\"><span>Oficinas Helvetia en Guip\u00fazcoa<\/span><\/a><\/li><li><a href=\"https:\/\/idecesos.com\/seguros\/companias\/helvetia\/huesca\/\"><span>Oficinas Helvetia en Huesca<\/span><\/a><\/li><li><a href=\"https:\/\/idecesos.com\/seguros\/companias\/helvetia\/navarra\/\"><span>Oficinas Helvetia en Navarra<\/span><\/a><\/li><li><a href=\"https:\/\/idecesos.com\/seguros\/companias\/helvetia\/pontevedra\/\"><span>Oficinas Helvetia en Pontevedra<\/span><\/a><\/li><li><a href=\"https:\/\/idecesos.com\/seguros\/companias\/helvetia\/sevilla\/\"><span>Oficinas Helvetia en Sevilla<\/span><\/a><\/li><li><a href=\"https:\/\/idecesos.com\/seguros\/companias\/helvetia\/valencia\/\"><span>Oficinas Helvetia en Valencia<\/span><\/a><\/li><li><a href=\"https:\/\/idecesos.com\/seguros\/companias\/helvetia\/opiniones\/\"><span>Opiniones Seguro de Decesos Helvetia<\/span><\/a><\/li><li><a href=\"https:\/\/idecesos.com\/seguros\/companias\/helvetia\/dentistas\/\"><span>SEGURO DECESOS HELVETIA DENTISTAS<\/span><\/a><\/li><\/ul><\/div>\n<\/div><\/div><\/div><\/div>\n","protected":false},"excerpt":{"rendered":"<p>Las sucursales de Helvetia est\u00e1n situadas en distintos lugares, ponemos a tu disposici\u00f3n de Helvetia en M\u00e1laga donde las posibilidades son de las m\u00e1s adecuadas y pertinentes para la administraci\u00f3n. Adem\u00e1s de que tengan experiencia es importante las cualidades que presenten para el campo, nos guie en todo instante de la manera correcta. Te damos&hellip; <\/p>\n","protected":false},"author":1,"featured_media":0,"parent":652,"menu_order":0,"comment_status":"closed","ping_status":"closed","template":"page-templates\/companies.php","meta":{"footnotes":""},"class_list":["post-3089","page","type-page","status-publish","hentry"],"yoast_head":"<!-- This site is optimized with the Yoast SEO plugin v27.5 - https:\/\/yoast.com\/product\/yoast-seo-wordpress\/ -->\n<title>Oficinas Helvetia en M\u00e1laga | Tel\u00e9fonos, Horarios, Direcci\u00f3n<\/title>\n<meta name=\"description\" content=\"Lista completa de Oficinas Helvetia en M\u00e1laga Horarios, \u2706 tel\u00e9fonos y direcciones actualizados en 2026 \u2714 Verificado por iDecesos.\" \/>\n<meta name=\"robots\" content=\"index, follow, max-snippet:-1, max-image-preview:large, max-video-preview:-1\" \/>\n<link rel=\"canonical\" href=\"https:\/\/idecesos.com\/seguros\/companias\/helvetia\/malaga\/\" \/>\n<meta property=\"og:locale\" content=\"es_ES\" \/>\n<meta property=\"og:type\" content=\"article\" \/>\n<meta property=\"og:title\" content=\"Oficinas Helvetia en M\u00e1laga | Tel\u00e9fonos, Horarios, Direcci\u00f3n\" \/>\n<meta property=\"og:description\" content=\"Lista completa de Oficinas Helvetia en M\u00e1laga Horarios, \u2706 tel\u00e9fonos y direcciones actualizados en 2026 \u2714 Verificado por iDecesos.\" \/>\n<meta property=\"og:url\" content=\"https:\/\/idecesos.com\/seguros\/companias\/helvetia\/malaga\/\" \/>\n<meta property=\"article:modified_time\" content=\"2021-08-27T17:35:07+00:00\" \/>\n<meta property=\"og:image\" content=\"https:\/\/idecesos.com\/img\/decesos_helvetia.png\" \/>\n<meta name=\"twitter:card\" content=\"summary_large_image\" \/>\n<meta name=\"twitter:label1\" content=\"Tiempo de lectura\" \/>\n\t<meta name=\"twitter:data1\" content=\"39 minutos\" \/>\n<script type=\"application\/ld+json\" class=\"yoast-schema-graph\">{\"@context\":\"https:\\\/\\\/schema.org\",\"@graph\":[{\"@type\":\"WebPage\",\"@id\":\"https:\\\/\\\/idecesos.com\\\/seguros\\\/companias\\\/helvetia\\\/malaga\\\/\",\"url\":\"https:\\\/\\\/idecesos.com\\\/seguros\\\/companias\\\/helvetia\\\/malaga\\\/\",\"name\":\"Oficinas Helvetia en M\u00e1laga | Tel\u00e9fonos, Horarios, Direcci\u00f3n\",\"isPartOf\":{\"@id\":\"https:\\\/\\\/idecesos.com\\\/seguros\\\/#website\"},\"primaryImageOfPage\":{\"@id\":\"https:\\\/\\\/idecesos.com\\\/seguros\\\/companias\\\/helvetia\\\/malaga\\\/#primaryimage\"},\"image\":{\"@id\":\"https:\\\/\\\/idecesos.com\\\/seguros\\\/companias\\\/helvetia\\\/malaga\\\/#primaryimage\"},\"thumbnailUrl\":\"https:\\\/\\\/idecesos.com\\\/img\\\/decesos_helvetia.png\",\"datePublished\":\"2021-08-26T07:22:35+00:00\",\"dateModified\":\"2021-08-27T17:35:07+00:00\",\"description\":\"Lista completa de Oficinas Helvetia en M\u00e1laga Horarios, \u2706 tel\u00e9fonos y direcciones actualizados en 2026 \u2714 Verificado por iDecesos.\",\"breadcrumb\":{\"@id\":\"https:\\\/\\\/idecesos.com\\\/seguros\\\/companias\\\/helvetia\\\/malaga\\\/#breadcrumb\"},\"inLanguage\":\"es\",\"potentialAction\":[{\"@type\":\"ReadAction\",\"target\":[\"https:\\\/\\\/idecesos.com\\\/seguros\\\/companias\\\/helvetia\\\/malaga\\\/\"]}]},{\"@type\":\"ImageObject\",\"inLanguage\":\"es\",\"@id\":\"https:\\\/\\\/idecesos.com\\\/seguros\\\/companias\\\/helvetia\\\/malaga\\\/#primaryimage\",\"url\":\"https:\\\/\\\/idecesos.com\\\/img\\\/decesos_helvetia.png\",\"contentUrl\":\"https:\\\/\\\/idecesos.com\\\/img\\\/decesos_helvetia.png\"},{\"@type\":\"BreadcrumbList\",\"@id\":\"https:\\\/\\\/idecesos.com\\\/seguros\\\/companias\\\/helvetia\\\/malaga\\\/#breadcrumb\",\"itemListElement\":[{\"@type\":\"ListItem\",\"position\":1,\"name\":\"Portada\",\"item\":\"https:\\\/\\\/idecesos.com\\\/seguros\\\/\"},{\"@type\":\"ListItem\",\"position\":2,\"name\":\"Compa\u00f1\u00edas de Seguros de Decesos en Espa\u00f1a\",\"item\":\"https:\\\/\\\/idecesos.com\\\/seguros\\\/companias\\\/\"},{\"@type\":\"ListItem\",\"position\":3,\"name\":\"Seguro de Decesos Helvetia\",\"item\":\"https:\\\/\\\/idecesos.com\\\/seguros\\\/companias\\\/helvetia\\\/\"},{\"@type\":\"ListItem\",\"position\":4,\"name\":\"Oficinas Helvetia en M\u00e1laga\"}]},{\"@type\":\"WebSite\",\"@id\":\"https:\\\/\\\/idecesos.com\\\/seguros\\\/#website\",\"url\":\"https:\\\/\\\/idecesos.com\\\/seguros\\\/\",\"name\":\"\",\"description\":\"\",\"potentialAction\":[{\"@type\":\"SearchAction\",\"target\":{\"@type\":\"EntryPoint\",\"urlTemplate\":\"https:\\\/\\\/idecesos.com\\\/seguros\\\/?s={search_term_string}\"},\"query-input\":{\"@type\":\"PropertyValueSpecification\",\"valueRequired\":true,\"valueName\":\"search_term_string\"}}],\"inLanguage\":\"es\"}]}<\/script>\n<!-- \/ Yoast SEO plugin. -->","yoast_head_json":{"title":"Oficinas Helvetia en M\u00e1laga | Tel\u00e9fonos, Horarios, Direcci\u00f3n","description":"Lista completa de Oficinas Helvetia en M\u00e1laga Horarios, \u2706 tel\u00e9fonos y direcciones actualizados en 2026 \u2714 Verificado por iDecesos.","robots":{"index":"index","follow":"follow","max-snippet":"max-snippet:-1","max-image-preview":"max-image-preview:large","max-video-preview":"max-video-preview:-1"},"canonical":"https:\/\/idecesos.com\/seguros\/companias\/helvetia\/malaga\/","og_locale":"es_ES","og_type":"article","og_title":"Oficinas Helvetia en M\u00e1laga | Tel\u00e9fonos, Horarios, Direcci\u00f3n","og_description":"Lista completa de Oficinas Helvetia en M\u00e1laga Horarios, \u2706 tel\u00e9fonos y direcciones actualizados en 2026 \u2714 Verificado por iDecesos.","og_url":"https:\/\/idecesos.com\/seguros\/companias\/helvetia\/malaga\/","article_modified_time":"2021-08-27T17:35:07+00:00","og_image":[{"url":"https:\/\/idecesos.com\/img\/decesos_helvetia.png","type":"","width":"","height":""}],"twitter_card":"summary_large_image","twitter_misc":{"Tiempo de lectura":"39 minutos"},"schema":{"@context":"https:\/\/schema.org","@graph":[{"@type":"WebPage","@id":"https:\/\/idecesos.com\/seguros\/companias\/helvetia\/malaga\/","url":"https:\/\/idecesos.com\/seguros\/companias\/helvetia\/malaga\/","name":"Oficinas Helvetia en M\u00e1laga | Tel\u00e9fonos, Horarios, Direcci\u00f3n","isPartOf":{"@id":"https:\/\/idecesos.com\/seguros\/#website"},"primaryImageOfPage":{"@id":"https:\/\/idecesos.com\/seguros\/companias\/helvetia\/malaga\/#primaryimage"},"image":{"@id":"https:\/\/idecesos.com\/seguros\/companias\/helvetia\/malaga\/#primaryimage"},"thumbnailUrl":"https:\/\/idecesos.com\/img\/decesos_helvetia.png","datePublished":"2021-08-26T07:22:35+00:00","dateModified":"2021-08-27T17:35:07+00:00","description":"Lista completa de Oficinas Helvetia en M\u00e1laga Horarios, \u2706 tel\u00e9fonos y direcciones actualizados en 2026 \u2714 Verificado por iDecesos.","breadcrumb":{"@id":"https:\/\/idecesos.com\/seguros\/companias\/helvetia\/malaga\/#breadcrumb"},"inLanguage":"es","potentialAction":[{"@type":"ReadAction","target":["https:\/\/idecesos.com\/seguros\/companias\/helvetia\/malaga\/"]}]},{"@type":"ImageObject","inLanguage":"es","@id":"https:\/\/idecesos.com\/seguros\/companias\/helvetia\/malaga\/#primaryimage","url":"https:\/\/idecesos.com\/img\/decesos_helvetia.png","contentUrl":"https:\/\/idecesos.com\/img\/decesos_helvetia.png"},{"@type":"BreadcrumbList","@id":"https:\/\/idecesos.com\/seguros\/companias\/helvetia\/malaga\/#breadcrumb","itemListElement":[{"@type":"ListItem","position":1,"name":"Portada","item":"https:\/\/idecesos.com\/seguros\/"},{"@type":"ListItem","position":2,"name":"Compa\u00f1\u00edas de Seguros de Decesos en Espa\u00f1a","item":"https:\/\/idecesos.com\/seguros\/companias\/"},{"@type":"ListItem","position":3,"name":"Seguro de Decesos Helvetia","item":"https:\/\/idecesos.com\/seguros\/companias\/helvetia\/"},{"@type":"ListItem","position":4,"name":"Oficinas Helvetia en M\u00e1laga"}]},{"@type":"WebSite","@id":"https:\/\/idecesos.com\/seguros\/#website","url":"https:\/\/idecesos.com\/seguros\/","name":"","description":"","potentialAction":[{"@type":"SearchAction","target":{"@type":"EntryPoint","urlTemplate":"https:\/\/idecesos.com\/seguros\/?s={search_term_string}"},"query-input":{"@type":"PropertyValueSpecification","valueRequired":true,"valueName":"search_term_string"}}],"inLanguage":"es"}]}},"_links":{"self":[{"href":"https:\/\/idecesos.com\/seguros\/wp-json\/wp\/v2\/pages\/3089","targetHints":{"allow":["GET"]}}],"collection":[{"href":"https:\/\/idecesos.com\/seguros\/wp-json\/wp\/v2\/pages"}],"about":[{"href":"https:\/\/idecesos.com\/seguros\/wp-json\/wp\/v2\/types\/page"}],"author":[{"embeddable":true,"href":"https:\/\/idecesos.com\/seguros\/wp-json\/wp\/v2\/users\/1"}],"replies":[{"embeddable":true,"href":"https:\/\/idecesos.com\/seguros\/wp-json\/wp\/v2\/comments?post=3089"}],"version-history":[{"count":6,"href":"https:\/\/idecesos.com\/seguros\/wp-json\/wp\/v2\/pages\/3089\/revisions"}],"predecessor-version":[{"id":3747,"href":"https:\/\/idecesos.com\/seguros\/wp-json\/wp\/v2\/pages\/3089\/revisions\/3747"}],"up":[{"embeddable":true,"href":"https:\/\/idecesos.com\/seguros\/wp-json\/wp\/v2\/pages\/652"}],"wp:attachment":[{"href":"https:\/\/idecesos.com\/seguros\/wp-json\/wp\/v2\/media?parent=3089"}],"curies":[{"name":"wp","href":"https:\/\/api.w.org\/{rel}","templated":true}]}}