{"id":3090,"date":"2021-08-26T10:06:52","date_gmt":"2021-08-26T07:22:36","guid":{"rendered":"https:\/\/idecesos.com\/seguros\/companias\/helvetia\/melilla\/"},"modified":"2021-08-27T17:35:07","modified_gmt":"2021-08-27T17:35:07","slug":"melilla","status":"publish","type":"page","link":"https:\/\/idecesos.com\/seguros\/companias\/helvetia\/melilla\/","title":{"rendered":"Oficinas Helvetia en Melilla"},"content":{"rendered":"<div id=\"ez-toc-container\" class=\"ez-toc-v2_0_82_2 ez-toc-wrap-center counter-hierarchy ez-toc-counter ez-toc-custom ez-toc-container-direction\">\n<div class=\"ez-toc-title-container\">\n<p class=\"ez-toc-title\" style=\"cursor:inherit\">Tabla de Contenido<\/p>\n<span class=\"ez-toc-title-toggle\"><a href=\"#\" class=\"ez-toc-pull-right ez-toc-btn ez-toc-btn-xs ez-toc-btn-default ez-toc-toggle\" aria-label=\"Alternar tabla de contenidos\"><span class=\"ez-toc-js-icon-con\"><span class=\"\"><span class=\"eztoc-hide\" style=\"display:none;\">Toggle<\/span><span class=\"ez-toc-icon-toggle-span\"><svg style=\"fill: #db6415;color:#db6415\" xmlns=\"http:\/\/www.w3.org\/2000\/svg\" class=\"list-377408\" width=\"20px\" height=\"20px\" viewBox=\"0 0 24 24\" fill=\"none\"><path d=\"M6 6H4v2h2V6zm14 0H8v2h12V6zM4 11h2v2H4v-2zm16 0H8v2h12v-2zM4 16h2v2H4v-2zm16 0H8v2h12v-2z\" fill=\"currentColor\"><\/path><\/svg><svg style=\"fill: #db6415;color:#db6415\" class=\"arrow-unsorted-368013\" xmlns=\"http:\/\/www.w3.org\/2000\/svg\" width=\"10px\" height=\"10px\" viewBox=\"0 0 24 24\" version=\"1.2\" baseProfile=\"tiny\"><path d=\"M18.2 9.3l-6.2-6.3-6.2 6.3c-.2.2-.3.4-.3.7s.1.5.3.7c.2.2.4.3.7.3h11c.3 0 .5-.1.7-.3.2-.2.3-.5.3-.7s-.1-.5-.3-.7zM5.8 14.7l6.2 6.3 6.2-6.3c.2-.2.3-.5.3-.7s-.1-.5-.3-.7c-.2-.2-.4-.3-.7-.3h-11c-.3 0-.5.1-.7.3-.2.2-.3.5-.3.7s.1.5.3.7z\"\/><\/svg><\/span><\/span><\/span><\/a><\/span><\/div>\n<nav><ul class='ez-toc-list ez-toc-list-level-1 ' ><li class='ez-toc-page-1 ez-toc-heading-level-2'><a class=\"ez-toc-link ez-toc-heading-1\" href=\"https:\/\/idecesos.com\/seguros\/companias\/helvetia\/melilla\/#Seguro_de_decesos_Helvetia_en_Melilla\" >Seguro de decesos Helvetia en Melilla<\/a><\/li><li class='ez-toc-page-1 ez-toc-heading-level-2'><a class=\"ez-toc-link ez-toc-heading-2\" href=\"https:\/\/idecesos.com\/seguros\/companias\/helvetia\/melilla\/#Mapa_de_oficinas_de_seguros_Helvetia_en_Melilla\" >Mapa de oficinas de seguros Helvetia en Melilla<\/a><\/li><li class='ez-toc-page-1 ez-toc-heading-level-2'><a class=\"ez-toc-link ez-toc-heading-3\" href=\"https:\/\/idecesos.com\/seguros\/companias\/helvetia\/melilla\/#Listado_de_agencias_Helvetia_en_Melilla\" >Listado de agencias Helvetia en Melilla<\/a><\/li><li class='ez-toc-page-1 ez-toc-heading-level-2'><a class=\"ez-toc-link ez-toc-heading-4\" href=\"https:\/\/idecesos.com\/seguros\/companias\/helvetia\/melilla\/#Agencias_de_seguros_de_decesos_en_Melilla\" >Agencias de seguros de decesos en Melilla<\/a><ul class='ez-toc-list-level-3' ><li class='ez-toc-heading-level-3'><a class=\"ez-toc-link ez-toc-heading-5\" href=\"https:\/\/idecesos.com\/seguros\/companias\/helvetia\/melilla\/#Listado_de_oficinas_Helvetia_en_Espana\" >Listado de oficinas Helvetia en Espa\u00f1a<\/a><\/li><\/ul><\/li><\/ul><\/nav><\/div>\n\n<p><a href=\"https:\/\/idecesos.com\/seguros\/companias\/ocaso\/\"><img decoding=\"async\" class=\"size-medium alignleft\" src=\"https:\/\/idecesos.com\/img\/decesos_helvetia.png\" alt=\"Seguro de decesos Helvetia\" \/><\/a>Gracias a nosotros vas a conocer la enorme variedad de locales de Helvetia en Melilla, donde solventaran cualquier fallo que pueda surgir o bien diferentes dudas en el momento de la tramitaci\u00f3n de tu p\u00f3liza. Adapt\u00e1ndote a los horarios marcador por cada uno de ellos. Siempre que depender\u00e1 de la oficina de seguro, es importante poder contar con un servicio m\u00e1s personal y que se encuentre cerca, a fin de que puedan apoyar tus inconvenientes en cualquier instante.<\/p>\n<p>\u00bfHas pensando alguna vez las que dispones a tu alrededor?Conocer las diferentes sucursales que se encuentran situados en todos y cada Melilla nos da seguridad de que nos solucionen el fallo que pueda suceder al instante y de forma responsable, cuando se necesite. Filtra de forma inmediata y conoce las diferentes sucursales de Helvetia en cada Melilla con las necesidades que requieres. te dan en todo momento garant\u00eda para la administraci\u00f3n de tu oficina m\u00e1s pr\u00f3xima, d\u00e1ndote la seguridad que precises.<\/p>\n<p>Visita nuestra p\u00e1gina de <a href=\"https:\/\/idecesos.com\/seguros\/companias\/helvetia\/\">seguros de decesos Helvetia<\/a> para m\u00e1s informaci\u00f3n.<br \/>\n<div class=\"colorf \"  ><div class=\"container clearfix\"><div class=\"col-md-7\"><\/p>\n<h2><span class=\"ez-toc-section\" id=\"Seguro_de_decesos_Helvetia_en_Melilla\"><\/span>Seguro de decesos Helvetia en Melilla<span class=\"ez-toc-section-end\"><\/span><\/h2>\n<p>Te regalamos la informaci\u00f3n de poder conocer de d\u00f3nde dispones de cada oficina de <strong>Helvetia en Melilla<\/strong> result\u00e1ndote m\u00e1s c\u00f3modo, contando con las diferentes empresas del <a href=\"https:\/\/idecesos.com\/seguros\/ciudades\/melilla\/\"><strong>seguro decesos de Melilla<\/strong><\/a>. Deseamos que cuentes con la opci\u00f3n de poder obtener tu presupuesto de seguro cuando lo desees y f\u00e1cilmente como \u00fatil. Evit\u00e1ndote pasos innecesarios, en solo un segundo conseguir\u00e1s <strong>todos los datos esenciales y que precises.<\/strong><\/p>\n<p>La calidad que prestamos siempre es de las mas esenciales, teniendo en cuenta nuestras oficinas de Helvetia en Melilla, por ello hemos querido premiar a nuestros clientes del servicio con la obtenci\u00f3n de presupuesto en el momento. Asegur\u00e1ndote que es todo lo que estas buscando y con las caracter\u00edsticas fundamentales. \u00a0No vas a precisar ver un tutorial para rellenar el formulario, es m\u00e1s f\u00e1cil, que ir de compras. Obteniendo de esta forma la informaci\u00f3n pertinente. Jam\u00e1s hab\u00eda resultado tan sencillo buscarlo.<\/p>\n<p><\/div><\/div><\/div>\n\t\t<hr class=\"separador\">\n\t\t<div class=\"bloque-accion\">\n\t\t<p class=\"txt-accion\">Calcula el precio de tu seguro de decesos en menos de 1 minuto<\/p>\n\t\t<a class=\"btn-accion\" href=\"https:\/\/idecesos.com\/\">CALCULAR<\/a>\n\t\t<\/div>\n\t\t<hr class=\"separador\">\n\t\t<\/p>\n<h2><span class=\"ez-toc-section\" id=\"Mapa_de_oficinas_de_seguros_Helvetia_en_Melilla\"><\/span>Mapa de oficinas de seguros Helvetia en Melilla<span class=\"ez-toc-section-end\"><\/span><\/h2>\n<p>Ahora tienes a tu predisposici\u00f3n un mapa por cada Helvetia en Melilla como as\u00ed te incluimos el que puedas contar con el <strong>localizador de oficinas de Helvetia<\/strong> en Melilla. Hemos querido facilitarte este proceso de buscar, sabemos que resulta una perdida de tiempo buscar y no hallar lo que se busca. En menos de instante lo vas a tener a tu predisposici\u00f3n. Para una mejor ayuda o dudas, siempre y en toda circunstancia cuestionamos cuales son las mejores opciones alternativas a tu soluci\u00f3n.<\/p>\n<p><iframe class=\"page-generator-pro-map\" style=\"border: 0;\" src=\"https:\/\/www.google.com\/maps\/embed\/v1\/place?q=Av.+Reyes+Cat%C3%B3licos%2C+34%2C+52003+Melilla%2C+Espa%C3%B1a&amp;zoom=14&amp;maptype=roadmap&amp;key=AIzaSyCNTEOso0tZG6YMSJFoaJEY5Th1stEWrJI\" width=\"100%\" height=\"400\" frameborder=\"0\" allowfullscreen=\"allowfullscreen\"><\/iframe><\/p>\n<p>&nbsp;<br \/>\n<div class=\"colorf\"><div class=\"container clearfix\"><div class=\"col-md-7\"><div class=\"empresas\"><\/p>\n<h2><span class=\"ez-toc-section\" id=\"Listado_de_agencias_Helvetia_en_Melilla\"><\/span>Listado de agencias Helvetia en Melilla<span class=\"ez-toc-section-end\"><\/span><\/h2>\n<ul>\n<li><strong>Helvetia Previsi\u00f3n Melilla, Espa\u00f1a:<\/strong> Av. Reyes Cat\u00f3licos, 34, 52003 Melilla, Espa\u00f1a<\/li>\n<\/ul>\n<\/div><\/div><\/div><\/div>\n<h2><span class=\"ez-toc-section\" id=\"Agencias_de_seguros_de_decesos_en_Melilla\"><\/span>Agencias de seguros de decesos en Melilla<span class=\"ez-toc-section-end\"><\/span><\/h2>\n<p>\u00bfQuieres conocer el cat\u00e1logo de seguros de decesos en Melilla? te lo damos de manera sin coste y f\u00e1cil evit\u00e1ndote todas y cada una contrariedades que puedas llegar a tener. Vas a tener en mano la informaci\u00f3n de cada uno de los nombrados. No te quedes sin resolver tus dudas, con tan solo un click tendr\u00e1s todo cuanto necesitas saber. Te lo hemos puesto tan sencillo, que jam\u00e1s dudases de nuestro trabajo.<\/p>\n<!-- Shortcode [helvetia] does not exist -->\n<div class=\"colorf\"><div class=\"container clearfix\"><div class=\"col-md-7\"><div class=\"empresas\">\n<h3><span class=\"ez-toc-section\" id=\"Listado_de_oficinas_Helvetia_en_Espana\"><\/span>Listado de oficinas Helvetia en Espa\u00f1a<span class=\"ez-toc-section-end\"><\/span><\/h3>\n<div class=\"enlazado\"><ul><li><a href=\"https:\/\/idecesos.com\/seguros\/companias\/helvetia\/telefono\/\"><span>Atenci\u00f3n al cliente Helvetia: telefono gratuito, e-mail<\/span><\/a><\/li><li><a href=\"https:\/\/idecesos.com\/seguros\/companias\/helvetia\/coberturas\/\"><span>Coberturas Seguro de Decesos Helvetia<\/span><\/a><\/li><li><a href=\"https:\/\/idecesos.com\/seguros\/companias\/helvetia\/castellon\/\"><span>Oficinas Helvetia en Castell\u00f3n<\/span><\/a><\/li><li><a href=\"https:\/\/idecesos.com\/seguros\/companias\/helvetia\/cadiz\/\"><span>Oficinas Helvetia en C\u00e1diz<\/span><\/a><\/li><li><a href=\"https:\/\/idecesos.com\/seguros\/companias\/helvetia\/granada\/\"><span>Oficinas Helvetia en Granada<\/span><\/a><\/li><li><a href=\"https:\/\/idecesos.com\/seguros\/companias\/helvetia\/huelva\/\"><span>Oficinas Helvetia en Huelva<\/span><\/a><\/li><li><a href=\"https:\/\/idecesos.com\/seguros\/companias\/helvetia\/las-palmas\/\"><span>Oficinas Helvetia en Las palmas<\/span><\/a><\/li><li><a href=\"https:\/\/idecesos.com\/seguros\/companias\/helvetia\/leon\/\"><span>Oficinas Helvetia en Le\u00f3n<\/span><\/a><\/li><li><a href=\"https:\/\/idecesos.com\/seguros\/companias\/helvetia\/madrid\/\"><span>Oficinas Helvetia en Madrid<\/span><\/a><\/li><li><a href=\"https:\/\/idecesos.com\/seguros\/companias\/helvetia\/malaga\/\"><span>Oficinas Helvetia en M\u00e1laga<\/span><\/a><\/li><li><a href=\"https:\/\/idecesos.com\/seguros\/companias\/helvetia\/navarra\/\"><span>Oficinas Helvetia en Navarra<\/span><\/a><\/li><li><a href=\"https:\/\/idecesos.com\/seguros\/companias\/helvetia\/orense\/\"><span>Oficinas Helvetia en Orense<\/span><\/a><\/li><li><a href=\"https:\/\/idecesos.com\/seguros\/companias\/helvetia\/tenerife\/\"><span>Oficinas Helvetia en Tenerife<\/span><\/a><\/li><li><a href=\"https:\/\/idecesos.com\/seguros\/companias\/helvetia\/teruel\/\"><span>Oficinas Helvetia en Teruel<\/span><\/a><\/li><li><a href=\"https:\/\/idecesos.com\/seguros\/companias\/helvetia\/zaragoza\/\"><span>Oficinas Helvetia en Zaragoza<\/span><\/a><\/li><li><a href=\"https:\/\/idecesos.com\/seguros\/companias\/helvetia\/prima-nivelada\/\"><span>Seguro de decesos Helvetia Prima Nivelada<\/span><\/a><\/li><\/ul><\/div>\n<\/div><\/div><\/div><\/div>\n","protected":false},"excerpt":{"rendered":"<p>Gracias a nosotros vas a conocer la enorme variedad de locales de Helvetia en Melilla, donde solventaran cualquier fallo que pueda surgir o bien diferentes dudas en el momento de la tramitaci\u00f3n de tu p\u00f3liza. Adapt\u00e1ndote a los horarios marcador por cada uno de ellos. Siempre que depender\u00e1 de la oficina de seguro, es importante&hellip; <\/p>\n","protected":false},"author":1,"featured_media":0,"parent":652,"menu_order":0,"comment_status":"closed","ping_status":"closed","template":"page-templates\/companies.php","meta":{"footnotes":""},"class_list":["post-3090","page","type-page","status-publish","hentry"],"yoast_head":"<!-- This site is optimized with the Yoast SEO plugin v27.2 - https:\/\/yoast.com\/product\/yoast-seo-wordpress\/ -->\n<title>Oficinas Helvetia en Melilla | Tel\u00e9fonos, Horarios, Direcci\u00f3n<\/title>\n<meta name=\"description\" content=\"Lista completa de Oficinas Helvetia en Melilla Horarios, \u2706 tel\u00e9fonos y direcciones actualizados en 2026 \u2714 Verificado por iDecesos.\" \/>\n<meta name=\"robots\" content=\"index, follow, max-snippet:-1, max-image-preview:large, max-video-preview:-1\" \/>\n<link rel=\"canonical\" href=\"https:\/\/idecesos.com\/seguros\/companias\/helvetia\/melilla\/\" \/>\n<meta property=\"og:locale\" content=\"es_ES\" \/>\n<meta property=\"og:type\" content=\"article\" \/>\n<meta property=\"og:title\" content=\"Oficinas Helvetia en Melilla | Tel\u00e9fonos, Horarios, Direcci\u00f3n\" \/>\n<meta property=\"og:description\" content=\"Lista completa de Oficinas Helvetia en Melilla Horarios, \u2706 tel\u00e9fonos y direcciones actualizados en 2026 \u2714 Verificado por iDecesos.\" \/>\n<meta property=\"og:url\" content=\"https:\/\/idecesos.com\/seguros\/companias\/helvetia\/melilla\/\" \/>\n<meta property=\"article:modified_time\" content=\"2021-08-27T17:35:07+00:00\" \/>\n<meta property=\"og:image\" content=\"https:\/\/idecesos.com\/img\/decesos_helvetia.png\" \/>\n<meta name=\"twitter:card\" content=\"summary_large_image\" \/>\n<meta name=\"twitter:label1\" content=\"Tiempo de lectura\" \/>\n\t<meta name=\"twitter:data1\" content=\"39 minutos\" \/>\n<script type=\"application\/ld+json\" class=\"yoast-schema-graph\">{\"@context\":\"https:\/\/schema.org\",\"@graph\":[{\"@type\":\"WebPage\",\"@id\":\"https:\/\/idecesos.com\/seguros\/companias\/helvetia\/melilla\/\",\"url\":\"https:\/\/idecesos.com\/seguros\/companias\/helvetia\/melilla\/\",\"name\":\"Oficinas Helvetia en Melilla | Tel\u00e9fonos, Horarios, Direcci\u00f3n\",\"isPartOf\":{\"@id\":\"https:\/\/idecesos.com\/seguros\/#website\"},\"primaryImageOfPage\":{\"@id\":\"https:\/\/idecesos.com\/seguros\/companias\/helvetia\/melilla\/#primaryimage\"},\"image\":{\"@id\":\"https:\/\/idecesos.com\/seguros\/companias\/helvetia\/melilla\/#primaryimage\"},\"thumbnailUrl\":\"https:\/\/idecesos.com\/img\/decesos_helvetia.png\",\"datePublished\":\"2021-08-26T07:22:36+00:00\",\"dateModified\":\"2021-08-27T17:35:07+00:00\",\"description\":\"Lista completa de Oficinas Helvetia en Melilla Horarios, \u2706 tel\u00e9fonos y direcciones actualizados en 2026 \u2714 Verificado por iDecesos.\",\"breadcrumb\":{\"@id\":\"https:\/\/idecesos.com\/seguros\/companias\/helvetia\/melilla\/#breadcrumb\"},\"inLanguage\":\"es\",\"potentialAction\":[{\"@type\":\"ReadAction\",\"target\":[\"https:\/\/idecesos.com\/seguros\/companias\/helvetia\/melilla\/\"]}]},{\"@type\":\"ImageObject\",\"inLanguage\":\"es\",\"@id\":\"https:\/\/idecesos.com\/seguros\/companias\/helvetia\/melilla\/#primaryimage\",\"url\":\"https:\/\/idecesos.com\/img\/decesos_helvetia.png\",\"contentUrl\":\"https:\/\/idecesos.com\/img\/decesos_helvetia.png\"},{\"@type\":\"BreadcrumbList\",\"@id\":\"https:\/\/idecesos.com\/seguros\/companias\/helvetia\/melilla\/#breadcrumb\",\"itemListElement\":[{\"@type\":\"ListItem\",\"position\":1,\"name\":\"Portada\",\"item\":\"https:\/\/idecesos.com\/seguros\/\"},{\"@type\":\"ListItem\",\"position\":2,\"name\":\"Compa\u00f1\u00edas de Seguros de Decesos en Espa\u00f1a\",\"item\":\"https:\/\/idecesos.com\/seguros\/companias\/\"},{\"@type\":\"ListItem\",\"position\":3,\"name\":\"Seguro de Decesos Helvetia\",\"item\":\"https:\/\/idecesos.com\/seguros\/companias\/helvetia\/\"},{\"@type\":\"ListItem\",\"position\":4,\"name\":\"Oficinas Helvetia en Melilla\"}]},{\"@type\":\"WebSite\",\"@id\":\"https:\/\/idecesos.com\/seguros\/#website\",\"url\":\"https:\/\/idecesos.com\/seguros\/\",\"name\":\"\",\"description\":\"\",\"potentialAction\":[{\"@type\":\"SearchAction\",\"target\":{\"@type\":\"EntryPoint\",\"urlTemplate\":\"https:\/\/idecesos.com\/seguros\/?s={search_term_string}\"},\"query-input\":{\"@type\":\"PropertyValueSpecification\",\"valueRequired\":true,\"valueName\":\"search_term_string\"}}],\"inLanguage\":\"es\"}]}<\/script>\n<!-- \/ Yoast SEO plugin. -->","yoast_head_json":{"title":"Oficinas Helvetia en Melilla | Tel\u00e9fonos, Horarios, Direcci\u00f3n","description":"Lista completa de Oficinas Helvetia en Melilla Horarios, \u2706 tel\u00e9fonos y direcciones actualizados en 2026 \u2714 Verificado por iDecesos.","robots":{"index":"index","follow":"follow","max-snippet":"max-snippet:-1","max-image-preview":"max-image-preview:large","max-video-preview":"max-video-preview:-1"},"canonical":"https:\/\/idecesos.com\/seguros\/companias\/helvetia\/melilla\/","og_locale":"es_ES","og_type":"article","og_title":"Oficinas Helvetia en Melilla | Tel\u00e9fonos, Horarios, Direcci\u00f3n","og_description":"Lista completa de Oficinas Helvetia en Melilla Horarios, \u2706 tel\u00e9fonos y direcciones actualizados en 2026 \u2714 Verificado por iDecesos.","og_url":"https:\/\/idecesos.com\/seguros\/companias\/helvetia\/melilla\/","article_modified_time":"2021-08-27T17:35:07+00:00","og_image":[{"url":"https:\/\/idecesos.com\/img\/decesos_helvetia.png","type":"","width":"","height":""}],"twitter_card":"summary_large_image","twitter_misc":{"Tiempo de lectura":"39 minutos"},"schema":{"@context":"https:\/\/schema.org","@graph":[{"@type":"WebPage","@id":"https:\/\/idecesos.com\/seguros\/companias\/helvetia\/melilla\/","url":"https:\/\/idecesos.com\/seguros\/companias\/helvetia\/melilla\/","name":"Oficinas Helvetia en Melilla | Tel\u00e9fonos, Horarios, Direcci\u00f3n","isPartOf":{"@id":"https:\/\/idecesos.com\/seguros\/#website"},"primaryImageOfPage":{"@id":"https:\/\/idecesos.com\/seguros\/companias\/helvetia\/melilla\/#primaryimage"},"image":{"@id":"https:\/\/idecesos.com\/seguros\/companias\/helvetia\/melilla\/#primaryimage"},"thumbnailUrl":"https:\/\/idecesos.com\/img\/decesos_helvetia.png","datePublished":"2021-08-26T07:22:36+00:00","dateModified":"2021-08-27T17:35:07+00:00","description":"Lista completa de Oficinas Helvetia en Melilla Horarios, \u2706 tel\u00e9fonos y direcciones actualizados en 2026 \u2714 Verificado por iDecesos.","breadcrumb":{"@id":"https:\/\/idecesos.com\/seguros\/companias\/helvetia\/melilla\/#breadcrumb"},"inLanguage":"es","potentialAction":[{"@type":"ReadAction","target":["https:\/\/idecesos.com\/seguros\/companias\/helvetia\/melilla\/"]}]},{"@type":"ImageObject","inLanguage":"es","@id":"https:\/\/idecesos.com\/seguros\/companias\/helvetia\/melilla\/#primaryimage","url":"https:\/\/idecesos.com\/img\/decesos_helvetia.png","contentUrl":"https:\/\/idecesos.com\/img\/decesos_helvetia.png"},{"@type":"BreadcrumbList","@id":"https:\/\/idecesos.com\/seguros\/companias\/helvetia\/melilla\/#breadcrumb","itemListElement":[{"@type":"ListItem","position":1,"name":"Portada","item":"https:\/\/idecesos.com\/seguros\/"},{"@type":"ListItem","position":2,"name":"Compa\u00f1\u00edas de Seguros de Decesos en Espa\u00f1a","item":"https:\/\/idecesos.com\/seguros\/companias\/"},{"@type":"ListItem","position":3,"name":"Seguro de Decesos Helvetia","item":"https:\/\/idecesos.com\/seguros\/companias\/helvetia\/"},{"@type":"ListItem","position":4,"name":"Oficinas Helvetia en Melilla"}]},{"@type":"WebSite","@id":"https:\/\/idecesos.com\/seguros\/#website","url":"https:\/\/idecesos.com\/seguros\/","name":"","description":"","potentialAction":[{"@type":"SearchAction","target":{"@type":"EntryPoint","urlTemplate":"https:\/\/idecesos.com\/seguros\/?s={search_term_string}"},"query-input":{"@type":"PropertyValueSpecification","valueRequired":true,"valueName":"search_term_string"}}],"inLanguage":"es"}]}},"_links":{"self":[{"href":"https:\/\/idecesos.com\/seguros\/wp-json\/wp\/v2\/pages\/3090","targetHints":{"allow":["GET"]}}],"collection":[{"href":"https:\/\/idecesos.com\/seguros\/wp-json\/wp\/v2\/pages"}],"about":[{"href":"https:\/\/idecesos.com\/seguros\/wp-json\/wp\/v2\/types\/page"}],"author":[{"embeddable":true,"href":"https:\/\/idecesos.com\/seguros\/wp-json\/wp\/v2\/users\/1"}],"replies":[{"embeddable":true,"href":"https:\/\/idecesos.com\/seguros\/wp-json\/wp\/v2\/comments?post=3090"}],"version-history":[{"count":6,"href":"https:\/\/idecesos.com\/seguros\/wp-json\/wp\/v2\/pages\/3090\/revisions"}],"predecessor-version":[{"id":3748,"href":"https:\/\/idecesos.com\/seguros\/wp-json\/wp\/v2\/pages\/3090\/revisions\/3748"}],"up":[{"embeddable":true,"href":"https:\/\/idecesos.com\/seguros\/wp-json\/wp\/v2\/pages\/652"}],"wp:attachment":[{"href":"https:\/\/idecesos.com\/seguros\/wp-json\/wp\/v2\/media?parent=3090"}],"curies":[{"name":"wp","href":"https:\/\/api.w.org\/{rel}","templated":true}]}}