{"id":3091,"date":"2021-08-26T10:06:53","date_gmt":"2021-08-26T07:22:36","guid":{"rendered":"https:\/\/idecesos.com\/seguros\/companias\/helvetia\/murcia\/"},"modified":"2021-11-08T17:06:25","modified_gmt":"2021-11-08T17:06:25","slug":"murcia","status":"publish","type":"page","link":"https:\/\/idecesos.com\/seguros\/companias\/helvetia\/murcia\/","title":{"rendered":"Oficinas Helvetia en Murcia"},"content":{"rendered":"<div id=\"ez-toc-container\" class=\"ez-toc-v2_0_82_2 ez-toc-wrap-center counter-hierarchy ez-toc-counter ez-toc-custom ez-toc-container-direction\">\n<div class=\"ez-toc-title-container\">\n<p class=\"ez-toc-title\" style=\"cursor:inherit\">Tabla de Contenido<\/p>\n<span class=\"ez-toc-title-toggle\"><a href=\"#\" class=\"ez-toc-pull-right ez-toc-btn ez-toc-btn-xs ez-toc-btn-default ez-toc-toggle\" aria-label=\"Alternar tabla de contenidos\"><span class=\"ez-toc-js-icon-con\"><span class=\"\"><span class=\"eztoc-hide\" style=\"display:none;\">Toggle<\/span><span class=\"ez-toc-icon-toggle-span\"><svg style=\"fill: #db6415;color:#db6415\" xmlns=\"http:\/\/www.w3.org\/2000\/svg\" class=\"list-377408\" width=\"20px\" height=\"20px\" viewBox=\"0 0 24 24\" fill=\"none\"><path d=\"M6 6H4v2h2V6zm14 0H8v2h12V6zM4 11h2v2H4v-2zm16 0H8v2h12v-2zM4 16h2v2H4v-2zm16 0H8v2h12v-2z\" fill=\"currentColor\"><\/path><\/svg><svg style=\"fill: #db6415;color:#db6415\" class=\"arrow-unsorted-368013\" xmlns=\"http:\/\/www.w3.org\/2000\/svg\" width=\"10px\" height=\"10px\" viewBox=\"0 0 24 24\" version=\"1.2\" baseProfile=\"tiny\"><path d=\"M18.2 9.3l-6.2-6.3-6.2 6.3c-.2.2-.3.4-.3.7s.1.5.3.7c.2.2.4.3.7.3h11c.3 0 .5-.1.7-.3.2-.2.3-.5.3-.7s-.1-.5-.3-.7zM5.8 14.7l6.2 6.3 6.2-6.3c.2-.2.3-.5.3-.7s-.1-.5-.3-.7c-.2-.2-.4-.3-.7-.3h-11c-.3 0-.5.1-.7.3-.2.2-.3.5-.3.7s.1.5.3.7z\"\/><\/svg><\/span><\/span><\/span><\/a><\/span><\/div>\n<nav><ul class='ez-toc-list ez-toc-list-level-1 ' ><li class='ez-toc-page-1 ez-toc-heading-level-2'><a class=\"ez-toc-link ez-toc-heading-1\" href=\"https:\/\/idecesos.com\/seguros\/companias\/helvetia\/murcia\/#Seguro_de_decesos_Helvetia_en_Murcia\" >Seguro de decesos Helvetia en Murcia<\/a><\/li><li class='ez-toc-page-1 ez-toc-heading-level-2'><a class=\"ez-toc-link ez-toc-heading-2\" href=\"https:\/\/idecesos.com\/seguros\/companias\/helvetia\/murcia\/#Mapa_de_agencias_de_seguros_Helvetia_en_Murcia\" >Mapa de agencias de seguros Helvetia en Murcia<\/a><\/li><li class='ez-toc-page-1 ez-toc-heading-level-2'><a class=\"ez-toc-link ez-toc-heading-3\" href=\"https:\/\/idecesos.com\/seguros\/companias\/helvetia\/murcia\/#Listado_de_agencias_Helvetia_en_Murcia\" >Listado de agencias Helvetia en Murcia<\/a><\/li><li class='ez-toc-page-1 ez-toc-heading-level-2'><a class=\"ez-toc-link ez-toc-heading-4\" href=\"https:\/\/idecesos.com\/seguros\/companias\/helvetia\/murcia\/#Oficinas_de_seguros_de_decesos_en_Murcia\" >Oficinas de seguros de decesos en Murcia<\/a><ul class='ez-toc-list-level-3' ><li class='ez-toc-heading-level-3'><a class=\"ez-toc-link ez-toc-heading-5\" href=\"https:\/\/idecesos.com\/seguros\/companias\/helvetia\/murcia\/#Listado_de_oficinas_Helvetia_en_Espana\" >Listado de oficinas Helvetia en Espa\u00f1a<\/a><\/li><\/ul><\/li><\/ul><\/nav><\/div>\n\n<p><a href=\"https:\/\/idecesos.com\/seguros\/companias\/ocaso\/\"><img decoding=\"async\" class=\"size-medium alignleft\" src=\"https:\/\/idecesos.com\/img\/decesos_helvetia.png\" alt=\"Seguro de decesos Helvetia\" \/><\/a>Cada ofina de Helvetia se encuentra en diferentes puntos, deseamos que dispongas de las diferentes oficinas de Helvetia en Murcia donde la calidad del servicio son las m\u00e1s resaltables y donde gestionaran toda la documentaci\u00f3n pertinente. Adem\u00e1s de que tengan experiencia es importante las cualidades que presenten para el campo, nos guie en todo instante de la manera correcta. Tan simple que nos tendr\u00e1s a tu alcance en todo momento, danto el mejor de los servicios. \u00bfD\u00f3nde hallar oficinas de Helvetia en Murcia? ahora mismo vas a poder saber si est\u00e1 en tu ratio, donde te aseguramos que llegues hasta el punto donde necesites.<\/p>\n<p>Hemos querido que sepas la ubicaci\u00f3n de las sucursales de Helvetia en Murcia en la cual nos comprometemos a que recibas en todo momento un servicio \u00fatil y r\u00e1pido, eludiendo los inconvenientes de no poder localizarlo en tu provincia. Gestionan tus cuestiones de manera instant\u00e1nea, con su p\u00f3liza le aseguran un servicio cualificado y especializado. \u00bfCu\u00e1l es el proceso m\u00e1s importante? el que sobresale de los dem\u00e1s ya que es uno de los m\u00e1s importantes es cada oficina de Helvetia en Murcia.<\/p>\n<p>Visita nuestra p\u00e1gina de <a href=\"https:\/\/idecesos.com\/seguros\/companias\/helvetia\/\">seguros de decesos Helvetia<\/a> para m\u00e1s informaci\u00f3n.<br \/>\n<div class=\"colorf \"  ><div class=\"container clearfix\"><div class=\"col-md-7\"><\/p>\n<h2><span class=\"ez-toc-section\" id=\"Seguro_de_decesos_Helvetia_en_Murcia\"><\/span>Seguro de decesos Helvetia en Murcia<span class=\"ez-toc-section-end\"><\/span><\/h2>\n<p>Prevenir los fallos que puedan ocasionar o surgir a lo largo de la administraci\u00f3n documentaria. Te encuentras en el lugar adecuado para cubrir tus necesidades y dejarlo todo previsto con nuestra p\u00f3liza de <a href=\"https:\/\/idecesos.com\/seguros\/ciudades\/murcia\/\">seguro de decesos en Murcia<\/a>. Adem\u00e1s, te damos esa calma de que nunca suceder\u00e1. Teniendo en cuenta que cubren sus deseos en la circunstancia que se encuentre. \u00bfCu\u00e1l es el fin de contar con un servicio de oficinas de Helvetia en Murcia? sin ir m\u00e1s lejos est\u00e1 ideado para que puedan solucionar los inconvenientes de forma presencial y que quede resuelto en el momento. Quedase cubierto todas y cada una de las dudas que tenga y quedado solventado sus problemas de forma m\u00e1s f\u00e1cil.<\/p>\n<p>Hemos creado un formulario, donde resolver\u00e1n todos tus problemas, evit\u00e1ndote contrariedades para la soluci\u00f3n del mismo. jam\u00e1s ha sido tan f\u00e1cil. No solamente te ayudase a saber lo que vas a liquidar, aprender\u00e1s a conocer los datos que vienen desglosado a la hora de pagar. Con esto aprendes a donde va tus pagos, sin sentirte enga\u00f1ado, y previni\u00e9ndote de cualquier fallo. Totalmente sin coste, adaptado a sus necesidades m\u00e1s complejas. Tan f\u00e1cil como acceder al presupuesto, evitando registros innecesarios. Te aseguramos la tranquilidad y la de los tuyos, por ellos te obsequiamos toda esta informaci\u00f3n.<\/p>\n<p><\/div><\/div><\/div>\n\t\t<hr class=\"separador\">\n\t\t<div class=\"bloque-accion\">\n\t\t<p class=\"txt-accion\">Calcula el precio de tu seguro de decesos en menos de 1 minuto<\/p>\n\t\t<a class=\"btn-accion\" href=\"https:\/\/idecesos.com\/\">CALCULAR<\/a>\n\t\t<\/div>\n\t\t<hr class=\"separador\">\n\t\t<\/p>\n<h2><span class=\"ez-toc-section\" id=\"Mapa_de_agencias_de_seguros_Helvetia_en_Murcia\"><\/span>Mapa de agencias de seguros Helvetia en Murcia<span class=\"ez-toc-section-end\"><\/span><\/h2>\n<p>Como puedes observar cuentas con un localizador de sucursales de Helvetia en Murcia con toda la informaci\u00f3n precisa , incluyendo de esta manera un mapa por cada Helvetia en Murcia. Sabemos lo importante que es poder contar en todo instante con buenos resultados, por esta raz\u00f3n en todos y cada busca quedase cubierto por calidad. En esta ocasi\u00f3n contaras que lo vas a tener al instante. Solucionar tus cuestiones o inconvenientes es nuestra dedicaci\u00f3n, mejorando tu servicio al cien por cien.<\/p>\n<p><iframe class=\"page-generator-pro-map\" style=\"border: 0;\" src=\"https:\/\/www.google.com\/maps\/embed\/v1\/place?q=C.+Sta.+Cruz%2C+10%2C+30640+Abanilla%2C+Murcia%2C+Espa%C3%B1a&amp;zoom=14&amp;maptype=roadmap&amp;key=AIzaSyCNTEOso0tZG6YMSJFoaJEY5Th1stEWrJI\" width=\"100%\" height=\"400\" frameborder=\"0\" allowfullscreen=\"allowfullscreen\"><\/iframe><\/p>\n<div class=\"colorf\"><div class=\"container clearfix\"><div class=\"col-md-7\"><div class=\"empresas\">\n<h2><span class=\"ez-toc-section\" id=\"Listado_de_agencias_Helvetia_en_Murcia\"><\/span>Listado de agencias Helvetia en Murcia<span class=\"ez-toc-section-end\"><\/span><\/h2>\n<ul>\n<li><strong>Helvetia Abanilla, Espa\u00f1a:<\/strong> C. Sta. Cruz, 10, 30640 Abanilla, Murcia, Espa\u00f1a<\/li>\n<\/ul>\n<\/div><\/div><\/div><\/div>\n<h2><span class=\"ez-toc-section\" id=\"Oficinas_de_seguros_de_decesos_en_Murcia\"><\/span>Oficinas de seguros de decesos en Murcia<span class=\"ez-toc-section-end\"><\/span><\/h2>\n<p>Te damos la soluci\u00f3n a tu rompederos de cabeza, te facilitamos un gran listado de seguros de decesos en Murcia, accediendo a el de forma veloz y f\u00e1cil. Contando con m\u00e1s cosas, te aportamos la informaci\u00f3n necesaria de los siguientes. \u00bfQu\u00e9 ocurre si doy click? Tendr\u00e1s a tu disposici\u00f3n las respuestas a sus inconvenientes. Te facilitamos como absolutamente nadie m\u00e1s lo hace en el mercado.<\/p>\n<!-- Shortcode [helvetia] does not exist -->\n<div class=\"colorf\"><div class=\"container clearfix\"><div class=\"col-md-7\"><div class=\"empresas\">\n<h3><span class=\"ez-toc-section\" id=\"Listado_de_oficinas_Helvetia_en_Espana\"><\/span>Listado de oficinas Helvetia en Espa\u00f1a<span class=\"ez-toc-section-end\"><\/span><\/h3>\n<div class=\"enlazado\"><ul><li><a href=\"https:\/\/idecesos.com\/seguros\/companias\/helvetia\/telefono\/\"><span>Atenci\u00f3n al cliente Helvetia: telefono gratuito, e-mail<\/span><\/a><\/li><li><a href=\"https:\/\/idecesos.com\/seguros\/companias\/helvetia\/coberturas\/\"><span>Coberturas Seguro de Decesos Helvetia<\/span><\/a><\/li><li><a href=\"https:\/\/idecesos.com\/seguros\/companias\/helvetia\/albacete\/\"><span>Oficinas Helvetia en Albacete<\/span><\/a><\/li><li><a href=\"https:\/\/idecesos.com\/seguros\/companias\/helvetia\/almeria\/\"><span>Oficinas Helvetia en Almer\u00eda<\/span><\/a><\/li><li><a href=\"https:\/\/idecesos.com\/seguros\/companias\/helvetia\/cordoba\/\"><span>Oficinas Helvetia en C\u00f3rdoba<\/span><\/a><\/li><li><a href=\"https:\/\/idecesos.com\/seguros\/companias\/helvetia\/granada\/\"><span>Oficinas Helvetia en Granada<\/span><\/a><\/li><li><a href=\"https:\/\/idecesos.com\/seguros\/companias\/helvetia\/guipuzcoa\/\"><span>Oficinas Helvetia en Guip\u00fazcoa<\/span><\/a><\/li><li><a href=\"https:\/\/idecesos.com\/seguros\/companias\/helvetia\/huesca\/\"><span>Oficinas Helvetia en Huesca<\/span><\/a><\/li><li><a href=\"https:\/\/idecesos.com\/seguros\/companias\/helvetia\/jaen\/\"><span>Oficinas Helvetia en Ja\u00e9n<\/span><\/a><\/li><li><a href=\"https:\/\/idecesos.com\/seguros\/companias\/helvetia\/melilla\/\"><span>Oficinas Helvetia en Melilla<\/span><\/a><\/li><li><a href=\"https:\/\/idecesos.com\/seguros\/companias\/helvetia\/pontevedra\/\"><span>Oficinas Helvetia en Pontevedra<\/span><\/a><\/li><li><a href=\"https:\/\/idecesos.com\/seguros\/companias\/helvetia\/tarragona\/\"><span>Oficinas Helvetia en Tarragona<\/span><\/a><\/li><li><a href=\"https:\/\/idecesos.com\/seguros\/companias\/helvetia\/tenerife\/\"><span>Oficinas Helvetia en Tenerife<\/span><\/a><\/li><li><a href=\"https:\/\/idecesos.com\/seguros\/companias\/helvetia\/prima-unica\/\"><span>Seguro de Decesos Helvetia Prima \u00danica<\/span><\/a><\/li><li><a href=\"https:\/\/idecesos.com\/seguros\/companias\/helvetia\/prima-mixta\/\"><span>Seguro de decesos Helvetia Prima Mixta<\/span><\/a><\/li><li><a href=\"https:\/\/idecesos.com\/seguros\/companias\/helvetia\/prima-nivelada\/\"><span>Seguro de decesos Helvetia Prima Nivelada<\/span><\/a><\/li><\/ul><\/div>\n<\/div><\/div><\/div><\/div>\n","protected":false},"excerpt":{"rendered":"<p>Cada ofina de Helvetia se encuentra en diferentes puntos, deseamos que dispongas de las diferentes oficinas de Helvetia en Murcia donde la calidad del servicio son las m\u00e1s resaltables y donde gestionaran toda la documentaci\u00f3n pertinente. Adem\u00e1s de que tengan experiencia es importante las cualidades que presenten para el campo, nos guie en todo instante&hellip; <\/p>\n","protected":false},"author":1,"featured_media":0,"parent":652,"menu_order":0,"comment_status":"closed","ping_status":"closed","template":"page-templates\/companies.php","meta":{"footnotes":""},"class_list":["post-3091","page","type-page","status-publish","hentry"],"yoast_head":"<!-- This site is optimized with the Yoast SEO plugin v27.5 - https:\/\/yoast.com\/product\/yoast-seo-wordpress\/ -->\n<title>Oficinas Helvetia en Murcia | Tel\u00e9fonos, Horarios, Direcci\u00f3n<\/title>\n<meta name=\"description\" content=\"Lista completa de Oficinas Helvetia en Murcia Horarios, \u2706 tel\u00e9fonos y direcciones actualizados en 2026 \u2714 Verificado por iDecesos.\" \/>\n<meta name=\"robots\" content=\"index, follow, max-snippet:-1, max-image-preview:large, max-video-preview:-1\" \/>\n<link rel=\"canonical\" href=\"https:\/\/idecesos.com\/seguros\/companias\/helvetia\/murcia\/\" \/>\n<meta property=\"og:locale\" content=\"es_ES\" \/>\n<meta property=\"og:type\" content=\"article\" \/>\n<meta property=\"og:title\" content=\"Oficinas Helvetia en Murcia | Tel\u00e9fonos, Horarios, Direcci\u00f3n\" \/>\n<meta property=\"og:description\" content=\"Lista completa de Oficinas Helvetia en Murcia Horarios, \u2706 tel\u00e9fonos y direcciones actualizados en 2026 \u2714 Verificado por iDecesos.\" \/>\n<meta property=\"og:url\" content=\"https:\/\/idecesos.com\/seguros\/companias\/helvetia\/murcia\/\" \/>\n<meta property=\"article:modified_time\" content=\"2021-11-08T17:06:25+00:00\" \/>\n<meta property=\"og:image\" content=\"https:\/\/idecesos.com\/img\/decesos_helvetia.png\" \/>\n<meta name=\"twitter:card\" content=\"summary_large_image\" \/>\n<meta name=\"twitter:label1\" content=\"Tiempo de lectura\" \/>\n\t<meta name=\"twitter:data1\" content=\"3 minutos\" \/>\n<script type=\"application\/ld+json\" class=\"yoast-schema-graph\">{\"@context\":\"https:\\\/\\\/schema.org\",\"@graph\":[{\"@type\":\"WebPage\",\"@id\":\"https:\\\/\\\/idecesos.com\\\/seguros\\\/companias\\\/helvetia\\\/murcia\\\/\",\"url\":\"https:\\\/\\\/idecesos.com\\\/seguros\\\/companias\\\/helvetia\\\/murcia\\\/\",\"name\":\"Oficinas Helvetia en Murcia | Tel\u00e9fonos, Horarios, Direcci\u00f3n\",\"isPartOf\":{\"@id\":\"https:\\\/\\\/idecesos.com\\\/seguros\\\/#website\"},\"primaryImageOfPage\":{\"@id\":\"https:\\\/\\\/idecesos.com\\\/seguros\\\/companias\\\/helvetia\\\/murcia\\\/#primaryimage\"},\"image\":{\"@id\":\"https:\\\/\\\/idecesos.com\\\/seguros\\\/companias\\\/helvetia\\\/murcia\\\/#primaryimage\"},\"thumbnailUrl\":\"https:\\\/\\\/idecesos.com\\\/img\\\/decesos_helvetia.png\",\"datePublished\":\"2021-08-26T07:22:36+00:00\",\"dateModified\":\"2021-11-08T17:06:25+00:00\",\"description\":\"Lista completa de Oficinas Helvetia en Murcia Horarios, \u2706 tel\u00e9fonos y direcciones actualizados en 2026 \u2714 Verificado por iDecesos.\",\"breadcrumb\":{\"@id\":\"https:\\\/\\\/idecesos.com\\\/seguros\\\/companias\\\/helvetia\\\/murcia\\\/#breadcrumb\"},\"inLanguage\":\"es\",\"potentialAction\":[{\"@type\":\"ReadAction\",\"target\":[\"https:\\\/\\\/idecesos.com\\\/seguros\\\/companias\\\/helvetia\\\/murcia\\\/\"]}]},{\"@type\":\"ImageObject\",\"inLanguage\":\"es\",\"@id\":\"https:\\\/\\\/idecesos.com\\\/seguros\\\/companias\\\/helvetia\\\/murcia\\\/#primaryimage\",\"url\":\"https:\\\/\\\/idecesos.com\\\/img\\\/decesos_helvetia.png\",\"contentUrl\":\"https:\\\/\\\/idecesos.com\\\/img\\\/decesos_helvetia.png\"},{\"@type\":\"BreadcrumbList\",\"@id\":\"https:\\\/\\\/idecesos.com\\\/seguros\\\/companias\\\/helvetia\\\/murcia\\\/#breadcrumb\",\"itemListElement\":[{\"@type\":\"ListItem\",\"position\":1,\"name\":\"Portada\",\"item\":\"https:\\\/\\\/idecesos.com\\\/seguros\\\/\"},{\"@type\":\"ListItem\",\"position\":2,\"name\":\"Compa\u00f1\u00edas de Seguros de Decesos en Espa\u00f1a\",\"item\":\"https:\\\/\\\/idecesos.com\\\/seguros\\\/companias\\\/\"},{\"@type\":\"ListItem\",\"position\":3,\"name\":\"Seguro de Decesos Helvetia\",\"item\":\"https:\\\/\\\/idecesos.com\\\/seguros\\\/companias\\\/helvetia\\\/\"},{\"@type\":\"ListItem\",\"position\":4,\"name\":\"Oficinas Helvetia en Murcia\"}]},{\"@type\":\"WebSite\",\"@id\":\"https:\\\/\\\/idecesos.com\\\/seguros\\\/#website\",\"url\":\"https:\\\/\\\/idecesos.com\\\/seguros\\\/\",\"name\":\"\",\"description\":\"\",\"potentialAction\":[{\"@type\":\"SearchAction\",\"target\":{\"@type\":\"EntryPoint\",\"urlTemplate\":\"https:\\\/\\\/idecesos.com\\\/seguros\\\/?s={search_term_string}\"},\"query-input\":{\"@type\":\"PropertyValueSpecification\",\"valueRequired\":true,\"valueName\":\"search_term_string\"}}],\"inLanguage\":\"es\"}]}<\/script>\n<!-- \/ Yoast SEO plugin. -->","yoast_head_json":{"title":"Oficinas Helvetia en Murcia | Tel\u00e9fonos, Horarios, Direcci\u00f3n","description":"Lista completa de Oficinas Helvetia en Murcia Horarios, \u2706 tel\u00e9fonos y direcciones actualizados en 2026 \u2714 Verificado por iDecesos.","robots":{"index":"index","follow":"follow","max-snippet":"max-snippet:-1","max-image-preview":"max-image-preview:large","max-video-preview":"max-video-preview:-1"},"canonical":"https:\/\/idecesos.com\/seguros\/companias\/helvetia\/murcia\/","og_locale":"es_ES","og_type":"article","og_title":"Oficinas Helvetia en Murcia | Tel\u00e9fonos, Horarios, Direcci\u00f3n","og_description":"Lista completa de Oficinas Helvetia en Murcia Horarios, \u2706 tel\u00e9fonos y direcciones actualizados en 2026 \u2714 Verificado por iDecesos.","og_url":"https:\/\/idecesos.com\/seguros\/companias\/helvetia\/murcia\/","article_modified_time":"2021-11-08T17:06:25+00:00","og_image":[{"url":"https:\/\/idecesos.com\/img\/decesos_helvetia.png","type":"","width":"","height":""}],"twitter_card":"summary_large_image","twitter_misc":{"Tiempo de lectura":"3 minutos"},"schema":{"@context":"https:\/\/schema.org","@graph":[{"@type":"WebPage","@id":"https:\/\/idecesos.com\/seguros\/companias\/helvetia\/murcia\/","url":"https:\/\/idecesos.com\/seguros\/companias\/helvetia\/murcia\/","name":"Oficinas Helvetia en Murcia | Tel\u00e9fonos, Horarios, Direcci\u00f3n","isPartOf":{"@id":"https:\/\/idecesos.com\/seguros\/#website"},"primaryImageOfPage":{"@id":"https:\/\/idecesos.com\/seguros\/companias\/helvetia\/murcia\/#primaryimage"},"image":{"@id":"https:\/\/idecesos.com\/seguros\/companias\/helvetia\/murcia\/#primaryimage"},"thumbnailUrl":"https:\/\/idecesos.com\/img\/decesos_helvetia.png","datePublished":"2021-08-26T07:22:36+00:00","dateModified":"2021-11-08T17:06:25+00:00","description":"Lista completa de Oficinas Helvetia en Murcia Horarios, \u2706 tel\u00e9fonos y direcciones actualizados en 2026 \u2714 Verificado por iDecesos.","breadcrumb":{"@id":"https:\/\/idecesos.com\/seguros\/companias\/helvetia\/murcia\/#breadcrumb"},"inLanguage":"es","potentialAction":[{"@type":"ReadAction","target":["https:\/\/idecesos.com\/seguros\/companias\/helvetia\/murcia\/"]}]},{"@type":"ImageObject","inLanguage":"es","@id":"https:\/\/idecesos.com\/seguros\/companias\/helvetia\/murcia\/#primaryimage","url":"https:\/\/idecesos.com\/img\/decesos_helvetia.png","contentUrl":"https:\/\/idecesos.com\/img\/decesos_helvetia.png"},{"@type":"BreadcrumbList","@id":"https:\/\/idecesos.com\/seguros\/companias\/helvetia\/murcia\/#breadcrumb","itemListElement":[{"@type":"ListItem","position":1,"name":"Portada","item":"https:\/\/idecesos.com\/seguros\/"},{"@type":"ListItem","position":2,"name":"Compa\u00f1\u00edas de Seguros de Decesos en Espa\u00f1a","item":"https:\/\/idecesos.com\/seguros\/companias\/"},{"@type":"ListItem","position":3,"name":"Seguro de Decesos Helvetia","item":"https:\/\/idecesos.com\/seguros\/companias\/helvetia\/"},{"@type":"ListItem","position":4,"name":"Oficinas Helvetia en Murcia"}]},{"@type":"WebSite","@id":"https:\/\/idecesos.com\/seguros\/#website","url":"https:\/\/idecesos.com\/seguros\/","name":"","description":"","potentialAction":[{"@type":"SearchAction","target":{"@type":"EntryPoint","urlTemplate":"https:\/\/idecesos.com\/seguros\/?s={search_term_string}"},"query-input":{"@type":"PropertyValueSpecification","valueRequired":true,"valueName":"search_term_string"}}],"inLanguage":"es"}]}},"_links":{"self":[{"href":"https:\/\/idecesos.com\/seguros\/wp-json\/wp\/v2\/pages\/3091","targetHints":{"allow":["GET"]}}],"collection":[{"href":"https:\/\/idecesos.com\/seguros\/wp-json\/wp\/v2\/pages"}],"about":[{"href":"https:\/\/idecesos.com\/seguros\/wp-json\/wp\/v2\/types\/page"}],"author":[{"embeddable":true,"href":"https:\/\/idecesos.com\/seguros\/wp-json\/wp\/v2\/users\/1"}],"replies":[{"embeddable":true,"href":"https:\/\/idecesos.com\/seguros\/wp-json\/wp\/v2\/comments?post=3091"}],"version-history":[{"count":9,"href":"https:\/\/idecesos.com\/seguros\/wp-json\/wp\/v2\/pages\/3091\/revisions"}],"predecessor-version":[{"id":13611,"href":"https:\/\/idecesos.com\/seguros\/wp-json\/wp\/v2\/pages\/3091\/revisions\/13611"}],"up":[{"embeddable":true,"href":"https:\/\/idecesos.com\/seguros\/wp-json\/wp\/v2\/pages\/652"}],"wp:attachment":[{"href":"https:\/\/idecesos.com\/seguros\/wp-json\/wp\/v2\/media?parent=3091"}],"curies":[{"name":"wp","href":"https:\/\/api.w.org\/{rel}","templated":true}]}}