{"id":312,"date":"2021-07-09T07:24:08","date_gmt":"2021-07-09T07:24:08","guid":{"rendered":"https:\/\/idecesos.com\/seguros\/?page_id=312"},"modified":"2022-03-30T10:53:25","modified_gmt":"2022-03-30T10:53:25","slug":"coberturas","status":"publish","type":"page","link":"https:\/\/idecesos.com\/seguros\/companias\/dkv\/coberturas\/","title":{"rendered":"Coberturas Seguro de Decesos DKV"},"content":{"rendered":"<div id=\"ez-toc-container\" class=\"ez-toc-v2_0_82_2 ez-toc-wrap-center counter-hierarchy ez-toc-counter ez-toc-custom ez-toc-container-direction\">\n<div class=\"ez-toc-title-container\">\n<p class=\"ez-toc-title\" style=\"cursor:inherit\">Tabla de Contenido<\/p>\n<span class=\"ez-toc-title-toggle\"><a href=\"#\" class=\"ez-toc-pull-right ez-toc-btn ez-toc-btn-xs ez-toc-btn-default ez-toc-toggle\" aria-label=\"Alternar tabla de contenidos\"><span class=\"ez-toc-js-icon-con\"><span class=\"\"><span class=\"eztoc-hide\" style=\"display:none;\">Toggle<\/span><span class=\"ez-toc-icon-toggle-span\"><svg style=\"fill: #db6415;color:#db6415\" xmlns=\"http:\/\/www.w3.org\/2000\/svg\" class=\"list-377408\" width=\"20px\" height=\"20px\" viewBox=\"0 0 24 24\" fill=\"none\"><path d=\"M6 6H4v2h2V6zm14 0H8v2h12V6zM4 11h2v2H4v-2zm16 0H8v2h12v-2zM4 16h2v2H4v-2zm16 0H8v2h12v-2z\" fill=\"currentColor\"><\/path><\/svg><svg style=\"fill: #db6415;color:#db6415\" class=\"arrow-unsorted-368013\" xmlns=\"http:\/\/www.w3.org\/2000\/svg\" width=\"10px\" height=\"10px\" viewBox=\"0 0 24 24\" version=\"1.2\" baseProfile=\"tiny\"><path d=\"M18.2 9.3l-6.2-6.3-6.2 6.3c-.2.2-.3.4-.3.7s.1.5.3.7c.2.2.4.3.7.3h11c.3 0 .5-.1.7-.3.2-.2.3-.5.3-.7s-.1-.5-.3-.7zM5.8 14.7l6.2 6.3 6.2-6.3c.2-.2.3-.5.3-.7s-.1-.5-.3-.7c-.2-.2-.4-.3-.7-.3h-11c-.3 0-.5.1-.7.3-.2.2-.3.5-.3.7s.1.5.3.7z\"\/><\/svg><\/span><\/span><\/span><\/a><\/span><\/div>\n<nav><ul class='ez-toc-list ez-toc-list-level-1 ' ><ul class='ez-toc-list-level-3' ><li class='ez-toc-heading-level-3'><a class=\"ez-toc-link ez-toc-heading-1\" href=\"https:\/\/idecesos.com\/seguros\/companias\/dkv\/coberturas\/#Modalidades_dentro_de_las_polizas\" >Modalidades dentro de las p\u00f3lizas<\/a><\/li><\/ul><\/li><li class='ez-toc-page-1 ez-toc-heading-level-2'><a class=\"ez-toc-link ez-toc-heading-2\" href=\"https:\/\/idecesos.com\/seguros\/companias\/dkv\/coberturas\/#Ventajas_de_contratar_un_seguro_de_decesos_DKV\" >Ventajas de contratar un seguro de decesos DKV<\/a><ul class='ez-toc-list-level-3' ><li class='ez-toc-heading-level-3'><a class=\"ez-toc-link ez-toc-heading-3\" href=\"https:\/\/idecesos.com\/seguros\/companias\/dkv\/coberturas\/#Paginas_relacionadas\" >P\u00e1ginas relacionadas<\/a><\/li><\/ul><\/li><\/ul><\/nav><\/div>\n\n<p>DKV Seguros es una compa\u00f1\u00eda aseguradora alemana<strong> creada hace m\u00e1s de 130 a\u00f1os<\/strong>. En Espa\u00f1a, tiene presencia desde el a\u00f1o 1998. Su sede central se sit\u00faa en Zaragoza, aunque tienen oficinas repartidas por todo el territorio espa\u00f1ol.<\/p>\n<p>Cuentan adem\u00e1s, con m\u00e1s de 2.000 empleados ofreciendo su mejor servicio de calidad a unos dos millones de clientes.<\/p>\n<p>Entre su oferta de seguros, ofrecen seguros de<strong> Salud, Dentales, de Accidentes, de Vida, de Hogar y Decesos.<\/strong><\/p>\n<p><strong>DKV <\/strong>es una aseguradora que ofrece todo tipo de seguros para ti y para tus familiares. Su seguro de decesos es conocido como <strong>DKV Protecci\u00f3n Familiar<\/strong> -altamente competitivo y lleno de garant\u00edas- y tiene el objetivo de proteger y acompa\u00f1ar a tu familia en todo momento con los mejores servicios funerarios (<strong>con elecci\u00f3n entre entierro o incineraci\u00f3n<\/strong>), el apoyo psicol\u00f3gico necesario y la repatriaci\u00f3n al pa\u00eds de origen. Adem\u00e1s, puedes disfrutar de una serie de <strong>coberturas adicionales<\/strong> que os exponemos m\u00e1s adelante.<\/p>\n<p>El precio de los seguros de decesos suele ir en funci\u00f3n de la <strong>edad del Asegurado y de las coberturas contratadas<\/strong>. En el caso de los seguros de decesos DKV, su precio ir\u00e1 desde <strong>\u00a11,8 euros al mes! <\/strong>Un precio bastante econ\u00f3mico respecto a las dem\u00e1s compa\u00f1\u00edas que puedes encontrarte en el mercado.<\/p>\n<p>Con el seguro <strong>Protecci\u00f3n Familiar<\/strong> contar\u00e1s con las mejores garant\u00edas. Adem\u00e1s, estar\u00e1s tranquilo al saber que depositas tu confianza en una de las mejores aseguradoras.<\/p>\n<p>El seguro de decesos DKV es altamente <strong>competitivo<\/strong> y cuenta con unas<strong> amplias garant\u00edas<\/strong>. En sus <strong>coberturas b\u00e1sicas<\/strong> encontramos:<\/p>\n<ul>\n<li>Prestaci\u00f3n del servicio funerario.<\/li>\n<li>Traslados.<\/li>\n<li>Repatriaci\u00f3n a tu pa\u00eds de origen.<\/li>\n<li>Asistencia telef\u00f3nica y jur\u00eddica. Un gestor acompa\u00f1ar\u00e1 a la familia en estos momentos tan duros. Tel\u00e9fono gratuito 24 horas, los 365 d\u00edas del a\u00f1o.<\/li>\n<li>Apoyo psicol\u00f3gico.<\/li>\n<li>Asistencia m\u00e9dica mundial. Gastos m\u00e9dicos, quir\u00fargicos, farmac\u00e9uticos y de hospitalizaci\u00f3n en el extranjero hasta 18.000 EUR.<\/li>\n<li>Borrador de la huella digital. Cancelaci\u00f3n de las cuentas de correo electr\u00f3nico del asegurado y solicitud de baja del difunto en las redes sociales o cambio a cuenta conmemorativa.<\/li>\n<li>Testamento online. Asistencia online para la confecci\u00f3n y dise\u00f1o de las \u00faltimas novedades mediante una herramienta que facilita DKV decesos en internet.<\/li>\n<li>Servicio de planificaci\u00f3n del funeral.<\/li>\n<\/ul>\n<p>En cuanto a sus <strong>servicios opcionales <\/strong>podemos encontrar:<\/p>\n<ul>\n<li>Prestaci\u00f3n para gastos excepcionales.<\/li>\n<li>Cobertura en accidentes.<\/li>\n<li>Asistencia mundial complementaria.<\/li>\n<li>Hospitalizaci\u00f3n.<\/li>\n<li>Servicios de salud y bienestar. Paquete ServiPlus.<\/li>\n<li>Accidente dental grave.<\/li>\n<li>L\u00edneas m\u00e9dicas telef\u00f3nicas.<\/li>\n<li>Chat m\u00e9dico las 24 horas.<\/li>\n<\/ul>\n<p>Y por \u00faltimo, las <strong>coberturas adicionales<\/strong> son:<\/p>\n<p><strong>Asistencia Senior:<\/strong> atenci\u00f3n domiciliaria para personas que deban estar inmovilizadas (m\u00e1s de 7 d\u00edas) y descuentos en extracci\u00f3n de ADN con fines preventivos y terap\u00e9uticos.<\/p>\n<p><strong>Asistencia Junior: <\/strong>apoyo pedag\u00f3gico a domicilio o en centro hospitalario para ni\u00f1os y adolescentes de 6 a 16 a\u00f1os.<\/p>\n<p><strong>Protecci\u00f3n legal familiar: <\/strong>consulta jur\u00eddica en reclamaci\u00f3n de da\u00f1os y defensa legal<\/p>\n<p><strong>Asistencia integral mascotas<\/strong>: asesoramiento gratuito telef\u00f3nico sobre perros y gatos. Incluye la gesti\u00f3n de decesos de tu mascota hasta 250 euros.<\/p>\n<h3><span class=\"ez-toc-section\" id=\"Modalidades_dentro_de_las_polizas\"><\/span>Modalidades dentro de las p\u00f3lizas<span class=\"ez-toc-section-end\"><\/span><\/h3>\n<p>En cuanto a las p\u00f3lizas nos encontramos con <strong>varias modalidades<\/strong> de pagos en los seguros de decesos. En este caso son 4: <strong>prima natural, seminatural, nivelada y \u00fanica.<\/strong><\/p>\n<p><strong>Prima Natural:<\/strong> En la prima natural, la cuota se va renovando a\u00f1o tras a\u00f1o. A partir de los 71 a\u00f1os ser\u00e1 fija con revalorizaci\u00f3n anual.<\/p>\n<p><strong>Prima Seminatural:<\/strong> En la prima seminatural, el pago de la p\u00f3liza se ajustar\u00e1 cada 5 a\u00f1os. A partir de los 67 a\u00f1os, se convertir\u00e1 en una prima nivelada con revalorizaci\u00f3n fija anual.<\/p>\n<p><strong>Prima Nivelada<\/strong>: Contratable hasta los 70 a\u00f1os. La prima nivelada, permanecer\u00e1 estable y constante durante el tiempo de vigencia del contrato salvo por subidas del precio de los servicios contratados.<\/p>\n<p><strong>Prima \u00danica:<\/strong> La prima \u00fanica, para personas mayores de 70 a\u00f1os que no hayan contratado nunca una p\u00f3liza de decesos. El pago ser\u00e1 \u00fanico.<\/p>\n<h2><span class=\"ez-toc-section\" id=\"Ventajas_de_contratar_un_seguro_de_decesos_DKV\"><\/span>Ventajas de contratar un seguro de decesos DKV<span class=\"ez-toc-section-end\"><\/span><\/h2>\n<p><strong>El seguro de decesos DKV<\/strong> es un seguro adaptado a tus necesidades. En DKV se encargan de <strong>ajustar el precio<\/strong> de tu prima en funci\u00f3n de tu situaci\u00f3n y de tu edad. As\u00ed, podr\u00e1s elegir la modalidad que m\u00e1s se ajuste a ti.<\/p>\n<p>Contar\u00e1s con un gran apoyo est\u00e9s donde est\u00e9s. Contamos con los mejores psicol\u00f3gicos especialistas en duelo para ofrecerte el <strong>mejor servicio personalizado.<\/strong><\/p>\n<p>Adem\u00e1s, no queremos que pierdas m\u00e1s el tiempo. Un gestor se encargar\u00e1 de realizar todos los tr\u00e1mites para que no te preocupes por nada en esos momentos tan dolorosos.<\/p>\n<p>Y por \u00faltimo, podr\u00e1s contar con toda la atenci\u00f3n personalizada las<strong> 24 horas, los 365 d\u00edas al a\u00f1o.<\/strong><\/p>\n<p>Tras una encuesta, el <strong>85% de los clientes<\/strong> aseguran que el seguro de decesos <strong>DKV<\/strong> da una atenci\u00f3n <strong>muy familiar<\/strong>, facilitando el proceso de la gesti\u00f3n que se tiene que llevar a cabo en la situaci\u00f3n del fallecimiento. Cubren todos los servicios de la manera m\u00e1s completa posible.<\/p>\n<p>Cada encuestado lo ha valorado como <strong>uno de los mejores seguros del mercado. <\/strong>Sus clientes afirman que cumplen sus objetivos y est\u00e1n <strong>muy contentos <\/strong>con la calidad del servicio que les brindan al contar con unas garant\u00edas extraordinarias <strong>desde el primer momento hasta el final. <\/strong>Adem\u00e1s, afirman haber mejorado su<strong> atenci\u00f3n al cliente <\/strong>con respecto a a\u00f1os anteriores.<\/p>\n<p>La<strong> Organizaci\u00f3n de Consumidores y Usuarios (OCU) <\/strong>afirma que solo <strong>m\u00e1s del<\/strong> <strong>20% suelen ser fieles a su compa\u00f1\u00eda de seguro.<\/strong> Sin embargo, son <strong>m\u00e1s del 30% los clientes fieles pertenecientes al seguro de decesos DKV.<\/strong><\/p>\n<p><strong>DKV <\/strong>es una de las aseguradoras que venden sus productos a un <strong>precio bastante econ\u00f3mico en el momento de la contrataci\u00f3n. <\/strong>Por ello <strong>han aumentado en contrataciones y han mejorado como aseguradora. <\/strong><\/p>\n<h3><span class=\"ez-toc-section\" id=\"Paginas_relacionadas\"><\/span>P\u00e1ginas relacionadas<span class=\"ez-toc-section-end\"><\/span><\/h3><div class=\"enlazado\"><ul> <li><a href=\"https:\/\/idecesos.com\/seguros\/companias\/dkv\/coberturas\/\">Coberturas Seguro de Decesos DKV<\/a><\/li> <li><a href=\"https:\/\/idecesos.com\/seguros\/companias\/dkv\/opiniones\/\">Opiniones DKV<\/a><\/li> <li><a href=\"https:\/\/idecesos.com\/seguros\/companias\/dkv\/precio\/\">Precio seguro DKV<\/a><\/li> <li><a href=\"https:\/\/idecesos.com\/seguros\/companias\/dkv\/prima-mixta\/\">DKV Prima Mixta<\/a><\/li> <li><a href=\"https:\/\/idecesos.com\/seguros\/companias\/dkv\/prima-natural\/\">DKV Prima Natural<\/a><\/li> <li><a href=\"https:\/\/idecesos.com\/seguros\/companias\/dkv\/prima-nivelada\/\">DKV Prima Nivelada<\/a><\/li> <li><a href=\"https:\/\/idecesos.com\/seguros\/companias\/dkv\/prima-unica\/\">DKV Prima \u00danica<\/a><\/li> <li><a href=\"https:\/\/idecesos.com\/seguros\/companias\/dkv\/repatriacion\/\">DKV Repatriaci\u00f3n<\/a><\/li> <li><a href=\"https:\/\/idecesos.com\/seguros\/companias\/dkv\/telefono\/\">Tel\u00e9fono Gratuito DKV<\/a><\/li><\/ul><\/div>\n","protected":false},"excerpt":{"rendered":"<p>DKV Seguros es una compa\u00f1\u00eda aseguradora alemana creada hace m\u00e1s de 130 a\u00f1os. En Espa\u00f1a, tiene presencia desde el a\u00f1o 1998. Su sede central se sit\u00faa en Zaragoza, aunque tienen oficinas repartidas por todo el territorio espa\u00f1ol. Cuentan adem\u00e1s, con m\u00e1s de 2.000 empleados ofreciendo su mejor servicio de calidad a unos dos millones de&hellip; <\/p>\n","protected":false},"author":2,"featured_media":0,"parent":310,"menu_order":0,"comment_status":"open","ping_status":"closed","template":"single.php","meta":{"footnotes":""},"class_list":["post-312","page","type-page","status-publish","hentry"],"yoast_head":"<!-- This site is optimized with the Yoast SEO plugin v27.3 - https:\/\/yoast.com\/product\/yoast-seo-wordpress\/ -->\n<title>Coberturas Seguro de Decesos DKV | Gu\u00eda 2026<\/title>\n<meta name=\"description\" content=\"Consulta gratis las coberturas y servicios del Seguro de Decesos DKV Informaci\u00f3n actualizada en 2026. Coberturas verificadas por iDecesos.\" \/>\n<meta name=\"robots\" content=\"index, follow, max-snippet:-1, max-image-preview:large, max-video-preview:-1\" \/>\n<link rel=\"canonical\" href=\"https:\/\/idecesos.com\/seguros\/companias\/dkv\/coberturas\/\" \/>\n<meta property=\"og:locale\" content=\"es_ES\" \/>\n<meta property=\"og:type\" content=\"article\" \/>\n<meta property=\"og:title\" content=\"Coberturas Seguro de Decesos DKV | Gu\u00eda 2026\" \/>\n<meta property=\"og:description\" content=\"Consulta gratis las coberturas y servicios del Seguro de Decesos DKV Informaci\u00f3n actualizada en 2026. Coberturas verificadas por iDecesos.\" \/>\n<meta property=\"og:url\" content=\"https:\/\/idecesos.com\/seguros\/companias\/dkv\/coberturas\/\" \/>\n<meta property=\"article:modified_time\" content=\"2022-03-30T10:53:25+00:00\" \/>\n<meta name=\"twitter:card\" content=\"summary_large_image\" \/>\n<meta name=\"twitter:label1\" content=\"Tiempo de lectura\" \/>\n\t<meta name=\"twitter:data1\" content=\"5 minutos\" \/>\n<script type=\"application\/ld+json\" class=\"yoast-schema-graph\">{\"@context\":\"https:\\\/\\\/schema.org\",\"@graph\":[{\"@type\":\"WebPage\",\"@id\":\"https:\\\/\\\/idecesos.com\\\/seguros\\\/companias\\\/dkv\\\/coberturas\\\/\",\"url\":\"https:\\\/\\\/idecesos.com\\\/seguros\\\/companias\\\/dkv\\\/coberturas\\\/\",\"name\":\"Coberturas Seguro de Decesos DKV | Gu\u00eda 2026\",\"isPartOf\":{\"@id\":\"https:\\\/\\\/idecesos.com\\\/seguros\\\/#website\"},\"datePublished\":\"2021-07-09T07:24:08+00:00\",\"dateModified\":\"2022-03-30T10:53:25+00:00\",\"description\":\"Consulta gratis las coberturas y servicios del Seguro de Decesos DKV Informaci\u00f3n actualizada en 2026. Coberturas verificadas por iDecesos.\",\"breadcrumb\":{\"@id\":\"https:\\\/\\\/idecesos.com\\\/seguros\\\/companias\\\/dkv\\\/coberturas\\\/#breadcrumb\"},\"inLanguage\":\"es\",\"potentialAction\":[{\"@type\":\"ReadAction\",\"target\":[\"https:\\\/\\\/idecesos.com\\\/seguros\\\/companias\\\/dkv\\\/coberturas\\\/\"]}]},{\"@type\":\"BreadcrumbList\",\"@id\":\"https:\\\/\\\/idecesos.com\\\/seguros\\\/companias\\\/dkv\\\/coberturas\\\/#breadcrumb\",\"itemListElement\":[{\"@type\":\"ListItem\",\"position\":1,\"name\":\"Portada\",\"item\":\"https:\\\/\\\/idecesos.com\\\/seguros\\\/\"},{\"@type\":\"ListItem\",\"position\":2,\"name\":\"Compa\u00f1\u00edas de Seguros de Decesos en Espa\u00f1a\",\"item\":\"https:\\\/\\\/idecesos.com\\\/seguros\\\/companias\\\/\"},{\"@type\":\"ListItem\",\"position\":3,\"name\":\"Seguro de Decesos DKV\",\"item\":\"https:\\\/\\\/idecesos.com\\\/seguros\\\/companias\\\/dkv\\\/\"},{\"@type\":\"ListItem\",\"position\":4,\"name\":\"Coberturas Seguro de Decesos DKV\"}]},{\"@type\":\"WebSite\",\"@id\":\"https:\\\/\\\/idecesos.com\\\/seguros\\\/#website\",\"url\":\"https:\\\/\\\/idecesos.com\\\/seguros\\\/\",\"name\":\"\",\"description\":\"\",\"potentialAction\":[{\"@type\":\"SearchAction\",\"target\":{\"@type\":\"EntryPoint\",\"urlTemplate\":\"https:\\\/\\\/idecesos.com\\\/seguros\\\/?s={search_term_string}\"},\"query-input\":{\"@type\":\"PropertyValueSpecification\",\"valueRequired\":true,\"valueName\":\"search_term_string\"}}],\"inLanguage\":\"es\"}]}<\/script>\n<!-- \/ Yoast SEO plugin. -->","yoast_head_json":{"title":"Coberturas Seguro de Decesos DKV | Gu\u00eda 2026","description":"Consulta gratis las coberturas y servicios del Seguro de Decesos DKV Informaci\u00f3n actualizada en 2026. Coberturas verificadas por iDecesos.","robots":{"index":"index","follow":"follow","max-snippet":"max-snippet:-1","max-image-preview":"max-image-preview:large","max-video-preview":"max-video-preview:-1"},"canonical":"https:\/\/idecesos.com\/seguros\/companias\/dkv\/coberturas\/","og_locale":"es_ES","og_type":"article","og_title":"Coberturas Seguro de Decesos DKV | Gu\u00eda 2026","og_description":"Consulta gratis las coberturas y servicios del Seguro de Decesos DKV Informaci\u00f3n actualizada en 2026. Coberturas verificadas por iDecesos.","og_url":"https:\/\/idecesos.com\/seguros\/companias\/dkv\/coberturas\/","article_modified_time":"2022-03-30T10:53:25+00:00","twitter_card":"summary_large_image","twitter_misc":{"Tiempo de lectura":"5 minutos"},"schema":{"@context":"https:\/\/schema.org","@graph":[{"@type":"WebPage","@id":"https:\/\/idecesos.com\/seguros\/companias\/dkv\/coberturas\/","url":"https:\/\/idecesos.com\/seguros\/companias\/dkv\/coberturas\/","name":"Coberturas Seguro de Decesos DKV | Gu\u00eda 2026","isPartOf":{"@id":"https:\/\/idecesos.com\/seguros\/#website"},"datePublished":"2021-07-09T07:24:08+00:00","dateModified":"2022-03-30T10:53:25+00:00","description":"Consulta gratis las coberturas y servicios del Seguro de Decesos DKV Informaci\u00f3n actualizada en 2026. Coberturas verificadas por iDecesos.","breadcrumb":{"@id":"https:\/\/idecesos.com\/seguros\/companias\/dkv\/coberturas\/#breadcrumb"},"inLanguage":"es","potentialAction":[{"@type":"ReadAction","target":["https:\/\/idecesos.com\/seguros\/companias\/dkv\/coberturas\/"]}]},{"@type":"BreadcrumbList","@id":"https:\/\/idecesos.com\/seguros\/companias\/dkv\/coberturas\/#breadcrumb","itemListElement":[{"@type":"ListItem","position":1,"name":"Portada","item":"https:\/\/idecesos.com\/seguros\/"},{"@type":"ListItem","position":2,"name":"Compa\u00f1\u00edas de Seguros de Decesos en Espa\u00f1a","item":"https:\/\/idecesos.com\/seguros\/companias\/"},{"@type":"ListItem","position":3,"name":"Seguro de Decesos DKV","item":"https:\/\/idecesos.com\/seguros\/companias\/dkv\/"},{"@type":"ListItem","position":4,"name":"Coberturas Seguro de Decesos DKV"}]},{"@type":"WebSite","@id":"https:\/\/idecesos.com\/seguros\/#website","url":"https:\/\/idecesos.com\/seguros\/","name":"","description":"","potentialAction":[{"@type":"SearchAction","target":{"@type":"EntryPoint","urlTemplate":"https:\/\/idecesos.com\/seguros\/?s={search_term_string}"},"query-input":{"@type":"PropertyValueSpecification","valueRequired":true,"valueName":"search_term_string"}}],"inLanguage":"es"}]}},"_links":{"self":[{"href":"https:\/\/idecesos.com\/seguros\/wp-json\/wp\/v2\/pages\/312","targetHints":{"allow":["GET"]}}],"collection":[{"href":"https:\/\/idecesos.com\/seguros\/wp-json\/wp\/v2\/pages"}],"about":[{"href":"https:\/\/idecesos.com\/seguros\/wp-json\/wp\/v2\/types\/page"}],"author":[{"embeddable":true,"href":"https:\/\/idecesos.com\/seguros\/wp-json\/wp\/v2\/users\/2"}],"replies":[{"embeddable":true,"href":"https:\/\/idecesos.com\/seguros\/wp-json\/wp\/v2\/comments?post=312"}],"version-history":[{"count":11,"href":"https:\/\/idecesos.com\/seguros\/wp-json\/wp\/v2\/pages\/312\/revisions"}],"predecessor-version":[{"id":20910,"href":"https:\/\/idecesos.com\/seguros\/wp-json\/wp\/v2\/pages\/312\/revisions\/20910"}],"up":[{"embeddable":true,"href":"https:\/\/idecesos.com\/seguros\/wp-json\/wp\/v2\/pages\/310"}],"wp:attachment":[{"href":"https:\/\/idecesos.com\/seguros\/wp-json\/wp\/v2\/media?parent=312"}],"curies":[{"name":"wp","href":"https:\/\/api.w.org\/{rel}","templated":true}]}}