{"id":317,"date":"2021-12-15T16:02:46","date_gmt":"2021-07-09T07:36:09","guid":{"rendered":"https:\/\/idecesos.com\/seguros\/?page_id=317"},"modified":"2022-03-17T12:50:47","modified_gmt":"2022-03-17T12:50:47","slug":"precio","status":"publish","type":"page","link":"https:\/\/idecesos.com\/seguros\/companias\/dkv\/precio\/","title":{"rendered":"\u00bfCu\u00e1nto cuesta el seguro de decesos DKV?"},"content":{"rendered":"<div id=\"ez-toc-container\" class=\"ez-toc-v2_0_82_2 ez-toc-wrap-center counter-hierarchy ez-toc-counter ez-toc-custom ez-toc-container-direction\">\n<div class=\"ez-toc-title-container\">\n<p class=\"ez-toc-title\" style=\"cursor:inherit\">Tabla de Contenido<\/p>\n<span class=\"ez-toc-title-toggle\"><a href=\"#\" class=\"ez-toc-pull-right ez-toc-btn ez-toc-btn-xs ez-toc-btn-default ez-toc-toggle\" aria-label=\"Alternar tabla de contenidos\"><span class=\"ez-toc-js-icon-con\"><span class=\"\"><span class=\"eztoc-hide\" style=\"display:none;\">Toggle<\/span><span class=\"ez-toc-icon-toggle-span\"><svg style=\"fill: #db6415;color:#db6415\" xmlns=\"http:\/\/www.w3.org\/2000\/svg\" class=\"list-377408\" width=\"20px\" height=\"20px\" viewBox=\"0 0 24 24\" fill=\"none\"><path d=\"M6 6H4v2h2V6zm14 0H8v2h12V6zM4 11h2v2H4v-2zm16 0H8v2h12v-2zM4 16h2v2H4v-2zm16 0H8v2h12v-2z\" fill=\"currentColor\"><\/path><\/svg><svg style=\"fill: #db6415;color:#db6415\" class=\"arrow-unsorted-368013\" xmlns=\"http:\/\/www.w3.org\/2000\/svg\" width=\"10px\" height=\"10px\" viewBox=\"0 0 24 24\" version=\"1.2\" baseProfile=\"tiny\"><path d=\"M18.2 9.3l-6.2-6.3-6.2 6.3c-.2.2-.3.4-.3.7s.1.5.3.7c.2.2.4.3.7.3h11c.3 0 .5-.1.7-.3.2-.2.3-.5.3-.7s-.1-.5-.3-.7zM5.8 14.7l6.2 6.3 6.2-6.3c.2-.2.3-.5.3-.7s-.1-.5-.3-.7c-.2-.2-.4-.3-.7-.3h-11c-.3 0-.5.1-.7.3-.2.2-.3.5-.3.7s.1.5.3.7z\"\/><\/svg><\/span><\/span><\/span><\/a><\/span><\/div>\n<nav><ul class='ez-toc-list ez-toc-list-level-1 ' ><li class='ez-toc-page-1 ez-toc-heading-level-2'><a class=\"ez-toc-link ez-toc-heading-1\" href=\"https:\/\/idecesos.com\/seguros\/companias\/dkv\/precio\/#Calcular_precio_seguro_de_decesos_DKV\" >Calcular precio seguro de decesos DKV<\/a><\/li><li class='ez-toc-page-1 ez-toc-heading-level-2'><a class=\"ez-toc-link ez-toc-heading-2\" href=\"https:\/\/idecesos.com\/seguros\/companias\/dkv\/precio\/#Tabla_comparativa_de_precios_DKV\" >Tabla comparativa de precios DKV<\/a><ul class='ez-toc-list-level-3' ><li class='ez-toc-heading-level-3'><a class=\"ez-toc-link ez-toc-heading-3\" href=\"https:\/\/idecesos.com\/seguros\/companias\/dkv\/precio\/#%C2%BFCual_es_la_mejor_tarifa_de_seguros_de_DKV\" >\u00bfCu\u00e1l es la mejor tarifa de seguros de DKV ?<\/a><\/li><li class='ez-toc-page-1 ez-toc-heading-level-3'><a class=\"ez-toc-link ez-toc-heading-4\" href=\"https:\/\/idecesos.com\/seguros\/companias\/dkv\/precio\/#%C2%BFPuede_aumentar_el_precio_mensual_de_los_seguros_de_DKV\" >\u00bfPuede aumentar el precio mensual de los seguros de DKV ?<\/a><\/li><li class='ez-toc-page-1 ez-toc-heading-level-3'><a class=\"ez-toc-link ez-toc-heading-5\" href=\"https:\/\/idecesos.com\/seguros\/companias\/dkv\/precio\/#%C2%BFEl_precio_de_seguros_de_decesos_DKV_sube_con_la_edad\" >\u00bfEl precio de seguros de decesos DKV sube con la edad?<\/a><\/li><li class='ez-toc-page-1 ez-toc-heading-level-3'><a class=\"ez-toc-link ez-toc-heading-6\" href=\"https:\/\/idecesos.com\/seguros\/companias\/dkv\/precio\/#Paginas_relacionadas\" >P\u00e1ginas relacionadas<\/a><\/li><\/ul><\/li><\/ul><\/nav><\/div>\n\n<p>En el comparador l\u00edder de seguro de decesos en Espa\u00f1a (iDecesos) ofrecemos una comparativa de m\u00e1s de 20 compa\u00f1\u00edas aseguradoras de defunci\u00f3n con las mejores garant\u00edas, precios y ofertas. Es preciso antes de decidir por qu\u00e9 producto o compa\u00f1\u00eda elegir, estar informado de las distintas tarifas\u00a0 para estar seguro que has elegido lo que precisabas.<\/p>\n<p>A continuaci\u00f3n, le vamos a mostrar\u00a0 los precios y las distintas modalidades de primas que existen en el seguro de decesos de DKV para que pueda solventar todas sus dudas y pueda elegir la mejor cobertura y prima que se amolde a sus necesidades.<\/p>\n<div class=\"colorf\"><div class=\"container clearfix\"><div class=\"col-md-7\">\n<h2><span class=\"ez-toc-section\" id=\"Calcular_precio_seguro_de_decesos_DKV\"><\/span>Calcular precio seguro de decesos DKV<span class=\"ez-toc-section-end\"><\/span><\/h2>\n<p>DKV lleva a cabo un proceso meticuloso, recabando los datos necesarios, para poder realizar el c\u00e1lculo del seguro.<\/p>\n<p>La aseguradora que est\u00e1s buscando es DKV ya que cuenta con miles y miles de ventajas que se adaptar\u00e1n a cada uno de sus asegurados. Existen diferentes modalidades para poder conseguir la informaci\u00f3n que buscas. No obstante, con la ayuda de iDecesos, en cuesti\u00f3n de segundos tendr\u00e1s la referencia de cada una de sus p\u00f3lizas de la manera m\u00e1s detallada y todo tan simple como dando un clic.<br \/>\n<\/div><\/div><\/div><\/p>\n<h2><span class=\"ez-toc-section\" id=\"Tabla_comparativa_de_precios_DKV\"><\/span>Tabla comparativa de precios DKV<span class=\"ez-toc-section-end\"><\/span><\/h2>\n<p><div class=\"cabecera_tabla_precio\"><table class=\"table table-striped\"><thead><tr><th class=\"nosepara centrado\">Tipo<\/th><th class=\"nosepara centrado nojustificado\">Precio Desde<\/th><th class=\"nosepara dcha\"><\/th><\/tr><\/thead><tbody><tr class=\"fila_tabla_precio\"><td class=\"nosepara izq\">Precio Seguro Decesos DKV<\/td><td class=\"nosepara centro\">1,60 \u20ac\/mes<\/td><td class=\"nosepara derecha\">\t\t\t\t\t\n\t\t\t\t\t\t<span class=\"\" style=\"cursor:pointer\" data-bs-toggle=\"modal\" data-bs-target=\"#comparadorModal\">Calcular<\/span>\t\t\t\t\n\t\t\t\t\t\n\t\t\t\t<\/td><\/tr><\/div><tr class=\"fila_tabla_precio\"><td class=\"nosepara izq\">Precio Prima \u00danica DKV<\/td><td class=\"nosepara centro\">2365 \u20ac<\/td><td class=\"nosepara derecha\">\t\t\t\t\t\n\t\t\t\t\t\t<span class=\"\" style=\"cursor:pointer\" data-bs-toggle=\"modal\" data-bs-target=\"#comparadorModal\">Calcular<\/span>\t\t\t\t\n\t\t\t\t\t\n\t\t\t\t<\/td><\/tr><\/div><tr class=\"fila_tabla_precio\"><td class=\"nosepara izq\">Precio Prima Natural DKV<\/td><td class=\"nosepara centro\">1,19 \u20ac\/mes<\/td><td class=\"nosepara derecha\">\t\t\t\t\t\n\t\t\t\t\t\t<span class=\"\" style=\"cursor:pointer\" data-bs-toggle=\"modal\" data-bs-target=\"#comparadorModal\">Calcular<\/span>\t\t\t\t\n\t\t\t\t\t\n\t\t\t\t<\/td><\/tr><\/div><tr class=\"fila_tabla_precio\"><td class=\"nosepara izq\">Precio Prima Nivelada DKV<\/td><td class=\"nosepara centro\">1,66 \u20ac\/mes<\/td><td class=\"nosepara derecha\">\t\t\t\t\t\n\t\t\t\t\t\t<span class=\"\" style=\"cursor:pointer\" data-bs-toggle=\"modal\" data-bs-target=\"#comparadorModal\">Calcular<\/span>\t\t\t\t\n\t\t\t\t\t\n\t\t\t\t<\/td><\/tr><\/div><tr class=\"fila_tabla_precio\"><td class=\"nosepara izq\">Precio Prima Mixta DKV<\/td><td class=\"nosepara centro\">1,29 \u20ac\/mes<\/td><td class=\"nosepara derecha\">\t\t\t\t\t\n\t\t\t\t\t\t<span class=\"\" style=\"cursor:pointer\" data-bs-toggle=\"modal\" data-bs-target=\"#comparadorModal\">Calcular<\/span>\t\t\t\t\n\t\t\t\t\t\n\t\t\t\t<\/td><\/tr><\/div><tr class=\"fila_tabla_precio\"><td class=\"nosepara izq\">Precio Prima Seminatural DKV<\/td><td class=\"nosepara centro\">1,34 \u20ac\/mes<\/td><td class=\"nosepara derecha\">\t\t\t\t\t\n\t\t\t\t\t\t<span class=\"\" style=\"cursor:pointer\" data-bs-toggle=\"modal\" data-bs-target=\"#comparadorModal\">Calcular<\/span>\t\t\t\t\n\t\t\t\t\t\n\t\t\t\t<\/td><\/tr><\/div><tr class=\"fila_tabla_precio\"><td class=\"nosepara izq\">Precio con Repatriaci\u00f3n DKV<\/td><td class=\"nosepara centro\">0,77 \u20ac a la cuota<\/td><td class=\"nosepara derecha\">\t\t\t\t\t\n\t\t\t\t\t\t<span class=\"\" style=\"cursor:pointer\" data-bs-toggle=\"modal\" data-bs-target=\"#comparadorModal\">Calcular<\/span>\t\t\t\t\n\t\t\t\t\t\n\t\t\t\t<\/td><\/tr><\/div><tr class=\"fila_tabla_precio\"><td class=\"nosepara izq\">Precio Seguro Defunci\u00f3n DKV<\/td><td class=\"nosepara centro\">1,40 \u20ac\/mes<\/td><td class=\"nosepara derecha\">\t\t\t\t\t\n\t\t\t\t\t\t<span class=\"\" style=\"cursor:pointer\" data-bs-toggle=\"modal\" data-bs-target=\"#comparadorModal\">Calcular<\/span>\t\t\t\t\n\t\t\t\t\t\n\t\t\t\t<\/td><\/tr><\/div><tr class=\"fila_tabla_precio\"><td class=\"nosepara izq\">Precio Seguro Fallecimiento DKV<\/td><td class=\"nosepara centro\">1,61 \u20ac\/mes<\/td><td class=\"nosepara derecha\">\t\t\t\t\t\n\t\t\t\t\t\t<span class=\"\" style=\"cursor:pointer\" data-bs-toggle=\"modal\" data-bs-target=\"#comparadorModal\">Calcular<\/span>\t\t\t\t\n\t\t\t\t\t\n\t\t\t\t<\/td><\/tr><\/div><tr class=\"fila_tabla_precio\"><td class=\"nosepara izq\">Precio Seguro Muertos DKV<\/td><td class=\"nosepara centro\">1,63 \u20ac\/mes<\/td><td class=\"nosepara derecha\">\t\t\t\t\t\n\t\t\t\t\t\t<span class=\"\" style=\"cursor:pointer\" data-bs-toggle=\"modal\" data-bs-target=\"#comparadorModal\">Calcular<\/span>\t\t\t\t\n\t\t\t\t\t\n\t\t\t\t<\/td><\/tr><\/div><tr class=\"fila_tabla_precio\"><td class=\"nosepara izq\">Precio Asistencia Familiar DKV<\/td><td class=\"nosepara centro\">1,46 \u20ac\/mes<\/td><td class=\"nosepara derecha\">\t\t\t\t\t\n\t\t\t\t\t\t<span class=\"\" style=\"cursor:pointer\" data-bs-toggle=\"modal\" data-bs-target=\"#comparadorModal\">Calcular<\/span>\t\t\t\t\n\t\t\t\t\t\n\t\t\t\t<\/td><\/tr><\/div><\/tbody><\/table><\/div><\/p>\n<p>Deseamos asistirte a hallar tu p\u00f3liza perfecta y por este motivo te ponemos a tu predisposici\u00f3n todos los detalles de los precios estimados sobre el seguro de decesos de DKV.<\/p>\n<p>DKV no solo es la encargada de asegurar el cubrimiento del sepelio sino tambi\u00e9n se hace cargo de brindar las mejores coberturas a sus clientes para que puedan estar apacibles en todo momento. Le asistimos a usted y a su familia para asegurarnos su tranquilidad.<\/p>\n<p>Con este tipo de p\u00f3liza vas a tener un respaldo el resto de su vida y sus seres queridos podr\u00e1n estar tranquilos en todo instante puesto que nosotros nos encargaremos de todo. DKV es la compa\u00f1\u00eda de seguros id\u00f3nea para que puedas estar tranquilo. Sus diferentes coberturas se amoldar\u00e1n a tus necesidades con un servicio excelente.<br \/>\n<div class=\"colorf\"><div class=\"container clearfix\"><div class=\"col-md-7\"><\/p>\n<h3><span class=\"ez-toc-section\" id=\"%C2%BFCual_es_la_mejor_tarifa_de_seguros_de_DKV\"><\/span>\u00bfCu\u00e1l es la mejor tarifa de seguros de DKV ?<span class=\"ez-toc-section-end\"><\/span><\/h3>\n<p>DKV destaca por su gran pluralidad. Dentro de DKV hallar\u00e1s diferentes modalidades de seguro, que se adaptaran de manera perfecta a tus necesidades como a tu presupuesto. Con las coberturas m\u00e1s innovadoras del mercado, DKV te ofrece descuentos y ofertas en todos y cada uno de los precios de sus seguros de decesos. Arriba te hemos facilitado toda la informaci\u00f3n a fin de que puedas ver los precios de todas sus primas de una forma m\u00e1s sencilla y detallada. Te asesoramos de forma gratuita y con 0 complicaciones.<br \/>\n<\/div><\/div><\/div><\/p>\n<h3><span class=\"ez-toc-section\" id=\"%C2%BFPuede_aumentar_el_precio_mensual_de_los_seguros_de_DKV\"><\/span>\u00bfPuede aumentar el precio mensual de los seguros de DKV ?<span class=\"ez-toc-section-end\"><\/span><\/h3>\n<p>En DKV existen todas y cada una de las primas que cubren el seguro de decesos. En este pa\u00eds, la enorme mayor\u00eda disfruta de un seguro de decesos de prima nivelada debido a que se mantiene el precio en la renovaci\u00f3n anual y sin sobresaltos. Ahora le indicaremos las diferentes modalidades de primas que prevalecen para que puedas acertar en la elecci\u00f3n de tu seguro de defunci\u00f3n<\/p>\n<p><strong>\u2022 Prima \u00danica o pago \u00fanico:<\/strong> esta modalidad de prima cubre el rango de edad avanzada y con enfermedades terminales. Garantiza el servicio de sepelio completo a trav\u00e9s del pago \u00fanico de la prima y dejando todo resuelto a sus familiares.<\/p>\n<p><strong>\u2022 <\/strong><strong>Prima natural o bien creciente:<\/strong> es el g\u00e9nero de prima que est\u00e1 enfocada para un rango de edad muy joven ya que pueden disfrutar de un precio muy asequible. La aseguradora calcula que pagar\u00e1s muchos a\u00f1os la p\u00f3liza sin ellos tener que abonar ning\u00fan siniestro por fallecimiento y por ende ofrecen un coste asequible para tu seguro de defunci\u00f3n.<\/p>\n<p><strong>\u2022 Prima mixta: <\/strong>es una prima altamente demandada por ser la opci\u00f3n m\u00e1s ecu\u00e1nime de todas, al estar compuesta por dos g\u00e9neros de primas, la natural y la nivelada. Vas a poder fraccionar las primas al mes, al trimestre, al semestre o al a\u00f1o. Usted es el responsable de elegir de qu\u00e9 forma hacerlo. Es por esto que en iDecesos nos ponemos a su disposici\u00f3n para ayudarle a contratar la mejor prima para t\u00ed y tu familia. .<br \/>\n<div class=\"colorf\"><div class=\"container clearfix\"><div class=\"col-md-7\"><\/p>\n<h3><span class=\"ez-toc-section\" id=\"%C2%BFEl_precio_de_seguros_de_decesos_DKV_sube_con_la_edad\"><\/span>\u00bfEl precio de seguros de decesos DKV sube con la edad?<span class=\"ez-toc-section-end\"><\/span><\/h3>\n<p>No debes temer por nada, DKV no te va a subir la tarifa por la edad del asegurado. Aunque es posible que su p\u00f3liza pueda aumentar, no es usual que esto suceda, por lo que puede dejar de preocuparse por esta raz\u00f3n. Cuando se efect\u00faa la p\u00f3liza se hace referencia a la edad de la persona asegurada.<\/p>\n<p>DKV tiene diferentes modalidades que son la prima nivelada, la prima natural, la prima mixta, la prima seminatural y la prima \u00fanica. No tengas dudas, ha llegado el instante de contratar tu seguro de decesos con DKV.<br \/>\n<\/div><\/div><\/div><\/p>\n<h3><span class=\"ez-toc-section\" id=\"Paginas_relacionadas\"><\/span>P\u00e1ginas relacionadas<span class=\"ez-toc-section-end\"><\/span><\/h3><div class=\"enlazado\"><ul> <li><a href=\"https:\/\/idecesos.com\/seguros\/companias\/dkv\/coberturas\/\">Coberturas Seguro de Decesos DKV<\/a><\/li> <li><a href=\"https:\/\/idecesos.com\/seguros\/companias\/dkv\/opiniones\/\">Opiniones DKV<\/a><\/li> <li><a href=\"https:\/\/idecesos.com\/seguros\/companias\/dkv\/precio\/\">Precio seguro DKV<\/a><\/li> <li><a href=\"https:\/\/idecesos.com\/seguros\/companias\/dkv\/prima-mixta\/\">DKV Prima Mixta<\/a><\/li> <li><a href=\"https:\/\/idecesos.com\/seguros\/companias\/dkv\/prima-natural\/\">DKV Prima Natural<\/a><\/li> <li><a href=\"https:\/\/idecesos.com\/seguros\/companias\/dkv\/prima-nivelada\/\">DKV Prima Nivelada<\/a><\/li> <li><a href=\"https:\/\/idecesos.com\/seguros\/companias\/dkv\/prima-unica\/\">DKV Prima \u00danica<\/a><\/li> <li><a href=\"https:\/\/idecesos.com\/seguros\/companias\/dkv\/repatriacion\/\">DKV Repatriaci\u00f3n<\/a><\/li> <li><a href=\"https:\/\/idecesos.com\/seguros\/companias\/dkv\/telefono\/\">Tel\u00e9fono Gratuito DKV<\/a><\/li><\/ul><\/div>\n","protected":false},"excerpt":{"rendered":"<p>En el comparador l\u00edder de seguro de decesos en Espa\u00f1a (iDecesos) ofrecemos una comparativa de m\u00e1s de 20 compa\u00f1\u00edas aseguradoras de defunci\u00f3n con las mejores garant\u00edas, precios y ofertas. Es preciso antes de decidir por qu\u00e9 producto o compa\u00f1\u00eda elegir, estar informado de las distintas tarifas\u00a0 para estar seguro que has elegido lo que precisabas.&hellip; <\/p>\n","protected":false},"author":1,"featured_media":17333,"parent":310,"menu_order":0,"comment_status":"closed","ping_status":"closed","template":"single.php","meta":{"footnotes":""},"class_list":["post-317","page","type-page","status-publish","has-post-thumbnail","hentry"],"yoast_head":"<!-- This site is optimized with the Yoast SEO plugin v27.3 - https:\/\/yoast.com\/product\/yoast-seo-wordpress\/ -->\n<title>Precio Seguro Decesos DKV \u25b7DTO 25% I Oferta 2026<\/title>\n<meta name=\"description\" content=\"Calcular aqu\u00ed\u3010precio seguro de decesos DKV\u3011Tarifas, oferta y descuento de seguro defunci\u00f3n DKV 2026 \u2611\ufe0fiDecesos\u00ae N\u00ba1 en ahorro\" \/>\n<meta name=\"robots\" content=\"index, follow, max-snippet:-1, max-image-preview:large, max-video-preview:-1\" \/>\n<link rel=\"canonical\" href=\"https:\/\/idecesos.com\/seguros\/companias\/dkv\/precio\/\" \/>\n<meta property=\"og:locale\" content=\"es_ES\" \/>\n<meta property=\"og:type\" content=\"article\" \/>\n<meta property=\"og:title\" content=\"Precio Seguro Decesos DKV \u25b7DTO 25% I Oferta 2026\" \/>\n<meta property=\"og:description\" content=\"Calcular aqu\u00ed\u3010precio seguro de decesos DKV\u3011Tarifas, oferta y descuento de seguro defunci\u00f3n DKV 2026 \u2611\ufe0fiDecesos\u00ae N\u00ba1 en ahorro\" \/>\n<meta property=\"og:url\" content=\"https:\/\/idecesos.com\/seguros\/companias\/dkv\/precio\/\" \/>\n<meta property=\"article:modified_time\" content=\"2022-03-17T12:50:47+00:00\" \/>\n<meta property=\"og:image\" content=\"https:\/\/idecesos.com\/seguros\/wp-content\/uploads\/2021\/12\/precio-2.jpg-8.jpeg\" \/>\n\t<meta property=\"og:image:width\" content=\"1500\" \/>\n\t<meta property=\"og:image:height\" content=\"559\" \/>\n\t<meta property=\"og:image:type\" content=\"image\/jpeg\" \/>\n<meta name=\"twitter:card\" content=\"summary_large_image\" \/>\n<meta name=\"twitter:label1\" content=\"Tiempo de lectura\" \/>\n\t<meta name=\"twitter:data1\" content=\"5 minutos\" \/>\n<script type=\"application\/ld+json\" class=\"yoast-schema-graph\">{\"@context\":\"https:\\\/\\\/schema.org\",\"@graph\":[{\"@type\":\"WebPage\",\"@id\":\"https:\\\/\\\/idecesos.com\\\/seguros\\\/companias\\\/dkv\\\/precio\\\/\",\"url\":\"https:\\\/\\\/idecesos.com\\\/seguros\\\/companias\\\/dkv\\\/precio\\\/\",\"name\":\"Precio Seguro Decesos DKV \u25b7DTO 25% I Oferta 2026\",\"isPartOf\":{\"@id\":\"https:\\\/\\\/idecesos.com\\\/seguros\\\/#website\"},\"primaryImageOfPage\":{\"@id\":\"https:\\\/\\\/idecesos.com\\\/seguros\\\/companias\\\/dkv\\\/precio\\\/#primaryimage\"},\"image\":{\"@id\":\"https:\\\/\\\/idecesos.com\\\/seguros\\\/companias\\\/dkv\\\/precio\\\/#primaryimage\"},\"thumbnailUrl\":\"https:\\\/\\\/idecesos.com\\\/seguros\\\/wp-content\\\/uploads\\\/2021\\\/12\\\/precio-2.jpg-8.jpeg\",\"datePublished\":\"2021-07-09T07:36:09+00:00\",\"dateModified\":\"2022-03-17T12:50:47+00:00\",\"description\":\"Calcular aqu\u00ed\u3010precio seguro de decesos DKV\u3011Tarifas, oferta y descuento de seguro defunci\u00f3n DKV 2026 \u2611\ufe0fiDecesos\u00ae N\u00ba1 en ahorro\",\"breadcrumb\":{\"@id\":\"https:\\\/\\\/idecesos.com\\\/seguros\\\/companias\\\/dkv\\\/precio\\\/#breadcrumb\"},\"inLanguage\":\"es\",\"potentialAction\":[{\"@type\":\"ReadAction\",\"target\":[\"https:\\\/\\\/idecesos.com\\\/seguros\\\/companias\\\/dkv\\\/precio\\\/\"]}]},{\"@type\":\"ImageObject\",\"inLanguage\":\"es\",\"@id\":\"https:\\\/\\\/idecesos.com\\\/seguros\\\/companias\\\/dkv\\\/precio\\\/#primaryimage\",\"url\":\"https:\\\/\\\/idecesos.com\\\/seguros\\\/wp-content\\\/uploads\\\/2021\\\/12\\\/precio-2.jpg-8.jpeg\",\"contentUrl\":\"https:\\\/\\\/idecesos.com\\\/seguros\\\/wp-content\\\/uploads\\\/2021\\\/12\\\/precio-2.jpg-8.jpeg\",\"width\":1500,\"height\":559,\"caption\":\"Precio DKV\"},{\"@type\":\"BreadcrumbList\",\"@id\":\"https:\\\/\\\/idecesos.com\\\/seguros\\\/companias\\\/dkv\\\/precio\\\/#breadcrumb\",\"itemListElement\":[{\"@type\":\"ListItem\",\"position\":1,\"name\":\"Portada\",\"item\":\"https:\\\/\\\/idecesos.com\\\/seguros\\\/\"},{\"@type\":\"ListItem\",\"position\":2,\"name\":\"Compa\u00f1\u00edas de Seguros de Decesos en Espa\u00f1a\",\"item\":\"https:\\\/\\\/idecesos.com\\\/seguros\\\/companias\\\/\"},{\"@type\":\"ListItem\",\"position\":3,\"name\":\"Seguro de Decesos DKV\",\"item\":\"https:\\\/\\\/idecesos.com\\\/seguros\\\/companias\\\/dkv\\\/\"},{\"@type\":\"ListItem\",\"position\":4,\"name\":\"\u00bfCu\u00e1nto cuesta el seguro de decesos DKV?\"}]},{\"@type\":\"WebSite\",\"@id\":\"https:\\\/\\\/idecesos.com\\\/seguros\\\/#website\",\"url\":\"https:\\\/\\\/idecesos.com\\\/seguros\\\/\",\"name\":\"\",\"description\":\"\",\"potentialAction\":[{\"@type\":\"SearchAction\",\"target\":{\"@type\":\"EntryPoint\",\"urlTemplate\":\"https:\\\/\\\/idecesos.com\\\/seguros\\\/?s={search_term_string}\"},\"query-input\":{\"@type\":\"PropertyValueSpecification\",\"valueRequired\":true,\"valueName\":\"search_term_string\"}}],\"inLanguage\":\"es\"}]}<\/script>\n<!-- \/ Yoast SEO plugin. -->","yoast_head_json":{"title":"Precio Seguro Decesos DKV \u25b7DTO 25% I Oferta 2026","description":"Calcular aqu\u00ed\u3010precio seguro de decesos DKV\u3011Tarifas, oferta y descuento de seguro defunci\u00f3n DKV 2026 \u2611\ufe0fiDecesos\u00ae N\u00ba1 en ahorro","robots":{"index":"index","follow":"follow","max-snippet":"max-snippet:-1","max-image-preview":"max-image-preview:large","max-video-preview":"max-video-preview:-1"},"canonical":"https:\/\/idecesos.com\/seguros\/companias\/dkv\/precio\/","og_locale":"es_ES","og_type":"article","og_title":"Precio Seguro Decesos DKV \u25b7DTO 25% I Oferta 2026","og_description":"Calcular aqu\u00ed\u3010precio seguro de decesos DKV\u3011Tarifas, oferta y descuento de seguro defunci\u00f3n DKV 2026 \u2611\ufe0fiDecesos\u00ae N\u00ba1 en ahorro","og_url":"https:\/\/idecesos.com\/seguros\/companias\/dkv\/precio\/","article_modified_time":"2022-03-17T12:50:47+00:00","og_image":[{"width":1500,"height":559,"url":"https:\/\/idecesos.com\/seguros\/wp-content\/uploads\/2021\/12\/precio-2.jpg-8.jpeg","type":"image\/jpeg"}],"twitter_card":"summary_large_image","twitter_misc":{"Tiempo de lectura":"5 minutos"},"schema":{"@context":"https:\/\/schema.org","@graph":[{"@type":"WebPage","@id":"https:\/\/idecesos.com\/seguros\/companias\/dkv\/precio\/","url":"https:\/\/idecesos.com\/seguros\/companias\/dkv\/precio\/","name":"Precio Seguro Decesos DKV \u25b7DTO 25% I Oferta 2026","isPartOf":{"@id":"https:\/\/idecesos.com\/seguros\/#website"},"primaryImageOfPage":{"@id":"https:\/\/idecesos.com\/seguros\/companias\/dkv\/precio\/#primaryimage"},"image":{"@id":"https:\/\/idecesos.com\/seguros\/companias\/dkv\/precio\/#primaryimage"},"thumbnailUrl":"https:\/\/idecesos.com\/seguros\/wp-content\/uploads\/2021\/12\/precio-2.jpg-8.jpeg","datePublished":"2021-07-09T07:36:09+00:00","dateModified":"2022-03-17T12:50:47+00:00","description":"Calcular aqu\u00ed\u3010precio seguro de decesos DKV\u3011Tarifas, oferta y descuento de seguro defunci\u00f3n DKV 2026 \u2611\ufe0fiDecesos\u00ae N\u00ba1 en ahorro","breadcrumb":{"@id":"https:\/\/idecesos.com\/seguros\/companias\/dkv\/precio\/#breadcrumb"},"inLanguage":"es","potentialAction":[{"@type":"ReadAction","target":["https:\/\/idecesos.com\/seguros\/companias\/dkv\/precio\/"]}]},{"@type":"ImageObject","inLanguage":"es","@id":"https:\/\/idecesos.com\/seguros\/companias\/dkv\/precio\/#primaryimage","url":"https:\/\/idecesos.com\/seguros\/wp-content\/uploads\/2021\/12\/precio-2.jpg-8.jpeg","contentUrl":"https:\/\/idecesos.com\/seguros\/wp-content\/uploads\/2021\/12\/precio-2.jpg-8.jpeg","width":1500,"height":559,"caption":"Precio DKV"},{"@type":"BreadcrumbList","@id":"https:\/\/idecesos.com\/seguros\/companias\/dkv\/precio\/#breadcrumb","itemListElement":[{"@type":"ListItem","position":1,"name":"Portada","item":"https:\/\/idecesos.com\/seguros\/"},{"@type":"ListItem","position":2,"name":"Compa\u00f1\u00edas de Seguros de Decesos en Espa\u00f1a","item":"https:\/\/idecesos.com\/seguros\/companias\/"},{"@type":"ListItem","position":3,"name":"Seguro de Decesos DKV","item":"https:\/\/idecesos.com\/seguros\/companias\/dkv\/"},{"@type":"ListItem","position":4,"name":"\u00bfCu\u00e1nto cuesta el seguro de decesos DKV?"}]},{"@type":"WebSite","@id":"https:\/\/idecesos.com\/seguros\/#website","url":"https:\/\/idecesos.com\/seguros\/","name":"","description":"","potentialAction":[{"@type":"SearchAction","target":{"@type":"EntryPoint","urlTemplate":"https:\/\/idecesos.com\/seguros\/?s={search_term_string}"},"query-input":{"@type":"PropertyValueSpecification","valueRequired":true,"valueName":"search_term_string"}}],"inLanguage":"es"}]}},"_links":{"self":[{"href":"https:\/\/idecesos.com\/seguros\/wp-json\/wp\/v2\/pages\/317","targetHints":{"allow":["GET"]}}],"collection":[{"href":"https:\/\/idecesos.com\/seguros\/wp-json\/wp\/v2\/pages"}],"about":[{"href":"https:\/\/idecesos.com\/seguros\/wp-json\/wp\/v2\/types\/page"}],"author":[{"embeddable":true,"href":"https:\/\/idecesos.com\/seguros\/wp-json\/wp\/v2\/users\/1"}],"replies":[{"embeddable":true,"href":"https:\/\/idecesos.com\/seguros\/wp-json\/wp\/v2\/comments?post=317"}],"version-history":[{"count":9,"href":"https:\/\/idecesos.com\/seguros\/wp-json\/wp\/v2\/pages\/317\/revisions"}],"predecessor-version":[{"id":20522,"href":"https:\/\/idecesos.com\/seguros\/wp-json\/wp\/v2\/pages\/317\/revisions\/20522"}],"up":[{"embeddable":true,"href":"https:\/\/idecesos.com\/seguros\/wp-json\/wp\/v2\/pages\/310"}],"wp:featuredmedia":[{"embeddable":true,"href":"https:\/\/idecesos.com\/seguros\/wp-json\/wp\/v2\/media\/17333"}],"wp:attachment":[{"href":"https:\/\/idecesos.com\/seguros\/wp-json\/wp\/v2\/media?parent=317"}],"curies":[{"name":"wp","href":"https:\/\/api.w.org\/{rel}","templated":true}]}}