{"id":336,"date":"2021-07-09T09:21:22","date_gmt":"2021-07-09T09:21:22","guid":{"rendered":"https:\/\/idecesos.com\/seguros\/?page_id=336"},"modified":"2024-12-11T13:43:28","modified_gmt":"2024-12-11T12:43:28","slug":"coberturas","status":"publish","type":"page","link":"https:\/\/idecesos.com\/seguros\/companias\/el-corte-ingles\/coberturas\/","title":{"rendered":"Coberturas Seguro de Decesos El Corte Ingl\u00e9s"},"content":{"rendered":"\r\n\r\n<p>El Corte Ingl\u00e9s lanza su propia l\u00ednea de seguros en los inicios de la d\u00e9cada de los 90 con la creaci\u00f3n de Seguros El Corte Ingl\u00e9s con el objetivo de proporcionar a sus clientes protecci\u00f3n ante posibles imprevistos. Cuenta con una amplia gama de servicios dirigida a particulares y a empresas, Entre los servicios que ofrece, destacan distintos tipos de seguros como:<\/p>\r\n\r\n\r\n\r\n<ul class=\"wp-block-list\">\r\n<li>Los de riesgo personal de vida y accidentes.<\/li>\r\n<li>Seguros de ahorro.<\/li>\r\n<li>Planes de pensiones.<\/li>\r\n<li>Dise\u00f1o y gesti\u00f3n de planes de fondos de pensiones.<\/li>\r\n<li>Seguros de rentas temporales y vitalicias.<\/li>\r\n<li>Gesti\u00f3n del pago de prestaciones en forma de capital.<\/li>\r\n<li>Decesos.<\/li>\r\n<\/ul>\r\n\r\n\r\n\r\n<p>Estos \u00faltimos se dirigen a personas que quieran asegurar su bienestar y el de su familia. Incluye como principales coberturas:<\/p>\r\n\r\n\r\n\r\n<p>-El fallecimiento del asegurado por cualquier causa, excepto la muerte por suicidio durante el primer a\u00f1o de vigencia del seguro. Tambi\u00e9n cubre la invalidez permanente y absoluta por cualquier causa, el fallecimiento por accidente la invalidez permanente y absoluta del asegurado por accidente (incluyendo accidentes de circulaci\u00f3n). Ofrece un pago trimestral sin recargos.<\/p>\r\n\r\n\r\n\r\n<p>Entre sus seguros m\u00e1s destacados, se encuentra el seguro de vida. Es un tipo de seguro con una prima estipulada y pagada por el cliente para satisfacer al beneficiario con un capital, renta y otras prestaciones, qu\u00e9 en caso de muerte de la persona asegurada, supervivencia o ambos efectos conjuntamente. Tiene coberturas diferentes como:<\/p>\r\n\r\n\r\n\r\n<p>-Fallecimiento e invalidez permanente absoluta.<\/p>\r\n\r\n\r\n\r\n<p>-Capitales complementarios en caso de accidente.<\/p>\r\n\r\n\r\n\r\n<p>-Pago trimestral.<\/p>\r\n\r\n\r\n\r\n<p>-Sin ning\u00fan tipo de recargo por tipo de profesi\u00f3n y declaraci\u00f3n de salud.<\/p>\r\n\r\n\r\n\r\n<p>No podr\u00eda contratar un seguro de vida por fallecimientos, personas menores de 14 a\u00f1os de edad o incapacitados.<\/p>\r\n\r\n\r\n\r\n<p>Para diferenciar los seguros de vida del de accidentes, hay que tener en cuenta que mientras el primero garantiza el pago de capital en caso de fallecimiento o incapacidad derivados de una enfermedad o accidente, el seguro de accidentes, solo cubrir\u00eda aquel da\u00f1o hecho por accidentes, valga la redundancia y no por enfermedad como s\u00ed lo har\u00eda el seguro de vida. Al ser la cobertura m\u00e1s limitada, ser\u00e1n m\u00e1s altas las primas en el seguro de vida que en el de accidentes.<\/p>\r\n\r\n\r\n\r\n<p>Cabe distinguir dos tipos de seguros de accidentes:<\/p>\r\n\r\n\r\n\r\n<p>El de accidentes global que incluye:<\/p>\r\n\r\n\r\n\r\n<ul class=\"wp-block-list\">\r\n<li>Fallecimiento por accidente<\/li>\r\n<\/ul>\r\n\r\n\r\n\r\n<p>-Invalidez permanente absoluta por accidente.<\/p>\r\n\r\n\r\n\r\n<p>-Asistencia en viaje.<\/p>\r\n\r\n\r\n\r\n<p>La prima por accidentes de devoluci\u00f3n, que incluye:<\/p>\r\n\r\n\r\n\r\n<p>-Fallecimiento por accidente.<\/p>\r\n\r\n\r\n\r\n<ul class=\"wp-block-list\">\r\n<li>Invalidez permanente absoluta por accidente.<\/li>\r\n<li>Invalidez permanente parcial por accidente seg\u00fan baremo.<\/li>\r\n<\/ul>\r\n\r\n\r\n\r\n<p>-Devoluci\u00f3n de las primas pagadas (descontando tributos y recargos legales) si en un periodo de 10 a\u00f1os, no ocurre ninguno de los riesgos cubiertos por fallecimiento o invalidez por accidente)<\/p>\r\n\r\n\r\n\r\n<p>-Tambi\u00e9n ofrece a sus clientes, asistencia en viajes.<\/p>\r\n\r\n\r\n\r\n<p>Siguiendo su l\u00ednea de seguros encontramos el seguro de salud, eficaz antes de que se produzca la p\u00e9rdida de la misma en enfermedades o accidentes. Previamente a su contrataci\u00f3n, el cliente debe cumplimentar un cuestionario para conocer su estado de salud y que la compa\u00f1\u00eda lo acepte o no entre sus clientes. En este caso, una enfermedad supone perjuicios a la persona, como podr\u00edan ser la p\u00e9rdida o disminuci\u00f3n de ingresos econ\u00f3micos o los costes de tratamientos\u2026 Las coberturas b\u00e1sicas de este seguro, se refieren a los gastos de curaci\u00f3n y a paliar los perjuicios econ\u00f3micos. La \u00fanica condici\u00f3n de la p\u00f3liza es que la enfermedad se manifieste con posterioridad a la contrataci\u00f3n de los servicios del seguro. Tendr\u00eda como coberturas:<\/p>\r\n\r\n\r\n\r\n<ul class=\"wp-block-list\">\r\n<li>La asistencia primaria.<\/li>\r\n<li>Las urgencias en el extranjero.<\/li>\r\n<li>Especialidades m\u00e9dicas y quir\u00fargicas.<\/li>\r\n<li>La hospitalizaci\u00f3n en habitaci\u00f3n individual con cama para un acompa\u00f1ante.<\/li>\r\n<li>-Posibilidad de reembolso con diferentes l\u00edmites, si se acude a servicios ajenos al cuadro m\u00e9dico de la compa\u00f1\u00eda.<\/li>\r\n<li>Segunda opini\u00f3n m\u00e9dica.<\/li>\r\n<li>Con o sin copagos.<\/li>\r\n<li>Es un seguro recomendado para cualquier persona que quiera una asistencia m\u00e9dica privada.<\/li>\r\n<\/ul>\r\n\r\n\r\n\r\n<p>Tambi\u00e9n ofrece seguros de coche a trav\u00e9s de compa\u00f1\u00edas de seguros l\u00edderes en el sector, como son: Axa, Allianz, Direct, Fenix Directo, Mapfre y Pelayo. Tienen cuatro posibilidades:<\/p>\r\n\r\n\r\n\r\n<ol class=\"wp-block-list\">\r\n<li>Seguros de coche a terceros b\u00e1sico. Incluyendo responsabilidad civil obligatoria, responsabilidad civil voluntaria, defensa en multas, asistencia en viajes, defensa jur\u00eddica y reclamaci\u00f3n de da\u00f1os.<\/li>\r\n<li>Seguros de coche a terceros ampliado. Adem\u00e1s de las anteriores, tiene como coberturas: curso de recuperaci\u00f3n de puntos, rotura de lunas, robo e incendio.<\/li>\r\n<li>A todo riesgo.<\/li>\r\n<li>Con franquicia. &lt;es una manera de abaratar los costes. La diferencia es que, si hay un accidente y no hay otra persona culpable, es el asegurado quien paga parte de la reparaci\u00f3n del coche, por ello cuando m\u00e1s alta sea la franquicia, menos precio tendr\u00e1 el seguro.<\/li>\r\n<\/ol>\r\n\r\n\r\n\r\n<p>Ambas incluyen los mismos servicios que los anteriores, seg\u00fan la compa\u00f1\u00eda<\/p>\r\n\r\n\r\n\r\n<p>Al contratar cualquier garant\u00eda de da\u00f1os, tambi\u00e9n queda asegurado para riesgos extraordinarios que cubre al Consorcio de Compensaci\u00f3n de Seguros.<\/p>\r\n\r\n\r\n\r\n<p>Adem\u00e1s, tambi\u00e9n dispone de seguros de moto o ciclomotor con dos tipos de seguros: de moto a terceros y a terceros b\u00e1sicos, ambos cubren responsabilidad civil obligatoria y voluntaria, defensa en multas, asistencia en viajes, defensa jur\u00eddica y reclamaci\u00f3n de da\u00f1os, fallecimiento por accidente del conductor.<\/p>\r\n\r\n\r\n\r\n<p>Tambi\u00e9n cuenta con seguros de hogar, dos tipos de seguros, uno m\u00e1s especializado y completo que es el seguro de hogar con garant\u00eda del continente, que incluye:<\/p>\r\n\r\n\r\n\r\n<p>-Incendio, rayo y explosi\u00f3n.<\/p>\r\n\r\n\r\n\r\n<p>-Da\u00f1os el\u00e9ctricos.<\/p>\r\n\r\n\r\n\r\n<p>-Da\u00f1os por agua, inundaci\u00f3n y fen\u00f3menos meteorol\u00f3gicos.<\/p>\r\n\r\n\r\n\r\n<p>-Hundimiento del terreno por obras de terceros.<\/p>\r\n\r\n\r\n\r\n<p>-Inhabitabilidad forzosa a causa del siniestro.<\/p>\r\n\r\n\r\n\r\n<p>\u2013Restauraci\u00f3n est\u00e9tica despu\u00e9s del siniestro.<\/p>\r\n\r\n\r\n\r\n<p>-Rotura de cristales y elementos sanitarios.<\/p>\r\n\r\n\r\n\r\n<p>-Actos vand\u00e1licos.<\/p>\r\n\r\n\r\n\r\n<p>-Da\u00f1os por robo.<\/p>\r\n\r\n\r\n\r\n<p>-Responsabilidad civil.<\/p>\r\n\r\n\r\n\r\n<p>-Defensa jur\u00eddica.<\/p>\r\n\r\n\r\n\r\n<p>El segundo tipo es el seguro de hogar con garant\u00eda del contenido que incluye:<\/p>\r\n\r\n\r\n\r\n<p>-Da\u00f1os el\u00e9ctricos en aparatos<\/p>\r\n\r\n\r\n\r\n<p>-Rotura de vitrocer\u00e1micas.<\/p>\r\n\r\n\r\n\r\n<p>-Reposici\u00f3n de Documentos.<\/p>\r\n\r\n\r\n\r\n<p>-Deterioro de alimentos en aparatos refrigerados.<\/p>\r\n\r\n\r\n\r\n<p>-Robo y atraco.<\/p>\r\n\r\n\r\n\r\n<p>-Hurto de determinados bienes.<\/p>\r\n\r\n\r\n\r\n<p>-Atraco fuera de la vivienda.<\/p>\r\n\r\n\r\n\r\n<p>-Con l\u00edmites espec\u00edficos para joyas y otros bienes especiales.<\/p>\r\n\r\n<h3>P\u00e1ginas relacionadas<\/h3><div class=\"enlazado\"><ul> <li><a href=\"https:\/\/idecesos.com\/seguros\/companias\/el-corte-ingles\/coberturas\/\">Coberturas Seguro de Decesos El Corte Ingl\u00e9s<\/a><\/li> <li><a href=\"https:\/\/idecesos.com\/seguros\/companias\/el-corte-ingles\/opiniones\/\">Opiniones El Corte Ingl\u00e9s<\/a><\/li> <li><a href=\"https:\/\/idecesos.com\/seguros\/companias\/el-corte-ingles\/precio\/\">Precio seguro El Corte Ingles<\/a><\/li> <li><a href=\"https:\/\/idecesos.com\/seguros\/companias\/el-corte-ingles\/prima-mixta\/\">El Corte Ingles Prima Mixta<\/a><\/li> <li><a href=\"https:\/\/idecesos.com\/seguros\/companias\/el-corte-ingles\/prima-natural\/\">El Corte Ingles Prima Natural<\/a><\/li> <li><a href=\"https:\/\/idecesos.com\/seguros\/companias\/el-corte-ingles\/prima-nivelada\/\">El Corte Ingles Prima Nivelada<\/a><\/li> <li><a href=\"https:\/\/idecesos.com\/seguros\/companias\/el-corte-ingles\/prima-unica\/\">El Corte Ingles Prima \u00danica<\/a><\/li> <li><a href=\"https:\/\/idecesos.com\/seguros\/companias\/el-corte-ingles\/repatriacion\/\">El Corte Ingles Repatriaci\u00f3n<\/a><\/li> <li><a href=\"https:\/\/idecesos.com\/seguros\/companias\/el-corte-ingles\/telefono\/\">Tel\u00e9fono Gratuito El Corte Ingles<\/a><\/li><\/ul><\/div>","protected":false},"excerpt":{"rendered":"<p>El Corte Ingl\u00e9s lanza su propia l\u00ednea de seguros en los inicios de la d\u00e9cada de los 90 con la creaci\u00f3n de Seguros El Corte Ingl\u00e9s con el objetivo de proporcionar a sus clientes protecci\u00f3n ante posibles imprevistos. Cuenta con una amplia gama de servicios dirigida a particulares y a empresas, Entre los servicios que&hellip; <\/p>\n","protected":false},"author":2,"featured_media":0,"parent":332,"menu_order":0,"comment_status":"closed","ping_status":"closed","template":"single.php","meta":{"footnotes":""},"class_list":["post-336","page","type-page","status-publish","hentry"],"yoast_head":"<!-- This site is optimized with the Yoast SEO plugin v27.3 - https:\/\/yoast.com\/product\/yoast-seo-wordpress\/ -->\n<title>Coberturas Seguro de Decesos El Corte Ingl\u00e9s | Gu\u00eda 2026<\/title>\n<meta name=\"description\" content=\"Consulta gratis las coberturas y servicios del Seguro de Decesos El Corte Ingl\u00e9s Informaci\u00f3n actualizada en 2026. Coberturas verificadas por iDecesos.\" \/>\n<meta name=\"robots\" content=\"index, follow, max-snippet:-1, max-image-preview:large, max-video-preview:-1\" \/>\n<link rel=\"canonical\" href=\"https:\/\/idecesos.com\/seguros\/companias\/el-corte-ingles\/coberturas\/\" \/>\n<meta property=\"og:locale\" content=\"es_ES\" \/>\n<meta property=\"og:type\" content=\"article\" \/>\n<meta property=\"og:title\" content=\"Coberturas Seguro de Decesos El Corte Ingl\u00e9s | Gu\u00eda 2026\" \/>\n<meta property=\"og:description\" content=\"Consulta gratis las coberturas y servicios del Seguro de Decesos El Corte Ingl\u00e9s Informaci\u00f3n actualizada en 2026. Coberturas verificadas por iDecesos.\" \/>\n<meta property=\"og:url\" content=\"https:\/\/idecesos.com\/seguros\/companias\/el-corte-ingles\/coberturas\/\" \/>\n<meta property=\"article:modified_time\" content=\"2024-12-11T12:43:28+00:00\" \/>\n<meta name=\"twitter:card\" content=\"summary_large_image\" \/>\n<meta name=\"twitter:label1\" content=\"Tiempo de lectura\" \/>\n\t<meta name=\"twitter:data1\" content=\"5 minutos\" \/>\n<script type=\"application\/ld+json\" class=\"yoast-schema-graph\">{\"@context\":\"https:\\\/\\\/schema.org\",\"@graph\":[{\"@type\":\"WebPage\",\"@id\":\"https:\\\/\\\/idecesos.com\\\/seguros\\\/companias\\\/el-corte-ingles\\\/coberturas\\\/\",\"url\":\"https:\\\/\\\/idecesos.com\\\/seguros\\\/companias\\\/el-corte-ingles\\\/coberturas\\\/\",\"name\":\"Coberturas Seguro de Decesos El Corte Ingl\u00e9s | Gu\u00eda 2026\",\"isPartOf\":{\"@id\":\"https:\\\/\\\/idecesos.com\\\/seguros\\\/#website\"},\"datePublished\":\"2021-07-09T09:21:22+00:00\",\"dateModified\":\"2024-12-11T12:43:28+00:00\",\"description\":\"Consulta gratis las coberturas y servicios del Seguro de Decesos El Corte Ingl\u00e9s Informaci\u00f3n actualizada en 2026. Coberturas verificadas por iDecesos.\",\"breadcrumb\":{\"@id\":\"https:\\\/\\\/idecesos.com\\\/seguros\\\/companias\\\/el-corte-ingles\\\/coberturas\\\/#breadcrumb\"},\"inLanguage\":\"es\",\"potentialAction\":[{\"@type\":\"ReadAction\",\"target\":[\"https:\\\/\\\/idecesos.com\\\/seguros\\\/companias\\\/el-corte-ingles\\\/coberturas\\\/\"]}]},{\"@type\":\"BreadcrumbList\",\"@id\":\"https:\\\/\\\/idecesos.com\\\/seguros\\\/companias\\\/el-corte-ingles\\\/coberturas\\\/#breadcrumb\",\"itemListElement\":[{\"@type\":\"ListItem\",\"position\":1,\"name\":\"Portada\",\"item\":\"https:\\\/\\\/idecesos.com\\\/seguros\\\/\"},{\"@type\":\"ListItem\",\"position\":2,\"name\":\"Compa\u00f1\u00edas de Seguros de Decesos en Espa\u00f1a\",\"item\":\"https:\\\/\\\/idecesos.com\\\/seguros\\\/companias\\\/\"},{\"@type\":\"ListItem\",\"position\":3,\"name\":\"Seguro de decesos El Corte Ingl\u00e9s\",\"item\":\"https:\\\/\\\/idecesos.com\\\/seguros\\\/companias\\\/el-corte-ingles\\\/\"},{\"@type\":\"ListItem\",\"position\":4,\"name\":\"Coberturas Seguro de Decesos El Corte Ingl\u00e9s\"}]},{\"@type\":\"WebSite\",\"@id\":\"https:\\\/\\\/idecesos.com\\\/seguros\\\/#website\",\"url\":\"https:\\\/\\\/idecesos.com\\\/seguros\\\/\",\"name\":\"\",\"description\":\"\",\"potentialAction\":[{\"@type\":\"SearchAction\",\"target\":{\"@type\":\"EntryPoint\",\"urlTemplate\":\"https:\\\/\\\/idecesos.com\\\/seguros\\\/?s={search_term_string}\"},\"query-input\":{\"@type\":\"PropertyValueSpecification\",\"valueRequired\":true,\"valueName\":\"search_term_string\"}}],\"inLanguage\":\"es\"}]}<\/script>\n<!-- \/ Yoast SEO plugin. -->","yoast_head_json":{"title":"Coberturas Seguro de Decesos El Corte Ingl\u00e9s | Gu\u00eda 2026","description":"Consulta gratis las coberturas y servicios del Seguro de Decesos El Corte Ingl\u00e9s Informaci\u00f3n actualizada en 2026. Coberturas verificadas por iDecesos.","robots":{"index":"index","follow":"follow","max-snippet":"max-snippet:-1","max-image-preview":"max-image-preview:large","max-video-preview":"max-video-preview:-1"},"canonical":"https:\/\/idecesos.com\/seguros\/companias\/el-corte-ingles\/coberturas\/","og_locale":"es_ES","og_type":"article","og_title":"Coberturas Seguro de Decesos El Corte Ingl\u00e9s | Gu\u00eda 2026","og_description":"Consulta gratis las coberturas y servicios del Seguro de Decesos El Corte Ingl\u00e9s Informaci\u00f3n actualizada en 2026. Coberturas verificadas por iDecesos.","og_url":"https:\/\/idecesos.com\/seguros\/companias\/el-corte-ingles\/coberturas\/","article_modified_time":"2024-12-11T12:43:28+00:00","twitter_card":"summary_large_image","twitter_misc":{"Tiempo de lectura":"5 minutos"},"schema":{"@context":"https:\/\/schema.org","@graph":[{"@type":"WebPage","@id":"https:\/\/idecesos.com\/seguros\/companias\/el-corte-ingles\/coberturas\/","url":"https:\/\/idecesos.com\/seguros\/companias\/el-corte-ingles\/coberturas\/","name":"Coberturas Seguro de Decesos El Corte Ingl\u00e9s | Gu\u00eda 2026","isPartOf":{"@id":"https:\/\/idecesos.com\/seguros\/#website"},"datePublished":"2021-07-09T09:21:22+00:00","dateModified":"2024-12-11T12:43:28+00:00","description":"Consulta gratis las coberturas y servicios del Seguro de Decesos El Corte Ingl\u00e9s Informaci\u00f3n actualizada en 2026. Coberturas verificadas por iDecesos.","breadcrumb":{"@id":"https:\/\/idecesos.com\/seguros\/companias\/el-corte-ingles\/coberturas\/#breadcrumb"},"inLanguage":"es","potentialAction":[{"@type":"ReadAction","target":["https:\/\/idecesos.com\/seguros\/companias\/el-corte-ingles\/coberturas\/"]}]},{"@type":"BreadcrumbList","@id":"https:\/\/idecesos.com\/seguros\/companias\/el-corte-ingles\/coberturas\/#breadcrumb","itemListElement":[{"@type":"ListItem","position":1,"name":"Portada","item":"https:\/\/idecesos.com\/seguros\/"},{"@type":"ListItem","position":2,"name":"Compa\u00f1\u00edas de Seguros de Decesos en Espa\u00f1a","item":"https:\/\/idecesos.com\/seguros\/companias\/"},{"@type":"ListItem","position":3,"name":"Seguro de decesos El Corte Ingl\u00e9s","item":"https:\/\/idecesos.com\/seguros\/companias\/el-corte-ingles\/"},{"@type":"ListItem","position":4,"name":"Coberturas Seguro de Decesos El Corte Ingl\u00e9s"}]},{"@type":"WebSite","@id":"https:\/\/idecesos.com\/seguros\/#website","url":"https:\/\/idecesos.com\/seguros\/","name":"","description":"","potentialAction":[{"@type":"SearchAction","target":{"@type":"EntryPoint","urlTemplate":"https:\/\/idecesos.com\/seguros\/?s={search_term_string}"},"query-input":{"@type":"PropertyValueSpecification","valueRequired":true,"valueName":"search_term_string"}}],"inLanguage":"es"}]}},"_links":{"self":[{"href":"https:\/\/idecesos.com\/seguros\/wp-json\/wp\/v2\/pages\/336","targetHints":{"allow":["GET"]}}],"collection":[{"href":"https:\/\/idecesos.com\/seguros\/wp-json\/wp\/v2\/pages"}],"about":[{"href":"https:\/\/idecesos.com\/seguros\/wp-json\/wp\/v2\/types\/page"}],"author":[{"embeddable":true,"href":"https:\/\/idecesos.com\/seguros\/wp-json\/wp\/v2\/users\/2"}],"replies":[{"embeddable":true,"href":"https:\/\/idecesos.com\/seguros\/wp-json\/wp\/v2\/comments?post=336"}],"version-history":[{"count":8,"href":"https:\/\/idecesos.com\/seguros\/wp-json\/wp\/v2\/pages\/336\/revisions"}],"predecessor-version":[{"id":22153,"href":"https:\/\/idecesos.com\/seguros\/wp-json\/wp\/v2\/pages\/336\/revisions\/22153"}],"up":[{"embeddable":true,"href":"https:\/\/idecesos.com\/seguros\/wp-json\/wp\/v2\/pages\/332"}],"wp:attachment":[{"href":"https:\/\/idecesos.com\/seguros\/wp-json\/wp\/v2\/media?parent=336"}],"curies":[{"name":"wp","href":"https:\/\/api.w.org\/{rel}","templated":true}]}}