{"id":343,"date":"2021-07-09T09:26:56","date_gmt":"2021-07-09T09:26:56","guid":{"rendered":"https:\/\/idecesos.com\/seguros\/?page_id=343"},"modified":"2024-12-11T13:40:36","modified_gmt":"2024-12-11T12:40:36","slug":"coberturas","status":"publish","type":"page","link":"https:\/\/idecesos.com\/seguros\/companias\/endesa\/coberturas\/","title":{"rendered":"Coberturas Seguro de Decesos Endesa"},"content":{"rendered":"\r\n\r\n<p>Endesa Energ\u00eda S.A es una compa\u00f1\u00eda el\u00e9ctrica que \u00faltimamente est\u00e1 apostando por los seguros de decesos, ya que colabora como filial externa de la corredur\u00eda AON Corporation. Aunque este seguro no es muy conocido por las personas, ya que la compa\u00f1\u00eda se da conocer a la sociedad por su servicio energ\u00e9tico.<\/p>\r\n\r\n\r\n\r\n<p>Todo esto supone una nueva modalidad en los seguros de decesos, ya que no ofrece las coberturas y garant\u00edas de un seguro de decesos como tal, sino que se caracterizan por ser una serie de seguros personales que cubren de una manera particular algunos aspectos que cubre un seguro de decesos.<\/p>\r\n\r\n\r\n\r\n<p>Un ejemplo es el Plan Familia que, en caso de fallecimiento del asegurado, garantiza una cuant\u00eda de hasta 500.000 euros, lo equivalente a los pagos de facturas de los \u00faltimos treinta a\u00f1os y una asistencia telef\u00f3nica en psicolog\u00eda. Otro modelo de seguro particular de Endesa es Plan Tr\u00e1fico, que, en caso de fallecimiento por accidente en circulaci\u00f3n, hospitalizaci\u00f3n, o invalidez parcial o permanente absoluta, brinda al asegurado con una indemnizaci\u00f3n de hasta 120.000 euros, incluyendo otros servicios como asistencia telef\u00f3nica en accidentes, el de recursos de multas y retirada de carnet.<\/p>\r\n\r\n\r\n\r\n<p>La compa\u00f1\u00eda tiene otras dos modalidades de seguros particulares como el Plan de Asistencia Total que en caso de invalidez por accidente te cubre todos los tr\u00e1mites con una indemnizaci\u00f3n de 150.000 euros, as\u00ed como gastos de adecuaci\u00f3n del hogar y una indemnizaci\u00f3n mensual \u00fanica para un tercero en el caso de que le provoque una invalidez en un accidente, durante cinco a\u00f1os. La \u00faltima modalidad se conoce como Plan Hospitalizaci\u00f3n por el que el asegurado puede recibir hasta 175 euros diarios en caso de ser hospitalizado, este seguro de da a elegir entre una segunda opini\u00f3n m\u00e9dica entre los especialistas de Best Doctors<\/p>\r\n\r\n\r\n\r\n<p>Recordamos que un seguro de decesos tiene como funci\u00f3n principal cubrir los gastos derivados del entierro, con un l\u00edmite del capital que el asegurado establece en el contrato. Suele cubrir las costas del tanatorio, esquelas, coronas, incineraci\u00f3n, inhumaci\u00f3n ya sea en alquiler de nicho de forma temporal o permanente, coche f\u00fanebre, l\u00e1pida, adem\u00e1s de las gestiones administrativas que supone el fallecimiento de una persona. En la mayor\u00eda de los casos las personas pueden elegir la compa\u00f1\u00eda funeraria, aunque todo esto depende de la localidad donde el asegurado viva o donde quiera que se produzca su entierro, as\u00ed como las garant\u00edas que cubra dicha compa\u00f1\u00eda en esa localidad.<\/p>\r\n\r\n\r\n\r\n<p>En cuanto a las gestiones administrativas despu\u00e9s de la defunci\u00f3n de una persona, los seguros de decesos suelen cubrir los tr\u00e1mites a cargo de un profesional que trabaja para una determinada compa\u00f1\u00eda de seguros, en cuanto al papeleo relacionado con el fallecimiento del asegurado. Normalmente garantizan:<\/p>\r\n\r\n\r\n\r\n<ul class=\"wp-block-list\">\r\n<li>Un certificado de defunci\u00f3n, para enterrar al difunto y hacer otras labores que se tendr\u00e1n que hacer posteriormente.<\/li>\r\n<li>Solicitud de la pensi\u00f3n de viudedad, orfandad, jubilaci\u00f3n o invalidez<\/li>\r\n<li>Inscripci\u00f3n en el registro civil<\/li>\r\n<li>Adjudicaci\u00f3n de herencias<\/li>\r\n<li>La baja en el libro de familia<\/li>\r\n<li>Demanda de certificado de convivencia<\/li>\r\n<li>Partidas de defunci\u00f3n y temas relacionados con el testamento<\/li>\r\n<li>Baja de la seguridad social<\/li>\r\n<li>Fe de vida<\/li>\r\n<\/ul>\r\n\r\n\r\n\r\n<p>Hay otras coberturas opcionales que puede cubrir un seguro de decesos, estas son las siguientes:<\/p>\r\n\r\n\r\n\r\n<ul class=\"wp-block-list\">\r\n<li>El traslado de un fallecido y de un acompa\u00f1ante desde el lugar donde se ha producido el fallecimiento hasta la localidad donde se quiera hacer el entierro, ya sea de alcance nacional o internacional. Esta es una oferta muy interesante para los migrantes ya que incluye la repatriaci\u00f3n.<\/li>\r\n<li>En cuanto a la asistencia de viajes, un seguro de decesos puede incluir la asistencia en viajes cubriendo todos los gastos m\u00e9dicos, el anticipo de la llegada de un viaje en caso de fallecimiento o accidente de un familiar cercano, repatriaci\u00f3n por enfermedad o accidente, as\u00ed como la ampliaci\u00f3n de la estancia si se produjese las dos situaciones anteriores.<\/li>\r\n<li>Si se produce un accidente, el seguro de decesos tambi\u00e9n puede cubrir ciertos aspectos como son la cobertura de contrataci\u00f3n adicional para los accidentes, as\u00ed como una indemnizaci\u00f3n por fallecimiento o invalidez permanente absoluta o parcial.<\/li>\r\n<li>Hay otras muchas garant\u00edas que puede cubrir un seguro de decesos. Muchas aseguradoras incluyen la elaboraci\u00f3n de un testamento online o el fin de la vida digital de los asegurados.<\/li>\r\n<\/ul>\r\n\r\n\r\n\r\n<p>Adem\u00e1s, todas estas garant\u00edas, incluyen otras como son la asistencia telef\u00f3nica y orientaci\u00f3n en temas de medicina especializada en una gran variedad de \u00e1mbitos como nutrici\u00f3n, psicolog\u00eda, odontolog\u00eda, est\u00e9tica, incluso orientaci\u00f3n en medicina alternativa si el asegurado lo desea. Otras de las coberturas que tambi\u00e9n puede tener un seguro de decesos es la asistencia m\u00e9dica por hospitalizaci\u00f3n o en caso de enfermedades graves como son c\u00e1ncer, sida, insuficiencia renal, infarto cerebral, hemorragia cerebral, operaciones cardiovasculares, as\u00ed como las intervenciones quir\u00fargicas que puede derivar un parto.<\/p>\r\n\r\n\r\n\r\n<p>Por todo ello, cabe recordar que la compa\u00f1\u00eda de energ\u00eda Endesa, no tiene entre sus productos un seguro de decesos como los de las dem\u00e1s compa\u00f1\u00edas, sino que ofrece sus servicios de una forma muy particular.<\/p>\r\n\r\n<h3>P\u00e1ginas relacionadas<\/h3><div class=\"enlazado\"><ul> <li><a href=\"https:\/\/idecesos.com\/seguros\/companias\/endesa\/coberturas\/\">Coberturas Seguro de Decesos Endesa<\/a><\/li> <li><a href=\"https:\/\/idecesos.com\/seguros\/companias\/endesa\/opiniones\/\">Opiniones Endesa<\/a><\/li> <li><a href=\"https:\/\/idecesos.com\/seguros\/companias\/endesa\/precio\/\">Precio seguro Endesa<\/a><\/li> <li><a href=\"https:\/\/idecesos.com\/seguros\/companias\/endesa\/prima-mixta\/\">Endesa Prima Mixta<\/a><\/li> <li><a href=\"https:\/\/idecesos.com\/seguros\/companias\/endesa\/prima-natural\/\">Endesa Prima Natural<\/a><\/li> <li><a href=\"https:\/\/idecesos.com\/seguros\/companias\/endesa\/prima-nivelada\/\">Endesa Prima Nivelada<\/a><\/li> <li><a href=\"https:\/\/idecesos.com\/seguros\/companias\/endesa\/prima-unica\/\">Endesa Prima \u00danica<\/a><\/li> <li><a href=\"https:\/\/idecesos.com\/seguros\/companias\/endesa\/repatriacion\/\">Endesa Repatriaci\u00f3n<\/a><\/li> <li><a href=\"https:\/\/idecesos.com\/seguros\/companias\/endesa\/telefono\/\">Tel\u00e9fono Gratuito Endesa<\/a><\/li><\/ul><\/div>","protected":false},"excerpt":{"rendered":"<p>Endesa Energ\u00eda S.A es una compa\u00f1\u00eda el\u00e9ctrica que \u00faltimamente est\u00e1 apostando por los seguros de decesos, ya que colabora como filial externa de la corredur\u00eda AON Corporation. Aunque este seguro no es muy conocido por las personas, ya que la compa\u00f1\u00eda se da conocer a la sociedad por su servicio energ\u00e9tico. Todo esto supone una&hellip; <\/p>\n","protected":false},"author":2,"featured_media":0,"parent":341,"menu_order":0,"comment_status":"closed","ping_status":"closed","template":"single.php","meta":{"footnotes":""},"class_list":["post-343","page","type-page","status-publish","hentry"],"yoast_head":"<!-- This site is optimized with the Yoast SEO plugin v27.3 - https:\/\/yoast.com\/product\/yoast-seo-wordpress\/ -->\n<title>Coberturas Seguro de Decesos Endesa | Gu\u00eda 2026<\/title>\n<meta name=\"description\" content=\"Consulta gratis las coberturas y servicios del Seguro de Decesos Endesa Informaci\u00f3n actualizada en 2026. Coberturas verificadas por iDecesos.\" \/>\n<meta name=\"robots\" content=\"index, follow, max-snippet:-1, max-image-preview:large, max-video-preview:-1\" \/>\n<link rel=\"canonical\" href=\"https:\/\/idecesos.com\/seguros\/companias\/endesa\/coberturas\/\" \/>\n<meta property=\"og:locale\" content=\"es_ES\" \/>\n<meta property=\"og:type\" content=\"article\" \/>\n<meta property=\"og:title\" content=\"Coberturas Seguro de Decesos Endesa | Gu\u00eda 2026\" \/>\n<meta property=\"og:description\" content=\"Consulta gratis las coberturas y servicios del Seguro de Decesos Endesa Informaci\u00f3n actualizada en 2026. Coberturas verificadas por iDecesos.\" \/>\n<meta property=\"og:url\" content=\"https:\/\/idecesos.com\/seguros\/companias\/endesa\/coberturas\/\" \/>\n<meta property=\"article:modified_time\" content=\"2024-12-11T12:40:36+00:00\" \/>\n<meta name=\"twitter:card\" content=\"summary_large_image\" \/>\n<meta name=\"twitter:label1\" content=\"Tiempo de lectura\" \/>\n\t<meta name=\"twitter:data1\" content=\"4 minutos\" \/>\n<script type=\"application\/ld+json\" class=\"yoast-schema-graph\">{\"@context\":\"https:\\\/\\\/schema.org\",\"@graph\":[{\"@type\":\"WebPage\",\"@id\":\"https:\\\/\\\/idecesos.com\\\/seguros\\\/companias\\\/endesa\\\/coberturas\\\/\",\"url\":\"https:\\\/\\\/idecesos.com\\\/seguros\\\/companias\\\/endesa\\\/coberturas\\\/\",\"name\":\"Coberturas Seguro de Decesos Endesa | Gu\u00eda 2026\",\"isPartOf\":{\"@id\":\"https:\\\/\\\/idecesos.com\\\/seguros\\\/#website\"},\"datePublished\":\"2021-07-09T09:26:56+00:00\",\"dateModified\":\"2024-12-11T12:40:36+00:00\",\"description\":\"Consulta gratis las coberturas y servicios del Seguro de Decesos Endesa Informaci\u00f3n actualizada en 2026. Coberturas verificadas por iDecesos.\",\"breadcrumb\":{\"@id\":\"https:\\\/\\\/idecesos.com\\\/seguros\\\/companias\\\/endesa\\\/coberturas\\\/#breadcrumb\"},\"inLanguage\":\"es\",\"potentialAction\":[{\"@type\":\"ReadAction\",\"target\":[\"https:\\\/\\\/idecesos.com\\\/seguros\\\/companias\\\/endesa\\\/coberturas\\\/\"]}]},{\"@type\":\"BreadcrumbList\",\"@id\":\"https:\\\/\\\/idecesos.com\\\/seguros\\\/companias\\\/endesa\\\/coberturas\\\/#breadcrumb\",\"itemListElement\":[{\"@type\":\"ListItem\",\"position\":1,\"name\":\"Portada\",\"item\":\"https:\\\/\\\/idecesos.com\\\/seguros\\\/\"},{\"@type\":\"ListItem\",\"position\":2,\"name\":\"Compa\u00f1\u00edas de Seguros de Decesos en Espa\u00f1a\",\"item\":\"https:\\\/\\\/idecesos.com\\\/seguros\\\/companias\\\/\"},{\"@type\":\"ListItem\",\"position\":3,\"name\":\"Seguro de decesos Endesa\",\"item\":\"https:\\\/\\\/idecesos.com\\\/seguros\\\/companias\\\/endesa\\\/\"},{\"@type\":\"ListItem\",\"position\":4,\"name\":\"Coberturas Seguro de Decesos Endesa\"}]},{\"@type\":\"WebSite\",\"@id\":\"https:\\\/\\\/idecesos.com\\\/seguros\\\/#website\",\"url\":\"https:\\\/\\\/idecesos.com\\\/seguros\\\/\",\"name\":\"\",\"description\":\"\",\"potentialAction\":[{\"@type\":\"SearchAction\",\"target\":{\"@type\":\"EntryPoint\",\"urlTemplate\":\"https:\\\/\\\/idecesos.com\\\/seguros\\\/?s={search_term_string}\"},\"query-input\":{\"@type\":\"PropertyValueSpecification\",\"valueRequired\":true,\"valueName\":\"search_term_string\"}}],\"inLanguage\":\"es\"}]}<\/script>\n<!-- \/ Yoast SEO plugin. -->","yoast_head_json":{"title":"Coberturas Seguro de Decesos Endesa | Gu\u00eda 2026","description":"Consulta gratis las coberturas y servicios del Seguro de Decesos Endesa Informaci\u00f3n actualizada en 2026. Coberturas verificadas por iDecesos.","robots":{"index":"index","follow":"follow","max-snippet":"max-snippet:-1","max-image-preview":"max-image-preview:large","max-video-preview":"max-video-preview:-1"},"canonical":"https:\/\/idecesos.com\/seguros\/companias\/endesa\/coberturas\/","og_locale":"es_ES","og_type":"article","og_title":"Coberturas Seguro de Decesos Endesa | Gu\u00eda 2026","og_description":"Consulta gratis las coberturas y servicios del Seguro de Decesos Endesa Informaci\u00f3n actualizada en 2026. Coberturas verificadas por iDecesos.","og_url":"https:\/\/idecesos.com\/seguros\/companias\/endesa\/coberturas\/","article_modified_time":"2024-12-11T12:40:36+00:00","twitter_card":"summary_large_image","twitter_misc":{"Tiempo de lectura":"4 minutos"},"schema":{"@context":"https:\/\/schema.org","@graph":[{"@type":"WebPage","@id":"https:\/\/idecesos.com\/seguros\/companias\/endesa\/coberturas\/","url":"https:\/\/idecesos.com\/seguros\/companias\/endesa\/coberturas\/","name":"Coberturas Seguro de Decesos Endesa | Gu\u00eda 2026","isPartOf":{"@id":"https:\/\/idecesos.com\/seguros\/#website"},"datePublished":"2021-07-09T09:26:56+00:00","dateModified":"2024-12-11T12:40:36+00:00","description":"Consulta gratis las coberturas y servicios del Seguro de Decesos Endesa Informaci\u00f3n actualizada en 2026. Coberturas verificadas por iDecesos.","breadcrumb":{"@id":"https:\/\/idecesos.com\/seguros\/companias\/endesa\/coberturas\/#breadcrumb"},"inLanguage":"es","potentialAction":[{"@type":"ReadAction","target":["https:\/\/idecesos.com\/seguros\/companias\/endesa\/coberturas\/"]}]},{"@type":"BreadcrumbList","@id":"https:\/\/idecesos.com\/seguros\/companias\/endesa\/coberturas\/#breadcrumb","itemListElement":[{"@type":"ListItem","position":1,"name":"Portada","item":"https:\/\/idecesos.com\/seguros\/"},{"@type":"ListItem","position":2,"name":"Compa\u00f1\u00edas de Seguros de Decesos en Espa\u00f1a","item":"https:\/\/idecesos.com\/seguros\/companias\/"},{"@type":"ListItem","position":3,"name":"Seguro de decesos Endesa","item":"https:\/\/idecesos.com\/seguros\/companias\/endesa\/"},{"@type":"ListItem","position":4,"name":"Coberturas Seguro de Decesos Endesa"}]},{"@type":"WebSite","@id":"https:\/\/idecesos.com\/seguros\/#website","url":"https:\/\/idecesos.com\/seguros\/","name":"","description":"","potentialAction":[{"@type":"SearchAction","target":{"@type":"EntryPoint","urlTemplate":"https:\/\/idecesos.com\/seguros\/?s={search_term_string}"},"query-input":{"@type":"PropertyValueSpecification","valueRequired":true,"valueName":"search_term_string"}}],"inLanguage":"es"}]}},"_links":{"self":[{"href":"https:\/\/idecesos.com\/seguros\/wp-json\/wp\/v2\/pages\/343","targetHints":{"allow":["GET"]}}],"collection":[{"href":"https:\/\/idecesos.com\/seguros\/wp-json\/wp\/v2\/pages"}],"about":[{"href":"https:\/\/idecesos.com\/seguros\/wp-json\/wp\/v2\/types\/page"}],"author":[{"embeddable":true,"href":"https:\/\/idecesos.com\/seguros\/wp-json\/wp\/v2\/users\/2"}],"replies":[{"embeddable":true,"href":"https:\/\/idecesos.com\/seguros\/wp-json\/wp\/v2\/comments?post=343"}],"version-history":[{"count":5,"href":"https:\/\/idecesos.com\/seguros\/wp-json\/wp\/v2\/pages\/343\/revisions"}],"predecessor-version":[{"id":22143,"href":"https:\/\/idecesos.com\/seguros\/wp-json\/wp\/v2\/pages\/343\/revisions\/22143"}],"up":[{"embeddable":true,"href":"https:\/\/idecesos.com\/seguros\/wp-json\/wp\/v2\/pages\/341"}],"wp:attachment":[{"href":"https:\/\/idecesos.com\/seguros\/wp-json\/wp\/v2\/media?parent=343"}],"curies":[{"name":"wp","href":"https:\/\/api.w.org\/{rel}","templated":true}]}}