{"id":358,"date":"2021-07-09T09:35:20","date_gmt":"2021-07-09T09:35:20","guid":{"rendered":"https:\/\/idecesos.com\/seguros\/?page_id=358"},"modified":"2024-12-11T13:43:43","modified_gmt":"2024-12-11T12:43:43","slug":"coberturas","status":"publish","type":"page","link":"https:\/\/idecesos.com\/seguros\/companias\/expertia\/coberturas\/","title":{"rendered":"Coberturas Seguro de Decesos Expertia"},"content":{"rendered":"\r\n\r\n<p>Antes de profundizar en las coberturas de defunci\u00f3n de Expertia, realizamos una introducci\u00f3n de la compa\u00f1\u00eda perteneciente a Preventiva Seguros. En 1955 nace en Asturias Expertia, bajo su primer nombre \u201cEl previsor del futuro\u201d. Mucho tiempo despu\u00e9s , en el a\u00f1o 2000, el Grupo Preventiva adquiere la compa\u00f1\u00eda y la transforma en lo que actualmente es Expertia, Seguros de Decesos, S.A.<\/p>\r\n\r\n\r\n\r\n<p>Est\u00e1 es una compa\u00f1\u00eda que se dedica en parte a desarrollar nuevos enfoques de productos y esquemas de distribuci\u00f3n. Aplica la experiencia, los sistemas de gesti\u00f3n y las plataformas de Preventiva, Compa\u00f1\u00eda de Seguros y Reaseguros, una matriz del Grupo Preventiva.<\/p>\r\n\r\n\r\n\r\n<p>De esta forma, desde el a\u00f1o 1943, Preventiva asume la misi\u00f3n de dar seguridad y protecci\u00f3n a la familia, a cada uno de sus miembros y a su patrimonio. Por ello, se especializan en desarrollar productos que ofrecen estabilidad personal, adem\u00e1s de emocional en situaciones delicadas y protecci\u00f3n de los bienes familiares.<\/p>\r\n\r\n\r\n\r\n<p>Encontramos m\u00e1s de un mill\u00f3n de asegurados en toda Espa\u00f1a que depositan la confianza en el Grupo Preventiva, Expertia, Avantia e inversiones Norue. Para un servicio mejor y total con el cliente incorporan las herramientas de gesti\u00f3n tecnol\u00f3gicamente m\u00e1s avanzadas y que nos permiten inmediatez, asistencia con la m\u00e1xima eficacia y atenci\u00f3n personalizada.<\/p>\r\n\r\n\r\n\r\n<p>Expertia Seguros de decesos ofrece un producto Expertia Familiar, que protege a toda la familia en los momentos m\u00e1s delicados.<\/p>\r\n\r\n\r\n\r\n<p>Sabemos la dificultad emocional por la que pasamos cuando perdemos a un familiar cercano y querido. De esta forma expertia seguros, una de las compa\u00f1\u00edas l\u00edderes y punteras en el ramo de los seguros de decesos, est\u00e1 aportando ayudas a familiares desde hace m\u00e1s de 70 a\u00f1os, a minimizar el proceso de p\u00e9rdida, ofreciendo un servicio completo y profesional, para que no tengan que preocuparse de nada.<\/p>\r\n\r\n\r\n\r\n<p>El ramo de Expertia Familiar es un producto de servicios que cubre el servicio funerario completo (incluyendo coberturas como traslado nacional e internacional e incluso asistencia en viaje), adem\u00e1s se ocupan de todos los tr\u00e1mites legales y burocr\u00e1ticos con los distintos organismos, ofreciendo hasta un completo servicio de Asistencia M\u00e9dica y Protecci\u00f3n Familiar.<\/p>\r\n\r\n\r\n\r\n<p>Ofrecen numerosas coberturas en su plan de seguros de decesos como por ejemplo el servicio de decesos completo, garantizando el mejor servicio en todas las localidades del territorio espa\u00f1ol, adapt\u00e1ndose a las necesidades concretas de cada unidad familiar, seg\u00fan la localidad del asegurado.<\/p>\r\n\r\n\r\n\r\n<p>Adem\u00e1s ofrecen el traslado completo, ya que no importa el lugar d\u00f3nde haya fallecido el asegurado. El traslado hasta el cementerio elegido en Espa\u00f1a se realiza desde cualquier lugar del mundo.<\/p>\r\n\r\n\r\n\r\n<p>Contar\u00e1s con la cobertura de asistencia en viaje. De esta forma si en el transcurso de un viaje, en Espa\u00f1a o en cualquier otro lugar del mundo, alguno de los asegurados falleciera, o sufriera un posible accidente, o pudiese padecer una enfermedad grave, se ofrecen unos servicios de asistencia imprescindibles para estos casos (incluyendo un traslado de acompa\u00f1ante para la repatriaci\u00f3n del fallecido, repatriaci\u00f3n sanitaria, el billete de avi\u00f3n para un acompa\u00f1ante si ocurre cualquiera de los casos anteriores de infortunio, gastos m\u00e9dicos de urgencia, e incluso env\u00edo de medicamentos).<\/p>\r\n\r\n\r\n\r\n<p>Ofrecen una gesti\u00f3n de servicios jur\u00eddicos en la que los especialistas de Preventiva Seguros que se ocuparan de todos los tr\u00e1mites y gestiones ante cualquier organismo, donde ofrecen asesoramiento legal, redacci\u00f3n de documentos, gestiones relativas a herencias o tramitaci\u00f3n de pensiones, entre otras cuestiones de gran relevancia.<\/p>\r\n\r\n\r\n\r\n<p>De forma opcional tambi\u00e9n cuentan con varias coberturas disponibles como una serie de ventajas y descuentos a los asegurados ofreciendo un amplio cuadro m\u00e9dico a nivel nacional y en otros servicios (\u00f3pticas, ortopedias, veterinarios, balnearios, etc) adem\u00e1s de obtener diversos servicios dentales gratuitos y un servicio de orientaci\u00f3n m\u00e9dica telef\u00f3nica.<\/p>\r\n\r\n\r\n\r\n<p>Los seguros de decesos se encargan principalmente de cubrir los gastos del sepelio del asegurado, adem\u00e1s de procesar las gestiones necesarias para facilitar todos los tr\u00e1mites a la familia del recientemente fallecido, evitando as\u00ed tener que abonar todos los gastos derivados de la defunci\u00f3n, y orientando en los tr\u00e1mites inherentes a esa situaci\u00f3n.<\/p>\r\n\r\n\r\n\r\n<p>Debemos aclarar cu\u00e1les son las condiciones generales de la p\u00f3liza. Estas, redactadas por la entidad aseguradora, con los principios b\u00e1sicos que se aplican a todos los contratos de un mismo tipo (ramo o modalidad de garant\u00eda), ya que hacen referencia a cuestiones comunes a todos ellos. En estas condiciones suelen establecer normas que hacen referencia a la extensi\u00f3n y objeto del seguro, como los riesgos excluidos con car\u00e1cter general, la forma de liquidaci\u00f3n de los siniestros, el pago de las indemnizaciones, el cobro de recibos, las comunicaciones entre el asegurador y el asegurado, jurisdicci\u00f3n, y otros temas relevantes.<\/p>\r\n\r\n\r\n\r\n<p>No podemos dejar de se\u00f1alar la posibilidad de acudir al portal web iDecesos.com que nos hace una comparaci\u00f3n de los mejores seguros de decesos al mejor precio, adaptado las necesidades de cada persona, y de forma sencilla, adem\u00e1s de que la p\u00f3liza solo tarda 24 horas en llegar.<\/p>\r\n\r\n<h3>P\u00e1ginas relacionadas<\/h3><div class=\"enlazado\"><ul> <li><a href=\"https:\/\/idecesos.com\/seguros\/companias\/expertia\/coberturas\/\">Coberturas Seguro de Decesos Expertia<\/a><\/li> <li><a href=\"https:\/\/idecesos.com\/seguros\/companias\/expertia\/opiniones\/\">Opiniones Expertia<\/a><\/li> <li><a href=\"https:\/\/idecesos.com\/seguros\/companias\/expertia\/precio\/\">Precio seguro Expertia<\/a><\/li> <li><a href=\"https:\/\/idecesos.com\/seguros\/companias\/expertia\/prima-mixta\/\">Expertia Prima Mixta<\/a><\/li> <li><a href=\"https:\/\/idecesos.com\/seguros\/companias\/expertia\/prima-natural\/\">Expertia Prima Natural<\/a><\/li> <li><a href=\"https:\/\/idecesos.com\/seguros\/companias\/expertia\/prima-nivelada\/\">Expertia Prima Nivelada<\/a><\/li> <li><a href=\"https:\/\/idecesos.com\/seguros\/companias\/expertia\/prima-unica\/\">Expertia Prima \u00danica<\/a><\/li> <li><a href=\"https:\/\/idecesos.com\/seguros\/companias\/expertia\/repatriacion\/\">Expertia Repatriaci\u00f3n<\/a><\/li> <li><a href=\"https:\/\/idecesos.com\/seguros\/companias\/expertia\/telefono\/\">Tel\u00e9fono Gratuito Expertia<\/a><\/li><\/ul><\/div>","protected":false},"excerpt":{"rendered":"<p>Antes de profundizar en las coberturas de defunci\u00f3n de Expertia, realizamos una introducci\u00f3n de la compa\u00f1\u00eda perteneciente a Preventiva Seguros. En 1955 nace en Asturias Expertia, bajo su primer nombre \u201cEl previsor del futuro\u201d. Mucho tiempo despu\u00e9s , en el a\u00f1o 2000, el Grupo Preventiva adquiere la compa\u00f1\u00eda y la transforma en lo que actualmente&hellip; <\/p>\n","protected":false},"author":2,"featured_media":0,"parent":356,"menu_order":0,"comment_status":"closed","ping_status":"closed","template":"single.php","meta":{"footnotes":""},"class_list":["post-358","page","type-page","status-publish","hentry"],"yoast_head":"<!-- This site is optimized with the Yoast SEO plugin v27.3 - https:\/\/yoast.com\/product\/yoast-seo-wordpress\/ -->\n<title>Coberturas Seguro de Decesos Expertia | Gu\u00eda 2026<\/title>\n<meta name=\"description\" content=\"Consulta gratis las coberturas y servicios del Seguro de Decesos Expertia Informaci\u00f3n actualizada en 2026. Coberturas verificadas por iDecesos.\" \/>\n<meta name=\"robots\" content=\"index, follow, max-snippet:-1, max-image-preview:large, max-video-preview:-1\" \/>\n<link rel=\"canonical\" href=\"https:\/\/idecesos.com\/seguros\/companias\/expertia\/coberturas\/\" \/>\n<meta property=\"og:locale\" content=\"es_ES\" \/>\n<meta property=\"og:type\" content=\"article\" \/>\n<meta property=\"og:title\" content=\"Coberturas Seguro de Decesos Expertia | Gu\u00eda 2026\" \/>\n<meta property=\"og:description\" content=\"Consulta gratis las coberturas y servicios del Seguro de Decesos Expertia Informaci\u00f3n actualizada en 2026. Coberturas verificadas por iDecesos.\" \/>\n<meta property=\"og:url\" content=\"https:\/\/idecesos.com\/seguros\/companias\/expertia\/coberturas\/\" \/>\n<meta property=\"article:modified_time\" content=\"2024-12-11T12:43:43+00:00\" \/>\n<meta name=\"twitter:card\" content=\"summary_large_image\" \/>\n<meta name=\"twitter:label1\" content=\"Tiempo de lectura\" \/>\n\t<meta name=\"twitter:data1\" content=\"4 minutos\" \/>\n<script type=\"application\/ld+json\" class=\"yoast-schema-graph\">{\"@context\":\"https:\\\/\\\/schema.org\",\"@graph\":[{\"@type\":\"WebPage\",\"@id\":\"https:\\\/\\\/idecesos.com\\\/seguros\\\/companias\\\/expertia\\\/coberturas\\\/\",\"url\":\"https:\\\/\\\/idecesos.com\\\/seguros\\\/companias\\\/expertia\\\/coberturas\\\/\",\"name\":\"Coberturas Seguro de Decesos Expertia | Gu\u00eda 2026\",\"isPartOf\":{\"@id\":\"https:\\\/\\\/idecesos.com\\\/seguros\\\/#website\"},\"datePublished\":\"2021-07-09T09:35:20+00:00\",\"dateModified\":\"2024-12-11T12:43:43+00:00\",\"description\":\"Consulta gratis las coberturas y servicios del Seguro de Decesos Expertia Informaci\u00f3n actualizada en 2026. Coberturas verificadas por iDecesos.\",\"breadcrumb\":{\"@id\":\"https:\\\/\\\/idecesos.com\\\/seguros\\\/companias\\\/expertia\\\/coberturas\\\/#breadcrumb\"},\"inLanguage\":\"es\",\"potentialAction\":[{\"@type\":\"ReadAction\",\"target\":[\"https:\\\/\\\/idecesos.com\\\/seguros\\\/companias\\\/expertia\\\/coberturas\\\/\"]}]},{\"@type\":\"BreadcrumbList\",\"@id\":\"https:\\\/\\\/idecesos.com\\\/seguros\\\/companias\\\/expertia\\\/coberturas\\\/#breadcrumb\",\"itemListElement\":[{\"@type\":\"ListItem\",\"position\":1,\"name\":\"Portada\",\"item\":\"https:\\\/\\\/idecesos.com\\\/seguros\\\/\"},{\"@type\":\"ListItem\",\"position\":2,\"name\":\"Compa\u00f1\u00edas de Seguros de Decesos en Espa\u00f1a\",\"item\":\"https:\\\/\\\/idecesos.com\\\/seguros\\\/companias\\\/\"},{\"@type\":\"ListItem\",\"position\":3,\"name\":\"Seguro de decesos Expertia\",\"item\":\"https:\\\/\\\/idecesos.com\\\/seguros\\\/companias\\\/expertia\\\/\"},{\"@type\":\"ListItem\",\"position\":4,\"name\":\"Coberturas Seguro de Decesos Expertia\"}]},{\"@type\":\"WebSite\",\"@id\":\"https:\\\/\\\/idecesos.com\\\/seguros\\\/#website\",\"url\":\"https:\\\/\\\/idecesos.com\\\/seguros\\\/\",\"name\":\"\",\"description\":\"\",\"potentialAction\":[{\"@type\":\"SearchAction\",\"target\":{\"@type\":\"EntryPoint\",\"urlTemplate\":\"https:\\\/\\\/idecesos.com\\\/seguros\\\/?s={search_term_string}\"},\"query-input\":{\"@type\":\"PropertyValueSpecification\",\"valueRequired\":true,\"valueName\":\"search_term_string\"}}],\"inLanguage\":\"es\"}]}<\/script>\n<!-- \/ Yoast SEO plugin. -->","yoast_head_json":{"title":"Coberturas Seguro de Decesos Expertia | Gu\u00eda 2026","description":"Consulta gratis las coberturas y servicios del Seguro de Decesos Expertia Informaci\u00f3n actualizada en 2026. Coberturas verificadas por iDecesos.","robots":{"index":"index","follow":"follow","max-snippet":"max-snippet:-1","max-image-preview":"max-image-preview:large","max-video-preview":"max-video-preview:-1"},"canonical":"https:\/\/idecesos.com\/seguros\/companias\/expertia\/coberturas\/","og_locale":"es_ES","og_type":"article","og_title":"Coberturas Seguro de Decesos Expertia | Gu\u00eda 2026","og_description":"Consulta gratis las coberturas y servicios del Seguro de Decesos Expertia Informaci\u00f3n actualizada en 2026. Coberturas verificadas por iDecesos.","og_url":"https:\/\/idecesos.com\/seguros\/companias\/expertia\/coberturas\/","article_modified_time":"2024-12-11T12:43:43+00:00","twitter_card":"summary_large_image","twitter_misc":{"Tiempo de lectura":"4 minutos"},"schema":{"@context":"https:\/\/schema.org","@graph":[{"@type":"WebPage","@id":"https:\/\/idecesos.com\/seguros\/companias\/expertia\/coberturas\/","url":"https:\/\/idecesos.com\/seguros\/companias\/expertia\/coberturas\/","name":"Coberturas Seguro de Decesos Expertia | Gu\u00eda 2026","isPartOf":{"@id":"https:\/\/idecesos.com\/seguros\/#website"},"datePublished":"2021-07-09T09:35:20+00:00","dateModified":"2024-12-11T12:43:43+00:00","description":"Consulta gratis las coberturas y servicios del Seguro de Decesos Expertia Informaci\u00f3n actualizada en 2026. Coberturas verificadas por iDecesos.","breadcrumb":{"@id":"https:\/\/idecesos.com\/seguros\/companias\/expertia\/coberturas\/#breadcrumb"},"inLanguage":"es","potentialAction":[{"@type":"ReadAction","target":["https:\/\/idecesos.com\/seguros\/companias\/expertia\/coberturas\/"]}]},{"@type":"BreadcrumbList","@id":"https:\/\/idecesos.com\/seguros\/companias\/expertia\/coberturas\/#breadcrumb","itemListElement":[{"@type":"ListItem","position":1,"name":"Portada","item":"https:\/\/idecesos.com\/seguros\/"},{"@type":"ListItem","position":2,"name":"Compa\u00f1\u00edas de Seguros de Decesos en Espa\u00f1a","item":"https:\/\/idecesos.com\/seguros\/companias\/"},{"@type":"ListItem","position":3,"name":"Seguro de decesos Expertia","item":"https:\/\/idecesos.com\/seguros\/companias\/expertia\/"},{"@type":"ListItem","position":4,"name":"Coberturas Seguro de Decesos Expertia"}]},{"@type":"WebSite","@id":"https:\/\/idecesos.com\/seguros\/#website","url":"https:\/\/idecesos.com\/seguros\/","name":"","description":"","potentialAction":[{"@type":"SearchAction","target":{"@type":"EntryPoint","urlTemplate":"https:\/\/idecesos.com\/seguros\/?s={search_term_string}"},"query-input":{"@type":"PropertyValueSpecification","valueRequired":true,"valueName":"search_term_string"}}],"inLanguage":"es"}]}},"_links":{"self":[{"href":"https:\/\/idecesos.com\/seguros\/wp-json\/wp\/v2\/pages\/358","targetHints":{"allow":["GET"]}}],"collection":[{"href":"https:\/\/idecesos.com\/seguros\/wp-json\/wp\/v2\/pages"}],"about":[{"href":"https:\/\/idecesos.com\/seguros\/wp-json\/wp\/v2\/types\/page"}],"author":[{"embeddable":true,"href":"https:\/\/idecesos.com\/seguros\/wp-json\/wp\/v2\/users\/2"}],"replies":[{"embeddable":true,"href":"https:\/\/idecesos.com\/seguros\/wp-json\/wp\/v2\/comments?post=358"}],"version-history":[{"count":6,"href":"https:\/\/idecesos.com\/seguros\/wp-json\/wp\/v2\/pages\/358\/revisions"}],"predecessor-version":[{"id":22154,"href":"https:\/\/idecesos.com\/seguros\/wp-json\/wp\/v2\/pages\/358\/revisions\/22154"}],"up":[{"embeddable":true,"href":"https:\/\/idecesos.com\/seguros\/wp-json\/wp\/v2\/pages\/356"}],"wp:attachment":[{"href":"https:\/\/idecesos.com\/seguros\/wp-json\/wp\/v2\/media?parent=358"}],"curies":[{"name":"wp","href":"https:\/\/api.w.org\/{rel}","templated":true}]}}