{"id":383,"date":"2021-07-09T15:24:37","date_gmt":"2021-07-09T15:24:37","guid":{"rendered":"https:\/\/idecesos.com\/seguros\/?page_id=383"},"modified":"2024-12-11T13:46:20","modified_gmt":"2024-12-11T12:46:20","slug":"coberturas","status":"publish","type":"page","link":"https:\/\/idecesos.com\/seguros\/companias\/ing\/coberturas\/","title":{"rendered":"Coberturas Seguro de Decesos ING"},"content":{"rendered":"\r\n\r\n<p>ING Direct es conocido por la sociedad como un banco, pero tambi\u00e9n ofrece sus servicios como un seguro de decesos, o como lo define la propia entidad como un seguro de vida, ya que, entre otras cosas, cumplen con una gran labor de compromiso social, para la mejora de la sociedad y es por ello, por lo que quieren que tener cubiertas todas las necesidades de sus m\u00e1s de treinta y cuatro millones de clientes repartidos por cuarenta pa\u00edses.<\/p>\r\n\r\n\r\n\r\n<p>Con el seguro de vida de ING Direct, podr\u00e1 tener a su familia protegida y sin necesidad de que tenga que pasar por rigurosos reconocimientos m\u00e9dicos, como se obliga con las dem\u00e1s aseguradoras. Adem\u00e1s, podr\u00e1s pagarlo de diferentes formas, ya sea mensual o anual, sin pago fraccionado y podr\u00e1s cancelarlo sin penalizaciones, la prima se recalcula al renovar la p\u00f3liza, dependiendo de la edad del asegurado y del capital elegido, a m\u00e1s edad, m\u00e1s tendr\u00e1 que pagar. Usted decide qu\u00e9 cantidad quiere asegurar, desde 50.000 euros hasta los 300.000\u20ac.<\/p>\r\n\r\n\r\n\r\n<p>La cobertura principal que cubre este seguro es todo lo referido a los gastos y tr\u00e1mites que conlleva el fallecimiento de una persona, ya que se preocupan de que, en momentos tan dif\u00edciles, los familiares no tengan que tener esa responsabilidad. Por ejemplo, los gastos del entierro, incineraci\u00f3n, inhumaci\u00f3n, coche f\u00fanebre, arca f\u00fanebre, coronas de flores, coche de acompa\u00f1amiento, as\u00ed como la tramitaci\u00f3n de certificados de defunci\u00f3n, de orfandad, de viudedad, entre otras cosas.<\/p>\r\n\r\n\r\n\r\n<p>Para ello, la compa\u00f1\u00eda requiere de ciertos requisitos del asegurado, como el DNI o certificado de nacimiento, certificado de \u00faltimas voluntades, testamento en el caso de que se haya hecho, declaraci\u00f3n de herencia, el DNI de los otros beneficiarios as\u00ed como los datos de la cuenta bancaria en la que se desea que la entidad le haga el abono del seguro. La edad que debe tener una persona para contratar un seguro de decesos con ING Direct abarca desde la mayor\u00eda de edad, dieciocho a\u00f1os, hasta los sesenta y nueve.<\/p>\r\n\r\n\r\n\r\n<p>Por otro lado, puede contratar una cobertura adicional si lo desea, con ella, al asegurado se le abonar\u00e1 una cuant\u00eda igual al saldo medio que haya ahorrado, con un l\u00edmite de 50.000 euros. Una de las garant\u00edas extras que cubre el seguro adem\u00e1s de la b\u00e1sica de fallecimiento, es la invalidez permanente absoluta, es decir, en el caso de que el asegurado tenga una situaci\u00f3n mental o f\u00edsica que sea irreversible que le impida hacer una vida laboral o cualquier actividad profesional, siempre que se produzca antes de los 65 a\u00f1os de la persona que quiera contratar este tipo de seguros.<\/p>\r\n\r\n\r\n\r\n<p>Este seguro se har\u00e1 efectivo siempre que el tomador, a la hora de hacer el contrato de la p\u00f3liza haga una serie de declaraciones de salud como son las siguientes:<\/p>\r\n\r\n\r\n\r\n<p>\u2013 \u00a0\u00a0\u00a0\u00a0\u00a0\u00a0\u00a0\u00a0\u00a0Que la vida laboral del asegurado no se haya interrumpido por un accidente o una enfermedad que haya superado los 30 d\u00edas durante los tres a\u00f1os anteriores.<\/p>\r\n\r\n\r\n\r\n<p>\u2013 \u00a0\u00a0\u00a0\u00a0\u00a0\u00a0\u00a0\u00a0\u00a0No haber sido intervenido quir\u00fargicamente, haber sido paciente de radioterapia, quimioterapia, hemodi\u00e1lisis u otros tratamientos que abarquen m\u00e1s de cinco d\u00edas de hospitalizaci\u00f3n, durante los tres a\u00f1os anteriores al contrato del seguro<\/p>\r\n\r\n\r\n\r\n<p>\u2013 \u00a0\u00a0\u00a0\u00a0\u00a0\u00a0\u00a0\u00a0\u00a0No haber padecido c\u00e1ncer o tumores, contagio de VIH y enfermedades asociadas, afecciones card\u00edacas o circulatorias, as\u00ed como psicol\u00f3gicas o alguna secuela de alg\u00fan accidente<\/p>\r\n\r\n\r\n\r\n<p>\u2013 \u00a0\u00a0\u00a0\u00a0\u00a0\u00a0\u00a0\u00a0\u00a0No tener concedida la tramitaci\u00f3n de la invalidez permanente absoluta o alguna minusval\u00eda que supere el 33%<\/p>\r\n\r\n\r\n\r\n<p>\u2013 \u00a0\u00a0\u00a0\u00a0\u00a0\u00a0\u00a0\u00a0\u00a0Si tiene profesiones de riesgos como: trabajador de industria pesquera o alta mal, trabajador de industria petrolera o de gas, trabajo bajo tierra o bajo agua, trabajo con explosivos, si trabaja en las Fuerzas Armadas, si es deportista profesional, si trabaja en situaciones de altura superiores a los quince metros, si maneja maquinaria pesada o es trabajador de la industria agr\u00edcola con el uso de la fuerza motriz.<\/p>\r\n\r\n\r\n\r\n<p>Del mismo modo, aqu\u00ed presentamos una serie de condiciones que est\u00e1n excluidas del contrato:<\/p>\r\n\r\n\r\n\r\n<p>\u2013 \u00a0\u00a0\u00a0\u00a0\u00a0\u00a0\u00a0\u00a0\u00a0El suicidio del asegurado o si se produce su muerte como consecuencia de un intento de suicidio, durante el primer a\u00f1o del seguro.<\/p>\r\n\r\n\r\n\r\n<p>\u2013 \u00a0\u00a0\u00a0\u00a0\u00a0\u00a0\u00a0\u00a0\u00a0Si tiene lesiones graves como consecuencia de una enfermedad o de un accidente que haya ocurrido antes a la entrada en vigor del seguro.<\/p>\r\n\r\n\r\n\r\n<p>\u2013 \u00a0\u00a0\u00a0\u00a0\u00a0\u00a0\u00a0\u00a0\u00a0Si es v\u00edctima de actos pol\u00edticos sociales, como son las guerras, motines, revueltas, revoluciones o cualquier hecho que haya sido declarado como catastr\u00f3fico.<\/p>\r\n\r\n\r\n\r\n<p>\u2013 \u00a0\u00a0\u00a0\u00a0\u00a0\u00a0\u00a0\u00a0\u00a0Si es \u00a0\u00a0perjudicado por una reacci\u00f3n o radiaci\u00f3n nuclear o por una contaminaci\u00f3n radioactiva<\/p>\r\n\r\n\r\n\r\n<p>\u2013 \u00a0\u00a0\u00a0\u00a0\u00a0\u00a0\u00a0\u00a0\u00a0Lesiones que sean ocasionadas con intenci\u00f3n de suicidio por el asegurado, efectuadas en estado de embriaguez, si ha consumido narc\u00f3ticos o drogas.<\/p>\r\n\r\n\r\n\r\n<p>\u2013 \u00a0\u00a0\u00a0\u00a0\u00a0\u00a0\u00a0\u00a0\u00a0Si el asegurado comete un acto criminal.<\/p>\r\n\r\n\r\n\r\n<p>\u2013 \u00a0\u00a0\u00a0\u00a0\u00a0\u00a0\u00a0\u00a0\u00a0Si el asegurado tiene un accidente a causa del consumo de estupefacientes, alcohol y otras.<\/p>\r\n\r\n\r\n\r\n<p>\u2013 \u00a0\u00a0\u00a0\u00a0\u00a0\u00a0\u00a0\u00a0\u00a0Si sufre un accidente o muere como consecuencia de un viaje en aeronave, y no es usuario de transporte p\u00fablico.<\/p>\r\n\r\n\r\n\r\n<p>\u2013 \u00a0\u00a0\u00a0\u00a0\u00a0\u00a0\u00a0\u00a0\u00a0Si practica cualquier actividad deportiva como deportista de \u00e9lite o profesional<\/p>\r\n\r\n\r\n\r\n<p>ING Direct como entidad bancaria se quiere asegurar de los familiares del asegurado, en caso de que \u00e9ste contrate un pr\u00e9stamo y fallezca no se tengan que hacer responsables de todos los recargos y deudas que podr\u00eda conllevar, por ello ofrece este seguro de vida como uno de los productos que m\u00e1s necesarios para sus clientes.<\/p>\r\n\r\n<h3>P\u00e1ginas relacionadas<\/h3><div class=\"enlazado\"><ul> <li><a href=\"https:\/\/idecesos.com\/seguros\/companias\/ing\/coberturas\/\">Coberturas Seguro de Decesos ING<\/a><\/li> <li><a href=\"https:\/\/idecesos.com\/seguros\/companias\/ing\/opiniones\/\">Opiniones ING<\/a><\/li> <li><a href=\"https:\/\/idecesos.com\/seguros\/companias\/ing\/precio\/\">Precio seguro ING<\/a><\/li> <li><a href=\"https:\/\/idecesos.com\/seguros\/companias\/ing\/prima-mixta\/\">ING Prima Mixta<\/a><\/li> <li><a href=\"https:\/\/idecesos.com\/seguros\/companias\/ing\/prima-natural\/\">ING Prima Natural<\/a><\/li> <li><a href=\"https:\/\/idecesos.com\/seguros\/companias\/ing\/prima-nivelada\/\">ING Prima Nivelada<\/a><\/li> <li><a href=\"https:\/\/idecesos.com\/seguros\/companias\/ing\/prima-unica\/\">ING Prima \u00danica<\/a><\/li> <li><a href=\"https:\/\/idecesos.com\/seguros\/companias\/ing\/repatriacion\/\">ING Repatriaci\u00f3n<\/a><\/li> <li><a href=\"https:\/\/idecesos.com\/seguros\/companias\/ing\/telefono\/\">Tel\u00e9fono Gratuito ING<\/a><\/li><\/ul><\/div>","protected":false},"excerpt":{"rendered":"<p>ING Direct es conocido por la sociedad como un banco, pero tambi\u00e9n ofrece sus servicios como un seguro de decesos, o como lo define la propia entidad como un seguro de vida, ya que, entre otras cosas, cumplen con una gran labor de compromiso social, para la mejora de la sociedad y es por ello,&hellip; <\/p>\n","protected":false},"author":2,"featured_media":0,"parent":381,"menu_order":0,"comment_status":"closed","ping_status":"closed","template":"single.php","meta":{"footnotes":""},"class_list":["post-383","page","type-page","status-publish","hentry"],"yoast_head":"<!-- This site is optimized with the Yoast SEO plugin v27.2 - https:\/\/yoast.com\/product\/yoast-seo-wordpress\/ -->\n<title>Coberturas Seguro de Decesos ING | Gu\u00eda 2026<\/title>\n<meta name=\"description\" content=\"Consulta gratis las coberturas y servicios del Seguro de Decesos ING Informaci\u00f3n actualizada en 2026. Coberturas verificadas por iDecesos.\" \/>\n<meta name=\"robots\" content=\"index, follow, max-snippet:-1, max-image-preview:large, max-video-preview:-1\" \/>\n<link rel=\"canonical\" href=\"https:\/\/idecesos.com\/seguros\/companias\/ing\/coberturas\/\" \/>\n<meta property=\"og:locale\" content=\"es_ES\" \/>\n<meta property=\"og:type\" content=\"article\" \/>\n<meta property=\"og:title\" content=\"Coberturas Seguro de Decesos ING | Gu\u00eda 2026\" \/>\n<meta property=\"og:description\" content=\"Consulta gratis las coberturas y servicios del Seguro de Decesos ING Informaci\u00f3n actualizada en 2026. Coberturas verificadas por iDecesos.\" \/>\n<meta property=\"og:url\" content=\"https:\/\/idecesos.com\/seguros\/companias\/ing\/coberturas\/\" \/>\n<meta property=\"article:modified_time\" content=\"2024-12-11T12:46:20+00:00\" \/>\n<meta name=\"twitter:card\" content=\"summary_large_image\" \/>\n<meta name=\"twitter:label1\" content=\"Tiempo de lectura\" \/>\n\t<meta name=\"twitter:data1\" content=\"4 minutos\" \/>\n<script type=\"application\/ld+json\" class=\"yoast-schema-graph\">{\"@context\":\"https:\/\/schema.org\",\"@graph\":[{\"@type\":\"WebPage\",\"@id\":\"https:\/\/idecesos.com\/seguros\/companias\/ing\/coberturas\/\",\"url\":\"https:\/\/idecesos.com\/seguros\/companias\/ing\/coberturas\/\",\"name\":\"Coberturas Seguro de Decesos ING | Gu\u00eda 2026\",\"isPartOf\":{\"@id\":\"https:\/\/idecesos.com\/seguros\/#website\"},\"datePublished\":\"2021-07-09T15:24:37+00:00\",\"dateModified\":\"2024-12-11T12:46:20+00:00\",\"description\":\"Consulta gratis las coberturas y servicios del Seguro de Decesos ING Informaci\u00f3n actualizada en 2026. Coberturas verificadas por iDecesos.\",\"breadcrumb\":{\"@id\":\"https:\/\/idecesos.com\/seguros\/companias\/ing\/coberturas\/#breadcrumb\"},\"inLanguage\":\"es\",\"potentialAction\":[{\"@type\":\"ReadAction\",\"target\":[\"https:\/\/idecesos.com\/seguros\/companias\/ing\/coberturas\/\"]}]},{\"@type\":\"BreadcrumbList\",\"@id\":\"https:\/\/idecesos.com\/seguros\/companias\/ing\/coberturas\/#breadcrumb\",\"itemListElement\":[{\"@type\":\"ListItem\",\"position\":1,\"name\":\"Portada\",\"item\":\"https:\/\/idecesos.com\/seguros\/\"},{\"@type\":\"ListItem\",\"position\":2,\"name\":\"Compa\u00f1\u00edas de Seguros de Decesos en Espa\u00f1a\",\"item\":\"https:\/\/idecesos.com\/seguros\/companias\/\"},{\"@type\":\"ListItem\",\"position\":3,\"name\":\"Seguro de decesos ING\",\"item\":\"https:\/\/idecesos.com\/seguros\/companias\/ing\/\"},{\"@type\":\"ListItem\",\"position\":4,\"name\":\"Coberturas Seguro de Decesos ING\"}]},{\"@type\":\"WebSite\",\"@id\":\"https:\/\/idecesos.com\/seguros\/#website\",\"url\":\"https:\/\/idecesos.com\/seguros\/\",\"name\":\"\",\"description\":\"\",\"potentialAction\":[{\"@type\":\"SearchAction\",\"target\":{\"@type\":\"EntryPoint\",\"urlTemplate\":\"https:\/\/idecesos.com\/seguros\/?s={search_term_string}\"},\"query-input\":{\"@type\":\"PropertyValueSpecification\",\"valueRequired\":true,\"valueName\":\"search_term_string\"}}],\"inLanguage\":\"es\"}]}<\/script>\n<!-- \/ Yoast SEO plugin. -->","yoast_head_json":{"title":"Coberturas Seguro de Decesos ING | Gu\u00eda 2026","description":"Consulta gratis las coberturas y servicios del Seguro de Decesos ING Informaci\u00f3n actualizada en 2026. Coberturas verificadas por iDecesos.","robots":{"index":"index","follow":"follow","max-snippet":"max-snippet:-1","max-image-preview":"max-image-preview:large","max-video-preview":"max-video-preview:-1"},"canonical":"https:\/\/idecesos.com\/seguros\/companias\/ing\/coberturas\/","og_locale":"es_ES","og_type":"article","og_title":"Coberturas Seguro de Decesos ING | Gu\u00eda 2026","og_description":"Consulta gratis las coberturas y servicios del Seguro de Decesos ING Informaci\u00f3n actualizada en 2026. Coberturas verificadas por iDecesos.","og_url":"https:\/\/idecesos.com\/seguros\/companias\/ing\/coberturas\/","article_modified_time":"2024-12-11T12:46:20+00:00","twitter_card":"summary_large_image","twitter_misc":{"Tiempo de lectura":"4 minutos"},"schema":{"@context":"https:\/\/schema.org","@graph":[{"@type":"WebPage","@id":"https:\/\/idecesos.com\/seguros\/companias\/ing\/coberturas\/","url":"https:\/\/idecesos.com\/seguros\/companias\/ing\/coberturas\/","name":"Coberturas Seguro de Decesos ING | Gu\u00eda 2026","isPartOf":{"@id":"https:\/\/idecesos.com\/seguros\/#website"},"datePublished":"2021-07-09T15:24:37+00:00","dateModified":"2024-12-11T12:46:20+00:00","description":"Consulta gratis las coberturas y servicios del Seguro de Decesos ING Informaci\u00f3n actualizada en 2026. Coberturas verificadas por iDecesos.","breadcrumb":{"@id":"https:\/\/idecesos.com\/seguros\/companias\/ing\/coberturas\/#breadcrumb"},"inLanguage":"es","potentialAction":[{"@type":"ReadAction","target":["https:\/\/idecesos.com\/seguros\/companias\/ing\/coberturas\/"]}]},{"@type":"BreadcrumbList","@id":"https:\/\/idecesos.com\/seguros\/companias\/ing\/coberturas\/#breadcrumb","itemListElement":[{"@type":"ListItem","position":1,"name":"Portada","item":"https:\/\/idecesos.com\/seguros\/"},{"@type":"ListItem","position":2,"name":"Compa\u00f1\u00edas de Seguros de Decesos en Espa\u00f1a","item":"https:\/\/idecesos.com\/seguros\/companias\/"},{"@type":"ListItem","position":3,"name":"Seguro de decesos ING","item":"https:\/\/idecesos.com\/seguros\/companias\/ing\/"},{"@type":"ListItem","position":4,"name":"Coberturas Seguro de Decesos ING"}]},{"@type":"WebSite","@id":"https:\/\/idecesos.com\/seguros\/#website","url":"https:\/\/idecesos.com\/seguros\/","name":"","description":"","potentialAction":[{"@type":"SearchAction","target":{"@type":"EntryPoint","urlTemplate":"https:\/\/idecesos.com\/seguros\/?s={search_term_string}"},"query-input":{"@type":"PropertyValueSpecification","valueRequired":true,"valueName":"search_term_string"}}],"inLanguage":"es"}]}},"_links":{"self":[{"href":"https:\/\/idecesos.com\/seguros\/wp-json\/wp\/v2\/pages\/383","targetHints":{"allow":["GET"]}}],"collection":[{"href":"https:\/\/idecesos.com\/seguros\/wp-json\/wp\/v2\/pages"}],"about":[{"href":"https:\/\/idecesos.com\/seguros\/wp-json\/wp\/v2\/types\/page"}],"author":[{"embeddable":true,"href":"https:\/\/idecesos.com\/seguros\/wp-json\/wp\/v2\/users\/2"}],"replies":[{"embeddable":true,"href":"https:\/\/idecesos.com\/seguros\/wp-json\/wp\/v2\/comments?post=383"}],"version-history":[{"count":5,"href":"https:\/\/idecesos.com\/seguros\/wp-json\/wp\/v2\/pages\/383\/revisions"}],"predecessor-version":[{"id":22160,"href":"https:\/\/idecesos.com\/seguros\/wp-json\/wp\/v2\/pages\/383\/revisions\/22160"}],"up":[{"embeddable":true,"href":"https:\/\/idecesos.com\/seguros\/wp-json\/wp\/v2\/pages\/381"}],"wp:attachment":[{"href":"https:\/\/idecesos.com\/seguros\/wp-json\/wp\/v2\/media?parent=383"}],"curies":[{"name":"wp","href":"https:\/\/api.w.org\/{rel}","templated":true}]}}