{"id":406,"date":"2021-07-12T07:36:08","date_gmt":"2021-07-12T07:36:08","guid":{"rendered":"https:\/\/idecesos.com\/seguros\/?page_id=406"},"modified":"2022-04-06T11:17:56","modified_gmt":"2022-04-06T11:17:56","slug":"dental","status":"publish","type":"page","link":"https:\/\/idecesos.com\/seguros\/companias\/liberty\/dental\/","title":{"rendered":"Seguro de Decesos Liberty: Cobertura dental"},"content":{"rendered":"<div id=\"ez-toc-container\" class=\"ez-toc-v2_0_82_2 ez-toc-wrap-center counter-hierarchy ez-toc-counter ez-toc-custom ez-toc-container-direction\">\n<div class=\"ez-toc-title-container\">\n<p class=\"ez-toc-title\" style=\"cursor:inherit\">Tabla de Contenido<\/p>\n<span class=\"ez-toc-title-toggle\"><a href=\"#\" class=\"ez-toc-pull-right ez-toc-btn ez-toc-btn-xs ez-toc-btn-default ez-toc-toggle\" aria-label=\"Alternar tabla de contenidos\"><span class=\"ez-toc-js-icon-con\"><span class=\"\"><span class=\"eztoc-hide\" style=\"display:none;\">Toggle<\/span><span class=\"ez-toc-icon-toggle-span\"><svg style=\"fill: #db6415;color:#db6415\" xmlns=\"http:\/\/www.w3.org\/2000\/svg\" class=\"list-377408\" width=\"20px\" height=\"20px\" viewBox=\"0 0 24 24\" fill=\"none\"><path d=\"M6 6H4v2h2V6zm14 0H8v2h12V6zM4 11h2v2H4v-2zm16 0H8v2h12v-2zM4 16h2v2H4v-2zm16 0H8v2h12v-2z\" fill=\"currentColor\"><\/path><\/svg><svg style=\"fill: #db6415;color:#db6415\" class=\"arrow-unsorted-368013\" xmlns=\"http:\/\/www.w3.org\/2000\/svg\" width=\"10px\" height=\"10px\" viewBox=\"0 0 24 24\" version=\"1.2\" baseProfile=\"tiny\"><path d=\"M18.2 9.3l-6.2-6.3-6.2 6.3c-.2.2-.3.4-.3.7s.1.5.3.7c.2.2.4.3.7.3h11c.3 0 .5-.1.7-.3.2-.2.3-.5.3-.7s-.1-.5-.3-.7zM5.8 14.7l6.2 6.3 6.2-6.3c.2-.2.3-.5.3-.7s-.1-.5-.3-.7c-.2-.2-.4-.3-.7-.3h-11c-.3 0-.5.1-.7.3-.2.2-.3.5-.3.7s.1.5.3.7z\"\/><\/svg><\/span><\/span><\/span><\/a><\/span><\/div>\n<nav><ul class='ez-toc-list ez-toc-list-level-1 ' ><li class='ez-toc-page-1 ez-toc-heading-level-3'><a class=\"ez-toc-link ez-toc-heading-1\" href=\"https:\/\/idecesos.com\/seguros\/companias\/liberty\/dental\/#Paginas_relacionadas\" >P\u00e1ginas relacionadas<\/a><ul class='ez-toc-list-level-4' ><li class='ez-toc-heading-level-4'><a class=\"ez-toc-link ez-toc-heading-2\" href=\"https:\/\/idecesos.com\/seguros\/companias\/liberty\/dental\/#Coberturas_obligatorias_que_ofrece_el_seguro_de_decesos_de_Liberty\" >Coberturas obligatorias que ofrece el seguro de decesos de Liberty:<\/a><\/li><li class='ez-toc-page-1 ez-toc-heading-level-4'><a class=\"ez-toc-link ez-toc-heading-3\" href=\"https:\/\/idecesos.com\/seguros\/companias\/liberty\/dental\/#Las_coberturas_opcionales_del_seguro_de_decesos_de_Liberty\" >Las coberturas opcionales del seguro de decesos de Liberty:<\/a><\/li><li class='ez-toc-page-1 ez-toc-heading-level-4'><a class=\"ez-toc-link ez-toc-heading-4\" href=\"https:\/\/idecesos.com\/seguros\/companias\/liberty\/dental\/#%C2%BFQuien_puede_contratar_un_seguro_de_decesos_de_Liberty\" >\u00bfQui\u00e9n puede contratar un seguro de decesos de Liberty?<\/a><\/li><li class='ez-toc-page-1 ez-toc-heading-level-4'><a class=\"ez-toc-link ez-toc-heading-5\" href=\"https:\/\/idecesos.com\/seguros\/companias\/liberty\/dental\/#El_precio_del_seguro_de_decesos_de_Liberty\" >El precio del seguro de decesos de Liberty<\/a><\/li><li class='ez-toc-page-1 ez-toc-heading-level-4'><a class=\"ez-toc-link ez-toc-heading-6\" href=\"https:\/\/idecesos.com\/seguros\/companias\/liberty\/dental\/#El_telefono_en_el_seguro_de_decesos_de_Liberty\" >El tel\u00e9fono en el seguro de decesos de Liberty<\/a><\/li><li class='ez-toc-page-1 ez-toc-heading-level-4'><a class=\"ez-toc-link ez-toc-heading-7\" href=\"https:\/\/idecesos.com\/seguros\/companias\/liberty\/dental\/#Siniestros_en_el_seguro_de_decesos_de_Liberty_declaracion_y_como_tramitar\" >Siniestros en el seguro de decesos de Liberty: declaraci\u00f3n y c\u00f3mo tramitar<\/a><\/li><li class='ez-toc-page-1 ez-toc-heading-level-4'><a class=\"ez-toc-link ez-toc-heading-8\" href=\"https:\/\/idecesos.com\/seguros\/companias\/liberty\/dental\/#Preguntas_frecuentes_sobre_seguros_de_decesos_de_Liberty\" >Preguntas frecuentes sobre seguros de decesos de Liberty:<\/a><ul class='ez-toc-list-level-5' ><li class='ez-toc-heading-level-5'><a class=\"ez-toc-link ez-toc-heading-9\" href=\"https:\/\/idecesos.com\/seguros\/companias\/liberty\/dental\/#%C2%BFCuando_se_paga_la_prima_del_seguro_de_decesos_en_Liberty_Seguros\" >\u00bfCu\u00e1ndo se paga la prima del seguro de decesos en Liberty Seguros?<\/a><\/li><li class='ez-toc-page-1 ez-toc-heading-level-5'><a class=\"ez-toc-link ez-toc-heading-10\" href=\"https:\/\/idecesos.com\/seguros\/companias\/liberty\/dental\/#%C2%BFCuanto_dura_el_seguro_de_decesos_de_Liberty\" >\u00bfCu\u00e1nto dura el seguro de decesos de Liberty?<\/a><\/li><\/ul><\/li><\/ul><\/li><li class='ez-toc-page-1 ez-toc-heading-level-3'><a class=\"ez-toc-link ez-toc-heading-11\" href=\"https:\/\/idecesos.com\/seguros\/companias\/liberty\/dental\/#Paginas_relacionadas-2\" >P\u00e1ginas relacionadas<\/a><\/li><\/ul><\/nav><\/div>\n<h3><span class=\"ez-toc-section\" id=\"Paginas_relacionadas\"><\/span>P\u00e1ginas relacionadas<span class=\"ez-toc-section-end\"><\/span><\/h3><div class=\"enlazado\"><ul> <li><a href=\"https:\/\/idecesos.com\/seguros\/companias\/liberty\/dental\/\">Liberty Dental<\/a><\/li> <li><a href=\"https:\/\/idecesos.com\/seguros\/companias\/liberty\/opiniones\/\">Opiniones Liberty<\/a><\/li> <li><a href=\"https:\/\/idecesos.com\/seguros\/companias\/liberty\/precio\/\">Precio seguro Liberty<\/a><\/li> <li><a href=\"https:\/\/idecesos.com\/seguros\/companias\/liberty\/prima-mixta\/\">Liberty Prima Mixta<\/a><\/li> <li><a href=\"https:\/\/idecesos.com\/seguros\/companias\/liberty\/prima-natural\/\">Liberty Prima Natural<\/a><\/li> <li><a href=\"https:\/\/idecesos.com\/seguros\/companias\/liberty\/prima-nivelada\/\">Liberty Prima Nivelada<\/a><\/li> <li><a href=\"https:\/\/idecesos.com\/seguros\/companias\/liberty\/prima-unica\/\">Liberty Prima \u00danica<\/a><\/li> <li><a href=\"https:\/\/idecesos.com\/seguros\/companias\/liberty\/repatriacion\/\">Liberty Repatriaci\u00f3n<\/a><\/li> <li><a href=\"https:\/\/idecesos.com\/seguros\/companias\/liberty\/telefono\/\">Tel\u00e9fono Gratuito Liberty<\/a><\/li><\/ul><\/div>\n<p>&nbsp;<\/p>\n<p>En Espa\u00f1a, el coste medio de un entierro supera los 3.000 \u20ac.\u00a0Por eso, si quieres evitar que tu familia pase un rato a\u00fan peor cuando tu fallezcas, el seguro de decesos de Liberty les dar\u00e1 cierta tranquilidad, al menos econ\u00f3mica. Este seguro se encargar\u00e1 de costear tu funeral y de dar cierta tranquilidad a tus seres queridos en un momento tan dif\u00edcil. \u00bfQu\u00e9 incluye el seguro de decesos de Liberty?<\/p>\n<h4><span class=\"ez-toc-section\" id=\"Coberturas_obligatorias_que_ofrece_el_seguro_de_decesos_de_Liberty\"><\/span>Coberturas obligatorias que ofrece el seguro de decesos de Liberty:<span class=\"ez-toc-section-end\"><\/span><\/h4>\n<p>El seguro de decesos de Liberty\u00a0<strong>garantiza un servicio f\u00fanebre en Espa\u00f1a<\/strong>, pero no es la \u00fanica cobertura obligatoria. Otras garant\u00edas de este tipo son:<\/p>\n<ul>\n<li><strong>Traslado completo del fallecido<\/strong>, sin l\u00edmites dentro o fuera de Espa\u00f1a.<\/li>\n<li><strong>Gestiones ante organismos p\u00fablicos por fallecimiento<\/strong>: que cubre las gestiones relativas a la herencia y tramitaci\u00f3n de las prestaciones ante organismos p\u00fablicos.<\/li>\n<li><strong>Asesoramiento legal en relaci\u00f3n con el fallecimiento<\/strong>: en temas como el testamento, la sucesi\u00f3n, la partici\u00f3n de la herencia o las prestaciones a la Seguridad Social.<\/li>\n<li><b>Testamento abierto notarial y testamento vital<\/b>: asistencia para la elaboraci\u00f3n del testamento abierto notarial con la opci\u00f3n de modificarlo una vez al a\u00f1o.<\/li>\n<li><strong>Borrado digital<\/strong>: de cuentas personas, redes sociales, correos electr\u00f3nicos y p\u00e1ginas web hasta un m\u00e1ximo de 4 cuentas o p\u00e1ginas.<\/li>\n<li><strong>Asistencia psicol\u00f3gica para familiares de primer grado<\/strong>: servicio telef\u00f3nico de ayuda psicol\u00f3gica.<\/li>\n<\/ul>\n<h4 id=\"liberty-seguros-decesos-coberturas-opcionales\"><span class=\"ez-toc-section\" id=\"Las_coberturas_opcionales_del_seguro_de_decesos_de_Liberty\"><\/span>Las coberturas opcionales del seguro de decesos de Liberty:<span class=\"ez-toc-section-end\"><\/span><\/h4>\n<p>Las coberturas opcionales\u00a0<strong>son aquellas que podemos a\u00f1adir a nuestro seguro seg\u00fan nuestro inter\u00e9s<\/strong>. Como ver\u00e1s el seguro de decesos de Liberty no incluye el seguro m\u00e9dico familiar ni entre sus coberturas obligatorias ni en las opcionales. Las garant\u00edas adicionales son:<\/p>\n<ul>\n<li>Asistencia en viaje por enfermedad grave o accidente para residentes en Espa\u00f1a.<\/li>\n<li>Traslado por fallecimiento para estancias de larga duraci\u00f3n en el extranjero, para espa\u00f1oles residentes en el extranjero y para extranjeros residentes en Espa\u00f1a.<\/li>\n<li>Gestiones relacionadas con la vida privada.<\/li>\n<li>Asesoramiento legal en relaci\u00f3n con la vida privada y ayuda a la vida diaria en caso de fallecimiento.<\/li>\n<\/ul>\n<h4 id=\"liberty-seguros-decesos-normas-suscripcion\"><span class=\"ez-toc-section\" id=\"%C2%BFQuien_puede_contratar_un_seguro_de_decesos_de_Liberty\"><\/span>\u00bfQui\u00e9n puede contratar un seguro de decesos de Liberty?<span class=\"ez-toc-section-end\"><\/span><\/h4>\n<p>Para poder contratar el seguro de decesos de Liberty debemos cumplir con unos requisitos. No todos podemos hacerlo, ni realizar los pagos de la cantidad que queramos&#8230;por eso,\u00a0<strong>debemos conocer las normas de suscripci\u00f3n<\/strong>.<\/p>\n<ul>\n<li><strong>El pa\u00eds de residencia<\/strong>: tenemos que residir en Espa\u00f1a.<\/li>\n<li><strong>La edad de contrataci\u00f3n<\/strong>: no existe una edad m\u00ednima para contratarlo pero s\u00ed una m\u00e1xima, 70 a\u00f1os.<\/li>\n<li><strong>El precio del recibo m\u00ednimo<\/strong> ser\u00e1 de 10 \u20ac.<\/li>\n<li><strong>El recargo por fraccionamiento del pago<\/strong>: para pagos anuales y semestrales no habr\u00e1 recargo, pero si es mensual o trimestral tendr\u00e1 un extra del 2&#8217;04%.<\/li>\n<li><strong>El n\u00famero de asegurados<\/strong>: como m\u00ednimo habr\u00e1 que asegurar a una persona y hasta 8 como m\u00e1ximo.<\/li>\n<li><strong>La duraci\u00f3n del contrato<\/strong>: anual renovable.<\/li>\n<\/ul>\n<h4 id=\"liberty-seguros-decesos-precio\"><span class=\"ez-toc-section\" id=\"El_precio_del_seguro_de_decesos_de_Liberty\"><\/span>El precio del seguro de decesos de Liberty<span class=\"ez-toc-section-end\"><\/span><\/h4>\n<p>El precio del seguro de decesos de Liberty var\u00eda seg\u00fan la opci\u00f3n que elijamos. La compa\u00f1\u00eda nos ofrece dos posibilidades:<\/p>\n<ul>\n<li><strong>120 \u20ac\/a\u00f1o<\/strong>: para familias de 4 personas, siempre que los 2 adultos sean menores de 50 a\u00f1os y los 2 hijos tengan menos de 18 a\u00f1os.<\/li>\n<li><strong>80 \u20ac\/a\u00f1o<\/strong>: para familias con una media de 3 asegurados en la que los adultos sean mayores de 50 a\u00f1os.<\/li>\n<\/ul>\n<h4 id=\"liberty-seguros-decesos-telefono\"><span class=\"ez-toc-section\" id=\"El_telefono_en_el_seguro_de_decesos_de_Liberty\"><\/span>El tel\u00e9fono en el seguro de decesos de Liberty<span class=\"ez-toc-section-end\"><\/span><\/h4>\n<section class=\"section-white\">\n<div class=\"container\">\n<p>El tel\u00e9fono del seguro de decesos de Liberty Seguros\u00a0<strong>es el 93 489 04 35<\/strong>. Podr\u00e1s utilizarlo para comunicar el fallecimiento de un asegurado y tramitar el siniestro, o para hacer el testamento abierto notarial.<\/p>\n<h4 id=\"liberty-seguros-decesos-siniestros\"><span class=\"ez-toc-section\" id=\"Siniestros_en_el_seguro_de_decesos_de_Liberty_declaracion_y_como_tramitar\"><\/span>Siniestros en el seguro de decesos de Liberty: declaraci\u00f3n y c\u00f3mo tramitar<span class=\"ez-toc-section-end\"><\/span><\/h4>\n<\/div>\n<\/section>\n<section class=\"section-white\">\n<div class=\"container\">\n<p>El principal siniestro del seguro de decesos en Liberty es\u00a0el fallecimiento del asegurado. Para que la aseguradora pueda trabajar y darte la cobertura que necesitas,\u00a0la comunicaci\u00f3n del fallecimiento deber\u00e1 ser lo m\u00e1s inmediata posible. Para ponerte en contacto\u00a0puedes llamar al 93 489 04 35\u00a0o al +34 93 489 04 35 si lo haces desde fuera de Espa\u00f1a.<\/p>\n<p>Deber\u00e1s entregarle a la aseguradora el DNI del asegurado fallecido y el certificado m\u00e9dico oficial de defunci\u00f3n.<\/p>\n<p>Cuando la compa\u00f1\u00eda compruebe que el fallecimiento entra dentro de las coberturas de la p\u00f3liza, realizar\u00e1\u00a0el pago de la indemnizaci\u00f3n dentro de los 40 d\u00edas siguientes\u00a0a la recepci\u00f3n de la declaraci\u00f3n del siniestro.<\/p>\n<\/div>\n<\/section>\n<section class=\"section-white\">\n<div class=\"container\">\n<h4 id=\"preguntas-frecuentes-seguro-decesos-Liberty\"><span class=\"ez-toc-section\" id=\"Preguntas_frecuentes_sobre_seguros_de_decesos_de_Liberty\"><\/span><strong>Preguntas frecuentes sobre seguros de decesos de Liberty:<\/strong><span class=\"ez-toc-section-end\"><\/span><\/h4>\n<div>\n<h5 id=\"seguro-decesos-Liberty1\"><span class=\"ez-toc-section\" id=\"%C2%BFCuando_se_paga_la_prima_del_seguro_de_decesos_en_Liberty_Seguros\"><\/span>\u00bfCu\u00e1ndo se paga la prima del seguro de decesos en Liberty Seguros?<span class=\"ez-toc-section-end\"><\/span><\/h5>\n<div>\n<div>\n<p>El pago de la prima del seguro de decesos de Liberty podr\u00e1 pagarse de forma fraccionada: semestral, trimestral o mensualmente. Ten en cuenta que el fraccionamiento implicar\u00e1 un recargo.<\/p>\n<h5 id=\"seguro-decesos-Liberty2\"><span class=\"ez-toc-section\" id=\"%C2%BFCuanto_dura_el_seguro_de_decesos_de_Liberty\"><\/span>\u00bfCu\u00e1nto dura el seguro de decesos de Liberty?<span class=\"ez-toc-section-end\"><\/span><\/h5>\n<div>\n<div>\n<p>El contrato de este seguro es anual y se prorroga de forma t\u00e1cita. Si no deseas renovar podr\u00e1s hacerlo mediante un escrito a la aseguradora efectuada con, al menos, un mes de anticipaci\u00f3n a la finalizaci\u00f3n del seguro.<\/p>\n<p>Por \u00faltimo, Liberty Decesos, se caracteriza por ofrecer un servicio excelente, adem\u00e1s su seguro de defunci\u00f3n contempla una amplia gama de coberturas que se pueden usar en vida, aparte de su servicio de entierro. Liberty seguros ha logrado crear una p\u00f3liza de decesos adecuada a cualquier necesidad del mercado.<\/p>\n<p>Adem\u00e1s su seguro de defunci\u00f3n contempla una amplia gama de coberturas que se pueden usar en vida, aparte de su servicio de entierro. Liberty seguros ha logrado crear una p\u00f3liza de decesos adecuada a cualquier necesidad del mercado.<\/p>\n<p>&nbsp;<\/p>\n<\/div>\n<\/div>\n<\/div>\n<\/div>\n<\/div>\n<h3><span class=\"ez-toc-section\" id=\"Paginas_relacionadas-2\"><\/span>P\u00e1ginas relacionadas<span class=\"ez-toc-section-end\"><\/span><\/h3><div class=\"enlazado\"><ul> <li><a href=\"https:\/\/idecesos.com\/seguros\/companias\/liberty\/dental\/\">Liberty Dental<\/a><\/li> <li><a href=\"https:\/\/idecesos.com\/seguros\/companias\/liberty\/opiniones\/\">Opiniones Liberty<\/a><\/li> <li><a href=\"https:\/\/idecesos.com\/seguros\/companias\/liberty\/precio\/\">Precio seguro Liberty<\/a><\/li> <li><a href=\"https:\/\/idecesos.com\/seguros\/companias\/liberty\/prima-mixta\/\">Liberty Prima Mixta<\/a><\/li> <li><a href=\"https:\/\/idecesos.com\/seguros\/companias\/liberty\/prima-natural\/\">Liberty Prima Natural<\/a><\/li> <li><a href=\"https:\/\/idecesos.com\/seguros\/companias\/liberty\/prima-nivelada\/\">Liberty Prima Nivelada<\/a><\/li> <li><a href=\"https:\/\/idecesos.com\/seguros\/companias\/liberty\/prima-unica\/\">Liberty Prima \u00danica<\/a><\/li> <li><a href=\"https:\/\/idecesos.com\/seguros\/companias\/liberty\/repatriacion\/\">Liberty Repatriaci\u00f3n<\/a><\/li> <li><a href=\"https:\/\/idecesos.com\/seguros\/companias\/liberty\/telefono\/\">Tel\u00e9fono Gratuito Liberty<\/a><\/li><\/ul><\/div>\n<div><\/div>\n<\/div>\n<\/section>\n","protected":false},"excerpt":{"rendered":"<p>&nbsp; En Espa\u00f1a, el coste medio de un entierro supera los 3.000 \u20ac.\u00a0Por eso, si quieres evitar que tu familia pase un rato a\u00fan peor cuando tu fallezcas, el seguro de decesos de Liberty les dar\u00e1 cierta tranquilidad, al menos econ\u00f3mica. Este seguro se encargar\u00e1 de costear tu funeral y de dar cierta tranquilidad a&hellip; <\/p>\n","protected":false},"author":2,"featured_media":0,"parent":403,"menu_order":0,"comment_status":"open","ping_status":"closed","template":"single.php","meta":{"footnotes":""},"class_list":["post-406","page","type-page","status-publish","hentry"],"yoast_head":"<!-- This site is optimized with the Yoast SEO plugin v27.3 - https:\/\/yoast.com\/product\/yoast-seo-wordpress\/ -->\n<title>Seguro de Decesos Liberty: Cobertura dental -<\/title>\n<meta name=\"robots\" content=\"index, follow, max-snippet:-1, max-image-preview:large, max-video-preview:-1\" \/>\n<link rel=\"canonical\" href=\"https:\/\/idecesos.com\/seguros\/companias\/liberty\/dental\/\" \/>\n<meta property=\"og:locale\" content=\"es_ES\" \/>\n<meta property=\"og:type\" content=\"article\" \/>\n<meta property=\"og:title\" content=\"Seguro de Decesos Liberty: Cobertura dental -\" \/>\n<meta property=\"og:description\" content=\"&nbsp; En Espa\u00f1a, el coste medio de un entierro supera los 3.000 \u20ac.\u00a0Por eso, si quieres evitar que tu familia pase un rato a\u00fan peor cuando tu fallezcas, el seguro de decesos de Liberty les dar\u00e1 cierta tranquilidad, al menos econ\u00f3mica. Este seguro se encargar\u00e1 de costear tu funeral y de dar cierta tranquilidad a&hellip;\" \/>\n<meta property=\"og:url\" content=\"https:\/\/idecesos.com\/seguros\/companias\/liberty\/dental\/\" \/>\n<meta property=\"article:modified_time\" content=\"2022-04-06T11:17:56+00:00\" \/>\n<meta name=\"twitter:card\" content=\"summary_large_image\" \/>\n<meta name=\"twitter:label1\" content=\"Tiempo de lectura\" \/>\n\t<meta name=\"twitter:data1\" content=\"5 minutos\" \/>\n<script type=\"application\/ld+json\" class=\"yoast-schema-graph\">{\"@context\":\"https:\\\/\\\/schema.org\",\"@graph\":[{\"@type\":\"WebPage\",\"@id\":\"https:\\\/\\\/idecesos.com\\\/seguros\\\/companias\\\/liberty\\\/dental\\\/\",\"url\":\"https:\\\/\\\/idecesos.com\\\/seguros\\\/companias\\\/liberty\\\/dental\\\/\",\"name\":\"Seguro de Decesos Liberty: Cobertura dental -\",\"isPartOf\":{\"@id\":\"https:\\\/\\\/idecesos.com\\\/seguros\\\/#website\"},\"datePublished\":\"2021-07-12T07:36:08+00:00\",\"dateModified\":\"2022-04-06T11:17:56+00:00\",\"breadcrumb\":{\"@id\":\"https:\\\/\\\/idecesos.com\\\/seguros\\\/companias\\\/liberty\\\/dental\\\/#breadcrumb\"},\"inLanguage\":\"es\",\"potentialAction\":[{\"@type\":\"ReadAction\",\"target\":[\"https:\\\/\\\/idecesos.com\\\/seguros\\\/companias\\\/liberty\\\/dental\\\/\"]}]},{\"@type\":\"BreadcrumbList\",\"@id\":\"https:\\\/\\\/idecesos.com\\\/seguros\\\/companias\\\/liberty\\\/dental\\\/#breadcrumb\",\"itemListElement\":[{\"@type\":\"ListItem\",\"position\":1,\"name\":\"Portada\",\"item\":\"https:\\\/\\\/idecesos.com\\\/seguros\\\/\"},{\"@type\":\"ListItem\",\"position\":2,\"name\":\"Compa\u00f1\u00edas de Seguros de Decesos en Espa\u00f1a\",\"item\":\"https:\\\/\\\/idecesos.com\\\/seguros\\\/companias\\\/\"},{\"@type\":\"ListItem\",\"position\":3,\"name\":\"Seguro de decesos Liberty\",\"item\":\"https:\\\/\\\/idecesos.com\\\/seguros\\\/companias\\\/liberty\\\/\"},{\"@type\":\"ListItem\",\"position\":4,\"name\":\"Seguro de Decesos Liberty: Cobertura dental\"}]},{\"@type\":\"WebSite\",\"@id\":\"https:\\\/\\\/idecesos.com\\\/seguros\\\/#website\",\"url\":\"https:\\\/\\\/idecesos.com\\\/seguros\\\/\",\"name\":\"\",\"description\":\"\",\"potentialAction\":[{\"@type\":\"SearchAction\",\"target\":{\"@type\":\"EntryPoint\",\"urlTemplate\":\"https:\\\/\\\/idecesos.com\\\/seguros\\\/?s={search_term_string}\"},\"query-input\":{\"@type\":\"PropertyValueSpecification\",\"valueRequired\":true,\"valueName\":\"search_term_string\"}}],\"inLanguage\":\"es\"}]}<\/script>\n<!-- \/ Yoast SEO plugin. -->","yoast_head_json":{"title":"Seguro de Decesos Liberty: Cobertura dental -","robots":{"index":"index","follow":"follow","max-snippet":"max-snippet:-1","max-image-preview":"max-image-preview:large","max-video-preview":"max-video-preview:-1"},"canonical":"https:\/\/idecesos.com\/seguros\/companias\/liberty\/dental\/","og_locale":"es_ES","og_type":"article","og_title":"Seguro de Decesos Liberty: Cobertura dental -","og_description":"&nbsp; En Espa\u00f1a, el coste medio de un entierro supera los 3.000 \u20ac.\u00a0Por eso, si quieres evitar que tu familia pase un rato a\u00fan peor cuando tu fallezcas, el seguro de decesos de Liberty les dar\u00e1 cierta tranquilidad, al menos econ\u00f3mica. Este seguro se encargar\u00e1 de costear tu funeral y de dar cierta tranquilidad a&hellip;","og_url":"https:\/\/idecesos.com\/seguros\/companias\/liberty\/dental\/","article_modified_time":"2022-04-06T11:17:56+00:00","twitter_card":"summary_large_image","twitter_misc":{"Tiempo de lectura":"5 minutos"},"schema":{"@context":"https:\/\/schema.org","@graph":[{"@type":"WebPage","@id":"https:\/\/idecesos.com\/seguros\/companias\/liberty\/dental\/","url":"https:\/\/idecesos.com\/seguros\/companias\/liberty\/dental\/","name":"Seguro de Decesos Liberty: Cobertura dental -","isPartOf":{"@id":"https:\/\/idecesos.com\/seguros\/#website"},"datePublished":"2021-07-12T07:36:08+00:00","dateModified":"2022-04-06T11:17:56+00:00","breadcrumb":{"@id":"https:\/\/idecesos.com\/seguros\/companias\/liberty\/dental\/#breadcrumb"},"inLanguage":"es","potentialAction":[{"@type":"ReadAction","target":["https:\/\/idecesos.com\/seguros\/companias\/liberty\/dental\/"]}]},{"@type":"BreadcrumbList","@id":"https:\/\/idecesos.com\/seguros\/companias\/liberty\/dental\/#breadcrumb","itemListElement":[{"@type":"ListItem","position":1,"name":"Portada","item":"https:\/\/idecesos.com\/seguros\/"},{"@type":"ListItem","position":2,"name":"Compa\u00f1\u00edas de Seguros de Decesos en Espa\u00f1a","item":"https:\/\/idecesos.com\/seguros\/companias\/"},{"@type":"ListItem","position":3,"name":"Seguro de decesos Liberty","item":"https:\/\/idecesos.com\/seguros\/companias\/liberty\/"},{"@type":"ListItem","position":4,"name":"Seguro de Decesos Liberty: Cobertura dental"}]},{"@type":"WebSite","@id":"https:\/\/idecesos.com\/seguros\/#website","url":"https:\/\/idecesos.com\/seguros\/","name":"","description":"","potentialAction":[{"@type":"SearchAction","target":{"@type":"EntryPoint","urlTemplate":"https:\/\/idecesos.com\/seguros\/?s={search_term_string}"},"query-input":{"@type":"PropertyValueSpecification","valueRequired":true,"valueName":"search_term_string"}}],"inLanguage":"es"}]}},"_links":{"self":[{"href":"https:\/\/idecesos.com\/seguros\/wp-json\/wp\/v2\/pages\/406","targetHints":{"allow":["GET"]}}],"collection":[{"href":"https:\/\/idecesos.com\/seguros\/wp-json\/wp\/v2\/pages"}],"about":[{"href":"https:\/\/idecesos.com\/seguros\/wp-json\/wp\/v2\/types\/page"}],"author":[{"embeddable":true,"href":"https:\/\/idecesos.com\/seguros\/wp-json\/wp\/v2\/users\/2"}],"replies":[{"embeddable":true,"href":"https:\/\/idecesos.com\/seguros\/wp-json\/wp\/v2\/comments?post=406"}],"version-history":[{"count":10,"href":"https:\/\/idecesos.com\/seguros\/wp-json\/wp\/v2\/pages\/406\/revisions"}],"predecessor-version":[{"id":21019,"href":"https:\/\/idecesos.com\/seguros\/wp-json\/wp\/v2\/pages\/406\/revisions\/21019"}],"up":[{"embeddable":true,"href":"https:\/\/idecesos.com\/seguros\/wp-json\/wp\/v2\/pages\/403"}],"wp:attachment":[{"href":"https:\/\/idecesos.com\/seguros\/wp-json\/wp\/v2\/media?parent=406"}],"curies":[{"name":"wp","href":"https:\/\/api.w.org\/{rel}","templated":true}]}}