{"id":416,"date":"2021-07-12T07:52:05","date_gmt":"2021-07-12T07:52:05","guid":{"rendered":"https:\/\/idecesos.com\/seguros\/?page_id=416"},"modified":"2022-01-18T11:27:37","modified_gmt":"2022-01-18T11:27:37","slug":"asistencia","status":"publish","type":"page","link":"https:\/\/idecesos.com\/seguros\/companias\/mapfre\/asistencia\/","title":{"rendered":"Seguro de Asistencia y decesos Mapfre"},"content":{"rendered":"\r\n\r\n<p>La Fundaci\u00f3n Mapfre est\u00e1 fue fundada en el a\u00f1o 1975, con la clara misi\u00f3n de contribuir al progreso social y al bienestar de las personas, mediante programas y actividades multinacionales. Actualmente, la compa\u00f1\u00eda de seguros espa\u00f1ola, tiene presencia en 40 pa\u00edses. Con m\u00e1s de 80 a\u00f1os de experiencia en el sector es una de las compa\u00f1\u00edas m\u00e1s conocidas de Espa\u00f1a. Con una amplia gama de seguros, Mapfre cuenta con m\u00e1s de 6,5 millones clientes en Espa\u00f1a, casi 11.000 empleados y una red de distribuci\u00f3n muy amplia con casi 3.000 oficinas. Todo esto lo han conseguido gracias a su profesionalidad, experiencia y por todos los campos que abarcan sus seguros. Seguros de coche, moto, hogar, salud, salud, vida, mascotas y viajes, son los servicios que brinda esta aseguradora.<\/p>\r\n<p>Y es que, la compa\u00f1\u00eda de seguros Mapfre brinda numerosos servicios en relaci\u00f3n a los seguros de asistencia y decesos para satisfacer las necesidades de sus clientes. En este sentido, Mapfre ofrece cuatro variantes diferentes de seguros de decesos, como son: el seguro de decesos con pago en 5 a\u00f1os, de pago \u00fanico, el est\u00e1ndar (incluye el pago de una prima anual pudiendo ser fraccionada) y el esencial.<\/p>\r\n<p>Mapfre te ofrece todas las soluciones para tu tranquilidad y la de los tuyos facilit\u00e1ndote todo lo que necesites. Puedes encontrar sus seguros de decesos con hasta un 50% de descuento y los menores de 15 a\u00f1os pueden contratarlo completamente gratis.<\/p>\r\n\r\n\r\n\r\n<p>En primer lugar, de entre los seguros de asistencia y decesos Mapfre resulta destacable el seguro de decesos con Pago en 5 a\u00f1os, que fija el pago en cinco anualidades y puede ser adquirido por aquellas personas cuya edad sea inferior a 80 a\u00f1os. Algunas de las coberturas que incluye este seguro son: un servicio de decesos que se adapta a los deseos del asegurado y a las costumbres de su localidad, un servicio de incineraci\u00f3n o inhumaci\u00f3n, gastos extraordinarios m\u00e9dicos legales, tramitaci\u00f3n de documentos, orientaci\u00f3n jur\u00eddica, etc. Asimismo, cabe la posibilidad de contratar algunas coberturas opcionales para completar su seguro.<\/p>\r\n\r\n\r\n\r\n<p>Sin embargo, para quienes prefieran pagar una prima anual, pueden optar por el seguro de decesos Est\u00e1ndar Mapfre, que adem\u00e1s de incluir las coberturas comentadas con anterioridad, ofrece la posibilidad de fraccionar la prima para adaptarse a la situaci\u00f3n de sus clientes. Con respecto, al seguro de decesos Pago \u00danico de Mapfre, le permitir\u00e1 adquirir una gran gama de garant\u00edas sea cual sea su edad, a trav\u00e9s de un \u00fanico pago.<\/p>\r\n\r\n\r\n\r\n<p>El seguro de decesos Esencial Mapfre incorpora el pago de una prima semi-natural anual, que puede ser fraccionada. Como consecuencia de esta modalidad de pago, la prima aumenta conforme pasan los a\u00f1os en funci\u00f3n de criterios como la edad y los costes de los servicios funerarios. Dicho seguro lo pueden contratar las personas cuya edad no supere los 70 a\u00f1os. Con dicho seguro de decesos podr\u00e1 seleccionar una serie de coberturas b\u00e1sicas, de entre las que destacan algunas como, el servicio de tanatorio, servicio de incineraci\u00f3n o inhumaci\u00f3n, elecci\u00f3n del cementerio, gastos extraordinarios m\u00e9dicos legales, atenci\u00f3n psicol\u00f3gica, etc.<\/p>\r\n\r\n\r\n\r\n<p>Adem\u00e1s, tambi\u00e9n existe la posibilidad de contratar coberturas adicionales que garantizan la asistencia en viaje del asegurado, la prolongaci\u00f3n de la estancia en el hotel y gastos de viaje, los traslados, los gastos m\u00e9dicos y el env\u00edo de un m\u00e9dico especialista en el extranjero, gastos por accidente o enfermedad grave y la estancia de un acompa\u00f1ante por fallecimiento.<\/p>\r\n\r\n\r\n\r\n<p>Gracias a los seguros de asistencia y decesos Mapfre alcanzar\u00e1 numerosas ventajas, debido a su amplia gama de modalidades de seguros y a las numerosas garant\u00edas b\u00e1sicas y opcionales que brindan a sus asegurados, para que est\u00e9n protegidos en el dif\u00edcil momento del fallecimiento de un familiar.<\/p>\r\n<p>Mapfre te ofrece todas las soluciones para tu tranquilidad y la de los tuyos. Puedes encontrar sus seguros de decesos con un 45% de descuento y los menores de 15 a\u00f1os gratis. Adem\u00e1s, sus agentes estudiar\u00e1n tu caso y tus necesidades y te ofrecer\u00e1n toda la flexibilidad posible para que el seguro se adapte a ti.<\/p>\r\n<p>Si no sabes cu\u00e1l es el seguro que mejor se adapta a ti, puedes usar nuestro comparador de iDecesos. En tan solo un par de minutos y con tan solo rellenar los datos que te pedimos, te proporcionar\u00e1 toda la informaci\u00f3n necesaria y el seguro que m\u00e1s se acorde a ti y a tus necesidades. Si lo prefieres, puedes llamar al 951 127 403 para que te atienda uno de nuestros agentes que te podr\u00e1 ayudar en todo lo que necesites.<\/p>\r\n<p>Con la llegada de la COVID-19 a nuestras vidas hay que estar preparados para todo y que mejor forma de vivir tranquilo si no es con un seguro de decesos. \u00bfA qu\u00e9 esperas? Est\u00e1s a un paso de conseguir una mayor tranquilidad para ti y para tus seres queridos que no se tendr\u00e1n que preocupar por nada en ese duro bache que es la p\u00e9rdida de un familiar o amigo.\u00a0<\/p>\r\n\r\n<h3>P\u00e1ginas relacionadas<\/h3><div class=\"enlazado\"><ul> <li><a href=\"https:\/\/idecesos.com\/seguros\/companias\/mapfre\/asistencia\/\">Mapfre Asistencia Decesos<\/a><\/li> <li><a href=\"https:\/\/idecesos.com\/seguros\/companias\/mapfre\/coberturas\/\">Coberturas Mapfre<\/a><\/li> <li><a href=\"https:\/\/idecesos.com\/seguros\/companias\/mapfre\/esencial\/\">Mapfre Esencial<\/a><\/li> <li><a href=\"https:\/\/idecesos.com\/seguros\/companias\/mapfre\/opiniones\/\">Opiniones MAPFRE<\/a><\/li> <li><a href=\"https:\/\/idecesos.com\/seguros\/companias\/mapfre\/precio\/\">Precio seguro Mapfre<\/a><\/li> <li><a href=\"https:\/\/idecesos.com\/seguros\/companias\/mapfre\/prima-mixta\/\">Mapfre Prima Mixta<\/a><\/li> <li><a href=\"https:\/\/idecesos.com\/seguros\/companias\/mapfre\/prima-natural\/\">Mapfre Prima Natural<\/a><\/li> <li><a href=\"https:\/\/idecesos.com\/seguros\/companias\/mapfre\/prima-nivelada\/\">Mapfre Prima Nivelada<\/a><\/li> <li><a href=\"https:\/\/idecesos.com\/seguros\/companias\/mapfre\/prima-unica\/\">Mapfre Prima \u00danica<\/a><\/li> <li><a href=\"https:\/\/idecesos.com\/seguros\/companias\/mapfre\/quejas\/\">Quejas Mapfre<\/a><\/li> <li><a href=\"https:\/\/idecesos.com\/seguros\/companias\/mapfre\/repatriacion\/\">Mapfre Repatriaci\u00f3n<\/a><\/li> <li><a href=\"https:\/\/idecesos.com\/seguros\/companias\/mapfre\/telefono\/\">Tel\u00e9fono Gratuito Mapfre<\/a><\/li> <li><a href=\"https:\/\/idecesos.com\/seguros\/companias\/mapfre\/universal\/\">Seguro de Decesos Universal Mapfre<\/a><\/li><\/ul><\/div>","protected":false},"excerpt":{"rendered":"<p>La Fundaci\u00f3n Mapfre est\u00e1 fue fundada en el a\u00f1o 1975, con la clara misi\u00f3n de contribuir al progreso social y al bienestar de las personas, mediante programas y actividades multinacionales. Actualmente, la compa\u00f1\u00eda de seguros espa\u00f1ola, tiene presencia en 40 pa\u00edses. Con m\u00e1s de 80 a\u00f1os de experiencia en el sector es una de las&hellip; <\/p>\n","protected":false},"author":2,"featured_media":0,"parent":414,"menu_order":0,"comment_status":"closed","ping_status":"closed","template":"single.php","meta":{"footnotes":""},"class_list":["post-416","page","type-page","status-publish","hentry"],"yoast_head":"<!-- This site is optimized with the Yoast SEO plugin v27.3 - https:\/\/yoast.com\/product\/yoast-seo-wordpress\/ -->\n<title>Seguro de Asistencia y decesos Mapfre -<\/title>\n<meta name=\"robots\" content=\"index, follow, max-snippet:-1, max-image-preview:large, max-video-preview:-1\" \/>\n<link rel=\"canonical\" href=\"https:\/\/idecesos.com\/seguros\/companias\/mapfre\/asistencia\/\" \/>\n<meta property=\"og:locale\" content=\"es_ES\" \/>\n<meta property=\"og:type\" content=\"article\" \/>\n<meta property=\"og:title\" content=\"Seguro de Asistencia y decesos Mapfre -\" \/>\n<meta property=\"og:description\" content=\"La Fundaci\u00f3n Mapfre est\u00e1 fue fundada en el a\u00f1o 1975, con la clara misi\u00f3n de contribuir al progreso social y al bienestar de las personas, mediante programas y actividades multinacionales. Actualmente, la compa\u00f1\u00eda de seguros espa\u00f1ola, tiene presencia en 40 pa\u00edses. Con m\u00e1s de 80 a\u00f1os de experiencia en el sector es una de las&hellip;\" \/>\n<meta property=\"og:url\" content=\"https:\/\/idecesos.com\/seguros\/companias\/mapfre\/asistencia\/\" \/>\n<meta property=\"article:modified_time\" content=\"2022-01-18T11:27:37+00:00\" \/>\n<meta name=\"twitter:card\" content=\"summary_large_image\" \/>\n<meta name=\"twitter:label1\" content=\"Tiempo de lectura\" \/>\n\t<meta name=\"twitter:data1\" content=\"4 minutos\" \/>\n<script type=\"application\/ld+json\" class=\"yoast-schema-graph\">{\"@context\":\"https:\\\/\\\/schema.org\",\"@graph\":[{\"@type\":\"WebPage\",\"@id\":\"https:\\\/\\\/idecesos.com\\\/seguros\\\/companias\\\/mapfre\\\/asistencia\\\/\",\"url\":\"https:\\\/\\\/idecesos.com\\\/seguros\\\/companias\\\/mapfre\\\/asistencia\\\/\",\"name\":\"Seguro de Asistencia y decesos Mapfre -\",\"isPartOf\":{\"@id\":\"https:\\\/\\\/idecesos.com\\\/seguros\\\/#website\"},\"datePublished\":\"2021-07-12T07:52:05+00:00\",\"dateModified\":\"2022-01-18T11:27:37+00:00\",\"breadcrumb\":{\"@id\":\"https:\\\/\\\/idecesos.com\\\/seguros\\\/companias\\\/mapfre\\\/asistencia\\\/#breadcrumb\"},\"inLanguage\":\"es\",\"potentialAction\":[{\"@type\":\"ReadAction\",\"target\":[\"https:\\\/\\\/idecesos.com\\\/seguros\\\/companias\\\/mapfre\\\/asistencia\\\/\"]}]},{\"@type\":\"BreadcrumbList\",\"@id\":\"https:\\\/\\\/idecesos.com\\\/seguros\\\/companias\\\/mapfre\\\/asistencia\\\/#breadcrumb\",\"itemListElement\":[{\"@type\":\"ListItem\",\"position\":1,\"name\":\"Portada\",\"item\":\"https:\\\/\\\/idecesos.com\\\/seguros\\\/\"},{\"@type\":\"ListItem\",\"position\":2,\"name\":\"Compa\u00f1\u00edas de Seguros de Decesos en Espa\u00f1a\",\"item\":\"https:\\\/\\\/idecesos.com\\\/seguros\\\/companias\\\/\"},{\"@type\":\"ListItem\",\"position\":3,\"name\":\"Seguro de decesos Mapfre\",\"item\":\"https:\\\/\\\/idecesos.com\\\/seguros\\\/companias\\\/mapfre\\\/\"},{\"@type\":\"ListItem\",\"position\":4,\"name\":\"Seguro de Asistencia y decesos Mapfre\"}]},{\"@type\":\"WebSite\",\"@id\":\"https:\\\/\\\/idecesos.com\\\/seguros\\\/#website\",\"url\":\"https:\\\/\\\/idecesos.com\\\/seguros\\\/\",\"name\":\"\",\"description\":\"\",\"potentialAction\":[{\"@type\":\"SearchAction\",\"target\":{\"@type\":\"EntryPoint\",\"urlTemplate\":\"https:\\\/\\\/idecesos.com\\\/seguros\\\/?s={search_term_string}\"},\"query-input\":{\"@type\":\"PropertyValueSpecification\",\"valueRequired\":true,\"valueName\":\"search_term_string\"}}],\"inLanguage\":\"es\"}]}<\/script>\n<!-- \/ Yoast SEO plugin. -->","yoast_head_json":{"title":"Seguro de Asistencia y decesos Mapfre -","robots":{"index":"index","follow":"follow","max-snippet":"max-snippet:-1","max-image-preview":"max-image-preview:large","max-video-preview":"max-video-preview:-1"},"canonical":"https:\/\/idecesos.com\/seguros\/companias\/mapfre\/asistencia\/","og_locale":"es_ES","og_type":"article","og_title":"Seguro de Asistencia y decesos Mapfre -","og_description":"La Fundaci\u00f3n Mapfre est\u00e1 fue fundada en el a\u00f1o 1975, con la clara misi\u00f3n de contribuir al progreso social y al bienestar de las personas, mediante programas y actividades multinacionales. Actualmente, la compa\u00f1\u00eda de seguros espa\u00f1ola, tiene presencia en 40 pa\u00edses. Con m\u00e1s de 80 a\u00f1os de experiencia en el sector es una de las&hellip;","og_url":"https:\/\/idecesos.com\/seguros\/companias\/mapfre\/asistencia\/","article_modified_time":"2022-01-18T11:27:37+00:00","twitter_card":"summary_large_image","twitter_misc":{"Tiempo de lectura":"4 minutos"},"schema":{"@context":"https:\/\/schema.org","@graph":[{"@type":"WebPage","@id":"https:\/\/idecesos.com\/seguros\/companias\/mapfre\/asistencia\/","url":"https:\/\/idecesos.com\/seguros\/companias\/mapfre\/asistencia\/","name":"Seguro de Asistencia y decesos Mapfre -","isPartOf":{"@id":"https:\/\/idecesos.com\/seguros\/#website"},"datePublished":"2021-07-12T07:52:05+00:00","dateModified":"2022-01-18T11:27:37+00:00","breadcrumb":{"@id":"https:\/\/idecesos.com\/seguros\/companias\/mapfre\/asistencia\/#breadcrumb"},"inLanguage":"es","potentialAction":[{"@type":"ReadAction","target":["https:\/\/idecesos.com\/seguros\/companias\/mapfre\/asistencia\/"]}]},{"@type":"BreadcrumbList","@id":"https:\/\/idecesos.com\/seguros\/companias\/mapfre\/asistencia\/#breadcrumb","itemListElement":[{"@type":"ListItem","position":1,"name":"Portada","item":"https:\/\/idecesos.com\/seguros\/"},{"@type":"ListItem","position":2,"name":"Compa\u00f1\u00edas de Seguros de Decesos en Espa\u00f1a","item":"https:\/\/idecesos.com\/seguros\/companias\/"},{"@type":"ListItem","position":3,"name":"Seguro de decesos Mapfre","item":"https:\/\/idecesos.com\/seguros\/companias\/mapfre\/"},{"@type":"ListItem","position":4,"name":"Seguro de Asistencia y decesos Mapfre"}]},{"@type":"WebSite","@id":"https:\/\/idecesos.com\/seguros\/#website","url":"https:\/\/idecesos.com\/seguros\/","name":"","description":"","potentialAction":[{"@type":"SearchAction","target":{"@type":"EntryPoint","urlTemplate":"https:\/\/idecesos.com\/seguros\/?s={search_term_string}"},"query-input":{"@type":"PropertyValueSpecification","valueRequired":true,"valueName":"search_term_string"}}],"inLanguage":"es"}]}},"_links":{"self":[{"href":"https:\/\/idecesos.com\/seguros\/wp-json\/wp\/v2\/pages\/416","targetHints":{"allow":["GET"]}}],"collection":[{"href":"https:\/\/idecesos.com\/seguros\/wp-json\/wp\/v2\/pages"}],"about":[{"href":"https:\/\/idecesos.com\/seguros\/wp-json\/wp\/v2\/types\/page"}],"author":[{"embeddable":true,"href":"https:\/\/idecesos.com\/seguros\/wp-json\/wp\/v2\/users\/2"}],"replies":[{"embeddable":true,"href":"https:\/\/idecesos.com\/seguros\/wp-json\/wp\/v2\/comments?post=416"}],"version-history":[{"count":10,"href":"https:\/\/idecesos.com\/seguros\/wp-json\/wp\/v2\/pages\/416\/revisions"}],"predecessor-version":[{"id":18846,"href":"https:\/\/idecesos.com\/seguros\/wp-json\/wp\/v2\/pages\/416\/revisions\/18846"}],"up":[{"embeddable":true,"href":"https:\/\/idecesos.com\/seguros\/wp-json\/wp\/v2\/pages\/414"}],"wp:attachment":[{"href":"https:\/\/idecesos.com\/seguros\/wp-json\/wp\/v2\/media?parent=416"}],"curies":[{"name":"wp","href":"https:\/\/api.w.org\/{rel}","templated":true}]}}