{"id":418,"date":"2021-07-12T07:53:05","date_gmt":"2021-07-12T07:53:05","guid":{"rendered":"https:\/\/idecesos.com\/seguros\/?page_id=418"},"modified":"2024-12-11T13:43:10","modified_gmt":"2024-12-11T12:43:10","slug":"coberturas","status":"publish","type":"page","link":"https:\/\/idecesos.com\/seguros\/companias\/mapfre\/coberturas\/","title":{"rendered":"Coberturas Seguro de Decesos Mapfre"},"content":{"rendered":"\r\n\r\n<p>Antes de comenzar hablar de las coberturas del seguro de decesos de Mapfre. Indicar que la compa\u00f1\u00eda de seguros Mapfre tiene seguros de varios tipos, entre ellos ofrece seguro del hogar, del coche, de la moto, de salud, de viajes y ocio, de vida y accidentes y, el que nos interesa para nuestra comparadora, de decesos.<\/p>\r\n\r\n\r\n\r\n<p>Nos vamos a centrar en este \u00faltimo tipo de seguro, ya que vamos a ver las coberturas que desde Mapfre nos dan en su seguro de decesos y los tipo de p\u00f3liza que nos ofrecen. De este modo, vamos a poder comparar con todas las otras compa\u00f1\u00edas sobre las que ten\u00e9is informaci\u00f3n en nuestro blog y en nuestra web.<\/p>\r\n\r\n\r\n\r\n<p>Centr\u00e9monos de momento en Mapfre. En el seguro de decesos de Mapfre nos garantizan fundamentalmente el servicio funerario y de sepelio para la persona asegurada una vez que fallezca. Como ya hemos comentado en otros art\u00edculos, la diferencia fundamental y clave que hay entre el seguro de vida y el de decesos es que en el de vida nos cubren el servicio funerario econ\u00f3micamente hablando, no gestionando ni organizando nada. Sin embargo, en el seguro de decesos, cubren todo lo que tenga que ver con lo econ\u00f3mico y organizan el duelo, es decir que se encargan de gestionarlo todo: ceremonia, decoraci\u00f3n, entierro, incineraci\u00f3n, transporte, etc. Lo positivo es que con este tipo de seguro te olvidas por completo de las diligencias que hay que hacer cuando la persona asegurada fallece, dejando los tr\u00e1mites y las gestiones para la compa\u00f1\u00eda de seguros.<\/p>\r\n\r\n\r\n\r\n<p>Los seguros de decesos Mapfre nos ofrecen una respuesta experta para poder solucionar las incidencias que nos surjan y las necesidades materiales que tengamos. Por otro lado, nos ayudan en aspectos sentimentales con la familia de la persona fallecida. La defunci\u00f3n de un ser querido siempre es un momento duro y complicado para las personas allegadas, por eso en Mapfre te ofrecen apoyo psicol\u00f3gico para esa dif\u00edcil situaci\u00f3n.<\/p>\r\n\r\n\r\n\r\n<p>Hay distintas modalidades de seguros, elegir un tipo u otro va a depender de las necesidades de cada persona que quiera contratar una p\u00f3liza de seguros. Entonces, los interesados van a poder elegir entre una p\u00f3liza de pago en cinco a\u00f1os, otra de pago \u00fanico, una est\u00e1ndar y, por \u00faltimo, un seguro esencial.<\/p>\r\n\r\n\r\n\r\n<p>Veamos una a una las distintas p\u00f3lizas de seguros. Primero de todo, tenemos la p\u00f3liza de pago en cinco a\u00f1os. Este tipo de p\u00f3liza se paga de una forma exclusiva en cinco a\u00f1os, haciendo un pago al a\u00f1o. El seguro de pago en cinco a\u00f1os se va a poder contratar siempre y cuando la persona que quiera contratarlo tenga menos de ochenta a\u00f1os.<\/p>\r\n\r\n\r\n\r\n<p>En segundo lugar tenemos la p\u00f3liza de pago \u00fanico, que se hace llevando a cabo un solo pago en el momento en el que se contrata la p\u00f3liza de seguros. Este tipo de seguro se puede contratar a cualquier edad, aqu\u00ed no ponen l\u00edmite en la edad de la contrataci\u00f3n ni impiden que lo puedas hacer por m\u00e1s joven que seas.<\/p>\r\n\r\n\r\n\r\n<p>La tercera opci\u00f3n que tenemos es el seguro est\u00e1ndar, este tipo de seguro de decesos consta de un pago de una prima anual, que puedes fraccionar. Esta prima va a mantenerse constante durante todo el tiempo de vida de la persona asegurada. Si bien, tendr\u00e1 unos peque\u00f1os aumentos de precio en el pago a\u00f1o a a\u00f1o, debido a los cambios en el coste de los servicios funerarios. Estos cambios van a estar condicionados por el \u00cdndice de Precios al Consumidor (IPC). En Mapfre te dejan contratar esta p\u00f3liza de seguros hasta los setenta a\u00f1os de edad.<\/p>\r\n\r\n\r\n\r\n<p>Otra alternativa es el seguro esencial. Este tipo de seguro incluye un pago de una prima semi-natural anual, que puedes pagar de un modo fraccionado. Una prima semi-natural quiere decir que cada a\u00f1o va aumentando la prima con respecto a la edad del asegurado, as\u00ed como en relaci\u00f3n con el IPC. Este \u00edndice va a provocar que el coste de los servicios funerarios aumente o baje, seg\u00fan el a\u00f1o. En esta p\u00f3liza tambi\u00e9n nos ponen l\u00edmite de edad para la contrataci\u00f3n, este tope est\u00e1 en los setenta a\u00f1os.<\/p>\r\n\r\n\r\n\r\n<p>Por \u00faltimo, se podr\u00eda destacar que tambi\u00e9n Mapfre tiene un seguro para personas extranjeras que residen en Espa\u00f1a. Se llama seguro residentes extranjeros. Se dirige hacia este sector de la poblaci\u00f3n debido a que les asegura la repatriaci\u00f3n a su lugar de origen, el traslado est\u00e1 incluido en el precio de la p\u00f3liza. Est\u00e1 enfocado a personas extranjeras residentes en Espa\u00f1a con un fuerte apego a su pa\u00eds y ciudad de nacimiento u origen. El l\u00edmite de edad para la contrataci\u00f3n de este tipo de seguro es de setenta a\u00f1os. El pago de la p\u00f3liza se hace de un modo peri\u00f3dico con la posibilidad de realizarlo igualmente fraccionado, de manera que se pague cada trimestre o cada semestre. T\u00fa eliges.<\/p>\r\n\r\n\r\n\r\n<p>Para m\u00e1s informaci\u00f3n ya sabes que puedes usar nuestro comparador de seguros, iDecesos.com, donde te asesoraremos sobre las mejores opciones para ti en tan solo unos pocos minutos.<\/p>\r\n\r\n<h3>P\u00e1ginas relacionadas<\/h3><div class=\"enlazado\"><ul> <li><a href=\"https:\/\/idecesos.com\/seguros\/companias\/mapfre\/asistencia\/\">Mapfre Asistencia Decesos<\/a><\/li> <li><a href=\"https:\/\/idecesos.com\/seguros\/companias\/mapfre\/coberturas\/\">Coberturas Mapfre<\/a><\/li> <li><a href=\"https:\/\/idecesos.com\/seguros\/companias\/mapfre\/esencial\/\">Mapfre Esencial<\/a><\/li> <li><a href=\"https:\/\/idecesos.com\/seguros\/companias\/mapfre\/opiniones\/\">Opiniones MAPFRE<\/a><\/li> <li><a href=\"https:\/\/idecesos.com\/seguros\/companias\/mapfre\/precio\/\">Precio seguro Mapfre<\/a><\/li> <li><a href=\"https:\/\/idecesos.com\/seguros\/companias\/mapfre\/prima-mixta\/\">Mapfre Prima Mixta<\/a><\/li> <li><a href=\"https:\/\/idecesos.com\/seguros\/companias\/mapfre\/prima-natural\/\">Mapfre Prima Natural<\/a><\/li> <li><a href=\"https:\/\/idecesos.com\/seguros\/companias\/mapfre\/prima-nivelada\/\">Mapfre Prima Nivelada<\/a><\/li> <li><a href=\"https:\/\/idecesos.com\/seguros\/companias\/mapfre\/prima-unica\/\">Mapfre Prima \u00danica<\/a><\/li> <li><a href=\"https:\/\/idecesos.com\/seguros\/companias\/mapfre\/quejas\/\">Quejas Mapfre<\/a><\/li> <li><a href=\"https:\/\/idecesos.com\/seguros\/companias\/mapfre\/repatriacion\/\">Mapfre Repatriaci\u00f3n<\/a><\/li> <li><a href=\"https:\/\/idecesos.com\/seguros\/companias\/mapfre\/telefono\/\">Tel\u00e9fono Gratuito Mapfre<\/a><\/li> <li><a href=\"https:\/\/idecesos.com\/seguros\/companias\/mapfre\/universal\/\">Seguro de Decesos Universal Mapfre<\/a><\/li><\/ul><\/div>","protected":false},"excerpt":{"rendered":"<p>Antes de comenzar hablar de las coberturas del seguro de decesos de Mapfre. Indicar que la compa\u00f1\u00eda de seguros Mapfre tiene seguros de varios tipos, entre ellos ofrece seguro del hogar, del coche, de la moto, de salud, de viajes y ocio, de vida y accidentes y, el que nos interesa para nuestra comparadora, de&hellip; <\/p>\n","protected":false},"author":2,"featured_media":0,"parent":414,"menu_order":0,"comment_status":"closed","ping_status":"closed","template":"single.php","meta":{"footnotes":""},"class_list":["post-418","page","type-page","status-publish","hentry"],"yoast_head":"<!-- This site is optimized with the Yoast SEO plugin v27.3 - https:\/\/yoast.com\/product\/yoast-seo-wordpress\/ -->\n<title>Coberturas Seguro de Decesos Mapfre | Gu\u00eda 2026<\/title>\n<meta name=\"description\" content=\"Consulta gratis las coberturas y servicios del Seguro de Decesos Mapfre Informaci\u00f3n actualizada en 2026. Coberturas verificadas por iDecesos.\" \/>\n<meta name=\"robots\" content=\"index, follow, max-snippet:-1, max-image-preview:large, max-video-preview:-1\" \/>\n<link rel=\"canonical\" href=\"https:\/\/idecesos.com\/seguros\/companias\/mapfre\/coberturas\/\" \/>\n<meta property=\"og:locale\" content=\"es_ES\" \/>\n<meta property=\"og:type\" content=\"article\" \/>\n<meta property=\"og:title\" content=\"Coberturas Seguro de Decesos Mapfre | Gu\u00eda 2026\" \/>\n<meta property=\"og:description\" content=\"Consulta gratis las coberturas y servicios del Seguro de Decesos Mapfre Informaci\u00f3n actualizada en 2026. Coberturas verificadas por iDecesos.\" \/>\n<meta property=\"og:url\" content=\"https:\/\/idecesos.com\/seguros\/companias\/mapfre\/coberturas\/\" \/>\n<meta property=\"article:modified_time\" content=\"2024-12-11T12:43:10+00:00\" \/>\n<meta name=\"twitter:card\" content=\"summary_large_image\" \/>\n<meta name=\"twitter:label1\" content=\"Tiempo de lectura\" \/>\n\t<meta name=\"twitter:data1\" content=\"4 minutos\" \/>\n<script type=\"application\/ld+json\" class=\"yoast-schema-graph\">{\"@context\":\"https:\\\/\\\/schema.org\",\"@graph\":[{\"@type\":\"WebPage\",\"@id\":\"https:\\\/\\\/idecesos.com\\\/seguros\\\/companias\\\/mapfre\\\/coberturas\\\/\",\"url\":\"https:\\\/\\\/idecesos.com\\\/seguros\\\/companias\\\/mapfre\\\/coberturas\\\/\",\"name\":\"Coberturas Seguro de Decesos Mapfre | Gu\u00eda 2026\",\"isPartOf\":{\"@id\":\"https:\\\/\\\/idecesos.com\\\/seguros\\\/#website\"},\"datePublished\":\"2021-07-12T07:53:05+00:00\",\"dateModified\":\"2024-12-11T12:43:10+00:00\",\"description\":\"Consulta gratis las coberturas y servicios del Seguro de Decesos Mapfre Informaci\u00f3n actualizada en 2026. Coberturas verificadas por iDecesos.\",\"breadcrumb\":{\"@id\":\"https:\\\/\\\/idecesos.com\\\/seguros\\\/companias\\\/mapfre\\\/coberturas\\\/#breadcrumb\"},\"inLanguage\":\"es\",\"potentialAction\":[{\"@type\":\"ReadAction\",\"target\":[\"https:\\\/\\\/idecesos.com\\\/seguros\\\/companias\\\/mapfre\\\/coberturas\\\/\"]}]},{\"@type\":\"BreadcrumbList\",\"@id\":\"https:\\\/\\\/idecesos.com\\\/seguros\\\/companias\\\/mapfre\\\/coberturas\\\/#breadcrumb\",\"itemListElement\":[{\"@type\":\"ListItem\",\"position\":1,\"name\":\"Portada\",\"item\":\"https:\\\/\\\/idecesos.com\\\/seguros\\\/\"},{\"@type\":\"ListItem\",\"position\":2,\"name\":\"Compa\u00f1\u00edas de Seguros de Decesos en Espa\u00f1a\",\"item\":\"https:\\\/\\\/idecesos.com\\\/seguros\\\/companias\\\/\"},{\"@type\":\"ListItem\",\"position\":3,\"name\":\"Seguro de decesos Mapfre\",\"item\":\"https:\\\/\\\/idecesos.com\\\/seguros\\\/companias\\\/mapfre\\\/\"},{\"@type\":\"ListItem\",\"position\":4,\"name\":\"Coberturas Seguro de Decesos Mapfre\"}]},{\"@type\":\"WebSite\",\"@id\":\"https:\\\/\\\/idecesos.com\\\/seguros\\\/#website\",\"url\":\"https:\\\/\\\/idecesos.com\\\/seguros\\\/\",\"name\":\"\",\"description\":\"\",\"potentialAction\":[{\"@type\":\"SearchAction\",\"target\":{\"@type\":\"EntryPoint\",\"urlTemplate\":\"https:\\\/\\\/idecesos.com\\\/seguros\\\/?s={search_term_string}\"},\"query-input\":{\"@type\":\"PropertyValueSpecification\",\"valueRequired\":true,\"valueName\":\"search_term_string\"}}],\"inLanguage\":\"es\"}]}<\/script>\n<!-- \/ Yoast SEO plugin. -->","yoast_head_json":{"title":"Coberturas Seguro de Decesos Mapfre | Gu\u00eda 2026","description":"Consulta gratis las coberturas y servicios del Seguro de Decesos Mapfre Informaci\u00f3n actualizada en 2026. Coberturas verificadas por iDecesos.","robots":{"index":"index","follow":"follow","max-snippet":"max-snippet:-1","max-image-preview":"max-image-preview:large","max-video-preview":"max-video-preview:-1"},"canonical":"https:\/\/idecesos.com\/seguros\/companias\/mapfre\/coberturas\/","og_locale":"es_ES","og_type":"article","og_title":"Coberturas Seguro de Decesos Mapfre | Gu\u00eda 2026","og_description":"Consulta gratis las coberturas y servicios del Seguro de Decesos Mapfre Informaci\u00f3n actualizada en 2026. Coberturas verificadas por iDecesos.","og_url":"https:\/\/idecesos.com\/seguros\/companias\/mapfre\/coberturas\/","article_modified_time":"2024-12-11T12:43:10+00:00","twitter_card":"summary_large_image","twitter_misc":{"Tiempo de lectura":"4 minutos"},"schema":{"@context":"https:\/\/schema.org","@graph":[{"@type":"WebPage","@id":"https:\/\/idecesos.com\/seguros\/companias\/mapfre\/coberturas\/","url":"https:\/\/idecesos.com\/seguros\/companias\/mapfre\/coberturas\/","name":"Coberturas Seguro de Decesos Mapfre | Gu\u00eda 2026","isPartOf":{"@id":"https:\/\/idecesos.com\/seguros\/#website"},"datePublished":"2021-07-12T07:53:05+00:00","dateModified":"2024-12-11T12:43:10+00:00","description":"Consulta gratis las coberturas y servicios del Seguro de Decesos Mapfre Informaci\u00f3n actualizada en 2026. Coberturas verificadas por iDecesos.","breadcrumb":{"@id":"https:\/\/idecesos.com\/seguros\/companias\/mapfre\/coberturas\/#breadcrumb"},"inLanguage":"es","potentialAction":[{"@type":"ReadAction","target":["https:\/\/idecesos.com\/seguros\/companias\/mapfre\/coberturas\/"]}]},{"@type":"BreadcrumbList","@id":"https:\/\/idecesos.com\/seguros\/companias\/mapfre\/coberturas\/#breadcrumb","itemListElement":[{"@type":"ListItem","position":1,"name":"Portada","item":"https:\/\/idecesos.com\/seguros\/"},{"@type":"ListItem","position":2,"name":"Compa\u00f1\u00edas de Seguros de Decesos en Espa\u00f1a","item":"https:\/\/idecesos.com\/seguros\/companias\/"},{"@type":"ListItem","position":3,"name":"Seguro de decesos Mapfre","item":"https:\/\/idecesos.com\/seguros\/companias\/mapfre\/"},{"@type":"ListItem","position":4,"name":"Coberturas Seguro de Decesos Mapfre"}]},{"@type":"WebSite","@id":"https:\/\/idecesos.com\/seguros\/#website","url":"https:\/\/idecesos.com\/seguros\/","name":"","description":"","potentialAction":[{"@type":"SearchAction","target":{"@type":"EntryPoint","urlTemplate":"https:\/\/idecesos.com\/seguros\/?s={search_term_string}"},"query-input":{"@type":"PropertyValueSpecification","valueRequired":true,"valueName":"search_term_string"}}],"inLanguage":"es"}]}},"_links":{"self":[{"href":"https:\/\/idecesos.com\/seguros\/wp-json\/wp\/v2\/pages\/418","targetHints":{"allow":["GET"]}}],"collection":[{"href":"https:\/\/idecesos.com\/seguros\/wp-json\/wp\/v2\/pages"}],"about":[{"href":"https:\/\/idecesos.com\/seguros\/wp-json\/wp\/v2\/types\/page"}],"author":[{"embeddable":true,"href":"https:\/\/idecesos.com\/seguros\/wp-json\/wp\/v2\/users\/2"}],"replies":[{"embeddable":true,"href":"https:\/\/idecesos.com\/seguros\/wp-json\/wp\/v2\/comments?post=418"}],"version-history":[{"count":5,"href":"https:\/\/idecesos.com\/seguros\/wp-json\/wp\/v2\/pages\/418\/revisions"}],"predecessor-version":[{"id":22152,"href":"https:\/\/idecesos.com\/seguros\/wp-json\/wp\/v2\/pages\/418\/revisions\/22152"}],"up":[{"embeddable":true,"href":"https:\/\/idecesos.com\/seguros\/wp-json\/wp\/v2\/pages\/414"}],"wp:attachment":[{"href":"https:\/\/idecesos.com\/seguros\/wp-json\/wp\/v2\/media?parent=418"}],"curies":[{"name":"wp","href":"https:\/\/api.w.org\/{rel}","templated":true}]}}