{"id":420,"date":"2021-07-12T07:54:30","date_gmt":"2021-07-12T07:54:30","guid":{"rendered":"https:\/\/idecesos.com\/seguros\/?page_id=420"},"modified":"2022-01-20T16:09:00","modified_gmt":"2022-01-20T16:09:00","slug":"esencial","status":"publish","type":"page","link":"https:\/\/idecesos.com\/seguros\/companias\/mapfre\/esencial\/","title":{"rendered":"Seguro de Decesos Mapfre: Esencial"},"content":{"rendered":"\r\n\r\n<p>La Fundaci\u00f3n Mapfre lleva en el mercado desde el a\u00f1o 1975, con la clara misi\u00f3n de contribuir al progreso social y al bienestar de las personas, mediante programas y actividades multinacionales.<\/p>\r\n<p>Esta aseguradora cuenta con una amplia cartelera de seguros tanto a particulares como a empresas y de gesti\u00f3n patrimonial. Los seguros a particulares son de diversa \u00edndole: coche, moto, hogar, salud, viajes, decesos, animales, defensa jur\u00eddica, caza, pesca y embarcaciones.<\/p>\r\n<p>La compa\u00f1\u00eda aseguradora Mapfre ofrece m\u00faltiples opciones en cuanto a seguros de decesos para que sus clientes seleccionen el que m\u00e1s se ajusta a sus necesidades. De este modo, sus usuarios podr\u00e1n elegir entre cuatro tipos principales de seguros: seguros de decesos con pago en 5 a\u00f1os, de pago \u00fanico, el est\u00e1ndar (incluye el pago de una prima anual pudiendo ser fraccionada) y el esencial.<\/p>\r\n\r\n\r\n\r\n<p>El seguro de decesos Esencial Mapfre es aquel que incluye el pago de una prima semi-natural anual, pudiendo ser fraccionada. Por lo tanto, la prima crece cada a\u00f1o en funci\u00f3n de la edad y de los costes de los servicios funerarios. Dicho seguro lo pueden contratar las personas cuya edad no supere los 70 a\u00f1os. Es por esto que no debe pens\u00e1rselo mucho y contratarlo cuanto antes para poder estar tranquilo el resto de su vida.<\/p>\r\n\r\n\r\n\r\n<p>Las coberturas b\u00e1sicas que ofrece el seguro de decesos Esencial Mapfre son: un servicio de decesos adaptado a sus usuarios, servicio de tanatorio, un servicio de incineraci\u00f3n a inhumaci\u00f3n, en nicho o sepultura, y l\u00e1pida; elecci\u00f3n del cementerio y lugar de inhumaci\u00f3n en Espa\u00f1a, gastos extraordinarios m\u00e9dicos legales, servicios de orientaci\u00f3n jur\u00eddica, gesti\u00f3n del servicio de decesos, tramitaci\u00f3n de documentos y atenci\u00f3n psicol\u00f3gica o conservaci\u00f3n del ADN, en funci\u00f3n de lo establecido en las condiciones de la p\u00f3liza.<\/p>\r\n\r\n\r\n\r\n<p>Asimismo, tambi\u00e9n cabe la posibilidad de contratar coberturas adicionales que aseguran la asistencia en viaje del asegurado, los traslados, la prolongaci\u00f3n de la estancia en el hotel y gastos de viaje, gastos m\u00e9dicos y env\u00edo de un m\u00e9dico especialista en el extranjero y la estancia de un acompa\u00f1ante por fallecimiento, accidente o enfermedad grave.<\/p>\r\n\r\n\r\n\r\n<p>Dichas garant\u00edas brindan una gran tranquilidad tanto al asegurado como a los acompa\u00f1antes pues el seguro ofrece asistencia a menores y a acompa\u00f1antes en el caso de accidente, fallecimiento o enfermedad del asegurado. Todo ventajas para ti para sus seres queridos.<\/p>\r\n\r\n\r\n\r\n<p>Gracias a los seguros de decesos Mapfre acceder\u00e1 a numerosas ventajas, ya que adem\u00e1s de las diversas garant\u00edas que ofrecen en cada modalidad de seguro, otorgan beneficios adicionales a sus clientes para que est\u00e9n protegidos en el duro momento del fallecimiento de un familiar.<\/p>\r\n<p>Y es que esta aseguradora sabe lo que supone no tener contratado un seguro de decesos. Todos los gastos asociados al entierro y sus tr\u00e1mites pasar\u00e1n a ser un nuevo problema para sus familiares o amigos. Entre estos gastos se encuentran el ata\u00fad, el tanatorio, el coche f\u00fanebre, el traslado nacional o internacional en el caso de que el fallecimiento se produzca en otra ciudad o pa\u00eds y el alquiler del nicho. Todo esto sin contar con las flores, los recordatorios, esquelas, entre otras cosas t\u00edpicas de la ceremonia. Es por esto que Mapfre te ofrece este seguro para que puedas estar tranquilos estando en las manos de uno de los mejores profesionales del sector de decesos.<\/p>\r\n<p>Si a\u00fan est\u00e1s indeciso y cansado de indagar sobre qu\u00e9 seguro de decesos es el mejor para ti, no te preocupes por nada, tenemos la soluci\u00f3n. Puedes usar nuestro comparador de iDecesos. Con tan solo rellenar los datos que te piden, encontrar\u00e1s el mejor seguro y al mejor precio de la manera m\u00e1s f\u00e1cil y r\u00e1pida. Adem\u00e1s, sabr\u00e1s que coberturas est\u00e1n incluidas y cu\u00e1les no.<\/p>\r\n<p>Contacte con nosotros a trav\u00e9s del 951 127 403 si necesitas resolver alguna duda que a\u00fan tengas pendiente, nosotros estaremos encantados de ayudarte.<\/p>\r\n\r\n<h3>P\u00e1ginas relacionadas<\/h3><div class=\"enlazado\"><ul> <li><a href=\"https:\/\/idecesos.com\/seguros\/companias\/mapfre\/asistencia\/\">Mapfre Asistencia Decesos<\/a><\/li> <li><a href=\"https:\/\/idecesos.com\/seguros\/companias\/mapfre\/coberturas\/\">Coberturas Mapfre<\/a><\/li> <li><a href=\"https:\/\/idecesos.com\/seguros\/companias\/mapfre\/esencial\/\">Mapfre Esencial<\/a><\/li> <li><a href=\"https:\/\/idecesos.com\/seguros\/companias\/mapfre\/opiniones\/\">Opiniones MAPFRE<\/a><\/li> <li><a href=\"https:\/\/idecesos.com\/seguros\/companias\/mapfre\/precio\/\">Precio seguro Mapfre<\/a><\/li> <li><a href=\"https:\/\/idecesos.com\/seguros\/companias\/mapfre\/prima-mixta\/\">Mapfre Prima Mixta<\/a><\/li> <li><a href=\"https:\/\/idecesos.com\/seguros\/companias\/mapfre\/prima-natural\/\">Mapfre Prima Natural<\/a><\/li> <li><a href=\"https:\/\/idecesos.com\/seguros\/companias\/mapfre\/prima-nivelada\/\">Mapfre Prima Nivelada<\/a><\/li> <li><a href=\"https:\/\/idecesos.com\/seguros\/companias\/mapfre\/prima-unica\/\">Mapfre Prima \u00danica<\/a><\/li> <li><a href=\"https:\/\/idecesos.com\/seguros\/companias\/mapfre\/quejas\/\">Quejas Mapfre<\/a><\/li> <li><a href=\"https:\/\/idecesos.com\/seguros\/companias\/mapfre\/repatriacion\/\">Mapfre Repatriaci\u00f3n<\/a><\/li> <li><a href=\"https:\/\/idecesos.com\/seguros\/companias\/mapfre\/telefono\/\">Tel\u00e9fono Gratuito Mapfre<\/a><\/li> <li><a href=\"https:\/\/idecesos.com\/seguros\/companias\/mapfre\/universal\/\">Seguro de Decesos Universal Mapfre<\/a><\/li><\/ul><\/div>","protected":false},"excerpt":{"rendered":"<p>La Fundaci\u00f3n Mapfre lleva en el mercado desde el a\u00f1o 1975, con la clara misi\u00f3n de contribuir al progreso social y al bienestar de las personas, mediante programas y actividades multinacionales. Esta aseguradora cuenta con una amplia cartelera de seguros tanto a particulares como a empresas y de gesti\u00f3n patrimonial. Los seguros a particulares son&hellip; <\/p>\n","protected":false},"author":2,"featured_media":0,"parent":414,"menu_order":0,"comment_status":"closed","ping_status":"closed","template":"single.php","meta":{"footnotes":""},"class_list":["post-420","page","type-page","status-publish","hentry"],"yoast_head":"<!-- This site is optimized with the Yoast SEO plugin v27.5 - https:\/\/yoast.com\/product\/yoast-seo-wordpress\/ -->\n<title>Seguro de Decesos Mapfre: Esencial -<\/title>\n<meta name=\"robots\" content=\"index, follow, max-snippet:-1, max-image-preview:large, max-video-preview:-1\" \/>\n<link rel=\"canonical\" href=\"https:\/\/idecesos.com\/seguros\/companias\/mapfre\/esencial\/\" \/>\n<meta property=\"og:locale\" content=\"es_ES\" \/>\n<meta property=\"og:type\" content=\"article\" \/>\n<meta property=\"og:title\" content=\"Seguro de Decesos Mapfre: Esencial -\" \/>\n<meta property=\"og:description\" content=\"La Fundaci\u00f3n Mapfre lleva en el mercado desde el a\u00f1o 1975, con la clara misi\u00f3n de contribuir al progreso social y al bienestar de las personas, mediante programas y actividades multinacionales. Esta aseguradora cuenta con una amplia cartelera de seguros tanto a particulares como a empresas y de gesti\u00f3n patrimonial. Los seguros a particulares son&hellip;\" \/>\n<meta property=\"og:url\" content=\"https:\/\/idecesos.com\/seguros\/companias\/mapfre\/esencial\/\" \/>\n<meta property=\"article:modified_time\" content=\"2022-01-20T16:09:00+00:00\" \/>\n<meta name=\"twitter:card\" content=\"summary_large_image\" \/>\n<meta name=\"twitter:label1\" content=\"Tiempo de lectura\" \/>\n\t<meta name=\"twitter:data1\" content=\"3 minutos\" \/>\n<script type=\"application\/ld+json\" class=\"yoast-schema-graph\">{\"@context\":\"https:\\\/\\\/schema.org\",\"@graph\":[{\"@type\":\"WebPage\",\"@id\":\"https:\\\/\\\/idecesos.com\\\/seguros\\\/companias\\\/mapfre\\\/esencial\\\/\",\"url\":\"https:\\\/\\\/idecesos.com\\\/seguros\\\/companias\\\/mapfre\\\/esencial\\\/\",\"name\":\"Seguro de Decesos Mapfre: Esencial -\",\"isPartOf\":{\"@id\":\"https:\\\/\\\/idecesos.com\\\/seguros\\\/#website\"},\"datePublished\":\"2021-07-12T07:54:30+00:00\",\"dateModified\":\"2022-01-20T16:09:00+00:00\",\"breadcrumb\":{\"@id\":\"https:\\\/\\\/idecesos.com\\\/seguros\\\/companias\\\/mapfre\\\/esencial\\\/#breadcrumb\"},\"inLanguage\":\"es\",\"potentialAction\":[{\"@type\":\"ReadAction\",\"target\":[\"https:\\\/\\\/idecesos.com\\\/seguros\\\/companias\\\/mapfre\\\/esencial\\\/\"]}]},{\"@type\":\"BreadcrumbList\",\"@id\":\"https:\\\/\\\/idecesos.com\\\/seguros\\\/companias\\\/mapfre\\\/esencial\\\/#breadcrumb\",\"itemListElement\":[{\"@type\":\"ListItem\",\"position\":1,\"name\":\"Portada\",\"item\":\"https:\\\/\\\/idecesos.com\\\/seguros\\\/\"},{\"@type\":\"ListItem\",\"position\":2,\"name\":\"Compa\u00f1\u00edas de Seguros de Decesos en Espa\u00f1a\",\"item\":\"https:\\\/\\\/idecesos.com\\\/seguros\\\/companias\\\/\"},{\"@type\":\"ListItem\",\"position\":3,\"name\":\"Seguro de decesos Mapfre\",\"item\":\"https:\\\/\\\/idecesos.com\\\/seguros\\\/companias\\\/mapfre\\\/\"},{\"@type\":\"ListItem\",\"position\":4,\"name\":\"Seguro de Decesos Mapfre: Esencial\"}]},{\"@type\":\"WebSite\",\"@id\":\"https:\\\/\\\/idecesos.com\\\/seguros\\\/#website\",\"url\":\"https:\\\/\\\/idecesos.com\\\/seguros\\\/\",\"name\":\"\",\"description\":\"\",\"potentialAction\":[{\"@type\":\"SearchAction\",\"target\":{\"@type\":\"EntryPoint\",\"urlTemplate\":\"https:\\\/\\\/idecesos.com\\\/seguros\\\/?s={search_term_string}\"},\"query-input\":{\"@type\":\"PropertyValueSpecification\",\"valueRequired\":true,\"valueName\":\"search_term_string\"}}],\"inLanguage\":\"es\"}]}<\/script>\n<!-- \/ Yoast SEO plugin. -->","yoast_head_json":{"title":"Seguro de Decesos Mapfre: Esencial -","robots":{"index":"index","follow":"follow","max-snippet":"max-snippet:-1","max-image-preview":"max-image-preview:large","max-video-preview":"max-video-preview:-1"},"canonical":"https:\/\/idecesos.com\/seguros\/companias\/mapfre\/esencial\/","og_locale":"es_ES","og_type":"article","og_title":"Seguro de Decesos Mapfre: Esencial -","og_description":"La Fundaci\u00f3n Mapfre lleva en el mercado desde el a\u00f1o 1975, con la clara misi\u00f3n de contribuir al progreso social y al bienestar de las personas, mediante programas y actividades multinacionales. Esta aseguradora cuenta con una amplia cartelera de seguros tanto a particulares como a empresas y de gesti\u00f3n patrimonial. Los seguros a particulares son&hellip;","og_url":"https:\/\/idecesos.com\/seguros\/companias\/mapfre\/esencial\/","article_modified_time":"2022-01-20T16:09:00+00:00","twitter_card":"summary_large_image","twitter_misc":{"Tiempo de lectura":"3 minutos"},"schema":{"@context":"https:\/\/schema.org","@graph":[{"@type":"WebPage","@id":"https:\/\/idecesos.com\/seguros\/companias\/mapfre\/esencial\/","url":"https:\/\/idecesos.com\/seguros\/companias\/mapfre\/esencial\/","name":"Seguro de Decesos Mapfre: Esencial -","isPartOf":{"@id":"https:\/\/idecesos.com\/seguros\/#website"},"datePublished":"2021-07-12T07:54:30+00:00","dateModified":"2022-01-20T16:09:00+00:00","breadcrumb":{"@id":"https:\/\/idecesos.com\/seguros\/companias\/mapfre\/esencial\/#breadcrumb"},"inLanguage":"es","potentialAction":[{"@type":"ReadAction","target":["https:\/\/idecesos.com\/seguros\/companias\/mapfre\/esencial\/"]}]},{"@type":"BreadcrumbList","@id":"https:\/\/idecesos.com\/seguros\/companias\/mapfre\/esencial\/#breadcrumb","itemListElement":[{"@type":"ListItem","position":1,"name":"Portada","item":"https:\/\/idecesos.com\/seguros\/"},{"@type":"ListItem","position":2,"name":"Compa\u00f1\u00edas de Seguros de Decesos en Espa\u00f1a","item":"https:\/\/idecesos.com\/seguros\/companias\/"},{"@type":"ListItem","position":3,"name":"Seguro de decesos Mapfre","item":"https:\/\/idecesos.com\/seguros\/companias\/mapfre\/"},{"@type":"ListItem","position":4,"name":"Seguro de Decesos Mapfre: Esencial"}]},{"@type":"WebSite","@id":"https:\/\/idecesos.com\/seguros\/#website","url":"https:\/\/idecesos.com\/seguros\/","name":"","description":"","potentialAction":[{"@type":"SearchAction","target":{"@type":"EntryPoint","urlTemplate":"https:\/\/idecesos.com\/seguros\/?s={search_term_string}"},"query-input":{"@type":"PropertyValueSpecification","valueRequired":true,"valueName":"search_term_string"}}],"inLanguage":"es"}]}},"_links":{"self":[{"href":"https:\/\/idecesos.com\/seguros\/wp-json\/wp\/v2\/pages\/420","targetHints":{"allow":["GET"]}}],"collection":[{"href":"https:\/\/idecesos.com\/seguros\/wp-json\/wp\/v2\/pages"}],"about":[{"href":"https:\/\/idecesos.com\/seguros\/wp-json\/wp\/v2\/types\/page"}],"author":[{"embeddable":true,"href":"https:\/\/idecesos.com\/seguros\/wp-json\/wp\/v2\/users\/2"}],"replies":[{"embeddable":true,"href":"https:\/\/idecesos.com\/seguros\/wp-json\/wp\/v2\/comments?post=420"}],"version-history":[{"count":9,"href":"https:\/\/idecesos.com\/seguros\/wp-json\/wp\/v2\/pages\/420\/revisions"}],"predecessor-version":[{"id":18950,"href":"https:\/\/idecesos.com\/seguros\/wp-json\/wp\/v2\/pages\/420\/revisions\/18950"}],"up":[{"embeddable":true,"href":"https:\/\/idecesos.com\/seguros\/wp-json\/wp\/v2\/pages\/414"}],"wp:attachment":[{"href":"https:\/\/idecesos.com\/seguros\/wp-json\/wp\/v2\/media?parent=420"}],"curies":[{"name":"wp","href":"https:\/\/api.w.org\/{rel}","templated":true}]}}