{"id":429,"date":"2021-07-12T08:07:18","date_gmt":"2021-07-12T08:07:18","guid":{"rendered":"https:\/\/idecesos.com\/seguros\/?page_id=429"},"modified":"2022-01-03T12:31:50","modified_gmt":"2022-01-03T12:31:50","slug":"universal","status":"publish","type":"page","link":"https:\/\/idecesos.com\/seguros\/companias\/mapfre\/universal\/","title":{"rendered":"Seguro de Decesos Universal Mapfre"},"content":{"rendered":"\r\n<p>Mapfre se presenta como una de las mayores multinacionales de nuestro pa\u00eds con presencia en m\u00e1s de 49 pa\u00eds especializ\u00e1ndose y ofreciendo a sus clientes la mayor de las coberturas en todo tiempo de \u00e1mbitos.<\/p>\r\n\r\n\r\n\r\n<p>Como consecuencia del alto coste econ\u00f3mico que supone el fallecimiento de un familiar, as\u00ed como, la tranquilidad que ofrece un seguro en caso de defunci\u00f3n, Mapfre pone una especial atenci\u00f3n en el trabajo del Seguro Universal de Decesos. Para ello pone a disposici\u00f3n de sus clientes una amplia gama de profesionales en todos los sectores que puedan suponer problemas tras la p\u00e9rdida de un familiar.<\/p>\r\n\r\n\r\n\r\n<p>Con el principal objetivo de aportar al cliente el mayor n\u00famero de posibilidades no s\u00f3lo en cuanto a coberturas sino en cuanto a financiaci\u00f3n econ\u00f3mica, desde esta compa\u00f1\u00eda se ofrecen hasta cuatro posibilidades para pagar este seguro.<\/p>\r\n\r\n\r\n\r\n<p>En primer lugar se oferta un seguro de decesos de pago en 5 a\u00f1os, con una edad de 80 a\u00f1os como m\u00e1ximo para su contrataci\u00f3n. Entre las principales coberturas de este tipo cabe destacar la gesti\u00f3n de todos los tr\u00e1mites, procesos y gestiones del fallecimiento, servicio gratis de gesti\u00f3n testamentaria, servicio de atenci\u00f3n telef\u00f3nica 24 horas y muchas otras coberturas.<\/p>\r\n\r\n\r\n\r\n<p>En segundo lugar desde esta compa\u00f1\u00eda se oferta un posible pago \u00fanico que se puede contratar a cualquier edad. Esta p\u00f3liza ofrece una amplia gama de coberturas que abarcan desde un segundo diagn\u00f3stico para enfermedades graves hasta la conservaci\u00f3n del ADN. El pago de este tipo de seguro de decesos se llevar\u00e1 a cabo en el momento de la contrataci\u00f3n del mismo.<\/p>\r\n\r\n\r\n\r\n<p>En tercer lugar y siempre pensando en ofrecer el mayor abanico de oportunidades posibles Mapfre ofrece un pago Est\u00e1ndar basado en que la prima se mantiene equilibrada durante toda la vida de la p\u00f3liza experimentando ligeros cada a\u00f1o debido al aumento del coste de los servicios funerarios. Este servicio s\u00f3lo est\u00e1 disponible hasta 70 a\u00f1os.<\/p>\r\n\r\n\r\n\r\n<p>Por \u00faltimo se oferta un pago Esencial basado en el pago de una prima anual con la posibilidad de ser fraccionada adapt\u00e1ndose a cada cliente. Edad m\u00e1xima de 70 a\u00f1os y con una gran cantidad de coberturas con el que se pretende ayudar en los m\u00e1ximos aspectos posibles al cliente.<\/p>\r\n\r\n\r\n\r\n<p>De esta manera Mapfre demuestra por qu\u00e9 es una de las l\u00edderes en el sector ya que ofrece hasta cuatro posibles procesos de pago adapt\u00e1ndose de esta manera a cualquier persona. La flexibilidad a la hora del pago hace que muchas personas se decanten por Mapfre como la compa\u00f1\u00eda aseguradora para depositar su confianza.<\/p>\r\n<h3>P\u00e1ginas relacionadas<\/h3><div class=\"enlazado\"><ul> <li><a href=\"https:\/\/idecesos.com\/seguros\/companias\/mapfre\/asistencia\/\">Mapfre Asistencia Decesos<\/a><\/li> <li><a href=\"https:\/\/idecesos.com\/seguros\/companias\/mapfre\/coberturas\/\">Coberturas Mapfre<\/a><\/li> <li><a href=\"https:\/\/idecesos.com\/seguros\/companias\/mapfre\/esencial\/\">Mapfre Esencial<\/a><\/li> <li><a href=\"https:\/\/idecesos.com\/seguros\/companias\/mapfre\/opiniones\/\">Opiniones MAPFRE<\/a><\/li> <li><a href=\"https:\/\/idecesos.com\/seguros\/companias\/mapfre\/precio\/\">Precio seguro Mapfre<\/a><\/li> <li><a href=\"https:\/\/idecesos.com\/seguros\/companias\/mapfre\/prima-mixta\/\">Mapfre Prima Mixta<\/a><\/li> <li><a href=\"https:\/\/idecesos.com\/seguros\/companias\/mapfre\/prima-natural\/\">Mapfre Prima Natural<\/a><\/li> <li><a href=\"https:\/\/idecesos.com\/seguros\/companias\/mapfre\/prima-nivelada\/\">Mapfre Prima Nivelada<\/a><\/li> <li><a href=\"https:\/\/idecesos.com\/seguros\/companias\/mapfre\/prima-unica\/\">Mapfre Prima \u00danica<\/a><\/li> <li><a href=\"https:\/\/idecesos.com\/seguros\/companias\/mapfre\/quejas\/\">Quejas Mapfre<\/a><\/li> <li><a href=\"https:\/\/idecesos.com\/seguros\/companias\/mapfre\/repatriacion\/\">Mapfre Repatriaci\u00f3n<\/a><\/li> <li><a href=\"https:\/\/idecesos.com\/seguros\/companias\/mapfre\/telefono\/\">Tel\u00e9fono Gratuito Mapfre<\/a><\/li> <li><a href=\"https:\/\/idecesos.com\/seguros\/companias\/mapfre\/universal\/\">Seguro de Decesos Universal Mapfre<\/a><\/li><\/ul><\/div>","protected":false},"excerpt":{"rendered":"<p>Mapfre se presenta como una de las mayores multinacionales de nuestro pa\u00eds con presencia en m\u00e1s de 49 pa\u00eds especializ\u00e1ndose y ofreciendo a sus clientes la mayor de las coberturas en todo tiempo de \u00e1mbitos. Como consecuencia del alto coste econ\u00f3mico que supone el fallecimiento de un familiar, as\u00ed como, la tranquilidad que ofrece un&hellip; <\/p>\n","protected":false},"author":2,"featured_media":0,"parent":414,"menu_order":0,"comment_status":"closed","ping_status":"closed","template":"single.php","meta":{"footnotes":""},"class_list":["post-429","page","type-page","status-publish","hentry"],"yoast_head":"<!-- This site is optimized with the Yoast SEO plugin v27.3 - https:\/\/yoast.com\/product\/yoast-seo-wordpress\/ -->\n<title>Seguro de Decesos Universal Mapfre -<\/title>\n<meta name=\"robots\" content=\"index, follow, max-snippet:-1, max-image-preview:large, max-video-preview:-1\" \/>\n<link rel=\"canonical\" href=\"https:\/\/idecesos.com\/seguros\/companias\/mapfre\/universal\/\" \/>\n<meta property=\"og:locale\" content=\"es_ES\" \/>\n<meta property=\"og:type\" content=\"article\" \/>\n<meta property=\"og:title\" content=\"Seguro de Decesos Universal Mapfre -\" \/>\n<meta property=\"og:description\" content=\"Mapfre se presenta como una de las mayores multinacionales de nuestro pa\u00eds con presencia en m\u00e1s de 49 pa\u00eds especializ\u00e1ndose y ofreciendo a sus clientes la mayor de las coberturas en todo tiempo de \u00e1mbitos. Como consecuencia del alto coste econ\u00f3mico que supone el fallecimiento de un familiar, as\u00ed como, la tranquilidad que ofrece un&hellip;\" \/>\n<meta property=\"og:url\" content=\"https:\/\/idecesos.com\/seguros\/companias\/mapfre\/universal\/\" \/>\n<meta property=\"article:modified_time\" content=\"2022-01-03T12:31:50+00:00\" \/>\n<meta name=\"twitter:card\" content=\"summary_large_image\" \/>\n<meta name=\"twitter:label1\" content=\"Tiempo de lectura\" \/>\n\t<meta name=\"twitter:data1\" content=\"2 minutos\" \/>\n<script type=\"application\/ld+json\" class=\"yoast-schema-graph\">{\"@context\":\"https:\\\/\\\/schema.org\",\"@graph\":[{\"@type\":\"WebPage\",\"@id\":\"https:\\\/\\\/idecesos.com\\\/seguros\\\/companias\\\/mapfre\\\/universal\\\/\",\"url\":\"https:\\\/\\\/idecesos.com\\\/seguros\\\/companias\\\/mapfre\\\/universal\\\/\",\"name\":\"Seguro de Decesos Universal Mapfre -\",\"isPartOf\":{\"@id\":\"https:\\\/\\\/idecesos.com\\\/seguros\\\/#website\"},\"datePublished\":\"2021-07-12T08:07:18+00:00\",\"dateModified\":\"2022-01-03T12:31:50+00:00\",\"breadcrumb\":{\"@id\":\"https:\\\/\\\/idecesos.com\\\/seguros\\\/companias\\\/mapfre\\\/universal\\\/#breadcrumb\"},\"inLanguage\":\"es\",\"potentialAction\":[{\"@type\":\"ReadAction\",\"target\":[\"https:\\\/\\\/idecesos.com\\\/seguros\\\/companias\\\/mapfre\\\/universal\\\/\"]}]},{\"@type\":\"BreadcrumbList\",\"@id\":\"https:\\\/\\\/idecesos.com\\\/seguros\\\/companias\\\/mapfre\\\/universal\\\/#breadcrumb\",\"itemListElement\":[{\"@type\":\"ListItem\",\"position\":1,\"name\":\"Portada\",\"item\":\"https:\\\/\\\/idecesos.com\\\/seguros\\\/\"},{\"@type\":\"ListItem\",\"position\":2,\"name\":\"Compa\u00f1\u00edas de Seguros de Decesos en Espa\u00f1a\",\"item\":\"https:\\\/\\\/idecesos.com\\\/seguros\\\/companias\\\/\"},{\"@type\":\"ListItem\",\"position\":3,\"name\":\"Seguro de decesos Mapfre\",\"item\":\"https:\\\/\\\/idecesos.com\\\/seguros\\\/companias\\\/mapfre\\\/\"},{\"@type\":\"ListItem\",\"position\":4,\"name\":\"Seguro de Decesos Universal Mapfre\"}]},{\"@type\":\"WebSite\",\"@id\":\"https:\\\/\\\/idecesos.com\\\/seguros\\\/#website\",\"url\":\"https:\\\/\\\/idecesos.com\\\/seguros\\\/\",\"name\":\"\",\"description\":\"\",\"potentialAction\":[{\"@type\":\"SearchAction\",\"target\":{\"@type\":\"EntryPoint\",\"urlTemplate\":\"https:\\\/\\\/idecesos.com\\\/seguros\\\/?s={search_term_string}\"},\"query-input\":{\"@type\":\"PropertyValueSpecification\",\"valueRequired\":true,\"valueName\":\"search_term_string\"}}],\"inLanguage\":\"es\"}]}<\/script>\n<!-- \/ Yoast SEO plugin. -->","yoast_head_json":{"title":"Seguro de Decesos Universal Mapfre -","robots":{"index":"index","follow":"follow","max-snippet":"max-snippet:-1","max-image-preview":"max-image-preview:large","max-video-preview":"max-video-preview:-1"},"canonical":"https:\/\/idecesos.com\/seguros\/companias\/mapfre\/universal\/","og_locale":"es_ES","og_type":"article","og_title":"Seguro de Decesos Universal Mapfre -","og_description":"Mapfre se presenta como una de las mayores multinacionales de nuestro pa\u00eds con presencia en m\u00e1s de 49 pa\u00eds especializ\u00e1ndose y ofreciendo a sus clientes la mayor de las coberturas en todo tiempo de \u00e1mbitos. Como consecuencia del alto coste econ\u00f3mico que supone el fallecimiento de un familiar, as\u00ed como, la tranquilidad que ofrece un&hellip;","og_url":"https:\/\/idecesos.com\/seguros\/companias\/mapfre\/universal\/","article_modified_time":"2022-01-03T12:31:50+00:00","twitter_card":"summary_large_image","twitter_misc":{"Tiempo de lectura":"2 minutos"},"schema":{"@context":"https:\/\/schema.org","@graph":[{"@type":"WebPage","@id":"https:\/\/idecesos.com\/seguros\/companias\/mapfre\/universal\/","url":"https:\/\/idecesos.com\/seguros\/companias\/mapfre\/universal\/","name":"Seguro de Decesos Universal Mapfre -","isPartOf":{"@id":"https:\/\/idecesos.com\/seguros\/#website"},"datePublished":"2021-07-12T08:07:18+00:00","dateModified":"2022-01-03T12:31:50+00:00","breadcrumb":{"@id":"https:\/\/idecesos.com\/seguros\/companias\/mapfre\/universal\/#breadcrumb"},"inLanguage":"es","potentialAction":[{"@type":"ReadAction","target":["https:\/\/idecesos.com\/seguros\/companias\/mapfre\/universal\/"]}]},{"@type":"BreadcrumbList","@id":"https:\/\/idecesos.com\/seguros\/companias\/mapfre\/universal\/#breadcrumb","itemListElement":[{"@type":"ListItem","position":1,"name":"Portada","item":"https:\/\/idecesos.com\/seguros\/"},{"@type":"ListItem","position":2,"name":"Compa\u00f1\u00edas de Seguros de Decesos en Espa\u00f1a","item":"https:\/\/idecesos.com\/seguros\/companias\/"},{"@type":"ListItem","position":3,"name":"Seguro de decesos Mapfre","item":"https:\/\/idecesos.com\/seguros\/companias\/mapfre\/"},{"@type":"ListItem","position":4,"name":"Seguro de Decesos Universal Mapfre"}]},{"@type":"WebSite","@id":"https:\/\/idecesos.com\/seguros\/#website","url":"https:\/\/idecesos.com\/seguros\/","name":"","description":"","potentialAction":[{"@type":"SearchAction","target":{"@type":"EntryPoint","urlTemplate":"https:\/\/idecesos.com\/seguros\/?s={search_term_string}"},"query-input":{"@type":"PropertyValueSpecification","valueRequired":true,"valueName":"search_term_string"}}],"inLanguage":"es"}]}},"_links":{"self":[{"href":"https:\/\/idecesos.com\/seguros\/wp-json\/wp\/v2\/pages\/429","targetHints":{"allow":["GET"]}}],"collection":[{"href":"https:\/\/idecesos.com\/seguros\/wp-json\/wp\/v2\/pages"}],"about":[{"href":"https:\/\/idecesos.com\/seguros\/wp-json\/wp\/v2\/types\/page"}],"author":[{"embeddable":true,"href":"https:\/\/idecesos.com\/seguros\/wp-json\/wp\/v2\/users\/2"}],"replies":[{"embeddable":true,"href":"https:\/\/idecesos.com\/seguros\/wp-json\/wp\/v2\/comments?post=429"}],"version-history":[{"count":3,"href":"https:\/\/idecesos.com\/seguros\/wp-json\/wp\/v2\/pages\/429\/revisions"}],"predecessor-version":[{"id":7155,"href":"https:\/\/idecesos.com\/seguros\/wp-json\/wp\/v2\/pages\/429\/revisions\/7155"}],"up":[{"embeddable":true,"href":"https:\/\/idecesos.com\/seguros\/wp-json\/wp\/v2\/pages\/414"}],"wp:attachment":[{"href":"https:\/\/idecesos.com\/seguros\/wp-json\/wp\/v2\/media?parent=429"}],"curies":[{"name":"wp","href":"https:\/\/api.w.org\/{rel}","templated":true}]}}