{"id":449,"date":"2021-07-12T09:20:31","date_gmt":"2021-07-12T09:20:31","guid":{"rendered":"https:\/\/idecesos.com\/seguros\/?page_id=449"},"modified":"2024-12-11T13:38:00","modified_gmt":"2024-12-11T12:38:00","slug":"coberturas","status":"publish","type":"page","link":"https:\/\/idecesos.com\/seguros\/companias\/preventiva\/coberturas\/","title":{"rendered":"Coberturas Seguro de Decesos Preventiva"},"content":{"rendered":"\r\n\r\n<p>Antes de empezar hablar del seguro de decesos de Preventiva y sus coberturas, vamos hacer una introspecci\u00f3n de la compa\u00f1\u00eda. El Grupo Preventiva nace a\u00f1os antes de los 50 como compa\u00f1\u00eda aseguradora de su familia. Dentro de este grupo. Se a\u00fanan tres entidades, para, cada una dar un servicio determinado dentro de la empresa:<\/p>\r\n\r\n\r\n\r\n<p>\u00b7 Preventiva: Seguros<\/p>\r\n\r\n\r\n\r\n<p>\u00b7 Expertia: Compa\u00f1\u00eda de decesos.<\/p>\r\n\r\n\r\n\r\n<p>\u00b7 Avantia.<\/p>\r\n\r\n\r\n\r\n<p>Actualmente, las dos primeras, cuentan con un mill\u00f3n de asegurados. El servicio de Preventiva cuenta con el Certificado de Calidad Aenor, para ofrecer m\u00e1s seguridad a sus clientes. Se preocupa por la innovaci\u00f3n, la tecnolog\u00eda y los cambios sociales, es una empresa que siempre quiere estar a la \u00faltima en sus servicios, para ofrecer lo mejor del mercado a sus clientes.<\/p>\r\n\r\n\r\n\r\n<p>Preventiva trabaja por todo el territorio nacional, cuenta con m\u00e1s de 130 oficinas por el pa\u00eds y unos 2.000 mediadores para acercar al p\u00fablico sus servicios, con una asistencia 24 horas los 365 d\u00edas del a\u00f1o.<\/p>\r\n\r\n\r\n\r\n<p>Si nos centramos en los seguros de decesos, hay que resaltar que a la compa\u00f1\u00eda la respaldan m\u00e1s de 70 a\u00f1os de experiencia.<\/p>\r\n\r\n\r\n\r\n<p>Como coberturas, hay que resaltar que el grupo cuenta con el servicio de AFIN.2. Un producto que une distintas coberturas hacia la familia, integrando distintas modalidades de seguros en una misma p\u00f3liza y en un \u00fanico recibo, por ello este producto cuenta con servicios de decesos, vida, accidentes, hogar y asistencia m\u00e9dica, todo ello sin recargo ni fraccionamiento a sus clientes. Entre las ventajas que ofrece, cuenta con un amplio cuadro m\u00e9dico por el pa\u00eds, servicios dentales totalmente gratuitos, orientaci\u00f3n m\u00e9dica completa y otros servicios extra como pueden ser: veterinarios, \u00f3pticas, ortopedias, balnearios y spas.<\/p>\r\n\r\n\r\n\r\n<p>AFIN2 garantiza al cliente la devoluci\u00f3n del importe de los servicios que no utilice, o en el caso de que los servicios usados supongan un menor coste que lo aportado por el cliente en su p\u00f3liza. Este seguro incluye:<\/p>\r\n\r\n\r\n\r\n<p>o Traslado completo: Dentro de las fronteras del pa\u00eds o desde un pa\u00eds determinado con destino a Espa\u00f1a hacia el cementerio elegido por el cliente o su familia.<\/p>\r\n\r\n\r\n\r\n<p>o Asistencia en viaje: Si en un accidente dentro del pa\u00eds o en cualquier lugar del mundo, uno de los asegurados falleciese o le ocurriera alg\u00fan imprevisto, la compa\u00f1\u00eda se har\u00eda cargo de la repatriaci\u00f3n del cuerpo, del acompa\u00f1ante y su billete de avi\u00f3n, gastos m\u00e9dicos, env\u00edo de medicamentos\u2026<\/p>\r\n\r\n\r\n\r\n<p>o Asistencia para clientes residentes en el extranjero: Siempre que sean espa\u00f1oles, pueden optar a ser repatriados a Espa\u00f1a en caso de fallecimiento.<\/p>\r\n\r\n\r\n\r\n<p>o Responsabilidad Civil familiar: En caso de que involuntariamente un tercero cause involuntariamente un da\u00f1o, AFIN2 asume la responsabilidad civil extracontractual y la defensa jur\u00eddica de sus actuaciones.<\/p>\r\n\r\n\r\n\r\n<p>o Borrado digital tras el fallecimiento: La compa\u00f1\u00eda borrar\u00eda todas las cuentas personales en redes sociales, p\u00e1ginas web, correo electr\u00f3nico o almacenamiento digital.<\/p>\r\n\r\n\r\n\r\n<p>o Testamento abierto notarial: Asistencia para ofrecer testamento ante notario, dejando constancia de la \u00faltima voluntad del fallecido tanto por v\u00eda web como telef\u00f3nica. La firma podr\u00eda efectuarse incluso, en la casa del cliente, en caso de que este por problemas f\u00edsicos, no pudiese desplazarse o tuviese problemas para ello.<\/p>\r\n\r\n\r\n\r\n<p>o Testamento vital: Asesoramiento completo por un abogado, sobre el documento de instrucciones previas o testamento vital. En este documento el cliente muestra su consentimiento a que en el caso de que llegase a una situaci\u00f3n de incapacidad para no poder mostrar su consentimiento o en el caso de que fallezca, expresarlo en vida para que se cumpla en el momento de su muerte. Este servicio tambi\u00e9n incluye un asesoramiento en el registro de instrucciones previas.<\/p>\r\n\r\n\r\n\r\n<p>El servicio de AFIN2 admite incluir una indemnizaci\u00f3n en caso de fallecimiento (sea la causa que sea), invalidez absoluta y permanente y enfermedad grave.<\/p>\r\n\r\n\r\n\r\n<p>Permite de forma adicional incluir un capital asegurado en caso de accidente o de circulaci\u00f3n, se produzca fallecimiento, invalidez permanente, ya sea absoluta o parcial o seguro por infarto agudo de miocardio o por accidente vascular cerebral, gran invalidez o incapacidad temporal.<\/p>\r\n\r\n\r\n\r\n<p>AFIN2 de forma exclusiva incluye en la misma p\u00f3liza y en un mismo recibo, el seguro multirriesgo de hogar.<\/p>\r\n\r\n\r\n\r\n<p>Como otros seguros o garant\u00edas AFIN2 son:<\/p>\r\n\r\n\r\n\r\n<p>o La gesti\u00f3n de servicios jur\u00eddicos: Los especialistas se ocupan de todos los tr\u00e1mites y gestiones ante cualquier organismo, ya sea legal, redacci\u00f3n de documentos, gestiones de herencias\u2026<\/p>\r\n\r\n\r\n\r\n<p>o Asistencia m\u00e9dica y protecci\u00f3n familiar: Ofrece un servicio telef\u00f3nico y una infraestructura m\u00e9dica, sanitaria y de cuidado personal, con ventajas econ\u00f3micas, concertadas con los centros y profesionales, conteniendo servicios asistenciales, m\u00e9dicos, sanitarios y dentales sin coste adicional.<\/p>\r\n\r\n\r\n\r\n<p>o Asistencia inform\u00e1tica: Siempre que el asegurado requiera una consulta para solucionar incidencias que afecten a sus equipos inform\u00e1ticos de uso dom\u00e9stico.<\/p>\r\n\r\n\r\n\r\n<p>o Incluye la Gesti\u00f3n final de la vida digital, para eliminar la presencia en internet del asegurado.<\/p>\r\n\r\n\r\n\r\n<p>o Asistencia de empleo: Incluye varios servicios, entre ellos , el asesoramiento jur\u00eddico telef\u00f3nico, servicio de ayuda psicol\u00f3gica (en el caso de desempleo) y b\u00fasqueda de empleo.<\/p>\r\n\r\n\r\n\r\n<p>o Segunda opini\u00f3n m\u00e9dica: A trav\u00e9s de la red de profesionales m\u00e9dicos del proveedor de asistencia sanitaria.<\/p>\r\n\r\n\r\n\r\n<p>o Hospitalizaci\u00f3n y parto: incluyendo subsidio por intervenci\u00f3n quir\u00fargica e indemnizaci\u00f3n por parto.<\/p>\r\n\r\n\r\n\r\n<p>o Privaci\u00f3n del permiso de conducir.<\/p>\r\n\r\n\r\n\r\n<p>o Curso por p\u00e9rdida de puntos del permiso de conducir.<\/p>\r\n\r\n\r\n\r\n<p>o Protecci\u00f3n de pagos. Hay que destacar en este punto que Preventiva es la \u00fanica compa\u00f1\u00eda que ofrece esta garant\u00eda dentro de la p\u00f3liza de decesos. Es opcional y cubre la exenci\u00f3n del pago de los recibos de la p\u00f3liza durante 12 mensualidades, con un l\u00edmite de 2.000\u20ac, en caso de que haya situaci\u00f3n de servicio de desempleo, incapacidad temporal por accidente o enfermedad u hospitalizaci\u00f3n.<\/p>\r\n\r\n<h3>P\u00e1ginas relacionadas<\/h3><div class=\"enlazado\"><ul> <li><a href=\"https:\/\/idecesos.com\/seguros\/companias\/preventiva\/coberturas\/\">Coberturas Preventiva<\/a><\/li> <li><a href=\"https:\/\/idecesos.com\/seguros\/companias\/preventiva\/opiniones\/\">Opiniones Preventiva<\/a><\/li> <li><a href=\"https:\/\/idecesos.com\/seguros\/companias\/preventiva\/precio\/\">Precio seguro Preventiva<\/a><\/li> <li><a href=\"https:\/\/idecesos.com\/seguros\/companias\/preventiva\/prima-mixta\/\">Preventiva Prima Mixta<\/a><\/li> <li><a href=\"https:\/\/idecesos.com\/seguros\/companias\/preventiva\/prima-natural\/\">Preventiva Prima Natural<\/a><\/li> <li><a href=\"https:\/\/idecesos.com\/seguros\/companias\/preventiva\/prima-nivelada\/\">Preventiva Prima Nivelada<\/a><\/li> <li><a href=\"https:\/\/idecesos.com\/seguros\/companias\/preventiva\/prima-unica\/\">Preventiva Prima \u00danica<\/a><\/li> <li><a href=\"https:\/\/idecesos.com\/seguros\/companias\/preventiva\/repatriacion\/\">Preventiva Repatriaci\u00f3n<\/a><\/li> <li><a href=\"https:\/\/idecesos.com\/seguros\/companias\/preventiva\/telefono\/\">Tel\u00e9fono Gratuito Preventiva<\/a><\/li>   <\/ul><\/div>","protected":false},"excerpt":{"rendered":"<p>Antes de empezar hablar del seguro de decesos de Preventiva y sus coberturas, vamos hacer una introspecci\u00f3n de la compa\u00f1\u00eda. El Grupo Preventiva nace a\u00f1os antes de los 50 como compa\u00f1\u00eda aseguradora de su familia. Dentro de este grupo. Se a\u00fanan tres entidades, para, cada una dar un servicio determinado dentro de la empresa: \u00b7&hellip; <\/p>\n","protected":false},"author":2,"featured_media":0,"parent":447,"menu_order":0,"comment_status":"closed","ping_status":"closed","template":"single.php","meta":{"footnotes":""},"class_list":["post-449","page","type-page","status-publish","hentry"],"yoast_head":"<!-- This site is optimized with the Yoast SEO plugin v27.6 - https:\/\/yoast.com\/product\/yoast-seo-wordpress\/ -->\n<title>Coberturas Seguro de Decesos Preventiva | Gu\u00eda 2026<\/title>\n<meta name=\"description\" content=\"Consulta gratis las coberturas y servicios del Seguro de Decesos Preventiva Informaci\u00f3n actualizada en 2026. Coberturas verificadas por iDecesos.\" \/>\n<meta name=\"robots\" content=\"index, follow, max-snippet:-1, max-image-preview:large, max-video-preview:-1\" \/>\n<link rel=\"canonical\" href=\"https:\/\/idecesos.com\/seguros\/companias\/preventiva\/coberturas\/\" \/>\n<meta property=\"og:locale\" content=\"es_ES\" \/>\n<meta property=\"og:type\" content=\"article\" \/>\n<meta property=\"og:title\" content=\"Coberturas Seguro de Decesos Preventiva | Gu\u00eda 2026\" \/>\n<meta property=\"og:description\" content=\"Consulta gratis las coberturas y servicios del Seguro de Decesos Preventiva Informaci\u00f3n actualizada en 2026. Coberturas verificadas por iDecesos.\" \/>\n<meta property=\"og:url\" content=\"https:\/\/idecesos.com\/seguros\/companias\/preventiva\/coberturas\/\" \/>\n<meta property=\"article:modified_time\" content=\"2024-12-11T12:38:00+00:00\" \/>\n<meta name=\"twitter:card\" content=\"summary_large_image\" \/>\n<meta name=\"twitter:label1\" content=\"Tiempo de lectura\" \/>\n\t<meta name=\"twitter:data1\" content=\"5 minutos\" \/>\n<script type=\"application\/ld+json\" class=\"yoast-schema-graph\">{\"@context\":\"https:\\\/\\\/schema.org\",\"@graph\":[{\"@type\":\"WebPage\",\"@id\":\"https:\\\/\\\/idecesos.com\\\/seguros\\\/companias\\\/preventiva\\\/coberturas\\\/\",\"url\":\"https:\\\/\\\/idecesos.com\\\/seguros\\\/companias\\\/preventiva\\\/coberturas\\\/\",\"name\":\"Coberturas Seguro de Decesos Preventiva | Gu\u00eda 2026\",\"isPartOf\":{\"@id\":\"https:\\\/\\\/idecesos.com\\\/seguros\\\/#website\"},\"datePublished\":\"2021-07-12T09:20:31+00:00\",\"dateModified\":\"2024-12-11T12:38:00+00:00\",\"description\":\"Consulta gratis las coberturas y servicios del Seguro de Decesos Preventiva Informaci\u00f3n actualizada en 2026. Coberturas verificadas por iDecesos.\",\"breadcrumb\":{\"@id\":\"https:\\\/\\\/idecesos.com\\\/seguros\\\/companias\\\/preventiva\\\/coberturas\\\/#breadcrumb\"},\"inLanguage\":\"es\",\"potentialAction\":[{\"@type\":\"ReadAction\",\"target\":[\"https:\\\/\\\/idecesos.com\\\/seguros\\\/companias\\\/preventiva\\\/coberturas\\\/\"]}]},{\"@type\":\"BreadcrumbList\",\"@id\":\"https:\\\/\\\/idecesos.com\\\/seguros\\\/companias\\\/preventiva\\\/coberturas\\\/#breadcrumb\",\"itemListElement\":[{\"@type\":\"ListItem\",\"position\":1,\"name\":\"Portada\",\"item\":\"https:\\\/\\\/idecesos.com\\\/seguros\\\/\"},{\"@type\":\"ListItem\",\"position\":2,\"name\":\"Compa\u00f1\u00edas de Seguros de Decesos en Espa\u00f1a\",\"item\":\"https:\\\/\\\/idecesos.com\\\/seguros\\\/companias\\\/\"},{\"@type\":\"ListItem\",\"position\":3,\"name\":\"Seguro de decesos Preventiva\",\"item\":\"https:\\\/\\\/idecesos.com\\\/seguros\\\/companias\\\/preventiva\\\/\"},{\"@type\":\"ListItem\",\"position\":4,\"name\":\"Coberturas Seguro de Decesos Preventiva\"}]},{\"@type\":\"WebSite\",\"@id\":\"https:\\\/\\\/idecesos.com\\\/seguros\\\/#website\",\"url\":\"https:\\\/\\\/idecesos.com\\\/seguros\\\/\",\"name\":\"\",\"description\":\"\",\"potentialAction\":[{\"@type\":\"SearchAction\",\"target\":{\"@type\":\"EntryPoint\",\"urlTemplate\":\"https:\\\/\\\/idecesos.com\\\/seguros\\\/?s={search_term_string}\"},\"query-input\":{\"@type\":\"PropertyValueSpecification\",\"valueRequired\":true,\"valueName\":\"search_term_string\"}}],\"inLanguage\":\"es\"}]}<\/script>\n<!-- \/ Yoast SEO plugin. -->","yoast_head_json":{"title":"Coberturas Seguro de Decesos Preventiva | Gu\u00eda 2026","description":"Consulta gratis las coberturas y servicios del Seguro de Decesos Preventiva Informaci\u00f3n actualizada en 2026. Coberturas verificadas por iDecesos.","robots":{"index":"index","follow":"follow","max-snippet":"max-snippet:-1","max-image-preview":"max-image-preview:large","max-video-preview":"max-video-preview:-1"},"canonical":"https:\/\/idecesos.com\/seguros\/companias\/preventiva\/coberturas\/","og_locale":"es_ES","og_type":"article","og_title":"Coberturas Seguro de Decesos Preventiva | Gu\u00eda 2026","og_description":"Consulta gratis las coberturas y servicios del Seguro de Decesos Preventiva Informaci\u00f3n actualizada en 2026. Coberturas verificadas por iDecesos.","og_url":"https:\/\/idecesos.com\/seguros\/companias\/preventiva\/coberturas\/","article_modified_time":"2024-12-11T12:38:00+00:00","twitter_card":"summary_large_image","twitter_misc":{"Tiempo de lectura":"5 minutos"},"schema":{"@context":"https:\/\/schema.org","@graph":[{"@type":"WebPage","@id":"https:\/\/idecesos.com\/seguros\/companias\/preventiva\/coberturas\/","url":"https:\/\/idecesos.com\/seguros\/companias\/preventiva\/coberturas\/","name":"Coberturas Seguro de Decesos Preventiva | Gu\u00eda 2026","isPartOf":{"@id":"https:\/\/idecesos.com\/seguros\/#website"},"datePublished":"2021-07-12T09:20:31+00:00","dateModified":"2024-12-11T12:38:00+00:00","description":"Consulta gratis las coberturas y servicios del Seguro de Decesos Preventiva Informaci\u00f3n actualizada en 2026. Coberturas verificadas por iDecesos.","breadcrumb":{"@id":"https:\/\/idecesos.com\/seguros\/companias\/preventiva\/coberturas\/#breadcrumb"},"inLanguage":"es","potentialAction":[{"@type":"ReadAction","target":["https:\/\/idecesos.com\/seguros\/companias\/preventiva\/coberturas\/"]}]},{"@type":"BreadcrumbList","@id":"https:\/\/idecesos.com\/seguros\/companias\/preventiva\/coberturas\/#breadcrumb","itemListElement":[{"@type":"ListItem","position":1,"name":"Portada","item":"https:\/\/idecesos.com\/seguros\/"},{"@type":"ListItem","position":2,"name":"Compa\u00f1\u00edas de Seguros de Decesos en Espa\u00f1a","item":"https:\/\/idecesos.com\/seguros\/companias\/"},{"@type":"ListItem","position":3,"name":"Seguro de decesos Preventiva","item":"https:\/\/idecesos.com\/seguros\/companias\/preventiva\/"},{"@type":"ListItem","position":4,"name":"Coberturas Seguro de Decesos Preventiva"}]},{"@type":"WebSite","@id":"https:\/\/idecesos.com\/seguros\/#website","url":"https:\/\/idecesos.com\/seguros\/","name":"","description":"","potentialAction":[{"@type":"SearchAction","target":{"@type":"EntryPoint","urlTemplate":"https:\/\/idecesos.com\/seguros\/?s={search_term_string}"},"query-input":{"@type":"PropertyValueSpecification","valueRequired":true,"valueName":"search_term_string"}}],"inLanguage":"es"}]}},"_links":{"self":[{"href":"https:\/\/idecesos.com\/seguros\/wp-json\/wp\/v2\/pages\/449","targetHints":{"allow":["GET"]}}],"collection":[{"href":"https:\/\/idecesos.com\/seguros\/wp-json\/wp\/v2\/pages"}],"about":[{"href":"https:\/\/idecesos.com\/seguros\/wp-json\/wp\/v2\/types\/page"}],"author":[{"embeddable":true,"href":"https:\/\/idecesos.com\/seguros\/wp-json\/wp\/v2\/users\/2"}],"replies":[{"embeddable":true,"href":"https:\/\/idecesos.com\/seguros\/wp-json\/wp\/v2\/comments?post=449"}],"version-history":[{"count":5,"href":"https:\/\/idecesos.com\/seguros\/wp-json\/wp\/v2\/pages\/449\/revisions"}],"predecessor-version":[{"id":22138,"href":"https:\/\/idecesos.com\/seguros\/wp-json\/wp\/v2\/pages\/449\/revisions\/22138"}],"up":[{"embeddable":true,"href":"https:\/\/idecesos.com\/seguros\/wp-json\/wp\/v2\/pages\/447"}],"wp:attachment":[{"href":"https:\/\/idecesos.com\/seguros\/wp-json\/wp\/v2\/media?parent=449"}],"curies":[{"name":"wp","href":"https:\/\/api.w.org\/{rel}","templated":true}]}}