{"id":457,"date":"2021-07-12T09:26:31","date_gmt":"2021-07-12T09:26:31","guid":{"rendered":"https:\/\/idecesos.com\/seguros\/?page_id=457"},"modified":"2024-12-11T13:41:43","modified_gmt":"2024-12-11T12:41:43","slug":"coberturas","status":"publish","type":"page","link":"https:\/\/idecesos.com\/seguros\/companias\/racc\/coberturas\/","title":{"rendered":"Coberturas Seguro de Decesos RACC"},"content":{"rendered":"\r\n\r\n<p>La fundaci\u00f3n RACC, Real Autom\u00f3vil Club de Catalu\u00f1a, es una entidad sin \u00e1nimo de lucro, que desde su creaci\u00f3n en el a\u00f1o 1994, trabaja para fomentar una movilidad mucho m\u00e1s fiable, asequible e inteligente para todo el mundo, orientada principalmente a mejorar la calidad de vida de las personas.<\/p>\r\n\r\n\r\n\r\n<p>Para alcanzar los objetivos que tiene previstos, esta fundaci\u00f3n promueve el nuevo conocimiento en movilidad mediante el desarrollo de proyectos, planes y estudios de movilidad tanto en el \u00e1mbito local como en el internacional. Y, compaginando todo esto, se encargan de impulsar campa\u00f1as de concienciaci\u00f3n, formaci\u00f3n y educaci\u00f3n sobre las cuestiones que dentro de la movilidad son justas, ejerciendo una funci\u00f3n de defensa a la vez que de protecci\u00f3n de los usuarios. La misi\u00f3n principal de esta Fundaci\u00f3n se dirige a tres aspectos fundamentales como ser\u00edan la seguridad vial, la gesti\u00f3n de la movilidad y el medio ambiente.<\/p>\r\n\r\n\r\n\r\n<p>Con motivo de la celebraci\u00f3n de su vig\u00e9simo aniversario en el 2014, la fundaci\u00f3n renov\u00f3 su compromiso hist\u00f3rico de contribuir al debate social sobre cu\u00e1l y c\u00f3mo debe ser el modelo de movilidad que demandan las nuevas realidades, ya sea social, econ\u00f3mica, tecnol\u00f3gica y urbana del siglo XXI.<\/p>\r\n\r\n\r\n\r\n<p>Para promover esto, la fundaci\u00f3n divide sus prioridades a corto plazo en cuatro grandes objetivos. Se pueden encontrar por tanto una movilidad segura para conductores, veh\u00edculos y v\u00edas seguras, una movilidad sostenible con eficiencia energ\u00e9tica y propulsiones alternativas. Por otro lado, una movilidad inteligente con conductores informados y conectados, sin olvidar una movilidad asequible con rebajas de los costes y un transporte p\u00fablico inteligente.<\/p>\r\n\r\n\r\n\r\n<p>Dentro del \u00f3rgano de gobierno de la fundaci\u00f3n, el presidente es Josep Mateu Negre. Este club es l\u00edder en Espa\u00f1a de EuroRAP, un programa internacional sin \u00e1nimo de lucro que analiza la calidad de las infraestructuras viales para introducir mejoras que reduzcan tanto el riesgo de accidente como cualquiera de sus consecuencias. Cuenta con una serie de colaboradores como son el Ministerio de Fomento, la Direcci\u00f3n General de Tr\u00e1fico (DGT), el Servei Catal\u00e1 de Tr\u00e1nsit (SCT), el Departamento de Territorio y Sostenibilidad de la Generalitat de Catalunya y el Gobierno Vasco.<\/p>\r\n\r\n\r\n\r\n<p>Sus objetivos principales son los de informar a los usuarios sobre el estado de concretos servicios de movilidad y proporcionarles algunos consejos pr\u00e1cticos para que adapten su comportamiento y garantizar la seguridad de todos. Adem\u00e1s, de enviar una se\u00f1al de alerta a las administraciones, tanto para la soluci\u00f3n inmediata de cuestiones puntuales como para la puesta en marcha de programas sistem\u00e1ticos de mantenimiento y mejora.<\/p>\r\n\r\n\r\n\r\n<p>El seguro de decesos suele cubrir los gastos derivados del sepelio del asegurado, adem\u00e1s de incluir, en la mayor\u00eda de las ocasiones, los tr\u00e1mites y gestiones que son necesarios solucionar en estos momentos. Hay que considerar que son momentos en los que principalmente la familia no se encuentra en condiciones para realizar todo estos los tr\u00e1mites y todas las diligencias que hace falta realizar tras la defunci\u00f3n de un allegado.<\/p>\r\n\r\n\r\n\r\n<p>En RACC seguros de decesos siguen vuestras indicaciones para organizar el servicio f\u00fanebre y se ocupan de todas las gestiones que necesit\u00e9is. Desde la flores, hasta el sitio donde ser\u00e1 el sepelio, pasando por el entierro o la incineraci\u00f3n, seg\u00fan elija el asegurado o su familia.<\/p>\r\n\r\n\r\n\r\n<p>Es decir, que todo est\u00e1 incluido y que, sobre todo, la compa\u00f1\u00eda aseguradora se encarga de lo que conlleva este duro proceso. Hay que tener en cuenta que un seguro de vida pone el dinero, pero no realiza ning\u00fan tr\u00e1mite. La persona que se haga responsable del fallecimiento de su ser querido deber\u00e1 gestionarlo y administrarlo todo, en un momento en el que justamente eso sea lo que menos le apetezca hacer.<\/p>\r\n\r\n\r\n\r\n<p>El seguro de decesos RACC, as\u00ed como cualquier otro seguro de este tipo, aparte de poner el dinero lo organiza todo. Las ventajas son m\u00e1ximas y para poder saber qu\u00e9 es lo que m\u00e1s os interesa a cada uno, os aconsejamos utilizar una compa\u00f1\u00eda que se dedique a comparar los diferentes seguros que existen, viendo las caracter\u00edsticas de cada uno y la opci\u00f3n que m\u00e1s interesa seg\u00fan se tenga una edad u otro, se viva en cierta localidad, se deseen determinados servicios o se a\u00f1adan m\u00e1s coberturas. En nuestro caso, somos una compa\u00f1\u00eda especializada en la comparaci\u00f3n de seguros de decesos, por lo que cualquiera de nuestros agentes podr\u00e1 orientarte y asesorarte de la mejor forma. En iDecesos.com con una simple solicitud de consulta y con tan solo rellenar un sencillo formulario, vas a poner tener la alternativa m\u00e1s interesante seg\u00fan tus necesidades espec\u00edficas. Te animamos a probarlo, ya que no te vas a arrepentir al ver todas las opciones que te aparecen.<\/p>\r\n\r\n\r\n\r\n<p>Por \u00faltimo, se tendr\u00eda que considerar que no todas las p\u00f3lizas de seguros de decesos son iguales, ni suponen el mismo coste ni cubren lo mismo. Me gustar\u00eda mencionar las modalidades de p\u00f3lizas m\u00e1s comunes: por un lado tenemos la prima \u00fanica, por otro la natural, adem\u00e1s est\u00e1 la seminatural o mixta y, finalmente, la prima nivelada. Entre estas cuatro opciones as\u00ed mismo hay que hacer una elecci\u00f3n, por tanto ya no solo vas a tener que elegir entre las diferentes compa\u00f1\u00edas aseguradoras que existen en toda Espa\u00f1a, sino tambi\u00e9n habr\u00e1 que hacer una elecci\u00f3n por el tipo de p\u00f3liza que quieres, por las coberturas que vas a necesitar, por el modo de pago que prefieres, etc. Muchas decisiones que tomar que con una sola comparativa se tendr\u00edan claras.<\/p>\r\n\r\n<h3>P\u00e1ginas relacionadas<\/h3><div class=\"enlazado\"><ul> <li><a href=\"https:\/\/idecesos.com\/seguros\/companias\/racc\/coberturas\/\">Coberturas Seguro de Decesos RACC<\/a><\/li> <li><a href=\"https:\/\/idecesos.com\/seguros\/companias\/racc\/opiniones\/\">Opiniones RACC<\/a><\/li> <li><a href=\"https:\/\/idecesos.com\/seguros\/companias\/racc\/precio\/\">Precio seguro RACC<\/a><\/li> <li><a href=\"https:\/\/idecesos.com\/seguros\/companias\/racc\/prima-mixta\/\">RACC Prima Mixta<\/a><\/li> <li><a href=\"https:\/\/idecesos.com\/seguros\/companias\/racc\/prima-natural\/\">RACC Prima Natural<\/a><\/li> <li><a href=\"https:\/\/idecesos.com\/seguros\/companias\/racc\/prima-nivelada\/\">RACC Prima Nivelada<\/a><\/li> <li><a href=\"https:\/\/idecesos.com\/seguros\/companias\/racc\/prima-unica\/\">RACC Prima \u00danica<\/a><\/li> <li><a href=\"https:\/\/idecesos.com\/seguros\/companias\/racc\/repatriacion\/\">RACC Repatriaci\u00f3n<\/a><\/li> <li><a href=\"https:\/\/idecesos.com\/seguros\/companias\/racc\/telefono\/\">Tel\u00e9fono Gratuito RACC<\/a><\/li>   <\/ul><\/div>","protected":false},"excerpt":{"rendered":"<p>La fundaci\u00f3n RACC, Real Autom\u00f3vil Club de Catalu\u00f1a, es una entidad sin \u00e1nimo de lucro, que desde su creaci\u00f3n en el a\u00f1o 1994, trabaja para fomentar una movilidad mucho m\u00e1s fiable, asequible e inteligente para todo el mundo, orientada principalmente a mejorar la calidad de vida de las personas. Para alcanzar los objetivos que tiene&hellip; <\/p>\n","protected":false},"author":2,"featured_media":0,"parent":455,"menu_order":0,"comment_status":"closed","ping_status":"closed","template":"single.php","meta":{"footnotes":""},"class_list":["post-457","page","type-page","status-publish","hentry"],"yoast_head":"<!-- This site is optimized with the Yoast SEO plugin v27.5 - https:\/\/yoast.com\/product\/yoast-seo-wordpress\/ -->\n<title>Coberturas Seguro de Decesos RACC | Gu\u00eda 2026<\/title>\n<meta name=\"description\" content=\"Consulta gratis las coberturas y servicios del Seguro de Decesos RACC Informaci\u00f3n actualizada en 2026. Coberturas verificadas por iDecesos.\" \/>\n<meta name=\"robots\" content=\"index, follow, max-snippet:-1, max-image-preview:large, max-video-preview:-1\" \/>\n<link rel=\"canonical\" href=\"https:\/\/idecesos.com\/seguros\/companias\/racc\/coberturas\/\" \/>\n<meta property=\"og:locale\" content=\"es_ES\" \/>\n<meta property=\"og:type\" content=\"article\" \/>\n<meta property=\"og:title\" content=\"Coberturas Seguro de Decesos RACC | Gu\u00eda 2026\" \/>\n<meta property=\"og:description\" content=\"Consulta gratis las coberturas y servicios del Seguro de Decesos RACC Informaci\u00f3n actualizada en 2026. Coberturas verificadas por iDecesos.\" \/>\n<meta property=\"og:url\" content=\"https:\/\/idecesos.com\/seguros\/companias\/racc\/coberturas\/\" \/>\n<meta property=\"article:modified_time\" content=\"2024-12-11T12:41:43+00:00\" \/>\n<meta name=\"twitter:card\" content=\"summary_large_image\" \/>\n<meta name=\"twitter:label1\" content=\"Tiempo de lectura\" \/>\n\t<meta name=\"twitter:data1\" content=\"5 minutos\" \/>\n<script type=\"application\/ld+json\" class=\"yoast-schema-graph\">{\"@context\":\"https:\\\/\\\/schema.org\",\"@graph\":[{\"@type\":\"WebPage\",\"@id\":\"https:\\\/\\\/idecesos.com\\\/seguros\\\/companias\\\/racc\\\/coberturas\\\/\",\"url\":\"https:\\\/\\\/idecesos.com\\\/seguros\\\/companias\\\/racc\\\/coberturas\\\/\",\"name\":\"Coberturas Seguro de Decesos RACC | Gu\u00eda 2026\",\"isPartOf\":{\"@id\":\"https:\\\/\\\/idecesos.com\\\/seguros\\\/#website\"},\"datePublished\":\"2021-07-12T09:26:31+00:00\",\"dateModified\":\"2024-12-11T12:41:43+00:00\",\"description\":\"Consulta gratis las coberturas y servicios del Seguro de Decesos RACC Informaci\u00f3n actualizada en 2026. Coberturas verificadas por iDecesos.\",\"breadcrumb\":{\"@id\":\"https:\\\/\\\/idecesos.com\\\/seguros\\\/companias\\\/racc\\\/coberturas\\\/#breadcrumb\"},\"inLanguage\":\"es\",\"potentialAction\":[{\"@type\":\"ReadAction\",\"target\":[\"https:\\\/\\\/idecesos.com\\\/seguros\\\/companias\\\/racc\\\/coberturas\\\/\"]}]},{\"@type\":\"BreadcrumbList\",\"@id\":\"https:\\\/\\\/idecesos.com\\\/seguros\\\/companias\\\/racc\\\/coberturas\\\/#breadcrumb\",\"itemListElement\":[{\"@type\":\"ListItem\",\"position\":1,\"name\":\"Portada\",\"item\":\"https:\\\/\\\/idecesos.com\\\/seguros\\\/\"},{\"@type\":\"ListItem\",\"position\":2,\"name\":\"Compa\u00f1\u00edas de Seguros de Decesos en Espa\u00f1a\",\"item\":\"https:\\\/\\\/idecesos.com\\\/seguros\\\/companias\\\/\"},{\"@type\":\"ListItem\",\"position\":3,\"name\":\"Seguro de decesos RACC\",\"item\":\"https:\\\/\\\/idecesos.com\\\/seguros\\\/companias\\\/racc\\\/\"},{\"@type\":\"ListItem\",\"position\":4,\"name\":\"Coberturas Seguro de Decesos RACC\"}]},{\"@type\":\"WebSite\",\"@id\":\"https:\\\/\\\/idecesos.com\\\/seguros\\\/#website\",\"url\":\"https:\\\/\\\/idecesos.com\\\/seguros\\\/\",\"name\":\"\",\"description\":\"\",\"potentialAction\":[{\"@type\":\"SearchAction\",\"target\":{\"@type\":\"EntryPoint\",\"urlTemplate\":\"https:\\\/\\\/idecesos.com\\\/seguros\\\/?s={search_term_string}\"},\"query-input\":{\"@type\":\"PropertyValueSpecification\",\"valueRequired\":true,\"valueName\":\"search_term_string\"}}],\"inLanguage\":\"es\"}]}<\/script>\n<!-- \/ Yoast SEO plugin. -->","yoast_head_json":{"title":"Coberturas Seguro de Decesos RACC | Gu\u00eda 2026","description":"Consulta gratis las coberturas y servicios del Seguro de Decesos RACC Informaci\u00f3n actualizada en 2026. Coberturas verificadas por iDecesos.","robots":{"index":"index","follow":"follow","max-snippet":"max-snippet:-1","max-image-preview":"max-image-preview:large","max-video-preview":"max-video-preview:-1"},"canonical":"https:\/\/idecesos.com\/seguros\/companias\/racc\/coberturas\/","og_locale":"es_ES","og_type":"article","og_title":"Coberturas Seguro de Decesos RACC | Gu\u00eda 2026","og_description":"Consulta gratis las coberturas y servicios del Seguro de Decesos RACC Informaci\u00f3n actualizada en 2026. Coberturas verificadas por iDecesos.","og_url":"https:\/\/idecesos.com\/seguros\/companias\/racc\/coberturas\/","article_modified_time":"2024-12-11T12:41:43+00:00","twitter_card":"summary_large_image","twitter_misc":{"Tiempo de lectura":"5 minutos"},"schema":{"@context":"https:\/\/schema.org","@graph":[{"@type":"WebPage","@id":"https:\/\/idecesos.com\/seguros\/companias\/racc\/coberturas\/","url":"https:\/\/idecesos.com\/seguros\/companias\/racc\/coberturas\/","name":"Coberturas Seguro de Decesos RACC | Gu\u00eda 2026","isPartOf":{"@id":"https:\/\/idecesos.com\/seguros\/#website"},"datePublished":"2021-07-12T09:26:31+00:00","dateModified":"2024-12-11T12:41:43+00:00","description":"Consulta gratis las coberturas y servicios del Seguro de Decesos RACC Informaci\u00f3n actualizada en 2026. Coberturas verificadas por iDecesos.","breadcrumb":{"@id":"https:\/\/idecesos.com\/seguros\/companias\/racc\/coberturas\/#breadcrumb"},"inLanguage":"es","potentialAction":[{"@type":"ReadAction","target":["https:\/\/idecesos.com\/seguros\/companias\/racc\/coberturas\/"]}]},{"@type":"BreadcrumbList","@id":"https:\/\/idecesos.com\/seguros\/companias\/racc\/coberturas\/#breadcrumb","itemListElement":[{"@type":"ListItem","position":1,"name":"Portada","item":"https:\/\/idecesos.com\/seguros\/"},{"@type":"ListItem","position":2,"name":"Compa\u00f1\u00edas de Seguros de Decesos en Espa\u00f1a","item":"https:\/\/idecesos.com\/seguros\/companias\/"},{"@type":"ListItem","position":3,"name":"Seguro de decesos RACC","item":"https:\/\/idecesos.com\/seguros\/companias\/racc\/"},{"@type":"ListItem","position":4,"name":"Coberturas Seguro de Decesos RACC"}]},{"@type":"WebSite","@id":"https:\/\/idecesos.com\/seguros\/#website","url":"https:\/\/idecesos.com\/seguros\/","name":"","description":"","potentialAction":[{"@type":"SearchAction","target":{"@type":"EntryPoint","urlTemplate":"https:\/\/idecesos.com\/seguros\/?s={search_term_string}"},"query-input":{"@type":"PropertyValueSpecification","valueRequired":true,"valueName":"search_term_string"}}],"inLanguage":"es"}]}},"_links":{"self":[{"href":"https:\/\/idecesos.com\/seguros\/wp-json\/wp\/v2\/pages\/457","targetHints":{"allow":["GET"]}}],"collection":[{"href":"https:\/\/idecesos.com\/seguros\/wp-json\/wp\/v2\/pages"}],"about":[{"href":"https:\/\/idecesos.com\/seguros\/wp-json\/wp\/v2\/types\/page"}],"author":[{"embeddable":true,"href":"https:\/\/idecesos.com\/seguros\/wp-json\/wp\/v2\/users\/2"}],"replies":[{"embeddable":true,"href":"https:\/\/idecesos.com\/seguros\/wp-json\/wp\/v2\/comments?post=457"}],"version-history":[{"count":5,"href":"https:\/\/idecesos.com\/seguros\/wp-json\/wp\/v2\/pages\/457\/revisions"}],"predecessor-version":[{"id":22147,"href":"https:\/\/idecesos.com\/seguros\/wp-json\/wp\/v2\/pages\/457\/revisions\/22147"}],"up":[{"embeddable":true,"href":"https:\/\/idecesos.com\/seguros\/wp-json\/wp\/v2\/pages\/455"}],"wp:attachment":[{"href":"https:\/\/idecesos.com\/seguros\/wp-json\/wp\/v2\/media?parent=457"}],"curies":[{"name":"wp","href":"https:\/\/api.w.org\/{rel}","templated":true}]}}