{"id":460,"date":"2021-12-15T16:03:37","date_gmt":"2021-07-12T09:28:19","guid":{"rendered":"https:\/\/idecesos.com\/seguros\/?page_id=460"},"modified":"2022-03-10T11:36:31","modified_gmt":"2022-03-10T11:36:31","slug":"precio","status":"publish","type":"page","link":"https:\/\/idecesos.com\/seguros\/companias\/racc\/precio\/","title":{"rendered":"\u00bfCu\u00e1nto cuesta el seguro de decesos RACC?"},"content":{"rendered":"<div id=\"ez-toc-container\" class=\"ez-toc-v2_0_82_2 ez-toc-wrap-center counter-hierarchy ez-toc-counter ez-toc-custom ez-toc-container-direction\">\n<div class=\"ez-toc-title-container\">\n<p class=\"ez-toc-title\" style=\"cursor:inherit\">Tabla de Contenido<\/p>\n<span class=\"ez-toc-title-toggle\"><a href=\"#\" class=\"ez-toc-pull-right ez-toc-btn ez-toc-btn-xs ez-toc-btn-default ez-toc-toggle\" aria-label=\"Alternar tabla de contenidos\"><span class=\"ez-toc-js-icon-con\"><span class=\"\"><span class=\"eztoc-hide\" style=\"display:none;\">Toggle<\/span><span class=\"ez-toc-icon-toggle-span\"><svg style=\"fill: #db6415;color:#db6415\" xmlns=\"http:\/\/www.w3.org\/2000\/svg\" class=\"list-377408\" width=\"20px\" height=\"20px\" viewBox=\"0 0 24 24\" fill=\"none\"><path d=\"M6 6H4v2h2V6zm14 0H8v2h12V6zM4 11h2v2H4v-2zm16 0H8v2h12v-2zM4 16h2v2H4v-2zm16 0H8v2h12v-2z\" fill=\"currentColor\"><\/path><\/svg><svg style=\"fill: #db6415;color:#db6415\" class=\"arrow-unsorted-368013\" xmlns=\"http:\/\/www.w3.org\/2000\/svg\" width=\"10px\" height=\"10px\" viewBox=\"0 0 24 24\" version=\"1.2\" baseProfile=\"tiny\"><path d=\"M18.2 9.3l-6.2-6.3-6.2 6.3c-.2.2-.3.4-.3.7s.1.5.3.7c.2.2.4.3.7.3h11c.3 0 .5-.1.7-.3.2-.2.3-.5.3-.7s-.1-.5-.3-.7zM5.8 14.7l6.2 6.3 6.2-6.3c.2-.2.3-.5.3-.7s-.1-.5-.3-.7c-.2-.2-.4-.3-.7-.3h-11c-.3 0-.5.1-.7.3-.2.2-.3.5-.3.7s.1.5.3.7z\"\/><\/svg><\/span><\/span><\/span><\/a><\/span><\/div>\n<nav><ul class='ez-toc-list ez-toc-list-level-1 ' ><li class='ez-toc-page-1 ez-toc-heading-level-2'><a class=\"ez-toc-link ez-toc-heading-1\" href=\"https:\/\/idecesos.com\/seguros\/companias\/racc\/precio\/#Calcular_precio_seguro_de_decesos_RACC\" >Calcular precio seguro de decesos RACC<\/a><\/li><li class='ez-toc-page-1 ez-toc-heading-level-2'><a class=\"ez-toc-link ez-toc-heading-2\" href=\"https:\/\/idecesos.com\/seguros\/companias\/racc\/precio\/#Tabla_comparativa_de_precios_RACC\" >Tabla comparativa de precios RACC<\/a><ul class='ez-toc-list-level-3' ><li class='ez-toc-heading-level-3'><a class=\"ez-toc-link ez-toc-heading-3\" href=\"https:\/\/idecesos.com\/seguros\/companias\/racc\/precio\/#%C2%BFCual_es_la_mejor_tarifa_de_seguros_de_RACC\" >\u00bfCu\u00e1l es la mejor tarifa de seguros de RACC ?<\/a><\/li><li class='ez-toc-page-1 ez-toc-heading-level-3'><a class=\"ez-toc-link ez-toc-heading-4\" href=\"https:\/\/idecesos.com\/seguros\/companias\/racc\/precio\/#%C2%BFPuede_aumentar_precio_mensual_de_los_seguros_de_RACC\" >\u00bfPuede aumentar precio mensual de los seguros de RACC ?<\/a><\/li><li class='ez-toc-page-1 ez-toc-heading-level-3'><a class=\"ez-toc-link ez-toc-heading-5\" href=\"https:\/\/idecesos.com\/seguros\/companias\/racc\/precio\/#%C2%BFEl_precio_de_seguros_de_decesos_RACC_sube_con_la_edad\" >\u00bfEl precio de seguros de decesos RACC sube con la edad?<\/a><\/li><li class='ez-toc-page-1 ez-toc-heading-level-3'><a class=\"ez-toc-link ez-toc-heading-6\" href=\"https:\/\/idecesos.com\/seguros\/companias\/racc\/precio\/#Paginas_relacionadas\" >P\u00e1ginas relacionadas<\/a><\/li><\/ul><\/li><\/ul><\/nav><\/div>\n<p><br \/>\nMediante el trabajo de los profesionales que componen iDecesos, merced a su comparador ofrecemos un extenso panel de ofertas de seguros de defunci\u00f3n con empresas aseguradoras, precios y coberturas muy competitivas. Es fundamental, tener toda la informaci\u00f3n de las p\u00f3lizas del seguro de decesos que m\u00e1s te interesen para tomar una resoluci\u00f3n acertada y que mejor se asemeje a lo deseado. A continuaci\u00f3n, le mostraremos cada uno de ellos de los precios y las diferentes modalidades de primas que existen en el seguro de decesos de RACC para que pueda solucionar todas sus dudas y pueda seleccionar la mejor cobertura y prima que mejor se amolde a sus necesidades.<\/p>\n<div class=\"colorf\"><div class=\"container clearfix\"><div class=\"col-md-7\">\n<h2><span class=\"ez-toc-section\" id=\"Calcular_precio_seguro_de_decesos_RACC\"><\/span>Calcular precio seguro de decesos RACC<span class=\"ez-toc-section-end\"><\/span><\/h2>\n<p>Es muy simple. Merced a iDecesos calcular el precio de su seguro de decesos no le costar\u00e1 nada. Rellene los campos que le solicitamos y nos encargaremos de filtrar los mejores resultados que mejor se amolden a usted. Contratar una p\u00f3liza de decesos tiene muchos beneficios si lo hace con RACC. Lo primero es la calma que le brindar\u00e1 a y a su familia. Por otra parte, va a poder contar con su profesionalidad. No se preocupe, RACC le facilitar\u00e1 todos y cada uno de los tr\u00e1mites y estar\u00e1n a su lado en ese duro momento que es la p\u00e9rdida de un ser querido.<br \/>\n<\/div><\/div><\/div><\/p>\n<h2><span class=\"ez-toc-section\" id=\"Tabla_comparativa_de_precios_RACC\"><\/span>Tabla comparativa de precios RACC<span class=\"ez-toc-section-end\"><\/span><\/h2>\n<p><div class=\"cabecera_tabla_precio\"><table class=\"table table-striped\"><thead><tr><th class=\"nosepara centrado\">Tipo<\/th><th class=\"nosepara centrado nojustificado\">Precio Desde<\/th><th class=\"nosepara dcha\"><\/th><\/tr><\/thead><tbody><tr class=\"fila_tabla_precio\"><td class=\"nosepara izq\">Precio Seguro Decesos RACC<\/td><td class=\"nosepara centro\">1,49 \u20ac\/mes<\/td><td class=\"nosepara derecha\">\t\t\t\t\t\n\t\t\t\t\t\t<span class=\"\" style=\"cursor:pointer\" data-bs-toggle=\"modal\" data-bs-target=\"#comparadorModal\">Calcular<\/span>\t\t\t\t\n\t\t\t\t\t\n\t\t\t\t<\/td><\/tr><\/div><tr class=\"fila_tabla_precio\"><td class=\"nosepara izq\">Precio Prima \u00danica RACC<\/td><td class=\"nosepara centro\">2300 \u20ac<\/td><td class=\"nosepara derecha\">\t\t\t\t\t\n\t\t\t\t\t\t<span class=\"\" style=\"cursor:pointer\" data-bs-toggle=\"modal\" data-bs-target=\"#comparadorModal\">Calcular<\/span>\t\t\t\t\n\t\t\t\t\t\n\t\t\t\t<\/td><\/tr><\/div><tr class=\"fila_tabla_precio\"><td class=\"nosepara izq\">Precio Prima Natural RACC<\/td><td class=\"nosepara centro\">1,31 \u20ac\/mes<\/td><td class=\"nosepara derecha\">\t\t\t\t\t\n\t\t\t\t\t\t<span class=\"\" style=\"cursor:pointer\" data-bs-toggle=\"modal\" data-bs-target=\"#comparadorModal\">Calcular<\/span>\t\t\t\t\n\t\t\t\t\t\n\t\t\t\t<\/td><\/tr><\/div><tr class=\"fila_tabla_precio\"><td class=\"nosepara izq\">Precio Prima Nivelada RACC<\/td><td class=\"nosepara centro\">1,68 \u20ac\/mes<\/td><td class=\"nosepara derecha\">\t\t\t\t\t\n\t\t\t\t\t\t<span class=\"\" style=\"cursor:pointer\" data-bs-toggle=\"modal\" data-bs-target=\"#comparadorModal\">Calcular<\/span>\t\t\t\t\n\t\t\t\t\t\n\t\t\t\t<\/td><\/tr><\/div><tr class=\"fila_tabla_precio\"><td class=\"nosepara izq\">Precio Prima Mixta RACC<\/td><td class=\"nosepara centro\">1,25 \u20ac\/mes<\/td><td class=\"nosepara derecha\">\t\t\t\t\t\n\t\t\t\t\t\t<span class=\"\" style=\"cursor:pointer\" data-bs-toggle=\"modal\" data-bs-target=\"#comparadorModal\">Calcular<\/span>\t\t\t\t\n\t\t\t\t\t\n\t\t\t\t<\/td><\/tr><\/div><tr class=\"fila_tabla_precio\"><td class=\"nosepara izq\">Precio Prima Seminatural RACC<\/td><td class=\"nosepara centro\">1,51 \u20ac\/mes<\/td><td class=\"nosepara derecha\">\t\t\t\t\t\n\t\t\t\t\t\t<span class=\"\" style=\"cursor:pointer\" data-bs-toggle=\"modal\" data-bs-target=\"#comparadorModal\">Calcular<\/span>\t\t\t\t\n\t\t\t\t\t\n\t\t\t\t<\/td><\/tr><\/div><tr class=\"fila_tabla_precio\"><td class=\"nosepara izq\">Precio con Repatriaci\u00f3n RACC<\/td><td class=\"nosepara centro\">0,85 \u20ac a la cuota<\/td><td class=\"nosepara derecha\">\t\t\t\t\t\n\t\t\t\t\t\t<span class=\"\" style=\"cursor:pointer\" data-bs-toggle=\"modal\" data-bs-target=\"#comparadorModal\">Calcular<\/span>\t\t\t\t\n\t\t\t\t\t\n\t\t\t\t<\/td><\/tr><\/div><tr class=\"fila_tabla_precio\"><td class=\"nosepara izq\">Precio Seguro Defunci\u00f3n RACC<\/td><td class=\"nosepara centro\">1,48 \u20ac\/mes<\/td><td class=\"nosepara derecha\">\t\t\t\t\t\n\t\t\t\t\t\t<span class=\"\" style=\"cursor:pointer\" data-bs-toggle=\"modal\" data-bs-target=\"#comparadorModal\">Calcular<\/span>\t\t\t\t\n\t\t\t\t\t\n\t\t\t\t<\/td><\/tr><\/div><tr class=\"fila_tabla_precio\"><td class=\"nosepara izq\">Precio Seguro Fallecimiento RACC<\/td><td class=\"nosepara centro\">1,46 \u20ac\/mes<\/td><td class=\"nosepara derecha\">\t\t\t\t\t\n\t\t\t\t\t\t<span class=\"\" style=\"cursor:pointer\" data-bs-toggle=\"modal\" data-bs-target=\"#comparadorModal\">Calcular<\/span>\t\t\t\t\n\t\t\t\t\t\n\t\t\t\t<\/td><\/tr><\/div><tr class=\"fila_tabla_precio\"><td class=\"nosepara izq\">Precio Seguro Muertos RACC<\/td><td class=\"nosepara centro\">1,63 \u20ac\/mes<\/td><td class=\"nosepara derecha\">\t\t\t\t\t\n\t\t\t\t\t\t<span class=\"\" style=\"cursor:pointer\" data-bs-toggle=\"modal\" data-bs-target=\"#comparadorModal\">Calcular<\/span>\t\t\t\t\n\t\t\t\t\t\n\t\t\t\t<\/td><\/tr><\/div><tr class=\"fila_tabla_precio\"><td class=\"nosepara izq\">Precio Asistencia Familiar RACC<\/td><td class=\"nosepara centro\">1,53 \u20ac\/mes<\/td><td class=\"nosepara derecha\">\t\t\t\t\t\n\t\t\t\t\t\t<span class=\"\" style=\"cursor:pointer\" data-bs-toggle=\"modal\" data-bs-target=\"#comparadorModal\">Calcular<\/span>\t\t\t\t\n\t\t\t\t\t\n\t\t\t\t<\/td><\/tr><\/div><\/tbody><\/table><\/div><\/p>\n<p>A continuaci\u00f3n te mostramos una tabla con todas y cada una de las tarifas de cada g\u00e9nero de prima de los seguros de decesos de RACC. RACC piensa en cada cliente, por este motivo ha concebido estas primas para que pueda elegir la que m\u00e1s se amolde a . Estos son los precios de los diferentes tipos de primas que le ofrece RACC.<br \/>\n<div class=\"colorf\"><div class=\"container clearfix\"><div class=\"col-md-7\"><\/p>\n<h3><span class=\"ez-toc-section\" id=\"%C2%BFCual_es_la_mejor_tarifa_de_seguros_de_RACC\"><\/span>\u00bfCu\u00e1l es la mejor tarifa de seguros de RACC ?<span class=\"ez-toc-section-end\"><\/span><\/h3>\n<p>El seguro de decesos de RACC es de los mejores del mercado merced a su gran variedad de tarifas y diferentes p\u00f3lizas con grandes modalidades de pagos. RACC realiza que siempre y en todo momento se adapte a las circunstancias de cada uno de sus asegurados y que cuente con las mejores coberturas. Puedes estar sosegado, RACC incluye unas garant\u00edas en cada una de sus cl\u00e1usulas a fin de que no te debas preocupar por nada.<br \/>\n<\/div><\/div><\/div><\/p>\n<h3><span class=\"ez-toc-section\" id=\"%C2%BFPuede_aumentar_precio_mensual_de_los_seguros_de_RACC\"><\/span>\u00bfPuede aumentar precio mensual de los seguros de RACC ?<span class=\"ez-toc-section-end\"><\/span><\/h3>\n<p>Antes de que pase algo inopinado es mejor que tenga contratado el seguro de decesos de RACC. Si hay un aumento del precio de su p\u00f3liza no tiene por qu\u00e9 preocuparse, todo quedar\u00e1 recogido en el contrato del asegurado. Lo m\u00e1s habitual es que no ocurra ninguna subida con RACC se debe de valorar que estas circunstancias la compa\u00f1\u00eda no tiene el deber de informar. RACC es de las compa\u00f1\u00edas aseguradoras que cuenta con unas cl\u00e1usulas muy espec\u00edficas con lo que no tendr\u00e1s ning\u00fan problema en ninguna ocasi\u00f3n.<br \/>\n<div class=\"colorf\"><div class=\"container clearfix\"><div class=\"col-md-7\"><\/p>\n<h3><span class=\"ez-toc-section\" id=\"%C2%BFEl_precio_de_seguros_de_decesos_RACC_sube_con_la_edad\"><\/span>\u00bfEl precio de seguros de decesos RACC sube con la edad?<span class=\"ez-toc-section-end\"><\/span><\/h3>\n<p>Si todav\u00eda no tienes tu p\u00f3liza, es tu momento de contratar el seguro de decesos con RACC independientemente de la edad que tengas. No se preocupe, RACC no va a subir su precio por su edad en tanto que su p\u00f3liza hace referencia a la edad del asegurado. Su edad no es una barrera para contratar uno de sus seguros de decesos por lo que podr\u00e1 contar con sus diferentes modalidades que pueden ser prima nivelada, natural, mixta, semi natural y \u00fanica. Ahorra tiempo con RACC. Ellos se encargasen de los tr\u00e1mites burocr\u00e1ticos y de todos los gastos de sepelio. RACC se hace cargo de darte las \u00faltimas coberturas del mercado a fin de que se amolden a tus necesidades y a la nueva \u00e9poca. Aunque contratar un seguro de decesos no tiene edad, conforme van pasando los a\u00f1os es mejor dejar todo organizado para poder vivir sin preocupaciones y a fin de que su familia tampoco las tenga.<br \/>\n<\/div><\/div><\/div><\/p>\n<h3><span class=\"ez-toc-section\" id=\"Paginas_relacionadas\"><\/span>P\u00e1ginas relacionadas<span class=\"ez-toc-section-end\"><\/span><\/h3><div class=\"enlazado\"><ul> <li><a href=\"https:\/\/idecesos.com\/seguros\/companias\/racc\/coberturas\/\">Coberturas Seguro de Decesos RACC<\/a><\/li> <li><a href=\"https:\/\/idecesos.com\/seguros\/companias\/racc\/opiniones\/\">Opiniones RACC<\/a><\/li> <li><a href=\"https:\/\/idecesos.com\/seguros\/companias\/racc\/precio\/\">Precio seguro RACC<\/a><\/li> <li><a href=\"https:\/\/idecesos.com\/seguros\/companias\/racc\/prima-mixta\/\">RACC Prima Mixta<\/a><\/li> <li><a href=\"https:\/\/idecesos.com\/seguros\/companias\/racc\/prima-natural\/\">RACC Prima Natural<\/a><\/li> <li><a href=\"https:\/\/idecesos.com\/seguros\/companias\/racc\/prima-nivelada\/\">RACC Prima Nivelada<\/a><\/li> <li><a href=\"https:\/\/idecesos.com\/seguros\/companias\/racc\/prima-unica\/\">RACC Prima \u00danica<\/a><\/li> <li><a href=\"https:\/\/idecesos.com\/seguros\/companias\/racc\/repatriacion\/\">RACC Repatriaci\u00f3n<\/a><\/li> <li><a href=\"https:\/\/idecesos.com\/seguros\/companias\/racc\/telefono\/\">Tel\u00e9fono Gratuito RACC<\/a><\/li>   <\/ul><\/div>\n","protected":false},"excerpt":{"rendered":"<p>Mediante el trabajo de los profesionales que componen iDecesos, merced a su comparador ofrecemos un extenso panel de ofertas de seguros de defunci\u00f3n con empresas aseguradoras, precios y coberturas muy competitivas. Es fundamental, tener toda la informaci\u00f3n de las p\u00f3lizas del seguro de decesos que m\u00e1s te interesen para tomar una resoluci\u00f3n acertada y que&hellip; <\/p>\n","protected":false},"author":1,"featured_media":17469,"parent":455,"menu_order":0,"comment_status":"closed","ping_status":"closed","template":"single.php","meta":{"footnotes":""},"class_list":["post-460","page","type-page","status-publish","has-post-thumbnail","hentry"],"yoast_head":"<!-- This site is optimized with the Yoast SEO plugin v27.5 - https:\/\/yoast.com\/product\/yoast-seo-wordpress\/ -->\n<title>Precio Seguro Decesos RACC \u25b7DTO 25% I Oferta 2026<\/title>\n<meta name=\"description\" content=\"Calcular aqu\u00ed\u3010precio seguro de decesos RACC\u3011Tarifas, oferta y descuento de seguro defunci\u00f3n RACC 2026 \u2611\ufe0fiDecesos\u00ae N\u00ba1 en ahorro\" \/>\n<meta name=\"robots\" content=\"index, follow, max-snippet:-1, max-image-preview:large, max-video-preview:-1\" \/>\n<link rel=\"canonical\" href=\"https:\/\/idecesos.com\/seguros\/companias\/racc\/precio\/\" \/>\n<meta property=\"og:locale\" content=\"es_ES\" \/>\n<meta property=\"og:type\" content=\"article\" \/>\n<meta property=\"og:title\" content=\"Precio Seguro Decesos RACC \u25b7DTO 25% I Oferta 2026\" \/>\n<meta property=\"og:description\" content=\"Calcular aqu\u00ed\u3010precio seguro de decesos RACC\u3011Tarifas, oferta y descuento de seguro defunci\u00f3n RACC 2026 \u2611\ufe0fiDecesos\u00ae N\u00ba1 en ahorro\" \/>\n<meta property=\"og:url\" content=\"https:\/\/idecesos.com\/seguros\/companias\/racc\/precio\/\" \/>\n<meta property=\"article:modified_time\" content=\"2022-03-10T11:36:31+00:00\" \/>\n<meta property=\"og:image\" content=\"https:\/\/idecesos.com\/seguros\/wp-content\/uploads\/2021\/12\/precio-2.jpg-76.jpeg\" \/>\n\t<meta property=\"og:image:width\" content=\"1500\" \/>\n\t<meta property=\"og:image:height\" content=\"559\" \/>\n\t<meta property=\"og:image:type\" content=\"image\/jpeg\" \/>\n<meta name=\"twitter:card\" content=\"summary_large_image\" \/>\n<meta name=\"twitter:label1\" content=\"Tiempo de lectura\" \/>\n\t<meta name=\"twitter:data1\" content=\"75 minutos\" \/>\n<script type=\"application\/ld+json\" class=\"yoast-schema-graph\">{\"@context\":\"https:\\\/\\\/schema.org\",\"@graph\":[{\"@type\":\"WebPage\",\"@id\":\"https:\\\/\\\/idecesos.com\\\/seguros\\\/companias\\\/racc\\\/precio\\\/\",\"url\":\"https:\\\/\\\/idecesos.com\\\/seguros\\\/companias\\\/racc\\\/precio\\\/\",\"name\":\"Precio Seguro Decesos RACC \u25b7DTO 25% I Oferta 2026\",\"isPartOf\":{\"@id\":\"https:\\\/\\\/idecesos.com\\\/seguros\\\/#website\"},\"primaryImageOfPage\":{\"@id\":\"https:\\\/\\\/idecesos.com\\\/seguros\\\/companias\\\/racc\\\/precio\\\/#primaryimage\"},\"image\":{\"@id\":\"https:\\\/\\\/idecesos.com\\\/seguros\\\/companias\\\/racc\\\/precio\\\/#primaryimage\"},\"thumbnailUrl\":\"https:\\\/\\\/idecesos.com\\\/seguros\\\/wp-content\\\/uploads\\\/2021\\\/12\\\/precio-2.jpg-76.jpeg\",\"datePublished\":\"2021-07-12T09:28:19+00:00\",\"dateModified\":\"2022-03-10T11:36:31+00:00\",\"description\":\"Calcular aqu\u00ed\u3010precio seguro de decesos RACC\u3011Tarifas, oferta y descuento de seguro defunci\u00f3n RACC 2026 \u2611\ufe0fiDecesos\u00ae N\u00ba1 en ahorro\",\"breadcrumb\":{\"@id\":\"https:\\\/\\\/idecesos.com\\\/seguros\\\/companias\\\/racc\\\/precio\\\/#breadcrumb\"},\"inLanguage\":\"es\",\"potentialAction\":[{\"@type\":\"ReadAction\",\"target\":[\"https:\\\/\\\/idecesos.com\\\/seguros\\\/companias\\\/racc\\\/precio\\\/\"]}]},{\"@type\":\"ImageObject\",\"inLanguage\":\"es\",\"@id\":\"https:\\\/\\\/idecesos.com\\\/seguros\\\/companias\\\/racc\\\/precio\\\/#primaryimage\",\"url\":\"https:\\\/\\\/idecesos.com\\\/seguros\\\/wp-content\\\/uploads\\\/2021\\\/12\\\/precio-2.jpg-76.jpeg\",\"contentUrl\":\"https:\\\/\\\/idecesos.com\\\/seguros\\\/wp-content\\\/uploads\\\/2021\\\/12\\\/precio-2.jpg-76.jpeg\",\"width\":1500,\"height\":559,\"caption\":\"Precio RACC\"},{\"@type\":\"BreadcrumbList\",\"@id\":\"https:\\\/\\\/idecesos.com\\\/seguros\\\/companias\\\/racc\\\/precio\\\/#breadcrumb\",\"itemListElement\":[{\"@type\":\"ListItem\",\"position\":1,\"name\":\"Portada\",\"item\":\"https:\\\/\\\/idecesos.com\\\/seguros\\\/\"},{\"@type\":\"ListItem\",\"position\":2,\"name\":\"Compa\u00f1\u00edas de Seguros de Decesos en Espa\u00f1a\",\"item\":\"https:\\\/\\\/idecesos.com\\\/seguros\\\/companias\\\/\"},{\"@type\":\"ListItem\",\"position\":3,\"name\":\"Seguro de decesos RACC\",\"item\":\"https:\\\/\\\/idecesos.com\\\/seguros\\\/companias\\\/racc\\\/\"},{\"@type\":\"ListItem\",\"position\":4,\"name\":\"\u00bfCu\u00e1nto cuesta el seguro de decesos RACC?\"}]},{\"@type\":\"WebSite\",\"@id\":\"https:\\\/\\\/idecesos.com\\\/seguros\\\/#website\",\"url\":\"https:\\\/\\\/idecesos.com\\\/seguros\\\/\",\"name\":\"\",\"description\":\"\",\"potentialAction\":[{\"@type\":\"SearchAction\",\"target\":{\"@type\":\"EntryPoint\",\"urlTemplate\":\"https:\\\/\\\/idecesos.com\\\/seguros\\\/?s={search_term_string}\"},\"query-input\":{\"@type\":\"PropertyValueSpecification\",\"valueRequired\":true,\"valueName\":\"search_term_string\"}}],\"inLanguage\":\"es\"}]}<\/script>\n<!-- \/ Yoast SEO plugin. -->","yoast_head_json":{"title":"Precio Seguro Decesos RACC \u25b7DTO 25% I Oferta 2026","description":"Calcular aqu\u00ed\u3010precio seguro de decesos RACC\u3011Tarifas, oferta y descuento de seguro defunci\u00f3n RACC 2026 \u2611\ufe0fiDecesos\u00ae N\u00ba1 en ahorro","robots":{"index":"index","follow":"follow","max-snippet":"max-snippet:-1","max-image-preview":"max-image-preview:large","max-video-preview":"max-video-preview:-1"},"canonical":"https:\/\/idecesos.com\/seguros\/companias\/racc\/precio\/","og_locale":"es_ES","og_type":"article","og_title":"Precio Seguro Decesos RACC \u25b7DTO 25% I Oferta 2026","og_description":"Calcular aqu\u00ed\u3010precio seguro de decesos RACC\u3011Tarifas, oferta y descuento de seguro defunci\u00f3n RACC 2026 \u2611\ufe0fiDecesos\u00ae N\u00ba1 en ahorro","og_url":"https:\/\/idecesos.com\/seguros\/companias\/racc\/precio\/","article_modified_time":"2022-03-10T11:36:31+00:00","og_image":[{"width":1500,"height":559,"url":"https:\/\/idecesos.com\/seguros\/wp-content\/uploads\/2021\/12\/precio-2.jpg-76.jpeg","type":"image\/jpeg"}],"twitter_card":"summary_large_image","twitter_misc":{"Tiempo de lectura":"75 minutos"},"schema":{"@context":"https:\/\/schema.org","@graph":[{"@type":"WebPage","@id":"https:\/\/idecesos.com\/seguros\/companias\/racc\/precio\/","url":"https:\/\/idecesos.com\/seguros\/companias\/racc\/precio\/","name":"Precio Seguro Decesos RACC \u25b7DTO 25% I Oferta 2026","isPartOf":{"@id":"https:\/\/idecesos.com\/seguros\/#website"},"primaryImageOfPage":{"@id":"https:\/\/idecesos.com\/seguros\/companias\/racc\/precio\/#primaryimage"},"image":{"@id":"https:\/\/idecesos.com\/seguros\/companias\/racc\/precio\/#primaryimage"},"thumbnailUrl":"https:\/\/idecesos.com\/seguros\/wp-content\/uploads\/2021\/12\/precio-2.jpg-76.jpeg","datePublished":"2021-07-12T09:28:19+00:00","dateModified":"2022-03-10T11:36:31+00:00","description":"Calcular aqu\u00ed\u3010precio seguro de decesos RACC\u3011Tarifas, oferta y descuento de seguro defunci\u00f3n RACC 2026 \u2611\ufe0fiDecesos\u00ae N\u00ba1 en ahorro","breadcrumb":{"@id":"https:\/\/idecesos.com\/seguros\/companias\/racc\/precio\/#breadcrumb"},"inLanguage":"es","potentialAction":[{"@type":"ReadAction","target":["https:\/\/idecesos.com\/seguros\/companias\/racc\/precio\/"]}]},{"@type":"ImageObject","inLanguage":"es","@id":"https:\/\/idecesos.com\/seguros\/companias\/racc\/precio\/#primaryimage","url":"https:\/\/idecesos.com\/seguros\/wp-content\/uploads\/2021\/12\/precio-2.jpg-76.jpeg","contentUrl":"https:\/\/idecesos.com\/seguros\/wp-content\/uploads\/2021\/12\/precio-2.jpg-76.jpeg","width":1500,"height":559,"caption":"Precio RACC"},{"@type":"BreadcrumbList","@id":"https:\/\/idecesos.com\/seguros\/companias\/racc\/precio\/#breadcrumb","itemListElement":[{"@type":"ListItem","position":1,"name":"Portada","item":"https:\/\/idecesos.com\/seguros\/"},{"@type":"ListItem","position":2,"name":"Compa\u00f1\u00edas de Seguros de Decesos en Espa\u00f1a","item":"https:\/\/idecesos.com\/seguros\/companias\/"},{"@type":"ListItem","position":3,"name":"Seguro de decesos RACC","item":"https:\/\/idecesos.com\/seguros\/companias\/racc\/"},{"@type":"ListItem","position":4,"name":"\u00bfCu\u00e1nto cuesta el seguro de decesos RACC?"}]},{"@type":"WebSite","@id":"https:\/\/idecesos.com\/seguros\/#website","url":"https:\/\/idecesos.com\/seguros\/","name":"","description":"","potentialAction":[{"@type":"SearchAction","target":{"@type":"EntryPoint","urlTemplate":"https:\/\/idecesos.com\/seguros\/?s={search_term_string}"},"query-input":{"@type":"PropertyValueSpecification","valueRequired":true,"valueName":"search_term_string"}}],"inLanguage":"es"}]}},"_links":{"self":[{"href":"https:\/\/idecesos.com\/seguros\/wp-json\/wp\/v2\/pages\/460","targetHints":{"allow":["GET"]}}],"collection":[{"href":"https:\/\/idecesos.com\/seguros\/wp-json\/wp\/v2\/pages"}],"about":[{"href":"https:\/\/idecesos.com\/seguros\/wp-json\/wp\/v2\/types\/page"}],"author":[{"embeddable":true,"href":"https:\/\/idecesos.com\/seguros\/wp-json\/wp\/v2\/users\/1"}],"replies":[{"embeddable":true,"href":"https:\/\/idecesos.com\/seguros\/wp-json\/wp\/v2\/comments?post=460"}],"version-history":[{"count":6,"href":"https:\/\/idecesos.com\/seguros\/wp-json\/wp\/v2\/pages\/460\/revisions"}],"predecessor-version":[{"id":20139,"href":"https:\/\/idecesos.com\/seguros\/wp-json\/wp\/v2\/pages\/460\/revisions\/20139"}],"up":[{"embeddable":true,"href":"https:\/\/idecesos.com\/seguros\/wp-json\/wp\/v2\/pages\/455"}],"wp:featuredmedia":[{"embeddable":true,"href":"https:\/\/idecesos.com\/seguros\/wp-json\/wp\/v2\/media\/17469"}],"wp:attachment":[{"href":"https:\/\/idecesos.com\/seguros\/wp-json\/wp\/v2\/media?parent=460"}],"curies":[{"name":"wp","href":"https:\/\/api.w.org\/{rel}","templated":true}]}}