{"id":470,"date":"2021-12-15T16:03:00","date_gmt":"2021-07-12T09:37:39","guid":{"rendered":"https:\/\/idecesos.com\/seguros\/?page_id=470"},"modified":"2022-03-10T11:40:49","modified_gmt":"2022-03-10T11:40:49","slug":"precio","status":"publish","type":"page","link":"https:\/\/idecesos.com\/seguros\/companias\/reale\/precio\/","title":{"rendered":"\u00bfCu\u00e1nto cuesta el seguro de decesos Reale?"},"content":{"rendered":"<div id=\"ez-toc-container\" class=\"ez-toc-v2_0_83 ez-toc-wrap-center counter-hierarchy ez-toc-counter ez-toc-custom ez-toc-container-direction\">\n<div class=\"ez-toc-title-container\">\n<p class=\"ez-toc-title\" style=\"cursor:inherit\">Tabla de Contenido<\/p>\n<span class=\"ez-toc-title-toggle\"><a href=\"#\" class=\"ez-toc-pull-right ez-toc-btn ez-toc-btn-xs ez-toc-btn-default ez-toc-toggle\" aria-label=\"Alternar tabla de contenidos\"><span class=\"ez-toc-js-icon-con\"><span class=\"\"><span class=\"eztoc-hide\" style=\"display:none;\">Toggle<\/span><span class=\"ez-toc-icon-toggle-span\"><svg style=\"fill: #db6415;color:#db6415\" xmlns=\"http:\/\/www.w3.org\/2000\/svg\" class=\"list-377408\" width=\"20px\" height=\"20px\" viewBox=\"0 0 24 24\" fill=\"none\"><path d=\"M6 6H4v2h2V6zm14 0H8v2h12V6zM4 11h2v2H4v-2zm16 0H8v2h12v-2zM4 16h2v2H4v-2zm16 0H8v2h12v-2z\" fill=\"currentColor\"><\/path><\/svg><svg style=\"fill: #db6415;color:#db6415\" class=\"arrow-unsorted-368013\" xmlns=\"http:\/\/www.w3.org\/2000\/svg\" width=\"10px\" height=\"10px\" viewBox=\"0 0 24 24\" version=\"1.2\" baseProfile=\"tiny\"><path d=\"M18.2 9.3l-6.2-6.3-6.2 6.3c-.2.2-.3.4-.3.7s.1.5.3.7c.2.2.4.3.7.3h11c.3 0 .5-.1.7-.3.2-.2.3-.5.3-.7s-.1-.5-.3-.7zM5.8 14.7l6.2 6.3 6.2-6.3c.2-.2.3-.5.3-.7s-.1-.5-.3-.7c-.2-.2-.4-.3-.7-.3h-11c-.3 0-.5.1-.7.3-.2.2-.3.5-.3.7s.1.5.3.7z\"\/><\/svg><\/span><\/span><\/span><\/a><\/span><\/div>\n<nav><ul class='ez-toc-list ez-toc-list-level-1 ' ><li class='ez-toc-page-1 ez-toc-heading-level-2'><a class=\"ez-toc-link ez-toc-heading-1\" href=\"https:\/\/idecesos.com\/seguros\/companias\/reale\/precio\/#Calcular_precio_seguro_de_decesos_Reale\" >Calcular precio seguro de decesos Reale<\/a><\/li><li class='ez-toc-page-1 ez-toc-heading-level-2'><a class=\"ez-toc-link ez-toc-heading-2\" href=\"https:\/\/idecesos.com\/seguros\/companias\/reale\/precio\/#Tabla_comparativa_de_precios_Reale\" >Tabla comparativa de precios Reale<\/a><ul class='ez-toc-list-level-3' ><li class='ez-toc-heading-level-3'><a class=\"ez-toc-link ez-toc-heading-3\" href=\"https:\/\/idecesos.com\/seguros\/companias\/reale\/precio\/#%C2%BFCual_es_la_mejor_tarifa_de_seguros_de_Reale\" >\u00bfCu\u00e1l es la mejor tarifa de seguros de Reale ?<\/a><\/li><li class='ez-toc-page-1 ez-toc-heading-level-3'><a class=\"ez-toc-link ez-toc-heading-4\" href=\"https:\/\/idecesos.com\/seguros\/companias\/reale\/precio\/#%C2%BFPuede_aumentar_precio_mensual_de_los_seguros_de_Reale\" >\u00bfPuede aumentar precio mensual de los seguros de Reale ?<\/a><\/li><li class='ez-toc-page-1 ez-toc-heading-level-3'><a class=\"ez-toc-link ez-toc-heading-5\" href=\"https:\/\/idecesos.com\/seguros\/companias\/reale\/precio\/#%C2%BFEl_precio_de_seguros_de_decesos_Reale_sube_con_la_edad\" >\u00bfEl precio de seguros de decesos Reale sube con la edad?<\/a><\/li><\/ul><\/li><\/ul><\/nav><\/div>\n<p><br \/>\nEn el \u00e1mbito de los seguros de decesos hay muchas empresas de seguros, coberturas y precios distintos entre aqu\u00e9llos que poder comparar. Es necesario ya antes de decidir por qu\u00e9 raz\u00f3n producto o compa\u00f1\u00eda elegir, estar informado de las diferentes tarifas que ofrecen. No se preocupe. iDecesos ha trabajado por para facilitarle cada uno de los precios y diferentes modalidades de primas que existen en los seguros de decesos para que en cuesti\u00f3n de minutos puede saber cu\u00e1l es el tipo de seguro que necesita y se adapta a sus necesidades.<\/p>\n<div class=\"colorf\"><div class=\"container clearfix\"><div class=\"col-md-7\">\n<h2><span class=\"ez-toc-section\" id=\"Calcular_precio_seguro_de_decesos_Reale\"><\/span>Calcular precio seguro de decesos Reale<span class=\"ez-toc-section-end\"><\/span><\/h2>\n<p>Merced a iDecesos calcular el precio de su seguro de decesos es sencill\u00edsimo. Rellene todos los campos que le pedimos y nosotros nos encargaremos de filtrar los mejores resultados que se amolden a sus condiciones. Reale te ofrece importantes beneficios al contratar una p\u00f3liza de decesos con ella. Lo primero es la tranquilidad que le ofrecer\u00e1 a usted y a su familia. Su profesionalidad, es otro de los beneficios. No se preocupe, Reale le facilitar\u00e1 todos y cada uno de los tr\u00e1mites y van a estar a su lado en ese duro instante que es la p\u00e9rdida de un ser querido.<br \/>\n<\/div><\/div><\/div><\/p>\n<h2><span class=\"ez-toc-section\" id=\"Tabla_comparativa_de_precios_Reale\"><\/span>Tabla comparativa de precios Reale<span class=\"ez-toc-section-end\"><\/span><\/h2>\n<p><div class=\"cabecera_tabla_precio\"><table class=\"table table-striped\"><thead><tr><th class=\"nosepara centrado\">Tipo<\/th><th class=\"nosepara centrado nojustificado\">Precio Desde<\/th><th class=\"nosepara dcha\"><\/th><\/tr><\/thead><tbody><tr class=\"fila_tabla_precio\"><td class=\"nosepara izq\">Precio Seguro Decesos Reale<\/td><td class=\"nosepara centro\">1,64 \u20ac\/mes<\/td><td class=\"nosepara derecha\">\t\t\t\t\t\n\t\t\t\t\t\t<span class=\"\" style=\"cursor:pointer\" data-bs-toggle=\"modal\" data-bs-target=\"#comparadorModal\">Calcular<\/span>\t\t\t\t\n\t\t\t\t\t\n\t\t\t\t<\/td><\/tr><\/div><tr class=\"fila_tabla_precio\"><td class=\"nosepara izq\">Precio Prima \u00danica Reale<\/td><td class=\"nosepara centro\">2315 \u20ac<\/td><td class=\"nosepara derecha\">\t\t\t\t\t\n\t\t\t\t\t\t<span class=\"\" style=\"cursor:pointer\" data-bs-toggle=\"modal\" data-bs-target=\"#comparadorModal\">Calcular<\/span>\t\t\t\t\n\t\t\t\t\t\n\t\t\t\t<\/td><\/tr><\/div><tr class=\"fila_tabla_precio\"><td class=\"nosepara izq\">Precio Prima Natural Reale<\/td><td class=\"nosepara centro\">1,45 \u20ac\/mes<\/td><td class=\"nosepara derecha\">\t\t\t\t\t\n\t\t\t\t\t\t<span class=\"\" style=\"cursor:pointer\" data-bs-toggle=\"modal\" data-bs-target=\"#comparadorModal\">Calcular<\/span>\t\t\t\t\n\t\t\t\t\t\n\t\t\t\t<\/td><\/tr><\/div><tr class=\"fila_tabla_precio\"><td class=\"nosepara izq\">Precio Prima Nivelada Reale<\/td><td class=\"nosepara centro\">1,61 \u20ac\/mes<\/td><td class=\"nosepara derecha\">\t\t\t\t\t\n\t\t\t\t\t\t<span class=\"\" style=\"cursor:pointer\" data-bs-toggle=\"modal\" data-bs-target=\"#comparadorModal\">Calcular<\/span>\t\t\t\t\n\t\t\t\t\t\n\t\t\t\t<\/td><\/tr><\/div><tr class=\"fila_tabla_precio\"><td class=\"nosepara izq\">Precio Prima Mixta Reale<\/td><td class=\"nosepara centro\">1,35 \u20ac\/mes<\/td><td class=\"nosepara derecha\">\t\t\t\t\t\n\t\t\t\t\t\t<span class=\"\" style=\"cursor:pointer\" data-bs-toggle=\"modal\" data-bs-target=\"#comparadorModal\">Calcular<\/span>\t\t\t\t\n\t\t\t\t\t\n\t\t\t\t<\/td><\/tr><\/div><tr class=\"fila_tabla_precio\"><td class=\"nosepara izq\">Precio Prima Seminatural Reale<\/td><td class=\"nosepara centro\">1,48 \u20ac\/mes<\/td><td class=\"nosepara derecha\">\t\t\t\t\t\n\t\t\t\t\t\t<span class=\"\" style=\"cursor:pointer\" data-bs-toggle=\"modal\" data-bs-target=\"#comparadorModal\">Calcular<\/span>\t\t\t\t\n\t\t\t\t\t\n\t\t\t\t<\/td><\/tr><\/div><tr class=\"fila_tabla_precio\"><td class=\"nosepara izq\">Precio con Repatriaci\u00f3n Reale<\/td><td class=\"nosepara centro\">0,97 \u20ac a la cuota<\/td><td class=\"nosepara derecha\">\t\t\t\t\t\n\t\t\t\t\t\t<span class=\"\" style=\"cursor:pointer\" data-bs-toggle=\"modal\" data-bs-target=\"#comparadorModal\">Calcular<\/span>\t\t\t\t\n\t\t\t\t\t\n\t\t\t\t<\/td><\/tr><\/div><tr class=\"fila_tabla_precio\"><td class=\"nosepara izq\">Precio Seguro Defunci\u00f3n Reale<\/td><td class=\"nosepara centro\">1,48 \u20ac\/mes<\/td><td class=\"nosepara derecha\">\t\t\t\t\t\n\t\t\t\t\t\t<span class=\"\" style=\"cursor:pointer\" data-bs-toggle=\"modal\" data-bs-target=\"#comparadorModal\">Calcular<\/span>\t\t\t\t\n\t\t\t\t\t\n\t\t\t\t<\/td><\/tr><\/div><tr class=\"fila_tabla_precio\"><td class=\"nosepara izq\">Precio Seguro Fallecimiento Reale<\/td><td class=\"nosepara centro\">1,45 \u20ac\/mes<\/td><td class=\"nosepara derecha\">\t\t\t\t\t\n\t\t\t\t\t\t<span class=\"\" style=\"cursor:pointer\" data-bs-toggle=\"modal\" data-bs-target=\"#comparadorModal\">Calcular<\/span>\t\t\t\t\n\t\t\t\t\t\n\t\t\t\t<\/td><\/tr><\/div><tr class=\"fila_tabla_precio\"><td class=\"nosepara izq\">Precio Seguro Muertos Reale<\/td><td class=\"nosepara centro\">1,60 \u20ac\/mes<\/td><td class=\"nosepara derecha\">\t\t\t\t\t\n\t\t\t\t\t\t<span class=\"\" style=\"cursor:pointer\" data-bs-toggle=\"modal\" data-bs-target=\"#comparadorModal\">Calcular<\/span>\t\t\t\t\n\t\t\t\t\t\n\t\t\t\t<\/td><\/tr><\/div><tr class=\"fila_tabla_precio\"><td class=\"nosepara izq\">Precio Asistencia Familiar Reale<\/td><td class=\"nosepara centro\">1,40 \u20ac\/mes<\/td><td class=\"nosepara derecha\">\t\t\t\t\t\n\t\t\t\t\t\t<span class=\"\" style=\"cursor:pointer\" data-bs-toggle=\"modal\" data-bs-target=\"#comparadorModal\">Calcular<\/span>\t\t\t\t\n\t\t\t\t\t\n\t\t\t\t<\/td><\/tr><\/div><\/tbody><\/table><\/div><\/p>\n<p>Queremos facilitarte este proceso que en ocasiones suele ser un tanto engorroso, a continuaci\u00f3n podr\u00e1s ver detalladamente el precio estimado cada uno de ellos de las pr\u00f3ximas p\u00f3lizas que cuenta Reale. No solo asegura el cubrimiento del sepelio al completo, asegura a sus clientes las mejores coberturas que va a poder hallar en todo el mercado espa\u00f1ol. Con esto no solo aseguramos tu tranquilidad y ayudas a tus familiares a hacer en frente de gastos de tu sepelio. Ahora te podr\u00e1s olvidar de todo y vivir tranquilo sabiendo que tienes a la mejor p\u00f3liza detr\u00e1s. Adem\u00e1s, sus seres queridos no se deber\u00e1n preocupar por nada. Con los servicios que te ofrece Reale y sus grandes precios va a poder estar apacible, sabiendo que deja todo en las manos de grandes expertos del \u00e1mbito.<br \/>\n<div class=\"colorf\"><div class=\"container clearfix\"><div class=\"col-md-7\"><\/p>\n<h3><span class=\"ez-toc-section\" id=\"%C2%BFCual_es_la_mejor_tarifa_de_seguros_de_Reale\"><\/span>\u00bfCu\u00e1l es la mejor tarifa de seguros de Reale ?<span class=\"ez-toc-section-end\"><\/span><\/h3>\n<p>El seguro de decesos de Reale es uno de los mejores del mercado merced a su gran pluralidad de tarifas y diferentes p\u00f3lizas con grandes modalidades de pagos. Reale se ocupar\u00e1 de amoldar todos sus servicios y coberturas a las circunstancias de cada asegurado. Puedes estar tranquilo, Reale incluye unas garant\u00edas en todas y cada una de sus cl\u00e1usulas para que no te debas preocupar por nada.<br \/>\n<\/div><\/div><\/div><\/p>\n<h3><span class=\"ez-toc-section\" id=\"%C2%BFPuede_aumentar_precio_mensual_de_los_seguros_de_Reale\"><\/span>\u00bfPuede aumentar precio mensual de los seguros de Reale ?<span class=\"ez-toc-section-end\"><\/span><\/h3>\n<p>Hay muchos tipos de prima que Reale ha ideado para t\u00ed y para que puedas seleccionar la que mejor se amolde a sus necesidades. En Espa\u00f1a, 9 de cada 10 personas que han contratado un seguro de decesos se han suscrito a la prima nivelada. A continuaci\u00f3n le mostramos los diferentes tipos de primas. <strong>\u2022 Prima \u00fanica:<\/strong> Con una sola aportaci\u00f3n en el pago, este g\u00e9nero de primas suelen ser contratadas por personas de edad avanzada que jam\u00e1s ya antes han contratado un seguro. Esta prima cubre el fallecimiento de personas que han pasado la edad de jubilaci\u00f3n o bien que tengan la existencia de una enfermedad grave. Lo que pague a partir de su edad de jubilaci\u00f3n se mantendr\u00e1 y no variar\u00e1. Esta prima se caracteriza por ser constante aunque puede padecer alguno que otro cambio en sus pagos por la actualizaci\u00f3n de los capitales asegurados.<br \/>\n<strong>\u2022 Prima Natural:<\/strong> El pago esta prima se actualiza anualmente, el c\u00e1lculo del pago de estas p\u00f3lizas se calcula por los a\u00f1os que tiene usted en ese momento y lo equiparan con el aumento de fallecimiento que pueda tener con el paso del tiempo, es por esto que, todos los a\u00f1os va subiendo el precio de esta prima de forma paulatina.<\/p>\n<p><strong>\u2022 Prima Mixta:<\/strong> Esta prima combina las modalidades de Prima Nivelada y Prima Natural haciendo un mix de las dos, por una parte, la prima mixta se va recalculando al igual que la prima natural, en dependencia del peligro de fallecimiento que pueda tener el asegurado en dependencia de sus a\u00f1os, sin embargo, superados los 60 a\u00f1os esta prima incorpora una nivelaci\u00f3n de precios que quedar\u00e1 incesante como en la prima nivelada.<\/p>\n<p>Da igual la modalidad de prima que elija, que va a poder fraccionar el pago a lo que m\u00e1s le interese, o sea, si quiere pagarlo mes a mes, cada 3 meses, cada 6 meses, de a\u00f1o en a\u00f1o o bien en una sola vez y esto no ver\u00e1 perjudicado a ninguna de las coberturas contratadas y con las tarifas m\u00e1s asequibles posibles.<br \/>\n<div class=\"colorf\"><div class=\"container clearfix\"><div class=\"col-md-7\"><\/p>\n<h3><span class=\"ez-toc-section\" id=\"%C2%BFEl_precio_de_seguros_de_decesos_Reale_sube_con_la_edad\"><\/span>\u00bfEl precio de seguros de decesos Reale sube con la edad?<span class=\"ez-toc-section-end\"><\/span><\/h3>\n<p>Deja de preocuparte, Reale no subir\u00e1 las tarifas por la edad del asegurado. Es cierto que en algunas ocasiones esto s\u00ed puede acontecer en ciertas p\u00f3lizas mas debe de estar sosegado porque por lo general esto no sucede. Ya que, en el instante de contratar su p\u00f3liza se hace referencia a la edad de la persona asegurada. Reale cuenta con diferentes modalidades de prima que son la nivelada, la natural, la misma, la seminatural y la \u00fanica. Ha de tener en consideraci\u00f3n que realizar un contrato de seguro de decesos no cuenta con una edad limitada. No lo pienses m\u00e1s, Reale es la aseguradora id\u00f3nea para contratar su seguro de decesos.<br \/>\n<\/div><\/div><\/div><\/p>\n<h3>P\u00e1ginas relacionadas<\/h3><div class=\"enlazado\"><ul> <li><a href=\"https:\/\/idecesos.com\/seguros\/companias\/reale\/coberturas\/\">Coberturas Reale<\/a><\/li> <li><a href=\"https:\/\/idecesos.com\/seguros\/companias\/reale\/opiniones\/\">Opiniones Reale<\/a><\/li> <li><a href=\"https:\/\/idecesos.com\/seguros\/companias\/reale\/precio\/\">Precio seguro Reale<\/a><\/li> <li><a href=\"https:\/\/idecesos.com\/seguros\/companias\/reale\/prima-mixta\/\">Reale Prima Mixta<\/a><\/li> <li><a href=\"https:\/\/idecesos.com\/seguros\/companias\/reale\/prima-natural\/\">Reale Prima Natural<\/a><\/li> <li><a href=\"https:\/\/idecesos.com\/seguros\/companias\/reale\/prima-nivelada\/\">Reale Prima Nivelada<\/a><\/li> <li><a href=\"https:\/\/idecesos.com\/seguros\/companias\/reale\/prima-unica\/\">Reale Prima \u00danica<\/a><\/li> <li><a href=\"https:\/\/idecesos.com\/seguros\/companias\/reale\/repatriacion\/\">Reale Repatriaci\u00f3n<\/a><\/li> <li><a href=\"https:\/\/idecesos.com\/seguros\/companias\/reale\/telefono\/\">Tel\u00e9fono Gratuito Reale<\/a><\/li>   <\/ul><\/div>\n","protected":false},"excerpt":{"rendered":"<p>En el \u00e1mbito de los seguros de decesos hay muchas empresas de seguros, coberturas y precios distintos entre aqu\u00e9llos que poder comparar. Es necesario ya antes de decidir por qu\u00e9 raz\u00f3n producto o compa\u00f1\u00eda elegir, estar informado de las diferentes tarifas que ofrecen. No se preocupe. iDecesos ha trabajado por para facilitarle cada uno de&hellip; <\/p>\n","protected":false},"author":1,"featured_media":17369,"parent":464,"menu_order":0,"comment_status":"closed","ping_status":"closed","template":"single.php","meta":{"footnotes":""},"class_list":["post-470","page","type-page","status-publish","has-post-thumbnail","hentry"],"yoast_head":"<!-- This site is optimized with the Yoast SEO plugin v27.5 - https:\/\/yoast.com\/product\/yoast-seo-wordpress\/ -->\n<title>Precio Seguro Decesos Reale \u25b7DTO 25% I Oferta 2026<\/title>\n<meta name=\"description\" content=\"Calcular aqu\u00ed\u3010precio seguro de decesos Reale\u3011Tarifas, oferta y descuento de seguro defunci\u00f3n Reale 2026 \u2611\ufe0fiDecesos\u00ae N\u00ba1 en ahorro\" \/>\n<meta name=\"robots\" content=\"index, follow, max-snippet:-1, max-image-preview:large, max-video-preview:-1\" \/>\n<link rel=\"canonical\" href=\"https:\/\/idecesos.com\/seguros\/companias\/reale\/precio\/\" \/>\n<meta property=\"og:locale\" content=\"es_ES\" \/>\n<meta property=\"og:type\" content=\"article\" \/>\n<meta property=\"og:title\" content=\"Precio Seguro Decesos Reale \u25b7DTO 25% I Oferta 2026\" \/>\n<meta property=\"og:description\" content=\"Calcular aqu\u00ed\u3010precio seguro de decesos Reale\u3011Tarifas, oferta y descuento de seguro defunci\u00f3n Reale 2026 \u2611\ufe0fiDecesos\u00ae N\u00ba1 en ahorro\" \/>\n<meta property=\"og:url\" content=\"https:\/\/idecesos.com\/seguros\/companias\/reale\/precio\/\" \/>\n<meta property=\"article:modified_time\" content=\"2022-03-10T11:40:49+00:00\" \/>\n<meta property=\"og:image\" content=\"https:\/\/idecesos.com\/seguros\/wp-content\/uploads\/2021\/12\/precio-2.jpg-26.jpeg\" \/>\n\t<meta property=\"og:image:width\" content=\"1500\" \/>\n\t<meta property=\"og:image:height\" content=\"559\" \/>\n\t<meta property=\"og:image:type\" content=\"image\/jpeg\" \/>\n<meta name=\"twitter:card\" content=\"summary_large_image\" \/>\n<meta name=\"twitter:label1\" content=\"Tiempo de lectura\" \/>\n\t<meta name=\"twitter:data1\" content=\"75 minutos\" \/>\n<script type=\"application\/ld+json\" class=\"yoast-schema-graph\">{\"@context\":\"https:\\\/\\\/schema.org\",\"@graph\":[{\"@type\":\"WebPage\",\"@id\":\"https:\\\/\\\/idecesos.com\\\/seguros\\\/companias\\\/reale\\\/precio\\\/\",\"url\":\"https:\\\/\\\/idecesos.com\\\/seguros\\\/companias\\\/reale\\\/precio\\\/\",\"name\":\"Precio Seguro Decesos Reale \u25b7DTO 25% I Oferta 2026\",\"isPartOf\":{\"@id\":\"https:\\\/\\\/idecesos.com\\\/seguros\\\/#website\"},\"primaryImageOfPage\":{\"@id\":\"https:\\\/\\\/idecesos.com\\\/seguros\\\/companias\\\/reale\\\/precio\\\/#primaryimage\"},\"image\":{\"@id\":\"https:\\\/\\\/idecesos.com\\\/seguros\\\/companias\\\/reale\\\/precio\\\/#primaryimage\"},\"thumbnailUrl\":\"https:\\\/\\\/idecesos.com\\\/seguros\\\/wp-content\\\/uploads\\\/2021\\\/12\\\/precio-2.jpg-26.jpeg\",\"datePublished\":\"2021-07-12T09:37:39+00:00\",\"dateModified\":\"2022-03-10T11:40:49+00:00\",\"description\":\"Calcular aqu\u00ed\u3010precio seguro de decesos Reale\u3011Tarifas, oferta y descuento de seguro defunci\u00f3n Reale 2026 \u2611\ufe0fiDecesos\u00ae N\u00ba1 en ahorro\",\"breadcrumb\":{\"@id\":\"https:\\\/\\\/idecesos.com\\\/seguros\\\/companias\\\/reale\\\/precio\\\/#breadcrumb\"},\"inLanguage\":\"es\",\"potentialAction\":[{\"@type\":\"ReadAction\",\"target\":[\"https:\\\/\\\/idecesos.com\\\/seguros\\\/companias\\\/reale\\\/precio\\\/\"]}]},{\"@type\":\"ImageObject\",\"inLanguage\":\"es\",\"@id\":\"https:\\\/\\\/idecesos.com\\\/seguros\\\/companias\\\/reale\\\/precio\\\/#primaryimage\",\"url\":\"https:\\\/\\\/idecesos.com\\\/seguros\\\/wp-content\\\/uploads\\\/2021\\\/12\\\/precio-2.jpg-26.jpeg\",\"contentUrl\":\"https:\\\/\\\/idecesos.com\\\/seguros\\\/wp-content\\\/uploads\\\/2021\\\/12\\\/precio-2.jpg-26.jpeg\",\"width\":1500,\"height\":559,\"caption\":\"Precio Reale\"},{\"@type\":\"BreadcrumbList\",\"@id\":\"https:\\\/\\\/idecesos.com\\\/seguros\\\/companias\\\/reale\\\/precio\\\/#breadcrumb\",\"itemListElement\":[{\"@type\":\"ListItem\",\"position\":1,\"name\":\"Portada\",\"item\":\"https:\\\/\\\/idecesos.com\\\/seguros\\\/\"},{\"@type\":\"ListItem\",\"position\":2,\"name\":\"Compa\u00f1\u00edas de Seguros de Decesos en Espa\u00f1a\",\"item\":\"https:\\\/\\\/idecesos.com\\\/seguros\\\/companias\\\/\"},{\"@type\":\"ListItem\",\"position\":3,\"name\":\"Seguro de decesos Reale\",\"item\":\"https:\\\/\\\/idecesos.com\\\/seguros\\\/companias\\\/reale\\\/\"},{\"@type\":\"ListItem\",\"position\":4,\"name\":\"\u00bfCu\u00e1nto cuesta el seguro de decesos Reale?\"}]},{\"@type\":\"WebSite\",\"@id\":\"https:\\\/\\\/idecesos.com\\\/seguros\\\/#website\",\"url\":\"https:\\\/\\\/idecesos.com\\\/seguros\\\/\",\"name\":\"\",\"description\":\"\",\"potentialAction\":[{\"@type\":\"SearchAction\",\"target\":{\"@type\":\"EntryPoint\",\"urlTemplate\":\"https:\\\/\\\/idecesos.com\\\/seguros\\\/?s={search_term_string}\"},\"query-input\":{\"@type\":\"PropertyValueSpecification\",\"valueRequired\":true,\"valueName\":\"search_term_string\"}}],\"inLanguage\":\"es\"}]}<\/script>\n<!-- \/ Yoast SEO plugin. -->","yoast_head_json":{"title":"Precio Seguro Decesos Reale \u25b7DTO 25% I Oferta 2026","description":"Calcular aqu\u00ed\u3010precio seguro de decesos Reale\u3011Tarifas, oferta y descuento de seguro defunci\u00f3n Reale 2026 \u2611\ufe0fiDecesos\u00ae N\u00ba1 en ahorro","robots":{"index":"index","follow":"follow","max-snippet":"max-snippet:-1","max-image-preview":"max-image-preview:large","max-video-preview":"max-video-preview:-1"},"canonical":"https:\/\/idecesos.com\/seguros\/companias\/reale\/precio\/","og_locale":"es_ES","og_type":"article","og_title":"Precio Seguro Decesos Reale \u25b7DTO 25% I Oferta 2026","og_description":"Calcular aqu\u00ed\u3010precio seguro de decesos Reale\u3011Tarifas, oferta y descuento de seguro defunci\u00f3n Reale 2026 \u2611\ufe0fiDecesos\u00ae N\u00ba1 en ahorro","og_url":"https:\/\/idecesos.com\/seguros\/companias\/reale\/precio\/","article_modified_time":"2022-03-10T11:40:49+00:00","og_image":[{"width":1500,"height":559,"url":"https:\/\/idecesos.com\/seguros\/wp-content\/uploads\/2021\/12\/precio-2.jpg-26.jpeg","type":"image\/jpeg"}],"twitter_card":"summary_large_image","twitter_misc":{"Tiempo de lectura":"75 minutos"},"schema":{"@context":"https:\/\/schema.org","@graph":[{"@type":"WebPage","@id":"https:\/\/idecesos.com\/seguros\/companias\/reale\/precio\/","url":"https:\/\/idecesos.com\/seguros\/companias\/reale\/precio\/","name":"Precio Seguro Decesos Reale \u25b7DTO 25% I Oferta 2026","isPartOf":{"@id":"https:\/\/idecesos.com\/seguros\/#website"},"primaryImageOfPage":{"@id":"https:\/\/idecesos.com\/seguros\/companias\/reale\/precio\/#primaryimage"},"image":{"@id":"https:\/\/idecesos.com\/seguros\/companias\/reale\/precio\/#primaryimage"},"thumbnailUrl":"https:\/\/idecesos.com\/seguros\/wp-content\/uploads\/2021\/12\/precio-2.jpg-26.jpeg","datePublished":"2021-07-12T09:37:39+00:00","dateModified":"2022-03-10T11:40:49+00:00","description":"Calcular aqu\u00ed\u3010precio seguro de decesos Reale\u3011Tarifas, oferta y descuento de seguro defunci\u00f3n Reale 2026 \u2611\ufe0fiDecesos\u00ae N\u00ba1 en ahorro","breadcrumb":{"@id":"https:\/\/idecesos.com\/seguros\/companias\/reale\/precio\/#breadcrumb"},"inLanguage":"es","potentialAction":[{"@type":"ReadAction","target":["https:\/\/idecesos.com\/seguros\/companias\/reale\/precio\/"]}]},{"@type":"ImageObject","inLanguage":"es","@id":"https:\/\/idecesos.com\/seguros\/companias\/reale\/precio\/#primaryimage","url":"https:\/\/idecesos.com\/seguros\/wp-content\/uploads\/2021\/12\/precio-2.jpg-26.jpeg","contentUrl":"https:\/\/idecesos.com\/seguros\/wp-content\/uploads\/2021\/12\/precio-2.jpg-26.jpeg","width":1500,"height":559,"caption":"Precio Reale"},{"@type":"BreadcrumbList","@id":"https:\/\/idecesos.com\/seguros\/companias\/reale\/precio\/#breadcrumb","itemListElement":[{"@type":"ListItem","position":1,"name":"Portada","item":"https:\/\/idecesos.com\/seguros\/"},{"@type":"ListItem","position":2,"name":"Compa\u00f1\u00edas de Seguros de Decesos en Espa\u00f1a","item":"https:\/\/idecesos.com\/seguros\/companias\/"},{"@type":"ListItem","position":3,"name":"Seguro de decesos Reale","item":"https:\/\/idecesos.com\/seguros\/companias\/reale\/"},{"@type":"ListItem","position":4,"name":"\u00bfCu\u00e1nto cuesta el seguro de decesos Reale?"}]},{"@type":"WebSite","@id":"https:\/\/idecesos.com\/seguros\/#website","url":"https:\/\/idecesos.com\/seguros\/","name":"","description":"","potentialAction":[{"@type":"SearchAction","target":{"@type":"EntryPoint","urlTemplate":"https:\/\/idecesos.com\/seguros\/?s={search_term_string}"},"query-input":{"@type":"PropertyValueSpecification","valueRequired":true,"valueName":"search_term_string"}}],"inLanguage":"es"}]}},"_links":{"self":[{"href":"https:\/\/idecesos.com\/seguros\/wp-json\/wp\/v2\/pages\/470","targetHints":{"allow":["GET"]}}],"collection":[{"href":"https:\/\/idecesos.com\/seguros\/wp-json\/wp\/v2\/pages"}],"about":[{"href":"https:\/\/idecesos.com\/seguros\/wp-json\/wp\/v2\/types\/page"}],"author":[{"embeddable":true,"href":"https:\/\/idecesos.com\/seguros\/wp-json\/wp\/v2\/users\/1"}],"replies":[{"embeddable":true,"href":"https:\/\/idecesos.com\/seguros\/wp-json\/wp\/v2\/comments?post=470"}],"version-history":[{"count":7,"href":"https:\/\/idecesos.com\/seguros\/wp-json\/wp\/v2\/pages\/470\/revisions"}],"predecessor-version":[{"id":20141,"href":"https:\/\/idecesos.com\/seguros\/wp-json\/wp\/v2\/pages\/470\/revisions\/20141"}],"up":[{"embeddable":true,"href":"https:\/\/idecesos.com\/seguros\/wp-json\/wp\/v2\/pages\/464"}],"wp:featuredmedia":[{"embeddable":true,"href":"https:\/\/idecesos.com\/seguros\/wp-json\/wp\/v2\/media\/17369"}],"wp:attachment":[{"href":"https:\/\/idecesos.com\/seguros\/wp-json\/wp\/v2\/media?parent=470"}],"curies":[{"name":"wp","href":"https:\/\/api.w.org\/{rel}","templated":true}]}}