{"id":481,"date":"2021-07-12T09:46:11","date_gmt":"2021-07-12T09:46:11","guid":{"rendered":"https:\/\/idecesos.com\/seguros\/?page_id=481"},"modified":"2024-12-11T13:39:50","modified_gmt":"2024-12-11T12:39:50","slug":"coberturas","status":"publish","type":"page","link":"https:\/\/idecesos.com\/seguros\/companias\/verti\/coberturas\/","title":{"rendered":"Coberturas Seguro de Decesos Verti"},"content":{"rendered":"\r\n\r\n<p>Verti se fund\u00f3 en 2011 de la mano del grupo Mapfre, es una compa\u00f1\u00eda que se especializa en los seguros de coche, moto, hogar y mascotas entre otros, pero siempre trata de dar el mejor servicio a sus casi 300.000 clientes ya sea de manera online o a trav\u00e9s del tel\u00e9fono, ya que su trabajo se caracteriza por la transparencia en sus gestiones, por brindarle al cliente todas las herramientas necesarias para que pueda gestionar sus p\u00f3lizas, por el f\u00e1cil acceso a la informaci\u00f3n para sus usuarios y porque promete garantizar con m\u00e1xima seguridad los datos personales de \u00e9stos. A pesar de todo ello, no tiene un seguro de decesos, de esto se hace responsable Mapfre.<\/p>\r\n\r\n\r\n\r\n<p>Mapfre actualmente posee tres tipos de seguros, el primero es\u00a0<em>SIEMPRE<\/em>\u00a0que est\u00e1 dirigido a las personas menores de setenta a\u00f1os que todav\u00eda no ha contratado un seguro de decesos, en el que se hacen m\u00e1s \u00fatil aquellas prestaciones en vida, de cara al momento previo de la muerte del asegurado, en este tipo de seguro la p\u00f3liza se renueva cada a\u00f1o, por otro lado, est\u00e1 el modelo de\u00a0<em>Pago \u00danico\u00a0<\/em>que est\u00e1 pensado para las personas mayores de 70, pero no hay un l\u00edmite m\u00e1ximo, ni un m\u00ednimo establecido para poder contratarlo; y para aquellas que tienen una enfermedad grave, se caracteriza por hacer un pago \u00fanico en el momento de la contrataci\u00f3n del seguro y as\u00ed tener disponible inmediatamente todas las coberturas. El tercer tipo es para los\u00a0<em>Residentes Extranjeros\u00a0<\/em>que viven en Espa\u00f1a y que son menores de 65 a\u00f1os, aunque se puede llegar a la edad m\u00e1xima de los 70 a\u00f1os. El pago de este \u00faltimo modelo puede ser fraccionado si lo desea, ya sea trimestral o bien semestral.<\/p>\r\n\r\n\r\n\r\n<p>En cuanto a las coberturas del seguro de decesos SIEMPRE de Mapfre, dispone de las siguientes coberturas b\u00e1sicas:<\/p>\r\n\r\n\r\n\r\n<p>\u2013 \u00a0\u00a0\u00a0\u00a0\u00a0\u00a0\u00a0\u00a0\u00a0Prestaci\u00f3n del servicio de sepelio personalizado, adaptado a cada una de las necesidades del asegurado y las costumbres de cada localidad. Puede optar si lo desea, a un servicio de incineraci\u00f3n o de inhumaci\u00f3n, un servicio de tanatorio o bien, alquiler o compra de nicho y l\u00e1pida.<\/p>\r\n\r\n\r\n\r\n<p>\u2013 \u00a0\u00a0\u00a0\u00a0\u00a0\u00a0\u00a0\u00a0\u00a0En cuanto al traslado, puede elegir el lugar donde quiera ser enterrado o incinerado en cualquier lugar de Espa\u00f1a, pero tambi\u00e9n si es necesario, la compa\u00f1\u00eda se hace cargo de los gastos de traslado a destinos internacionales.<\/p>\r\n\r\n\r\n\r\n<p>\u2013 \u00a0\u00a0\u00a0\u00a0\u00a0\u00a0\u00a0\u00a0\u00a0Por otro lado, tambi\u00e9n ofrece asistencia en viajes, tanto para el asegurado por si tiene que anticipar su viaje por la muerte de un familiar cercano o por si tiene que quedarse hospitalizado por enfermedad o accidente o bien si tiene que quedarse unos d\u00edas en un hotel ya que tiene una enfermedad o una lesi\u00f3n que le impide moverse. Tambi\u00e9n cubre los gastos para el traslado de un familiar hasta donde se encuentre el asegurado enfermo o herido o bien, para que acompa\u00f1e al cuerpo desde el extranjero, adem\u00e1s se har\u00e1 responsable de la asistencia en viaje para los menores de edad en el extranjero.<\/p>\r\n\r\n\r\n\r\n<p>\u2013 \u00a0\u00a0\u00a0\u00a0\u00a0\u00a0\u00a0\u00a0\u00a0Mapfre brinda asistencia en cuanto a las gestiones jur\u00eddicas familiares o para los tr\u00e1mites para obtener documentos como el certificado de defunci\u00f3n, adem\u00e1s de una asistencia y orientaci\u00f3n psicol\u00f3gica de cara al duelo por el fallecimiento de un familiar.<\/p>\r\n\r\n\r\n\r\n<p>\u2013 \u00a0\u00a0\u00a0\u00a0\u00a0\u00a0\u00a0\u00a0\u00a0Hay una serie de gastos extraordinario que tambi\u00e9n cubre este modelo de seguro de decesos como por ejemplo la asistencia de un m\u00e9dico forense, si fuera necesario.<\/p>\r\n\r\n\r\n\r\n<p>Como cobertura opcional, presta servicios de odontolog\u00eda para ni\u00f1os menores de 15 a\u00f1os, completamente gratis, a excepci\u00f3n de la ortodoncia, y para los mayores de esta edad, una odontolog\u00eda preventiva, radiolog\u00eda, cirug\u00eda periodontal entre otras.<\/p>\r\n\r\n\r\n\r\n<p>Para aquellas personas que quieran elegir el modelo de\u00a0<em>Pago \u00danico\u00a0<\/em>la aseguradora ofrece todas las coberturas b\u00e1sicas anteriores, pero en cuanto a lo que se trata de una cobertura opcional pone a la disposici\u00f3n de sus posibles clientes, la conservaci\u00f3n del ADN y la conservaci\u00f3n de las c\u00e9lulas madres del cord\u00f3n umbilical.<\/p>\r\n\r\n\r\n\r\n<p>Al igual que el modelo anterior, en el modelo de seguro de decesos de\u00a0<em>Residentes Extranjeros<\/em>, Mapfre ofrece todas las coberturas principales que hemos citado anteriormente, pero en cuanto a las coberturas complementarias hay que destacar:<\/p>\r\n\r\n\r\n\r\n<p>\u2013 \u00a0\u00a0\u00a0\u00a0\u00a0\u00a0\u00a0\u00a0\u00a0Cobertura en accidentes, tanto si se produce el fallecimiento en un accidente, tanto si fallecen ambos c\u00f3nyuges en un mismo accidente, en este caso la aseguradora dar\u00e1 un capital adicional, tambi\u00e9n si se produce un fallecimiento por infarto, o una invalidez permanente o una gran invalidez.<\/p>\r\n\r\n\r\n\r\n<p>\u2013 \u00a0\u00a0\u00a0\u00a0\u00a0\u00a0\u00a0\u00a0\u00a0Mapfre da una indemnizaci\u00f3n en caso de que el asegurado sea hospitalizado de manera diaria, tambi\u00e9n cubre servicios de criopreservaci\u00f3n.<\/p>\r\n\r\n\r\n\r\n<p>\u2013 \u00a0\u00a0\u00a0\u00a0\u00a0\u00a0\u00a0\u00a0\u00a0Incluye orientaci\u00f3n m\u00e9dica durante 24 horas y segunda opini\u00f3n m\u00e9dica, si fuera necesario<\/p>\r\n\r\n\r\n\r\n<p>\u2013 \u00a0\u00a0\u00a0\u00a0\u00a0\u00a0\u00a0\u00a0\u00a0Asistencia despu\u00e9s de que el beneficiario estuviera hospitalizado, con servicios de teleasistencia, personal dom\u00e9stico o docente.<\/p>\r\n\r\n\r\n\r\n<p>Adem\u00e1s, este tercer modelo de seguro de decesos de Mapfre ofrece muchas ventajas, para protegerle a usted o a sus familiares ante cualquier acontecimiento como son:<\/p>\r\n\r\n\r\n\r\n<p>\u2013 \u00a0\u00a0\u00a0\u00a0\u00a0\u00a0\u00a0\u00a0\u00a0La gesti\u00f3n de los tr\u00e1mites y gestiones antes de que se produzca el fallecimiento del asegurado.<\/p>\r\n\r\n\r\n\r\n<p>\u2013 \u00a0\u00a0\u00a0\u00a0\u00a0\u00a0\u00a0\u00a0\u00a0Un servicio gratis para realizar el testamento de manera gratuita, ya que incluye los gastos del notario.<\/p>\r\n\r\n\r\n\r\n<p>\u2013 \u00a0\u00a0\u00a0\u00a0\u00a0\u00a0\u00a0\u00a0\u00a0Una cobertura de gran dependencia cubriendo el total de los gastos m\u00e9dicos que deriven de esa situaci\u00f3n, como por ejemplo la adecuaci\u00f3n de la vivienda si fuera necesario.<\/p>\r\n\r\n\r\n\r\n<p>\u2013 \u00a0\u00a0\u00a0\u00a0\u00a0\u00a0\u00a0\u00a0\u00a0Puede acceder a un servicio de salud dental para los hijos menores de quince a\u00f1os.<\/p>\r\n\r\n\r\n\r\n<p>\u2013 \u00a0\u00a0\u00a0\u00a0\u00a0\u00a0\u00a0\u00a0\u00a0Una segunda opini\u00f3n m\u00e9dica en el extranjero para enfermedades graves.<\/p>\r\n\r\n\r\n\r\n<p>\u2013 \u00a0\u00a0\u00a0\u00a0\u00a0\u00a0\u00a0\u00a0\u00a0Ofrece orientaci\u00f3n sanitaria de manera telef\u00f3nica durante todo el d\u00eda y todos los d\u00edas del a\u00f1o.<\/p>\r\n\r\n\r\n\r\n<p>\u2013 \u00a0\u00a0\u00a0\u00a0\u00a0\u00a0\u00a0\u00a0\u00a0Un servicio de reparaciones del hogar.<\/p>\r\n\r\n\r\n\r\n<p>\u2013 \u00a0\u00a0\u00a0\u00a0\u00a0\u00a0\u00a0\u00a0\u00a0Una p\u00f3liza que se adapta a las necesidades de cada uno de los asegurados, de las familias y costumbres de cada lugar.<\/p>\r\n\r\n\r\n\r\n<p>\u2013 \u00a0\u00a0\u00a0\u00a0\u00a0\u00a0\u00a0\u00a0\u00a0Servicio de repatriaci\u00f3n a su pa\u00eds o localidad de origen ya sea en Espa\u00f1a o en el extranjero.<\/p>\r\n\r\n\r\n\r\n<p>\u2013 \u00a0\u00a0\u00a0\u00a0\u00a0\u00a0\u00a0\u00a0\u00a0Un servicio de atenci\u00f3n al cliente durante las 24 horas y durante todos los d\u00edas del a\u00f1o, ya sea v\u00eda telef\u00f3nica o bien, por internet.<\/p>\r\n\r\n<h3>P\u00e1ginas relacionadas<\/h3><div class=\"enlazado\"><ul> <li><a href=\"https:\/\/idecesos.com\/seguros\/companias\/verti\/coberturas\/\">Coberturas Seguro de Decesos Verti<\/a><\/li> <li><a href=\"https:\/\/idecesos.com\/seguros\/companias\/verti\/opiniones\/\">Opiniones Verti<\/a><\/li> <li><a href=\"https:\/\/idecesos.com\/seguros\/companias\/verti\/precio\/\">Precio seguro Verti<\/a><\/li> <li><a href=\"https:\/\/idecesos.com\/seguros\/companias\/verti\/prima-mixta\/\">Verti Prima Mixta<\/a><\/li> <li><a href=\"https:\/\/idecesos.com\/seguros\/companias\/verti\/prima-natural\/\">Verti Prima Natural<\/a><\/li> <li><a href=\"https:\/\/idecesos.com\/seguros\/companias\/verti\/prima-nivelada\/\">Verti Prima Nivelada<\/a><\/li> <li><a href=\"https:\/\/idecesos.com\/seguros\/companias\/verti\/prima-unica\/\">Verti Prima \u00danica<\/a><\/li> <li><a href=\"https:\/\/idecesos.com\/seguros\/companias\/verti\/repatriacion\/\">Verti Repatriaci\u00f3n<\/a><\/li> <li><a href=\"https:\/\/idecesos.com\/seguros\/companias\/verti\/telefono\/\">Tel\u00e9fono Gratuito Verti<\/a><\/li>                                                                                                                                                                                                                                                                                                                                                                                                                                                                                                                                                                                                                                                                                                                                                                                                                                                                                                                                                                                                                                                                                                                                                                                                                                                                                                                                                                                                                                                                                                                                                                                                                                                                                                                                                                                                                                                                                                                                                                                                                                                                                                                                                                                                                                                                                                                                                                                                                                                                                                                                                                                                                                                                                                                                                                                                                                                                                                                                                                                                                                                                                                                             <\/ul><\/div>","protected":false},"excerpt":{"rendered":"<p>Verti se fund\u00f3 en 2011 de la mano del grupo Mapfre, es una compa\u00f1\u00eda que se especializa en los seguros de coche, moto, hogar y mascotas entre otros, pero siempre trata de dar el mejor servicio a sus casi 300.000 clientes ya sea de manera online o a trav\u00e9s del tel\u00e9fono, ya que su trabajo&hellip; <\/p>\n","protected":false},"author":2,"featured_media":0,"parent":478,"menu_order":0,"comment_status":"closed","ping_status":"closed","template":"single.php","meta":{"footnotes":""},"class_list":["post-481","page","type-page","status-publish","hentry"],"yoast_head":"<!-- This site is optimized with the Yoast SEO plugin v27.6 - https:\/\/yoast.com\/product\/yoast-seo-wordpress\/ -->\n<title>Coberturas Seguro de Decesos Verti | Gu\u00eda 2026<\/title>\n<meta name=\"description\" content=\"Consulta gratis las coberturas y servicios del Seguro de Decesos Verti Informaci\u00f3n actualizada en 2026. Coberturas verificadas por iDecesos.\" \/>\n<meta name=\"robots\" content=\"index, follow, max-snippet:-1, max-image-preview:large, max-video-preview:-1\" \/>\n<link rel=\"canonical\" href=\"https:\/\/idecesos.com\/seguros\/companias\/verti\/coberturas\/\" \/>\n<meta property=\"og:locale\" content=\"es_ES\" \/>\n<meta property=\"og:type\" content=\"article\" \/>\n<meta property=\"og:title\" content=\"Coberturas Seguro de Decesos Verti | Gu\u00eda 2026\" \/>\n<meta property=\"og:description\" content=\"Consulta gratis las coberturas y servicios del Seguro de Decesos Verti Informaci\u00f3n actualizada en 2026. Coberturas verificadas por iDecesos.\" \/>\n<meta property=\"og:url\" content=\"https:\/\/idecesos.com\/seguros\/companias\/verti\/coberturas\/\" \/>\n<meta property=\"article:modified_time\" content=\"2024-12-11T12:39:50+00:00\" \/>\n<meta name=\"twitter:card\" content=\"summary_large_image\" \/>\n<meta name=\"twitter:label1\" content=\"Tiempo de lectura\" \/>\n\t<meta name=\"twitter:data1\" content=\"5 minutos\" \/>\n<script type=\"application\/ld+json\" class=\"yoast-schema-graph\">{\"@context\":\"https:\\\/\\\/schema.org\",\"@graph\":[{\"@type\":\"WebPage\",\"@id\":\"https:\\\/\\\/idecesos.com\\\/seguros\\\/companias\\\/verti\\\/coberturas\\\/\",\"url\":\"https:\\\/\\\/idecesos.com\\\/seguros\\\/companias\\\/verti\\\/coberturas\\\/\",\"name\":\"Coberturas Seguro de Decesos Verti | Gu\u00eda 2026\",\"isPartOf\":{\"@id\":\"https:\\\/\\\/idecesos.com\\\/seguros\\\/#website\"},\"datePublished\":\"2021-07-12T09:46:11+00:00\",\"dateModified\":\"2024-12-11T12:39:50+00:00\",\"description\":\"Consulta gratis las coberturas y servicios del Seguro de Decesos Verti Informaci\u00f3n actualizada en 2026. Coberturas verificadas por iDecesos.\",\"breadcrumb\":{\"@id\":\"https:\\\/\\\/idecesos.com\\\/seguros\\\/companias\\\/verti\\\/coberturas\\\/#breadcrumb\"},\"inLanguage\":\"es\",\"potentialAction\":[{\"@type\":\"ReadAction\",\"target\":[\"https:\\\/\\\/idecesos.com\\\/seguros\\\/companias\\\/verti\\\/coberturas\\\/\"]}]},{\"@type\":\"BreadcrumbList\",\"@id\":\"https:\\\/\\\/idecesos.com\\\/seguros\\\/companias\\\/verti\\\/coberturas\\\/#breadcrumb\",\"itemListElement\":[{\"@type\":\"ListItem\",\"position\":1,\"name\":\"Portada\",\"item\":\"https:\\\/\\\/idecesos.com\\\/seguros\\\/\"},{\"@type\":\"ListItem\",\"position\":2,\"name\":\"Compa\u00f1\u00edas de Seguros de Decesos en Espa\u00f1a\",\"item\":\"https:\\\/\\\/idecesos.com\\\/seguros\\\/companias\\\/\"},{\"@type\":\"ListItem\",\"position\":3,\"name\":\"Seguro de decesos Verti\",\"item\":\"https:\\\/\\\/idecesos.com\\\/seguros\\\/companias\\\/verti\\\/\"},{\"@type\":\"ListItem\",\"position\":4,\"name\":\"Coberturas Seguro de Decesos Verti\"}]},{\"@type\":\"WebSite\",\"@id\":\"https:\\\/\\\/idecesos.com\\\/seguros\\\/#website\",\"url\":\"https:\\\/\\\/idecesos.com\\\/seguros\\\/\",\"name\":\"\",\"description\":\"\",\"potentialAction\":[{\"@type\":\"SearchAction\",\"target\":{\"@type\":\"EntryPoint\",\"urlTemplate\":\"https:\\\/\\\/idecesos.com\\\/seguros\\\/?s={search_term_string}\"},\"query-input\":{\"@type\":\"PropertyValueSpecification\",\"valueRequired\":true,\"valueName\":\"search_term_string\"}}],\"inLanguage\":\"es\"}]}<\/script>\n<!-- \/ Yoast SEO plugin. -->","yoast_head_json":{"title":"Coberturas Seguro de Decesos Verti | Gu\u00eda 2026","description":"Consulta gratis las coberturas y servicios del Seguro de Decesos Verti Informaci\u00f3n actualizada en 2026. Coberturas verificadas por iDecesos.","robots":{"index":"index","follow":"follow","max-snippet":"max-snippet:-1","max-image-preview":"max-image-preview:large","max-video-preview":"max-video-preview:-1"},"canonical":"https:\/\/idecesos.com\/seguros\/companias\/verti\/coberturas\/","og_locale":"es_ES","og_type":"article","og_title":"Coberturas Seguro de Decesos Verti | Gu\u00eda 2026","og_description":"Consulta gratis las coberturas y servicios del Seguro de Decesos Verti Informaci\u00f3n actualizada en 2026. Coberturas verificadas por iDecesos.","og_url":"https:\/\/idecesos.com\/seguros\/companias\/verti\/coberturas\/","article_modified_time":"2024-12-11T12:39:50+00:00","twitter_card":"summary_large_image","twitter_misc":{"Tiempo de lectura":"5 minutos"},"schema":{"@context":"https:\/\/schema.org","@graph":[{"@type":"WebPage","@id":"https:\/\/idecesos.com\/seguros\/companias\/verti\/coberturas\/","url":"https:\/\/idecesos.com\/seguros\/companias\/verti\/coberturas\/","name":"Coberturas Seguro de Decesos Verti | Gu\u00eda 2026","isPartOf":{"@id":"https:\/\/idecesos.com\/seguros\/#website"},"datePublished":"2021-07-12T09:46:11+00:00","dateModified":"2024-12-11T12:39:50+00:00","description":"Consulta gratis las coberturas y servicios del Seguro de Decesos Verti Informaci\u00f3n actualizada en 2026. Coberturas verificadas por iDecesos.","breadcrumb":{"@id":"https:\/\/idecesos.com\/seguros\/companias\/verti\/coberturas\/#breadcrumb"},"inLanguage":"es","potentialAction":[{"@type":"ReadAction","target":["https:\/\/idecesos.com\/seguros\/companias\/verti\/coberturas\/"]}]},{"@type":"BreadcrumbList","@id":"https:\/\/idecesos.com\/seguros\/companias\/verti\/coberturas\/#breadcrumb","itemListElement":[{"@type":"ListItem","position":1,"name":"Portada","item":"https:\/\/idecesos.com\/seguros\/"},{"@type":"ListItem","position":2,"name":"Compa\u00f1\u00edas de Seguros de Decesos en Espa\u00f1a","item":"https:\/\/idecesos.com\/seguros\/companias\/"},{"@type":"ListItem","position":3,"name":"Seguro de decesos Verti","item":"https:\/\/idecesos.com\/seguros\/companias\/verti\/"},{"@type":"ListItem","position":4,"name":"Coberturas Seguro de Decesos Verti"}]},{"@type":"WebSite","@id":"https:\/\/idecesos.com\/seguros\/#website","url":"https:\/\/idecesos.com\/seguros\/","name":"","description":"","potentialAction":[{"@type":"SearchAction","target":{"@type":"EntryPoint","urlTemplate":"https:\/\/idecesos.com\/seguros\/?s={search_term_string}"},"query-input":{"@type":"PropertyValueSpecification","valueRequired":true,"valueName":"search_term_string"}}],"inLanguage":"es"}]}},"_links":{"self":[{"href":"https:\/\/idecesos.com\/seguros\/wp-json\/wp\/v2\/pages\/481","targetHints":{"allow":["GET"]}}],"collection":[{"href":"https:\/\/idecesos.com\/seguros\/wp-json\/wp\/v2\/pages"}],"about":[{"href":"https:\/\/idecesos.com\/seguros\/wp-json\/wp\/v2\/types\/page"}],"author":[{"embeddable":true,"href":"https:\/\/idecesos.com\/seguros\/wp-json\/wp\/v2\/users\/2"}],"replies":[{"embeddable":true,"href":"https:\/\/idecesos.com\/seguros\/wp-json\/wp\/v2\/comments?post=481"}],"version-history":[{"count":5,"href":"https:\/\/idecesos.com\/seguros\/wp-json\/wp\/v2\/pages\/481\/revisions"}],"predecessor-version":[{"id":22141,"href":"https:\/\/idecesos.com\/seguros\/wp-json\/wp\/v2\/pages\/481\/revisions\/22141"}],"up":[{"embeddable":true,"href":"https:\/\/idecesos.com\/seguros\/wp-json\/wp\/v2\/pages\/478"}],"wp:attachment":[{"href":"https:\/\/idecesos.com\/seguros\/wp-json\/wp\/v2\/media?parent=481"}],"curies":[{"name":"wp","href":"https:\/\/api.w.org\/{rel}","templated":true}]}}