{"id":525,"date":"2021-07-12T10:54:14","date_gmt":"2021-07-12T10:54:14","guid":{"rendered":"https:\/\/idecesos.com\/seguros\/?page_id=525"},"modified":"2022-01-03T10:21:14","modified_gmt":"2022-01-03T10:21:14","slug":"opiniones","status":"publish","type":"page","link":"https:\/\/idecesos.com\/seguros\/opiniones\/","title":{"rendered":"Opiniones sobre los Seguro de Decesos"},"content":{"rendered":"<div id=\"ez-toc-container\" class=\"ez-toc-v2_0_82_2 ez-toc-wrap-center counter-hierarchy ez-toc-counter ez-toc-custom ez-toc-container-direction\">\n<div class=\"ez-toc-title-container\">\n<p class=\"ez-toc-title\" style=\"cursor:inherit\">Tabla de Contenido<\/p>\n<span class=\"ez-toc-title-toggle\"><a href=\"#\" class=\"ez-toc-pull-right ez-toc-btn ez-toc-btn-xs ez-toc-btn-default ez-toc-toggle\" aria-label=\"Alternar tabla de contenidos\"><span class=\"ez-toc-js-icon-con\"><span class=\"\"><span class=\"eztoc-hide\" style=\"display:none;\">Toggle<\/span><span class=\"ez-toc-icon-toggle-span\"><svg style=\"fill: #db6415;color:#db6415\" xmlns=\"http:\/\/www.w3.org\/2000\/svg\" class=\"list-377408\" width=\"20px\" height=\"20px\" viewBox=\"0 0 24 24\" fill=\"none\"><path d=\"M6 6H4v2h2V6zm14 0H8v2h12V6zM4 11h2v2H4v-2zm16 0H8v2h12v-2zM4 16h2v2H4v-2zm16 0H8v2h12v-2z\" fill=\"currentColor\"><\/path><\/svg><svg style=\"fill: #db6415;color:#db6415\" class=\"arrow-unsorted-368013\" xmlns=\"http:\/\/www.w3.org\/2000\/svg\" width=\"10px\" height=\"10px\" viewBox=\"0 0 24 24\" version=\"1.2\" baseProfile=\"tiny\"><path d=\"M18.2 9.3l-6.2-6.3-6.2 6.3c-.2.2-.3.4-.3.7s.1.5.3.7c.2.2.4.3.7.3h11c.3 0 .5-.1.7-.3.2-.2.3-.5.3-.7s-.1-.5-.3-.7zM5.8 14.7l6.2 6.3 6.2-6.3c.2-.2.3-.5.3-.7s-.1-.5-.3-.7c-.2-.2-.4-.3-.7-.3h-11c-.3 0-.5.1-.7.3-.2.2-.3.5-.3.7s.1.5.3.7z\"\/><\/svg><\/span><\/span><\/span><\/a><\/span><\/div>\n<nav><ul class='ez-toc-list ez-toc-list-level-1 ' ><li class='ez-toc-page-1 ez-toc-heading-level-2'><a class=\"ez-toc-link ez-toc-heading-1\" href=\"https:\/\/idecesos.com\/seguros\/opiniones\/#%C2%BFQue_debe_incluir_un_seguro_de_decesos\" >\u00bfQu\u00e9 debe incluir un seguro de decesos?<\/a><\/li><li class='ez-toc-page-1 ez-toc-heading-level-2'><a class=\"ez-toc-link ez-toc-heading-2\" href=\"https:\/\/idecesos.com\/seguros\/opiniones\/#%C2%BFPor_que_tienen_buenas_opiniones_los_seguros_de_decesos\" >\u00bfPor qu\u00e9 tienen buenas opiniones los seguros de decesos?<\/a><ul class='ez-toc-list-level-3' ><li class='ez-toc-heading-level-3'><a class=\"ez-toc-link ez-toc-heading-3\" href=\"https:\/\/idecesos.com\/seguros\/opiniones\/#Paginas_relacionadas\" >P\u00e1ginas relacionadas<\/a><\/li><\/ul><\/li><\/ul><\/nav><\/div>\n\r\n\r\n<p>Actualmente, podemos encontrar una gran cantidad de compa\u00f1\u00edas que ofertan seguros de decesos en Espa\u00f1a. Seg\u00fan los \u00faltimos datos recogidos, m\u00e1s de 20 millones de personas cuentan con una p\u00f3liza de decesos. Esto supone el 46,6% de la poblaci\u00f3n espa\u00f1ola.<\/p>\r\n<p><span style=\"color: #000000;\"><div class=\"cobertura \"  ><div class=\"borde_cobertura\"><div class=\"titulo_cobertura titulo\"><\/div><div class=\"texto_cobertura\"><\/span><\/p>\r\n<p>El hecho de que cada vez haya m\u00e1s personas que decidan contratar una p\u00f3liza de decesos es para garantizar su tranquilidad. Pero no solo para ellos mismos, tambi\u00e9n le proporcionar\u00e1s un mayor bienestar a tus familiares al evitar que tengan que hacer frente a los elevados costes que supone un entierro.<\/p>\r\n<p><\/div><\/div><\/div><\/p>\r\n<p><span style=\"color: #000000;\"><div class=\"cobertura \"  ><div class=\"borde_cobertura\"><div class=\"titulo_cobertura titulo\"><\/div><div class=\"texto_cobertura\"><\/span><\/p>\r\n<p>El seguro de decesos es hoy en d\u00eda uno de los m\u00e1s contratados por detr\u00e1s del seguro del autom\u00f3vil. Con tu p\u00f3liza de decesos, encontrar\u00e1s la tranquilidad tras los d\u00edas del fallecimiento.<\/p>\r\n<p><\/div><\/div><\/div><\/p>\r\n<p><span style=\"color: #000000;\"><div class=\"cobertura \"  ><div class=\"borde_cobertura\"><div class=\"titulo_cobertura titulo\"><\/div><div class=\"texto_cobertura\"><\/span><\/p>\r\n<p>Los seguros de decesos se encargan de cubrir los gastos econ\u00f3micos. Seg\u00fan los estudios, Espa\u00f1a es uno de los pa\u00edses de la Uni\u00f3n Europea donde es m\u00e1s caro morir debido a las subidas del IVA en el sector funerario. Adem\u00e1s, son los encargados de solucionar todos los problemas de papeleo que puedan surgir tras el fallecimiento. Esto hace que la mayor\u00eda de los ciudadanos tengan unas buenas opiniones con respecto a los seguros de decesos.<\/p>\r\n<p><\/div><\/div><\/div><\/p>\r\n<div class=\"colorf \"  ><div class=\"container clearfix\"><div class=\"col-md-7\"><\/p>\r\n<h2><span class=\"ez-toc-section\" id=\"%C2%BFQue_debe_incluir_un_seguro_de_decesos\"><\/span>\u00bfQu\u00e9 debe incluir un seguro de decesos?<span class=\"ez-toc-section-end\"><\/span><\/h2>\r\n<p>Las principales coberturas que deben tener los seguros de decesos son la gesti\u00f3n y gastos de sepelio. En muchos seguros, tambi\u00e9n se presta la <strong>ayuda necesaria en todos los tr\u00e1mites administrativos.<\/strong><\/p>\r\n<p>Por otro lado, muchas personas deciden contratar su seguro de decesos con la cobertura de los <strong>traslados nacionales e internacionales<\/strong>. As\u00ed, estar\u00e1s asegurado tanto si el fallecimiento ocurriese en tu pa\u00eds como fuera de \u00e9l.<\/p>\r\n<p>Muchas compa\u00f1\u00edas, ante la alta inmigraci\u00f3n de nuestros j\u00f3venes a otros pa\u00edses, optan por ofrecer entre sus coberturas, la asistencia mundial. En concreto, las compa\u00f1\u00edas aseguradoras, se encargan de la repatriaci\u00f3n del cuerpo, as\u00ed como, de <strong>cubrir los gastos que puedan desembocar de un acompa\u00f1ante del fallecido.<\/strong><\/p>\r\n\r\n\r\n\r\n\r\n\r\n\r\n\r\n<p>Las compa\u00f1\u00edas buscan garantizar una buena opini\u00f3n de sus clientes a trav\u00e9s de p\u00f3lizas flexibles que se adapten a cada uno de los compradores. De esta manera existen numerosas <strong>coberturas adicionales<\/strong> a los seguros de decesos que hacen que exista una mayor determinaci\u00f3n en el trabajo de las compa\u00f1\u00edas y as\u00ed ganar en la calidad del servicio prestado.<\/p>\r\n<p><\/div><\/div><\/div>\r\n<h2><span class=\"ez-toc-section\" id=\"%C2%BFPor_que_tienen_buenas_opiniones_los_seguros_de_decesos\"><\/span>\u00bfPor qu\u00e9 tienen buenas opiniones los seguros de decesos?<span class=\"ez-toc-section-end\"><\/span><\/h2>\r\n\r\n\r\n\r\n<p>En general, las opiniones de la sociedad con respecto a los seguros de decesos son buenas ya que te proporcionan toda la ayuda en unos de los momentos m\u00e1s complicados de llevar. Adem\u00e1s, <strong>suponen un respaldo econ\u00f3mico ante el alto coste del sepelio en Espa\u00f1a.<\/strong><\/p>\r\n<p>Sin embargo, todav\u00eda hay personas que se hacen la pregunta de s\u00ed merece la pena <strong>contratar un seguro de decesos.<\/strong><\/p>\r\n<p>Desde el punto de vista econ\u00f3mico, los seguros de decesos son recomendables a partir de los 30 o 40 a\u00f1os. Adem\u00e1s, permitir\u00edas ahorrarles a tus familiares <strong>dinero y problemas relacionados con las gestiones del fallecimiento.<\/strong><\/p>\r\n<p>Por otro lado, los seguros de decesos no solo se deben valorar en el terreno econ\u00f3mico. Tambi\u00e9n debes tener en cuenta el <strong>aspecto emocional.<\/strong> El seguro de fallecimiento tiene como principal objetivo <strong>proteger a tu familia<\/strong> y tendr\u00e1s la comodidad de no preocuparte por nada ya que las aseguradoras se encargar\u00e1n de todo.<\/p>\r\n<p>Adem\u00e1s, las buenas opiniones de los seguros de decesos se deben a que la mayor\u00eda de las aseguradoras analizar\u00e1n tu situaci\u00f3n y te ofrecer\u00e1n las mejores coberturas y al mejor precio garantizado. Solo pagar\u00e1s por lo que realmente necesitas.<\/p>\r\n<p><strong>\u00a1Sin duda alguna, es recomendable contratar un seguro de decesos!<\/strong><\/p>\r\n\r\n<h3><span class=\"ez-toc-section\" id=\"Paginas_relacionadas\"><\/span>P\u00e1ginas relacionadas<span class=\"ez-toc-section-end\"><\/span><\/h3>\r\n<ul><li><a href=\"https:\/\/idecesos.com\/seguros\/opiniones\/foro\/\"><span>Foro de Seguros de Decesos<\/span><\/a><\/li><\/ul>","protected":false},"excerpt":{"rendered":"<p>Actualmente, podemos encontrar una gran cantidad de compa\u00f1\u00edas que ofertan seguros de decesos en Espa\u00f1a. Seg\u00fan los \u00faltimos datos recogidos, m\u00e1s de 20 millones de personas cuentan con una p\u00f3liza de decesos. Esto supone el 46,6% de la poblaci\u00f3n espa\u00f1ola. \u00bfPor qu\u00e9 tienen buenas opiniones los seguros de decesos? En general, las opiniones de la&hellip; <\/p>\n","protected":false},"author":2,"featured_media":0,"parent":0,"menu_order":0,"comment_status":"closed","ping_status":"closed","template":"single.php","meta":{"footnotes":""},"class_list":["post-525","page","type-page","status-publish","hentry"],"yoast_head":"<!-- This site is optimized with the Yoast SEO plugin v27.3 - https:\/\/yoast.com\/product\/yoast-seo-wordpress\/ -->\n<title>Opiniones sobre los Seguro de Decesos -<\/title>\n<meta name=\"robots\" content=\"index, follow, max-snippet:-1, max-image-preview:large, max-video-preview:-1\" \/>\n<link rel=\"canonical\" href=\"https:\/\/idecesos.com\/seguros\/opiniones\/\" \/>\n<meta property=\"og:locale\" content=\"es_ES\" \/>\n<meta property=\"og:type\" content=\"article\" \/>\n<meta property=\"og:title\" content=\"Opiniones sobre los Seguro de Decesos -\" \/>\n<meta property=\"og:description\" content=\"Actualmente, podemos encontrar una gran cantidad de compa\u00f1\u00edas que ofertan seguros de decesos en Espa\u00f1a. Seg\u00fan los \u00faltimos datos recogidos, m\u00e1s de 20 millones de personas cuentan con una p\u00f3liza de decesos. Esto supone el 46,6% de la poblaci\u00f3n espa\u00f1ola. \u00bfPor qu\u00e9 tienen buenas opiniones los seguros de decesos? En general, las opiniones de la&hellip;\" \/>\n<meta property=\"og:url\" content=\"https:\/\/idecesos.com\/seguros\/opiniones\/\" \/>\n<meta property=\"article:modified_time\" content=\"2022-01-03T10:21:14+00:00\" \/>\n<meta name=\"twitter:card\" content=\"summary_large_image\" \/>\n<meta name=\"twitter:label1\" content=\"Tiempo de lectura\" \/>\n\t<meta name=\"twitter:data1\" content=\"3 minutos\" \/>\n<script type=\"application\/ld+json\" class=\"yoast-schema-graph\">{\"@context\":\"https:\\\/\\\/schema.org\",\"@graph\":[{\"@type\":\"WebPage\",\"@id\":\"https:\\\/\\\/idecesos.com\\\/seguros\\\/opiniones\\\/\",\"url\":\"https:\\\/\\\/idecesos.com\\\/seguros\\\/opiniones\\\/\",\"name\":\"Opiniones sobre los Seguro de Decesos -\",\"isPartOf\":{\"@id\":\"https:\\\/\\\/idecesos.com\\\/seguros\\\/#website\"},\"datePublished\":\"2021-07-12T10:54:14+00:00\",\"dateModified\":\"2022-01-03T10:21:14+00:00\",\"breadcrumb\":{\"@id\":\"https:\\\/\\\/idecesos.com\\\/seguros\\\/opiniones\\\/#breadcrumb\"},\"inLanguage\":\"es\",\"potentialAction\":[{\"@type\":\"ReadAction\",\"target\":[\"https:\\\/\\\/idecesos.com\\\/seguros\\\/opiniones\\\/\"]}]},{\"@type\":\"BreadcrumbList\",\"@id\":\"https:\\\/\\\/idecesos.com\\\/seguros\\\/opiniones\\\/#breadcrumb\",\"itemListElement\":[{\"@type\":\"ListItem\",\"position\":1,\"name\":\"Portada\",\"item\":\"https:\\\/\\\/idecesos.com\\\/seguros\\\/\"},{\"@type\":\"ListItem\",\"position\":2,\"name\":\"Opiniones sobre los Seguro de Decesos\"}]},{\"@type\":\"WebSite\",\"@id\":\"https:\\\/\\\/idecesos.com\\\/seguros\\\/#website\",\"url\":\"https:\\\/\\\/idecesos.com\\\/seguros\\\/\",\"name\":\"\",\"description\":\"\",\"potentialAction\":[{\"@type\":\"SearchAction\",\"target\":{\"@type\":\"EntryPoint\",\"urlTemplate\":\"https:\\\/\\\/idecesos.com\\\/seguros\\\/?s={search_term_string}\"},\"query-input\":{\"@type\":\"PropertyValueSpecification\",\"valueRequired\":true,\"valueName\":\"search_term_string\"}}],\"inLanguage\":\"es\"}]}<\/script>\n<!-- \/ Yoast SEO plugin. -->","yoast_head_json":{"title":"Opiniones sobre los Seguro de Decesos -","robots":{"index":"index","follow":"follow","max-snippet":"max-snippet:-1","max-image-preview":"max-image-preview:large","max-video-preview":"max-video-preview:-1"},"canonical":"https:\/\/idecesos.com\/seguros\/opiniones\/","og_locale":"es_ES","og_type":"article","og_title":"Opiniones sobre los Seguro de Decesos -","og_description":"Actualmente, podemos encontrar una gran cantidad de compa\u00f1\u00edas que ofertan seguros de decesos en Espa\u00f1a. Seg\u00fan los \u00faltimos datos recogidos, m\u00e1s de 20 millones de personas cuentan con una p\u00f3liza de decesos. Esto supone el 46,6% de la poblaci\u00f3n espa\u00f1ola. \u00bfPor qu\u00e9 tienen buenas opiniones los seguros de decesos? En general, las opiniones de la&hellip;","og_url":"https:\/\/idecesos.com\/seguros\/opiniones\/","article_modified_time":"2022-01-03T10:21:14+00:00","twitter_card":"summary_large_image","twitter_misc":{"Tiempo de lectura":"3 minutos"},"schema":{"@context":"https:\/\/schema.org","@graph":[{"@type":"WebPage","@id":"https:\/\/idecesos.com\/seguros\/opiniones\/","url":"https:\/\/idecesos.com\/seguros\/opiniones\/","name":"Opiniones sobre los Seguro de Decesos -","isPartOf":{"@id":"https:\/\/idecesos.com\/seguros\/#website"},"datePublished":"2021-07-12T10:54:14+00:00","dateModified":"2022-01-03T10:21:14+00:00","breadcrumb":{"@id":"https:\/\/idecesos.com\/seguros\/opiniones\/#breadcrumb"},"inLanguage":"es","potentialAction":[{"@type":"ReadAction","target":["https:\/\/idecesos.com\/seguros\/opiniones\/"]}]},{"@type":"BreadcrumbList","@id":"https:\/\/idecesos.com\/seguros\/opiniones\/#breadcrumb","itemListElement":[{"@type":"ListItem","position":1,"name":"Portada","item":"https:\/\/idecesos.com\/seguros\/"},{"@type":"ListItem","position":2,"name":"Opiniones sobre los Seguro de Decesos"}]},{"@type":"WebSite","@id":"https:\/\/idecesos.com\/seguros\/#website","url":"https:\/\/idecesos.com\/seguros\/","name":"","description":"","potentialAction":[{"@type":"SearchAction","target":{"@type":"EntryPoint","urlTemplate":"https:\/\/idecesos.com\/seguros\/?s={search_term_string}"},"query-input":{"@type":"PropertyValueSpecification","valueRequired":true,"valueName":"search_term_string"}}],"inLanguage":"es"}]}},"_links":{"self":[{"href":"https:\/\/idecesos.com\/seguros\/wp-json\/wp\/v2\/pages\/525","targetHints":{"allow":["GET"]}}],"collection":[{"href":"https:\/\/idecesos.com\/seguros\/wp-json\/wp\/v2\/pages"}],"about":[{"href":"https:\/\/idecesos.com\/seguros\/wp-json\/wp\/v2\/types\/page"}],"author":[{"embeddable":true,"href":"https:\/\/idecesos.com\/seguros\/wp-json\/wp\/v2\/users\/2"}],"replies":[{"embeddable":true,"href":"https:\/\/idecesos.com\/seguros\/wp-json\/wp\/v2\/comments?post=525"}],"version-history":[{"count":12,"href":"https:\/\/idecesos.com\/seguros\/wp-json\/wp\/v2\/pages\/525\/revisions"}],"predecessor-version":[{"id":18294,"href":"https:\/\/idecesos.com\/seguros\/wp-json\/wp\/v2\/pages\/525\/revisions\/18294"}],"wp:attachment":[{"href":"https:\/\/idecesos.com\/seguros\/wp-json\/wp\/v2\/media?parent=525"}],"curies":[{"name":"wp","href":"https:\/\/api.w.org\/{rel}","templated":true}]}}