{"id":533,"date":"2021-07-12T11:10:06","date_gmt":"2021-07-12T11:10:06","guid":{"rendered":"https:\/\/idecesos.com\/seguros\/?page_id=533"},"modified":"2022-01-14T12:03:56","modified_gmt":"2022-01-14T12:03:56","slug":"alemania","status":"publish","type":"page","link":"https:\/\/idecesos.com\/seguros\/paises\/alemania\/","title":{"rendered":"Seguro Decesos Alemania"},"content":{"rendered":"<div id=\"ez-toc-container\" class=\"ez-toc-v2_0_82_2 ez-toc-wrap-center counter-hierarchy ez-toc-counter ez-toc-custom ez-toc-container-direction\">\n<div class=\"ez-toc-title-container\">\n<p class=\"ez-toc-title\" style=\"cursor:inherit\">Tabla de Contenido<\/p>\n<span class=\"ez-toc-title-toggle\"><a href=\"#\" class=\"ez-toc-pull-right ez-toc-btn ez-toc-btn-xs ez-toc-btn-default ez-toc-toggle\" aria-label=\"Alternar tabla de contenidos\"><span class=\"ez-toc-js-icon-con\"><span class=\"\"><span class=\"eztoc-hide\" style=\"display:none;\">Toggle<\/span><span class=\"ez-toc-icon-toggle-span\"><svg style=\"fill: #db6415;color:#db6415\" xmlns=\"http:\/\/www.w3.org\/2000\/svg\" class=\"list-377408\" width=\"20px\" height=\"20px\" viewBox=\"0 0 24 24\" fill=\"none\"><path d=\"M6 6H4v2h2V6zm14 0H8v2h12V6zM4 11h2v2H4v-2zm16 0H8v2h12v-2zM4 16h2v2H4v-2zm16 0H8v2h12v-2z\" fill=\"currentColor\"><\/path><\/svg><svg style=\"fill: #db6415;color:#db6415\" class=\"arrow-unsorted-368013\" xmlns=\"http:\/\/www.w3.org\/2000\/svg\" width=\"10px\" height=\"10px\" viewBox=\"0 0 24 24\" version=\"1.2\" baseProfile=\"tiny\"><path d=\"M18.2 9.3l-6.2-6.3-6.2 6.3c-.2.2-.3.4-.3.7s.1.5.3.7c.2.2.4.3.7.3h11c.3 0 .5-.1.7-.3.2-.2.3-.5.3-.7s-.1-.5-.3-.7zM5.8 14.7l6.2 6.3 6.2-6.3c.2-.2.3-.5.3-.7s-.1-.5-.3-.7c-.2-.2-.4-.3-.7-.3h-11c-.3 0-.5.1-.7.3-.2.2-.3.5-.3.7s.1.5.3.7z\"\/><\/svg><\/span><\/span><\/span><\/a><\/span><\/div>\n<nav><ul class='ez-toc-list ez-toc-list-level-1 ' ><li class='ez-toc-page-1 ez-toc-heading-level-2'><a class=\"ez-toc-link ez-toc-heading-1\" href=\"https:\/\/idecesos.com\/seguros\/paises\/alemania\/#Comparador_seguros_de_decesos_para_Alemania\" >Comparador seguros de decesos para Alemania<\/a><\/li><li class='ez-toc-page-1 ez-toc-heading-level-2'><a class=\"ez-toc-link ez-toc-heading-2\" href=\"https:\/\/idecesos.com\/seguros\/paises\/alemania\/#Coberturas_de_los_seguros_de_decesos_para_Alemania\" >Coberturas de los seguros de decesos para Alemania<\/a><\/li><li class='ez-toc-page-1 ez-toc-heading-level-2'><a class=\"ez-toc-link ez-toc-heading-3\" href=\"https:\/\/idecesos.com\/seguros\/paises\/alemania\/#Ventajas_de_contratar_un_seguro_de_decesos_para_Alemania\" >Ventajas de contratar un seguro de decesos para Alemania<\/a><\/li><li class='ez-toc-page-1 ez-toc-heading-level-2'><a class=\"ez-toc-link ez-toc-heading-4\" href=\"https:\/\/idecesos.com\/seguros\/paises\/alemania\/#Precios_de_seguros_de_decesos_para_Alemania\" >Precios de seguros de decesos para Alemania<\/a><ul class='ez-toc-list-level-3' ><li class='ez-toc-heading-level-3'><a class=\"ez-toc-link ez-toc-heading-5\" href=\"https:\/\/idecesos.com\/seguros\/paises\/alemania\/#Paginas_relacionadas\" >P\u00e1ginas relacionadas<\/a><\/li><\/ul><\/li><\/ul><\/nav><\/div>\n\r\n<p>La repatriaci\u00f3n es uno de los <strong>servicios m\u00e1s caros <\/strong>que hay que hacer frente.\u00a0En este art\u00edculo vamos a contarte todos los detalles si eres una de esas personas alemanas que viven en Espa\u00f1a pero que quieren <strong>descansar en su pa\u00eds de origen<\/strong> en el momento de la defunci\u00f3n.<\/p>\r\n<div class=\"colorf\"><div class=\"container clearfix\"><div class=\"col-md-7\">\r\n<p>El n\u00famero de personas extranjeras que viven en nuestro pa\u00eds ha ido aumentando a\u00f1o tras a\u00f1o. Vivimos por lo tanto, en una sociedad llena de cultura y de personas procedentes de todos los pa\u00edses. Los datos muestran que el 12,9% de la poblaci\u00f3n que vive en Espa\u00f1a, <strong>6 millones proceden de pa\u00edses extranjeros.<\/strong><\/p>\r\n<p>Debido a esta situaci\u00f3n, cada vez son m\u00e1s las aseguradoras que han visto una oportunidad de expandirse y crecer ofreciendo <strong>seguros de decesos con repatriaci\u00f3n<\/strong> a estas personas. As\u00ed, se han desarrollado nuevos productos con nuevas coberturas para que los residentes alemanes en nuestro pa\u00eds, vivan m\u00e1s tranquilos al saber que el traslado de su cuerpo en el momento de la defunci\u00f3n quedar\u00e1 cubierto.<\/p>\r\n<\/div><\/div><\/div>\r\n<p>En Espa\u00f1a, actualmente, viven <strong>m\u00e1s de 111.000 personas de origen alem\u00e1n<\/strong>. Las compa\u00f1\u00edas de seguros comprenden que son personas que est\u00e1n lejos de sus familias y que encargarse de todos los tr\u00e1mites es un proceso costoso.<\/p>\r\n<p>As\u00ed pues, se han empezado a desarrollar nuevas coberturas especializadas para que ninguna persona pueda vivir intranquila. Esto no solo permitir\u00e1 al asegurado estar mucho mejor, tambi\u00e9n los <strong>familiares estar\u00e1n m\u00e1s aliviados<\/strong> al saber que en el momento de la defunci\u00f3n no habr\u00e1 ning\u00fan problema a la hora de repatriar el cuerpo de su ser querido.<\/p>\r\n<p>Con estos seguros de decesos, la persona asegurada no solo estar\u00e1 cubierta en Espa\u00f1a si ocurriese el siniestro. Tambi\u00e9n <strong>cubrir\u00e1 la repatriaci\u00f3n desde cualquier parte de Europa a Alemania.<\/strong><\/p>\r\n<div class=\"colorf\"><div class=\"container clearfix\"><div class=\"col-md-7\"><div class=\"tipos\"><svg id=\"stars\" style=\"display: none;\" version=\"1.1\">\n\t<symbol id=\"stars-full-star\" viewBox=\"0 0 102 18\">\n\t\t<path d=\"M9.5 14.25l-5.584 2.936 1.066-6.218L.465 6.564l6.243-.907L9.5 0l2.792 5.657 6.243.907-4.517 4.404 1.066 6.218\" \/>\n\t<\/symbol>\n\n\t<symbol id=\"stars-half-star\" viewBox=\"0 0 102 18\">\n\t\t<path d=\"M9.5 14.25l-5.584 2.936 1.066-6.218L.465 6.564l6.243-.907L9.5 0l2.792\" fill=\"#ffdc0f\" \/>\n\t<\/symbol>\n\n\t<symbol id=\"stars-all-star\" viewBox=\"0 0 102 18\">\n\t\t<use xlink:href=\"#stars-full-star\" \/>\n\t\t<use xlink:href=\"#stars-full-star\" transform=\"translate(21)\" \/>\n\t\t<use xlink:href=\"#stars-full-star\" transform=\"translate(42)\" \/>\n\t\t<use xlink:href=\"#stars-full-star\" transform=\"translate(63)\" \/>\n\t\t<use xlink:href=\"#stars-full-star\" transform=\"translate(84)\" \/>\n\t<\/symbol>\n\n\t<symbol id=\"stars-0\" viewBox=\"0 0 102 18\">\n\t\t<use xlink:href=\"#stars-all-star\" fill=\"#e5e5e5\" \/>\n\t<\/symbol>\n\n\t<symbol id=\"stars-1\" viewBox=\"0 0 102 18\">\n\t\t<use xlink:href=\"#stars-0\" \/>\n\t\t<use xlink:href=\"#stars-half-star\" \/>\n\t<\/symbol>\n\n\t<symbol id=\"stars-2\" viewBox=\"0 0 102 18\">\n\t\t<use xlink:href=\"#stars-0\" \/>\n\t\t<use xlink:href=\"#stars-full-star\" fill=\"#ffdc0f\" \/>\n\t<\/symbol>\n\n\t<symbol id=\"stars-3\" viewBox=\"0 0 102 18\">\n\t\t<use xlink:href=\"#stars-2\" \/>\n\t\t<use xlink:href=\"#stars-half-star\" transform=\"translate(21)\" \/>\n\t<\/symbol>\n\n\t<symbol id=\"stars-4\" viewBox=\"0 0 102 18\">\n\t\t<use xlink:href=\"#stars-2\" \/>\n\t\t<use xlink:href=\"#stars-full-star\" fill=\"#ffdc0f\" transform=\"translate(21)\" \/>\n\t<\/symbol>\n\n\t<symbol id=\"stars-5\" viewBox=\"0 0 102 18\">\n\t\t<use xlink:href=\"#stars-4\" \/>\n\t\t<use xlink:href=\"#stars-half-star\" transform=\"translate(42)\" \/>\n\t<\/symbol>\n\n\t<symbol id=\"stars-6\" viewBox=\"0 0 102 18\">\n\t\t<use xlink:href=\"#stars-4\" \/>\n\t\t<use xlink:href=\"#stars-full-star\" fill=\"#ffdc0f\" transform=\"translate(42)\" \/>\n\t<\/symbol>\n\n\t<symbol id=\"stars-7\" viewBox=\"0 0 102 18\">\n\t\t<use xlink:href=\"#stars-6\" \/>\n\t\t<use xlink:href=\"#stars-half-star\" transform=\"translate(63)\" \/>\n\t<\/symbol>\n\n\t<symbol id=\"stars-8\" viewBox=\"0 0 102 18\">\n\t\t<use xlink:href=\"#stars-6\" \/>\n\t\t<use xlink:href=\"#stars-full-star\" fill=\"#ffdc0f\" transform=\"translate(63)\" \/>\n\t<\/symbol>\n\n\t<symbol id=\"stars-9\" viewBox=\"0 0 102 18\">\n\t\t<use xlink:href=\"#stars-8\" \/>\n\t\t<use xlink:href=\"#stars-half-star\" transform=\"translate(84)\" \/>\n\t<\/symbol>\n\n\t<symbol id=\"stars-10\" viewBox=\"0 0 102 18\">\n\t\t<use xlink:href=\"#stars-all-star\" fill=\"#ffdc0f\" \/>\n\t<\/symbol>\n<\/svg>\n\r\n<h2><span class=\"ez-toc-section\" id=\"Comparador_seguros_de_decesos_para_Alemania\"><\/span>Comparador seguros de decesos para Alemania<span class=\"ez-toc-section-end\"><\/span><\/h2>\r\n<p>Elegir un seguro de decesos u otro no es una decisi\u00f3n que se deba tomar a la ligera. Muchas personas pierden el tiempo en realizar <strong>numerosas b\u00fasquedas por la web<\/strong> buscando el mejor seguro adaptado a sus necesidades.<\/p>\r\n<p>Por eso, en iDecesos, nos preocupamos por ti y por tu seguridad y ponemos a tu disposici\u00f3n nuestro <strong>comparador de seguros de decesos.<\/strong><\/p>\r\n<p>Con tan solo rellenar el formulario, podr\u00e1s recibir de una forma totalmente sencilla y r\u00e1pida el presupuesto del mejor seguro para ti y sobre todo al mejor precio y las <strong>mejores coberturas<\/strong> en caso de fallecimiento fuera de tu pa\u00eds de origen.<\/p>\r\n<div class=\"colorf\"><div class=\"container clearfix\"><div class=\"col-md-7\"><div class=\"tipos\"><svg id=\"stars\" style=\"display: none;\" version=\"1.1\">\n\t<symbol id=\"stars-full-star\" viewBox=\"0 0 102 18\">\n\t\t<path d=\"M9.5 14.25l-5.584 2.936 1.066-6.218L.465 6.564l6.243-.907L9.5 0l2.792 5.657 6.243.907-4.517 4.404 1.066 6.218\" \/>\n\t<\/symbol>\n\n\t<symbol id=\"stars-half-star\" viewBox=\"0 0 102 18\">\n\t\t<path d=\"M9.5 14.25l-5.584 2.936 1.066-6.218L.465 6.564l6.243-.907L9.5 0l2.792\" fill=\"#ffdc0f\" \/>\n\t<\/symbol>\n\n\t<symbol id=\"stars-all-star\" viewBox=\"0 0 102 18\">\n\t\t<use xlink:href=\"#stars-full-star\" \/>\n\t\t<use xlink:href=\"#stars-full-star\" transform=\"translate(21)\" \/>\n\t\t<use xlink:href=\"#stars-full-star\" transform=\"translate(42)\" \/>\n\t\t<use xlink:href=\"#stars-full-star\" transform=\"translate(63)\" \/>\n\t\t<use xlink:href=\"#stars-full-star\" transform=\"translate(84)\" \/>\n\t<\/symbol>\n\n\t<symbol id=\"stars-0\" viewBox=\"0 0 102 18\">\n\t\t<use xlink:href=\"#stars-all-star\" fill=\"#e5e5e5\" \/>\n\t<\/symbol>\n\n\t<symbol id=\"stars-1\" viewBox=\"0 0 102 18\">\n\t\t<use xlink:href=\"#stars-0\" \/>\n\t\t<use xlink:href=\"#stars-half-star\" \/>\n\t<\/symbol>\n\n\t<symbol id=\"stars-2\" viewBox=\"0 0 102 18\">\n\t\t<use xlink:href=\"#stars-0\" \/>\n\t\t<use xlink:href=\"#stars-full-star\" fill=\"#ffdc0f\" \/>\n\t<\/symbol>\n\n\t<symbol id=\"stars-3\" viewBox=\"0 0 102 18\">\n\t\t<use xlink:href=\"#stars-2\" \/>\n\t\t<use xlink:href=\"#stars-half-star\" transform=\"translate(21)\" \/>\n\t<\/symbol>\n\n\t<symbol id=\"stars-4\" viewBox=\"0 0 102 18\">\n\t\t<use xlink:href=\"#stars-2\" \/>\n\t\t<use xlink:href=\"#stars-full-star\" fill=\"#ffdc0f\" transform=\"translate(21)\" \/>\n\t<\/symbol>\n\n\t<symbol id=\"stars-5\" viewBox=\"0 0 102 18\">\n\t\t<use xlink:href=\"#stars-4\" \/>\n\t\t<use xlink:href=\"#stars-half-star\" transform=\"translate(42)\" \/>\n\t<\/symbol>\n\n\t<symbol id=\"stars-6\" viewBox=\"0 0 102 18\">\n\t\t<use xlink:href=\"#stars-4\" \/>\n\t\t<use xlink:href=\"#stars-full-star\" fill=\"#ffdc0f\" transform=\"translate(42)\" \/>\n\t<\/symbol>\n\n\t<symbol id=\"stars-7\" viewBox=\"0 0 102 18\">\n\t\t<use xlink:href=\"#stars-6\" \/>\n\t\t<use xlink:href=\"#stars-half-star\" transform=\"translate(63)\" \/>\n\t<\/symbol>\n\n\t<symbol id=\"stars-8\" viewBox=\"0 0 102 18\">\n\t\t<use xlink:href=\"#stars-6\" \/>\n\t\t<use xlink:href=\"#stars-full-star\" fill=\"#ffdc0f\" transform=\"translate(63)\" \/>\n\t<\/symbol>\n\n\t<symbol id=\"stars-9\" viewBox=\"0 0 102 18\">\n\t\t<use xlink:href=\"#stars-8\" \/>\n\t\t<use xlink:href=\"#stars-half-star\" transform=\"translate(84)\" \/>\n\t<\/symbol>\n\n\t<symbol id=\"stars-10\" viewBox=\"0 0 102 18\">\n\t\t<use xlink:href=\"#stars-all-star\" fill=\"#ffdc0f\" \/>\n\t<\/symbol>\n<\/svg>\n\r\n<!-- \/wp:post-content -->\r\n\r\n<!-- wp:paragraph \/-->\r\n\r\n<!-- wp:paragraph \/-->\r\n\r\n<!-- wp:paragraph \/-->\r\n\r\n<!-- wp:paragraph \/-->\r\n\r\n<!-- wp:paragraph -->\r\n<h2><span class=\"ez-toc-section\" id=\"Coberturas_de_los_seguros_de_decesos_para_Alemania\"><\/span>Coberturas de los seguros de decesos para Alemania<span class=\"ez-toc-section-end\"><\/span><\/h2>\r\n<p>Para todas aquellas personas extranjeras que residen en nuestro pa\u00eds, se han dise\u00f1ado unas p\u00f3lizas especiales para que queden cubiertas en el momento de la defunci\u00f3n. As\u00ed mismo, las personas con nacionalidad alemana podr\u00e1n tener las <strong>mismas condiciones que cualquier otra persona.<\/strong><\/p>\r\n<p>La \u00fanica diferencia en estos seguros es que <strong>la repatriaci\u00f3n est\u00e1 incluida<\/strong>. Todas las personas que quieran descansar en su pa\u00eds de origen pueden contratar estas p\u00f3lizas de decesos. Ya seas de Europa o de Am\u00e9rica.<\/p>\r\n<p>El objetivo es que puedas estar mucho m\u00e1s tranquilo ante cualquier imprevisto ya que sabr\u00e1s que todos los <strong>gastos relacionados con la defunci\u00f3n estar\u00e1n cubiertos<\/strong>. Con tu seguro de decesos con repatriaci\u00f3n no solo tendr\u00e1s la garant\u00eda de quedar cubierto despu\u00e9s del fallecimiento.<\/p>\r\n<p>Tambi\u00e9n, podr\u00e1s disfrutar de garant\u00edas y coberturas antes y durante la vigencia del contrato. Algunas de ellas son: <strong>servicios dentales, asistencia en asuntos relacionados jur\u00eddicos, borrado de la huella digital o la elaboraci\u00f3n del testamento online.<\/strong><\/p>\r\n<div class=\"tipo2 \"  ><div class=\"cuadro_tipo\"><div class=\"tipo_icon\"><i class=\"fas fa-cubes\"><\/i><!--span class=\"dashicons dashicons-image-filter\"><\/span--><\/div><div class=\"titulo_tipo titulo\">Coberturas Obligatorias<\/div><div class=\"texto_tipo\">\r\n<ul>\r\n<li><span style=\"font-weight: 400;\">Servicio f\u00fanebre completo<\/span><\/li>\r\n<li><span style=\"font-weight: 400;\">Traslado y libre elecci\u00f3n de cementerio<\/span><\/li>\r\n<li><span style=\"font-weight: 400;\">Tr\u00e1mites de gestor\u00eda<\/span><\/li>\r\n<li><span style=\"font-weight: 400;\">Asistencia en viajes<\/span><\/li>\r\n<li>Billete de ida y vuelta de un acompa\u00f1ante<\/li>\r\n<\/ul>\r\n<p><\/div><hr>Valoraci\u00f3n en iDecesos.com<div class=\"tipo_estrellas\">\n\t\t\t<svg class=\"icon\">\t\t<use xlink:href=\"#stars-9\">\t<\/svg>\n\t\t\t<!--img src=\"https:\/\/idecesos.com\/img\/stars_9.png\" alt=\"9\/10\" style=\"height:auto; width:120px; color:white; font-weight:700; box-sizing:border-box; border:0; vertical-align: middle;  \"-->\n\t\t\t<\/div><hr><div class=\"enlace_tipo\"><button type=\"button\" class=\"\" data-bs-toggle=\"modal\" data-bs-target=\"#comparadorModal\">\n\t\t\t\t\t\t<span class=\"\">Ver Precios<\/span>\t\t\t\t\n\t\t\t\t\t<\/button><\/div><\/div><\/div> <div class=\"tipo2 \"  ><div class=\"cuadro_tipo\"><div class=\"tipo_icon\"><i class=\"fas fa-cubes\"><\/i><!--span class=\"dashicons dashicons-image-filter\"><\/span--><\/div><div class=\"titulo_tipo titulo\">Coberturas Opcionales<\/div><div class=\"texto_tipo\"><\/p>\r\n<ul>\r\n<li><span style=\"font-weight: 400;\">Accidentes<\/span><\/li>\r\n<li><span style=\"font-weight: 400;\">Odontolog\u00eda<\/span><\/li>\r\n<li><span style=\"font-weight: 400;\">Indemnizaci\u00f3n por hospitalizaci\u00f3n<\/span><\/li>\r\n<li><span style=\"font-weight: 400;\">Ayuda psicol\u00f3gica<\/span><\/li>\r\n<li><span style=\"font-weight: 400;\">Segundo diagn\u00f3stico m\u00e9dico<\/span><\/li>\r\n<\/ul>\r\n<p><\/div><hr>Valoraci\u00f3n en iDecesos.com<div class=\"tipo_estrellas\">\n\t\t\t<svg class=\"icon\">\t\t<use xlink:href=\"#stars-10\">\t<\/svg>\n\t\t\t<!--img src=\"https:\/\/idecesos.com\/img\/stars_10.png\" alt=\"10\/10\" style=\"height:auto; width:120px; color:white; font-weight:700; box-sizing:border-box; border:0; vertical-align: middle;  \"-->\n\t\t\t<\/div><hr><div class=\"enlace_tipo\"><button type=\"button\" class=\"\" data-bs-toggle=\"modal\" data-bs-target=\"#comparadorModal\">\n\t\t\t\t\t\t<span class=\"\">Ver Precios<\/span>\t\t\t\t\n\t\t\t\t\t<\/button><\/div><\/div><\/div><\/p>\r\n<p>Son muchas las aseguradoras que ya ofrecen seguros de decesos con repatriaci\u00f3n. Entre ellas encontramos Caser Seguros, Generali, Adeslas o Helvetia.<\/p>\r\n<p>Sin embargo, te aconsejamos que uses nuestro comparador de seguros de decesos para que tengas una mayor seguridad de que contratas un <strong>seguro adaptado y que cumple con tus necesidades.<\/strong><\/p>\r\n<p>Como principal cobertura estos seguros incluyen la repatriaci\u00f3n al lugar de origen. Esto permitir\u00e1 liberar a los familiares de numerosas cargas al no tener que hacer frente a los <strong>m\u00faltiples tr\u00e1mites<\/strong> que supondr\u00eda tener que trasladar el cuerpo de un fallecido a su pa\u00eds de origen.<\/p>\r\n<p>Adem\u00e1s de forma complementaria, hablamos de servicios m\u00e9dicos y de bienestar, <strong>l\u00ednea m\u00e9dica 24 horas o el servicio de cremaci\u00f3n<\/strong>. Estar\u00e1 en tu decisi\u00f3n elegir unas coberturas u otras para que tengas el mejor seguro para ti.<\/p>\r\n<\/div><\/div><\/div><\/div>\r\n<h2><span class=\"ez-toc-section\" id=\"Ventajas_de_contratar_un_seguro_de_decesos_para_Alemania\"><\/span>Ventajas de contratar un seguro de decesos para Alemania<span class=\"ez-toc-section-end\"><\/span><\/h2>\r\n<p>Las ventajas de contar con un seguro de decesos para Alemania son numerosas. No solo estar\u00e1s tu mucho m\u00e1s tranquilo, tambi\u00e9n permitir\u00e1s generarles un mayor bienestar a tus familiares en el <strong>\u00e1mbito emocional, log\u00edstico y econ\u00f3mico.<\/strong><\/p>\r\n<p>Adem\u00e1s, si eres una de esas personas viajeras, tambi\u00e9n estar\u00e1s asegurado si te ocurriese alg\u00fan accidente que te provocase la muerte fuera de Espa\u00f1a.<\/p>\r\n<p>Las aseguradoras se encargar\u00e1n de todos los tr\u00e1mites y gastos. As\u00ed como el traslado del cuerpo al aeropuerto m\u00e1s cercano a la ciudad de origen del asegurado. En muchas compa\u00f1\u00edas, se incluye tambi\u00e9n el <strong>billete de ida y vuelta de un acompa\u00f1ante.<\/strong><\/p>\r\n<!-- \/wp:paragraph -->\r\n\r\n<!-- wp:paragraph -->\r\n<div class=\"colorf\"><div class=\"container clearfix\"><div class=\"col-md-7\">\r\n<!-- \/wp:paragraph -->\r\n\r\n<!-- wp:paragraph \/-->\r\n\r\n<!-- wp:paragraph -->\r\n<h2><span class=\"ez-toc-section\" id=\"Precios_de_seguros_de_decesos_para_Alemania\"><\/span>Precios de seguros de decesos para Alemania<span class=\"ez-toc-section-end\"><\/span><\/h2>\r\n<p>Las personas que buscan estos seguros de decesos son aquellas que viven en nuestro pa\u00eds pero quieren descansar en su pa\u00eds de procedencia. En este caso, Alemania.<\/p>\r\n<p>A la hora de contratar una p\u00f3liza de decesos con repatriaci\u00f3n, te encontrar\u00e1s con diversos precios. Esto depende de las <strong>condiciones de cada asegurada, tu edad, el capital asegurado o las coberturas complementarias contratadas.<\/strong><\/p>\r\n<p>En nuestra p\u00e1gina web podr\u00e1s encontrar tu seguro de decesos <strong>desde 1,90 euros al mes.<\/strong><\/p>\r\n<!-- \/wp:paragraph -->\r\n\r\n<!-- wp:paragraph -->\r\n<p>[\/bloque] <\/div><\/div><\/div><\/div><\/p>\r\n<!-- \/wp:paragraph -->\r\n<div class=\"oficinas\">\r\n<h3><span class=\"ez-toc-section\" id=\"Paginas_relacionadas\"><\/span>P\u00e1ginas relacionadas<span class=\"ez-toc-section-end\"><\/span><\/h3>\r\n","protected":false},"excerpt":{"rendered":"<p>La repatriaci\u00f3n es uno de los servicios m\u00e1s caros que hay que hacer frente.\u00a0En este art\u00edculo vamos a contarte todos los detalles si eres una de esas personas alemanas que viven en Espa\u00f1a pero que quieren descansar en su pa\u00eds de origen en el momento de la defunci\u00f3n. El n\u00famero de personas extranjeras que viven&hellip; <\/p>\n","protected":false},"author":2,"featured_media":0,"parent":531,"menu_order":0,"comment_status":"open","ping_status":"closed","template":"single.php","meta":{"footnotes":""},"class_list":["post-533","page","type-page","status-publish","hentry"],"yoast_head":"<!-- This site is optimized with the Yoast SEO plugin v27.3 - https:\/\/yoast.com\/product\/yoast-seo-wordpress\/ -->\n<title>Seguro de Decesos Alemania \u25b7 Calcular Coberturas y Precios 2026<\/title>\n<meta name=\"description\" content=\"Calcula aqu\u00ed el mejor\u3010seguro de decesos para Alemania\u3011\u2611\ufe0fCoberturas, precios y con comunicaci\u00f3n fallecimiento pensionista Alemania, iDecesos\u00ae\" \/>\n<meta name=\"robots\" content=\"index, follow, max-snippet:-1, max-image-preview:large, max-video-preview:-1\" \/>\n<link rel=\"canonical\" href=\"https:\/\/idecesos.com\/seguros\/paises\/alemania\/\" \/>\n<meta property=\"og:locale\" content=\"es_ES\" \/>\n<meta property=\"og:type\" content=\"article\" \/>\n<meta property=\"og:title\" content=\"Seguro de Decesos Alemania \u25b7 Calcular Coberturas y Precios 2026\" \/>\n<meta property=\"og:description\" content=\"Calcula aqu\u00ed el mejor\u3010seguro de decesos para Alemania\u3011\u2611\ufe0fCoberturas, precios y con comunicaci\u00f3n fallecimiento pensionista Alemania, iDecesos\u00ae\" \/>\n<meta property=\"og:url\" content=\"https:\/\/idecesos.com\/seguros\/paises\/alemania\/\" \/>\n<meta property=\"article:modified_time\" content=\"2022-01-14T12:03:56+00:00\" \/>\n<meta name=\"twitter:card\" content=\"summary_large_image\" \/>\n<meta name=\"twitter:label1\" content=\"Tiempo de lectura\" \/>\n\t<meta name=\"twitter:data1\" content=\"5 minutos\" \/>\n<script type=\"application\/ld+json\" class=\"yoast-schema-graph\">{\"@context\":\"https:\\\/\\\/schema.org\",\"@graph\":[{\"@type\":\"WebPage\",\"@id\":\"https:\\\/\\\/idecesos.com\\\/seguros\\\/paises\\\/alemania\\\/\",\"url\":\"https:\\\/\\\/idecesos.com\\\/seguros\\\/paises\\\/alemania\\\/\",\"name\":\"Seguro de Decesos Alemania \u25b7 Calcular Coberturas y Precios 2026\",\"isPartOf\":{\"@id\":\"https:\\\/\\\/idecesos.com\\\/seguros\\\/#website\"},\"datePublished\":\"2021-07-12T11:10:06+00:00\",\"dateModified\":\"2022-01-14T12:03:56+00:00\",\"description\":\"Calcula aqu\u00ed el mejor\u3010seguro de decesos para Alemania\u3011\u2611\ufe0fCoberturas, precios y con comunicaci\u00f3n fallecimiento pensionista Alemania, iDecesos\u00ae\",\"breadcrumb\":{\"@id\":\"https:\\\/\\\/idecesos.com\\\/seguros\\\/paises\\\/alemania\\\/#breadcrumb\"},\"inLanguage\":\"es\",\"potentialAction\":[{\"@type\":\"ReadAction\",\"target\":[\"https:\\\/\\\/idecesos.com\\\/seguros\\\/paises\\\/alemania\\\/\"]}]},{\"@type\":\"BreadcrumbList\",\"@id\":\"https:\\\/\\\/idecesos.com\\\/seguros\\\/paises\\\/alemania\\\/#breadcrumb\",\"itemListElement\":[{\"@type\":\"ListItem\",\"position\":1,\"name\":\"Portada\",\"item\":\"https:\\\/\\\/idecesos.com\\\/seguros\\\/\"},{\"@type\":\"ListItem\",\"position\":2,\"name\":\"Seguro Decesos Extranjeros\",\"item\":\"https:\\\/\\\/idecesos.com\\\/seguros\\\/paises\\\/\"},{\"@type\":\"ListItem\",\"position\":3,\"name\":\"Seguro Decesos Alemania\"}]},{\"@type\":\"WebSite\",\"@id\":\"https:\\\/\\\/idecesos.com\\\/seguros\\\/#website\",\"url\":\"https:\\\/\\\/idecesos.com\\\/seguros\\\/\",\"name\":\"\",\"description\":\"\",\"potentialAction\":[{\"@type\":\"SearchAction\",\"target\":{\"@type\":\"EntryPoint\",\"urlTemplate\":\"https:\\\/\\\/idecesos.com\\\/seguros\\\/?s={search_term_string}\"},\"query-input\":{\"@type\":\"PropertyValueSpecification\",\"valueRequired\":true,\"valueName\":\"search_term_string\"}}],\"inLanguage\":\"es\"}]}<\/script>\n<!-- \/ Yoast SEO plugin. -->","yoast_head_json":{"title":"Seguro de Decesos Alemania \u25b7 Calcular Coberturas y Precios 2026","description":"Calcula aqu\u00ed el mejor\u3010seguro de decesos para Alemania\u3011\u2611\ufe0fCoberturas, precios y con comunicaci\u00f3n fallecimiento pensionista Alemania, iDecesos\u00ae","robots":{"index":"index","follow":"follow","max-snippet":"max-snippet:-1","max-image-preview":"max-image-preview:large","max-video-preview":"max-video-preview:-1"},"canonical":"https:\/\/idecesos.com\/seguros\/paises\/alemania\/","og_locale":"es_ES","og_type":"article","og_title":"Seguro de Decesos Alemania \u25b7 Calcular Coberturas y Precios 2026","og_description":"Calcula aqu\u00ed el mejor\u3010seguro de decesos para Alemania\u3011\u2611\ufe0fCoberturas, precios y con comunicaci\u00f3n fallecimiento pensionista Alemania, iDecesos\u00ae","og_url":"https:\/\/idecesos.com\/seguros\/paises\/alemania\/","article_modified_time":"2022-01-14T12:03:56+00:00","twitter_card":"summary_large_image","twitter_misc":{"Tiempo de lectura":"5 minutos"},"schema":{"@context":"https:\/\/schema.org","@graph":[{"@type":"WebPage","@id":"https:\/\/idecesos.com\/seguros\/paises\/alemania\/","url":"https:\/\/idecesos.com\/seguros\/paises\/alemania\/","name":"Seguro de Decesos Alemania \u25b7 Calcular Coberturas y Precios 2026","isPartOf":{"@id":"https:\/\/idecesos.com\/seguros\/#website"},"datePublished":"2021-07-12T11:10:06+00:00","dateModified":"2022-01-14T12:03:56+00:00","description":"Calcula aqu\u00ed el mejor\u3010seguro de decesos para Alemania\u3011\u2611\ufe0fCoberturas, precios y con comunicaci\u00f3n fallecimiento pensionista Alemania, iDecesos\u00ae","breadcrumb":{"@id":"https:\/\/idecesos.com\/seguros\/paises\/alemania\/#breadcrumb"},"inLanguage":"es","potentialAction":[{"@type":"ReadAction","target":["https:\/\/idecesos.com\/seguros\/paises\/alemania\/"]}]},{"@type":"BreadcrumbList","@id":"https:\/\/idecesos.com\/seguros\/paises\/alemania\/#breadcrumb","itemListElement":[{"@type":"ListItem","position":1,"name":"Portada","item":"https:\/\/idecesos.com\/seguros\/"},{"@type":"ListItem","position":2,"name":"Seguro Decesos Extranjeros","item":"https:\/\/idecesos.com\/seguros\/paises\/"},{"@type":"ListItem","position":3,"name":"Seguro Decesos Alemania"}]},{"@type":"WebSite","@id":"https:\/\/idecesos.com\/seguros\/#website","url":"https:\/\/idecesos.com\/seguros\/","name":"","description":"","potentialAction":[{"@type":"SearchAction","target":{"@type":"EntryPoint","urlTemplate":"https:\/\/idecesos.com\/seguros\/?s={search_term_string}"},"query-input":{"@type":"PropertyValueSpecification","valueRequired":true,"valueName":"search_term_string"}}],"inLanguage":"es"}]}},"_links":{"self":[{"href":"https:\/\/idecesos.com\/seguros\/wp-json\/wp\/v2\/pages\/533","targetHints":{"allow":["GET"]}}],"collection":[{"href":"https:\/\/idecesos.com\/seguros\/wp-json\/wp\/v2\/pages"}],"about":[{"href":"https:\/\/idecesos.com\/seguros\/wp-json\/wp\/v2\/types\/page"}],"author":[{"embeddable":true,"href":"https:\/\/idecesos.com\/seguros\/wp-json\/wp\/v2\/users\/2"}],"replies":[{"embeddable":true,"href":"https:\/\/idecesos.com\/seguros\/wp-json\/wp\/v2\/comments?post=533"}],"version-history":[{"count":10,"href":"https:\/\/idecesos.com\/seguros\/wp-json\/wp\/v2\/pages\/533\/revisions"}],"predecessor-version":[{"id":18749,"href":"https:\/\/idecesos.com\/seguros\/wp-json\/wp\/v2\/pages\/533\/revisions\/18749"}],"up":[{"embeddable":true,"href":"https:\/\/idecesos.com\/seguros\/wp-json\/wp\/v2\/pages\/531"}],"wp:attachment":[{"href":"https:\/\/idecesos.com\/seguros\/wp-json\/wp\/v2\/media?parent=533"}],"curies":[{"name":"wp","href":"https:\/\/api.w.org\/{rel}","templated":true}]}}